{"id":572,"date":"2019-12-14T16:54:38","date_gmt":"2019-12-14T08:54:38","guid":{"rendered":"https:\/\/shuliybaler.com\/?p=572"},"modified":"2022-09-27T10:17:08","modified_gmt":"2022-09-27T02:17:08","slug":"alligator-shear","status":"publish","type":"product","link":"https:\/\/shuliybaler.com\/pl\/product\/alligator-shear\/","title":{"rendered":"N\u00f3\u017c tn\u0105cy do metali z\u0142omowych | maszyna do ci\u0119cia stali aligatora"},"content":{"rendered":"<p class=\"translation-block\"><strong>N\u00f3\u017c tn\u0105cy do metali z\u0142omowych<\/strong> zwany r\u00f3wnie\u017c maszyn\u0105 do ci\u0119cia stali aligatora, jest bardzo odpowiedni do ci\u0119cia d\u0142ugich metali. W por\u00f3wnaniu z innymi<a href=\"https:\/\/shuliybaler.com\/pl\/gantry-shear\/\"> urz\u0105dzeniami tn\u0105cymi<\/a>, ma cechy lekkiej konstrukcji, ma\u0142ej powierzchni i wysokiej wydajno\u015bci. Dlatego ta maszyna jest cz\u0119sto u\u017cywana w walcowniach, zak\u0142adach recyklingu metali, zak\u0142adach demonta\u017cu samochod\u00f3w z\u0142omowych, zak\u0142adach recyklingu elektryczno\u015bci itp. Jest bardzo odpowiednia do ci\u0119cia stali okr\u0105g\u0142ej, stali k\u0105towej, pr\u0119t\u00f3w zbrojeniowych, drutu, blachy stalowej, p\u0142yty stalowej, p\u0142yty aluminiowej, stali kana\u0142owej, miedzi, blachy \u017celaznej, metali z\u0142omowych itp. do dalszego przetwarzania.<\/p>    <figure class=\"wp-block-image size-full\"><img loading=\"lazy\" decoding=\"async\" width=\"720\" height=\"540\" src=\"https:\/\/shuliybaler.com\/wp-content\/uploads\/2019\/12\/u7513068303196564925fm199app68fJPEG.jpg\" alt=\"no\u017cyce do ci\u0119cia metalu\" class=\"wp-image-2059\" title=\"\"><figcaption>N\u00f3\u017c tn\u0105cy do metali<\/figcaption><\/figure>    <h2 class=\"wp-block-heading\" id=\"h-how-does-the-alligator-steel-shear-machine-work\">Jak dzia\u0142a maszyna do ci\u0119cia stali aligatora?<\/h2>    <p>No\u017ce aligatora sk\u0142adaj\u0105 si\u0119 g\u0142\u00f3wnie z cylindr\u00f3w olejowych tn\u0105cych, no\u017cy tn\u0105cych, no\u017cy dociskowych, cylindr\u00f3w olejowych dociskowych, pomp hydraulicznych, paneli steruj\u0105cych, urz\u0105dze\u0144 bezpiecze\u0144stwa itp. Gdy n\u00f3\u017c tn\u0105cy do z\u0142omu stali dzia\u0142a, pompa hydrauliczna dostarcza moc do no\u017ca dociskowego, a n\u00f3\u017c dociskowy opada, aby mocno trzyma\u0107 materia\u0142. Nast\u0119pnie pompa olejowa nape\u0142nia cylinder tn\u0105cy olejem, a n\u00f3\u017c stopniowo opada, aby przeci\u0105\u0107 materia\u0142.<\/p>    <figure class=\"wp-block-image size-full\"><img loading=\"lazy\" decoding=\"async\" width=\"720\" height=\"540\" src=\"https:\/\/shuliybaler.com\/wp-content\/uploads\/2019\/12\/u35814314264196434871fm199app68fJPEG.jpg\" alt=\"wy\u015bwietlacz efektu pracy maszyny do ci\u0119cia stali aligatora\" class=\"wp-image-2060\" title=\"\"><figcaption>Wy\u015bwietlanie efekt\u00f3w pracy maszyny do ci\u0119cia stali aligatora<\/figcaption><\/figure>    <h2 class=\"wp-block-heading\">Obszary zastosowania no\u017ca tn\u0105cego do metali z\u0142omowych<\/h2>    <p>Ten n\u00f3\u017c tn\u0105cy do metali z\u0142omowych mo\u017ce by\u0107 u\u017cywany w przemy\u015ble recyklingu metali, przemy\u015ble przetw\u00f3rstwa metali, przemy\u015ble przetwarzania samochod\u00f3w z\u0142omowych itp. Mo\u017ce szybko ci\u0105\u0107 d\u0142ugie paski metalu na okre\u015blon\u0105 d\u0142ugo\u015b\u0107 do przechowywania. Surowce, kt\u00f3re mo\u017cna przetwarza\u0107, to metal, \u017celazo, stal, blacha stalowa, p\u0142yta aluminiowa, stal z\u0142omowa i blacha \u017celazna.<\/p>    <figure class=\"wp-block-gallery has-nested-images columns-default is-cropped wp-block-gallery-2 is-layout-flex wp-block-gallery-is-layout-flex\"> <figure class=\"wp-block-image size-large\"><img loading=\"lazy\" decoding=\"async\" width=\"720\" height=\"540\" data-id=\"2061\" src=\"https:\/\/shuliybaler.com\/wp-content\/uploads\/2019\/12\/0.5.jpg\" alt=\"Zastosowanie no\u017ca tn\u0105cego do metali z\u0142omowych \" class=\"wp-image-2061\" title=\"\"><figcaption>Zastosowanie no\u017ca tn\u0105cego do metali z\u0142omowych <\/figcaption><\/figure>    <figure class=\"wp-block-image size-large\"><img loading=\"lazy\" decoding=\"async\" width=\"720\" height=\"540\" data-id=\"2062\" src=\"https:\/\/shuliybaler.com\/wp-content\/uploads\/2019\/12\/14.jpg\" alt=\"Zastosowanie no\u017ca tn\u0105cego do metali z\u0142omowych \" class=\"wp-image-2062\" title=\"\"><figcaption>Zastosowanie no\u017ca tn\u0105cego do metali z\u0142omowych <\/figcaption><\/figure> <\/figure>    <h2 class=\"wp-block-heading\">Szczeg\u00f3\u0142y no\u017ca tn\u0105cego do metali z\u0142omowych<\/h2>    <div class=\"wp-block-media-text alignwide is-stacked-on-mobile\"><figure class=\"wp-block-media-text__media\"><img loading=\"lazy\" decoding=\"async\" width=\"720\" height=\"540\" src=\"https:\/\/shuliybaler.com\/wp-content\/uploads\/2019\/12\/25b9061356dd0a69822e0f61b844f99.jpg\" alt=\"maszyna do ci\u0119cia stali aligatora\" class=\"wp-image-2066 size-full\" title=\"\"><\/figure><div class=\"wp-block-media-text__content\"> <p class=\"has-large-font-size\">Ci\u015bnienie nie zmniejsza si\u0119 po latach u\u017cytkowania, materia\u0142 uszczelki nie przecieka oleju, a maszyna jest trwa\u0142a.<\/p> <\/div><\/div>    <div class=\"wp-block-media-text alignwide has-media-on-the-right is-stacked-on-mobile\"><figure class=\"wp-block-media-text__media\"><img loading=\"lazy\" decoding=\"async\" width=\"720\" height=\"540\" src=\"https:\/\/shuliybaler.com\/wp-content\/uploads\/2019\/12\/454424f9dd2b4051916fcccd18f56f8.jpg\" alt=\"no\u017cyce do ci\u0119cia metalu\" class=\"wp-image-2058 size-full\" title=\"\"><\/figure><div class=\"wp-block-media-text__content\"> <p class=\"has-large-font-size\">Panel operacyjny z funkcjami automatycznymi, kontrola zmiany kwadratowej i regulacja<\/p> <\/div><\/div>    <div class=\"wp-block-media-text alignwide is-stacked-on-mobile\"><figure class=\"wp-block-media-text__media\"><img loading=\"lazy\" decoding=\"async\" width=\"749\" height=\"495\" src=\"https:\/\/shuliybaler.com\/wp-content\/uploads\/2019\/12\/adc8ee69798d0581d143eb885f18d5d.jpg\" alt=\"Prasa do ci\u0119cia z\u0142omu\" class=\"wp-image-2068 size-full\" title=\"\"><\/figure><div class=\"wp-block-media-text__content\"> <p class=\"has-large-font-size\"> Cylinder hydrauliczny, brak wyciek\u00f3w oleju, brak rdzy, aby zapewni\u0107 p\u0142ynne dzia\u0142anie no\u017ca tn\u0105cego do metali.<\/p> <\/div><\/div>    <div class=\"wp-block-media-text alignwide has-media-on-the-right is-stacked-on-mobile\"><figure class=\"wp-block-media-text__media\"><img loading=\"lazy\" decoding=\"async\" width=\"720\" height=\"540\" src=\"https:\/\/shuliybaler.com\/wp-content\/uploads\/2019\/12\/u954169839773959795fm199app68fJPEG.jpg\" alt=\" maszyna do ci\u0119cia stali aligatora\" class=\"wp-image-2070 size-full\" title=\"\"><\/figure><div class=\"wp-block-media-text__content\"> <p class=\"has-large-font-size\">N\u00f3\u017c tn\u0105cy, odpowiedni do r\u00f3\u017cnych kszta\u0142t\u00f3w kraw\u0119dzi stali lub metalu<\/p> <\/div><\/div>    <h2 class=\"wp-block-heading\">Zasada dzia\u0142ania no\u017ca tn\u0105cego do metali z\u0142omowych<\/h2>    <figure class=\"wp-block-image size-full\"><img loading=\"lazy\" decoding=\"async\" width=\"720\" height=\"540\" src=\"https:\/\/shuliybaler.com\/wp-content\/uploads\/2019\/12\/lQDPJxZbRD8Et-HNAhzNAtCwXBwOvkc-vW0Clpj01AC9AA_720_540.jpg_720x720q90g.jpg\" alt=\"Prasa do ci\u0119cia z\u0142omu\" class=\"wp-image-2056\" title=\"\"><figcaption>Konstrukcja no\u017ca tn\u0105cego do metali z\u0142omowych<\/figcaption><\/figure>    <p>Zasada konstrukcji no\u017ca aligatora: n\u00f3\u017c aligatora sk\u0142ada si\u0119 z g\u00f3rnej i dolnej konstrukcji no\u017ca aligatora, nap\u0119dzany przez pomp\u0119 hydrauliczn\u0105, aby wytworzy\u0107 ci\u015bnienie, w elektromagnetycznym zaworze prze\u0142\u0105czaj\u0105cym i kontroluj\u0105cym obw\u00f3d olejowy, aby osi\u0105gn\u0105\u0107 podnoszenie i kurczenie cylindra, poprzez zasad\u0119 d\u017awigni pod ci\u015bnieniem w cylindrze, popychaj\u0105c w g\u00f3r\u0119 n\u00f3\u017c aligatora pod ci\u015bnieniem, pomocniczy cylinder blokuj\u0105cy b\u0119dzie wst\u0119pnie blokowa\u0107 materia\u0142 w g\u0142\u00f3wnym cylindrze po dzia\u0142aniu ci\u0105g\u0142ego popychania w g\u00f3r\u0119 no\u017ca aligatora i dolnego no\u017ca aligatora, aby osi\u0105gn\u0105\u0107 interaktywne ci\u0119cie, materia\u0142 wchodz\u0105cy do no\u017ca jest odcinany.<\/p>    <figure class=\"wp-block-embed is-type-video is-provider-youtube wp-block-embed-youtube wp-embed-aspect-16-9 wp-has-aspect-ratio\"><div class=\"wp-block-embed__wrapper\"> <iframe loading=\"lazy\" title=\"Czym jest n\u00f3\u017c tn\u0105cy do metali? | maszyna do ci\u0119cia metali z\u0142omowych | hydrauliczne no\u017ce aligatora na sprzeda\u017c\" width=\"500\" height=\"281\" src=\"https:\/\/www.youtube.com\/embed\/GNmdIftq4X8?start=11&#038;feature=oembed\" frameborder=\"0\" allow=\"accelerometer; autoplay; clipboard-write; encrypted-media; gyroscope; picture-in-picture; web-share\" referrerpolicy=\"strict-origin-when-cross-origin\" allowfullscreen><\/iframe> <\/div><\/figure>    <h2 class=\"wp-block-heading\" id=\"h-features-of-the-scrap-steel-cutting-shear\">Cechy no\u017ca tn\u0105cego do stali z\u0142omowej:<\/h2>    <figure class=\"wp-block-image size-full\"><img loading=\"lazy\" decoding=\"async\" width=\"720\" height=\"540\" src=\"https:\/\/shuliybaler.com\/wp-content\/uploads\/2019\/12\/\u5fae\u4fe1\u622a\u56fe_20220530145403.jpg\" alt=\"no\u017cyce do ci\u0119cia metalu\" class=\"wp-image-2063\" title=\"\"><figcaption>N\u00f3\u017c tn\u0105cy do metali<\/figcaption><\/figure>    <ol class=\"wp-block-list\"><li>Niski koszt. W por\u00f3wnaniu z no\u017cem bramowym, cena jest znacznie ni\u017csza. Du\u017ce odpady metalowe rzadko wyst\u0119puj\u0105 w og\u00f3lnych zak\u0142adach recyklingu metali. Konwencjonalne odpady mo\u017cna ci\u0105\u0107 t\u0105 maszyn\u0105.<\/li><li>Ma\u0142a powierzchnia. Dzi\u0119ki ma\u0142ej powierzchni ta maszyna mo\u017ce by\u0107 u\u017cywana w wielu miejscach.<\/li><li>Wysoka wydajno\u015b\u0107 pracy. Ta maszyna mo\u017ce ci\u0105\u0107 8-12 razy na minut\u0119, a wydajno\u015b\u0107 pracy jest bardzo wysoka.<\/li><li>Przyj\u0119cie trybu transmisji hydraulicznej, ma zalety stabilnej pracy, niskiego ha\u0142asu i wysokiego poziomu bezpiecze\u0144stwa.<\/li><li>\u0141atwa instalacja. Ta maszyna nie wymaga instalacji \u015brub mocuj\u0105cych, jest prosta i elastyczna w obs\u0142udze, a powierzchni\u0119 ci\u0119cia mo\u017cna regulowa\u0107 dowolnie.<\/li><\/ol>    <h2 class=\"wp-block-heading\" id=\"h-operating-instructions-for-alligator-steel-shear-machine\">Instrukcje obs\u0142ugi maszyny do ci\u0119cia stali aligatora<\/h2>    <figure class=\"wp-block-image size-full\"><img loading=\"lazy\" decoding=\"async\" width=\"720\" height=\"540\" src=\"https:\/\/shuliybaler.com\/wp-content\/uploads\/2019\/12\/u196941569234101685fm199app68fJPEG.jpg\" alt=\"maszyna do ci\u0119cia stali aligatora\" class=\"wp-image-2064\" title=\"\"><figcaption>Maszyna do ci\u0119cia stali aligatora<\/figcaption><\/figure>    <p>1. Zakres ci\u015bnienia tej maszyny wynosi od 100 do 300 ton.<\/p>    <p>2. D\u0142ugo\u015b\u0107 no\u017ca wynosi 25-120 cm.<\/p>    <p>3. Zar\u00f3wno si\u0142a ci\u0119cia maszyny, jak i d\u0142ugo\u015b\u0107 ostrza mog\u0105 by\u0107 dostosowane do potrzeb klienta.<\/p>    <p>4. Regularnie sprawdzaj filtr oleju w zbiorniku paliwa i usuwaj obce materia\u0142y na czas, aby zapobiec zablokowaniu rury olejowej i wp\u0142ywowi na wydajno\u015b\u0107 pracy maszyny.<\/p>    <p>5. Co dwa miesi\u0105ce sprawdzaj, czy \u015bruby w maszynie s\u0105 mocne i czy dzia\u0142aj\u0105 p\u0142ynnie.<\/p>    <p>6. Podczas korzystania z no\u017ca tn\u0105cego nale\u017cy zwr\u00f3ci\u0107 uwag\u0119 na bezpiecze\u0144stwo os\u00f3b w otoczeniu. Podczas ci\u0119cia kr\u00f3tkich materia\u0142\u00f3w nale\u017cy u\u017cywa\u0107 zacisk\u00f3w zamiast r\u0105k.<\/p>    <h2 class=\"wp-block-heading\">Sprz\u0119t pomocniczy do no\u017ca tn\u0105cego do metali z\u0142omowych<\/h2>    <figure class=\"wp-block-image size-full\"><img loading=\"lazy\" decoding=\"async\" width=\"720\" height=\"540\" src=\"https:\/\/shuliybaler.com\/wp-content\/uploads\/2019\/12\/1a79d9871a0582dce90735cff14238a.jpg\" alt=\"ta\u015bma transportowa no\u017cyc do ci\u0119cia metalu z\u0142omowego\" class=\"wp-image-2057\" title=\"\"><figcaption>Ta\u015bma transportowa do no\u017ca tn\u0105cego do metali z\u0142omowych<\/figcaption><\/figure>    <p>Do przodu tego no\u017ca tn\u0105cego mo\u017cna doda\u0107 ta\u015bm\u0119 transportow\u0105, co pozwala na ca\u0142kowicie automatyczne podawanie i mo\u017ce r\u00f3wnie\u017c odgrywa\u0107 rol\u0119 w r\u00f3wnomiernym podawaniu. Ta ta\u015bma transportowa do no\u017ca tn\u0105cego jest urz\u0105dzeniem opcjonalnym, mo\u017cna zdecydowa\u0107, czy je kupi\u0107 w zale\u017cno\u015bci od potrzeb warunk\u00f3w przetwarzania.<\/p>    <figure class=\"wp-block-image size-full\"><img loading=\"lazy\" decoding=\"async\" width=\"720\" height=\"540\" src=\"https:\/\/shuliybaler.com\/wp-content\/uploads\/2019\/12\/\u5fae\u4fe1\u622a\u56fe_20211019111839.jpg\" alt=\"Prasa do ci\u0119cia z\u0142omu\" class=\"wp-image-2065\" title=\"\"><figcaption>N\u00f3\u017c tn\u0105cy do metali z\u0142omowych<\/figcaption><\/figure>    <h2 class=\"wp-block-heading\">Film o no\u017cu tn\u0105cym do metali z\u0142omowych<\/h2>    <figure class=\"wp-block-embed is-type-video is-provider-youtube wp-block-embed-youtube wp-embed-aspect-16-9 wp-has-aspect-ratio\"><div class=\"wp-block-embed__wrapper\"> <iframe loading=\"lazy\" title=\"Jak gruby metal mo\u017ce przeci\u0105\u0107 n\u00f3\u017c? | Co mo\u017cna ci\u0105\u0107 no\u017cem do metali? | ci\u0119cie metali z\u0142omowych\" width=\"500\" height=\"281\" src=\"https:\/\/www.youtube.com\/embed\/v9FmaOvp3nc?feature=oembed\" frameborder=\"0\" allow=\"accelerometer; autoplay; clipboard-write; encrypted-media; gyroscope; picture-in-picture; web-share\" referrerpolicy=\"strict-origin-when-cross-origin\" allowfullscreen><\/iframe> <\/div><figcaption>maszyna do ci\u0119cia metali z\u0142omowych<\/figcaption><\/figure>","protected":false},"excerpt":{"rendered":"<p>Scrap metal cutting shear also called alligator steel shear machine, is very suitable for cutting long metals. Compared with other cutting equipment, it has the characteristics of a lightweight, small footprint, and high efficiency. Therefore, this machine is often used in rolling mills, metal recycling plants, scrap car dismantling plants, electrical recycling plants, etc. It [&hellip;]<\/p>\n","protected":false},"author":1,"featured_media":2055,"parent":0,"template":"","tags":[30],"product-type":[43],"class_list":["post-572","product","type-product","status-publish","has-post-thumbnail","hentry","tag-scrap-metal-cutting-shear","product-type-metal-shear"],"_links":{"self":[{"href":"https:\/\/shuliybaler.com\/pl\/wp-json\/wp\/v2\/product\/572","targetHints":{"allow":["GET"]}}],"collection":[{"href":"https:\/\/shuliybaler.com\/pl\/wp-json\/wp\/v2\/product"}],"about":[{"href":"https:\/\/shuliybaler.com\/pl\/wp-json\/wp\/v2\/types\/product"}],"author":[{"embeddable":true,"href":"https:\/\/shuliybaler.com\/pl\/wp-json\/wp\/v2\/users\/1"}],"wp:featuredmedia":[{"embeddable":true,"href":"https:\/\/shuliybaler.com\/pl\/wp-json\/wp\/v2\/media\/2055"}],"wp:attachment":[{"href":"https:\/\/shuliybaler.com\/pl\/wp-json\/wp\/v2\/media?parent=572"}],"wp:term":[{"taxonomy":"post_tag","embeddable":true,"href":"https:\/\/shuliybaler.com\/pl\/wp-json\/wp\/v2\/tags?post=572"},{"taxonomy":"product-type","embeddable":true,"href":"https:\/\/shuliybaler.com\/pl\/wp-json\/wp\/v2\/product-type?post=572"}],"curies":[{"name":"wp","href":"https:\/\/api.w.org\/{rel}","templated":true}]}}