{"id":654,"date":"2019-12-26T11:08:05","date_gmt":"2019-12-26T03:08:05","guid":{"rendered":"https:\/\/shuliybaler.com\/?p=654"},"modified":"2022-12-27T09:01:48","modified_gmt":"2022-12-27T01:01:48","slug":"scrap-metal-baler","status":"publish","type":"product","link":"https:\/\/shuliybaler.com\/pl\/product\/scrap-metal-baler\/","title":{"rendered":"Prasa do z\u0142omu | maszyna do balowania metalu aluminiowego"},"content":{"rendered":"<p class=\"translation-block\">Prasa do z\u0142omu metali s\u0142u\u017cy w przemy\u015ble recyklingu metali jako maszyna do sprasowywania metali, dzi\u0119ki kt\u00f3rej mo\u017cna przetwarza\u0107 nieregularne metale na okre\u015blony rozmiar kwadratu, co u\u0142atwia transport i magazynowanie, <a href=\"https:\/\/shuliybaler.com\/pl\/aluminum-can-baler\/\">maszyna do belowania metali<\/a> mo\u017ce by\u0107 u\u017cywana w przemy\u015ble recyklingu metali, a tak\u017ce w przemy\u015ble recyklingu z\u0142omu samochodowego, makulatury itp. Maszyna jest prosta i wygodna w obs\u0142udze.<\/p>    <figure class=\"wp-block-image size-full\"><img loading=\"lazy\" decoding=\"async\" width=\"720\" height=\"540\" src=\"https:\/\/shuliybaler.com\/wp-content\/uploads\/2019\/12\/QQ\u622a\u56fe20180930110637.jpg\" alt=\"Prasa do z\u0142omu metali\" class=\"wp-image-2024\" title=\"\"><figcaption class=\"wp-element-caption\">Prasa do z\u0142omu metali<\/figcaption><\/figure>    <h2 class=\"wp-block-heading\" id=\"h-application-range-of-metal-baling-machine\">Zakres zastosowania maszyny do belowania metali<\/h2>    <p>Prasa do z\u0142omu metali mo\u017ce wyciska\u0107 kraw\u0119dzie metali, wi\u00f3ry stalowe, aluminium, mied\u017a i inne metale w r\u00f3\u017cne kszta\u0142ty, takie jak prostok\u0105tne, cylindryczne, sze\u015bciok\u0105tne, o\u015bmiok\u0105tne itp., jako materia\u0142y do pieca i obni\u017ca\u0107 koszty transportu. Mo\u017ce by\u0107 r\u00f3wnie\u017c u\u017cywana do pakowania puszek, butelek plastikowych, makulatury i innych produkt\u00f3w. Prasa do z\u0142omu metali jest szeroko stosowana w przemy\u015ble recyklingu metali, przemysle metalurgicznym, przemysle stalowym i przemy\u015ble recyklingu z\u0142omu.<\/p>    <figure class=\"wp-block-image size-full\"><img loading=\"lazy\" decoding=\"async\" width=\"720\" height=\"540\" src=\"https:\/\/shuliybaler.com\/wp-content\/uploads\/2019\/12\/\u5fae\u4fe1\u622a\u56fe_20220526143405.jpg\" alt=\"zastosowanie balera metali odpadowych\" class=\"wp-image-2025\" title=\"\"><figcaption class=\"wp-element-caption\">Zastosowanie prasy do z\u0142omu metali<\/figcaption><\/figure>    <h2 class=\"wp-block-heading\" id=\"h-why-need-to-use-a-metal-baler\">Dlaczego trzeba u\u017cywa\u0107 prasy do z\u0142omu metali?<\/h2>    <figure class=\"wp-block-image size-full\"><img loading=\"lazy\" decoding=\"async\" width=\"720\" height=\"540\" src=\"https:\/\/shuliybaler.com\/wp-content\/uploads\/2019\/12\/\u672a\u547d\u540d\u56fe\u7247-5.jpg\" alt=\"prasarka metalowa\" class=\"wp-image-2028\" title=\"\"><figcaption class=\"wp-element-caption\">Prasa do metali<\/figcaption><\/figure>    <p>Niekt\u00f3re z\u0142omowe metale s\u0105 demontowane z r\u00f3\u017cnych produkt\u00f3w o r\u00f3\u017cnych kszta\u0142tach, co utrudnia ich przechowywanie i transport. Po sprasowaniu i z\u0142o\u017ceniu w bel\u0119, metal mo\u017cna ujednolici\u0107 pod wzgl\u0119dem rozmiaru i mo\u017cna go wymieni\u0107, oszcz\u0119dzaj\u0105c miejsce w magazynie. Podczas transportu mo\u017cna u\u017cy\u0107 d\u017awigu i podnie\u015b\u0107 go bezpo\u015brednio, co oszcz\u0119dza wydajno\u015b\u0107 pracy podczas transportu. To r\u00f3wnie\u017c obni\u017ca koszty transportu.<\/p>    <h2 class=\"wp-block-heading\">Dlaczego perspektywy z\u0142omu s\u0105 dobre?<\/h2>    <figure class=\"wp-block-image size-full\"><img loading=\"lazy\" decoding=\"async\" width=\"720\" height=\"540\" src=\"https:\/\/shuliybaler.com\/wp-content\/uploads\/2019\/12\/\u5fae\u4fe1\u622a\u56fe_20220526143548.jpg\" alt=\"metalowy blok\" class=\"wp-image-2026\" title=\"\"><figcaption class=\"wp-element-caption\">Blok metalowy<\/figcaption><\/figure>    <p>Zasoby mineralne metali s\u0105 nieodnawialne i b\u0119d\u0105 coraz mniej dost\u0119pne. Aby zapewni\u0107 pe\u0142ne wykorzystanie zasob\u00f3w metalowych, wiele kraj\u00f3w wprowadzi\u0142o liczne polityki preferencyjne dla przemys\u0142u recyklingu metali. Ponadto, pa\u0144stwo surowo zabrania eksportu du\u017cych ilo\u015bci metali bez pozwolenia. Dlatego przemys\u0142 recyklingu metali zaczyna si\u0119 rozwija\u0107 nieustannie. Recykling z\u0142omu metali jest nie tylko bardzo op\u0142acalny, ale tak\u017ce sprzyja oszcz\u0119dzaniu zasob\u00f3w i ochronie \u015brodowiska.<\/p>    <h2 class=\"wp-block-heading\">Obs\u0142uga prasy do z\u0142omu metali<\/h2>    <figure class=\"wp-block-image size-full\"><img loading=\"lazy\" decoding=\"async\" width=\"720\" height=\"540\" src=\"https:\/\/shuliybaler.com\/wp-content\/uploads\/2019\/12\/6.jpg\" alt=\"operacja balera metalowego\" class=\"wp-image-2027\" title=\"\"><figcaption class=\"wp-element-caption\">Obs\u0142uga prasy do metali<\/figcaption><\/figure>    <p>W\u0142\u00f3\u017c z\u0142om aluminiowy lub inne metale, kt\u00f3re trzeba balowa\u0107, do miski, naciskaj d\u017awigni\u0119, a nast\u0119pnie przeprowadzaj balowanie; poczekaj, a\u017c kompresja i balowanie spowoduj\u0105 wyrzucenie bloku metalu. Istniej\u0105 cztery sposoby wyprowadzania maszyny: pchni\u0119cie do przodu, obr\u00f3t na bok, pchanie na bok lub wybranie maszyny bez automatycznego wyprowadzania bel.<\/p>    <h2 class=\"wp-block-heading\">Struktura prasy do z\u0142omu metali<\/h2>    <figure class=\"wp-block-image size-full\"><img loading=\"lazy\" decoding=\"async\" width=\"720\" height=\"540\" src=\"https:\/\/shuliybaler.com\/wp-content\/uploads\/2019\/12\/timg-5.jpg\" alt=\"struktura balera metali\" class=\"wp-image-2029\" title=\"\"><figcaption class=\"wp-element-caption\">Struktura prasy do metali<\/figcaption><\/figure>    <p>Maszyna do belowania metali sk\u0142ada si\u0119 z korpusu, g\u0142\u00f3wnego cylindra, bocznego cylindra, cylindra pokrywy, cylindra blokady, wysokoci\u015bnieniowej pompy olejowej, grupy zawor\u00f3w hydraulicznych, systemu elektrycznego i systemu rur. Maszyna do belowania metali korzysta z uk\u0142adu nap\u0119du hydraulicznego, zwartej konstrukcji i prostoty obs\u0142ugi.<\/p>    <h2 class=\"wp-block-heading\" id=\"h-characteristics-of-scrap-metal-baler\">Charakterystyka prasy do z\u0142omu metali<\/h2>    <figure class=\"wp-block-gallery has-nested-images columns-default is-cropped wp-block-gallery-2 is-layout-flex wp-block-gallery-is-layout-flex\"> <figure class=\"wp-block-image size-full\"><img loading=\"lazy\" decoding=\"async\" width=\"720\" height=\"540\" data-id=\"2031\" src=\"https:\/\/shuliybaler.com\/wp-content\/uploads\/2019\/12\/QQ\u622a\u56fe20180930110342.jpg\" alt=\"balier metali odpadowych\" class=\"wp-image-2031\" title=\"\"><figcaption class=\"wp-element-caption\">Prasa do z\u0142omu metali<\/figcaption><\/figure>    <figure class=\"wp-block-image size-full\"><img loading=\"lazy\" decoding=\"async\" width=\"720\" height=\"540\" data-id=\"2030\" src=\"https:\/\/shuliybaler.com\/wp-content\/uploads\/2019\/12\/QQ\u622a\u56fe20180930110421.jpg\" alt=\"balier metali odpadowych\" class=\"wp-image-2030\" title=\"\"><figcaption class=\"wp-element-caption\">Prasa do z\u0142omu metali<\/figcaption><\/figure> <\/figure>    <p class=\"translation-block\"><strong>1. U\u017cyj uk\u0142adu nap\u0119du hydraulicznego.<\/strong>Maszyna dzia\u0142a p\u0142ynnie i cicho podczas pracy, zapewniaj\u0105c dobr\u0105 atmosfer\u0119 produkcyjn\u0105.<\/p>    <p class=\"translation-block\"><strong>2. Szerokie zastosowanie.<\/strong>\u00a0Mo\u017ce by\u0107 u\u017cywana do przetwarzania wielu materia\u0142\u00f3w i sprasowywania ich w r\u00f3\u017cne kszta\u0142ty metali.<\/p>    <p class=\"translation-block\"><strong>3. Szeroki wyb\u00f3r. <\/strong>Zakres ci\u015bnienia maszyny wynosi od 80 do 400 ton, zawsze znajdzie si\u0119 maszyna dopasowana do Twoich potrzeb produkcyjnych. Oczywi\u015bcie, oferujemy r\u00f3wnie\u017c maszyny o ci\u015bnieniu powy\u017cej 400 ton, je\u015bli potrzebujesz, mo\u017cesz je zam\u00f3wi\u0107 na zam\u00f3wienie.<\/p>    <p class=\"translation-block\"><strong>4. Oszcz\u0119dzaj miejsce.<\/strong>\u00a0Sprasowanie du\u017cego kawa\u0142ka metalu w g\u0119stszy kawa\u0142ek mo\u017ce zaoszcz\u0119dzi\u0107 miejsce i, w pewnym sensie, r\u00f3wnie\u017c koszty.<\/p>    <p class=\"translation-block\"><strong>5. \u0141atwa instalacja. <\/strong>Po zmontowaniu maszyny, wystarczy j\u0105 umie\u015bci\u0107 na p\u0142askiej pod\u0142odze, nie wymaga \u017cadnej innej instalacji.<\/p>    <figure class=\"wp-block-gallery has-nested-images columns-2 is-cropped wp-block-gallery-3 is-layout-flex wp-block-gallery-is-layout-flex\"> <figure class=\"wp-block-image size-large\"><img loading=\"lazy\" decoding=\"async\" width=\"720\" height=\"540\" data-id=\"656\" src=\"https:\/\/shuliybaler.com\/wp-content\/uploads\/2019\/12\/Aluminum-sheet-baler.jpg\" alt=\"Prasa do blach aluminiowych\" class=\"wp-image-656\" title=\"\" srcset=\"https:\/\/shuliybaler.com\/wp-content\/uploads\/2019\/12\/Aluminum-sheet-baler.jpg 720w, https:\/\/shuliybaler.com\/wp-content\/uploads\/2019\/12\/Aluminum-sheet-baler-360x270.jpg 360w, https:\/\/shuliybaler.com\/wp-content\/uploads\/2019\/12\/Aluminum-sheet-baler-180x135.jpg 180w\" sizes=\"auto, (max-width: 720px) 100vw, 720px\" \/><figcaption class=\"wp-element-caption\">Prasa do blach aluminiowych<\/figcaption><\/figure>    <figure class=\"wp-block-image size-large\"><img loading=\"lazy\" decoding=\"async\" width=\"720\" height=\"540\" data-id=\"659\" src=\"https:\/\/shuliybaler.com\/wp-content\/uploads\/2019\/12\/Scrap-iron-baler.jpg\" alt=\"Prasa do z\u0142omu \u017celaznego\" class=\"wp-image-659\" title=\"\" srcset=\"https:\/\/shuliybaler.com\/wp-content\/uploads\/2019\/12\/Scrap-iron-baler.jpg 720w, https:\/\/shuliybaler.com\/wp-content\/uploads\/2019\/12\/Scrap-iron-baler-360x270.jpg 360w, https:\/\/shuliybaler.com\/wp-content\/uploads\/2019\/12\/Scrap-iron-baler-180x135.jpg 180w\" sizes=\"auto, (max-width: 720px) 100vw, 720px\" \/><figcaption class=\"wp-element-caption\">Prasa do z\u0142omu \u017celaznego<\/figcaption><\/figure> <\/figure>    <h2 class=\"wp-block-heading\" id=\"h-scrap-metal-baler-parameters\">Parametry prasy do z\u0142omu metali<\/h2>    <figure class=\"wp-block-table\"><table><tbody><tr><td>Model<\/td><td>Si\u0142a pchaj\u0105ca<\/td><td>Wysoko\u015b\u0107 sk\u0142adowania (mm)<\/td><td>Rozmiar belki<br>(mm)<\/td><td>G\u0119sto\u015b\u0107 bloku (kg\/h)<\/td><td>&nbsp;Wydajno\u015b\u0107 (kg\/h)<\/td><td>Czas pojedynczego cyklu (s)<\/td><td>Moc (kW)<\/td><\/tr><tr><td>Y81-1250A<\/td><td>1250<\/td><td>1200*700*600<\/td><td>300*300<\/td><td>\u22652000<\/td><td>1200-1800<\/td><td>\u2264120<\/td><td>15<\/td><\/tr><tr><td>Y81-1250B<\/td><td>1250<\/td><td>1400*800*700<\/td><td>300*300<\/td><td>\u22652000<\/td><td>1600-2300<\/td><td>\u2264140<\/td><td>15<\/td><\/tr><tr><td>Y81-1350<\/td><td>1350<\/td><td>1400*600*600<\/td><td>600*240<\/td><td>\u22652000<\/td><td>1600-2500<\/td><td>\u2264100<\/td><td>18.5<\/td><\/tr><tr><td>Y81-1600A<\/td><td>1600<\/td><td>1600*1000*800<\/td><td>400*400<\/td><td>\u22652000<\/td><td>2000-3500<\/td><td>\u2264120<\/td><td>22<\/td><\/tr><tr><td>Y81-1600B<\/td><td>1600<\/td><td>1600*1200*800<\/td><td>400*400<\/td><td>\u22652000<\/td><td>2000-4000<\/td><td>\u2264130<\/td><td>30<\/td><\/tr><tr><td>Y81-2000A<\/td><td>2000<\/td><td>1600*1200*800<\/td><td>400*400<\/td><td>\u22652000<\/td><td>2500-4500<\/td><td>\u2264130<\/td><td>22\/15<\/td><\/tr><tr><td>Y81-2000B<\/td><td>2000<\/td><td>1800*1400*900<\/td><td>450*450<\/td><td>\u22652000<\/td><td>3000-5000<\/td><td>\u2264130<\/td><td>30\/37<\/td><\/tr><tr><td>Y81-2500A<\/td><td>2500<\/td><td>2000*1400*900<\/td><td>500*500<\/td><td>\u22652000<\/td><td>4000-6300<\/td><td>\u2264130<\/td><td>44\/60<\/td><\/tr><tr><td>Y81-2500B<\/td><td>2500<\/td><td>2000*1750*1000<\/td><td>500*500<\/td><td>\u22652000<\/td><td>5000-6300<\/td><td>\u2264150<\/td><td>44<\/td><\/tr><tr><td>Y81-2500C<\/td><td>2500<\/td><td>2000*1750*1200<\/td><td>600*600<\/td><td>\u22652000<\/td><td>5500-6500<\/td><td>\u2264150<\/td><td>60<\/td><\/tr><tr><td>Y81-2500D<\/td><td>2500<\/td><td>2500*2000*1200<\/td><td>600*600<\/td><td>\u22652000<\/td><td>5500-6500<\/td><td>\u2264150<\/td><td>60<\/td><\/tr><tr><td>Y81-3150A<\/td><td>3150<\/td><td>2000*1750*1000<\/td><td>500*500<\/td><td>\u22652000<\/td><td>4000-6500<\/td><td>\u2264150<\/td><td>60<\/td><\/tr><tr><td>Y81-3150B<\/td><td>3150<\/td><td>2000*1750*1200<\/td><td>600*600<\/td><td>\u22652000<\/td><td>5000-7000<\/td><td>\u2264150<\/td><td>60<\/td><\/tr><tr><td>Y81-3150C<\/td><td>3150<\/td><td>2500*2000*1200<\/td><td>600*600<\/td><td>\u22652000<\/td><td>6000-8000<\/td><td>\u2264150<\/td><td>90<\/td><\/tr><tr><td>Y81-3150D<\/td><td>3150<\/td><td>3000*2500*1200<\/td><td>600*600<\/td><td>\u22652000<\/td><td>6000-8000<\/td><td>\u2264160<\/td><td>90<\/td><\/tr><tr><td>Y81-4000A<\/td><td>4000<\/td><td>2500*2000*1200<\/td><td>600*600<\/td><td>\u22652000<\/td><td>5000-7500<\/td><td>\u2264160<\/td><td>90<\/td><\/tr><tr><td>Y81-4000B<\/td><td>4000<\/td><td>3000*2500*1200<\/td><td>600*600<\/td><td>\u22652000<\/td><td>8500-13000<\/td><td>\u2264160<\/td><td>90<\/td><\/tr><tr><td>Y81-4000C<\/td><td>4000<\/td><td>3500*3000*1200<\/td><td>600*600<\/td><td>\u22652000<\/td><td>9500-14000<\/td><td>\u2264160<\/td><td>90<\/td><\/tr><\/tbody><\/table><figcaption class=\"wp-element-caption\">Parametry prasy do z\u0142omu metali<\/figcaption><\/figure>    <figure class=\"wp-block-image size-full\"><img loading=\"lazy\" decoding=\"async\" width=\"720\" height=\"540\" src=\"https:\/\/shuliybaler.com\/wp-content\/uploads\/2019\/12\/3.jpg\" alt=\"prasarka metalowa \" class=\"wp-image-2037\" title=\"\"><figcaption class=\"wp-element-caption\">Prasa do metali <\/figcaption><\/figure>    <p class=\"translation-block\">Model parametr\u00f3w prasy do z\u0142omu metali reprezentuje si\u0142\u0119 nacisku maszyny. Im wi\u0119kszy model, tym wi\u0119ksza si\u0142a nacisku, co oznacza, \u017ce mo\u017cna przetwarza\u0107 wi\u0119ksze ilo\u015bci metali. Wida\u0107 te\u017c, \u017ce ka\u017cdy typ maszyny mo\u017ce produkowa\u0107 bloki metalowe tego samego rozmiaru. Przy zakupie mo\u017cna wybra\u0107 maszyn\u0119 do belowania metali w zale\u017cno\u015bci od rozmiaru metalu, kt\u00f3ry chcesz przetwarza\u0107, i rozmiaru, kt\u00f3ry chcesz sprasowa\u0107.<\/p>    <h2 class=\"wp-block-heading\">Jakie czynniki wp\u0142ywaj\u0105 na jako\u015b\u0107 prasy do z\u0142omu?<\/h2>    <figure class=\"wp-block-gallery has-nested-images columns-2 is-cropped wp-block-gallery-4 is-layout-flex wp-block-gallery-is-layout-flex\"> <figure class=\"wp-block-image size-large\"><img loading=\"lazy\" decoding=\"async\" width=\"720\" height=\"540\" data-id=\"2036\" src=\"https:\/\/shuliybaler.com\/wp-content\/uploads\/2019\/12\/11.jpg\" alt=\"bale aluminiowe balowane\" class=\"wp-image-2036\" title=\"\"><figcaption class=\"wp-element-caption\">Belka aluminiowa do z\u0142omu<\/figcaption><\/figure>    <figure class=\"wp-block-image size-large\"><img loading=\"lazy\" decoding=\"async\" width=\"720\" height=\"540\" data-id=\"2034\" src=\"https:\/\/shuliybaler.com\/wp-content\/uploads\/2019\/12\/10.jpg\" alt=\"bale aluminiowe balowane\" class=\"wp-image-2034\" title=\"\"><figcaption class=\"wp-element-caption\">Belka aluminiowa do z\u0142omu<\/figcaption><\/figure>    <figure class=\"wp-block-image size-large\"><img loading=\"lazy\" decoding=\"async\" width=\"720\" height=\"540\" data-id=\"2033\" src=\"https:\/\/shuliybaler.com\/wp-content\/uploads\/2019\/12\/timg-18.jpg\" alt=\"bale aluminiowe balowane\" class=\"wp-image-2033\" title=\"\"><figcaption class=\"wp-element-caption\">Belka aluminiowa do z\u0142omu<\/figcaption><\/figure>    <figure class=\"wp-block-image size-large\"><img loading=\"lazy\" decoding=\"async\" width=\"720\" height=\"540\" data-id=\"2032\" src=\"https:\/\/shuliybaler.com\/wp-content\/uploads\/2019\/12\/10602767033_1781001424.jpg\" alt=\"bale aluminiowe balowane\" class=\"wp-image-2032\" title=\"\"><figcaption class=\"wp-element-caption\">Belka aluminiowa do z\u0142omu<\/figcaption><\/figure> <\/figure>    <p class=\"translation-block\"><a href=\"https:\/\/shuliybaler.com\/pl\/what-factors-affect-the-quality-of-the-metal-baler\/\">Na jakie aspekty powinni\u015bmy zwraca\u0107 uwag\u0119 oceniaj\u0105c jako\u015b\u0107 prasy do metali?<\/a> Maszyna mo\u017ce by\u0107 wybrana na podstawie materia\u0142u, uk\u0142adu hydraulicznego, maksymalnego ci\u015bnienia itp. Temperatura wzrasta podczas pracy maszyny, a wzrost temperatury oleju hydraulicznego jest spowodowany wieloma przyczynami. Gdy temperatura oleju hydraulicznego ro\u015bnie, u\u017cytkownicy mog\u0105 znale\u017a\u0107 nast\u0119puj\u0105ce powody. Na przyk\u0142ad s\u0142aba wentylacja prasy do metali. Wraz z rozwojem przemys\u0142u.<\/p>    <h2 class=\"wp-block-heading\">Wideo maszyny do belowania metali<\/h2>    <figure class=\"wp-block-embed is-type-video is-provider-youtube wp-block-embed-youtube wp-embed-aspect-16-9 wp-has-aspect-ratio\"><div class=\"wp-block-embed__wrapper\"> <iframe loading=\"lazy\" title=\"Co prasuje aluminium w zak\u0142adzie recyklingu? | maszyna do belowania metali | prasa do z\u0142omu metali\" width=\"500\" height=\"281\" src=\"https:\/\/www.youtube.com\/embed\/XzuHDaIrrcI?feature=oembed\" frameborder=\"0\" allow=\"accelerometer; autoplay; clipboard-write; encrypted-media; gyroscope; picture-in-picture; web-share\" referrerpolicy=\"strict-origin-when-cross-origin\" allowfullscreen><\/iframe> <\/div><figcaption class=\"wp-element-caption\">Maszyna do belowania metali<\/figcaption><\/figure>","protected":false},"excerpt":{"rendered":"<p>Scrap metal baler&nbsp;is used for metal recycling industry metal compression machine, through the processing of the machine can be irregular metal compression into a specific size of the square, easy to transport and storage, the metal baling machine can be used for the metal recycling industry, can also be used for scrap car recycling industry, [&hellip;]<\/p>\n","protected":false},"author":1,"featured_media":2023,"parent":0,"template":"","tags":[],"product-type":[41],"class_list":["post-654","product","type-product","status-publish","has-post-thumbnail","hentry","product-type-metal-baler-machine"],"_links":{"self":[{"href":"https:\/\/shuliybaler.com\/pl\/wp-json\/wp\/v2\/product\/654","targetHints":{"allow":["GET"]}}],"collection":[{"href":"https:\/\/shuliybaler.com\/pl\/wp-json\/wp\/v2\/product"}],"about":[{"href":"https:\/\/shuliybaler.com\/pl\/wp-json\/wp\/v2\/types\/product"}],"author":[{"embeddable":true,"href":"https:\/\/shuliybaler.com\/pl\/wp-json\/wp\/v2\/users\/1"}],"wp:featuredmedia":[{"embeddable":true,"href":"https:\/\/shuliybaler.com\/pl\/wp-json\/wp\/v2\/media\/2023"}],"wp:attachment":[{"href":"https:\/\/shuliybaler.com\/pl\/wp-json\/wp\/v2\/media?parent=654"}],"wp:term":[{"taxonomy":"post_tag","embeddable":true,"href":"https:\/\/shuliybaler.com\/pl\/wp-json\/wp\/v2\/tags?post=654"},{"taxonomy":"product-type","embeddable":true,"href":"https:\/\/shuliybaler.com\/pl\/wp-json\/wp\/v2\/product-type?post=654"}],"curies":[{"name":"wp","href":"https:\/\/api.w.org\/{rel}","templated":true}]}}