{"id":19,"date":"2019-11-30T01:26:31","date_gmt":"2019-11-30T01:26:31","guid":{"rendered":"https:\/\/shuliybaler.com\/?page_id=19"},"modified":"2022-09-28T15:34:50","modified_gmt":"2022-09-28T07:34:50","slug":"services","status":"publish","type":"page","link":"https:\/\/shuliybaler.com\/pt\/services\/","title":{"rendered":"Servi\u00e7os"},"content":{"rendered":"<h2 class=\"wp-block-heading\"> Servi\u00e7os t\u00e9cnicos<\/h2>    <p>1. Antes de comprar a m\u00e1quina, voc\u00ea pode se comunicar com nossos consultores de vendas, eles resolver\u00e3o os problemas da m\u00e1quina para voc\u00ea. Se precisar, voc\u00ea tamb\u00e9m pode entrar em contato diretamente com nossa equipe t\u00e9cnica para uma resposta mais profissional.<\/p>    <p>2. Ap\u00f3s adquirir a m\u00e1quina, enviaremos v\u00eddeos, fotos, arquivos, etc. Se necess\u00e1rio, podemos enviar t\u00e9cnicos ao seu pa\u00eds para resolver uma s\u00e9rie de problemas como instala\u00e7\u00e3o e utiliza\u00e7\u00e3o.<\/p>    <p>3. Nossa empresa oferece v\u00e1rios servi\u00e7os, como projeto de f\u00e1brica, c\u00e1lculo de \u00e1rea de f\u00e1brica, desenho de f\u00e1brica e assim por diante.<\/p>    <p>4. Sinta-se \u00e0 vontade para nos enviar uma mensagem em 24 horas.<\/p>    <figure class=\"wp-block-image size-large\"><img loading=\"lazy\" decoding=\"async\" width=\"800\" height=\"500\" src=\"https:\/\/shuliybaler.com\/wp-content\/uploads\/2019\/12\/Technischer-Support.jpg\" alt=\"Suporte T\u00e9cnico\" class=\"wp-image-450\" title=\"\" srcset=\"https:\/\/shuliybaler.com\/wp-content\/uploads\/2019\/12\/Technischer-Support.jpg 800w, https:\/\/shuliybaler.com\/wp-content\/uploads\/2019\/12\/Technischer-Support-360x225.jpg 360w, https:\/\/shuliybaler.com\/wp-content\/uploads\/2019\/12\/Technischer-Support-720x450.jpg 720w, https:\/\/shuliybaler.com\/wp-content\/uploads\/2019\/12\/Technischer-Support-768x480.jpg 768w\" sizes=\"auto, (max-width: 800px) 100vw, 800px\" \/><figcaption>Suporte T\u00e9cnico<\/figcaption><\/figure>    <h2 class=\"wp-block-heading\">Personaliza\u00e7\u00e3o de suporte<\/h2>    <p>A maioria das m\u00e1quinas oferece suporte \u00e0 personaliza\u00e7\u00e3o para atender \u00e0s diferentes necessidades dos clientes. A personaliza\u00e7\u00e3o inclui material da m\u00e1quina, espessura do material, tamanho do molde da m\u00e1quina, mudan\u00e7a de tens\u00e3o, etc.<\/p>    <div class=\"wp-block-media-text alignwide is-stacked-on-mobile\"><figure class=\"wp-block-media-text__media\"><img loading=\"lazy\" decoding=\"async\" width=\"720\" height=\"540\" src=\"https:\/\/shuliybaler.com\/wp-content\/uploads\/2019\/12\/Pick-up-managing-customer-accommodation.jpg\" alt=\"\" class=\"wp-image-452 size-full\" title=\"\" srcset=\"https:\/\/shuliybaler.com\/wp-content\/uploads\/2019\/12\/Pick-up-managing-customer-accommodation.jpg 720w, https:\/\/shuliybaler.com\/wp-content\/uploads\/2019\/12\/Pick-up-managing-customer-accommodation-360x270.jpg 360w, https:\/\/shuliybaler.com\/wp-content\/uploads\/2019\/12\/Pick-up-managing-customer-accommodation-180x135.jpg 180w\" sizes=\"auto, (max-width: 720px) 100vw, 720px\" \/><\/figure><div class=\"wp-block-media-text__content\"> <h2 class=\"wp-block-heading\">Recep\u00e7\u00e3o de convidados<\/h2>    <p>Se voc\u00ea quiser testar ou visitar nossa f\u00e1brica, podemos fornecer servi\u00e7o especial de coleta, servi\u00e7o de personaliza\u00e7\u00e3o de hotel, servi\u00e7o de catering, etc., para lhe dar mais tranquilidade quando estiver em um pa\u00eds estrangeiro.<\/p> <\/div><\/div>    <div class=\"wp-block-media-text alignwide has-media-on-the-right is-stacked-on-mobile\"><figure class=\"wp-block-media-text__media\"><img loading=\"lazy\" decoding=\"async\" width=\"720\" height=\"540\" src=\"https:\/\/shuliybaler.com\/wp-content\/uploads\/2019\/12\/Support-all-forms-of-logistics.jpg\" alt=\"Apoie todas as formas de log\u00edstica\" class=\"wp-image-453 size-full\" title=\"\" srcset=\"https:\/\/shuliybaler.com\/wp-content\/uploads\/2019\/12\/Support-all-forms-of-logistics.jpg 720w, https:\/\/shuliybaler.com\/wp-content\/uploads\/2019\/12\/Support-all-forms-of-logistics-360x270.jpg 360w, https:\/\/shuliybaler.com\/wp-content\/uploads\/2019\/12\/Support-all-forms-of-logistics-180x135.jpg 180w\" sizes=\"auto, (max-width: 720px) 100vw, 720px\" \/><\/figure><div class=\"wp-block-media-text__content\"> <h2 class=\"wp-block-heading\">Log\u00edstica\u00a0e\u00a0outros<\/h2>    <p> Dependendo do tamanho, a m\u00e1quina ser\u00e1 acondicionada em containers ou caixas de madeira, proporcionando diversos meios de transporte.  <\/p> <\/div><\/div>    <p><\/p>","protected":false},"excerpt":{"rendered":"<p>Technical&nbsp;services 1. Before purchasing the machine, you can communicate with our sales consultants, they will solve the machine problems for you. If you need it, you can also contact our technical staff directly for a more professional answer. 2. After purchasing the machine, we will send you videos, pictures, files, etc. to guide your machine [&hellip;]<\/p>\n","protected":false},"author":1,"featured_media":0,"parent":0,"menu_order":0,"comment_status":"closed","ping_status":"closed","template":"","meta":{"footnotes":""},"class_list":["post-19","page","type-page","status-publish","hentry"],"light_meta":{"_ez-toc-disabled":"","_ez-toc-insert":"","_ez-toc-heading-levels":[],"_ez-toc-alttext":"","_ez-toc-exclude":"","_yoast_wpseo_content_score":"60","rank_math_news_sitemap_robots":"index","rank_math_robots":["index"],"rank_math_analytic_object_id":"43","rank_math_seo_score":"10","rank_math_og_content_image":{"check":"a98f2c9e2d054cfa60568d3dcc161c0b","images":[450]},"rank_math_internal_links_processed":"1"},"seo_meta":{"title":"","description":"","focusKeyword":"","canonicalUrl":"https:\/\/shuliybaler.com\/pt\/services\/","robots":[],"ogTitle":"","ogDescription":"","ogImage":"","twitterTitle":"","twitterDescription":"","twitterImage":"","primaryCategory":0,"seoScore":0,"schemas":[],"source":"none"},"_links":{"self":[{"href":"https:\/\/shuliybaler.com\/pt\/wp-json\/wp\/v2\/pages\/19","targetHints":{"allow":["GET"]}}],"collection":[{"href":"https:\/\/shuliybaler.com\/pt\/wp-json\/wp\/v2\/pages"}],"about":[{"href":"https:\/\/shuliybaler.com\/pt\/wp-json\/wp\/v2\/types\/page"}],"author":[{"embeddable":true,"href":"https:\/\/shuliybaler.com\/pt\/wp-json\/wp\/v2\/users\/1"}],"replies":[{"embeddable":true,"href":"https:\/\/shuliybaler.com\/pt\/wp-json\/wp\/v2\/comments?post=19"}],"version-history":[{"count":0,"href":"https:\/\/shuliybaler.com\/pt\/wp-json\/wp\/v2\/pages\/19\/revisions"}],"wp:attachment":[{"href":"https:\/\/shuliybaler.com\/pt\/wp-json\/wp\/v2\/media?parent=19"}],"curies":[{"name":"wp","href":"https:\/\/api.w.org\/{rel}","templated":true}]}}