{"id":21,"date":"2019-11-30T01:26:53","date_gmt":"2019-11-30T01:26:53","guid":{"rendered":"https:\/\/shuliybaler.com\/?page_id=21"},"modified":"2026-04-02T15:47:36","modified_gmt":"2026-04-02T07:47:36","slug":"contact-us","status":"publish","type":"page","link":"https:\/\/shuliybaler.com\/pt\/contact-us\/","title":{"rendered":"Contate-nos"},"content":{"rendered":"<p>Obrigado por visitar o site da enfardadeira Shuliy Metal. Se voc\u00ea tiver alguma d\u00favida sobre m\u00e1quinas enfardadeiras de metal, qualquer um dos servi\u00e7os ou informa\u00e7\u00f5es apresentados em nosso site, n\u00e3o hesite em nos contatar usando o formul\u00e1rio fornecido.<\/p>    <p>WhatsApp\/Telefone\/WeChat :  86 17703863868<\/p>    <p>E-mail: info@shuliybaler.com<\/p>    <p>Endere\u00e7o: Estrada N\u00e1utica Leste, Zona de Desenvolvimento Econ\u00f4mico de Zhengzhou, Henan, China<\/p>    <center><h3>nossa localiza\u00e7\u00e3o<\/h3><\/center>  <figure><iframe loading=\"lazy\" src=\"https:\/\/www.google.com\/maps\/embed?pb=!1m18!1m12!1m3!1d4637.858294685538!2d113.7687638117563!3d34.718771243596244!2m3!1f0!2f0!3f0!3m2!1i1024!2i768!4f13.1!3m3!1m2!1s0x35d75d5400687d85%3A0xcf132ebf9700fff4!2sJing%20Kai%20Di%20Jiu%20Da%20Jie%2C%20Guancheng%20Huizuqu%2C%20Zhengzhou%20Shi%2C%20Henan%20Sheng%2C%20China!5e0!3m2!1sen!2ssg!4v1575446978486!5m2!1sen!2ssg\" width=\"1200\" height=\"450\" frameborder=\"0\" style=\"border:0;\" allowfullscreen=\"\"><\/iframe><\/figure>","protected":false},"excerpt":{"rendered":"<p>Thank you for taking the time to visit Shuliy Metal baler website, if you have any questions regarding metal baler machinery, any of the services or information featured within our website, please feel free to contact us using the form provided. WhatsApp\/Tel\/WeChat : +86 17703863868 E-mail: info@shuliybaler.com Address: Nautical Road East, Zhengzhou Economic Development Zone, [&hellip;]<\/p>\n","protected":false},"author":1,"featured_media":0,"parent":0,"menu_order":0,"comment_status":"closed","ping_status":"closed","template":"","meta":{"footnotes":""},"class_list":["post-21","page","type-page","status-publish","hentry"],"_links":{"self":[{"href":"https:\/\/shuliybaler.com\/pt\/wp-json\/wp\/v2\/pages\/21","targetHints":{"allow":["GET"]}}],"collection":[{"href":"https:\/\/shuliybaler.com\/pt\/wp-json\/wp\/v2\/pages"}],"about":[{"href":"https:\/\/shuliybaler.com\/pt\/wp-json\/wp\/v2\/types\/page"}],"author":[{"embeddable":true,"href":"https:\/\/shuliybaler.com\/pt\/wp-json\/wp\/v2\/users\/1"}],"replies":[{"embeddable":true,"href":"https:\/\/shuliybaler.com\/pt\/wp-json\/wp\/v2\/comments?post=21"}],"version-history":[{"count":3,"href":"https:\/\/shuliybaler.com\/pt\/wp-json\/wp\/v2\/pages\/21\/revisions"}],"predecessor-version":[{"id":3630,"href":"https:\/\/shuliybaler.com\/pt\/wp-json\/wp\/v2\/pages\/21\/revisions\/3630"}],"wp:attachment":[{"href":"https:\/\/shuliybaler.com\/pt\/wp-json\/wp\/v2\/media?parent=21"}],"curies":[{"name":"wp","href":"https:\/\/api.w.org\/{rel}","templated":true}]}}