{"id":23,"date":"2019-11-30T01:27:16","date_gmt":"2019-11-30T01:27:16","guid":{"rendered":"https:\/\/shuliybaler.com\/?page_id=23"},"modified":"2022-09-27T11:02:06","modified_gmt":"2022-09-27T03:02:06","slug":"about-us","status":"publish","type":"page","link":"https:\/\/shuliybaler.com\/pt\/about-us\/","title":{"rendered":"Sobre n\u00f3s"},"content":{"rendered":"<p>Shuliy Machinery Co., Ltd. est\u00e1 localizada na Zona de Desenvolvimento Econ\u00f4mico de Zhengzhou, prov\u00edncia de Henan, com transporte conveniente. \u00c9 uma empresa profissional que integra pesquisa e desenvolvimento, fabrica\u00e7\u00e3o e vendas de m\u00e1quinas. Nossa empresa foi fundada em 2011, mas possui experi\u00eancia real em fabrica\u00e7\u00e3o de m\u00e1quinas e vendas h\u00e1 mais de dez anos. Ap\u00f3s o desenvolvimento destes anos, nossa empresa se tornou l\u00edder na reciclagem, britagem e briquetagem de v\u00e1rios res\u00edduos de metais na China.<\/p>    <figure class=\"wp-block-image size-large\"><img decoding=\"async\" src=\"https:\/\/shuliybaler.com\/wp-content\/uploads\/2020\/01\/certification-of-Shuliy-machinery.jpg\" alt=\"certifica\u00e7\u00e3o de m\u00e1quinas Shuliy\" title=\"\"><figcaption>Certifica\u00e7\u00e3o de m\u00e1quinas Shuliy<\/figcaption><\/figure>    <h2 class=\"wp-block-heading\" id=\"h-enterprise-team\"><strong>Equipe empresarial<\/strong><\/h2>    <p>No processo de desenvolvimento da empresa damos grande import\u00e2ncia ao desenvolvimento e forma\u00e7\u00e3o de talentos e contamos com um grupo de profissionais inovadores e qualificados. Atualmente, a empresa conta com mais de 100 funcion\u00e1rios. Nossa empresa n\u00e3o s\u00f3 conta com funcion\u00e1rios experientes e altamente qualificados, mas tamb\u00e9m acompanha os tempos para absorver e aceitar jovens que ousam inovar.<\/p>    <h2 class=\"wp-block-heading\" id=\"h-main-machine\"><strong>M\u00e1quina principal<\/strong><\/h2>    <p>Atualmente, os principais produtos da nossa empresa incluem enfardadeiras de metal, tesouras de metal, trituradores de metal, m\u00e1quinas de briquetagem de cavacos de metal, etc. Cumprindo a miss\u00e3o de \u201cDeixar as m\u00e1quinas chinesas se espalharem por todos os cantos do mundo\u201d, nosso escopo de neg\u00f3cios est\u00e1 em constante expans\u00e3o. Agora, as nossas m\u00e1quinas foram vendidas com sucesso para mais de 80 pa\u00edses, incluindo Nig\u00e9ria, \u00cdndia, Estados Unidos, Mal\u00e1sia, Sud\u00e3o, Emirados \u00c1rabes Unidos, Reino Unido, Sri Lanka, Paquist\u00e3o, Tail\u00e2ndia, Arg\u00e9lia e Uganda. E atrav\u00e9s da excelente qualidade da m\u00e1quina, o pre\u00e7o razo\u00e1vel ganhou elogios generalizados entre nossos clientes.<\/p>    <h2 class=\"wp-block-heading\" id=\"h-company-culture\"><strong>cultura da empresa<\/strong><\/h2>    <p>Vis\u00e3o: Criar uma plataforma ideal para ajudar os funcion\u00e1rios a crescer.<\/p>    <p>Miss\u00e3o: Deixar as m\u00e1quinas chinesas se espalharem por todos os cantos do mundo.<\/p>    <p>Valores: Integridade, Gratid\u00e3o, Altru\u00edsmo e Ajuda M\u00fatua.<\/p>    <p>O Grupo Shuliy nunca parou de avan\u00e7ar. De uma pequena empresa com menos de dez pessoas, temos o passo a passo at\u00e9 hoje. Definitivamente n\u00e3o \u00e9 a sorte que consegue alcan\u00e7ar os resultados hoje, mas sim a for\u00e7a! Estamos ansiosos para estabelecer rela\u00e7\u00f5es de coopera\u00e7\u00e3o com mais amigos estrangeiros e damos as boas-vindas a todos os amigos estrangeiros para visitar nossa f\u00e1brica.<\/p>","protected":false},"excerpt":{"rendered":"<p>Shuliy Machinery Co., Ltd. is located in Zhengzhou Economic Development Zone, Henan Province with convenient transportation. It is a professional company integrating machine research and development, manufacturing and sales. Our company was founded in 2011 but has actual machine manufacturing experience and sales experience for more than ten years. After the development of these years, [&hellip;]<\/p>\n","protected":false},"author":1,"featured_media":0,"parent":0,"menu_order":0,"comment_status":"closed","ping_status":"closed","template":"","meta":{"footnotes":""},"class_list":["post-23","page","type-page","status-publish","hentry"],"light_meta":{"_ez-toc-disabled":"","_ez-toc-insert":"","_ez-toc-heading-levels":[],"_ez-toc-alttext":"","_ez-toc-exclude":"","_yoast_wpseo_content_score":"60","_yoast_wpseo_focuskeywords":"[]","_yoast_wpseo_keywordsynonyms":"[\"\"]","_yoast_wpseo_estimated-reading-time-minutes":"2","rank_math_news_sitemap_robots":"index","rank_math_robots":["index"],"rank_math_analytic_object_id":"41","rank_math_seo_score":"8","rank_math_og_content_image":{"check":"0bbd9335a6b8bd627277d682e593b891","images":[696]},"rank_math_internal_links_processed":"1"},"seo_meta":{"title":"","description":"","focusKeyword":"","canonicalUrl":"https:\/\/shuliybaler.com\/pt\/about-us\/","robots":[],"ogTitle":"","ogDescription":"","ogImage":"","twitterTitle":"","twitterDescription":"","twitterImage":"","primaryCategory":0,"seoScore":0,"schemas":[],"source":"none"},"_links":{"self":[{"href":"https:\/\/shuliybaler.com\/pt\/wp-json\/wp\/v2\/pages\/23","targetHints":{"allow":["GET"]}}],"collection":[{"href":"https:\/\/shuliybaler.com\/pt\/wp-json\/wp\/v2\/pages"}],"about":[{"href":"https:\/\/shuliybaler.com\/pt\/wp-json\/wp\/v2\/types\/page"}],"author":[{"embeddable":true,"href":"https:\/\/shuliybaler.com\/pt\/wp-json\/wp\/v2\/users\/1"}],"replies":[{"embeddable":true,"href":"https:\/\/shuliybaler.com\/pt\/wp-json\/wp\/v2\/comments?post=23"}],"version-history":[{"count":0,"href":"https:\/\/shuliybaler.com\/pt\/wp-json\/wp\/v2\/pages\/23\/revisions"}],"wp:attachment":[{"href":"https:\/\/shuliybaler.com\/pt\/wp-json\/wp\/v2\/media?parent=23"}],"curies":[{"name":"wp","href":"https:\/\/api.w.org\/{rel}","templated":true}]}}