{"id":2686,"date":"2022-07-26T16:12:20","date_gmt":"2022-07-26T08:12:20","guid":{"rendered":"https:\/\/shuliybaler.com\/?p=2686"},"modified":"2025-02-08T15:24:58","modified_gmt":"2025-02-08T07:24:58","slug":"scrap-metal-shredder-machine","status":"publish","type":"product","link":"https:\/\/shuliybaler.com\/pt\/product\/scrap-metal-shredder-machine\/","title":{"rendered":"M\u00e1quina trituradora de sucata | m\u00e1quina trituradora de pneus usados"},"content":{"rendered":"<p>A m\u00e1quina trituradora de sucata \u00e9 usada para trituradores de metal. Pode ser utilizado para mat\u00e9rias-primas com sucatas met\u00e1licas, bem como para sucatas principais de autom\u00f3veis, sucatas b\u00e1sicas e outros produtos. Existem restos de mat\u00e9ria-prima de trituradores de metal. Tritura\u00e7\u00e3o de grandes mat\u00e9rias-primas met\u00e1licas para f\u00e1cil reciclagem e processamento. \u00c9 usado para a ind\u00fastria de reciclagem, ind\u00fastria de processamento de res\u00edduos de eletrodom\u00e9sticos e tritura\u00e7\u00e3o de res\u00edduos de m\u00f3veis met\u00e1licos.<\/p>    <figure class=\"wp-block-embed is-type-video is-provider-youtube wp-block-embed-youtube wp-embed-aspect-16-9 wp-has-aspect-ratio\"><div class=\"wp-block-embed__wrapper\"> <iframe loading=\"lazy\" title=\"que m\u00e1quina trituradora de metal pode esmagar qualquer coisa\uff1f | m\u00e1quina trituradora de sucata | triturador de sucata\" width=\"500\" height=\"281\" src=\"https:\/\/www.youtube.com\/embed\/Vk_1d0oict8?feature=oembed\" frameborder=\"0\" allow=\"accelerometer; autoplay; clipboard-write; encrypted-media; gyroscope; picture-in-picture; web-share\" referrerpolicy=\"strict-origin-when-cross-origin\" allowfullscreen><\/iframe> <\/div><\/figure>    <h2 class=\"wp-block-heading\">Mat\u00e9ria-prima da m\u00e1quina trituradora de sucata<\/h2>   <div class=\"wp-block-image\"> <figure class=\"aligncenter size-full\"><img loading=\"lazy\" decoding=\"async\" width=\"720\" height=\"540\" src=\"https:\/\/shuliybaler.com\/wp-content\/uploads\/2022\/07\/3DScrap-metal-shredder-machine.webp\" alt=\"M\u00e1quina trituradora de metal 3DScrap\" class=\"wp-image-2697\" title=\"\"><figcaption class=\"wp-element-caption\">M\u00e1quina trituradora de sucata Modelo 3D<\/figcaption><\/figure> <\/div>   <p>O triturador multifuncional \u00e9 adequado para triturar todos os tipos de res\u00edduos de metal, madeira, pl\u00e1stico, material de estrutura, correia transportadora de res\u00edduos, arm\u00e1rio de ferro, res\u00edduos de TV, geladeira, ar condicionado, m\u00e1quina de lavar, computadores, telefones celulares, freezers, etc., res\u00edduos de eletrodom\u00e9sticos e carca\u00e7as de eletrodom\u00e9sticos, l\u00e3 de vidro, vidro, res\u00edduos de material de escrit\u00f3rio, carca\u00e7as de motores, res\u00edduos de eletrodom\u00e9sticos, carca\u00e7as de baterias, m\u00f3veis de a\u00e7o, etc. O tamanho de sa\u00edda da m\u00e1quina trituradora de sucata pode ser ajustado de acordo com as necessidades do usu\u00e1rio. O equipamento triturador de sucata adota controle autom\u00e1tico, e tem as fun\u00e7\u00f5es de partida, parada, revers\u00e3o e sobrecarga do controle de revers\u00e3o autom\u00e1tica, para que o usu\u00e1rio possa reduzir os danos ao equipamento devido a erros de opera\u00e7\u00e3o. De acordo com os requisitos do produto acabado do cliente, diferentes configura\u00e7\u00f5es de ferramentas s\u00e3o substitu\u00eddas e o eixo do triturador adota o processo de tratamento t\u00e9rmico, de modo que as pe\u00e7as de desgaste de toda a m\u00e1quina sejam resistentes ao desgaste e dur\u00e1veis, e o uso seja bastante melhorado. <\/p>    <figure class=\"wp-block-gallery has-nested-images columns-2 is-cropped wp-block-gallery-2 is-layout-flex wp-block-gallery-is-layout-flex\"> <figure class=\"wp-block-image size-large\"><img loading=\"lazy\" decoding=\"async\" width=\"720\" height=\"540\" data-id=\"2698\" src=\"https:\/\/shuliybaler.com\/wp-content\/uploads\/2022\/07\/waste-tires.webp\" alt=\"res\u00edduos de pneus\" class=\"wp-image-2698\" title=\"\"><figcaption class=\"wp-element-caption\">Res\u00edduos de pneus<\/figcaption><\/figure>    <figure class=\"wp-block-image size-large\"><img loading=\"lazy\" decoding=\"async\" width=\"720\" height=\"540\" data-id=\"2699\" src=\"https:\/\/shuliybaler.com\/wp-content\/uploads\/2022\/07\/scrap-car.webp\" alt=\"sucata de carro\" class=\"wp-image-2699\" title=\"\"><figcaption class=\"wp-element-caption\">Carro de sucata<\/figcaption><\/figure>    <figure class=\"wp-block-image size-large\"><img loading=\"lazy\" decoding=\"async\" width=\"720\" height=\"540\" data-id=\"2700\" src=\"https:\/\/shuliybaler.com\/wp-content\/uploads\/2022\/07\/wooden-pallet.webp\" alt=\"palete de madeira\" class=\"wp-image-2700\" title=\"\"><figcaption class=\"wp-element-caption\">Palete de madeira<\/figcaption><\/figure>    <figure class=\"wp-block-image size-large\"><img loading=\"lazy\" decoding=\"async\" width=\"720\" height=\"540\" data-id=\"2701\" src=\"https:\/\/shuliybaler.com\/wp-content\/uploads\/2022\/07\/Waste-household-appliances.webp\" alt=\"Res\u00edduos de eletrodom\u00e9sticos\" class=\"wp-image-2701\" title=\"\"><figcaption class=\"wp-element-caption\">Res\u00edduos de Eletrodom\u00e9sticos<\/figcaption><\/figure> <\/figure>    <h2 class=\"wp-block-heading\">Estrutura da m\u00e1quina trituradora de sucata<\/h2>   <div class=\"wp-block-image\"> <figure class=\"aligncenter size-full\"><img loading=\"lazy\" decoding=\"async\" width=\"720\" height=\"540\" src=\"https:\/\/shuliybaler.com\/wp-content\/uploads\/2022\/07\/waste-tire-crushing-machine.webp\" alt=\"m\u00e1quina trituradora de pneus usados\" class=\"wp-image-2703\" title=\"\"><figcaption class=\"wp-element-caption\">m\u00e1quina trituradora de pneus usados<\/figcaption><\/figure> <\/div>   <p>A estrutura do triturador de metal inclui principalmente a porta de alimenta\u00e7\u00e3o, a porta de descarga, o cortador, o motor, a base da m\u00e1quina, o redutor, etc. A m\u00e1quina gira em rela\u00e7\u00e3o uma \u00e0 outra atrav\u00e9s dos dois cortadores, depois comprime a sucata e em seguida, usa o cortador para cortar o metal, geralmente grande. Depois que o peda\u00e7o de metal \u00e9 colocado na m\u00e1quina trituradora de sucata, a m\u00e1quina ir\u00e1 decomp\u00f4-lo sozinha.<\/p>    <h2 class=\"wp-block-heading\">O m\u00e9todo de alimenta\u00e7\u00e3o e descarga da m\u00e1quina trituradora de res\u00edduos de pneus<\/h2>   <div class=\"wp-block-image\"> <figure class=\"aligncenter size-full\"><img loading=\"lazy\" decoding=\"async\" width=\"720\" height=\"540\" src=\"https:\/\/shuliybaler.com\/wp-content\/uploads\/2022\/07\/waste-tire-crushing-machine-1.webp\" alt=\"m\u00e1quina trituradora de pneus usados\" class=\"wp-image-2704\" title=\"\"><figcaption class=\"wp-element-caption\">m\u00e1quina trituradora de pneus usados<\/figcaption><\/figure> <\/div>   <p>Geralmente, os produtos que precisam ser colocados neste triturador de metal s\u00e3o enormes, como sucata de carros, barris de ferro, eletrodom\u00e9sticos antigos, etc. Se os produtos a serem quebrados forem muito grandes, ser\u00e3o necess\u00e1rias ferramentas como guindastes de torre para coloc\u00e1-los coisas na m\u00e1quina. Claro, se esmagar um produto muito pequeno como uma bicicleta e jog\u00e1-lo direto na m\u00e1quina. Depois que o metal estiver quebrado, ele sair\u00e1 da parte inferior da m\u00e1quina. As correias transportadoras podem ser colocadas sob a m\u00e1quina para uma produ\u00e7\u00e3o de flores totalmente autom\u00e1tica.<\/p>    <h2 class=\"wp-block-heading\">Faca para m\u00e1quina trituradora de pneus usados<\/h2>    <figure class=\"wp-block-gallery has-nested-images columns-2 is-cropped wp-block-gallery-3 is-layout-flex wp-block-gallery-is-layout-flex\"> <figure class=\"wp-block-image size-large\"><img loading=\"lazy\" decoding=\"async\" width=\"720\" height=\"540\" data-id=\"2705\" src=\"https:\/\/shuliybaler.com\/wp-content\/uploads\/2022\/07\/knife-of-metal-shredder.webp\" alt=\"faca de triturador de metal\" class=\"wp-image-2705\" title=\"\"><figcaption class=\"wp-element-caption\">Faca de triturador de metal<\/figcaption><\/figure>    <figure class=\"wp-block-image size-large\"><img loading=\"lazy\" decoding=\"async\" width=\"720\" height=\"540\" data-id=\"2706\" src=\"https:\/\/shuliybaler.com\/wp-content\/uploads\/2022\/07\/knife-of-metal-shredder-1.webp\" alt=\"faca de triturador de metal\" class=\"wp-image-2706\" title=\"\"><figcaption class=\"wp-element-caption\">Faca de triturador de metal<\/figcaption><\/figure>    <figure class=\"wp-block-image size-large\"><img loading=\"lazy\" decoding=\"async\" width=\"720\" height=\"540\" data-id=\"2707\" src=\"https:\/\/shuliybaler.com\/wp-content\/uploads\/2022\/07\/knife-of-metal-shredder-2.webp\" alt=\"faca de triturador de metal\" class=\"wp-image-2707\" title=\"\"><figcaption class=\"wp-element-caption\">Faca de triturador de metal<\/figcaption><\/figure>    <figure class=\"wp-block-image size-large\"><img loading=\"lazy\" decoding=\"async\" width=\"720\" height=\"540\" data-id=\"2708\" src=\"https:\/\/shuliybaler.com\/wp-content\/uploads\/2022\/07\/knife-of-metal-shredder-3.webp\" alt=\"faca de triturador de metal\" class=\"wp-image-2708\" title=\"\"><figcaption class=\"wp-element-caption\">Faca de triturador de metal<\/figcaption><\/figure> <\/figure>    <p>As facas trituradoras s\u00e3o configuradas de acordo com o modelo da m\u00e1quina. Geralmente, as facas das m\u00e1quinas de grande porte s\u00e3o mais grossas. De modo geral, o pre\u00e7o ser\u00e1 mais alto. Al\u00e9m disso, tamb\u00e9m est\u00e1 relacionado ao produto acabado. As facas tamb\u00e9m est\u00e3o relacionadas \u00e0 densidade dos dentes da m\u00e1quina. Existem diferentes materiais. Se quiser esmagar pneus, voc\u00ea pode usar cortadores 55SiCr. Se voc\u00ea deseja triturar metais leves e finos, voc\u00ea precisa de cortadores 9CrSi, mas se deseja triturar metais mais grossos e duros, voc\u00ea precisa da faca de maior resist\u00eancia, material H13. Ou seja, a ferramenta do material H13 \u00e9 utilizada para materiais de qualquer resist\u00eancia. Mas as ferramentas 55SiCr n\u00e3o podem ser usadas para cortar metais espessos. Preste aten\u00e7\u00e3o ao comprar uma trituradora de metal.<\/p>    <figure class=\"wp-block-table\"><table><tbody><tr><td>material<\/td><td>Principais materiais de aplica\u00e7\u00e3o<\/td><\/tr><tr><td>55SiCr (cinco ou cinco ferro sil\u00edcio)<\/td><td>madeira, pl\u00e1stico<\/td><\/tr><tr><td>9CrSi (9 sil\u00edcio soldado)<\/td><td>borracha, metal<\/td><\/tr><tr><td>H13<\/td><td>metal<\/td><\/tr><\/tbody><\/table><\/figure>    <h2 class=\"wp-block-heading\" id=\"h-the-advantages-of-the-metal-shredder-machine\">As vantagens da m\u00e1quina trituradora de metal<\/h2>   <div class=\"wp-block-image\"> <figure class=\"aligncenter size-full\"><img loading=\"lazy\" decoding=\"async\" width=\"720\" height=\"540\" src=\"https:\/\/shuliybaler.com\/wp-content\/uploads\/2022\/07\/metal-shredder.webp\" alt=\"triturador de metal\" class=\"wp-image-2709\" title=\"\" srcset=\"https:\/\/shuliybaler.com\/wp-content\/uploads\/2022\/07\/metal-shredder.webp 720w, https:\/\/shuliybaler.com\/wp-content\/uploads\/2022\/07\/metal-shredder-360x270.webp 360w, https:\/\/shuliybaler.com\/wp-content\/uploads\/2022\/07\/metal-shredder-180x135.webp 180w\" sizes=\"auto, (max-width: 720px) 100vw, 720px\" \/><figcaption class=\"wp-element-caption\">triturador de metal<\/figcaption><\/figure> <\/div>   <ul class=\"wp-block-list\"> <li>O tamanho da sa\u00edda pode ser personalizado<\/li>    <li>Resistente ao desgaste e dur\u00e1vel, a m\u00e1quina tem uma longa vida \u00fatil<\/li>    <li>Baixo ru\u00eddo e alta efici\u00eancia quando a m\u00e1quina trituradora de sucata funciona<\/li>    <li>A m\u00e1quina trituradora de sucata tem uma veda\u00e7\u00e3o forte e protege o operador<\/li> <\/ul>    <h2 class=\"wp-block-heading\">Par\u00e2metros da m\u00e1quina trituradora de metal<\/h2>    <figure class=\"wp-block-gallery has-nested-images columns-default is-cropped wp-block-gallery-4 is-layout-flex wp-block-gallery-is-layout-flex\"> <figure class=\"wp-block-image size-large\"><img loading=\"lazy\" decoding=\"async\" width=\"720\" height=\"540\" data-id=\"2712\" src=\"https:\/\/shuliybaler.com\/wp-content\/uploads\/2022\/07\/SL-400-metal-shredder.webp\" alt=\"Triturador de metal SL-400\" class=\"wp-image-2712\" title=\"\" srcset=\"https:\/\/shuliybaler.com\/wp-content\/uploads\/2022\/07\/SL-400-metal-shredder.webp 720w, https:\/\/shuliybaler.com\/wp-content\/uploads\/2022\/07\/SL-400-metal-shredder-360x270.webp 360w, https:\/\/shuliybaler.com\/wp-content\/uploads\/2022\/07\/SL-400-metal-shredder-180x135.webp 180w\" sizes=\"auto, (max-width: 720px) 100vw, 720px\" \/><figcaption class=\"wp-element-caption\">Triturador de metal Sl-400<\/figcaption><\/figure>    <figure class=\"wp-block-image size-large\"><img loading=\"lazy\" decoding=\"async\" width=\"720\" height=\"540\" data-id=\"2714\" src=\"https:\/\/shuliybaler.com\/wp-content\/uploads\/2022\/07\/Sl-1000-metal-shredder.webp\" alt=\"Triturador de metal Sl-1000\" class=\"wp-image-2714\" title=\"\" srcset=\"https:\/\/shuliybaler.com\/wp-content\/uploads\/2022\/07\/Sl-1000-metal-shredder.webp 720w, https:\/\/shuliybaler.com\/wp-content\/uploads\/2022\/07\/Sl-1000-metal-shredder-360x270.webp 360w, https:\/\/shuliybaler.com\/wp-content\/uploads\/2022\/07\/Sl-1000-metal-shredder-180x135.webp 180w\" sizes=\"auto, (max-width: 720px) 100vw, 720px\" \/><figcaption class=\"wp-element-caption\">Triturador de metal Sl-800<\/figcaption><\/figure>    <figure class=\"wp-block-image size-large\"><img loading=\"lazy\" decoding=\"async\" width=\"720\" height=\"540\" data-id=\"2713\" src=\"https:\/\/shuliybaler.com\/wp-content\/uploads\/2022\/07\/SL-800-metal-shredder.webp\" alt=\"Triturador de metal SL-800\" class=\"wp-image-2713\" title=\"\" srcset=\"https:\/\/shuliybaler.com\/wp-content\/uploads\/2022\/07\/SL-800-metal-shredder.webp 720w, https:\/\/shuliybaler.com\/wp-content\/uploads\/2022\/07\/SL-800-metal-shredder-360x270.webp 360w, https:\/\/shuliybaler.com\/wp-content\/uploads\/2022\/07\/SL-800-metal-shredder-180x135.webp 180w\" sizes=\"auto, (max-width: 720px) 100vw, 720px\" \/><figcaption class=\"wp-element-caption\">Triturador de metal Sl-1000<\/figcaption><\/figure> <\/figure>    <figure class=\"wp-block-table\"><table><tbody><tr><td>Modelo<\/td><td>SL-400<\/td><td>SL-800<\/td><td>SL-1000<\/td><\/tr><tr><td>Poder<\/td><td>7,5 kW*2<\/td><td>18,5 kW*2<\/td><td>45KW*2<\/td><\/tr><tr><td>Espessura da l\u00e2mina<\/td><td>20mm<\/td><td>20mm<\/td><td>50mm<\/td><\/tr><tr><td>N\u00famero da l\u00e2mina<\/td><td>20<\/td><td>20<\/td><td>20<\/td><\/tr><tr><td>Dimens\u00e3o<\/td><td>2000*1100*1620mm<\/td><td>3800x1500x1900mm<\/td><td>4500*1900*220mm<\/td><\/tr><tr><td>Peso<\/td><td>1.1T<\/td><td>3,5T<\/td><td>1100KG<\/td><\/tr><\/tbody><\/table><figcaption class=\"wp-element-caption\">par\u00e2metros da m\u00e1quina trituradora de metal<\/figcaption><\/figure>    <p class=\"translation-block\">Existem muitos modelos de m\u00e1quinas, o menor modelo \u00e9 o SL-400, e o maior modelo \u00e9 o SL-2000. Recomendaremos modelos adequados de acordo com os produtos que precisam ser triturados. tamb\u00e9m temos uma <a href=\"https:\/\/shuliybaler.com\/pt\/scrap-steel-shearing-machine\/\">m\u00e1quina de corte de a\u00e7o sucata<\/a> \u00e0 venda e outra <a href=\"https:\/\/shuliybaler.com\/pt\/vertical-metal-baler\/\">m\u00e1quina de prensagem de papel.<\/a><\/p>","protected":false},"excerpt":{"rendered":"<p>A m\u00e1quina trituradora de sucata \u00e9 usada para trituradores de metal. Pode ser utilizado para mat\u00e9rias-primas com sucatas met\u00e1licas, bem como para sucatas principais de autom\u00f3veis, sucatas b\u00e1sicas e outros produtos. Existem restos de mat\u00e9ria-prima de trituradores de metal. Tritura\u00e7\u00e3o de grandes mat\u00e9rias-primas met\u00e1licas para f\u00e1cil reciclagem e processamento. \u00c9 usado para a ind\u00fastria de reciclagem, ind\u00fastria de processamento de res\u00edduos de eletrodom\u00e9sticos e tritura\u00e7\u00e3o de res\u00edduos de m\u00f3veis met\u00e1licos.<\/p>","protected":false},"author":1,"featured_media":2695,"parent":0,"template":"","tags":[38,84],"product-type":[46],"class_list":["post-2686","product","type-product","status-publish","has-post-thumbnail","hentry","tag-scrap-metal-shredder-machine","tag-shredder","product-type-metal-shredder"],"_links":{"self":[{"href":"https:\/\/shuliybaler.com\/pt\/wp-json\/wp\/v2\/product\/2686","targetHints":{"allow":["GET"]}}],"collection":[{"href":"https:\/\/shuliybaler.com\/pt\/wp-json\/wp\/v2\/product"}],"about":[{"href":"https:\/\/shuliybaler.com\/pt\/wp-json\/wp\/v2\/types\/product"}],"author":[{"embeddable":true,"href":"https:\/\/shuliybaler.com\/pt\/wp-json\/wp\/v2\/users\/1"}],"wp:featuredmedia":[{"embeddable":true,"href":"https:\/\/shuliybaler.com\/pt\/wp-json\/wp\/v2\/media\/2695"}],"wp:attachment":[{"href":"https:\/\/shuliybaler.com\/pt\/wp-json\/wp\/v2\/media?parent=2686"}],"wp:term":[{"taxonomy":"post_tag","embeddable":true,"href":"https:\/\/shuliybaler.com\/pt\/wp-json\/wp\/v2\/tags?post=2686"},{"taxonomy":"product-type","embeddable":true,"href":"https:\/\/shuliybaler.com\/pt\/wp-json\/wp\/v2\/product-type?post=2686"}],"curies":[{"name":"wp","href":"https:\/\/api.w.org\/{rel}","templated":true}]}}