{"id":2860,"date":"2022-10-10T13:51:09","date_gmt":"2022-10-10T05:51:09","guid":{"rendered":"https:\/\/shuliybaler.com\/?post_type=product&#038;p=2860"},"modified":"2022-10-10T17:37:05","modified_gmt":"2022-10-10T09:37:05","slug":"sawdust-baler-machine-2","status":"publish","type":"product","link":"https:\/\/shuliybaler.com\/pt\/product\/sawdust-baler-machine-2\/","title":{"rendered":"Enfardadeira de serragem | prensa enfardadeira para barbear madeira"},"content":{"rendered":"<p>Uma enfardadeira de serragem \u00e9 uma m\u00e1quina para comprimir e embalar serragem, que pode ser facilmente armazenada e transportada ap\u00f3s ser embalada pela m\u00e1quina. Nossas enfardadeiras funcionam de forma eficiente e podem embalar sucata e outras mat\u00e9rias-primas. As enfardadeiras de serragem s\u00e3o amplamente utilizadas em f\u00e1bricas de processamento de madeira e f\u00e1bricas de processamento de carv\u00e3o.<\/p>   <div class=\"wp-block-image\"> <figure class=\"aligncenter size-full\"><img loading=\"lazy\" decoding=\"async\" width=\"720\" height=\"540\" src=\"https:\/\/shuliybaler.com\/wp-content\/uploads\/2022\/10\/baler-machine.webp\" alt=\"enfardadeira\" class=\"wp-image-2862\" title=\"\" srcset=\"https:\/\/shuliybaler.com\/wp-content\/uploads\/2022\/10\/baler-machine.webp 720w, https:\/\/shuliybaler.com\/wp-content\/uploads\/2022\/10\/baler-machine-360x270.webp 360w, https:\/\/shuliybaler.com\/wp-content\/uploads\/2022\/10\/baler-machine-180x135.webp 180w\" sizes=\"auto, (max-width: 720px) 100vw, 720px\" \/><figcaption>enfardadeira<\/figcaption><\/figure> <\/div>   <h2 class=\"wp-block-heading\">Que mat\u00e9rias-primas a enfardadeira de serragem pode embalar?<\/h2>    <p class=\"translation-block\">Para al\u00e9m de compactar <a href=\"https:\/\/hnwoodmachine.com\/wood-crusher-wood-shredder\/\" data-type=\"URL\" data-id=\"https:\/\/hnwoodmachine.com\/wood-crusher-wood-shredder\/\" target=\"_blank\" rel=\"noopener\">serradura<\/a>, a m\u00e1quina enfardadeira de serradura tamb\u00e9m pode compactar tambores de ferro, produtos de a\u00e7o, produtos de alum\u00ednio, caixas de cart\u00e3o usadas e outros produtos, bem como produtos como palha e ra\u00e7\u00e3o.<\/p>    <figure class=\"wp-block-gallery has-nested-images columns-2 is-cropped wp-block-gallery-2 is-layout-flex wp-block-gallery-is-layout-flex\"> <figure class=\"wp-block-image size-large\"><img loading=\"lazy\" decoding=\"async\" width=\"720\" height=\"540\" data-id=\"2863\" src=\"https:\/\/shuliybaler.com\/wp-content\/uploads\/2022\/10\/straw-baling.webp\" alt=\"\" class=\"wp-image-2863\" title=\"\" srcset=\"https:\/\/shuliybaler.com\/wp-content\/uploads\/2022\/10\/straw-baling.webp 720w, https:\/\/shuliybaler.com\/wp-content\/uploads\/2022\/10\/straw-baling-360x270.webp 360w, https:\/\/shuliybaler.com\/wp-content\/uploads\/2022\/10\/straw-baling-180x135.webp 180w\" sizes=\"auto, (max-width: 720px) 100vw, 720px\" \/><figcaption><\/figcaption><\/figure>    <figure class=\"wp-block-image size-large\"><img loading=\"lazy\" decoding=\"async\" width=\"720\" height=\"540\" data-id=\"2864\" src=\"https:\/\/shuliybaler.com\/wp-content\/uploads\/2022\/10\/waste-paper-baling.webp\" alt=\"embalagens de res\u00edduos de papel\" class=\"wp-image-2864\" title=\"\" srcset=\"https:\/\/shuliybaler.com\/wp-content\/uploads\/2022\/10\/waste-paper-baling.webp 720w, https:\/\/shuliybaler.com\/wp-content\/uploads\/2022\/10\/waste-paper-baling-360x270.webp 360w, https:\/\/shuliybaler.com\/wp-content\/uploads\/2022\/10\/waste-paper-baling-180x135.webp 180w\" sizes=\"auto, (max-width: 720px) 100vw, 720px\" \/><figcaption>Embalagens de res\u00edduos de papel<\/figcaption><\/figure>    <figure class=\"wp-block-image size-large\"><img loading=\"lazy\" decoding=\"async\" width=\"720\" height=\"540\" data-id=\"2865\" src=\"https:\/\/shuliybaler.com\/wp-content\/uploads\/2022\/10\/metal-baling.webp\" alt=\"enfardamento de metais\" class=\"wp-image-2865\" title=\"\" srcset=\"https:\/\/shuliybaler.com\/wp-content\/uploads\/2022\/10\/metal-baling.webp 720w, https:\/\/shuliybaler.com\/wp-content\/uploads\/2022\/10\/metal-baling-360x270.webp 360w, https:\/\/shuliybaler.com\/wp-content\/uploads\/2022\/10\/metal-baling-180x135.webp 180w\" sizes=\"auto, (max-width: 720px) 100vw, 720px\" \/><figcaption>Enfardamento met\u00e1lico<\/figcaption><\/figure>    <figure class=\"wp-block-image size-large\"><img loading=\"lazy\" decoding=\"async\" width=\"720\" height=\"540\" data-id=\"2866\" src=\"https:\/\/shuliybaler.com\/wp-content\/uploads\/2022\/10\/waste-clothes-baling.webp\" alt=\"enfardamento de roupa desperdi\u00e7ada\" class=\"wp-image-2866\" title=\"\" srcset=\"https:\/\/shuliybaler.com\/wp-content\/uploads\/2022\/10\/waste-clothes-baling.webp 720w, https:\/\/shuliybaler.com\/wp-content\/uploads\/2022\/10\/waste-clothes-baling-360x270.webp 360w, https:\/\/shuliybaler.com\/wp-content\/uploads\/2022\/10\/waste-clothes-baling-180x135.webp 180w\" sizes=\"auto, (max-width: 720px) 100vw, 720px\" \/><figcaption>Enfardamento de res\u00edduos de roupas<\/figcaption><\/figure> <\/figure>    <h2 class=\"wp-block-heading\">O papel da enfardadeira de serragem <\/h2>   <div class=\"wp-block-image\"> <figure class=\"aligncenter size-full\"><img loading=\"lazy\" decoding=\"async\" width=\"720\" height=\"540\" src=\"https:\/\/shuliybaler.com\/wp-content\/uploads\/2022\/10\/sawdust-baling-machine.webp\" alt=\"m\u00e1quina de enfardamento de serragem \" class=\"wp-image-2867\" title=\"\" srcset=\"https:\/\/shuliybaler.com\/wp-content\/uploads\/2022\/10\/sawdust-baling-machine.webp 720w, https:\/\/shuliybaler.com\/wp-content\/uploads\/2022\/10\/sawdust-baling-machine-360x270.webp 360w, https:\/\/shuliybaler.com\/wp-content\/uploads\/2022\/10\/sawdust-baling-machine-180x135.webp 180w\" sizes=\"auto, (max-width: 720px) 100vw, 720px\" \/><figcaption>m\u00e1quina de enfardamento de serragem <\/figcaption><\/figure> <\/div>   <p>A enfardadeira comprimir\u00e1 primeiro as mat\u00e9rias-primas e, em seguida, a dist\u00e2ncia entre os materiais ficar\u00e1 menor ap\u00f3s a compress\u00e3o, economizando espa\u00e7o e pode ser transportada diretamente por guindastes e reboques em curtas dist\u00e2ncias. Al\u00e9m disso, ap\u00f3s a enfardadeira adicionar fun\u00e7\u00f5es, ela formar\u00e1 uma forma espec\u00edfica, como um quadrado ou ret\u00e2ngulo. , formato de seis passagens, etc., e as formas formadas s\u00e3o todas uniformes. Pode ser empilhado.<\/p>    <h2 class=\"wp-block-heading\">Dois modelos de enfardadeiras de metal<\/h2>    <figure class=\"wp-block-gallery has-nested-images columns-default is-cropped wp-block-gallery-3 is-layout-flex wp-block-gallery-is-layout-flex\"> <figure class=\"wp-block-image size-large\"><img loading=\"lazy\" decoding=\"async\" width=\"720\" height=\"540\" data-id=\"2868\" src=\"https:\/\/shuliybaler.com\/wp-content\/uploads\/2022\/10\/vertical-baler-machine.webp\" alt=\"enfardadeira vertical\" class=\"wp-image-2868\" title=\"\" srcset=\"https:\/\/shuliybaler.com\/wp-content\/uploads\/2022\/10\/vertical-baler-machine.webp 720w, https:\/\/shuliybaler.com\/wp-content\/uploads\/2022\/10\/vertical-baler-machine-360x270.webp 360w, https:\/\/shuliybaler.com\/wp-content\/uploads\/2022\/10\/vertical-baler-machine-180x135.webp 180w\" sizes=\"auto, (max-width: 720px) 100vw, 720px\" \/><figcaption>M\u00e1quina enfardadeira vertical<\/figcaption><\/figure>    <figure class=\"wp-block-image size-large\"><img loading=\"lazy\" decoding=\"async\" width=\"720\" height=\"540\" data-id=\"2869\" src=\"https:\/\/shuliybaler.com\/wp-content\/uploads\/2022\/10\/horizontal-baler-machine.webp\" alt=\"enfardadeira horizontal\" class=\"wp-image-2869\" title=\"\" srcset=\"https:\/\/shuliybaler.com\/wp-content\/uploads\/2022\/10\/horizontal-baler-machine.webp 720w, https:\/\/shuliybaler.com\/wp-content\/uploads\/2022\/10\/horizontal-baler-machine-360x270.webp 360w, https:\/\/shuliybaler.com\/wp-content\/uploads\/2022\/10\/horizontal-baler-machine-180x135.webp 180w\" sizes=\"auto, (max-width: 720px) 100vw, 720px\" \/><figcaption>M\u00e1quina enfardadeira horizontal<\/figcaption><\/figure> <\/figure>    <p class=\"translation-block\">A nossa empresa tem dois tipos de enfardadeiras, uma \u00e9 uma <a href=\"https:\/\/shuliybaler.com\/pt\/product\/vertical-metal-baler\/\" data-type=\"URL\" data-id=\"https:\/\/shuliybaler.com\/product\/vertical-metal-baler\/\">m\u00e1quina enfardadeira vertical<\/a> e a outra \u00e9 uma <a href=\"https:\/\/shuliybaler.com\/pt\/product\/scrap-metal-baler\/\" data-type=\"URL\" data-id=\"https:\/\/shuliybaler.com\/product\/scrap-metal-baler\/\">enfardadeira horizontal<\/a>. As fun\u00e7\u00f5es destas duas enfardadeiras s\u00e3o as mesmas, mas a sua apar\u00eancia \u00e9 diferente. A enfardadeira vertical precisa de ser carregada de cima para baixo, e a enfardadeira horizontal precisa de ser carregada de tr\u00e1s para a frente. Portanto, a enfardadeira vertical \u00e9 mais adequada para mat\u00e9rias-primas relativamente leves, como papel usado, roupas usadas, palha e outros produtos. As enfardadeiras horizontais s\u00e3o mais adequadas para mat\u00e9rias-primas mais pesadas, como alguns tambores de a\u00e7o e sucata de ferro.<\/p>    <h2 class=\"wp-block-heading\">Clientes indon\u00e9sios compram enfardadeiras horizontais<\/h2>    <figure class=\"wp-block-gallery has-nested-images columns-2 is-cropped wp-block-gallery-4 is-layout-flex wp-block-gallery-is-layout-flex\"> <figure class=\"wp-block-image size-large\"><img loading=\"lazy\" decoding=\"async\" width=\"720\" height=\"540\" data-id=\"2873\" src=\"https:\/\/shuliybaler.com\/wp-content\/uploads\/2022\/10\/Wood-chip-baler-export-3.webp\" alt=\"Exporta\u00e7\u00e3o de enfardadeira de cavacos de madeira\" class=\"wp-image-2873\" title=\"\" srcset=\"https:\/\/shuliybaler.com\/wp-content\/uploads\/2022\/10\/Wood-chip-baler-export-3.webp 720w, https:\/\/shuliybaler.com\/wp-content\/uploads\/2022\/10\/Wood-chip-baler-export-3-360x270.webp 360w, https:\/\/shuliybaler.com\/wp-content\/uploads\/2022\/10\/Wood-chip-baler-export-3-180x135.webp 180w\" sizes=\"auto, (max-width: 720px) 100vw, 720px\" \/><figcaption>Exporta\u00e7\u00e3o de enfardadeira de cavacos de madeira<\/figcaption><\/figure>    <figure class=\"wp-block-image size-large\"><img loading=\"lazy\" decoding=\"async\" width=\"720\" height=\"540\" data-id=\"2872\" src=\"https:\/\/shuliybaler.com\/wp-content\/uploads\/2022\/10\/Wood-chip-baler-export-2.webp\" alt=\"Exporta\u00e7\u00e3o de enfardadeira de cavacos de madeira\" class=\"wp-image-2872\" title=\"\" srcset=\"https:\/\/shuliybaler.com\/wp-content\/uploads\/2022\/10\/Wood-chip-baler-export-2.webp 720w, https:\/\/shuliybaler.com\/wp-content\/uploads\/2022\/10\/Wood-chip-baler-export-2-360x270.webp 360w, https:\/\/shuliybaler.com\/wp-content\/uploads\/2022\/10\/Wood-chip-baler-export-2-180x135.webp 180w\" sizes=\"auto, (max-width: 720px) 100vw, 720px\" \/><figcaption>Exporta\u00e7\u00e3o de enfardadeira de cavacos de madeira<\/figcaption><\/figure>    <figure class=\"wp-block-image size-large\"><img loading=\"lazy\" decoding=\"async\" width=\"720\" height=\"540\" data-id=\"2871\" src=\"https:\/\/shuliybaler.com\/wp-content\/uploads\/2022\/10\/Wood-chip-baler-export-1.webp\" alt=\"Exporta\u00e7\u00e3o de enfardadeira de cavacos de madeira\" class=\"wp-image-2871\" title=\"\" srcset=\"https:\/\/shuliybaler.com\/wp-content\/uploads\/2022\/10\/Wood-chip-baler-export-1.webp 720w, https:\/\/shuliybaler.com\/wp-content\/uploads\/2022\/10\/Wood-chip-baler-export-1-360x270.webp 360w, https:\/\/shuliybaler.com\/wp-content\/uploads\/2022\/10\/Wood-chip-baler-export-1-180x135.webp 180w\" sizes=\"auto, (max-width: 720px) 100vw, 720px\" \/><figcaption>Exporta\u00e7\u00e3o de enfardadeira de cavacos de madeira<\/figcaption><\/figure>    <figure class=\"wp-block-image size-large\"><img loading=\"lazy\" decoding=\"async\" width=\"720\" height=\"540\" data-id=\"2870\" src=\"https:\/\/shuliybaler.com\/wp-content\/uploads\/2022\/10\/Wood-chip-baler-export.webp\" alt=\"Exporta\u00e7\u00e3o de enfardadeira de cavacos de madeira\" class=\"wp-image-2870\" title=\"\" srcset=\"https:\/\/shuliybaler.com\/wp-content\/uploads\/2022\/10\/Wood-chip-baler-export.webp 720w, https:\/\/shuliybaler.com\/wp-content\/uploads\/2022\/10\/Wood-chip-baler-export-360x270.webp 360w, https:\/\/shuliybaler.com\/wp-content\/uploads\/2022\/10\/Wood-chip-baler-export-180x135.webp 180w\" sizes=\"auto, (max-width: 720px) 100vw, 720px\" \/><figcaption>Exporta\u00e7\u00e3o de enfardadeira de cavacos de madeira<\/figcaption><\/figure> <\/figure>    <p>Exportamos uma enfardadeira horizontal para a Indon\u00e9sia. O cliente tem uma f\u00e1brica de madeira e compra uma enfardadeira para enfardar cavacos de madeira. Nossa enfardadeira horizontal \u00e9 muito adequada para enfardar serragem. Geralmente, nosso ciclo de entrega \u00e9 de uma semana e o tempo de transporte \u00e9 de cerca de 35 a 40 dias, ent\u00e3o o cliente pode coloc\u00e1-lo em uso em mais de um m\u00eas.<\/p>    <figure class=\"wp-block-embed is-type-video is-provider-youtube wp-block-embed-youtube wp-embed-aspect-16-9 wp-has-aspect-ratio\"><div class=\"wp-block-embed__wrapper\"> <iframe loading=\"lazy\" title=\"Tambor de ferro autom\u00e1tico e enfardadeira de latas | m\u00e1quina enfardadeira de reciclagem de latas de alum\u00ednio e enfardadeiras de metal\" width=\"500\" height=\"281\" src=\"https:\/\/www.youtube.com\/embed\/9JxkvEm4QMc?feature=oembed\" frameborder=\"0\" allow=\"accelerometer; autoplay; clipboard-write; encrypted-media; gyroscope; picture-in-picture; web-share\" referrerpolicy=\"strict-origin-when-cross-origin\" allowfullscreen><\/iframe> <\/div><figcaption>enfardadeira <\/figcaption><\/figure>","protected":false},"excerpt":{"rendered":"<p>A sawdust baler machine is a machine for compressing and packing sawdust, which can be easily stored and transported after being packed by the machine, Our balers work efficiently and can pack scrap metal and other raw materials. Sawdust baler machines are widely used in wood processing plants and coal processing plants. What raw materials [&hellip;]<\/p>\n","protected":false},"author":1,"featured_media":2861,"parent":0,"template":"","tags":[50],"product-type":[48],"class_list":["post-2860","product","type-product","status-publish","has-post-thumbnail","hentry","tag-metal-baling-machine","product-type-solution"],"_links":{"self":[{"href":"https:\/\/shuliybaler.com\/pt\/wp-json\/wp\/v2\/product\/2860","targetHints":{"allow":["GET"]}}],"collection":[{"href":"https:\/\/shuliybaler.com\/pt\/wp-json\/wp\/v2\/product"}],"about":[{"href":"https:\/\/shuliybaler.com\/pt\/wp-json\/wp\/v2\/types\/product"}],"author":[{"embeddable":true,"href":"https:\/\/shuliybaler.com\/pt\/wp-json\/wp\/v2\/users\/1"}],"wp:featuredmedia":[{"embeddable":true,"href":"https:\/\/shuliybaler.com\/pt\/wp-json\/wp\/v2\/media\/2861"}],"wp:attachment":[{"href":"https:\/\/shuliybaler.com\/pt\/wp-json\/wp\/v2\/media?parent=2860"}],"wp:term":[{"taxonomy":"post_tag","embeddable":true,"href":"https:\/\/shuliybaler.com\/pt\/wp-json\/wp\/v2\/tags?post=2860"},{"taxonomy":"product-type","embeddable":true,"href":"https:\/\/shuliybaler.com\/pt\/wp-json\/wp\/v2\/product-type?post=2860"}],"curies":[{"name":"wp","href":"https:\/\/api.w.org\/{rel}","templated":true}]}}