{"id":2876,"date":"2022-10-12T10:00:44","date_gmt":"2022-10-12T02:00:44","guid":{"rendered":"https:\/\/shuliybaler.com\/?post_type=product&#038;p=2876"},"modified":"2023-03-22T17:29:10","modified_gmt":"2023-03-22T09:29:10","slug":"waste-paper-baler-machine","status":"publish","type":"product","link":"https:\/\/shuliybaler.com\/pt\/product\/waste-paper-baler-machine\/","title":{"rendered":"M\u00e1quina enfardadeira para res\u00edduos de papel | m\u00e1quina de enfardamento de papel\u00e3o"},"content":{"rendered":"<p class=\"translation-block\">Uma m\u00e1quina de compacta\u00e7\u00e3o de papel-\u00e3o \u00e9 uma m\u00e1quina usada para reciclar e embalar papel-\u00e3o. Atrav\u00e9s da compress\u00e3o e molda\u00e7\u00e3o da m\u00e1quina, o papel-\u00e3o pode reduzir o espa\u00e7o e formar um saco de papel-\u00e3o de tamanho uniforme, que pode ser armazenado no armaz\u00e9m. Existem dois tipos de m\u00e1quinas de acondicionamento de cart\u00e3o: uma \u00e9 uma <a href=\"https:\/\/shuliybaler.com\/pt\/product\/vertical-metal-baler\/\" data-type=\"URL\" data-id=\"https:\/\/shuliybaler.com\/product\/vertical-metal-baler\/\">maquina de compacta\u00e7\u00e3o vertical<\/a>, e a outra \u00e9 uma <a href=\"https:\/\/shuliybaler.com\/pt\/product\/scrap-metal-baler\/\" data-type=\"URL\" data-id=\"https:\/\/shuliybaler.com\/product\/scrap-metal-baler\/\">maquina de compacta\u00e7\u00e3o horizontal<\/a>. A seguinte \u00e9 a m\u00e1quina de acondicionamento horizontal.<\/p>    <figure class=\"wp-block-gallery has-nested-images columns-default is-cropped wp-block-gallery-2 is-layout-flex wp-block-gallery-is-layout-flex\"> <figure class=\"wp-block-image size-large\"><img loading=\"lazy\" decoding=\"async\" width=\"720\" height=\"540\" data-id=\"2878\" src=\"https:\/\/shuliybaler.com\/wp-content\/uploads\/2022\/10\/paper-baler.webp\" alt=\"enfardadeira de papel\" class=\"wp-image-2878\" title=\"\" srcset=\"https:\/\/shuliybaler.com\/wp-content\/uploads\/2022\/10\/paper-baler.webp 720w, https:\/\/shuliybaler.com\/wp-content\/uploads\/2022\/10\/paper-baler-360x270.webp 360w, https:\/\/shuliybaler.com\/wp-content\/uploads\/2022\/10\/paper-baler-180x135.webp 180w\" sizes=\"auto, (max-width: 720px) 100vw, 720px\" \/><figcaption class=\"wp-element-caption\">Enfardadeira de papel<\/figcaption><\/figure>    <figure class=\"wp-block-image size-large\"><img loading=\"lazy\" decoding=\"async\" width=\"720\" height=\"540\" data-id=\"2879\" src=\"https:\/\/shuliybaler.com\/wp-content\/uploads\/2022\/10\/paper-baler-1.webp\" alt=\"\" class=\"wp-image-2879\" title=\"\" srcset=\"https:\/\/shuliybaler.com\/wp-content\/uploads\/2022\/10\/paper-baler-1.webp 720w, https:\/\/shuliybaler.com\/wp-content\/uploads\/2022\/10\/paper-baler-1-360x270.webp 360w, https:\/\/shuliybaler.com\/wp-content\/uploads\/2022\/10\/paper-baler-1-180x135.webp 180w\" sizes=\"auto, (max-width: 720px) 100vw, 720px\" \/><figcaption class=\"wp-element-caption\">Enfardadeira de papel<\/figcaption><\/figure> <\/figure>    <h2 class=\"wp-block-heading\">Escopo de aplica\u00e7\u00e3o da enfardadeira de res\u00edduos de papel<\/h2>    <p class=\"translation-block\">A m\u00e1quina de compacta\u00e7\u00e3o de papel-\u00e3o tem uma ampla gama de aplica\u00e7\u00f5es. Uma m\u00e1quina de compacta\u00e7\u00e3o de papel-\u00e3o pode embalar materiais duros como metal e sucata de ferro e pode embalar materiais mais leves como garrafas de pl\u00e1stico,<a href=\"https:\/\/shuliybaler.com\/pt\/product\/aluminum-can-baler\/\" data-type=\"URL\" data-id=\"https:\/\/shuliybaler.com\/product\/aluminum-can-baler\/\"> latas<\/a>, canudos, papel-\u00e3o, roupas, <a href=\"https:\/\/shuliybaler.com\/pt\/product\/cotton-baling-machine\/\" data-type=\"URL\" data-id=\"https:\/\/shuliybaler.com\/product\/cotton-baling-machine\/\"> algod\u00e3o<\/a>, etc., por isso isto \u00e9 uma <a href=\"https:\/\/shuliybaler.com\/pt\/product\/metal-baler\/\" data-type=\"URL\" data-id=\"https:\/\/shuliybaler.com\/product\/metal-baler\/\">m\u00e1quina de condicionamento de metal multifuncional<\/a>.<\/p>    <figure class=\"wp-block-gallery has-nested-images columns-default is-cropped wp-block-gallery-3 is-layout-flex wp-block-gallery-is-layout-flex\"> <figure class=\"wp-block-image size-large\"><img loading=\"lazy\" decoding=\"async\" width=\"720\" height=\"540\" data-id=\"2880\" src=\"https:\/\/shuliybaler.com\/wp-content\/uploads\/2022\/10\/straw-baling-1.webp\" alt=\"enfardamento de palha\" class=\"wp-image-2880\" title=\"\" srcset=\"https:\/\/shuliybaler.com\/wp-content\/uploads\/2022\/10\/straw-baling-1.webp 720w, https:\/\/shuliybaler.com\/wp-content\/uploads\/2022\/10\/straw-baling-1-360x270.webp 360w, https:\/\/shuliybaler.com\/wp-content\/uploads\/2022\/10\/straw-baling-1-180x135.webp 180w\" sizes=\"auto, (max-width: 720px) 100vw, 720px\" \/><figcaption class=\"wp-element-caption\">Enfardamento de palha<\/figcaption><\/figure>    <figure class=\"wp-block-image size-large\"><img loading=\"lazy\" decoding=\"async\" width=\"720\" height=\"540\" data-id=\"2881\" src=\"https:\/\/shuliybaler.com\/wp-content\/uploads\/2022\/10\/plastic-bottle-packaging.webp\" alt=\"embalagem de garrafa de pl\u00e1stico\" class=\"wp-image-2881\" title=\"\" srcset=\"https:\/\/shuliybaler.com\/wp-content\/uploads\/2022\/10\/plastic-bottle-packaging.webp 720w, https:\/\/shuliybaler.com\/wp-content\/uploads\/2022\/10\/plastic-bottle-packaging-360x270.webp 360w, https:\/\/shuliybaler.com\/wp-content\/uploads\/2022\/10\/plastic-bottle-packaging-180x135.webp 180w\" sizes=\"auto, (max-width: 720px) 100vw, 720px\" \/><figcaption class=\"wp-element-caption\">Embalagem de garrafa pl\u00e1stica<\/figcaption><\/figure>    <figure class=\"wp-block-image size-large\"><img loading=\"lazy\" decoding=\"async\" width=\"720\" height=\"540\" data-id=\"2882\" src=\"https:\/\/shuliybaler.com\/wp-content\/uploads\/2022\/10\/cardboard-baling.webp\" alt=\"enfardamento de papel\u00e3o\" class=\"wp-image-2882\" title=\"\" srcset=\"https:\/\/shuliybaler.com\/wp-content\/uploads\/2022\/10\/cardboard-baling.webp 720w, https:\/\/shuliybaler.com\/wp-content\/uploads\/2022\/10\/cardboard-baling-360x270.webp 360w, https:\/\/shuliybaler.com\/wp-content\/uploads\/2022\/10\/cardboard-baling-180x135.webp 180w\" sizes=\"auto, (max-width: 720px) 100vw, 720px\" \/><figcaption class=\"wp-element-caption\">Enfardamento de papel\u00e3o<\/figcaption><\/figure> <\/figure>    <h2 class=\"wp-block-heading\">Por que usar uma enfardadeira de res\u00edduos de papel?<\/h2>   <div class=\"wp-block-image\"> <figure class=\"aligncenter size-full\"><img loading=\"lazy\" decoding=\"async\" width=\"720\" height=\"540\" src=\"https:\/\/shuliybaler.com\/wp-content\/uploads\/2022\/10\/cardboard-baling-machine.webp\" alt=\"m\u00e1quina de enfardamento de papel\u00e3o\" class=\"wp-image-2883\" title=\"\" srcset=\"https:\/\/shuliybaler.com\/wp-content\/uploads\/2022\/10\/cardboard-baling-machine.webp 720w, https:\/\/shuliybaler.com\/wp-content\/uploads\/2022\/10\/cardboard-baling-machine-360x270.webp 360w, https:\/\/shuliybaler.com\/wp-content\/uploads\/2022\/10\/cardboard-baling-machine-180x135.webp 180w\" sizes=\"auto, (max-width: 720px) 100vw, 720px\" \/><figcaption class=\"wp-element-caption\">m\u00e1quina de enfardamento de papel\u00e3o<\/figcaption><\/figure> <\/div>   <p>1. Transporte conveniente. Os res\u00edduos de papel embalados podem efetivamente reduzir os custos de transporte e aumentar a efici\u00eancia do transporte<\/p>    <p>2. Popular. Os res\u00edduos de papel embalados e separados no mercado s\u00e3o mais populares quando s\u00e3o vendidos.<\/p>    <p>3. Mais f\u00e1cil de armazenar. Ap\u00f3s o processamento da enfardadeira de res\u00edduos de papel, os res\u00edduos de papel podem ser armazenados no armaz\u00e9m, economizando mais espa\u00e7o no armaz\u00e9m<\/p>    <p>4. F\u00e1cil de reprocessar. Depois que o papel usado for embalado, ser\u00e1 mais conveniente reutiliz\u00e1-lo.<\/p>    <h2 class=\"wp-block-heading\">A enfardadeira de papel\u00e3o pode ser configurada com uma correia transportadora<\/h2>   <div class=\"wp-block-image\"> <figure class=\"aligncenter size-full\"><img loading=\"lazy\" decoding=\"async\" width=\"720\" height=\"540\" src=\"https:\/\/shuliybaler.com\/wp-content\/uploads\/2022\/10\/cardboard-baling-machine-conveyor.webp\" alt=\"transportador de m\u00e1quina de enfardamento de papel\u00e3o\" class=\"wp-image-2884\" title=\"\" srcset=\"https:\/\/shuliybaler.com\/wp-content\/uploads\/2022\/10\/cardboard-baling-machine-conveyor.webp 720w, https:\/\/shuliybaler.com\/wp-content\/uploads\/2022\/10\/cardboard-baling-machine-conveyor-360x270.webp 360w, https:\/\/shuliybaler.com\/wp-content\/uploads\/2022\/10\/cardboard-baling-machine-conveyor-180x135.webp 180w\" sizes=\"auto, (max-width: 720px) 100vw, 720px\" \/><figcaption class=\"wp-element-caption\">transportador de m\u00e1quina de enfardamento de papel\u00e3o<\/figcaption><\/figure> <\/div>   <p>Os res\u00edduos de papel em grande escala t\u00eam maior chance de enfardamento, e a alimenta\u00e7\u00e3o pode ser equipada com uma correia transportadora, que pode realizar o empacotamento autom\u00e1tico de res\u00edduos de papel, economizando tempo e esfor\u00e7o. E a porta de alimenta\u00e7\u00e3o da enfardadeira de papel\u00e3o \u00e9 relativamente grande. Essa enfardadeira de res\u00edduos de papel \u00e9 conveniente para alimenta\u00e7\u00e3o, sem emperramento e tem alta efici\u00eancia de produ\u00e7\u00e3o.<\/p>    <h2 class=\"wp-block-heading\">Tr\u00eas formas de descarga da m\u00e1quina enfardadeira de papel\u00e3o<\/h2>    <figure class=\"wp-block-gallery has-nested-images columns-2 is-cropped wp-block-gallery-4 is-layout-flex wp-block-gallery-is-layout-flex\"> <figure class=\"wp-block-image size-large\"><img loading=\"lazy\" decoding=\"async\" width=\"720\" height=\"540\" data-id=\"2886\" src=\"https:\/\/shuliybaler.com\/wp-content\/uploads\/2022\/10\/Waste-paper-baler-machine-2.webp\" alt=\"M\u00e1quina enfardadeira de res\u00edduos de papel\" class=\"wp-image-2886\" title=\"\" srcset=\"https:\/\/shuliybaler.com\/wp-content\/uploads\/2022\/10\/Waste-paper-baler-machine-2.webp 720w, https:\/\/shuliybaler.com\/wp-content\/uploads\/2022\/10\/Waste-paper-baler-machine-2-360x270.webp 360w, https:\/\/shuliybaler.com\/wp-content\/uploads\/2022\/10\/Waste-paper-baler-machine-2-180x135.webp 180w\" sizes=\"auto, (max-width: 720px) 100vw, 720px\" \/><figcaption class=\"wp-element-caption\">M\u00e1quina enfardadeira de res\u00edduos de papel<\/figcaption><\/figure>    <figure class=\"wp-block-image size-large\"><img loading=\"lazy\" decoding=\"async\" width=\"720\" height=\"540\" data-id=\"2887\" src=\"https:\/\/shuliybaler.com\/wp-content\/uploads\/2022\/10\/Waste-paper-baler-machine-3.webp\" alt=\"M\u00e1quina enfardadeira de res\u00edduos de papel\" class=\"wp-image-2887\" title=\"\" srcset=\"https:\/\/shuliybaler.com\/wp-content\/uploads\/2022\/10\/Waste-paper-baler-machine-3.webp 720w, https:\/\/shuliybaler.com\/wp-content\/uploads\/2022\/10\/Waste-paper-baler-machine-3-360x270.webp 360w, https:\/\/shuliybaler.com\/wp-content\/uploads\/2022\/10\/Waste-paper-baler-machine-3-180x135.webp 180w\" sizes=\"auto, (max-width: 720px) 100vw, 720px\" \/><figcaption class=\"wp-element-caption\">M\u00e1quina enfardadeira de res\u00edduos de papel<\/figcaption><\/figure>    <figure class=\"wp-block-image size-large\"><img loading=\"lazy\" decoding=\"async\" width=\"720\" height=\"540\" data-id=\"2888\" src=\"https:\/\/shuliybaler.com\/wp-content\/uploads\/2022\/10\/Waste-paper-baler-machine-4.webp\" alt=\"M\u00e1quina enfardadeira de res\u00edduos de papel\" class=\"wp-image-2888\" title=\"\" srcset=\"https:\/\/shuliybaler.com\/wp-content\/uploads\/2022\/10\/Waste-paper-baler-machine-4.webp 720w, https:\/\/shuliybaler.com\/wp-content\/uploads\/2022\/10\/Waste-paper-baler-machine-4-360x270.webp 360w, https:\/\/shuliybaler.com\/wp-content\/uploads\/2022\/10\/Waste-paper-baler-machine-4-180x135.webp 180w\" sizes=\"auto, (max-width: 720px) 100vw, 720px\" \/><figcaption class=\"wp-element-caption\">M\u00e1quina enfardadeira de res\u00edduos de papel<\/figcaption><\/figure>    <figure class=\"wp-block-image size-large\"><img loading=\"lazy\" decoding=\"async\" width=\"720\" height=\"540\" data-id=\"2885\" src=\"https:\/\/shuliybaler.com\/wp-content\/uploads\/2022\/10\/Waste-paper-baler-machine-1.webp\" alt=\"M\u00e1quina enfardadeira de res\u00edduos de papel\" class=\"wp-image-2885\" title=\"\" srcset=\"https:\/\/shuliybaler.com\/wp-content\/uploads\/2022\/10\/Waste-paper-baler-machine-1.webp 720w, https:\/\/shuliybaler.com\/wp-content\/uploads\/2022\/10\/Waste-paper-baler-machine-1-360x270.webp 360w, https:\/\/shuliybaler.com\/wp-content\/uploads\/2022\/10\/Waste-paper-baler-machine-1-180x135.webp 180w\" sizes=\"auto, (max-width: 720px) 100vw, 720px\" \/><figcaption class=\"wp-element-caption\">M\u00e1quina enfardadeira de res\u00edduos de papel<\/figcaption><\/figure> <\/figure>    <p class=\"translation-block\">O papel-\u00e3o embalado \u00e9 colocado no silo da m\u00e1quina de compacta\u00e7\u00e3o de papel-\u00e3o, como \u00e9 que se descarrega? Na verdade, a descarga da compactadora divide-se em tr\u00eas formas. A m\u00e1quina de acondicionamento de cart\u00e3o pode ser deitadamente tombada para descarregar, empurre o saco para descarregar e descarregar manualmente. Estas tr\u00eas formas de descarga podem ser personalizadas. O tamanho do papel-\u00e3o embalado tamb\u00e9m pode ser personalizado.<\/p>    <h2 class=\"wp-block-heading\">Par\u00e2metros da m\u00e1quina enfardadeira de papel\u00e3o <\/h2>   <div class=\"wp-block-image\"> <figure class=\"aligncenter size-full\"><img loading=\"lazy\" decoding=\"async\" width=\"720\" height=\"540\" src=\"https:\/\/shuliybaler.com\/wp-content\/uploads\/2022\/10\/cardboard-baling-machine-1.webp\" alt=\"m\u00e1quina de enfardamento de papel\u00e3o\" class=\"wp-image-2889\" title=\"\" srcset=\"https:\/\/shuliybaler.com\/wp-content\/uploads\/2022\/10\/cardboard-baling-machine-1.webp 720w, https:\/\/shuliybaler.com\/wp-content\/uploads\/2022\/10\/cardboard-baling-machine-1-360x270.webp 360w, https:\/\/shuliybaler.com\/wp-content\/uploads\/2022\/10\/cardboard-baling-machine-1-180x135.webp 180w\" sizes=\"auto, (max-width: 720px) 100vw, 720px\" \/><figcaption class=\"wp-element-caption\">m\u00e1quina de enfardamento de papel\u00e3o<\/figcaption><\/figure> <\/div>   <figure class=\"wp-block-table\"><table><tbody><tr><td>Modelo<\/td><td>SL-DB-100<\/td><td>SL-DB-160<\/td><td>SL-DB-180<\/td><td>SL-DB-200<\/td><\/tr><tr><td>Press\u00e3o<\/td><td>1000KN<\/td><td>1600 KN<\/td><td>1.800 kN<\/td><td>2.000 coroas norueguesas<\/td><\/tr><tr><td>Alimenta\u00e7\u00e3o principal<\/td><td>22KW+1,5KW+4kw<\/td><td>37KW+1,5KW+4kw<\/td><td>45KW+3KW+5kw<\/td><td>55KW+13KW+5,5kw<\/td><\/tr><tr><td>Quantidade de fios de enfardamento<\/td><td>4\/5<\/td><td>4\/5<\/td><td>5<\/td><td>5<\/td><\/tr><tr><td>Tamanho dos fardos<\/td><td>W1150mm*H1050mm*L(ajust\u00e1vel)<\/td><td>W1150mm*H1250mm*L(ajust\u00e1vel)<\/td><td>W1150mm*H1350mm*L(ajust\u00e1vel)<\/td><td>W1150mm*H1450mm*L(ajust\u00e1vel)<\/td><\/tr><tr><td>Arame<\/td><td>Fio recozido\u00a03 mm (12#) ou fio pl\u00e1stico<\/td><td>Fio recozido\u00a03 mm (12#) ou fio pl\u00e1stico<\/td><td>Fio recozido\u00a03 mm (12#) ou fio pl\u00e1stico<\/td><td>Fio recozido\u00a03 mm (12#) ou fio pl\u00e1stico<\/td><\/tr><tr><td>Tens\u00e3o<\/td><td>380 V\/50 Hz<\/td><td>380 V\/50 Hz<\/td><td>380 V\/50 Hz<\/td><td>380 V\/50 Hz<\/td><\/tr><tr><td>M\u00e9todo de empate<\/td><td>Manual\/autom\u00e1tico<\/td><td>Manual\/autom\u00e1tico<\/td><td>Manual\/autom\u00e1tico<\/td><td>Manual\/autom\u00e1tico<\/td><\/tr><tr><td>Capacidade<\/td><td>6-8 fardos\/h<\/td><td>6-8 fardos\/h<\/td><td>6-8 fardos\/h<\/td><td>6-8 fardos\/h<\/td><\/tr><tr><td>Peso do fardo<\/td><td>500-1000kg<\/td><td>1000-1300kg<\/td><td>1000-1300kg<\/td><td>1000-1300kg&nbsp;<\/td><\/tr><tr><td>Tamanho do transportador<\/td><td>6530*1400*3200mm<\/td><td>7113*1555*3360mm<\/td><td>7800*1655*3360mm<\/td><td>8200*1700*3360mm<\/td><\/tr><tr><td>M\u00e9todo de opera\u00e7\u00e3o<\/td><td>Manual\/CLP<\/td><td>Manual\/CLP<\/td><td>Manual\/CLP<\/td><td>Manual\/CLP<\/td><\/tr><\/tbody><\/table><figcaption class=\"wp-element-caption\">m\u00e1quina de enfardamento de papel\u00e3o <\/figcaption><\/figure>    <h2 class=\"wp-block-heading\">Vantagens da m\u00e1quina enfardadeira de res\u00edduos de papel <\/h2>    <figure class=\"wp-block-gallery has-nested-images columns-default is-cropped wp-block-gallery-5 is-layout-flex wp-block-gallery-is-layout-flex\"> <figure class=\"wp-block-image size-large\"><img loading=\"lazy\" decoding=\"async\" width=\"720\" height=\"540\" data-id=\"2890\" src=\"https:\/\/shuliybaler.com\/wp-content\/uploads\/2022\/10\/cardboard-baling-machine-shipping.webp\" alt=\"m\u00e1quina de enfardamento de papel\u00e3o\" class=\"wp-image-2890\" title=\"\" srcset=\"https:\/\/shuliybaler.com\/wp-content\/uploads\/2022\/10\/cardboard-baling-machine-shipping.webp 720w, https:\/\/shuliybaler.com\/wp-content\/uploads\/2022\/10\/cardboard-baling-machine-shipping-360x270.webp 360w, https:\/\/shuliybaler.com\/wp-content\/uploads\/2022\/10\/cardboard-baling-machine-shipping-180x135.webp 180w\" sizes=\"auto, (max-width: 720px) 100vw, 720px\" \/><figcaption class=\"wp-element-caption\">M\u00e1quina enfardadeira de papel\u00e3o<\/figcaption><\/figure>    <figure class=\"wp-block-image size-large\"><img loading=\"lazy\" decoding=\"async\" width=\"720\" height=\"540\" data-id=\"2892\" src=\"https:\/\/shuliybaler.com\/wp-content\/uploads\/2022\/10\/cardboard-baling-machine-export.webp\" alt=\"exporta\u00e7\u00e3o de m\u00e1quina de enfardamento de papel\u00e3o\" class=\"wp-image-2892\" title=\"\" srcset=\"https:\/\/shuliybaler.com\/wp-content\/uploads\/2022\/10\/cardboard-baling-machine-export.webp 720w, https:\/\/shuliybaler.com\/wp-content\/uploads\/2022\/10\/cardboard-baling-machine-export-360x270.webp 360w, https:\/\/shuliybaler.com\/wp-content\/uploads\/2022\/10\/cardboard-baling-machine-export-180x135.webp 180w\" sizes=\"auto, (max-width: 720px) 100vw, 720px\" \/><figcaption class=\"wp-element-caption\">Exporta\u00e7\u00e3o de m\u00e1quina enfardadeira de papel\u00e3o<\/figcaption><\/figure> <\/figure>    <p>1. A enfardadeira de papel\u00e3o adota transmiss\u00e3o hidr\u00e1ulica, estrutura compacta, instala\u00e7\u00e3o conveniente, opera\u00e7\u00e3o simples, f\u00e1cil manuten\u00e7\u00e3o e boa estanqueidade ao ar.<\/p>    <p>2. Configura\u00e7\u00e3o hidr\u00e1ulica de baixo ru\u00eddo para evitar problemas de polui\u00e7\u00e3o sonora,<\/p>    <p>3. A velocidade pode ser ajustada e a velocidade de embalagem da m\u00e1quina pode ser controlada manualmente.<\/p>    <p>4. Usando o princ\u00edpio hidr\u00e1ulico, o material \u00e9 comprimido em alta velocidade por meio da compress\u00e3o, o que \u00e9 ben\u00e9fico para reduzir o espa\u00e7o de armazenamento do material.<\/p>    <h2 class=\"wp-block-heading\">V\u00eddeo de enfardadeira horizontal para enfardamento de res\u00edduos de papel<\/h2>    <figure class=\"wp-block-embed is-type-video is-provider-youtube wp-block-embed-youtube wp-embed-aspect-16-9 wp-has-aspect-ratio\"><div class=\"wp-block-embed__wrapper\"> <iframe loading=\"lazy\" title=\"Venda enfardadeira para reciclagem de res\u00edduos de papel\u00e3o | enfardadeira horizontal para enfardar res\u00edduos de papel\" width=\"500\" height=\"281\" src=\"https:\/\/www.youtube.com\/embed\/upwnSm5wzR0?feature=oembed\" frameborder=\"0\" allow=\"accelerometer; autoplay; clipboard-write; encrypted-media; gyroscope; picture-in-picture; web-share\" referrerpolicy=\"strict-origin-when-cross-origin\" allowfullscreen><\/iframe> <\/div><\/figure>","protected":false},"excerpt":{"rendered":"<p>A waste paper baler machine is a machine used to recycle and pack waste paper. Through the compression and molding of the machine, the waste paper can reduce the gap and form a uniform size waste paper bag, which can be stored in the warehouse. There are two types of cardboard baling machines, one is [&hellip;]<\/p>\n","protected":false},"author":1,"featured_media":2877,"parent":0,"template":"","tags":[],"product-type":[48],"class_list":["post-2876","product","type-product","status-publish","has-post-thumbnail","hentry","product-type-solution"],"_links":{"self":[{"href":"https:\/\/shuliybaler.com\/pt\/wp-json\/wp\/v2\/product\/2876","targetHints":{"allow":["GET"]}}],"collection":[{"href":"https:\/\/shuliybaler.com\/pt\/wp-json\/wp\/v2\/product"}],"about":[{"href":"https:\/\/shuliybaler.com\/pt\/wp-json\/wp\/v2\/types\/product"}],"author":[{"embeddable":true,"href":"https:\/\/shuliybaler.com\/pt\/wp-json\/wp\/v2\/users\/1"}],"wp:featuredmedia":[{"embeddable":true,"href":"https:\/\/shuliybaler.com\/pt\/wp-json\/wp\/v2\/media\/2877"}],"wp:attachment":[{"href":"https:\/\/shuliybaler.com\/pt\/wp-json\/wp\/v2\/media?parent=2876"}],"wp:term":[{"taxonomy":"post_tag","embeddable":true,"href":"https:\/\/shuliybaler.com\/pt\/wp-json\/wp\/v2\/tags?post=2876"},{"taxonomy":"product-type","embeddable":true,"href":"https:\/\/shuliybaler.com\/pt\/wp-json\/wp\/v2\/product-type?post=2876"}],"curies":[{"name":"wp","href":"https:\/\/api.w.org\/{rel}","templated":true}]}}