{"id":2893,"date":"2022-10-13T15:04:44","date_gmt":"2022-10-13T07:04:44","guid":{"rendered":"https:\/\/shuliybaler.com\/?post_type=product&#038;p=2893"},"modified":"2022-10-13T15:05:33","modified_gmt":"2022-10-13T07:05:33","slug":"plastic-bottle-baling-machine","status":"publish","type":"product","link":"https:\/\/shuliybaler.com\/pt\/product\/plastic-bottle-baling-machine\/","title":{"rendered":"M\u00e1quina enfardadeira de garrafas pl\u00e1sticas"},"content":{"rendered":"<p class=\"translation-block\">A enfardadeira de garrafas de pl\u00e1stico tamb\u00e9m \u00e9 chamada de enfardadeira hidr\u00e1ulica. Uma enfardadeira de garrafas de pl\u00e1stico \u00e9 uma m\u00e1quina usada para comprimir e embalar garrafas de \u00e1gua de pl\u00e1stico. Atrav\u00e9s da compress\u00e3o da <a href=\"https:\/\/shuliybaler.com\/pt\/product\/scrap-metal-baler\/\" data-type=\"URL\" data-id=\"https:\/\/shuliybaler.com\/product\/scrap-metal-baler\/\">enfardadeira de garrafas de pl\u00e1stico<\/a>, o volume da garrafa de pl\u00e1stico pode ser reduzido e o transporte \u00e9 conveniente. A enfardadeira de garrafas de pl\u00e1stico tamb\u00e9m pode <a href=\"https:\/\/shuliybaler.com\/pt\/product\/aluminum-can-baler\/\" data-type=\"URL\" data-id=\"https:\/\/shuliybaler.com\/product\/aluminum-can-baler\/\">embalar latas<\/a>, caixas de papel\u00e3o usadas, algod\u00e3o, <a href=\"https:\/\/shuliybaler.com\/pt\/product\/metal-baler\/\" data-type=\"URL\" data-id=\"https:\/\/shuliybaler.com\/product\/metal-baler\/\">sucata de metal<\/a>, etc., amplamente utilizada, principalmente para reduzir o espa\u00e7o de armazenamento. \u00c9 conveniente para reciclagem secund\u00e1ria.<\/p>   <div class=\"wp-block-image\"> <figure class=\"aligncenter size-full\"><img loading=\"lazy\" decoding=\"async\" width=\"720\" height=\"540\" src=\"https:\/\/shuliybaler.com\/wp-content\/uploads\/2022\/10\/raw-material-Plastic-bottle-baling-machine.webp\" alt=\"m\u00e1quina de enfardamento de garrafas pl\u00e1sticas de mat\u00e9ria-prima\" class=\"wp-image-2896\" title=\"\" srcset=\"https:\/\/shuliybaler.com\/wp-content\/uploads\/2022\/10\/raw-material-Plastic-bottle-baling-machine.webp 720w, https:\/\/shuliybaler.com\/wp-content\/uploads\/2022\/10\/raw-material-Plastic-bottle-baling-machine-360x270.webp 360w, https:\/\/shuliybaler.com\/wp-content\/uploads\/2022\/10\/raw-material-Plastic-bottle-baling-machine-180x135.webp 180w\" sizes=\"auto, (max-width: 720px) 100vw, 720px\" \/><figcaption>m\u00e1quina de enfardamento de garrafas pl\u00e1sticas de mat\u00e9ria-prima<\/figcaption><\/figure> <\/div>   <h2 class=\"wp-block-heading\">A estrutura da enfardadeira de garrafas pl\u00e1sticas<\/h2>   <div class=\"wp-block-image\"> <figure class=\"aligncenter size-full\"><img loading=\"lazy\" decoding=\"async\" width=\"720\" height=\"540\" src=\"https:\/\/shuliybaler.com\/wp-content\/uploads\/2022\/10\/Plastic-bottle-baling-machine-1.webp\" alt=\"M\u00e1quina enfardadeira de garrafas pl\u00e1sticas\" class=\"wp-image-2895\" title=\"\" srcset=\"https:\/\/shuliybaler.com\/wp-content\/uploads\/2022\/10\/Plastic-bottle-baling-machine-1.webp 720w, https:\/\/shuliybaler.com\/wp-content\/uploads\/2022\/10\/Plastic-bottle-baling-machine-1-360x270.webp 360w, https:\/\/shuliybaler.com\/wp-content\/uploads\/2022\/10\/Plastic-bottle-baling-machine-1-180x135.webp 180w\" sizes=\"auto, (max-width: 720px) 100vw, 720px\" \/><figcaption>M\u00e1quina enfardadeira de garrafas pl\u00e1sticas<\/figcaption><\/figure> <\/div>   <p class=\"translation-block\">Os principais componentes do motor principal da <a href=\"https:\/\/en.wikipedia.org\/wiki\/Plastic_bottle\" data-type=\"URL\" data-id=\"https:\/\/en.wikipedia.org\/wiki\/Plastic_bottle\" target=\"_blank\" rel=\"noopener\">garrafa de pl\u00e1stico<\/a>, incluem a estrutura principal, sistema hidr\u00e1ulico, sistema de controle el\u00e9trico e sistema de alimenta\u00e7\u00e3o. A estrutura principal \u00e9 feita de chapas de a\u00e7o de alta qualidade, espessadas e soldadas, e dur\u00e1veis. O sistema hidr\u00e1ulico \u00e9 composto por componentes chave como bomba hidr\u00e1ulica, v\u00e1lvula solen\u00f3ide, cilindro de \u00f3leo, etc. A enfardadeira hidr\u00e1ulica tem alta press\u00e3o, alta velocidade e baixo ru\u00eddo. O sistema de descarga \u00e9 dividido em v\u00e1rios m\u00e9todos, como empurrar lateralmente, manual e empurrar para a frente.<\/p>    <h2 class=\"wp-block-heading\">Par\u00e2metros da enfardadeira de pl\u00e1stico <\/h2>    <figure class=\"wp-block-gallery has-nested-images columns-2 is-cropped wp-block-gallery-2 is-layout-flex wp-block-gallery-is-layout-flex\"> <figure class=\"wp-block-image size-large\"><img loading=\"lazy\" decoding=\"async\" width=\"720\" height=\"540\" data-id=\"2897\" src=\"https:\/\/shuliybaler.com\/wp-content\/uploads\/2022\/10\/SLSH-120.webp\" alt=\"SLSH-120\" class=\"wp-image-2897\" title=\"\" srcset=\"https:\/\/shuliybaler.com\/wp-content\/uploads\/2022\/10\/SLSH-120.webp 720w, https:\/\/shuliybaler.com\/wp-content\/uploads\/2022\/10\/SLSH-120-360x270.webp 360w, https:\/\/shuliybaler.com\/wp-content\/uploads\/2022\/10\/SLSH-120-180x135.webp 180w\" sizes=\"auto, (max-width: 720px) 100vw, 720px\" \/><figcaption>Slsh-200<\/figcaption><\/figure>    <figure class=\"wp-block-image size-large\"><img loading=\"lazy\" decoding=\"async\" width=\"720\" height=\"540\" data-id=\"2898\" src=\"https:\/\/shuliybaler.com\/wp-content\/uploads\/2022\/10\/SLSH-160.webp\" alt=\"SLSH-160\" class=\"wp-image-2898\" title=\"\" srcset=\"https:\/\/shuliybaler.com\/wp-content\/uploads\/2022\/10\/SLSH-160.webp 720w, https:\/\/shuliybaler.com\/wp-content\/uploads\/2022\/10\/SLSH-160-360x270.webp 360w, https:\/\/shuliybaler.com\/wp-content\/uploads\/2022\/10\/SLSH-160-180x135.webp 180w\" sizes=\"auto, (max-width: 720px) 100vw, 720px\" \/><figcaption>Slsh-160<\/figcaption><\/figure>    <figure class=\"wp-block-image size-large\"><img loading=\"lazy\" decoding=\"async\" width=\"720\" height=\"540\" data-id=\"2899\" src=\"https:\/\/shuliybaler.com\/wp-content\/uploads\/2022\/10\/SLSH-180.webp\" alt=\"SLSH-180\" class=\"wp-image-2899\" title=\"\" srcset=\"https:\/\/shuliybaler.com\/wp-content\/uploads\/2022\/10\/SLSH-180.webp 720w, https:\/\/shuliybaler.com\/wp-content\/uploads\/2022\/10\/SLSH-180-360x270.webp 360w, https:\/\/shuliybaler.com\/wp-content\/uploads\/2022\/10\/SLSH-180-180x135.webp 180w\" sizes=\"auto, (max-width: 720px) 100vw, 720px\" \/><figcaption>Slsh-180<\/figcaption><\/figure>    <figure class=\"wp-block-image size-large\"><img loading=\"lazy\" decoding=\"async\" width=\"720\" height=\"540\" data-id=\"2900\" src=\"https:\/\/shuliybaler.com\/wp-content\/uploads\/2022\/10\/SLSH-200.webp\" alt=\"SLSH-200\" class=\"wp-image-2900\" title=\"\" srcset=\"https:\/\/shuliybaler.com\/wp-content\/uploads\/2022\/10\/SLSH-200.webp 720w, https:\/\/shuliybaler.com\/wp-content\/uploads\/2022\/10\/SLSH-200-360x270.webp 360w, https:\/\/shuliybaler.com\/wp-content\/uploads\/2022\/10\/SLSH-200-180x135.webp 180w\" sizes=\"auto, (max-width: 720px) 100vw, 720px\" \/><figcaption>Slsh-200<\/figcaption><\/figure> <\/figure>    <figure class=\"wp-block-table\"><table><tbody><tr><td>Modelo<\/td><td>SLSH-120<\/td><td>SLSH-160<\/td><td>SLSH-180<\/td><td>SLSH-200<\/td><\/tr><tr><td>sistema din\u00e2mico<\/td><td>sistema hidr\u00e1ulico\u2300245\u00a0percorre 2.100 mm<\/td><td>sistema hidr\u00e1ulico\u2300280Travel 2300mm<\/td><td>sistema hidr\u00e1ulico\u2300280Travel 2400mm<\/td><td>sistema hidr\u00e1ulico\u2300280Travel 2450mm<\/td><\/tr><tr><td>Poder<\/td><td>22 kW, 3 CV, 380 V<\/td><td>30Kw+4Kw, 3 HP, 380 V<\/td><td>37Kw+4Kw, 3 HP, 380 V<\/td><td>45Kw+4Kw<\/td><\/tr><tr><td>Impulso nominal principal<\/td><td>1200KN<\/td><td>1600KN<\/td><td>1800KN<\/td><td>2.000 kn<\/td><\/tr><tr><td>Press\u00e3o do sistema<\/td><td>28Mpa<\/td><td>31,5MPA<\/td><td>31,5Mpa<\/td><td>31,5MPA &nbsp;<\/td><\/tr><tr><td>Sistema de controle<\/td><td>Controle autom\u00e1tico CLP<\/td><td>Controle autom\u00e1tico CLP<\/td><td>Controle autom\u00e1tico CLP<\/td><td>Controle autom\u00e1tico CLP<\/td><\/tr><tr><td>Tamanho da alimenta\u00e7\u00e3o<\/td><td>1650mm*1100mm<\/td><td>1650mm*1100mm<\/td><td>2000*1100mm<\/td><td>2.000 mm * 1.100 mm<\/td><\/tr><tr><td>Tamanho do fardo<\/td><td>1100*900mm<\/td><td>1100mm*1250mm<\/td><td>1100*1300mm<\/td><td>1100mm*1400mm<\/td><\/tr><tr><td>Densidade do fardo<\/td><td>800Kg\/fardo, 400-450kg\/m\u00b3<\/td><td>1200Kg\/fardo \u00a0450Kg\/m\u00b3<\/td><td>1300kg\/fardo, 500kg\/m\u00b3<\/td><td>1400Kg\/fardo 520Kg\/m\u00b3<\/td><\/tr><tr><td>Capacidade<\/td><td>4-7 fardos\/h<\/td><td>5-8 fardos<\/td><td>6-9 fardos<\/td><td>8 a 10 fardos<\/td><\/tr><tr><td>agrupar<\/td><td>3 pe\u00e7as de rosqueamento manual<\/td><td>4 a 5 pe\u00e7as, rosqueamento manual<\/td><td>4 a 5 pe\u00e7as, rosqueamento manual<\/td><td>4 a 5 pe\u00e7as, rosqueamento manual<\/td><\/tr><\/tbody><\/table><figcaption>Enfardadeira de garrafas pl\u00e1sticas<\/figcaption><\/figure>   <div class=\"wp-block-image\"> <figure class=\"aligncenter size-full\"><img loading=\"lazy\" decoding=\"async\" width=\"720\" height=\"540\" src=\"https:\/\/shuliybaler.com\/wp-content\/uploads\/2022\/10\/Plastic-bottle-baling-machine-2.webp\" alt=\"M\u00e1quina enfardadeira de garrafas pl\u00e1sticas\" class=\"wp-image-2901\" title=\"\" srcset=\"https:\/\/shuliybaler.com\/wp-content\/uploads\/2022\/10\/Plastic-bottle-baling-machine-2.webp 720w, https:\/\/shuliybaler.com\/wp-content\/uploads\/2022\/10\/Plastic-bottle-baling-machine-2-360x270.webp 360w, https:\/\/shuliybaler.com\/wp-content\/uploads\/2022\/10\/Plastic-bottle-baling-machine-2-180x135.webp 180w\" sizes=\"auto, (max-width: 720px) 100vw, 720px\" \/><figcaption>M\u00e1quina enfardadeira de garrafas pl\u00e1sticas<\/figcaption><\/figure> <\/div>   <h2 class=\"wp-block-heading\">Enfardadeira de garrafas pl\u00e1sticas exportada para Uganda<\/h2>   <div class=\"wp-block-image\"> <figure class=\"aligncenter size-full\"><img loading=\"lazy\" decoding=\"async\" width=\"720\" height=\"540\" src=\"https:\/\/shuliybaler.com\/wp-content\/uploads\/2022\/10\/Plastic-bottle-baling-machine-3.webp\" alt=\"M\u00e1quina enfardadeira de garrafas pl\u00e1sticas\" class=\"wp-image-2902\" title=\"\" srcset=\"https:\/\/shuliybaler.com\/wp-content\/uploads\/2022\/10\/Plastic-bottle-baling-machine-3.webp 720w, https:\/\/shuliybaler.com\/wp-content\/uploads\/2022\/10\/Plastic-bottle-baling-machine-3-360x270.webp 360w, https:\/\/shuliybaler.com\/wp-content\/uploads\/2022\/10\/Plastic-bottle-baling-machine-3-180x135.webp 180w\" sizes=\"auto, (max-width: 720px) 100vw, 720px\" \/><figcaption>M\u00e1quina enfardadeira de garrafas pl\u00e1sticas<\/figcaption><\/figure> <\/div>   <p>Exportamos uma m\u00e1quina enfardadeira de garrafas pl\u00e1sticas modelo 200 para Uganda. O cliente est\u00e1 na ind\u00fastria de reciclagem. O cliente precisa embalar sucata e garrafas pl\u00e1sticas. Portanto, para ser adequado a ambos os produtos, o cliente escolheu o maior tipo de enfardadeira de garrafas pl\u00e1sticas. Isso permite que dois produtos sejam embalados. E ap\u00f3s testes do cliente, descobriu-se que o efeito da embalagem \u00e9 muito bom, principalmente depois que a garrafa pl\u00e1stica \u00e9 comprimida, economizando muito espa\u00e7o.<\/p>","protected":false},"excerpt":{"rendered":"<p>A enfardadeira de garrafas de pl\u00e1stico tamb\u00e9m \u00e9 chamada de enfardadeira hidr\u00e1ulica. Uma enfardadeira de garrafas pl\u00e1sticas \u00e9 uma m\u00e1quina usada para comprimir e embalar garrafas pl\u00e1sticas de \u00e1gua. Atrav\u00e9s da compress\u00e3o da enfardadeira de garrafas pl\u00e1sticas, o volume da garrafa pl\u00e1stica pode ser reduzido e o transporte \u00e9 conveniente. A enfardadeira de garrafas pl\u00e1sticas tamb\u00e9m pode embalar latas. , caixas de res\u00edduos, algod\u00e3o, sucata, etc., amplamente utilizados, usados \u200b\u200bprincipalmente para reduzir o espa\u00e7o de armazenamento. \u00c9 conveniente para reciclagem secund\u00e1ria.<\/p>","protected":false},"author":1,"featured_media":2894,"parent":0,"template":"","meta":{"product_tpl_data":{"subtitle":"","param_summary":"","model_summary_title":"","model_summary":"","model_series":[],"finished_product_title":"","raw_materials_title":"","process_title":"","endsummary":""},"product_extra_property":[],"product_extra_image":""},"tags":[51],"product-type":[48],"class_list":["post-2893","product","type-product","status-publish","has-post-thumbnail","hentry","tag-baler-machine","product-type-solution"],"light_meta":{"rank_math_seo_score":"83","rank_math_focus_keyword":"Plastic bottle baling machine","product_tpl_data":{"subtitle":"","param_summary":"","model_summary_title":"","model_summary":"","model_series":"","finished_product_title":"","raw_materials_title":"","process_title":"","endsummary":""},"rank_math_title":"Plastic bottle baling machine","rank_math_description":"The plastic bottle baling machine is also called a hydraulic baler machine. A plastic bottle baler is a machine used to compress and pack plastic water bottles.","rank_math_analytic_object_id":"49","litespeed_vpi_list":["cropped-cropped-cropped-shuliylogo-1.png"],"rank_math_og_content_image":{"check":"f61ac0d33b6784caa168f2dd4998aad7","images":[2896,2895,2897,2898,2899,2900,2901,2902]},"_trp_automatically_translated_slug_ru_RU":"\u043c\u0430\u0448\u0438\u043d\u0430-\u0434\u043b\u044f-\u043f\u0430\u043a\u0435\u0442\u0438\u0440\u043e\u0432\u0430\u043d\u0438\u044f-\u043f\u043b\u0430\u0441\u0442\u0438\u043a\u043e\u0432\u044b","rank_math_internal_links_processed":"1"},"seo_meta":{"title":"M\u00e1quina enfardadeira de garrafas pl\u00e1sticas","description":"A enfardadeira de garrafas de pl\u00e1stico tamb\u00e9m \u00e9 chamada de enfardadeira hidr\u00e1ulica. Uma enfardadeira de garrafas pl\u00e1sticas \u00e9 uma m\u00e1quina usada para comprimir e embalar garrafas pl\u00e1sticas de \u00e1gua.","focusKeyword":"Plastic bottle baling machine","canonicalUrl":"https:\/\/shuliybaler.com\/pt\/product\/plastic-bottle-baling-machine\/","robots":["index","follow"],"ogTitle":"Plastic bottle baling machine","ogDescription":"The plastic bottle baling machine is also called a hydraulic baler machine. A plastic bottle baler is a machine used to compress and pack plastic water bottles.","ogImage":"https:\/\/shuliybaler.com\/wp-content\/uploads\/2022\/10\/Plastic-bottle-baling-machine.webp","twitterTitle":"Plastic bottle baling machine","twitterDescription":"The plastic bottle baling machine is also called a hydraulic baler machine. A plastic bottle baler is a machine used to compress and pack plastic water bottles.","twitterImage":"https:\/\/shuliybaler.com\/wp-content\/uploads\/2022\/10\/Plastic-bottle-baling-machine.webp","primaryCategory":0,"seoScore":83,"schemas":[],"source":"rank_math"},"_links":{"self":[{"href":"https:\/\/shuliybaler.com\/pt\/wp-json\/wp\/v2\/product\/2893","targetHints":{"allow":["GET"]}}],"collection":[{"href":"https:\/\/shuliybaler.com\/pt\/wp-json\/wp\/v2\/product"}],"about":[{"href":"https:\/\/shuliybaler.com\/pt\/wp-json\/wp\/v2\/types\/product"}],"author":[{"embeddable":true,"href":"https:\/\/shuliybaler.com\/pt\/wp-json\/wp\/v2\/users\/1"}],"wp:featuredmedia":[{"embeddable":true,"href":"https:\/\/shuliybaler.com\/pt\/wp-json\/wp\/v2\/media\/2894"}],"wp:attachment":[{"href":"https:\/\/shuliybaler.com\/pt\/wp-json\/wp\/v2\/media?parent=2893"}],"wp:term":[{"taxonomy":"post_tag","embeddable":true,"href":"https:\/\/shuliybaler.com\/pt\/wp-json\/wp\/v2\/tags?post=2893"},{"taxonomy":"product-type","embeddable":true,"href":"https:\/\/shuliybaler.com\/pt\/wp-json\/wp\/v2\/product-type?post=2893"}],"curies":[{"name":"wp","href":"https:\/\/api.w.org\/{rel}","templated":true}]}}