{"id":2904,"date":"2022-10-19T16:35:05","date_gmt":"2022-10-19T08:35:05","guid":{"rendered":"https:\/\/shuliybaler.com\/?post_type=product&#038;p=2904"},"modified":"2023-02-28T16:04:04","modified_gmt":"2023-02-28T08:04:04","slug":"plastic-bottle-baler-machine","status":"publish","type":"product","link":"https:\/\/shuliybaler.com\/pt\/product\/plastic-bottle-baler-machine-plastic-bottle-packing-machine\/","title":{"rendered":"M\u00e1quina enfardadeira de garrafas de pl\u00e1stico | M\u00e1quina de embalagem de garrafas pl\u00e1sticas"},"content":{"rendered":"<p class=\"translation-block\">A m\u00e1quina enfardadeira de garrafas de pl\u00e1stico \u00e9 o equipamento especial para garrafas de pl\u00e1stico. Ao comprimir as <a href=\"https:\/\/www.google.com\/search?q=waste+plastic+bottle&amp;sxsrf=ALiCzsZDD9uj538vXpp1bTkcyeTWwADRLg:1669878238699&amp;source=lnms&amp;tbm=isch&amp;sa=X&amp;ved=2ahUKEwi5kPGZ7df7AhVZNEQIHehCDb0Q_AUoAXoECAEQAw&amp;biw=1745&amp;bih=852&amp;dpr=1.1\" data-type=\"URL\" data-id=\"https:\/\/www.google.com\/search?q=waste+plastic+bottle&amp;sxsrf=ALiCzsZDD9uj538vXpp1bTkcyeTWwADRLg:1669878238699&amp;source=lnms&amp;tbm=isch&amp;sa=X&amp;ved=2ahUKEwi5kPGZ7df7AhVZNEQIHehCDb0Q_AUoAXoECAEQAw&amp;biw=1745&amp;bih=852&amp;dpr=1.1\" target=\"_blank\" rel=\"noopener\">garrafas de pl\u00e1stico<\/a> e extrudindo os espa\u00e7os entre as garrafas de pl\u00e1stico, o espa\u00e7o de armazenamento das garrafas de pl\u00e1stico pode ser comprimido, e as caracter\u00edsticas das garrafas de pl\u00e1stico n\u00e3o s\u00e3o f\u00e1ceis de transportar.<\/p>    <figure class=\"wp-block-image size-full\"><img loading=\"lazy\" decoding=\"async\" width=\"720\" height=\"540\" src=\"https:\/\/shuliybaler.com\/wp-content\/uploads\/2022\/10\/Plastic-bottle-baler-machine-1.webp\" alt=\"M\u00e1quina enfardadeira de garrafas de pl\u00e1stico\" class=\"wp-image-2965\" title=\"\" srcset=\"https:\/\/shuliybaler.com\/wp-content\/uploads\/2022\/10\/Plastic-bottle-baler-machine-1.webp 720w, https:\/\/shuliybaler.com\/wp-content\/uploads\/2022\/10\/Plastic-bottle-baler-machine-1-360x270.webp 360w, https:\/\/shuliybaler.com\/wp-content\/uploads\/2022\/10\/Plastic-bottle-baler-machine-1-180x135.webp 180w\" sizes=\"auto, (max-width: 720px) 100vw, 720px\" \/><figcaption class=\"wp-element-caption\">M\u00e1quina enfardadeira de garrafas de pl\u00e1stico<\/figcaption><\/figure>    <h2 class=\"wp-block-heading\">Introdu\u00e7\u00e3o da m\u00e1quina de embalagem horizontal de garrafas pl\u00e1sticas<\/h2>    <figure class=\"wp-block-image size-full\"><img loading=\"lazy\" decoding=\"async\" width=\"720\" height=\"540\" src=\"https:\/\/shuliybaler.com\/wp-content\/uploads\/2022\/10\/Plastic-bottle-packing-machine.webp\" alt=\"M\u00e1quina de embalagem de garrafas pl\u00e1sticas\" class=\"wp-image-2966\" title=\"\" srcset=\"https:\/\/shuliybaler.com\/wp-content\/uploads\/2022\/10\/Plastic-bottle-packing-machine.webp 720w, https:\/\/shuliybaler.com\/wp-content\/uploads\/2022\/10\/Plastic-bottle-packing-machine-360x270.webp 360w, https:\/\/shuliybaler.com\/wp-content\/uploads\/2022\/10\/Plastic-bottle-packing-machine-180x135.webp 180w\" sizes=\"auto, (max-width: 720px) 100vw, 720px\" \/><figcaption class=\"wp-element-caption\">M\u00e1quina de embalagem de garrafas pl\u00e1sticas<\/figcaption><\/figure>    <p class=\"translation-block\">&nbsp;A <a href=\"https:\/\/shuliybaler.com\/pt\/product\/scrap-metal-baler\/\" data-type=\"URL\" data-id=\"https:\/\/shuliybaler.com\/product\/scrap-metal-baler\/\">enfardadeira horizontal de garrafas de bebidas<\/a> \u00e9 adequada para enfardadeiras de compress\u00e3o para garrafas de cola, latas, filmes pl\u00e1sticos, papel usado, esponjas, fibras qu\u00edmicas e materiais residuais. \u00c9 equipada com alimenta\u00e7\u00e3o por correia transportadora. \u00c9 adequada para processar cerca de 1-5 toneladas por hora. Tamb\u00e9m pode ser usada como uma m\u00e1quina aut\u00f3noma, com uma pequena \u00e1rea de ocupa\u00e7\u00e3o, velocidade de embalagem r\u00e1pida, opera\u00e7\u00e3o simples, desempenho est\u00e1vel e baixa taxa de falha.<\/p>    <h2 class=\"wp-block-heading\">Por que as garrafas pl\u00e1sticas precisam de uma enfardadeira?<\/h2>    <figure class=\"wp-block-gallery has-nested-images columns-default is-cropped wp-block-gallery-2 is-layout-flex wp-block-gallery-is-layout-flex\"> <figure class=\"wp-block-image size-full\"><img loading=\"lazy\" decoding=\"async\" width=\"720\" height=\"540\" data-id=\"2967\" src=\"https:\/\/shuliybaler.com\/wp-content\/uploads\/2022\/10\/Plastic-bottle-packing-machine-1.webp\" alt=\"M\u00e1quina de embalagem de garrafas pl\u00e1sticas\" class=\"wp-image-2967\" title=\"\" srcset=\"https:\/\/shuliybaler.com\/wp-content\/uploads\/2022\/10\/Plastic-bottle-packing-machine-1.webp 720w, https:\/\/shuliybaler.com\/wp-content\/uploads\/2022\/10\/Plastic-bottle-packing-machine-1-360x270.webp 360w, https:\/\/shuliybaler.com\/wp-content\/uploads\/2022\/10\/Plastic-bottle-packing-machine-1-180x135.webp 180w\" sizes=\"auto, (max-width: 720px) 100vw, 720px\" \/><figcaption class=\"wp-element-caption\">M\u00e1quina de embalagem de garrafas pl\u00e1sticas<\/figcaption><\/figure>    <figure class=\"wp-block-image size-full\"><img loading=\"lazy\" decoding=\"async\" width=\"720\" height=\"540\" data-id=\"2971\" src=\"https:\/\/shuliybaler.com\/wp-content\/uploads\/2022\/10\/plastic-bottle-baling.webp\" alt=\"enfardamento de garrafas pl\u00e1sticas\" class=\"wp-image-2971\" title=\"\" srcset=\"https:\/\/shuliybaler.com\/wp-content\/uploads\/2022\/10\/plastic-bottle-baling.webp 720w, https:\/\/shuliybaler.com\/wp-content\/uploads\/2022\/10\/plastic-bottle-baling-360x270.webp 360w, https:\/\/shuliybaler.com\/wp-content\/uploads\/2022\/10\/plastic-bottle-baling-180x135.webp 180w\" sizes=\"auto, (max-width: 720px) 100vw, 720px\" \/><figcaption class=\"wp-element-caption\">Enfardamento de garrafas pl\u00e1sticas<\/figcaption><\/figure> <\/figure>    <p>Garrafas de pl\u00e1stico podem ser recicladas e part\u00edculas de pl\u00e1stico podem ser produzidas. Ao reciclar garrafas pl\u00e1sticas, as garrafas pl\u00e1sticas s\u00e3o ocas, haver\u00e1 muito espa\u00e7o entre as garrafas e as garrafas pl\u00e1sticas s\u00e3o relativamente finas e dif\u00edceis de manusear, portanto, as enfardadeiras de garrafas pl\u00e1sticas podem ser processadas. As garrafas s\u00e3o comprimidas e transformadas em blocos de garrafas pl\u00e1sticas do mesmo tamanho, que podem ser transportados e armazenados.<\/p>    <h2 class=\"wp-block-heading\">Dois tipos de m\u00e1quina enfardadeira de garrafas de pl\u00e1stico<\/h2>    <figure class=\"wp-block-image size-full\"><img loading=\"lazy\" decoding=\"async\" width=\"720\" height=\"540\" src=\"https:\/\/shuliybaler.com\/wp-content\/uploads\/2022\/10\/plastic-bottle-baler-machine.webp\" alt=\"m\u00e1quina enfardadeira de garrafas de pl\u00e1stico\" class=\"wp-image-2968\" title=\"\" srcset=\"https:\/\/shuliybaler.com\/wp-content\/uploads\/2022\/10\/plastic-bottle-baler-machine.webp 720w, https:\/\/shuliybaler.com\/wp-content\/uploads\/2022\/10\/plastic-bottle-baler-machine-360x270.webp 360w, https:\/\/shuliybaler.com\/wp-content\/uploads\/2022\/10\/plastic-bottle-baler-machine-180x135.webp 180w\" sizes=\"auto, (max-width: 720px) 100vw, 720px\" \/><figcaption class=\"wp-element-caption\">M\u00e1quina enfardadeira de garrafas de pl\u00e1stico<\/figcaption><\/figure>    <p class=\"translation-block\">Atualmente, as enfardadeiras de garrafas de pl\u00e1stico no mercado s\u00e3o divididas em dois tipos: <a href=\"https:\/\/shuliybaler.com\/pt\/product\/vertical-metal-baler\/\" data-type=\"URL\" data-id=\"https:\/\/shuliybaler.com\/product\/vertical-metal-baler\/\">enfardadeiras verticais<\/a> e <a href=\"https:\/\/shuliybaler.com\/pt\/product\/scrap-metal-baler\/\" data-type=\"URL\" data-id=\"https:\/\/shuliybaler.com\/product\/scrap-metal-baler\/\">enfardadeiras horizontais<\/a>. Ambos os tipos de enfardadeiras podem ser usados para embalar garrafas de pl\u00e1stico usadas. A diferen\u00e7a reside na produ\u00e7\u00e3o de embalagem, no grau de automa\u00e7\u00e3o e no tamanho da embalagem. De acordo com as diferentes necessidades das empresas, os tipos de compras tamb\u00e9m s\u00e3o diferentes. Segue-se uma discuss\u00e3o sobre o uso dos dois tipos de m\u00e1quinas enfardadeiras de garrafas de pl\u00e1stico.<\/p>    <h2 class=\"wp-block-heading\">Como usar a enfardadeira vertical para garrafas de pl\u00e1stico?<\/h2>    <figure class=\"wp-block-image size-full\"><img loading=\"lazy\" decoding=\"async\" width=\"720\" height=\"540\" src=\"https:\/\/shuliybaler.com\/wp-content\/uploads\/2022\/10\/plastic-bottle-baler-machine-1.webp\" alt=\"m\u00e1quina enfardadeira de garrafas de pl\u00e1stico\" class=\"wp-image-2969\" title=\"\" srcset=\"https:\/\/shuliybaler.com\/wp-content\/uploads\/2022\/10\/plastic-bottle-baler-machine-1.webp 720w, https:\/\/shuliybaler.com\/wp-content\/uploads\/2022\/10\/plastic-bottle-baler-machine-1-360x270.webp 360w, https:\/\/shuliybaler.com\/wp-content\/uploads\/2022\/10\/plastic-bottle-baler-machine-1-180x135.webp 180w\" sizes=\"auto, (max-width: 720px) 100vw, 720px\" \/><figcaption class=\"wp-element-caption\">M\u00e1quina enfardadeira de garrafas de pl\u00e1stico<\/figcaption><\/figure>    <p>O processo de opera\u00e7\u00e3o \u00e9 complicado. Primeiramente, abra a porta de descarga do equipamento atrav\u00e9s do dispositivo de travamento do volante, esvazie a sala de embalagem e coloque um pano ou caixa de embalagem sobre ela. Feche a porta da c\u00e2mara de compress\u00e3o, abra a porta de alimenta\u00e7\u00e3o ao mesmo tempo e alimente o material pela porta de alimenta\u00e7\u00e3o. Depois que o material estiver cheio, feche a porta de alimenta\u00e7\u00e3o, comprima automaticamente atrav\u00e9s do sistema el\u00e9trico PLC, continue a alimentar ap\u00f3s a compress\u00e3o e redu\u00e7\u00e3o de volume e repita as opera\u00e7\u00f5es acima at\u00e9 que o material esteja cheio. Ap\u00f3s a moldagem por compress\u00e3o, abra a porta da c\u00e2mara de compress\u00e3o e a porta de alimenta\u00e7\u00e3o e enrosque e enrosque a garrafa pl\u00e1stica comprimida. Ap\u00f3s a conclus\u00e3o, execute a opera\u00e7\u00e3o push package para concluir a descarga.<\/p>    <figure class=\"wp-block-image size-full\"><img loading=\"lazy\" decoding=\"async\" width=\"720\" height=\"540\" src=\"https:\/\/shuliybaler.com\/wp-content\/uploads\/2022\/10\/Plastic-bottle-baler-conveyor-belt.webp\" alt=\"Correia transportadora para enfardadeira de garrafas de pl\u00e1stico\" class=\"wp-image-2972\" title=\"\" srcset=\"https:\/\/shuliybaler.com\/wp-content\/uploads\/2022\/10\/Plastic-bottle-baler-conveyor-belt.webp 720w, https:\/\/shuliybaler.com\/wp-content\/uploads\/2022\/10\/Plastic-bottle-baler-conveyor-belt-360x270.webp 360w, https:\/\/shuliybaler.com\/wp-content\/uploads\/2022\/10\/Plastic-bottle-baler-conveyor-belt-180x135.webp 180w\" sizes=\"auto, (max-width: 720px) 100vw, 720px\" \/><figcaption class=\"wp-element-caption\">Correia transportadora para enfardadeira de garrafas de pl\u00e1stico<\/figcaption><\/figure>    <h2 class=\"wp-block-heading\">Como usar a enfardadeira horizontal para garrafas de pl\u00e1stico?<\/h2>    <figure class=\"wp-block-image size-full\"><img loading=\"lazy\" decoding=\"async\" width=\"720\" height=\"540\" src=\"https:\/\/shuliybaler.com\/wp-content\/uploads\/2022\/10\/horizontal-plastic-bottle-baler.webp\" alt=\"enfardadeira horizontal para garrafas de pl\u00e1stico\" class=\"wp-image-2970\" title=\"\" srcset=\"https:\/\/shuliybaler.com\/wp-content\/uploads\/2022\/10\/horizontal-plastic-bottle-baler.webp 720w, https:\/\/shuliybaler.com\/wp-content\/uploads\/2022\/10\/horizontal-plastic-bottle-baler-360x270.webp 360w, https:\/\/shuliybaler.com\/wp-content\/uploads\/2022\/10\/horizontal-plastic-bottle-baler-180x135.webp 180w\" sizes=\"auto, (max-width: 720px) 100vw, 720px\" \/><figcaption class=\"wp-element-caption\">Enfardadeira horizontal para garrafas de pl\u00e1stico<\/figcaption><\/figure>    <p>A enfardadeira horizontal para garrafas de pl\u00e1stico \u00e9 muito mais simples de operar. Ap\u00f3s verificar se n\u00e3o h\u00e1 anormalidade na abertura do equipamento, ele pode ser alimentado diretamente ou por meio de uma esteira at\u00e9 a c\u00e2mara de compress\u00e3o. Depois que a garrafa pl\u00e1stica atingir sua posi\u00e7\u00e3o, pressione o bot\u00e3o de compress\u00e3o para comprimi-la no lugar. Ele far\u00e1 backup e parar\u00e1 automaticamente. Repita a opera\u00e7\u00e3o de alimenta\u00e7\u00e3o e compress\u00e3o at\u00e9 atingir o comprimento de gaxeta desejado, pressione o bot\u00e3o de gaxeta e, ap\u00f3s atingir a posi\u00e7\u00e3o de gaxeta, pressione o bot\u00e3o de enfiar, a rosca ser\u00e1 cortada automaticamente e a rosqueamento ser\u00e1 finalizada.<\/p>    <figure class=\"wp-block-embed is-type-video is-provider-youtube wp-block-embed-youtube wp-embed-aspect-16-9 wp-has-aspect-ratio\"><div class=\"wp-block-embed__wrapper\"> <iframe loading=\"lazy\" title=\"A melhor enfardadeira de metal exportada duas vezes para o Gab\u00e3o | M\u00e1quina enfardadeira de garrafa de pl\u00e1stico para prensa de tambor de \u00f3leo\" width=\"500\" height=\"281\" src=\"https:\/\/www.youtube.com\/embed\/1WCZwz3QRbs?feature=oembed\" frameborder=\"0\" allow=\"accelerometer; autoplay; clipboard-write; encrypted-media; gyroscope; picture-in-picture; web-share\" referrerpolicy=\"strict-origin-when-cross-origin\" allowfullscreen><\/iframe> <\/div><figcaption class=\"wp-element-caption\">M\u00e1quina enfardadeira de garrafas de pl\u00e1stico<\/figcaption><\/figure>","protected":false},"excerpt":{"rendered":"<p>A enfardadeira de garrafas pl\u00e1sticas \u00e9 o equipamento especial para garrafas pl\u00e1sticas. Ao comprimir as garrafas pl\u00e1sticas e extrudar os espa\u00e7os entre as garrafas pl\u00e1sticas, o espa\u00e7o de armazenamento das garrafas pl\u00e1sticas pode ser comprimido e as caracter\u00edsticas das garrafas pl\u00e1sticas n\u00e3o s\u00e3o f\u00e1ceis de transportar.<\/p>","protected":false},"author":1,"featured_media":2963,"parent":0,"template":"","tags":[],"product-type":[41],"class_list":["post-2904","product","type-product","status-publish","has-post-thumbnail","hentry","product-type-metal-baler-machine"],"_links":{"self":[{"href":"https:\/\/shuliybaler.com\/pt\/wp-json\/wp\/v2\/product\/2904","targetHints":{"allow":["GET"]}}],"collection":[{"href":"https:\/\/shuliybaler.com\/pt\/wp-json\/wp\/v2\/product"}],"about":[{"href":"https:\/\/shuliybaler.com\/pt\/wp-json\/wp\/v2\/types\/product"}],"author":[{"embeddable":true,"href":"https:\/\/shuliybaler.com\/pt\/wp-json\/wp\/v2\/users\/1"}],"wp:featuredmedia":[{"embeddable":true,"href":"https:\/\/shuliybaler.com\/pt\/wp-json\/wp\/v2\/media\/2963"}],"wp:attachment":[{"href":"https:\/\/shuliybaler.com\/pt\/wp-json\/wp\/v2\/media?parent=2904"}],"wp:term":[{"taxonomy":"post_tag","embeddable":true,"href":"https:\/\/shuliybaler.com\/pt\/wp-json\/wp\/v2\/tags?post=2904"},{"taxonomy":"product-type","embeddable":true,"href":"https:\/\/shuliybaler.com\/pt\/wp-json\/wp\/v2\/product-type?post=2904"}],"curies":[{"name":"wp","href":"https:\/\/api.w.org\/{rel}","templated":true}]}}