{"id":2905,"date":"2022-11-10T14:55:46","date_gmt":"2022-11-10T06:55:46","guid":{"rendered":"https:\/\/shuliybaler.com\/?post_type=product&#038;p=2905"},"modified":"2022-11-17T16:33:36","modified_gmt":"2022-11-17T08:33:36","slug":"scrap-plate-shearing-machine","status":"publish","type":"product","link":"https:\/\/shuliybaler.com\/pt\/product\/scrap-plate-shearing-machine\/","title":{"rendered":"M\u00e1quina de corte de sucata | m\u00e1quina de corte de sucata de ferro"},"content":{"rendered":"<p class=\"translation-block\">A m\u00e1quina de corte de chapas de sucata \u00e9 um tipo de equipamento hidr\u00e1ulico de corte de metal. A apar\u00eancia \u00e9 semelhante \u00e0 cabe\u00e7a de um tigre, pelo que tamb\u00e9m \u00e9 denominada tesoura de cabe\u00e7a de tigre. As tesouras de cabe\u00e7a de tigre t\u00eam a mesma fun\u00e7\u00e3o que as <a href=\"https:\/\/shuliybaler.com\/pt\/product\/alligator-shear\/\" data-type=\"URL\" data-id=\"https:\/\/shuliybaler.com\/product\/alligator-shear\/\">m\u00e1quinas de tesoura de a\u00e7o de crocodilo<\/a> e s\u00e3o adequadas para instala\u00e7\u00f5es de reciclagem e processamento de metais, parques de desmantelamento de autom\u00f3veis sucateados, ind\u00fastrias de fundi\u00e7\u00e3o e refina\u00e7\u00e3o, e corte e cisalhamento a frio de v\u00e1rias formas de a\u00e7o e v\u00e1rios materiais met\u00e1licos.<\/p>    <figure class=\"wp-block-image size-full\"><img loading=\"lazy\" decoding=\"async\" width=\"720\" height=\"540\" src=\"https:\/\/shuliybaler.com\/wp-content\/uploads\/2022\/11\/iron-scrap-cutting-machine.webp\" alt=\"m\u00e1quina de corte de sucata de ferro\" class=\"wp-image-2908\" title=\"\" srcset=\"https:\/\/shuliybaler.com\/wp-content\/uploads\/2022\/11\/iron-scrap-cutting-machine.webp 720w, https:\/\/shuliybaler.com\/wp-content\/uploads\/2022\/11\/iron-scrap-cutting-machine-360x270.webp 360w, https:\/\/shuliybaler.com\/wp-content\/uploads\/2022\/11\/iron-scrap-cutting-machine-180x135.webp 180w\" sizes=\"auto, (max-width: 720px) 100vw, 720px\" \/><figcaption class=\"wp-element-caption\">M\u00e1quina de corte de sucata de ferro<\/figcaption><\/figure>    <h2 class=\"wp-block-heading\">O escopo de aplica\u00e7\u00e3o da m\u00e1quina de corte de sucata<\/h2>    <p class=\"translation-block\">As m\u00e1quinas de corte de chapas de sucata s\u00e3o adequadas para locais de reciclagem de metais para corte de metal, o que \u00e9 conveniente para reciclagem e reutiliza\u00e7\u00e3o; <a href=\"https:\/\/www.youtube.com\/watch?v=GNmdIftq4X8&amp;t=13s\" data-type=\"URL\" data-id=\"https:\/\/www.youtube.com\/watch?v=GNmdIftq4X8&amp;t=13s\" target=\"_blank\" rel=\"noopener\">m\u00e1quinas de corte de chapas de sucata<\/a> tamb\u00e9m podem ser usadas em f\u00e1bricas de reciclagem de autom\u00f3veis para desmantelar carros sucateados. As m\u00e1quinas de corte de metal tamb\u00e9m podem ser usadas em canteiros de obras para o corte de vergalh\u00f5es e metais. Portanto, as tesouras de cabe\u00e7a de tigre podem ser usadas para cortar todos os tipos de metais duros.<\/p>    <h2 class=\"wp-block-heading\">Vantagens da m\u00e1quina de corte de sucata<\/h2>    <figure class=\"wp-block-gallery has-nested-images columns-default is-cropped wp-block-gallery-2 is-layout-flex wp-block-gallery-is-layout-flex\"> <figure class=\"wp-block-image size-large\"><img loading=\"lazy\" decoding=\"async\" width=\"720\" height=\"540\" data-id=\"2909\" src=\"https:\/\/shuliybaler.com\/wp-content\/uploads\/2022\/11\/scrap-plate-shearing-machine.webp\" alt=\"m\u00e1quina de corte de sucata\" class=\"wp-image-2909\" title=\"\" srcset=\"https:\/\/shuliybaler.com\/wp-content\/uploads\/2022\/11\/scrap-plate-shearing-machine.webp 720w, https:\/\/shuliybaler.com\/wp-content\/uploads\/2022\/11\/scrap-plate-shearing-machine-360x270.webp 360w, https:\/\/shuliybaler.com\/wp-content\/uploads\/2022\/11\/scrap-plate-shearing-machine-180x135.webp 180w\" sizes=\"auto, (max-width: 720px) 100vw, 720px\" \/><figcaption class=\"wp-element-caption\">M\u00e1quina de corte de sucata<\/figcaption><\/figure>    <figure class=\"wp-block-image size-large\"><img loading=\"lazy\" decoding=\"async\" width=\"720\" height=\"540\" data-id=\"2910\" src=\"https:\/\/shuliybaler.com\/wp-content\/uploads\/2022\/11\/scrap-plate-shearing-machine-1.webp\" alt=\"m\u00e1quina de corte de sucata\" class=\"wp-image-2910\" title=\"\" srcset=\"https:\/\/shuliybaler.com\/wp-content\/uploads\/2022\/11\/scrap-plate-shearing-machine-1.webp 720w, https:\/\/shuliybaler.com\/wp-content\/uploads\/2022\/11\/scrap-plate-shearing-machine-1-360x270.webp 360w, https:\/\/shuliybaler.com\/wp-content\/uploads\/2022\/11\/scrap-plate-shearing-machine-1-180x135.webp 180w\" sizes=\"auto, (max-width: 720px) 100vw, 720px\" \/><figcaption class=\"wp-element-caption\">M\u00e1quina de corte de sucata<\/figcaption><\/figure> <\/figure>    <p>1. Esta m\u00e1quina de corte de sucata de ferro \u00e9 usada principalmente na ind\u00fastria de reciclagem e processamento de res\u00edduos. Usinas sider\u00fargicas de pequeno e m\u00e9dio porte cortam sucata a frio com v\u00e1rios formatos de se\u00e7\u00e3o transversal, como a\u00e7o redondo, a\u00e7o quadrado, canal de a\u00e7o, cantoneira de a\u00e7o, viga I, chapa de a\u00e7o, tubo de a\u00e7o e assim por diante.<\/p>    <p>2. Esta m\u00e1quina de corte de sucata de ferro possui fun\u00e7\u00f5es manuais e autom\u00e1ticas. O controle de opera\u00e7\u00e3o \u00e9 pr\u00e1tico e simples, e a tesoura pode ser cortada e parada em qualquer posi\u00e7\u00e3o durante o processo de trabalho. e de acordo com<\/p>    <p>3. Adota um acionamento hidr\u00e1ulico, que \u00e9 f\u00e1cil de operar e manter.<\/p>    <p>4. Comparada com a m\u00e1quina de corte por transmiss\u00e3o mec\u00e2nica, ela tem as vantagens de tamanho pequeno, leve, baixa in\u00e9rcia, baixo ru\u00eddo, a\u00e7\u00e3o est\u00e1vel, opera\u00e7\u00e3o conveniente, flexibilidade, grande se\u00e7\u00e3o de corte e ajuste conveniente da tesoura. \u00c9 seguro operar e f\u00e1cil de implementar. Prote\u00e7\u00e3o de sobrecarga.<\/p>    <figure class=\"wp-block-embed is-type-video is-provider-youtube wp-block-embed-youtube wp-embed-aspect-16-9 wp-has-aspect-ratio\"><div class=\"wp-block-embed__wrapper\"> <iframe loading=\"lazy\" title=\"M\u00e1quina cortadora hidr\u00e1ulica de sucata | m\u00e1quina de corte de sucata | m\u00e1quina de corte de sucata de ferro\" width=\"500\" height=\"281\" src=\"https:\/\/www.youtube.com\/embed\/B3-xPveJGvw?feature=oembed\" frameborder=\"0\" allow=\"accelerometer; autoplay; clipboard-write; encrypted-media; gyroscope; picture-in-picture; web-share\" referrerpolicy=\"strict-origin-when-cross-origin\" allowfullscreen><\/iframe> <\/div><\/figure>    <h2 class=\"wp-block-heading\">Par\u00e2metro da m\u00e1quina de corte de sucata<\/h2>    <figure class=\"wp-block-image size-full\"><img loading=\"lazy\" decoding=\"async\" width=\"720\" height=\"540\" src=\"https:\/\/shuliybaler.com\/wp-content\/uploads\/2022\/11\/hydraulic-metal-shearing-equipment.webp\" alt=\"equipamento hidr\u00e1ulico de corte de metal\" class=\"wp-image-2911\" title=\"\" srcset=\"https:\/\/shuliybaler.com\/wp-content\/uploads\/2022\/11\/hydraulic-metal-shearing-equipment.webp 720w, https:\/\/shuliybaler.com\/wp-content\/uploads\/2022\/11\/hydraulic-metal-shearing-equipment-360x270.webp 360w, https:\/\/shuliybaler.com\/wp-content\/uploads\/2022\/11\/hydraulic-metal-shearing-equipment-180x135.webp 180w\" sizes=\"auto, (max-width: 720px) 100vw, 720px\" \/><figcaption class=\"wp-element-caption\">Equipamento hidr\u00e1ulico de corte de metal<\/figcaption><\/figure>    <figure class=\"wp-block-table\"><table><tbody><tr><td>Press\u00e3o do equipamento<\/td><td>2.500 kn<\/td><\/tr><tr><td>Press\u00e3o do sistema<\/td><td>25mpa<\/td><\/tr><tr><td>Tamanho da l\u00e2mina<\/td><td>1000mm<\/td><\/tr><tr><td>Pot\u00eancia do motor<\/td><td>22kv<\/td><\/tr><tr><td>Capacidade da caixa de correio<\/td><td>360L<\/td><\/tr><tr><td>Tempos de corte <\/td><td>4-8<\/td><\/tr><tr><td>Tamanho da m\u00e1quina de corte<\/td><td>2000*1200*2100<\/td><\/tr><\/tbody><\/table><figcaption class=\"wp-element-caption\">M\u00e1quina de corte de sucata<\/figcaption><\/figure>    <h2 class=\"wp-block-heading\">Como funciona a m\u00e1quina de corte de sucata?<\/h2>    <figure class=\"wp-block-gallery has-nested-images columns-default is-cropped wp-block-gallery-3 is-layout-flex wp-block-gallery-is-layout-flex\"> <figure class=\"wp-block-image size-large\"><img loading=\"lazy\" decoding=\"async\" width=\"720\" height=\"540\" data-id=\"2913\" src=\"https:\/\/shuliybaler.com\/wp-content\/uploads\/2022\/11\/hydraulic-metal-shearing-equipment-2.webp\" alt=\"equipamento hidr\u00e1ulico de corte de metal\" class=\"wp-image-2913\" title=\"\" srcset=\"https:\/\/shuliybaler.com\/wp-content\/uploads\/2022\/11\/hydraulic-metal-shearing-equipment-2.webp 720w, https:\/\/shuliybaler.com\/wp-content\/uploads\/2022\/11\/hydraulic-metal-shearing-equipment-2-360x270.webp 360w, https:\/\/shuliybaler.com\/wp-content\/uploads\/2022\/11\/hydraulic-metal-shearing-equipment-2-180x135.webp 180w\" sizes=\"auto, (max-width: 720px) 100vw, 720px\" \/><figcaption class=\"wp-element-caption\">Equipamento hidr\u00e1ulico de corte de metal<\/figcaption><\/figure>    <figure class=\"wp-block-image size-large\"><img loading=\"lazy\" decoding=\"async\" width=\"720\" height=\"540\" data-id=\"2914\" src=\"https:\/\/shuliybaler.com\/wp-content\/uploads\/2022\/11\/hydraulic-metal-shearing-equipment-3.webp\" alt=\"equipamento hidr\u00e1ulico de corte de metal\" class=\"wp-image-2914\" title=\"\" srcset=\"https:\/\/shuliybaler.com\/wp-content\/uploads\/2022\/11\/hydraulic-metal-shearing-equipment-3.webp 720w, https:\/\/shuliybaler.com\/wp-content\/uploads\/2022\/11\/hydraulic-metal-shearing-equipment-3-360x270.webp 360w, https:\/\/shuliybaler.com\/wp-content\/uploads\/2022\/11\/hydraulic-metal-shearing-equipment-3-180x135.webp 180w\" sizes=\"auto, (max-width: 720px) 100vw, 720px\" \/><figcaption class=\"wp-element-caption\">Equipamento hidr\u00e1ulico de corte de metal<\/figcaption><\/figure>    <figure class=\"wp-block-image size-large\"><img loading=\"lazy\" decoding=\"async\" width=\"720\" height=\"540\" data-id=\"2915\" src=\"https:\/\/shuliybaler.com\/wp-content\/uploads\/2022\/11\/metal-shearing-equipment.webp\" alt=\"equipamento hidr\u00e1ulico de corte de metal\" class=\"wp-image-2915\" title=\"\" srcset=\"https:\/\/shuliybaler.com\/wp-content\/uploads\/2022\/11\/metal-shearing-equipment.webp 720w, https:\/\/shuliybaler.com\/wp-content\/uploads\/2022\/11\/metal-shearing-equipment-360x270.webp 360w, https:\/\/shuliybaler.com\/wp-content\/uploads\/2022\/11\/metal-shearing-equipment-180x135.webp 180w\" sizes=\"auto, (max-width: 720px) 100vw, 720px\" \/><figcaption class=\"wp-element-caption\">Equipamento hidr\u00e1ulico de corte de metal<\/figcaption><\/figure>    <figure class=\"wp-block-image size-large\"><img loading=\"lazy\" decoding=\"async\" width=\"720\" height=\"540\" data-id=\"2912\" src=\"https:\/\/shuliybaler.com\/wp-content\/uploads\/2022\/11\/hydraulic-metal-shearing-equipment-1.webp\" alt=\"equipamento hidr\u00e1ulico de corte de metal\" class=\"wp-image-2912\" title=\"\" srcset=\"https:\/\/shuliybaler.com\/wp-content\/uploads\/2022\/11\/hydraulic-metal-shearing-equipment-1.webp 720w, https:\/\/shuliybaler.com\/wp-content\/uploads\/2022\/11\/hydraulic-metal-shearing-equipment-1-360x270.webp 360w, https:\/\/shuliybaler.com\/wp-content\/uploads\/2022\/11\/hydraulic-metal-shearing-equipment-1-180x135.webp 180w\" sizes=\"auto, (max-width: 720px) 100vw, 720px\" \/><figcaption class=\"wp-element-caption\">Equipamento hidr\u00e1ulico de corte de metal<\/figcaption><\/figure> <\/figure>    <p>Comparada com a m\u00e1quina de corte por transmiss\u00e3o mec\u00e2nica, ela tem as vantagens de tamanho pequeno, peso leve, baixa in\u00e9rcia, baixo ru\u00eddo, a\u00e7\u00e3o est\u00e1vel, opera\u00e7\u00e3o conveniente, flexibilidade, grande se\u00e7\u00e3o de corte e ajuste conveniente da tesoura. \u00c9 seguro operar e usar e f\u00e1cil de obter prote\u00e7\u00e3o contra sobrecarga.<\/p>","protected":false},"excerpt":{"rendered":"<p>A m\u00e1quina cortadora de sucata \u00e9 um tipo de equipamento hidr\u00e1ulico de corte de metal. A apar\u00eancia \u00e9 semelhante \u00e0 da cabe\u00e7a do tigre, por isso tamb\u00e9m \u00e9 chamada de cisalhamento da cabe\u00e7a do tigre. As tesouras de cabe\u00e7a de tigre t\u00eam a mesma fun\u00e7\u00e3o que as m\u00e1quinas de cisalhamento de a\u00e7o de jacar\u00e9 e s\u00e3o adequadas para plantas de reciclagem e processamento de metal, p\u00e1tios de desmontagem de carros sucateados, ind\u00fastrias de fundi\u00e7\u00e3o e fundi\u00e7\u00e3o, e cisalhamento a frio e corte de v\u00e1rios formatos de a\u00e7o e v\u00e1rios materiais met\u00e1licos.<\/p>","protected":false},"author":1,"featured_media":2907,"parent":0,"template":"","tags":[37],"product-type":[43],"class_list":["post-2905","product","type-product","status-publish","has-post-thumbnail","hentry","tag-scrap-metal-shear-machine","product-type-metal-shear"],"_links":{"self":[{"href":"https:\/\/shuliybaler.com\/pt\/wp-json\/wp\/v2\/product\/2905","targetHints":{"allow":["GET"]}}],"collection":[{"href":"https:\/\/shuliybaler.com\/pt\/wp-json\/wp\/v2\/product"}],"about":[{"href":"https:\/\/shuliybaler.com\/pt\/wp-json\/wp\/v2\/types\/product"}],"author":[{"embeddable":true,"href":"https:\/\/shuliybaler.com\/pt\/wp-json\/wp\/v2\/users\/1"}],"wp:featuredmedia":[{"embeddable":true,"href":"https:\/\/shuliybaler.com\/pt\/wp-json\/wp\/v2\/media\/2907"}],"wp:attachment":[{"href":"https:\/\/shuliybaler.com\/pt\/wp-json\/wp\/v2\/media?parent=2905"}],"wp:term":[{"taxonomy":"post_tag","embeddable":true,"href":"https:\/\/shuliybaler.com\/pt\/wp-json\/wp\/v2\/tags?post=2905"},{"taxonomy":"product-type","embeddable":true,"href":"https:\/\/shuliybaler.com\/pt\/wp-json\/wp\/v2\/product-type?post=2905"}],"curies":[{"name":"wp","href":"https:\/\/api.w.org\/{rel}","templated":true}]}}