{"id":2916,"date":"2022-11-16T18:06:03","date_gmt":"2022-11-16T10:06:03","guid":{"rendered":"https:\/\/shuliybaler.com\/?post_type=product&#038;p=2916"},"modified":"2022-12-13T11:34:27","modified_gmt":"2022-12-13T03:34:27","slug":"steel-drum-shredder","status":"publish","type":"product","link":"https:\/\/shuliybaler.com\/pt\/product\/steel-drum-shredder\/","title":{"rendered":"Triturador de tambor de a\u00e7o | triturador de barris de a\u00e7o"},"content":{"rendered":"<p class=\"translation-block\">O triturador de tambor de a\u00e7o tamb\u00e9m \u00e9 chamado de triturador de eixo duplo. Este <a href=\"https:\/\/shuliybaler.com\/pt\/product\/scrap-metal-shredder-machine\/\" data-type=\"URL\" data-id=\"https:\/\/shuliybaler.com\/product\/scrap-metal-shredder-machine\/\">triturador de tambores de a\u00e7o<\/a> pode triturar pneus, metais, sucata de a\u00e7o, carros sucateados, etc. O <a href=\"https:\/\/www.greif.com\/steel-drums\/\" data-type=\"URL\" data-id=\"https:\/\/www.greif.com\/steel-drums\/\" target=\"_blank\" rel=\"noopener\">triturador de tambores de a\u00e7o<\/a> corta, tritura, espreme, etc. Reduzido em tamanho. O triturador de tambor de ferro \u00e9 uma m\u00e1quina muito importante em equipamentos de reciclagem de prote\u00e7\u00e3o ambiental. A faca da m\u00e1quina tem alta dureza, uma ampla gama de uso e baixo ru\u00eddo. Baixo consumo de energia.<\/p>    <figure class=\"wp-block-image size-full\"><img loading=\"lazy\" decoding=\"async\" width=\"720\" height=\"540\" src=\"https:\/\/shuliybaler.com\/wp-content\/uploads\/2022\/11\/steel-drum-shredder-1.jpg\" alt=\"triturador de tambor de a\u00e7o\" class=\"wp-image-2922\" title=\"\" srcset=\"https:\/\/shuliybaler.com\/wp-content\/uploads\/2022\/11\/steel-drum-shredder-1.jpg 720w, https:\/\/shuliybaler.com\/wp-content\/uploads\/2022\/11\/steel-drum-shredder-1-360x270.jpg 360w, https:\/\/shuliybaler.com\/wp-content\/uploads\/2022\/11\/steel-drum-shredder-1-180x135.jpg 180w\" sizes=\"auto, (max-width: 720px) 100vw, 720px\" \/><figcaption class=\"wp-element-caption\">Triturador de tambor de a\u00e7o<\/figcaption><\/figure>    <h2 class=\"wp-block-heading\">\u00c2mbito de aplica\u00e7\u00e3o do triturador de tambor de a\u00e7o<\/h2>    <figure class=\"wp-block-image size-full\"><img loading=\"lazy\" decoding=\"async\" width=\"720\" height=\"540\" src=\"https:\/\/shuliybaler.com\/wp-content\/uploads\/2022\/11\/application-of-steel-drum-shredder.jpg\" alt=\"aplica\u00e7\u00e3o de triturador de tambor de a\u00e7o\" class=\"wp-image-2923\" title=\"\" srcset=\"https:\/\/shuliybaler.com\/wp-content\/uploads\/2022\/11\/application-of-steel-drum-shredder.jpg 720w, https:\/\/shuliybaler.com\/wp-content\/uploads\/2022\/11\/application-of-steel-drum-shredder-360x270.jpg 360w, https:\/\/shuliybaler.com\/wp-content\/uploads\/2022\/11\/application-of-steel-drum-shredder-180x135.jpg 180w\" sizes=\"auto, (max-width: 720px) 100vw, 720px\" \/><figcaption class=\"wp-element-caption\">Aplica\u00e7\u00e3o de triturador de tambor de a\u00e7o<\/figcaption><\/figure>    <p class=\"translation-block\"><strong>Metais<\/strong>: latas, latas de metal, bicicletas de ferro, cascas de carro<\/p>    <p class=\"translation-block\"><strong>Madeira<\/strong>: mobili\u00e1rio de lixo, ramos, troncos, sobras de madeira, paletes de madeira, madeira s\u00f3lida,<\/p>    <p>Borracha: pneus usados, fitas, ind\u00fastria de mangueiras, produtos de borracha,<\/p>    <p>Pl\u00e1sticos, filmes pl\u00e1sticos, sacos pl\u00e1sticos, sacos tecidos, garrafas pl\u00e1sticas,<\/p>    <p>Tipo de tubo: tubo de pl\u00e1stico, tubo PE, tubo de alum\u00ednio met\u00e1lico,<\/p>    <figure class=\"wp-block-image size-full\"><img loading=\"lazy\" decoding=\"async\" width=\"720\" height=\"540\" src=\"https:\/\/shuliybaler.com\/wp-content\/uploads\/2022\/11\/steel-barrels-crusher.jpg\" alt=\"triturador de barris de a\u00e7o\" class=\"wp-image-2925\" title=\"\" srcset=\"https:\/\/shuliybaler.com\/wp-content\/uploads\/2022\/11\/steel-barrels-crusher.jpg 720w, https:\/\/shuliybaler.com\/wp-content\/uploads\/2022\/11\/steel-barrels-crusher-360x270.jpg 360w, https:\/\/shuliybaler.com\/wp-content\/uploads\/2022\/11\/steel-barrels-crusher-180x135.jpg 180w\" sizes=\"auto, (max-width: 720px) 100vw, 720px\" \/><figcaption class=\"wp-element-caption\">Triturador de barris de a\u00e7o<\/figcaption><\/figure>    <p>Embalagem: sacos de tecido, sacos pl\u00e1sticos, recebimento de lixo,<\/p>    <p>Eletr\u00f4nicos: placas de circuito de geladeira, caixas de laptop, caixas de TV<\/p>    <p>Papel: livros e jornais antigos, revistas, papel de c\u00f3pia,<\/p>    <p>Carne: ossos de porco, caldo de carne,<\/p>    <p>Vidro: tubos de luz, copos de vidro, garrafas de vidro<\/p>    <h2 class=\"wp-block-heading\">O papel do triturador de tambor de a\u00e7o<\/h2>    <figure class=\"wp-block-image size-full\"><img loading=\"lazy\" decoding=\"async\" width=\"720\" height=\"540\" src=\"https:\/\/shuliybaler.com\/wp-content\/uploads\/2022\/11\/steel-drum-shredder-2.jpg\" alt=\"triturador de tambor de a\u00e7o\" class=\"wp-image-2924\" title=\"\" srcset=\"https:\/\/shuliybaler.com\/wp-content\/uploads\/2022\/11\/steel-drum-shredder-2.jpg 720w, https:\/\/shuliybaler.com\/wp-content\/uploads\/2022\/11\/steel-drum-shredder-2-360x270.jpg 360w, https:\/\/shuliybaler.com\/wp-content\/uploads\/2022\/11\/steel-drum-shredder-2-180x135.jpg 180w\" sizes=\"auto, (max-width: 720px) 100vw, 720px\" \/><figcaption class=\"wp-element-caption\">Triturador de tambor de a\u00e7o<\/figcaption><\/figure>    <p>A principal fun\u00e7\u00e3o do britador de barril de ferro \u00e9 triturar o material, que geralmente \u00e9 usado para processar mat\u00e9rias-primas n\u00e3o processadas ou sucatas. O tamanho do per\u00edodo fica menor. Por exemplo, garrafas pl\u00e1sticas s\u00e3o trituradas, pneus s\u00e3o triturados e depois derretidos em gr\u00e2nulos, usados \u200b\u200bcomo mat\u00e9ria-prima e reciclados. Este triturador de barris de ferro tamb\u00e9m \u00e9 frequentemente usado para triturar barris de ferro usados \u200b\u200be depois recicl\u00e1-los para criar valor econ\u00f4mico.<\/p>    <figure class=\"wp-block-image size-full\"><img loading=\"lazy\" decoding=\"async\" width=\"720\" height=\"540\" src=\"https:\/\/shuliybaler.com\/wp-content\/uploads\/2022\/11\/steel-drum-shredder-2-1.jpg\" alt=\"triturador de tambor de a\u00e7o\" class=\"wp-image-2929\" title=\"\" srcset=\"https:\/\/shuliybaler.com\/wp-content\/uploads\/2022\/11\/steel-drum-shredder-2-1.jpg 720w, https:\/\/shuliybaler.com\/wp-content\/uploads\/2022\/11\/steel-drum-shredder-2-1-360x270.jpg 360w, https:\/\/shuliybaler.com\/wp-content\/uploads\/2022\/11\/steel-drum-shredder-2-1-180x135.jpg 180w\" sizes=\"auto, (max-width: 720px) 100vw, 720px\" \/><figcaption class=\"wp-element-caption\">Triturador de tambor de a\u00e7o<\/figcaption><\/figure>    <h2 class=\"wp-block-heading\">Componentes de um triturador de barris de a\u00e7o<\/h2>    <figure class=\"wp-block-gallery has-nested-images columns-default is-cropped wp-block-gallery-2 is-layout-flex wp-block-gallery-is-layout-flex\"> <figure class=\"wp-block-image size-large\"><img loading=\"lazy\" decoding=\"async\" width=\"720\" height=\"540\" data-id=\"2918\" src=\"https:\/\/shuliybaler.com\/wp-content\/uploads\/2022\/11\/steel-barrels-crusher-knife.jpg\" alt=\"faca trituradora de barris de a\u00e7o\" class=\"wp-image-2918\" title=\"\" srcset=\"https:\/\/shuliybaler.com\/wp-content\/uploads\/2022\/11\/steel-barrels-crusher-knife.jpg 720w, https:\/\/shuliybaler.com\/wp-content\/uploads\/2022\/11\/steel-barrels-crusher-knife-360x270.jpg 360w, https:\/\/shuliybaler.com\/wp-content\/uploads\/2022\/11\/steel-barrels-crusher-knife-180x135.jpg 180w\" sizes=\"auto, (max-width: 720px) 100vw, 720px\" \/><figcaption class=\"wp-element-caption\">Faca trituradora de barris de a\u00e7o<\/figcaption><\/figure>    <figure class=\"wp-block-image size-large\"><img loading=\"lazy\" decoding=\"async\" width=\"720\" height=\"540\" data-id=\"2919\" src=\"https:\/\/shuliybaler.com\/wp-content\/uploads\/2022\/11\/machine-bearing.jpg\" alt=\"rolamento do triturador de barris de a\u00e7o\" class=\"wp-image-2919\" title=\"\" srcset=\"https:\/\/shuliybaler.com\/wp-content\/uploads\/2022\/11\/machine-bearing.jpg 720w, https:\/\/shuliybaler.com\/wp-content\/uploads\/2022\/11\/machine-bearing-360x270.jpg 360w, https:\/\/shuliybaler.com\/wp-content\/uploads\/2022\/11\/machine-bearing-180x135.jpg 180w\" sizes=\"auto, (max-width: 720px) 100vw, 720px\" \/><figcaption class=\"wp-element-caption\">Rolamento do triturador de barris de a\u00e7o<\/figcaption><\/figure>    <figure class=\"wp-block-image size-large\"><img loading=\"lazy\" decoding=\"async\" width=\"720\" height=\"540\" data-id=\"2920\" src=\"https:\/\/shuliybaler.com\/wp-content\/uploads\/2022\/11\/steel-barrels-crusher-details.jpg\" alt=\"detalhes do triturador de barris de a\u00e7o\" class=\"wp-image-2920\" title=\"\" srcset=\"https:\/\/shuliybaler.com\/wp-content\/uploads\/2022\/11\/steel-barrels-crusher-details.jpg 720w, https:\/\/shuliybaler.com\/wp-content\/uploads\/2022\/11\/steel-barrels-crusher-details-360x270.jpg 360w, https:\/\/shuliybaler.com\/wp-content\/uploads\/2022\/11\/steel-barrels-crusher-details-180x135.jpg 180w\" sizes=\"auto, (max-width: 720px) 100vw, 720px\" \/><figcaption class=\"wp-element-caption\">Detalhes do triturador de barris de a\u00e7o<\/figcaption><\/figure> <\/figure>    <p>O triturador de eixo duplo \u00e9 um tipo de equipamento mec\u00e2nico de tritura\u00e7\u00e3o de res\u00edduos s\u00f3lidos. \u00c9 composto principalmente por um fuso de l\u00e2mina, uma faca fixa, uma caixa de suporte de carga, uma caixa, um suporte, um sistema de alimenta\u00e7\u00e3o, um sistema de propuls\u00e3o hidr\u00e1ulica, um sistema de energia e um sistema de controle de motor. O material entra pela parte superior da m\u00e1quina, passa pela l\u00e2mina e as pe\u00e7as do tambor de ferro triturado saem pela parte inferior da m\u00e1quina. Uma correia transportadora pode ser colocada sob a m\u00e1quina para realizar o processamento totalmente autom\u00e1tico.<\/p>    <figure class=\"wp-block-embed is-type-video is-provider-youtube wp-block-embed-youtube wp-embed-aspect-16-9 wp-has-aspect-ratio\"><div class=\"wp-block-embed__wrapper\"> <iframe loading=\"lazy\" title=\"que m\u00e1quina trituradora de metal pode esmagar qualquer coisa\uff1f | m\u00e1quina trituradora de sucata | triturador de sucata\" width=\"500\" height=\"281\" src=\"https:\/\/www.youtube.com\/embed\/Vk_1d0oict8?feature=oembed\" frameborder=\"0\" allow=\"accelerometer; autoplay; clipboard-write; encrypted-media; gyroscope; picture-in-picture; web-share\" referrerpolicy=\"strict-origin-when-cross-origin\" allowfullscreen><\/iframe> <\/div><figcaption class=\"wp-element-caption\">V\u00eddeo do triturador de tambor de a\u00e7o<\/figcaption><\/figure>    <h2 class=\"wp-block-heading\">Vantagens do triturador de tambor de a\u00e7o<\/h2>    <figure class=\"wp-block-image size-full\"><img loading=\"lazy\" decoding=\"async\" width=\"720\" height=\"540\" src=\"https:\/\/shuliybaler.com\/wp-content\/uploads\/2022\/11\/steel-drum-shredder.jpg\" alt=\"triturador de tambor de a\u00e7o\" class=\"wp-image-2921\" title=\"\" srcset=\"https:\/\/shuliybaler.com\/wp-content\/uploads\/2022\/11\/steel-drum-shredder.jpg 720w, https:\/\/shuliybaler.com\/wp-content\/uploads\/2022\/11\/steel-drum-shredder-360x270.jpg 360w, https:\/\/shuliybaler.com\/wp-content\/uploads\/2022\/11\/steel-drum-shredder-180x135.jpg 180w\" sizes=\"auto, (max-width: 720px) 100vw, 720px\" \/><figcaption class=\"wp-element-caption\">Triturador de tambor de a\u00e7o<\/figcaption><\/figure>    <p>1. O conjunto \u00e9 guiado, o que garante alta resist\u00eancia mec\u00e2nica e precis\u00e3o de processamento, prolonga a vida \u00fatil do equipamento e economiza custos de manuten\u00e7\u00e3o<\/p>    <p>2. Tecnologia de faca fixa remov\u00edvel independente, cada faca fixa pode ser desmontada e instalada de forma independente. Pode ser desmontado em pouco tempo e rapidamente, o que reduz a carga de trabalho manual e melhora a continuidade normal.<\/p>    <p>3. Personaliza\u00e7\u00e3o da ferramenta. O cortador pode ser substitu\u00eddo para controlar a finura do material triturado do triturador de tambor de a\u00e7o. Realize a produ\u00e7\u00e3o de m\u00e1quinas control\u00e1veis.<\/p>    <figure class=\"wp-block-gallery has-nested-images columns-default is-cropped wp-block-gallery-3 is-layout-flex wp-block-gallery-is-layout-flex\"> <figure class=\"wp-block-image size-large\"><img loading=\"lazy\" decoding=\"async\" width=\"720\" height=\"540\" data-id=\"2926\" src=\"https:\/\/shuliybaler.com\/wp-content\/uploads\/2022\/11\/steel-barrels-crusher-1.jpg\" alt=\"triturador de barris de a\u00e7o\" class=\"wp-image-2926\" title=\"\" srcset=\"https:\/\/shuliybaler.com\/wp-content\/uploads\/2022\/11\/steel-barrels-crusher-1.jpg 720w, https:\/\/shuliybaler.com\/wp-content\/uploads\/2022\/11\/steel-barrels-crusher-1-360x270.jpg 360w, https:\/\/shuliybaler.com\/wp-content\/uploads\/2022\/11\/steel-barrels-crusher-1-180x135.jpg 180w\" sizes=\"auto, (max-width: 720px) 100vw, 720px\" \/><figcaption class=\"wp-element-caption\">Triturador de barris de a\u00e7o<\/figcaption><\/figure>    <figure class=\"wp-block-image size-large\"><img loading=\"lazy\" decoding=\"async\" width=\"720\" height=\"540\" data-id=\"2927\" src=\"https:\/\/shuliybaler.com\/wp-content\/uploads\/2022\/11\/steel-barrels-crusher-2.jpg\" alt=\"triturador de barris de a\u00e7o\" class=\"wp-image-2927\" title=\"\" srcset=\"https:\/\/shuliybaler.com\/wp-content\/uploads\/2022\/11\/steel-barrels-crusher-2.jpg 720w, https:\/\/shuliybaler.com\/wp-content\/uploads\/2022\/11\/steel-barrels-crusher-2-360x270.jpg 360w, https:\/\/shuliybaler.com\/wp-content\/uploads\/2022\/11\/steel-barrels-crusher-2-180x135.jpg 180w\" sizes=\"auto, (max-width: 720px) 100vw, 720px\" \/><figcaption class=\"wp-element-caption\">Triturador de barris de a\u00e7o<\/figcaption><\/figure>    <figure class=\"wp-block-image size-large\"><img loading=\"lazy\" decoding=\"async\" width=\"720\" height=\"540\" data-id=\"2928\" src=\"https:\/\/shuliybaler.com\/wp-content\/uploads\/2022\/11\/steel-barrels-crusher-3.jpg\" alt=\"triturador de barris de a\u00e7o\" class=\"wp-image-2928\" title=\"\" srcset=\"https:\/\/shuliybaler.com\/wp-content\/uploads\/2022\/11\/steel-barrels-crusher-3.jpg 720w, https:\/\/shuliybaler.com\/wp-content\/uploads\/2022\/11\/steel-barrels-crusher-3-360x270.jpg 360w, https:\/\/shuliybaler.com\/wp-content\/uploads\/2022\/11\/steel-barrels-crusher-3-180x135.jpg 180w\" sizes=\"auto, (max-width: 720px) 100vw, 720px\" \/><figcaption class=\"wp-element-caption\">Triturador de barris de a\u00e7o<\/figcaption><\/figure> <\/figure>","protected":false},"excerpt":{"rendered":"<p>O triturador de tambor de a\u00e7o tamb\u00e9m \u00e9 chamado de triturador de eixo duplo. Este triturador de barris de a\u00e7o pode esmagar pneus, metais, sucata de a\u00e7o, sucata de carros, etc. O triturador de barris de a\u00e7o corta, tritura, aperta, etc. <\/p>","protected":false},"author":1,"featured_media":2917,"parent":0,"template":"","tags":[],"product-type":[46],"class_list":["post-2916","product","type-product","status-publish","has-post-thumbnail","hentry","product-type-metal-shredder"],"_links":{"self":[{"href":"https:\/\/shuliybaler.com\/pt\/wp-json\/wp\/v2\/product\/2916","targetHints":{"allow":["GET"]}}],"collection":[{"href":"https:\/\/shuliybaler.com\/pt\/wp-json\/wp\/v2\/product"}],"about":[{"href":"https:\/\/shuliybaler.com\/pt\/wp-json\/wp\/v2\/types\/product"}],"author":[{"embeddable":true,"href":"https:\/\/shuliybaler.com\/pt\/wp-json\/wp\/v2\/users\/1"}],"wp:featuredmedia":[{"embeddable":true,"href":"https:\/\/shuliybaler.com\/pt\/wp-json\/wp\/v2\/media\/2917"}],"wp:attachment":[{"href":"https:\/\/shuliybaler.com\/pt\/wp-json\/wp\/v2\/media?parent=2916"}],"wp:term":[{"taxonomy":"post_tag","embeddable":true,"href":"https:\/\/shuliybaler.com\/pt\/wp-json\/wp\/v2\/tags?post=2916"},{"taxonomy":"product-type","embeddable":true,"href":"https:\/\/shuliybaler.com\/pt\/wp-json\/wp\/v2\/product-type?post=2916"}],"curies":[{"name":"wp","href":"https:\/\/api.w.org\/{rel}","templated":true}]}}