{"id":2952,"date":"2022-12-01T14:12:42","date_gmt":"2022-12-01T06:12:42","guid":{"rendered":"https:\/\/shuliybaler.com\/?post_type=product&#038;p=2952"},"modified":"2022-12-13T11:30:36","modified_gmt":"2022-12-13T03:30:36","slug":"wood-pallet-shredder-machine","status":"publish","type":"product","link":"https:\/\/shuliybaler.com\/pt\/product\/wood-pallet-shredder-machine\/","title":{"rendered":"M\u00e1quina trituradora de paletes de madeira | m\u00e1quina trituradora de paletes de madeira"},"content":{"rendered":"<p class=\"translation-block\">Esta m\u00e1quina trituradora de paletes de madeira \u00e9 um triturador multifuncional, que pode triturar paletes de madeira, tambores de ferro, carros sucateados, caixas de cart\u00e3o e <a href=\"https:\/\/en.wikipedia.org\/wiki\/Tire_recycling\" data-type=\"URL\" data-id=\"https:\/\/en.wikipedia.org\/wiki\/Tire_recycling\" target=\"_blank\" rel=\"noopener\">pneus<\/a>, usado principalmente na ind\u00fastria de reciclagem, a m\u00e1quina trituradora de paletes de madeira \u00e9 f\u00e1cil de operar e eficiente, este <a href=\"https:\/\/shuliybaler.com\/pt\/product\/scrap-metal-shredder-machine\/\" data-type=\"URL\" data-id=\"https:\/\/shuliybaler.com\/product\/scrap-metal-shredder-machine\/\">triturador de paletes de madeira<\/a> tamb\u00e9m \u00e9 chamado de triturador de eixo duplo porque a m\u00e1quina tem dois eixos com l\u00e2minas, que se movem na mesma dire\u00e7\u00e3o durante o trabalho para alcan\u00e7ar o efeito de tritura\u00e7\u00e3o dos materiais. Esta m\u00e1quina est\u00e1 a vender muito bem nos Emirados \u00c1rabes Unidos, Austr\u00e1lia, Espanha, Paquist\u00e3o, Maced\u00f3nia, Arg\u00e9lia e outros pa\u00edses.<\/p>   <div class=\"wp-block-image\"> <figure class=\"aligncenter size-full\"><img loading=\"lazy\" decoding=\"async\" width=\"720\" height=\"540\" src=\"https:\/\/shuliybaler.com\/wp-content\/uploads\/2022\/12\/wooden-pallet-shredding-machine.webp\" alt=\"m\u00e1quina trituradora de paletes de madeira\" class=\"wp-image-2960\" title=\"\" srcset=\"https:\/\/shuliybaler.com\/wp-content\/uploads\/2022\/12\/wooden-pallet-shredding-machine.webp 720w, https:\/\/shuliybaler.com\/wp-content\/uploads\/2022\/12\/wooden-pallet-shredding-machine-360x270.webp 360w, https:\/\/shuliybaler.com\/wp-content\/uploads\/2022\/12\/wooden-pallet-shredding-machine-180x135.webp 180w\" sizes=\"auto, (max-width: 720px) 100vw, 720px\" \/><figcaption class=\"wp-element-caption\">m\u00e1quina trituradora de paletes de madeira<\/figcaption><\/figure> <\/div>   <h2 class=\"wp-block-heading\">O papel da m\u00e1quina trituradora de paletes de madeira <\/h2>    <figure class=\"wp-block-gallery has-nested-images columns-default is-cropped wp-block-gallery-2 is-layout-flex wp-block-gallery-is-layout-flex\"> <figure class=\"wp-block-image size-large\"><img loading=\"lazy\" decoding=\"async\" width=\"720\" height=\"540\" data-id=\"2954\" src=\"https:\/\/shuliybaler.com\/wp-content\/uploads\/2022\/12\/wood-pallet.webp\" alt=\"pallet de madeira\" class=\"wp-image-2954\" title=\"\" srcset=\"https:\/\/shuliybaler.com\/wp-content\/uploads\/2022\/12\/wood-pallet.webp 720w, https:\/\/shuliybaler.com\/wp-content\/uploads\/2022\/12\/wood-pallet-360x270.webp 360w, https:\/\/shuliybaler.com\/wp-content\/uploads\/2022\/12\/wood-pallet-180x135.webp 180w\" sizes=\"auto, (max-width: 720px) 100vw, 720px\" \/><figcaption class=\"wp-element-caption\">Pallet de madeira<\/figcaption><\/figure>    <figure class=\"wp-block-image size-large\"><img loading=\"lazy\" decoding=\"async\" width=\"720\" height=\"540\" data-id=\"2955\" src=\"https:\/\/shuliybaler.com\/wp-content\/uploads\/2022\/12\/wood-pallet-crushing.webp\" alt=\"esmagamento de paletes de madeira\" class=\"wp-image-2955\" title=\"\" srcset=\"https:\/\/shuliybaler.com\/wp-content\/uploads\/2022\/12\/wood-pallet-crushing.webp 720w, https:\/\/shuliybaler.com\/wp-content\/uploads\/2022\/12\/wood-pallet-crushing-360x270.webp 360w, https:\/\/shuliybaler.com\/wp-content\/uploads\/2022\/12\/wood-pallet-crushing-180x135.webp 180w\" sizes=\"auto, (max-width: 720px) 100vw, 720px\" \/><figcaption class=\"wp-element-caption\">Esmagamento de paletes de madeira<\/figcaption><\/figure> <\/figure>    <p>O uso da m\u00e1quina trituradora de paletes de madeira \u00e9 principalmente para triturar os res\u00edduos de paletes de madeira. Os paletes de madeira triturados podem ser usados \u200b\u200bpara fazer carv\u00e3o e reaproveitados. Quando a m\u00e1quina est\u00e1 funcionando, os pregos podem ser carregados e as etapas de retirada dos pregos s\u00e3o subtra\u00eddas. . Quando em uso, coloque o palete de madeira diretamente da parte superior da m\u00e1quina, e a britadeira pode sair diretamente da parte inferior da m\u00e1quina. Uma correia transportadora pode ser colocada sob a m\u00e1quina para uma produ\u00e7\u00e3o totalmente autom\u00e1tica.<\/p>    <figure class=\"wp-block-embed is-type-video is-provider-youtube wp-block-embed-youtube wp-embed-aspect-16-9 wp-has-aspect-ratio\"><div class=\"wp-block-embed__wrapper\"> <iframe loading=\"lazy\" title=\"M\u00e1quina trituradora de paletes de madeira | trituradora de madeira trituradora mahcine | triturador de eixo duplo\" width=\"500\" height=\"281\" src=\"https:\/\/www.youtube.com\/embed\/QUaXAB-KYM4?start=139&#038;feature=oembed\" frameborder=\"0\" allow=\"accelerometer; autoplay; clipboard-write; encrypted-media; gyroscope; picture-in-picture; web-share\" referrerpolicy=\"strict-origin-when-cross-origin\" allowfullscreen><\/iframe> <\/div><figcaption class=\"wp-element-caption\">m\u00e1quina trituradora de madeira <\/figcaption><\/figure>    <h2 class=\"wp-block-heading\">Personaliza\u00e7\u00e3o de facas trituradoras de paletes de madeira<\/h2>   <div class=\"wp-block-image\"> <figure class=\"aligncenter size-full\"><img loading=\"lazy\" decoding=\"async\" width=\"720\" height=\"540\" src=\"https:\/\/shuliybaler.com\/wp-content\/uploads\/2022\/12\/Wooden-pallet-shredder-knives.jpg\" alt=\"Facas trituradoras de paletes de madeira \" class=\"wp-image-2956\" title=\"\" srcset=\"https:\/\/shuliybaler.com\/wp-content\/uploads\/2022\/12\/Wooden-pallet-shredder-knives.jpg 720w, https:\/\/shuliybaler.com\/wp-content\/uploads\/2022\/12\/Wooden-pallet-shredder-knives-360x270.jpg 360w, https:\/\/shuliybaler.com\/wp-content\/uploads\/2022\/12\/Wooden-pallet-shredder-knives-180x135.jpg 180w\" sizes=\"auto, (max-width: 720px) 100vw, 720px\" \/><figcaption class=\"wp-element-caption\">Facas trituradoras de paletes de madeira <\/figcaption><\/figure> <\/div>   <p>O papel do cortador n\u00e3o \u00e9 apenas esmagar o palete de madeira, mas tamb\u00e9m controlar o tamanho do palete de madeira triturado. Se quiser diminuir a madeira triturada, pode adicionar mais facas, caso contr\u00e1rio, o palete de madeira ficar\u00e1 maior.<\/p>    <h2 class=\"wp-block-heading\">A estrutura do triturador de paletes de madeira<\/h2>   <div class=\"wp-block-image\"> <figure class=\"aligncenter size-full\"><img loading=\"lazy\" decoding=\"async\" width=\"720\" height=\"540\" src=\"https:\/\/shuliybaler.com\/wp-content\/uploads\/2022\/12\/wood-pallet-shredder.webp\" alt=\"triturador de paletes de madeira\" class=\"wp-image-2957\" title=\"\" srcset=\"https:\/\/shuliybaler.com\/wp-content\/uploads\/2022\/12\/wood-pallet-shredder.webp 720w, https:\/\/shuliybaler.com\/wp-content\/uploads\/2022\/12\/wood-pallet-shredder-360x270.webp 360w, https:\/\/shuliybaler.com\/wp-content\/uploads\/2022\/12\/wood-pallet-shredder-180x135.webp 180w\" sizes=\"auto, (max-width: 720px) 100vw, 720px\" \/><figcaption class=\"wp-element-caption\">triturador de paletes de madeira<\/figcaption><\/figure> <\/div>   <p class=\"translation-block\">A estrutura principal do <a href=\"https:\/\/shuliybaler.com\/pt\/product\/steel-drum-shredder\/\" data-type=\"URL\" data-id=\"https:\/\/shuliybaler.com\/product\/steel-drum-shredder\/\">triturador de eixo duplo<\/a> inclui l\u00e2minas trituradoras, caixas de engrenagens, componentes de transmiss\u00e3o e caixas el\u00e9tricas. Quando o triturador de paletes de madeira est\u00e1 em uso, o material entra pela parte superior da m\u00e1quina e, ap\u00f3s ser triturado pela m\u00e1quina, a madeira sai pela parte inferior da m\u00e1quina. Uma correia transportadora pode ser conectada sob a m\u00e1quina para que a serragem seja transportada automaticamente, e a tritura\u00e7\u00e3o da madeira seja mais eficiente.<\/p>    <h2 class=\"wp-block-heading\">Par\u00e2metros do triturador de paletes de madeira<\/h2>   <div class=\"wp-block-image\"> <figure class=\"aligncenter size-full\"><img loading=\"lazy\" decoding=\"async\" width=\"720\" height=\"540\" src=\"https:\/\/shuliybaler.com\/wp-content\/uploads\/2022\/12\/wood-pallet-shredder-mahcine.webp\" alt=\"triturador de paletes de madeira\" class=\"wp-image-2958\" title=\"\" srcset=\"https:\/\/shuliybaler.com\/wp-content\/uploads\/2022\/12\/wood-pallet-shredder-mahcine.webp 720w, https:\/\/shuliybaler.com\/wp-content\/uploads\/2022\/12\/wood-pallet-shredder-mahcine-360x270.webp 360w, https:\/\/shuliybaler.com\/wp-content\/uploads\/2022\/12\/wood-pallet-shredder-mahcine-180x135.webp 180w\" sizes=\"auto, (max-width: 720px) 100vw, 720px\" \/><figcaption class=\"wp-element-caption\">m\u00e1quina trituradora de paletes de madeira <\/figcaption><\/figure> <\/div>   <figure class=\"wp-block-table\"><table><tbody><tr><td>Modelo<\/td><td>Pot\u00eancia (kW)<\/td><td>Produ\u00e7\u00e3o (t\/h)<\/td><td>Quantidade de l\u00e2minas (pcs)<\/td><\/tr><tr><td>400<\/td><td>7.5*2<\/td><td>0.5-1<\/td><td>20<\/td><\/tr><tr><td>600<\/td><td>11*2<\/td><td>1.5-2<\/td><td>30<\/td><\/tr><tr><td>800<\/td><td>18.5*2<\/td><td>2-3<\/td><td>40<\/td><\/tr><tr><td>1000<\/td><td>22*2<\/td><td>4-5<\/td><td>50<\/td><\/tr><tr><td>1200<\/td><td>37*2<\/td><td>5-7<\/td><td>30<\/td><\/tr><tr><td>1400<\/td><td>45*2<\/td><td>8-10<\/td><td>40<\/td><\/tr><tr><td>1600<\/td><td>75*2<\/td><td>12-15<\/td><td>20<\/td><\/tr><tr><td>1800<\/td><td>75*2<\/td><td>15-18<\/td><td>18<\/td><\/tr><tr><td>2000<\/td><td>90*2<\/td><td>20-25<\/td><td>20<\/td><\/tr><\/tbody><\/table><figcaption class=\"wp-element-caption\">Par\u00e2metros do triturador de paletes de madeira<\/figcaption><\/figure>    <figure class=\"wp-block-gallery has-nested-images columns-default is-cropped wp-block-gallery-3 is-layout-flex wp-block-gallery-is-layout-flex\"> <figure class=\"wp-block-image size-large\"><img loading=\"lazy\" decoding=\"async\" width=\"720\" height=\"540\" data-id=\"2961\" src=\"https:\/\/shuliybaler.com\/wp-content\/uploads\/2022\/12\/Wood-pallet-shredder-machine-1.webp\" alt=\"M\u00e1quina trituradora de paletes de madeira \" class=\"wp-image-2961\" title=\"\" srcset=\"https:\/\/shuliybaler.com\/wp-content\/uploads\/2022\/12\/Wood-pallet-shredder-machine-1.webp 720w, https:\/\/shuliybaler.com\/wp-content\/uploads\/2022\/12\/Wood-pallet-shredder-machine-1-360x270.webp 360w, https:\/\/shuliybaler.com\/wp-content\/uploads\/2022\/12\/Wood-pallet-shredder-machine-1-180x135.webp 180w\" sizes=\"auto, (max-width: 720px) 100vw, 720px\" \/><figcaption class=\"wp-element-caption\">M\u00e1quina trituradora de paletes de madeira <\/figcaption><\/figure>    <figure class=\"wp-block-image size-large\"><img loading=\"lazy\" decoding=\"async\" width=\"720\" height=\"540\" data-id=\"2962\" src=\"https:\/\/shuliybaler.com\/wp-content\/uploads\/2022\/12\/Wood-pallet-shredder-machine-2.webp\" alt=\"M\u00e1quina trituradora de paletes de madeira \" class=\"wp-image-2962\" title=\"\" srcset=\"https:\/\/shuliybaler.com\/wp-content\/uploads\/2022\/12\/Wood-pallet-shredder-machine-2.webp 720w, https:\/\/shuliybaler.com\/wp-content\/uploads\/2022\/12\/Wood-pallet-shredder-machine-2-360x270.webp 360w, https:\/\/shuliybaler.com\/wp-content\/uploads\/2022\/12\/Wood-pallet-shredder-machine-2-180x135.webp 180w\" sizes=\"auto, (max-width: 720px) 100vw, 720px\" \/><figcaption class=\"wp-element-caption\">M\u00e1quina trituradora de paletes de madeira <\/figcaption><\/figure> <\/figure>    <h2 class=\"wp-block-heading\">Vantagens da m\u00e1quina trituradora de paletes de madeira <\/h2>   <div class=\"wp-block-image\"> <figure class=\"aligncenter size-full\"><img loading=\"lazy\" decoding=\"async\" width=\"720\" height=\"540\" src=\"https:\/\/shuliybaler.com\/wp-content\/uploads\/2022\/12\/wooden-pallet-crushing-machine.webp\" alt=\"m\u00e1quina trituradora de paletes de madeira \" class=\"wp-image-2959\" title=\"\" srcset=\"https:\/\/shuliybaler.com\/wp-content\/uploads\/2022\/12\/wooden-pallet-crushing-machine.webp 720w, https:\/\/shuliybaler.com\/wp-content\/uploads\/2022\/12\/wooden-pallet-crushing-machine-360x270.webp 360w, https:\/\/shuliybaler.com\/wp-content\/uploads\/2022\/12\/wooden-pallet-crushing-machine-180x135.webp 180w\" sizes=\"auto, (max-width: 720px) 100vw, 720px\" \/><figcaption class=\"wp-element-caption\">m\u00e1quina trituradora de paletes de madeira <\/figcaption><\/figure> <\/div>   <p>A fuselagem leva isso em considera\u00e7\u00e3o. A carca\u00e7a da m\u00e1quina \u00e9 feita de material mais espesso, dur\u00e1vel<\/p>    <p>e eficiente. A unidade possui alto grau de automa\u00e7\u00e3o, alta efici\u00eancia e menos m\u00e3o de obra<\/p>    <p class=\"translation-block\"><strong>Ampla gama de aplica\u00e7\u00f5es.<\/strong> Pode ser usada para reciclar metal, pl\u00e1stico, paletes de madeira, papel usado, etc.<\/p>    <p class=\"translation-block\"><strong>Design exclusivo.<\/strong> O eixo de corte da m\u00e1quina \u00e9 projetado de forma a n\u00e3o haver enrolamento e bloqueio de material.<\/p>    <p class=\"translation-block\"><strong>Baixo ru\u00eddo<\/strong>. A m\u00e1quina produz pouco ru\u00eddo durante o funcionamento.<\/p>","protected":false},"excerpt":{"rendered":"<p>Esta m\u00e1quina trituradora de paletes de madeira \u00e9 uma trituradora multifuncional, que pode destruir paletes de madeira, tambores de ferro, sucata de carros, caixas e pneus, usada principalmente na ind\u00fastria de reciclagem, a m\u00e1quina trituradora de paletes de madeira \u00e9 f\u00e1cil de operar e eficiente.<\/p>","protected":false},"author":1,"featured_media":2953,"parent":0,"template":"","tags":[54],"product-type":[46],"class_list":["post-2952","product","type-product","status-publish","has-post-thumbnail","hentry","tag-wood-pallet-shredder-machine","product-type-metal-shredder"],"_links":{"self":[{"href":"https:\/\/shuliybaler.com\/pt\/wp-json\/wp\/v2\/product\/2952","targetHints":{"allow":["GET"]}}],"collection":[{"href":"https:\/\/shuliybaler.com\/pt\/wp-json\/wp\/v2\/product"}],"about":[{"href":"https:\/\/shuliybaler.com\/pt\/wp-json\/wp\/v2\/types\/product"}],"author":[{"embeddable":true,"href":"https:\/\/shuliybaler.com\/pt\/wp-json\/wp\/v2\/users\/1"}],"wp:featuredmedia":[{"embeddable":true,"href":"https:\/\/shuliybaler.com\/pt\/wp-json\/wp\/v2\/media\/2953"}],"wp:attachment":[{"href":"https:\/\/shuliybaler.com\/pt\/wp-json\/wp\/v2\/media?parent=2952"}],"wp:term":[{"taxonomy":"post_tag","embeddable":true,"href":"https:\/\/shuliybaler.com\/pt\/wp-json\/wp\/v2\/tags?post=2952"},{"taxonomy":"product-type","embeddable":true,"href":"https:\/\/shuliybaler.com\/pt\/wp-json\/wp\/v2\/product-type?post=2952"}],"curies":[{"name":"wp","href":"https:\/\/api.w.org\/{rel}","templated":true}]}}