{"id":2981,"date":"2022-12-12T11:11:28","date_gmt":"2022-12-12T03:11:28","guid":{"rendered":"https:\/\/shuliybaler.com\/?post_type=product&#038;p=2981"},"modified":"2022-12-12T11:34:04","modified_gmt":"2022-12-12T03:34:04","slug":"plastic-shredder-machine","status":"publish","type":"product","link":"https:\/\/shuliybaler.com\/pt\/product\/plastic-shredder-machine\/","title":{"rendered":"M\u00e1quina trituradora de pl\u00e1stico para triturar garrafas pl\u00e1sticas"},"content":{"rendered":"<p>A m\u00e1quina trituradora de pl\u00e1stico \u00e9 um dispositivo que pode esmagar o pl\u00e1stico. A trituradora \u00e9 conveniente para reciclagem ap\u00f3s triturar grandes peda\u00e7os de pl\u00e1stico. A trituradora de pl\u00e1stico pode destruir garrafas de pl\u00e1stico, tubos de pl\u00e1stico, conchas de eletrodom\u00e9sticos, baldes de pl\u00e1stico, etc. A m\u00e1quina pode controlar o tamanho dos flocos de pl\u00e1stico triturados.<\/p>    <figure class=\"wp-block-gallery has-nested-images columns-default is-cropped wp-block-gallery-2 is-layout-flex wp-block-gallery-is-layout-flex\"> <figure class=\"wp-block-image size-large\"><img loading=\"lazy\" decoding=\"async\" width=\"720\" height=\"540\" data-id=\"2983\" src=\"https:\/\/shuliybaler.com\/wp-content\/uploads\/2022\/12\/plastic-shredding-machine-machine.webp\" alt=\"m\u00e1quina trituradora de pl\u00e1stico\" class=\"wp-image-2983\" title=\"\" srcset=\"https:\/\/shuliybaler.com\/wp-content\/uploads\/2022\/12\/plastic-shredding-machine-machine.webp 720w, https:\/\/shuliybaler.com\/wp-content\/uploads\/2022\/12\/plastic-shredding-machine-machine-360x270.webp 360w, https:\/\/shuliybaler.com\/wp-content\/uploads\/2022\/12\/plastic-shredding-machine-machine-180x135.webp 180w\" sizes=\"auto, (max-width: 720px) 100vw, 720px\" \/><figcaption class=\"wp-element-caption\">M\u00e1quina trituradora de pl\u00e1stico<\/figcaption><\/figure>    <figure class=\"wp-block-image size-large\"><img loading=\"lazy\" decoding=\"async\" width=\"720\" height=\"540\" data-id=\"2984\" src=\"https:\/\/shuliybaler.com\/wp-content\/uploads\/2022\/12\/after-shredding.webp\" alt=\"depois de triturar\" class=\"wp-image-2984\" title=\"\" srcset=\"https:\/\/shuliybaler.com\/wp-content\/uploads\/2022\/12\/after-shredding.webp 720w, https:\/\/shuliybaler.com\/wp-content\/uploads\/2022\/12\/after-shredding-360x270.webp 360w, https:\/\/shuliybaler.com\/wp-content\/uploads\/2022\/12\/after-shredding-180x135.webp 180w\" sizes=\"auto, (max-width: 720px) 100vw, 720px\" \/><figcaption class=\"wp-element-caption\">Depois de triturar<\/figcaption><\/figure> <\/figure>    <h2 class=\"wp-block-heading\">Aplica\u00e7\u00e3o de m\u00e1quina trituradora de pl\u00e1stico<\/h2>    <figure class=\"wp-block-gallery has-nested-images columns-2 is-cropped wp-block-gallery-3 is-layout-flex wp-block-gallery-is-layout-flex\"> <figure class=\"wp-block-image size-large\"><img loading=\"lazy\" decoding=\"async\" width=\"720\" height=\"540\" data-id=\"2985\" src=\"https:\/\/shuliybaler.com\/wp-content\/uploads\/2022\/12\/plastic-pipe.webp\" alt=\"cano de pl\u00e1stico\" class=\"wp-image-2985\" title=\"\" srcset=\"https:\/\/shuliybaler.com\/wp-content\/uploads\/2022\/12\/plastic-pipe.webp 720w, https:\/\/shuliybaler.com\/wp-content\/uploads\/2022\/12\/plastic-pipe-360x270.webp 360w, https:\/\/shuliybaler.com\/wp-content\/uploads\/2022\/12\/plastic-pipe-180x135.webp 180w\" sizes=\"auto, (max-width: 720px) 100vw, 720px\" \/><figcaption class=\"wp-element-caption\">Cano de pl\u00e1stico<\/figcaption><\/figure>    <figure class=\"wp-block-image size-large\"><img loading=\"lazy\" decoding=\"async\" width=\"720\" height=\"540\" data-id=\"2986\" src=\"https:\/\/shuliybaler.com\/wp-content\/uploads\/2022\/12\/plastic-barrel.jpg\" alt=\"barril de pl\u00e1stico\" class=\"wp-image-2986\" title=\"\" srcset=\"https:\/\/shuliybaler.com\/wp-content\/uploads\/2022\/12\/plastic-barrel.jpg 720w, https:\/\/shuliybaler.com\/wp-content\/uploads\/2022\/12\/plastic-barrel-360x270.jpg 360w, https:\/\/shuliybaler.com\/wp-content\/uploads\/2022\/12\/plastic-barrel-180x135.jpg 180w\" sizes=\"auto, (max-width: 720px) 100vw, 720px\" \/><figcaption class=\"wp-element-caption\">Barril de pl\u00e1stico<\/figcaption><\/figure>    <figure class=\"wp-block-image size-large\"><img loading=\"lazy\" decoding=\"async\" width=\"720\" height=\"540\" data-id=\"2987\" src=\"https:\/\/shuliybaler.com\/wp-content\/uploads\/2022\/12\/plastic-bottles.webp\" alt=\"garrafa de pl\u00e1stico\" class=\"wp-image-2987\" title=\"\" srcset=\"https:\/\/shuliybaler.com\/wp-content\/uploads\/2022\/12\/plastic-bottles.webp 720w, https:\/\/shuliybaler.com\/wp-content\/uploads\/2022\/12\/plastic-bottles-360x270.webp 360w, https:\/\/shuliybaler.com\/wp-content\/uploads\/2022\/12\/plastic-bottles-180x135.webp 180w\" sizes=\"auto, (max-width: 720px) 100vw, 720px\" \/><figcaption class=\"wp-element-caption\">Garrafa de pl\u00e1stico<\/figcaption><\/figure>    <figure class=\"wp-block-image size-large\"><img loading=\"lazy\" decoding=\"async\" width=\"720\" height=\"540\" data-id=\"2988\" src=\"https:\/\/shuliybaler.com\/wp-content\/uploads\/2022\/12\/plastic-bottle.jpg\" alt=\"garrafa de bebida\" class=\"wp-image-2988\" title=\"\" srcset=\"https:\/\/shuliybaler.com\/wp-content\/uploads\/2022\/12\/plastic-bottle.jpg 720w, https:\/\/shuliybaler.com\/wp-content\/uploads\/2022\/12\/plastic-bottle-360x270.jpg 360w, https:\/\/shuliybaler.com\/wp-content\/uploads\/2022\/12\/plastic-bottle-180x135.jpg 180w\" sizes=\"auto, (max-width: 720px) 100vw, 720px\" \/><figcaption class=\"wp-element-caption\">Garrafa de bebida<\/figcaption><\/figure> <\/figure>    <p>Os trituradores de pl\u00e1stico tamb\u00e9m s\u00e3o chamados de trituradores de eixo duplo, que s\u00e3o usados \u200b\u200bprincipalmente para triturar restos processados \u200b\u200bou produtos reciclados, especialmente para triturar restos de pl\u00e1stico ou borracha e us\u00e1-los como mat\u00e9ria-prima para derret\u00ea-los e granular para refazer garrafas pl\u00e1sticas. Pneus ou latas de lixo e muito mais. Os trituradores s\u00e3o usados \u200b\u200bnas ind\u00fastrias de reciclagem e reutiliza\u00e7\u00e3o de pl\u00e1stico e s\u00e3o frequentemente usados \u200b\u200bpara triturar res\u00edduos de tubos de pl\u00e1stico PE de grande di\u00e2metro, pacotes de filmes pl\u00e1sticos e grandes pilhas de folhas de pl\u00e1stico.<\/p>    <h2 class=\"wp-block-heading\">Modelo triturador de pl\u00e1stico<\/h2>    <figure class=\"wp-block-table\"><table><tbody><tr><td>modelo<\/td><td>Espessura da l\u00e2mina (mm)<\/td><td>N\u00famero de l\u00e2minas<\/td><td>Pot\u00eancia (kW)<\/td><\/tr><tr><td>600<\/td><td>30<\/td><td>20<\/td><td>22*2<\/td><\/tr><tr><td>800<\/td><td>40<\/td><td>20<\/td><td>30*2<\/td><\/tr><tr><td>1000<\/td><td>50<\/td><td>20<\/td><td>37*2<\/td><\/tr><tr><td>1200<\/td><td>50<\/td><td>24<\/td><td>45*2<\/td><\/tr><tr><td>1400<\/td><td>70<\/td><td>24<\/td><td>55*2<\/td><\/tr><\/tbody><\/table><\/figure>    <figure class=\"wp-block-gallery has-nested-images columns-default is-cropped wp-block-gallery-4 is-layout-flex wp-block-gallery-is-layout-flex\"> <figure class=\"wp-block-image size-large\"><img loading=\"lazy\" decoding=\"async\" width=\"720\" height=\"540\" data-id=\"2992\" src=\"https:\/\/shuliybaler.com\/wp-content\/uploads\/2022\/12\/600plastic-bottle-crushing-machine.webp\" alt=\"M\u00e1quina trituradora de garrafas 600pl\u00e1sticas\" class=\"wp-image-2992\" title=\"\" srcset=\"https:\/\/shuliybaler.com\/wp-content\/uploads\/2022\/12\/600plastic-bottle-crushing-machine.webp 720w, https:\/\/shuliybaler.com\/wp-content\/uploads\/2022\/12\/600plastic-bottle-crushing-machine-360x270.webp 360w, https:\/\/shuliybaler.com\/wp-content\/uploads\/2022\/12\/600plastic-bottle-crushing-machine-180x135.webp 180w\" sizes=\"auto, (max-width: 720px) 100vw, 720px\" \/><figcaption class=\"wp-element-caption\">M\u00e1quina trituradora de garrafas 600Plastic<\/figcaption><\/figure>    <figure class=\"wp-block-image size-large\"><img loading=\"lazy\" decoding=\"async\" width=\"720\" height=\"540\" data-id=\"2993\" src=\"https:\/\/shuliybaler.com\/wp-content\/uploads\/2022\/12\/800-Plastic-shredder-machine.webp\" alt=\"M\u00e1quina trituradora de pl\u00e1stico 800\" class=\"wp-image-2993\" title=\"\" srcset=\"https:\/\/shuliybaler.com\/wp-content\/uploads\/2022\/12\/800-Plastic-shredder-machine.webp 720w, https:\/\/shuliybaler.com\/wp-content\/uploads\/2022\/12\/800-Plastic-shredder-machine-360x270.webp 360w, https:\/\/shuliybaler.com\/wp-content\/uploads\/2022\/12\/800-Plastic-shredder-machine-180x135.webp 180w\" sizes=\"auto, (max-width: 720px) 100vw, 720px\" \/><figcaption class=\"wp-element-caption\">M\u00e1quina trituradora de pl\u00e1stico 800<\/figcaption><\/figure>    <figure class=\"wp-block-image size-large\"><img loading=\"lazy\" decoding=\"async\" width=\"720\" height=\"540\" data-id=\"2994\" src=\"https:\/\/shuliybaler.com\/wp-content\/uploads\/2022\/12\/1000Plastic-shredder-machine.webp\" alt=\"M\u00e1quina trituradora 1000Plastic\" class=\"wp-image-2994\" title=\"\" srcset=\"https:\/\/shuliybaler.com\/wp-content\/uploads\/2022\/12\/1000Plastic-shredder-machine.webp 720w, https:\/\/shuliybaler.com\/wp-content\/uploads\/2022\/12\/1000Plastic-shredder-machine-360x270.webp 360w, https:\/\/shuliybaler.com\/wp-content\/uploads\/2022\/12\/1000Plastic-shredder-machine-180x135.webp 180w\" sizes=\"auto, (max-width: 720px) 100vw, 720px\" \/><figcaption class=\"wp-element-caption\">M\u00e1quina trituradora 1000Plastic<\/figcaption><\/figure>    <figure class=\"wp-block-image size-large\"><img loading=\"lazy\" decoding=\"async\" width=\"720\" height=\"540\" data-id=\"2995\" src=\"https:\/\/shuliybaler.com\/wp-content\/uploads\/2022\/12\/1200-Plastic-shredding-machine.webp\" alt=\"M\u00e1quina trituradora de pl\u00e1stico 1200\" class=\"wp-image-2995\" title=\"\" srcset=\"https:\/\/shuliybaler.com\/wp-content\/uploads\/2022\/12\/1200-Plastic-shredding-machine.webp 720w, https:\/\/shuliybaler.com\/wp-content\/uploads\/2022\/12\/1200-Plastic-shredding-machine-360x270.webp 360w, https:\/\/shuliybaler.com\/wp-content\/uploads\/2022\/12\/1200-Plastic-shredding-machine-180x135.webp 180w\" sizes=\"auto, (max-width: 720px) 100vw, 720px\" \/><figcaption class=\"wp-element-caption\">M\u00e1quina de tritura\u00e7\u00e3o de pl\u00e1stico 1200<\/figcaption><\/figure> <\/figure>    <h2 class=\"wp-block-heading\">Princ\u00edpio de funcionamento da trituradora de pl\u00e1stico<\/h2>    <figure class=\"wp-block-gallery has-nested-images columns-default is-cropped wp-block-gallery-5 is-layout-flex wp-block-gallery-is-layout-flex\"> <figure class=\"wp-block-image size-large\"><img loading=\"lazy\" decoding=\"async\" width=\"720\" height=\"540\" data-id=\"2989\" src=\"https:\/\/shuliybaler.com\/wp-content\/uploads\/2022\/12\/plastic-shredder-knives.webp\" alt=\"facas trituradoras de pl\u00e1stico\" class=\"wp-image-2989\" title=\"\" srcset=\"https:\/\/shuliybaler.com\/wp-content\/uploads\/2022\/12\/plastic-shredder-knives.webp 720w, https:\/\/shuliybaler.com\/wp-content\/uploads\/2022\/12\/plastic-shredder-knives-360x270.webp 360w, https:\/\/shuliybaler.com\/wp-content\/uploads\/2022\/12\/plastic-shredder-knives-180x135.webp 180w\" sizes=\"auto, (max-width: 720px) 100vw, 720px\" \/><figcaption class=\"wp-element-caption\">Facas trituradoras de pl\u00e1stico<\/figcaption><\/figure>    <figure class=\"wp-block-image size-large\"><img loading=\"lazy\" decoding=\"async\" width=\"720\" height=\"540\" data-id=\"2990\" src=\"https:\/\/shuliybaler.com\/wp-content\/uploads\/2022\/12\/knife-teeth.webp\" alt=\"dentes de faca\" class=\"wp-image-2990\" title=\"\" srcset=\"https:\/\/shuliybaler.com\/wp-content\/uploads\/2022\/12\/knife-teeth.webp 720w, https:\/\/shuliybaler.com\/wp-content\/uploads\/2022\/12\/knife-teeth-360x270.webp 360w, https:\/\/shuliybaler.com\/wp-content\/uploads\/2022\/12\/knife-teeth-180x135.webp 180w\" sizes=\"auto, (max-width: 720px) 100vw, 720px\" \/><figcaption class=\"wp-element-caption\">Dentes de faca<\/figcaption><\/figure> <\/figure>    <p>O produto pl\u00e1stico entra no interior da caixa trituradora, passa pelo cortador da trituradora e sofre a a\u00e7\u00e3o combinada de extrus\u00e3o e cisalhamento para formar pequenos peda\u00e7os de material. Ap\u00f3s a conclus\u00e3o do triturador, ele \u00e9 descarregado pela parte inferior da m\u00e1quina.<\/p>    <figure class=\"wp-block-embed is-type-video is-provider-youtube wp-block-embed-youtube wp-embed-aspect-16-9 wp-has-aspect-ratio\"><div class=\"wp-block-embed__wrapper\"> <iframe loading=\"lazy\" title=\"Triturador de pl\u00e1stico superpotente destr\u00f3i todos os produtos de pl\u00e1stico#shorts\" width=\"500\" height=\"281\" src=\"https:\/\/www.youtube.com\/embed\/CwBs3wEBitY?feature=oembed\" frameborder=\"0\" allow=\"accelerometer; autoplay; clipboard-write; encrypted-media; gyroscope; picture-in-picture; web-share\" referrerpolicy=\"strict-origin-when-cross-origin\" allowfullscreen><\/iframe> <\/div><\/figure>    <h2 class=\"wp-block-heading\">Introdu\u00e7\u00e3o da empresa Shuliy<\/h2>   <div class=\"wp-block-image\"> <figure class=\"aligncenter size-full\"><img loading=\"lazy\" decoding=\"async\" width=\"720\" height=\"540\" src=\"https:\/\/shuliybaler.com\/wp-content\/uploads\/2022\/12\/plastic-shredder-machine-delivery.webp\" alt=\"entrega de m\u00e1quina trituradora de pl\u00e1stico\" class=\"wp-image-2991\" title=\"\" srcset=\"https:\/\/shuliybaler.com\/wp-content\/uploads\/2022\/12\/plastic-shredder-machine-delivery.webp 720w, https:\/\/shuliybaler.com\/wp-content\/uploads\/2022\/12\/plastic-shredder-machine-delivery-360x270.webp 360w, https:\/\/shuliybaler.com\/wp-content\/uploads\/2022\/12\/plastic-shredder-machine-delivery-180x135.webp 180w\" sizes=\"auto, (max-width: 720px) 100vw, 720px\" \/><figcaption class=\"wp-element-caption\">entrega de m\u00e1quina trituradora de pl\u00e1stico<\/figcaption><\/figure> <\/div>   <p>Shuliy Company \u00e9 uma empresa de equipamentos de processamento de metal. Seus principais equipamentos incluem enfardadeiras met\u00e1licas, que podem comprimir metais e embal\u00e1-los em um bloco met\u00e1lico; tesouras de metal que podem cortar sobras de metal nos tamanhos necess\u00e1rios e m\u00e1quinas de briquetagem de metal que podem prensar sobras de metal em peda\u00e7os; esta trituradora de metal e pl\u00e1stico \u00e9 mais vers\u00e1til e pode triturar qualquer material, basta colocar o material na m\u00e1quina e o material ser\u00e1 triturado. Trituradores de metal s\u00e3o m\u00e1quinas essenciais na ind\u00fastria de reciclagem.<\/p>    <h2 class=\"wp-block-heading\">Perguntas frequentes<\/h2>   <div id=\"rank-math-faq\" class=\"rank-math-block\"> <div class=\"rank-math-list\"> <div id=\"faq-question-1670810085633\" class=\"rank-math-list-item\"> <h3 class=\"rank-math-question\">Quais s\u00e3o os tamanhos dos trituradores existentes? Como distinguir?<\/h3> <div class=\"rank-math-answer\">  <p>Os trituradores s\u00e3o divididos em 600 tipos, 800 tipos, 1000 tipos, 1200 tipos, 1500 tipos, 2000 tipos, etc.<\/p>  <\/div> <\/div> <div id=\"faq-question-1670810109596\" class=\"rank-math-list-item\"> <h3 class=\"rank-math-question\">Que materiais a m\u00e1quina trituradora de pl\u00e1stico pode processar?<\/h3> <div class=\"rank-math-answer\">  <p>A trituradora pode processar materiais como metal, sucata, pl\u00e1stico, lixo dom\u00e9stico, res\u00edduos de roupas, pneus de borracha, etc.<\/p>  <\/div> <\/div> <div id=\"faq-question-1670810156676\" class=\"rank-math-list-item\"> <h3 class=\"rank-math-question\">A m\u00e1quina trituradora de pl\u00e1stico \u00e9 barulhenta?<\/h3> <div class=\"rank-math-answer\">  <p>A trituradora de pl\u00e1stico n\u00e3o faz barulho, \u00e9 um equipamento relativamente silencioso e n\u00e3o polui.<\/p>  <\/div> <\/div> <\/div> <\/div>","protected":false},"excerpt":{"rendered":"<p>The plastic shredder machine is a device that can crush plastic. The shredder is convenient for recycling after crushing large pieces of plastic. The plastic shredder can shred plastic bottles, plastic pipes, home appliance shells, plastic buckets, etc. The machine can Control the size of the crushed plastic flakes. Application of plastic shredder machine Plastic [&hellip;]<\/p>\n","protected":false},"author":1,"featured_media":2982,"parent":0,"template":"","meta":{"product_tpl_data":{"subtitle":"","param_summary":"","model_summary_title":"","model_summary":"","model_series":[],"finished_product_title":"","raw_materials_title":"","process_title":"","endsummary":""},"product_extra_property":[{"pname":"Model","pvalue":"600 \u3001800\u3001100\u30011200\u30011400"},{"pname":"Raw material","pvalue":"plastic"},{"pname":"Semi-automatic or fully automatic","pvalue":"fully automatic"},{"pname":"Applicable industry","pvalue":"recycling industry"},{"pname":"Product size","pvalue":"adjustable"},{"pname":"More details ","pvalue":"WhatsAPP +8617329325832"}],"product_extra_image":""},"tags":[52],"product-type":[46],"class_list":["post-2981","product","type-product","status-publish","has-post-thumbnail","hentry","tag-plastic-shredder-machine","product-type-metal-shredder"],"light_meta":{"rank_math_seo_score":"72","product_tpl_data":{"subtitle":"","param_summary":"","model_summary_title":"","model_summary":"","model_series":"","finished_product_title":"","raw_materials_title":"","process_title":"","endsummary":""},"rank_math_focus_keyword":"plastic shredder machine","rank_math_title":"Plastic shredder machine","rank_math_description":"The plastic shredder machine is a device that can crush plastic. The shredder is convenient for recycling after crushing large pieces of plastic. ","product_extra_property":{"0":{"pname":"Model","pvalue":"600 \u3001800\u3001100\u30011200\u30011400"},"1":{"pname":"Raw material","pvalue":"plastic"},"2":{"pname":"Semi-automatic or fully automatic","pvalue":"fully automatic"},"3":{"pname":"Applicable industry","pvalue":"recycling industry"},"4":{"pname":"Product size","pvalue":"adjustable"},"6":{"pname":"More details ","pvalue":"WhatsAPP +8617329325832"}},"rank_math_analytic_object_id":"57","_oembed_900ee7be294eac39d172c9710a1183e5":"<iframe title=\"Super powerful plastic shredder shreds all plastic products#shorts\" width=\"500\" height=\"281\" src=\"https:\/\/www.youtube.com\/embed\/CwBs3wEBitY?feature=oembed\" frameborder=\"0\" allow=\"accelerometer; autoplay; clipboard-write; encrypted-media; gyroscope; picture-in-picture\" allowfullscreen><\/iframe>","_oembed_time_900ee7be294eac39d172c9710a1183e5":"1670815284","rank_math_schema_VideoObject":{"@type":"VideoObject","metadata":{"title":"Video","type":"template","shortcode":"s-63969e357d70e","isPrimary":true,"reviewLocationShortcode":"[rank_math_rich_snippet]","category":"%categories%","tags":"%tags%","isAutoGenerated":true},"name":"Triturador de pl\u00e1stico superpotente destr\u00f3i todos os produtos de pl\u00e1stico#shorts","description":"WhatsApp e Wechat:+86 173 2932 5832 https:\/\/shuliybaler.com\/products\/metal-shredder\/Pode destruir restos de metal, pl\u00e1sticos, pneus, res\u00edduos de papel, ossos de animaisO fragmento...","uploadDate":"2022-12-09","thumbnailUrl":"https:\/\/shuliybaler.com\/wp-content\/uploads\/2022\/12\/super-powerful-plastic-shredder-.jpg","embedUrl":"https:\/\/www.youtube.com\/embed\/CwBs3wEBitY","contentUrl":"","duration":"PT0M33S","width":"1280","height":"720","isFamilyFriendly":true},"rank_math_og_content_image":{"check":"c874157c8dc341776459311de798fb60","images":[2983,2984,2985,2986]},"_trp_automatically_translated_slug_zh_CN":"\u5851\u6599\u6495\u788e\u673a","_trp_automatically_translated_slug_ru_RU":"\u043c\u0430\u0448\u0438\u043d\u0430-\u0434\u043b\u044f-\u0438\u0437\u043c\u0435\u043b\u044c\u0447\u0435\u043d\u0438\u044f-\u043f\u043b\u0430\u0441\u0442\u0438\u043a\u0430","_trp_automatically_translated_slug_ar":"\u0622\u0644\u0629-\u062a\u0642\u0637\u064a\u0639-\u0627\u0644\u0628\u0644\u0627\u0633\u062a\u064a\u0643","_oembed_ef5dafa105aa047e4a91d9a94486a16c":"<iframe title=\"Super powerful plastic shredder shreds all plastic products#shorts\" width=\"500\" height=\"281\" src=\"https:\/\/www.youtube.com\/embed\/CwBs3wEBitY?feature=oembed\" frameborder=\"0\" allow=\"accelerometer; autoplay; clipboard-write; encrypted-media; gyroscope; picture-in-picture; web-share\" referrerpolicy=\"strict-origin-when-cross-origin\" allowfullscreen><\/iframe>","_oembed_time_ef5dafa105aa047e4a91d9a94486a16c":"1712718405","rank_math_internal_links_processed":"1"},"seo_meta":{"title":"M\u00e1quina trituradora de pl\u00e1stico","description":"A m\u00e1quina trituradora de pl\u00e1stico \u00e9 um dispositivo que pode esmagar o pl\u00e1stico. A trituradora \u00e9 conveniente para reciclagem ap\u00f3s triturar grandes peda\u00e7os de pl\u00e1stico.","focusKeyword":"plastic shredder machine","canonicalUrl":"https:\/\/shuliybaler.com\/pt\/product\/plastic-shredder-machine\/","robots":["index","follow"],"ogTitle":"Plastic shredder machine","ogDescription":"The plastic shredder machine is a device that can crush plastic. The shredder is convenient for recycling after crushing large pieces of plastic. ","ogImage":"https:\/\/shuliybaler.com\/wp-content\/uploads\/2022\/12\/plastic-shredder-machine.webp","twitterTitle":"Plastic shredder machine","twitterDescription":"The plastic shredder machine is a device that can crush plastic. The shredder is convenient for recycling after crushing large pieces of plastic. ","twitterImage":"https:\/\/shuliybaler.com\/wp-content\/uploads\/2022\/12\/plastic-shredder-machine.webp","primaryCategory":0,"seoScore":72,"schemas":{"VideoObject":{"type":"VideoObject","data":{"@type":"VideoObject","metadata":{"title":"Video","type":"template","shortcode":"s-63969e357d70e","isPrimary":true,"reviewLocationShortcode":"[rank_math_rich_snippet]","category":"%categories%","tags":"%tags%","isAutoGenerated":true},"name":"Triturador de pl\u00e1stico superpotente destr\u00f3i todos os produtos de pl\u00e1stico#shorts","description":"WhatsApp e Wechat:+86 173 2932 5832 https:\/\/shuliybaler.com\/products\/metal-shredder\/Pode destruir restos de metal, pl\u00e1sticos, pneus, res\u00edduos de papel, ossos de animaisO fragmento...","uploadDate":"2022-12-09","thumbnailUrl":"https:\/\/shuliybaler.com\/wp-content\/uploads\/2022\/12\/super-powerful-plastic-shredder-.jpg","embedUrl":"https:\/\/www.youtube.com\/embed\/CwBs3wEBitY","contentUrl":"","duration":"PT0M33S","width":"1280","height":"720","isFamilyFriendly":true}}},"source":"rank_math"},"_links":{"self":[{"href":"https:\/\/shuliybaler.com\/pt\/wp-json\/wp\/v2\/product\/2981","targetHints":{"allow":["GET"]}}],"collection":[{"href":"https:\/\/shuliybaler.com\/pt\/wp-json\/wp\/v2\/product"}],"about":[{"href":"https:\/\/shuliybaler.com\/pt\/wp-json\/wp\/v2\/types\/product"}],"author":[{"embeddable":true,"href":"https:\/\/shuliybaler.com\/pt\/wp-json\/wp\/v2\/users\/1"}],"wp:featuredmedia":[{"embeddable":true,"href":"https:\/\/shuliybaler.com\/pt\/wp-json\/wp\/v2\/media\/2982"}],"wp:attachment":[{"href":"https:\/\/shuliybaler.com\/pt\/wp-json\/wp\/v2\/media?parent=2981"}],"wp:term":[{"taxonomy":"post_tag","embeddable":true,"href":"https:\/\/shuliybaler.com\/pt\/wp-json\/wp\/v2\/tags?post=2981"},{"taxonomy":"product-type","embeddable":true,"href":"https:\/\/shuliybaler.com\/pt\/wp-json\/wp\/v2\/product-type?post=2981"}],"curies":[{"name":"wp","href":"https:\/\/api.w.org\/{rel}","templated":true}]}}