{"id":3004,"date":"2022-12-13T10:54:05","date_gmt":"2022-12-13T02:54:05","guid":{"rendered":"https:\/\/shuliybaler.com\/?post_type=product&#038;p=3004"},"modified":"2025-02-08T15:25:37","modified_gmt":"2025-02-08T07:25:37","slug":"scrap-copper-wire-shredder","status":"publish","type":"product","link":"https:\/\/shuliybaler.com\/pt\/product\/scrap-copper-wire-shredder\/","title":{"rendered":"Triturador de sucata de fio de cobre | m\u00e1quina trituradora de placa de cabo"},"content":{"rendered":"<p class=\"translation-block\">Uma m\u00e1quina de tritura\u00e7\u00e3o de fios de cobre \u00e9 uma m\u00e1quina para acondicionar cabos. Esta <a href=\"https:\/\/shuliybaler.com\/pt\/product\/scrap-metal-shredder-machine\/\" data-type=\"URL\" data-id=\"https:\/\/shuliybaler.com\/product\/scrap-metal-shredder-machine\/\">m\u00e1quina trituradora de cabos de cobre de sucata<\/a> pode triturar tanto fios como placas de cabos. \u00c9 muito adequada para a ind\u00fastria de reciclagem de cabos. A m\u00e1quina \u00e9 projetada com dois eixos e possui alta efici\u00eancia de trabalho.<\/p>    <figure class=\"wp-block-gallery has-nested-images columns-default is-cropped wp-block-gallery-2 is-layout-flex wp-block-gallery-is-layout-flex\"> <figure class=\"wp-block-image size-large\"><img loading=\"lazy\" decoding=\"async\" width=\"720\" height=\"540\" data-id=\"3006\" src=\"https:\/\/shuliybaler.com\/wp-content\/uploads\/2022\/12\/copper-wire-shredder.webp\" alt=\"triturador de fio de cobre\" class=\"wp-image-3006\" title=\"\" srcset=\"https:\/\/shuliybaler.com\/wp-content\/uploads\/2022\/12\/copper-wire-shredder.webp 720w, https:\/\/shuliybaler.com\/wp-content\/uploads\/2022\/12\/copper-wire-shredder-360x270.webp 360w, https:\/\/shuliybaler.com\/wp-content\/uploads\/2022\/12\/copper-wire-shredder-180x135.webp 180w\" sizes=\"auto, (max-width: 720px) 100vw, 720px\" \/><figcaption class=\"wp-element-caption\">Triturador de fio de cobre<\/figcaption><\/figure>    <figure class=\"wp-block-image size-large\"><img loading=\"lazy\" decoding=\"async\" width=\"720\" height=\"540\" data-id=\"3007\" src=\"https:\/\/shuliybaler.com\/wp-content\/uploads\/2022\/12\/copper-wire.webp\" alt=\"triturador de fio de cobre\" class=\"wp-image-3007\" title=\"\" srcset=\"https:\/\/shuliybaler.com\/wp-content\/uploads\/2022\/12\/copper-wire.webp 720w, https:\/\/shuliybaler.com\/wp-content\/uploads\/2022\/12\/copper-wire-360x270.webp 360w, https:\/\/shuliybaler.com\/wp-content\/uploads\/2022\/12\/copper-wire-180x135.webp 180w\" sizes=\"auto, (max-width: 720px) 100vw, 720px\" \/><figcaption class=\"wp-element-caption\">Triturador de fio de cobre<\/figcaption><\/figure> <\/figure>    <p>O triturador de fio de cobre tamb\u00e9m pode triturar res\u00edduos de metal, barris de ferro, pl\u00e1stico, papel\u00e3o, madeira e outros materiais, que s\u00e3o amplamente utilizados e dur\u00e1veis. Esta m\u00e1quina trituradora de placas de cabos \u00e9 muito popular na B\u00e9lgica, Chile, \u00c1frica do Sul, Canad\u00e1 e Marrocos.<\/p>   <div class=\"wp-block-image\"> <figure class=\"aligncenter size-full\"><img loading=\"lazy\" decoding=\"async\" width=\"720\" height=\"540\" src=\"https:\/\/shuliybaler.com\/wp-content\/uploads\/2022\/12\/shredder-material.webp\" alt=\"material triturador\" class=\"wp-image-3012\" title=\"\" srcset=\"https:\/\/shuliybaler.com\/wp-content\/uploads\/2022\/12\/shredder-material.webp 720w, https:\/\/shuliybaler.com\/wp-content\/uploads\/2022\/12\/shredder-material-360x270.webp 360w, https:\/\/shuliybaler.com\/wp-content\/uploads\/2022\/12\/shredder-material-180x135.webp 180w\" sizes=\"auto, (max-width: 720px) 100vw, 720px\" \/><figcaption class=\"wp-element-caption\">material triturador<\/figcaption><\/figure> <\/div>   <h2 class=\"wp-block-heading\">Por que reciclar fio\uff1f<\/h2>    <h3 class=\"wp-block-heading\">O fio de cobre tem um alto valor dispon\u00edvel<\/h3>    <figure class=\"wp-block-gallery has-nested-images columns-default is-cropped wp-block-gallery-3 is-layout-flex wp-block-gallery-is-layout-flex\"> <figure class=\"wp-block-image size-large\"><img loading=\"lazy\" decoding=\"async\" width=\"720\" height=\"540\" data-id=\"3008\" src=\"https:\/\/shuliybaler.com\/wp-content\/uploads\/2022\/12\/copper-wire-1.webp\" alt=\"fio de cobre\" class=\"wp-image-3008\" title=\"\" srcset=\"https:\/\/shuliybaler.com\/wp-content\/uploads\/2022\/12\/copper-wire-1.webp 720w, https:\/\/shuliybaler.com\/wp-content\/uploads\/2022\/12\/copper-wire-1-360x270.webp 360w, https:\/\/shuliybaler.com\/wp-content\/uploads\/2022\/12\/copper-wire-1-180x135.webp 180w\" sizes=\"auto, (max-width: 720px) 100vw, 720px\" \/><figcaption class=\"wp-element-caption\">Fio de cobre<\/figcaption><\/figure>    <figure class=\"wp-block-image size-large\"><img loading=\"lazy\" decoding=\"async\" width=\"720\" height=\"540\" data-id=\"3009\" src=\"https:\/\/shuliybaler.com\/wp-content\/uploads\/2022\/12\/copper-wire-after-shredder.webp\" alt=\"fio de cobre ap\u00f3s triturador\" class=\"wp-image-3009\" title=\"\" srcset=\"https:\/\/shuliybaler.com\/wp-content\/uploads\/2022\/12\/copper-wire-after-shredder.webp 720w, https:\/\/shuliybaler.com\/wp-content\/uploads\/2022\/12\/copper-wire-after-shredder-360x270.webp 360w, https:\/\/shuliybaler.com\/wp-content\/uploads\/2022\/12\/copper-wire-after-shredder-180x135.webp 180w\" sizes=\"auto, (max-width: 720px) 100vw, 720px\" \/><figcaption class=\"wp-element-caption\">Fio de cobre ap\u00f3s triturador<\/figcaption><\/figure> <\/figure>    <p>Muitos dos fios s\u00e3o fios de cobre, os fios s\u00e3o muito pesados \u200b\u200bpor causa do metal contido nos fios e o cobre \u00e9 muito precioso porque o cobre \u00e9 um metal n\u00e3o renov\u00e1vel. Portanto, tem um alto valor de reciclagem.<\/p>    <h3 class=\"wp-block-heading\">Alto rendimento de reciclagem de fios<\/h3>    <figure class=\"wp-block-gallery has-nested-images columns-default is-cropped wp-block-gallery-4 is-layout-flex wp-block-gallery-is-layout-flex\"> <figure class=\"wp-block-image size-large\"><img loading=\"lazy\" decoding=\"async\" width=\"720\" height=\"540\" data-id=\"3010\" src=\"https:\/\/shuliybaler.com\/wp-content\/uploads\/2022\/12\/cable-board.webp\" alt=\"placa de cabo\" class=\"wp-image-3010\" title=\"\" srcset=\"https:\/\/shuliybaler.com\/wp-content\/uploads\/2022\/12\/cable-board.webp 720w, https:\/\/shuliybaler.com\/wp-content\/uploads\/2022\/12\/cable-board-360x270.webp 360w, https:\/\/shuliybaler.com\/wp-content\/uploads\/2022\/12\/cable-board-180x135.webp 180w\" sizes=\"auto, (max-width: 720px) 100vw, 720px\" \/><figcaption class=\"wp-element-caption\">Placa de cabo<\/figcaption><\/figure>    <figure class=\"wp-block-image size-large\"><img loading=\"lazy\" decoding=\"async\" width=\"720\" height=\"540\" data-id=\"3011\" src=\"https:\/\/shuliybaler.com\/wp-content\/uploads\/2022\/12\/cable-board-after-crushing.webp\" alt=\"placa de cabo ap\u00f3s esmagamento\" class=\"wp-image-3011\" title=\"\" srcset=\"https:\/\/shuliybaler.com\/wp-content\/uploads\/2022\/12\/cable-board-after-crushing.webp 720w, https:\/\/shuliybaler.com\/wp-content\/uploads\/2022\/12\/cable-board-after-crushing-360x270.webp 360w, https:\/\/shuliybaler.com\/wp-content\/uploads\/2022\/12\/cable-board-after-crushing-180x135.webp 180w\" sizes=\"auto, (max-width: 720px) 100vw, 720px\" \/><figcaption class=\"wp-element-caption\">Placa de cabo ap\u00f3s esmagamento<\/figcaption><\/figure> <\/figure>    <p>Como a pele est\u00e1 quebrada ou usada por muito tempo, esses fios ser\u00e3o eliminados, ent\u00e3o o rendimento da reciclagem \u00e9 alto e pode ser escalonado.<\/p>    <h2 class=\"wp-block-heading\">O papel das m\u00e1quinas trituradoras de placas de cabos na ind\u00fastria de cabos<\/h2>    <figure class=\"wp-block-gallery has-nested-images columns-default is-cropped wp-block-gallery-5 is-layout-flex wp-block-gallery-is-layout-flex\"> <figure class=\"wp-block-image size-large\"><img loading=\"lazy\" decoding=\"async\" width=\"720\" height=\"540\" data-id=\"3013\" src=\"https:\/\/shuliybaler.com\/wp-content\/uploads\/2022\/12\/cable-board-crushing-machine-knife.webp\" alt=\"m\u00e1quina trituradora de placa de cabo\" class=\"wp-image-3013\" title=\"\" srcset=\"https:\/\/shuliybaler.com\/wp-content\/uploads\/2022\/12\/cable-board-crushing-machine-knife.webp 720w, https:\/\/shuliybaler.com\/wp-content\/uploads\/2022\/12\/cable-board-crushing-machine-knife-360x270.webp 360w, https:\/\/shuliybaler.com\/wp-content\/uploads\/2022\/12\/cable-board-crushing-machine-knife-180x135.webp 180w\" sizes=\"auto, (max-width: 720px) 100vw, 720px\" \/><figcaption class=\"wp-element-caption\">M\u00e1quina trituradora de placa de cabo<\/figcaption><\/figure>    <figure class=\"wp-block-image size-large\"><img loading=\"lazy\" decoding=\"async\" width=\"720\" height=\"540\" data-id=\"3014\" src=\"https:\/\/shuliybaler.com\/wp-content\/uploads\/2022\/12\/cable-board-crushing-machine.webp\" alt=\"m\u00e1quina trituradora de placa de cabo\" class=\"wp-image-3014\" title=\"\" srcset=\"https:\/\/shuliybaler.com\/wp-content\/uploads\/2022\/12\/cable-board-crushing-machine.webp 720w, https:\/\/shuliybaler.com\/wp-content\/uploads\/2022\/12\/cable-board-crushing-machine-360x270.webp 360w, https:\/\/shuliybaler.com\/wp-content\/uploads\/2022\/12\/cable-board-crushing-machine-180x135.webp 180w\" sizes=\"auto, (max-width: 720px) 100vw, 720px\" \/><figcaption class=\"wp-element-caption\">M\u00e1quina trituradora de placa de cabo<\/figcaption><\/figure> <\/figure>    <p>Na reciclagem de cabos, o metal interno \u00e9 recuperado principalmente, mas haver\u00e1 fios isolados na parte externa dos fios, que precisam ser separados. A tritura\u00e7\u00e3o dos fios \u00e9 o primeiro passo no processamento dos cabos.<\/p>    <h2 class=\"wp-block-heading\">O modo de energia do triturador de fio de cobre<\/h2>    <figure class=\"wp-block-gallery has-nested-images columns-default is-cropped wp-block-gallery-6 is-layout-flex wp-block-gallery-is-layout-flex\"> <figure class=\"wp-block-image size-large\"><img loading=\"lazy\" decoding=\"async\" width=\"720\" height=\"540\" data-id=\"3015\" src=\"https:\/\/shuliybaler.com\/wp-content\/uploads\/2022\/12\/copper-wire-shredder-1.webp\" alt=\"triturador de fio de cobre\" class=\"wp-image-3015\" title=\"\" srcset=\"https:\/\/shuliybaler.com\/wp-content\/uploads\/2022\/12\/copper-wire-shredder-1.webp 720w, https:\/\/shuliybaler.com\/wp-content\/uploads\/2022\/12\/copper-wire-shredder-1-360x270.webp 360w, https:\/\/shuliybaler.com\/wp-content\/uploads\/2022\/12\/copper-wire-shredder-1-180x135.webp 180w\" sizes=\"auto, (max-width: 720px) 100vw, 720px\" \/><figcaption class=\"wp-element-caption\">Triturador de fio de cobre<\/figcaption><\/figure>    <figure class=\"wp-block-image size-large\"><img loading=\"lazy\" decoding=\"async\" width=\"720\" height=\"540\" data-id=\"3016\" src=\"https:\/\/shuliybaler.com\/wp-content\/uploads\/2022\/12\/copper-wire-shredder-2.webp\" alt=\"triturador de fio de cobre\" class=\"wp-image-3016\" title=\"\" srcset=\"https:\/\/shuliybaler.com\/wp-content\/uploads\/2022\/12\/copper-wire-shredder-2.webp 720w, https:\/\/shuliybaler.com\/wp-content\/uploads\/2022\/12\/copper-wire-shredder-2-360x270.webp 360w, https:\/\/shuliybaler.com\/wp-content\/uploads\/2022\/12\/copper-wire-shredder-2-180x135.webp 180w\" sizes=\"auto, (max-width: 720px) 100vw, 720px\" \/><figcaption class=\"wp-element-caption\">Triturador de fio de cobre<\/figcaption><\/figure>    <figure class=\"wp-block-image size-large\"><img loading=\"lazy\" decoding=\"async\" width=\"720\" height=\"540\" data-id=\"3017\" src=\"https:\/\/shuliybaler.com\/wp-content\/uploads\/2022\/12\/copper-wire-shredder-3.webp\" alt=\"triturador de fio de cobre\" class=\"wp-image-3017\" title=\"\" srcset=\"https:\/\/shuliybaler.com\/wp-content\/uploads\/2022\/12\/copper-wire-shredder-3.webp 720w, https:\/\/shuliybaler.com\/wp-content\/uploads\/2022\/12\/copper-wire-shredder-3-360x270.webp 360w, https:\/\/shuliybaler.com\/wp-content\/uploads\/2022\/12\/copper-wire-shredder-3-180x135.webp 180w\" sizes=\"auto, (max-width: 720px) 100vw, 720px\" \/><figcaption class=\"wp-element-caption\">Triturador de fio de cobre<\/figcaption><\/figure> <\/figure>    <p>A m\u00e1quina trituradora de placas de cabos pode usar eletricidade ou pode ser equipada com um motor diesel para usar diesel. Voc\u00ea pode escolher o m\u00e9todo apropriado de acordo com o local de produ\u00e7\u00e3o e o custo de produ\u00e7\u00e3o. Apoiamos a personaliza\u00e7\u00e3o.<\/p>    <h2 class=\"wp-block-heading\">Triturador de fio de cobre para a ind\u00fastria de reciclagem<\/h2>    <figure class=\"wp-block-gallery has-nested-images columns-default is-cropped wp-block-gallery-7 is-layout-flex wp-block-gallery-is-layout-flex\"> <figure class=\"wp-block-image size-large\"><img loading=\"lazy\" decoding=\"async\" width=\"720\" height=\"540\" data-id=\"3019\" src=\"https:\/\/shuliybaler.com\/wp-content\/uploads\/2022\/12\/Copper-wire-shredder-machine.webp\" alt=\"M\u00e1quina trituradora de fio de cobre\" class=\"wp-image-3019\" title=\"\" srcset=\"https:\/\/shuliybaler.com\/wp-content\/uploads\/2022\/12\/Copper-wire-shredder-machine.webp 720w, https:\/\/shuliybaler.com\/wp-content\/uploads\/2022\/12\/Copper-wire-shredder-machine-360x270.webp 360w, https:\/\/shuliybaler.com\/wp-content\/uploads\/2022\/12\/Copper-wire-shredder-machine-180x135.webp 180w\" sizes=\"auto, (max-width: 720px) 100vw, 720px\" \/><figcaption class=\"wp-element-caption\">M\u00e1quina trituradora de arame<\/figcaption><\/figure>    <figure class=\"wp-block-image size-large\"><img loading=\"lazy\" decoding=\"async\" width=\"720\" height=\"540\" data-id=\"3018\" src=\"https:\/\/shuliybaler.com\/wp-content\/uploads\/2022\/12\/Copper-wire-recycling-industry.webp\" alt=\"Ind\u00fastria de reciclagem de fio de cobre\" class=\"wp-image-3018\" title=\"\" srcset=\"https:\/\/shuliybaler.com\/wp-content\/uploads\/2022\/12\/Copper-wire-recycling-industry.webp 720w, https:\/\/shuliybaler.com\/wp-content\/uploads\/2022\/12\/Copper-wire-recycling-industry-360x270.webp 360w, https:\/\/shuliybaler.com\/wp-content\/uploads\/2022\/12\/Copper-wire-recycling-industry-180x135.webp 180w\" sizes=\"auto, (max-width: 720px) 100vw, 720px\" \/><figcaption class=\"wp-element-caption\">Ind\u00fastria de reciclagem de fios de cobre<\/figcaption><\/figure> <\/figure>    <p class=\"translation-block\">Esta trituradora de fios pode n\u00e3o s\u00f3 ser utilizada na ind\u00fastria de reciclagem de fios, mas tamb\u00e9m pode ser utilizada para reciclar <a href=\"https:\/\/www.tmscrapmetals.com\/los-angeles-scrap-metal-price-quote\/\" data-type=\"URL\" data-id=\"https:\/\/www.tmscrapmetals.com\/los-angeles-scrap-metal-price-quote\/\" target=\"_blank\" rel=\"noopener\">metal de sucata<\/a>. Porque a l\u00e2mina \u00e9 suficientemente dura, tamb\u00e9m pode processar metal. Al\u00e9m disso, tamb\u00e9m pode processar materiais macios, como embalagens, por isso a trituradora de rasgar cabos tem uma vasta gama de aplica\u00e7\u00f5es.<\/p>    <h2 class=\"wp-block-heading\">Sele\u00e7\u00e3o de modelo de triturador de fio de cobre<\/h2>    <figure class=\"wp-block-gallery has-nested-images columns-default is-cropped wp-block-gallery-8 is-layout-flex wp-block-gallery-is-layout-flex\"> <figure class=\"wp-block-image size-large\"><img loading=\"lazy\" decoding=\"async\" width=\"720\" height=\"540\" data-id=\"3020\" src=\"https:\/\/shuliybaler.com\/wp-content\/uploads\/2022\/12\/copper-wire-shredder-4.webp\" alt=\"triturador de fio de cobre\" class=\"wp-image-3020\" title=\"\" srcset=\"https:\/\/shuliybaler.com\/wp-content\/uploads\/2022\/12\/copper-wire-shredder-4.webp 720w, https:\/\/shuliybaler.com\/wp-content\/uploads\/2022\/12\/copper-wire-shredder-4-360x270.webp 360w, https:\/\/shuliybaler.com\/wp-content\/uploads\/2022\/12\/copper-wire-shredder-4-180x135.webp 180w\" sizes=\"auto, (max-width: 720px) 100vw, 720px\" \/><figcaption class=\"wp-element-caption\">M\u00e1quina trituradora de arame<\/figcaption><\/figure>    <figure class=\"wp-block-image size-large\"><img loading=\"lazy\" decoding=\"async\" width=\"720\" height=\"540\" data-id=\"3021\" src=\"https:\/\/shuliybaler.com\/wp-content\/uploads\/2022\/12\/copper-wire-shredder-5.webp\" alt=\"triturador de fio de cobre\" class=\"wp-image-3021\" title=\"\" srcset=\"https:\/\/shuliybaler.com\/wp-content\/uploads\/2022\/12\/copper-wire-shredder-5.webp 720w, https:\/\/shuliybaler.com\/wp-content\/uploads\/2022\/12\/copper-wire-shredder-5-360x270.webp 360w, https:\/\/shuliybaler.com\/wp-content\/uploads\/2022\/12\/copper-wire-shredder-5-180x135.webp 180w\" sizes=\"auto, (max-width: 720px) 100vw, 720px\" \/><figcaption class=\"wp-element-caption\">M\u00e1quina trituradora de arame<\/figcaption><\/figure> <\/figure>    <p class=\"translation-block\">Existem<a href=\"https:\/\/shuliybaler.com\/pt\/product\/plastic-shredder-machine\/\" data-type=\"URL\" data-id=\"https:\/\/shuliybaler.com\/product\/plastic-shredder-machine\/\"> v\u00e1rios tipos de trituradores<\/a>: 600, 800, 1000, 1200 e 1400. Existe uma ampla gama de m\u00e1quinas para escolher. Os nossos engenheiros podem configurar a m\u00e1quina mais adequada para si de acordo com os seus materiais. Se necess\u00e1rio, sinta-se \u00e0 vontade para contactar-nos.<\/p>    <h2 class=\"wp-block-heading\">V\u00eddeo do triturador de fio de cobre<\/h2>    <figure class=\"wp-block-embed is-type-video is-provider-youtube wp-block-embed-youtube wp-embed-aspect-16-9 wp-has-aspect-ratio\"><div class=\"wp-block-embed__wrapper\"> <iframe loading=\"lazy\" title=\"Que tipo de triturador \u00e9 necess\u00e1rio para reciclar fio de cobre\uff1f | sucata de placa de cabo, tritura\u00e7\u00e3o e tritura\u00e7\u00e3o\" width=\"500\" height=\"281\" src=\"https:\/\/www.youtube.com\/embed\/KUGPWyrz0bk?feature=oembed\" frameborder=\"0\" allow=\"accelerometer; autoplay; clipboard-write; encrypted-media; gyroscope; picture-in-picture; web-share\" referrerpolicy=\"strict-origin-when-cross-origin\" allowfullscreen><\/iframe> <\/div><figcaption class=\"wp-element-caption\">triturador de fio de cobre<\/figcaption><\/figure>","protected":false},"excerpt":{"rendered":"<p>A copper wire shredder is a machine for shredding cables. This scrap wire copper cable board shredder machine can shred both wires and cable boards. It is very suitable for the cable recycling industry. The machine is designed with two shafts and has high work efficiency. The copper wire shredder can also crush waste metal, [&hellip;]<\/p>\n","protected":false},"author":1,"featured_media":3005,"parent":0,"template":"","tags":[53,84],"product-type":[46],"class_list":["post-3004","product","type-product","status-publish","has-post-thumbnail","hentry","tag-scrap-copper-wire-shredder","tag-shredder","product-type-metal-shredder"],"_links":{"self":[{"href":"https:\/\/shuliybaler.com\/pt\/wp-json\/wp\/v2\/product\/3004","targetHints":{"allow":["GET"]}}],"collection":[{"href":"https:\/\/shuliybaler.com\/pt\/wp-json\/wp\/v2\/product"}],"about":[{"href":"https:\/\/shuliybaler.com\/pt\/wp-json\/wp\/v2\/types\/product"}],"author":[{"embeddable":true,"href":"https:\/\/shuliybaler.com\/pt\/wp-json\/wp\/v2\/users\/1"}],"wp:featuredmedia":[{"embeddable":true,"href":"https:\/\/shuliybaler.com\/pt\/wp-json\/wp\/v2\/media\/3005"}],"wp:attachment":[{"href":"https:\/\/shuliybaler.com\/pt\/wp-json\/wp\/v2\/media?parent=3004"}],"wp:term":[{"taxonomy":"post_tag","embeddable":true,"href":"https:\/\/shuliybaler.com\/pt\/wp-json\/wp\/v2\/tags?post=3004"},{"taxonomy":"product-type","embeddable":true,"href":"https:\/\/shuliybaler.com\/pt\/wp-json\/wp\/v2\/product-type?post=3004"}],"curies":[{"name":"wp","href":"https:\/\/api.w.org\/{rel}","templated":true}]}}