{"id":3031,"date":"2022-12-27T16:10:28","date_gmt":"2022-12-27T08:10:28","guid":{"rendered":"https:\/\/shuliybaler.com\/?post_type=product&#038;p=3031"},"modified":"2022-12-27T16:10:29","modified_gmt":"2022-12-27T08:10:29","slug":"corrugated-box-shredding-machine","status":"publish","type":"product","link":"https:\/\/shuliybaler.com\/pt\/product\/corrugated-box-shredding-machine\/","title":{"rendered":"M\u00e1quina trituradora de caixa de papel\u00e3o ondulado grande"},"content":{"rendered":"<p class=\"translation-block\">Uma m\u00e1quina de tritura\u00e7\u00e3o de caixas onduladas \u00e9 uma m\u00e1quina usada para triturar caixas, principalmente na ind\u00fastria de reciclagem, pode triturar <a href=\"https:\/\/en.wikipedia.org\/wiki\/Drum_(container)\" data-type=\"URL\" data-id=\"https:\/\/en.wikipedia.org\/wiki\/Drum_(container)\" target=\"_blank\" rel=\"noopener\">tarros de ferro<\/a>, pneus, paletes de madeira, ramos, ossos de animais, etc. \u00c9 amplamente utilizada e tem uma forte capacidade de tritura\u00e7\u00e3o.<\/p>    <h2 class=\"wp-block-heading\">Reciclagem de caixas de papel\u00e3o ondulado<\/h2>    <figure class=\"wp-block-gallery has-nested-images columns-default is-cropped wp-block-gallery-2 is-layout-flex wp-block-gallery-is-layout-flex\"> <figure class=\"wp-block-image size-large\"><img loading=\"lazy\" decoding=\"async\" width=\"720\" height=\"540\" data-id=\"3033\" src=\"https:\/\/shuliybaler.com\/wp-content\/uploads\/2022\/12\/corrugated-box.webp\" alt=\"caixa de papel\u00e3o ondulado\" class=\"wp-image-3033\" title=\"\" srcset=\"https:\/\/shuliybaler.com\/wp-content\/uploads\/2022\/12\/corrugated-box.webp 720w, https:\/\/shuliybaler.com\/wp-content\/uploads\/2022\/12\/corrugated-box-360x270.webp 360w, https:\/\/shuliybaler.com\/wp-content\/uploads\/2022\/12\/corrugated-box-180x135.webp 180w\" sizes=\"auto, (max-width: 720px) 100vw, 720px\" \/><figcaption class=\"wp-element-caption\">Caixa Ondulada<\/figcaption><\/figure>    <figure class=\"wp-block-image size-large\"><img loading=\"lazy\" decoding=\"async\" width=\"720\" height=\"540\" data-id=\"3034\" src=\"https:\/\/shuliybaler.com\/wp-content\/uploads\/2022\/12\/corrugated-box-shredding.webp\" alt=\"tritura\u00e7\u00e3o de caixa de papel\u00e3o ondulado \" class=\"wp-image-3034\" title=\"\" srcset=\"https:\/\/shuliybaler.com\/wp-content\/uploads\/2022\/12\/corrugated-box-shredding.webp 720w, https:\/\/shuliybaler.com\/wp-content\/uploads\/2022\/12\/corrugated-box-shredding-360x270.webp 360w, https:\/\/shuliybaler.com\/wp-content\/uploads\/2022\/12\/corrugated-box-shredding-180x135.webp 180w\" sizes=\"auto, (max-width: 720px) 100vw, 720px\" \/><figcaption class=\"wp-element-caption\">Tritura\u00e7\u00e3o de caixa de papel\u00e3o ondulado <\/figcaption><\/figure> <\/figure>    <p>Uma caixa de papel\u00e3o ondulado \u00e9 utilizada para transporte e embalagem. As caixas t\u00eam uma certa vida \u00fatil. Ap\u00f3s muitos tempos de uso, as embalagens ser\u00e3o eliminadas e entrar\u00e3o no sistema de reciclagem. As caixas de papel\u00e3o ondulado podem ser reaproveitadas ap\u00f3s serem trituradas ou transformadas em outros produtos de papel, como na confec\u00e7\u00e3o de bandejas para ovos.<\/p>    <h2 class=\"wp-block-heading\">M\u00e1quina trituradora de caixa de papel\u00e3o ondulado<\/h2>   <div class=\"wp-block-image\"> <figure class=\"aligncenter size-full\"><img loading=\"lazy\" decoding=\"async\" width=\"720\" height=\"540\" src=\"https:\/\/shuliybaler.com\/wp-content\/uploads\/2022\/12\/Corrugated-box-shredding-machine.webp\" alt=\"M\u00e1quina trituradora de caixa de papel\u00e3o ondulado\" class=\"wp-image-3035\" title=\"\" srcset=\"https:\/\/shuliybaler.com\/wp-content\/uploads\/2022\/12\/Corrugated-box-shredding-machine.webp 720w, https:\/\/shuliybaler.com\/wp-content\/uploads\/2022\/12\/Corrugated-box-shredding-machine-360x270.webp 360w, https:\/\/shuliybaler.com\/wp-content\/uploads\/2022\/12\/Corrugated-box-shredding-machine-180x135.webp 180w\" sizes=\"auto, (max-width: 720px) 100vw, 720px\" \/><figcaption class=\"wp-element-caption\">M\u00e1quina trituradora de caixa de papel\u00e3o ondulado<\/figcaption><\/figure> <\/div>   <p>Depois de ser rapidamente triturado em pequenos peda\u00e7os por uma trituradora de caixa de papel\u00e3o ondulado, \u00e9 conveniente para o posterior processo de batimento da fabrica\u00e7\u00e3o de papel. Ap\u00f3s a adi\u00e7\u00e3o de mat\u00e9rias-primas qu\u00edmicas, um novo papel pode ser produzido. Em compara\u00e7\u00e3o com os novos produtos de papel, o papel reciclado causa menos polui\u00e7\u00e3o ambiental.<\/p>    <h2 class=\"wp-block-heading\">Caracter\u00edsticas da m\u00e1quina trituradora de caixa de papel\u00e3o ondulado:<\/h2>   <div class=\"wp-block-image\"> <figure class=\"aligncenter size-full\"><img loading=\"lazy\" decoding=\"async\" width=\"720\" height=\"540\" src=\"https:\/\/shuliybaler.com\/wp-content\/uploads\/2022\/12\/corrugated-box-shredder.webp\" alt=\"triturador de caixa ondulada\" class=\"wp-image-3037\" title=\"\" srcset=\"https:\/\/shuliybaler.com\/wp-content\/uploads\/2022\/12\/corrugated-box-shredder.webp 720w, https:\/\/shuliybaler.com\/wp-content\/uploads\/2022\/12\/corrugated-box-shredder-360x270.webp 360w, https:\/\/shuliybaler.com\/wp-content\/uploads\/2022\/12\/corrugated-box-shredder-180x135.webp 180w\" sizes=\"auto, (max-width: 720px) 100vw, 720px\" \/><figcaption class=\"wp-element-caption\">triturador de caixa ondulada<\/figcaption><\/figure> <\/div>   <ol class=\"wp-block-list\"> <li>Caixa de faca integral<br>Garante alta resist\u00eancia mec\u00e2nica e precis\u00e3o de usinagem, prolonga a vida \u00fatil do equipamento e economiza custos de manuten\u00e7\u00e3o.<\/li>    <li>Tecnologia destac\u00e1vel de ferramenta<br>Cada faca fixa pode ser desmontada e instalada e pode ser desmontada rapidamente em pouco tempo, reduzindo bastante a carga de trabalho dos trabalhadores.<\/li>    <li>Recursos inteligentes<br>Adote a tecnologia inteligente GEP para realizar lubrifica\u00e7\u00e3o autom\u00e1tica, detec\u00e7\u00e3o inteligente e alarme anormal, e projetar um sistema de prote\u00e7\u00e3o inteligente para objetos inquebr\u00e1veis, que reduz os custos de manuten\u00e7\u00e3o e riscos de falha, e garante a opera\u00e7\u00e3o saud\u00e1vel do equipamento a longo prazo.<\/li>    <li>O eixo principal tem boa estabilidade e forte capacidade de impacto<br>O eixo principal \u00e9 feito de material especial, que foi tratado termicamente e processado muitas vezes, por isso tem boa resist\u00eancia mec\u00e2nica, forte capacidade anti-envelhecimento e anti-impacto e longa vida \u00fatil.<\/li>    <li>Rolamentos importados e m\u00faltiplas veda\u00e7\u00f5es combinadas<br>Alta resist\u00eancia \u00e0 carga, longa vida \u00fatil, \u00e0 prova de poeira, \u00e0 prova d'\u00e1gua e antiincrustante, que garantem a opera\u00e7\u00e3o cont\u00ednua e est\u00e1vel da m\u00e1quina.<\/li>    <li>Gabinete de controle com tela sens\u00edvel ao toque PLC<br>Adote o gabinete de controle com tela de toque Siemens PLC, equipado com componentes el\u00e9tricos avan\u00e7ados, boa estabilidade e f\u00e1cil opera\u00e7\u00e3o.<\/li> <\/ol>    <figure class=\"wp-block-gallery has-nested-images columns-default is-cropped wp-block-gallery-3 is-layout-flex wp-block-gallery-is-layout-flex\"> <figure class=\"wp-block-image size-large\"><img loading=\"lazy\" decoding=\"async\" width=\"720\" height=\"540\" data-id=\"3038\" src=\"https:\/\/shuliybaler.com\/wp-content\/uploads\/2022\/12\/corrugated-box-shredder-1.webp\" alt=\"triturador de caixa ondulada\" class=\"wp-image-3038\" title=\"\" srcset=\"https:\/\/shuliybaler.com\/wp-content\/uploads\/2022\/12\/corrugated-box-shredder-1.webp 720w, https:\/\/shuliybaler.com\/wp-content\/uploads\/2022\/12\/corrugated-box-shredder-1-360x270.webp 360w, https:\/\/shuliybaler.com\/wp-content\/uploads\/2022\/12\/corrugated-box-shredder-1-180x135.webp 180w\" sizes=\"auto, (max-width: 720px) 100vw, 720px\" \/><figcaption class=\"wp-element-caption\">Triturador de caixa ondulada<\/figcaption><\/figure>    <figure class=\"wp-block-image size-large\"><img loading=\"lazy\" decoding=\"async\" width=\"720\" height=\"540\" data-id=\"3039\" src=\"https:\/\/shuliybaler.com\/wp-content\/uploads\/2022\/12\/corrugated-box-shredder-knife.webp\" alt=\"faca trituradora de caixa ondulada\" class=\"wp-image-3039\" title=\"\" srcset=\"https:\/\/shuliybaler.com\/wp-content\/uploads\/2022\/12\/corrugated-box-shredder-knife.webp 720w, https:\/\/shuliybaler.com\/wp-content\/uploads\/2022\/12\/corrugated-box-shredder-knife-360x270.webp 360w, https:\/\/shuliybaler.com\/wp-content\/uploads\/2022\/12\/corrugated-box-shredder-knife-180x135.webp 180w\" sizes=\"auto, (max-width: 720px) 100vw, 720px\" \/><figcaption class=\"wp-element-caption\">Faca trituradora de caixa ondulada<\/figcaption><\/figure> <\/figure>    <h2 class=\"wp-block-heading\">Par\u00e2metros do triturador de caixa de papel\u00e3o ondulado<\/h2>    <figure class=\"wp-block-table\"><table><tbody><tr><td>Modelo<\/td><td>SL1000<\/td><\/tr><tr><td>Di\u00e2metro do disco da l\u00e2mina (mm)<\/td><td>485<\/td><\/tr><tr><td>Espessura da l\u00e2mina (mm)<\/td><td>50<\/td><\/tr><tr><td>N\u00famero de l\u00e2minas<\/td><td>20<\/td><\/tr><tr><td>Di\u00e2metro do eixo (mm)<\/td><td>260<\/td><\/tr><tr><td>Dimens\u00f5es (mm)<\/td><td>4500\u00d71900\u00d72200<\/td><\/tr><tr><td>Tamanho da abertura da tremonha (mm)<\/td><td>1400\u00d71200<\/td><\/tr><tr><td>Tamanho da sala quebrada (mm)<\/td><td>1200\u00d71050<\/td><\/tr><tr><td>Espessura da caixa (mm)<\/td><td>50<\/td><\/tr><tr><td>Pot\u00eancia do motor (kW)<\/td><td>Y-6 45kw\u00d72<\/td><\/tr><tr><td>Velocidade (por minuto\/rota\u00e7\u00e3o)<\/td><td>9-15<\/td><\/tr><tr><td>Arm\u00e1rio de Distribui\u00e7\u00e3o<\/td><td>Sobrecarga autom\u00e1tica para frente e para tr\u00e1s<\/td><\/tr><\/tbody><\/table><figcaption class=\"wp-element-caption\">m\u00e1quina trituradora de caixa ondulada<\/figcaption><\/figure>   <div class=\"wp-block-image\"> <figure class=\"aligncenter size-full\"><img loading=\"lazy\" decoding=\"async\" width=\"720\" height=\"540\" src=\"https:\/\/shuliybaler.com\/wp-content\/uploads\/2022\/12\/corrugated-box-shredding-machine-1.webp\" alt=\"m\u00e1quina trituradora de caixa ondulada\" class=\"wp-image-3040\" title=\"\" srcset=\"https:\/\/shuliybaler.com\/wp-content\/uploads\/2022\/12\/corrugated-box-shredding-machine-1.webp 720w, https:\/\/shuliybaler.com\/wp-content\/uploads\/2022\/12\/corrugated-box-shredding-machine-1-360x270.webp 360w, https:\/\/shuliybaler.com\/wp-content\/uploads\/2022\/12\/corrugated-box-shredding-machine-1-180x135.webp 180w\" sizes=\"auto, (max-width: 720px) 100vw, 720px\" \/><figcaption class=\"wp-element-caption\">m\u00e1quina trituradora de caixa ondulada<\/figcaption><\/figure> <\/div>   <h2 class=\"wp-block-heading\">Caso de cliente de m\u00e1quina trituradora de caixa de papel\u00e3o ondulado<\/h2>   <div class=\"wp-block-image\"> <figure class=\"aligncenter size-full\"><img loading=\"lazy\" decoding=\"async\" width=\"720\" height=\"540\" src=\"https:\/\/shuliybaler.com\/wp-content\/uploads\/2022\/12\/corrugated-box-shredding-machines.webp\" alt=\"m\u00e1quinas trituradoras de caixa de papel\u00e3o ondulado\" class=\"wp-image-3036\" title=\"\" srcset=\"https:\/\/shuliybaler.com\/wp-content\/uploads\/2022\/12\/corrugated-box-shredding-machines.webp 720w, https:\/\/shuliybaler.com\/wp-content\/uploads\/2022\/12\/corrugated-box-shredding-machines-360x270.webp 360w, https:\/\/shuliybaler.com\/wp-content\/uploads\/2022\/12\/corrugated-box-shredding-machines-180x135.webp 180w\" sizes=\"auto, (max-width: 720px) 100vw, 720px\" \/><figcaption class=\"wp-element-caption\">m\u00e1quinas trituradoras de caixa de papel\u00e3o ondulado<\/figcaption><\/figure> <\/div>   <p class=\"translation-block\">O cliente comprou um <a href=\"https:\/\/shuliybaler.com\/pt\/product\/scrap-metal-shredder-machine\/\" data-type=\"URL\" data-id=\"https:\/\/shuliybaler.com\/product\/scrap-metal-shredder-machine\/\">triturador<\/a> para triturar ossos de carne. Os ossos de carne s\u00e3o muito duros, e alguns ossos s\u00e3o muito grandes, pelo que a maquinaria de carne geral n\u00e3o consegue trat\u00e1-los. O cliente viu o v\u00eddeo do nosso triturador a triturar tambores de ferro, ent\u00e3o perguntou se poder\u00edamos processar os seus ossos de carne; nunca processamos ossos antes, mas em teoria \u00e9 poss\u00edvel porque as nossas m\u00e1quinas lidam com ferramentas de ferro com facilidade.<br>Adquirimos ossos de carne para testes e verific\u00e1mos que o efeito era muito bom. Fizemos um v\u00eddeo e envi\u00e1mo-lo ao cliente, que ficou tamb\u00e9m muito satisfeito. Um cliente encomendou um triturador de um dia para uso na sua f\u00e1brica de processa\u00e7\u00e3o de carne.<\/p>","protected":false},"excerpt":{"rendered":"<p>Uma m\u00e1quina trituradora de caixas de papel\u00e3o ondulado \u00e9 uma m\u00e1quina usada para triturar caixas, usada principalmente na ind\u00fastria de reciclagem, pode triturar tambores de ferro, pneus, paletes de madeira, galhos, ossos de animais, etc.<\/p>","protected":false},"author":1,"featured_media":3032,"parent":0,"template":"","tags":[56],"product-type":[46],"class_list":["post-3031","product","type-product","status-publish","has-post-thumbnail","hentry","tag-corrugated-box-shredding-machine","product-type-metal-shredder"],"_links":{"self":[{"href":"https:\/\/shuliybaler.com\/pt\/wp-json\/wp\/v2\/product\/3031","targetHints":{"allow":["GET"]}}],"collection":[{"href":"https:\/\/shuliybaler.com\/pt\/wp-json\/wp\/v2\/product"}],"about":[{"href":"https:\/\/shuliybaler.com\/pt\/wp-json\/wp\/v2\/types\/product"}],"author":[{"embeddable":true,"href":"https:\/\/shuliybaler.com\/pt\/wp-json\/wp\/v2\/users\/1"}],"wp:featuredmedia":[{"embeddable":true,"href":"https:\/\/shuliybaler.com\/pt\/wp-json\/wp\/v2\/media\/3032"}],"wp:attachment":[{"href":"https:\/\/shuliybaler.com\/pt\/wp-json\/wp\/v2\/media?parent=3031"}],"wp:term":[{"taxonomy":"post_tag","embeddable":true,"href":"https:\/\/shuliybaler.com\/pt\/wp-json\/wp\/v2\/tags?post=3031"},{"taxonomy":"product-type","embeddable":true,"href":"https:\/\/shuliybaler.com\/pt\/wp-json\/wp\/v2\/product-type?post=3031"}],"curies":[{"name":"wp","href":"https:\/\/api.w.org\/{rel}","templated":true}]}}