{"id":3051,"date":"2023-01-06T11:14:47","date_gmt":"2023-01-06T03:14:47","guid":{"rendered":"https:\/\/shuliybaler.com\/?post_type=product&#038;p=3051"},"modified":"2025-02-08T15:25:15","modified_gmt":"2025-02-08T07:25:15","slug":"animal-bone-shredding-crusher-machine","status":"publish","type":"product","link":"https:\/\/shuliybaler.com\/pt\/product\/animal-bone-shredding-crusher-machine\/","title":{"rendered":"M\u00e1quina trituradora de ossos de animais"},"content":{"rendered":"<p>A m\u00e1quina trituradora de ossos de animais \u00e9 um dispositivo para esmagar ossos duros de animais. A m\u00e1quina pode ser usada em matadouros e f\u00e1bricas de processamento de alimentos. O triturador de ossos de animais possui alta efici\u00eancia de trabalho.<\/p>    <figure class=\"wp-block-gallery has-nested-images columns-default is-cropped wp-block-gallery-2 is-layout-flex wp-block-gallery-is-layout-flex\"> <figure class=\"wp-block-image size-large\"><img loading=\"lazy\" decoding=\"async\" width=\"720\" height=\"540\" data-id=\"3062\" src=\"https:\/\/shuliybaler.com\/wp-content\/uploads\/2023\/01\/bone-shredding-crusher.jpg\" alt=\"triturador de ossos\" class=\"wp-image-3062\" title=\"\" srcset=\"https:\/\/shuliybaler.com\/wp-content\/uploads\/2023\/01\/bone-shredding-crusher.jpg 720w, https:\/\/shuliybaler.com\/wp-content\/uploads\/2023\/01\/bone-shredding-crusher-360x270.jpg 360w, https:\/\/shuliybaler.com\/wp-content\/uploads\/2023\/01\/bone-shredding-crusher-180x135.jpg 180w\" sizes=\"auto, (max-width: 720px) 100vw, 720px\" \/><figcaption class=\"wp-element-caption\">Triturador de ossos<\/figcaption><\/figure>    <figure class=\"wp-block-image size-large\"><img loading=\"lazy\" decoding=\"async\" width=\"720\" height=\"540\" data-id=\"3063\" src=\"https:\/\/shuliybaler.com\/wp-content\/uploads\/2023\/01\/bone-shredding-crusher-1.jpg\" alt=\"triturador de ossos\" class=\"wp-image-3063\" title=\"\" srcset=\"https:\/\/shuliybaler.com\/wp-content\/uploads\/2023\/01\/bone-shredding-crusher-1.jpg 720w, https:\/\/shuliybaler.com\/wp-content\/uploads\/2023\/01\/bone-shredding-crusher-1-360x270.jpg 360w, https:\/\/shuliybaler.com\/wp-content\/uploads\/2023\/01\/bone-shredding-crusher-1-180x135.jpg 180w\" sizes=\"auto, (max-width: 720px) 100vw, 720px\" \/><figcaption class=\"wp-element-caption\">Triturador de ossos<\/figcaption><\/figure> <\/figure>    <h2 class=\"wp-block-heading\">Quais produtos podem ser processados \u200b\u200bpelo triturador de ossos?  <\/h2>    <h3 class=\"wp-block-heading\">Trituradores de ossos processam ossos e carne<\/h3>    <figure class=\"wp-block-gallery has-nested-images columns-default is-cropped wp-block-gallery-3 is-layout-flex wp-block-gallery-is-layout-flex\"> <figure class=\"wp-block-image size-large\"><img loading=\"lazy\" decoding=\"async\" width=\"720\" height=\"540\" data-id=\"3053\" src=\"https:\/\/shuliybaler.com\/wp-content\/uploads\/2023\/01\/bones.jpg\" alt=\"ossos \" class=\"wp-image-3053\" title=\"\" srcset=\"https:\/\/shuliybaler.com\/wp-content\/uploads\/2023\/01\/bones.jpg 720w, https:\/\/shuliybaler.com\/wp-content\/uploads\/2023\/01\/bones-360x270.jpg 360w, https:\/\/shuliybaler.com\/wp-content\/uploads\/2023\/01\/bones-180x135.jpg 180w\" sizes=\"auto, (max-width: 720px) 100vw, 720px\" \/><figcaption class=\"wp-element-caption\">Ossos <\/figcaption><\/figure>    <figure class=\"wp-block-image size-large\"><img loading=\"lazy\" decoding=\"async\" width=\"720\" height=\"540\" data-id=\"3054\" src=\"https:\/\/shuliybaler.com\/wp-content\/uploads\/2023\/01\/beef-bone.jpg\" alt=\"osso de boi\" class=\"wp-image-3054\" title=\"\" srcset=\"https:\/\/shuliybaler.com\/wp-content\/uploads\/2023\/01\/beef-bone.jpg 720w, https:\/\/shuliybaler.com\/wp-content\/uploads\/2023\/01\/beef-bone-360x270.jpg 360w, https:\/\/shuliybaler.com\/wp-content\/uploads\/2023\/01\/beef-bone-180x135.jpg 180w\" sizes=\"auto, (max-width: 720px) 100vw, 720px\" \/><figcaption class=\"wp-element-caption\">Osso de carne<\/figcaption><\/figure> <\/figure>    <p>O triturador de ossos de animais pode n\u00e3o apenas triturar ossos, mas tamb\u00e9m triturar carne congelada e fresca. O triturador de ossos de animais pode ser usado para processar alimentos para animais de estima\u00e7\u00e3o. Al\u00e9m disso, o triturador de ossos de animais tamb\u00e9m pode ser usado para descartar carca\u00e7as de animais mortos, por exemplo, durante a queima, favorece a queima e melhora a efici\u00eancia da incinera\u00e7\u00e3o.<\/p>    <h3 class=\"wp-block-heading\">Triturador para metal<\/h3>    <p class=\"translation-block\">Este triturador tamb\u00e9m pode<a href=\"https:\/\/shuliybaler.com\/pt\/product\/scrap-metal-shredder-machine\/\" data-type=\"URL\" data-id=\"https:\/\/shuliybaler.com\/product\/scrap-metal-shredder-machine\/\"> triturar produtos met\u00e1licos<\/a>, como motores, bicicletas, tubos de metal, etc.<\/p>    <h2 class=\"wp-block-heading\">Que problemas ser\u00e3o encontrados quando o osso for quebrado?<\/h2>   <div class=\"wp-block-image\"> <figure class=\"aligncenter size-full\"><img loading=\"lazy\" decoding=\"async\" width=\"720\" height=\"540\" src=\"https:\/\/shuliybaler.com\/wp-content\/uploads\/2023\/01\/bone-crusher.jpg\" alt=\"triturador de ossos\" class=\"wp-image-3061\" title=\"\" srcset=\"https:\/\/shuliybaler.com\/wp-content\/uploads\/2023\/01\/bone-crusher.jpg 720w, https:\/\/shuliybaler.com\/wp-content\/uploads\/2023\/01\/bone-crusher-360x270.jpg 360w, https:\/\/shuliybaler.com\/wp-content\/uploads\/2023\/01\/bone-crusher-180x135.jpg 180w\" sizes=\"auto, (max-width: 720px) 100vw, 720px\" \/><figcaption class=\"wp-element-caption\">triturador de ossos<\/figcaption><\/figure> <\/div>   <p class=\"translation-block\">Quando o osso \u00e9 triturado, pode ser demasiado grande devido ao tamanho, pelo que a <a href=\"https:\/\/www.meatprocessingmachine.org\/products\/meat-cutting-machine\/\" data-type=\"URL\" data-id=\"https:\/\/www.meatprocessingmachine.org\/products\/meat-cutting-machine\/\" target=\"_blank\" rel=\"noopener\">m\u00e1quina geral de processamento de carne<\/a> n\u00e3o consegue lidar com ele quando \u00e9 triturado, ou se for utilizada, causar\u00e1 grandes danos \u00e0 m\u00e1quina e reduzir\u00e1 a vida \u00fatil. No entanto, o cortador deste triturador de ossos adota o mesmo material H13, capaz de triturar facilmente trabalhos em metal e ossos grandes.<\/p>    <h2 class=\"wp-block-heading\">Vantagem da m\u00e1quina trituradora de ossos de animais<\/h2>    <figure class=\"wp-block-gallery has-nested-images columns-default is-cropped wp-block-gallery-4 is-layout-flex wp-block-gallery-is-layout-flex\"> <figure class=\"wp-block-image size-large\"><img loading=\"lazy\" decoding=\"async\" width=\"720\" height=\"540\" data-id=\"3055\" src=\"https:\/\/shuliybaler.com\/wp-content\/uploads\/2023\/01\/bone-shredding-crusher-machine.jpg\" alt=\"m\u00e1quina trituradora de ossos\" class=\"wp-image-3055\" title=\"\" srcset=\"https:\/\/shuliybaler.com\/wp-content\/uploads\/2023\/01\/bone-shredding-crusher-machine.jpg 720w, https:\/\/shuliybaler.com\/wp-content\/uploads\/2023\/01\/bone-shredding-crusher-machine-360x270.jpg 360w, https:\/\/shuliybaler.com\/wp-content\/uploads\/2023\/01\/bone-shredding-crusher-machine-180x135.jpg 180w\" sizes=\"auto, (max-width: 720px) 100vw, 720px\" \/><figcaption class=\"wp-element-caption\">M\u00e1quina trituradora de ossos<\/figcaption><\/figure>    <figure class=\"wp-block-image size-large\"><img loading=\"lazy\" decoding=\"async\" width=\"720\" height=\"540\" data-id=\"3056\" src=\"https:\/\/shuliybaler.com\/wp-content\/uploads\/2023\/01\/bone-shredding-crusher-machine-knife.jpg\" alt=\"Faca para m\u00e1quina trituradora de ossos\" class=\"wp-image-3056\" title=\"\" srcset=\"https:\/\/shuliybaler.com\/wp-content\/uploads\/2023\/01\/bone-shredding-crusher-machine-knife.jpg 720w, https:\/\/shuliybaler.com\/wp-content\/uploads\/2023\/01\/bone-shredding-crusher-machine-knife-360x270.jpg 360w, https:\/\/shuliybaler.com\/wp-content\/uploads\/2023\/01\/bone-shredding-crusher-machine-knife-180x135.jpg 180w\" sizes=\"auto, (max-width: 720px) 100vw, 720px\" \/><figcaption class=\"wp-element-caption\">Faca para m\u00e1quina trituradora de ossos<\/figcaption><\/figure> <\/figure>    <p>Baixo ru\u00eddo de baixa velocidade<\/p>    <p>Grande capacidade de processamento e tamanho de sa\u00edda podem ser controlados<\/p>    <p>A estanqueidade da m\u00e1quina \u00e9 boa e o material de a\u00e7o inoxid\u00e1vel tem boa resist\u00eancia \u00e0 corros\u00e3o<\/p>    <p>Especifica\u00e7\u00f5es completas suportam personaliza\u00e7\u00e3o<\/p>    <h2 class=\"wp-block-heading\">Par\u00e2metro da m\u00e1quina trituradora de ossos de animais<\/h2>    <figure class=\"wp-block-gallery has-nested-images columns-2 is-cropped wp-block-gallery-5 is-layout-flex wp-block-gallery-is-layout-flex\"> <figure class=\"wp-block-image size-large\"><img loading=\"lazy\" decoding=\"async\" width=\"720\" height=\"540\" data-id=\"3057\" src=\"https:\/\/shuliybaler.com\/wp-content\/uploads\/2023\/01\/Animal-bone-shredding-crusher-machine-1.jpg\" alt=\"M\u00e1quina trituradora de ossos de animais\" class=\"wp-image-3057\" title=\"\" srcset=\"https:\/\/shuliybaler.com\/wp-content\/uploads\/2023\/01\/Animal-bone-shredding-crusher-machine-1.jpg 720w, https:\/\/shuliybaler.com\/wp-content\/uploads\/2023\/01\/Animal-bone-shredding-crusher-machine-1-360x270.jpg 360w, https:\/\/shuliybaler.com\/wp-content\/uploads\/2023\/01\/Animal-bone-shredding-crusher-machine-1-180x135.jpg 180w\" sizes=\"auto, (max-width: 720px) 100vw, 720px\" \/><figcaption class=\"wp-element-caption\">M\u00e1quina trituradora de ossos de animais<\/figcaption><\/figure>    <figure class=\"wp-block-image size-large\"><img loading=\"lazy\" decoding=\"async\" width=\"720\" height=\"540\" data-id=\"3058\" src=\"https:\/\/shuliybaler.com\/wp-content\/uploads\/2023\/01\/Animal-bone-shredding-crusher-machine-2.jpg\" alt=\"M\u00e1quina trituradora de ossos de animais\" class=\"wp-image-3058\" title=\"\" srcset=\"https:\/\/shuliybaler.com\/wp-content\/uploads\/2023\/01\/Animal-bone-shredding-crusher-machine-2.jpg 720w, https:\/\/shuliybaler.com\/wp-content\/uploads\/2023\/01\/Animal-bone-shredding-crusher-machine-2-360x270.jpg 360w, https:\/\/shuliybaler.com\/wp-content\/uploads\/2023\/01\/Animal-bone-shredding-crusher-machine-2-180x135.jpg 180w\" sizes=\"auto, (max-width: 720px) 100vw, 720px\" \/><figcaption class=\"wp-element-caption\">M\u00e1quina trituradora de ossos de animais <\/figcaption><\/figure>    <figure class=\"wp-block-image size-large\"><img loading=\"lazy\" decoding=\"async\" width=\"720\" height=\"540\" data-id=\"3059\" src=\"https:\/\/shuliybaler.com\/wp-content\/uploads\/2023\/01\/Animal-bone-shredding-crusher-machine-3.jpg\" alt=\"M\u00e1quina trituradora de ossos de animais\" class=\"wp-image-3059\" title=\"\" srcset=\"https:\/\/shuliybaler.com\/wp-content\/uploads\/2023\/01\/Animal-bone-shredding-crusher-machine-3.jpg 720w, https:\/\/shuliybaler.com\/wp-content\/uploads\/2023\/01\/Animal-bone-shredding-crusher-machine-3-360x270.jpg 360w, https:\/\/shuliybaler.com\/wp-content\/uploads\/2023\/01\/Animal-bone-shredding-crusher-machine-3-180x135.jpg 180w\" sizes=\"auto, (max-width: 720px) 100vw, 720px\" \/><figcaption class=\"wp-element-caption\">M\u00e1quina trituradora de ossos de animais<\/figcaption><\/figure>    <figure class=\"wp-block-image size-large\"><img loading=\"lazy\" decoding=\"async\" width=\"720\" height=\"540\" data-id=\"3060\" src=\"https:\/\/shuliybaler.com\/wp-content\/uploads\/2023\/01\/Animal-bone-shredding-crusher-machine-4.jpg\" alt=\"M\u00e1quina trituradora de ossos de animais\" class=\"wp-image-3060\" title=\"\" srcset=\"https:\/\/shuliybaler.com\/wp-content\/uploads\/2023\/01\/Animal-bone-shredding-crusher-machine-4.jpg 720w, https:\/\/shuliybaler.com\/wp-content\/uploads\/2023\/01\/Animal-bone-shredding-crusher-machine-4-360x270.jpg 360w, https:\/\/shuliybaler.com\/wp-content\/uploads\/2023\/01\/Animal-bone-shredding-crusher-machine-4-180x135.jpg 180w\" sizes=\"auto, (max-width: 720px) 100vw, 720px\" \/><figcaption class=\"wp-element-caption\">M\u00e1quina trituradora de ossos de animais<\/figcaption><\/figure> <\/figure>    <figure class=\"wp-block-table\"><table><tbody><tr><td>Nome<\/td><td>par\u00e2metro<\/td><\/tr><tr><td>Destruidor<\/td><td>1200 pesado<\/td><\/tr><tr><td>Di\u00e2metro do cortador<\/td><td>500mm<\/td><\/tr><tr><td>Espessura do cortador<\/td><td>60mm<\/td><\/tr><tr><td>N\u00famero do dente do cortador<\/td><td>7 dentes<\/td><\/tr><tr><td>Altura do dente do cortador<\/td><td>40-45mm<\/td><\/tr><tr><td>Rela\u00e7\u00e3o de transmiss\u00e3o<\/td><td>90:1<\/td><\/tr><tr><td>Modelo redutor<\/td><td>Zsy450type\u00d72(superf\u00edcie dura do dente)<\/td><\/tr><tr><td>Pot\u00eancia do motor<\/td><td>55kw\u00d72\uff08N\u00edvel 6\uff09<\/td><\/tr><tr><td>Quadro<\/td><td>tubo 160\u00d7160 quadrado<\/td><\/tr><tr><td>Arm\u00e1rio de Distribui\u00e7\u00e3o<\/td><td>Sobrecarga autom\u00e1tica de prote\u00e7\u00e3o direta e reversa<\/td><\/tr><tr><td>Dimens\u00f5es<\/td><td>3500\u00d71800\u00d71950<\/td><\/tr><tr><td>Transportador de sa\u00edda<\/td><td>Tipo 600 \u00d7 6 metros<\/td><\/tr><tr><td>Separador Magn\u00e9tico de Suspens\u00e3o<\/td><td>tipo 600<\/td><\/tr><\/tbody><\/table><\/figure>","protected":false},"excerpt":{"rendered":"<p>Quando o osso \u00e9 triturado, ele pode ficar muito grande devido ao tamanho, de modo que a m\u00e1quina geral de processamento de carne n\u00e3o consegue lidar com ele quando for triturado ou, se for usado, causar\u00e1 grandes danos \u00e0 m\u00e1quina e reduzir\u00e1 sua vida \u00fatil. Por\u00e9m, o cortador deste triturador de ossos adota o mesmo material H13, capaz de triturar metais e ossos grandes com facilidade.<\/p>","protected":false},"author":1,"featured_media":3052,"parent":0,"template":"","tags":[84,57],"product-type":[46],"class_list":["post-3051","product","type-product","status-publish","has-post-thumbnail","hentry","tag-shredder","tag-shredding-crusher-machine","product-type-metal-shredder"],"_links":{"self":[{"href":"https:\/\/shuliybaler.com\/pt\/wp-json\/wp\/v2\/product\/3051","targetHints":{"allow":["GET"]}}],"collection":[{"href":"https:\/\/shuliybaler.com\/pt\/wp-json\/wp\/v2\/product"}],"about":[{"href":"https:\/\/shuliybaler.com\/pt\/wp-json\/wp\/v2\/types\/product"}],"author":[{"embeddable":true,"href":"https:\/\/shuliybaler.com\/pt\/wp-json\/wp\/v2\/users\/1"}],"wp:featuredmedia":[{"embeddable":true,"href":"https:\/\/shuliybaler.com\/pt\/wp-json\/wp\/v2\/media\/3052"}],"wp:attachment":[{"href":"https:\/\/shuliybaler.com\/pt\/wp-json\/wp\/v2\/media?parent=3051"}],"wp:term":[{"taxonomy":"post_tag","embeddable":true,"href":"https:\/\/shuliybaler.com\/pt\/wp-json\/wp\/v2\/tags?post=3051"},{"taxonomy":"product-type","embeddable":true,"href":"https:\/\/shuliybaler.com\/pt\/wp-json\/wp\/v2\/product-type?post=3051"}],"curies":[{"name":"wp","href":"https:\/\/api.w.org\/{rel}","templated":true}]}}