{"id":3065,"date":"2023-01-09T16:51:01","date_gmt":"2023-01-09T08:51:01","guid":{"rendered":"https:\/\/shuliybaler.com\/?post_type=product&#038;p=3065"},"modified":"2023-01-09T17:10:55","modified_gmt":"2023-01-09T09:10:55","slug":"trash-compactor-machine","status":"publish","type":"product","link":"https:\/\/shuliybaler.com\/pt\/product\/trash-compactor-machine\/","title":{"rendered":"M\u00e1quina compactadora de lixo | m\u00e1quina enfardadeira de lixo"},"content":{"rendered":"<p class=\"translation-block\">A m\u00e1quina compactadora de lixo tamb\u00e9m \u00e9 chamada de <a href=\"https:\/\/shuliybaler.com\/pt\/product\/scrap-metal-baler\/\" data-type=\"URL\" data-id=\"https:\/\/shuliybaler.com\/product\/scrap-metal-baler\/\">prensa de lixo<\/a>, que expulsa ar, l\u00edquido e \u00e1gua por extrus\u00e3o, e reduz o volume de lixo atrav\u00e9s da compress\u00e3o para diminuir o espa\u00e7o em aterros sanit\u00e1rios. <a href=\"https:\/\/shuliybaler.com\/pt\/product\/vertical-metal-baler\/\" data-type=\"URL\" data-id=\"https:\/\/shuliybaler.com\/product\/vertical-metal-baler\/\">Compactadores de lixo<\/a> tornaram-se equipamentos de processamento importantes para a prote\u00e7\u00e3o ambiental.<\/p>   <div class=\"wp-block-image\"> <figure class=\"aligncenter size-full\"><img loading=\"lazy\" decoding=\"async\" width=\"720\" height=\"540\" src=\"https:\/\/shuliybaler.com\/wp-content\/uploads\/2023\/01\/Trash-compactor-machine-1.webp\" alt=\"M\u00e1quina compactadora de lixo\" class=\"wp-image-3067\" title=\"\" srcset=\"https:\/\/shuliybaler.com\/wp-content\/uploads\/2023\/01\/Trash-compactor-machine-1.webp 720w, https:\/\/shuliybaler.com\/wp-content\/uploads\/2023\/01\/Trash-compactor-machine-1-360x270.webp 360w, https:\/\/shuliybaler.com\/wp-content\/uploads\/2023\/01\/Trash-compactor-machine-1-180x135.webp 180w\" sizes=\"auto, (max-width: 720px) 100vw, 720px\" \/><figcaption class=\"wp-element-caption\">M\u00e1quina compactadora de lixo<\/figcaption><\/figure> <\/div>   <h2 class=\"wp-block-heading\">Em quais setores as m\u00e1quinas compactadoras de lixo s\u00e3o usadas?<\/h2>    <p>Todo tipo de neg\u00f3cio gera algum tipo de res\u00edduo que precisa ser removido e descartado. O tamanho e a carga de trabalho de uma empresa aumentam a necessidade do uso de compactadores.<\/p>    <figure class=\"wp-block-gallery has-nested-images columns-4 is-cropped wp-block-gallery-2 is-layout-flex wp-block-gallery-is-layout-flex\"> <figure class=\"wp-block-image size-large\"><img loading=\"lazy\" decoding=\"async\" width=\"720\" height=\"540\" data-id=\"3075\" src=\"https:\/\/shuliybaler.com\/wp-content\/uploads\/2023\/01\/waste-paper-packaging.webp\" alt=\"\" class=\"wp-image-3075\" title=\"\" srcset=\"https:\/\/shuliybaler.com\/wp-content\/uploads\/2023\/01\/waste-paper-packaging.webp 720w, https:\/\/shuliybaler.com\/wp-content\/uploads\/2023\/01\/waste-paper-packaging-360x270.webp 360w, https:\/\/shuliybaler.com\/wp-content\/uploads\/2023\/01\/waste-paper-packaging-180x135.webp 180w\" sizes=\"auto, (max-width: 720px) 100vw, 720px\" \/><figcaption class=\"wp-element-caption\">Enfardamento de palha<\/figcaption><\/figure>    <figure class=\"wp-block-image size-large\"><img loading=\"lazy\" decoding=\"async\" width=\"720\" height=\"540\" data-id=\"3076\" src=\"https:\/\/shuliybaler.com\/wp-content\/uploads\/2023\/01\/straw-baling.webp\" alt=\"enfardamento de palha\" class=\"wp-image-3076\" title=\"\" srcset=\"https:\/\/shuliybaler.com\/wp-content\/uploads\/2023\/01\/straw-baling.webp 720w, https:\/\/shuliybaler.com\/wp-content\/uploads\/2023\/01\/straw-baling-360x270.webp 360w, https:\/\/shuliybaler.com\/wp-content\/uploads\/2023\/01\/straw-baling-180x135.webp 180w\" sizes=\"auto, (max-width: 720px) 100vw, 720px\" \/><figcaption class=\"wp-element-caption\">Enfardamento de palha<\/figcaption><\/figure>    <figure class=\"wp-block-image size-large\"><img loading=\"lazy\" decoding=\"async\" width=\"720\" height=\"540\" data-id=\"3077\" src=\"https:\/\/shuliybaler.com\/wp-content\/uploads\/2023\/01\/Corrugated-box-packaging.webp\" alt=\"Embalagem de caixa de papel\u00e3o ondulado\" class=\"wp-image-3077\" title=\"\" srcset=\"https:\/\/shuliybaler.com\/wp-content\/uploads\/2023\/01\/Corrugated-box-packaging.webp 720w, https:\/\/shuliybaler.com\/wp-content\/uploads\/2023\/01\/Corrugated-box-packaging-360x270.webp 360w, https:\/\/shuliybaler.com\/wp-content\/uploads\/2023\/01\/Corrugated-box-packaging-180x135.webp 180w\" sizes=\"auto, (max-width: 720px) 100vw, 720px\" \/><figcaption class=\"wp-element-caption\">Embalagem de caixa de papel\u00e3o ondulado<\/figcaption><\/figure>    <figure class=\"wp-block-image size-large\"><img loading=\"lazy\" decoding=\"async\" width=\"720\" height=\"540\" data-id=\"3078\" src=\"https:\/\/shuliybaler.com\/wp-content\/uploads\/2023\/01\/plastic-bottle-baling.webp\" alt=\"enfardamento de garrafas pl\u00e1sticas\" class=\"wp-image-3078\" title=\"\" srcset=\"https:\/\/shuliybaler.com\/wp-content\/uploads\/2023\/01\/plastic-bottle-baling.webp 720w, https:\/\/shuliybaler.com\/wp-content\/uploads\/2023\/01\/plastic-bottle-baling-360x270.webp 360w, https:\/\/shuliybaler.com\/wp-content\/uploads\/2023\/01\/plastic-bottle-baling-180x135.webp 180w\" sizes=\"auto, (max-width: 720px) 100vw, 720px\" \/><figcaption class=\"wp-element-caption\">Enfardamento de garrafas pl\u00e1sticas<\/figcaption><\/figure> <\/figure>    <h3 class=\"wp-block-heading\">Restaurantes e hot\u00e9is<\/h3>    <p>O uso mais difundido de compactadores \u00e9 encontrado em uma variedade de opera\u00e7\u00f5es de varejo, restaurantes e hotelaria que geram res\u00edduos que v\u00e3o desde materiais de embalagem e caixas at\u00e9 restos de alimentos. O res\u00edduo \u00famido \u00e9 carregado no compactador, onde o cabe\u00e7ote tritura o material at\u00e9 75% menor que seu volume original.<\/p>    <h3 class=\"wp-block-heading\">Higiene m\u00e9dica<\/h3>    <p class=\"translation-block\">H\u00e1 muito desperd\u00edcio no <a href=\"https:\/\/en.wikipedia.org\/wiki\/Health_system\" data-type=\"URL\" data-id=\"https:\/\/en.wikipedia.org\/wiki\/Health_system\" target=\"_blank\" rel=\"noopener\">sistema de sa\u00fade<\/a>, mas muito dele n\u00e3o pode ser descartado de forma casual, e as compactadoras de res\u00edduos m\u00e9dicos s\u00e3o projetadas para incorporar conten\u00e7\u00e3o, armazenamento e transporte para evitar que os res\u00edduos sejam expostos ao p\u00fablico. A compactadora de lixo pode coletar esses res\u00edduos m\u00e9dicos, comprim\u00ed-los e embal\u00e1-los para tratamento unificado.<\/p>    <h3 class=\"wp-block-heading\">Escola<\/h3>    <figure class=\"wp-block-gallery has-nested-images columns-default is-cropped wp-block-gallery-3 is-layout-flex wp-block-gallery-is-layout-flex\"> <figure class=\"wp-block-image size-large\"><img loading=\"lazy\" decoding=\"async\" width=\"720\" height=\"540\" data-id=\"3079\" src=\"https:\/\/shuliybaler.com\/wp-content\/uploads\/2023\/01\/after-baling.webp\" alt=\"depois de enfardamento\" class=\"wp-image-3079\" title=\"\" srcset=\"https:\/\/shuliybaler.com\/wp-content\/uploads\/2023\/01\/after-baling.webp 720w, https:\/\/shuliybaler.com\/wp-content\/uploads\/2023\/01\/after-baling-360x270.webp 360w, https:\/\/shuliybaler.com\/wp-content\/uploads\/2023\/01\/after-baling-180x135.webp 180w\" sizes=\"auto, (max-width: 720px) 100vw, 720px\" \/><figcaption class=\"wp-element-caption\">Depois do enfardamento<\/figcaption><\/figure>    <figure class=\"wp-block-image size-large\"><img loading=\"lazy\" decoding=\"async\" width=\"720\" height=\"540\" data-id=\"3082\" src=\"https:\/\/shuliybaler.com\/wp-content\/uploads\/2023\/01\/after-baling-3.webp\" alt=\"depois de enfardamento\" class=\"wp-image-3082\" title=\"\" srcset=\"https:\/\/shuliybaler.com\/wp-content\/uploads\/2023\/01\/after-baling-3.webp 720w, https:\/\/shuliybaler.com\/wp-content\/uploads\/2023\/01\/after-baling-3-360x270.webp 360w, https:\/\/shuliybaler.com\/wp-content\/uploads\/2023\/01\/after-baling-3-180x135.webp 180w\" sizes=\"auto, (max-width: 720px) 100vw, 720px\" \/><figcaption class=\"wp-element-caption\">Depois do enfardamento<\/figcaption><\/figure>    <figure class=\"wp-block-image size-large\"><img loading=\"lazy\" decoding=\"async\" width=\"720\" height=\"540\" data-id=\"3080\" src=\"https:\/\/shuliybaler.com\/wp-content\/uploads\/2023\/01\/after-baling-1.webp\" alt=\"depois de enfardamento\" class=\"wp-image-3080\" title=\"\" srcset=\"https:\/\/shuliybaler.com\/wp-content\/uploads\/2023\/01\/after-baling-1.webp 720w, https:\/\/shuliybaler.com\/wp-content\/uploads\/2023\/01\/after-baling-1-360x270.webp 360w, https:\/\/shuliybaler.com\/wp-content\/uploads\/2023\/01\/after-baling-1-180x135.webp 180w\" sizes=\"auto, (max-width: 720px) 100vw, 720px\" \/><figcaption class=\"wp-element-caption\">Depois do enfardamento<\/figcaption><\/figure>    <figure class=\"wp-block-image size-large\"><img loading=\"lazy\" decoding=\"async\" width=\"720\" height=\"540\" data-id=\"3081\" src=\"https:\/\/shuliybaler.com\/wp-content\/uploads\/2023\/01\/after-baling-2.webp\" alt=\"depois de enfardamento\" class=\"wp-image-3081\" title=\"\" srcset=\"https:\/\/shuliybaler.com\/wp-content\/uploads\/2023\/01\/after-baling-2.webp 720w, https:\/\/shuliybaler.com\/wp-content\/uploads\/2023\/01\/after-baling-2-360x270.webp 360w, https:\/\/shuliybaler.com\/wp-content\/uploads\/2023\/01\/after-baling-2-180x135.webp 180w\" sizes=\"auto, (max-width: 720px) 100vw, 720px\" \/><figcaption class=\"wp-element-caption\">Depois do enfardamento<\/figcaption><\/figure> <\/figure>    <p>A escola tem muitos res\u00edduos de papel, mesas velhas, cadeiras, etc. que precisam ser reciclados e embalados. O uso de enfardadeiras de lixo nas escolas pode ser muito \u00fatil. Em particular, algum papel pode ser reciclado, o que \u00e9 ben\u00e9fico para a protec\u00e7\u00e3o ambiental.<\/p>    <h2 class=\"wp-block-heading\">Benef\u00edcios de usar uma m\u00e1quina compactadora de lixo<\/h2>    <figure class=\"wp-block-gallery has-nested-images columns-2 is-cropped wp-block-gallery-4 is-layout-flex wp-block-gallery-is-layout-flex\"> <figure class=\"wp-block-image size-large\"><img loading=\"lazy\" decoding=\"async\" width=\"720\" height=\"540\" data-id=\"3070\" src=\"https:\/\/shuliybaler.com\/wp-content\/uploads\/2023\/01\/Trash-compactor-machine-2.webp\" alt=\"M\u00e1quina compactadora de lixo\" class=\"wp-image-3070\" title=\"\" srcset=\"https:\/\/shuliybaler.com\/wp-content\/uploads\/2023\/01\/Trash-compactor-machine-2.webp 720w, https:\/\/shuliybaler.com\/wp-content\/uploads\/2023\/01\/Trash-compactor-machine-2-360x270.webp 360w, https:\/\/shuliybaler.com\/wp-content\/uploads\/2023\/01\/Trash-compactor-machine-2-180x135.webp 180w\" sizes=\"auto, (max-width: 720px) 100vw, 720px\" \/><figcaption class=\"wp-element-caption\">M\u00e1quina compactadora de lixo<\/figcaption><\/figure>    <figure class=\"wp-block-image size-large\"><img loading=\"lazy\" decoding=\"async\" width=\"720\" height=\"540\" data-id=\"3071\" src=\"https:\/\/shuliybaler.com\/wp-content\/uploads\/2023\/01\/Trash-compactor-machine-3.webp\" alt=\"M\u00e1quina compactadora de lixo\" class=\"wp-image-3071\" title=\"\" srcset=\"https:\/\/shuliybaler.com\/wp-content\/uploads\/2023\/01\/Trash-compactor-machine-3.webp 720w, https:\/\/shuliybaler.com\/wp-content\/uploads\/2023\/01\/Trash-compactor-machine-3-360x270.webp 360w, https:\/\/shuliybaler.com\/wp-content\/uploads\/2023\/01\/Trash-compactor-machine-3-180x135.webp 180w\" sizes=\"auto, (max-width: 720px) 100vw, 720px\" \/><figcaption class=\"wp-element-caption\">M\u00e1quina compactadora de lixo<\/figcaption><\/figure>    <figure class=\"wp-block-image size-large\"><img loading=\"lazy\" decoding=\"async\" width=\"720\" height=\"540\" data-id=\"3073\" src=\"https:\/\/shuliybaler.com\/wp-content\/uploads\/2023\/01\/Trash-compactor-machine-5.webp\" alt=\"M\u00e1quina compactadora de lixo \" class=\"wp-image-3073\" title=\"\" srcset=\"https:\/\/shuliybaler.com\/wp-content\/uploads\/2023\/01\/Trash-compactor-machine-5.webp 720w, https:\/\/shuliybaler.com\/wp-content\/uploads\/2023\/01\/Trash-compactor-machine-5-360x270.webp 360w, https:\/\/shuliybaler.com\/wp-content\/uploads\/2023\/01\/Trash-compactor-machine-5-180x135.webp 180w\" sizes=\"auto, (max-width: 720px) 100vw, 720px\" \/><figcaption class=\"wp-element-caption\">M\u00e1quina compactadora de lixo <\/figcaption><\/figure>    <figure class=\"wp-block-image size-large\"><img loading=\"lazy\" decoding=\"async\" width=\"720\" height=\"540\" data-id=\"3072\" src=\"https:\/\/shuliybaler.com\/wp-content\/uploads\/2023\/01\/Trash-compactor-machine-4.webp\" alt=\"F\u00e1brica de m\u00e1quinas compactadoras de lixo \" class=\"wp-image-3072\" title=\"\" srcset=\"https:\/\/shuliybaler.com\/wp-content\/uploads\/2023\/01\/Trash-compactor-machine-4.webp 720w, https:\/\/shuliybaler.com\/wp-content\/uploads\/2023\/01\/Trash-compactor-machine-4-360x270.webp 360w, https:\/\/shuliybaler.com\/wp-content\/uploads\/2023\/01\/Trash-compactor-machine-4-180x135.webp 180w\" sizes=\"auto, (max-width: 720px) 100vw, 720px\" \/><figcaption class=\"wp-element-caption\">F\u00e1brica de m\u00e1quinas compactadoras de lixo <\/figcaption><\/figure> <\/figure>    <h2 class=\"wp-block-heading\">Reduza custos operacionais<\/h2>    <p>O gerenciamento e o controle adequados dos res\u00edduos podem reduzir os custos operacionais. A compacta\u00e7\u00e3o de res\u00edduos, lixo e lixo reduz a necessidade de coleta de lixo, bem como a necessidade de lixeiras e recipientes para res\u00edduos.<\/p>    <h2 class=\"wp-block-heading\">Melhorar a efici\u00eancia da elimina\u00e7\u00e3o de res\u00edduos<\/h2>    <p>O descarte de lixo \u00e9 um projeto muito grande e leva muito tempo para descartar o lixo. Ap\u00f3s comprimir o volume de lixo, economizar\u00e1 tempo no manuseio e transporte.<\/p>    <h2 class=\"wp-block-heading\">Aumentar o espa\u00e7o<\/h2>   <div class=\"wp-block-image\"> <figure class=\"aligncenter size-full\"><img loading=\"lazy\" decoding=\"async\" width=\"720\" height=\"540\" src=\"https:\/\/shuliybaler.com\/wp-content\/uploads\/2023\/01\/garbage-baler-machine.webp\" alt=\"m\u00e1quina enfardadeira de lixom\u00e1quina enfardadeira de lixo\" class=\"wp-image-3083\" title=\"\" srcset=\"https:\/\/shuliybaler.com\/wp-content\/uploads\/2023\/01\/garbage-baler-machine.webp 720w, https:\/\/shuliybaler.com\/wp-content\/uploads\/2023\/01\/garbage-baler-machine-360x270.webp 360w, https:\/\/shuliybaler.com\/wp-content\/uploads\/2023\/01\/garbage-baler-machine-180x135.webp 180w\" sizes=\"auto, (max-width: 720px) 100vw, 720px\" \/><figcaption class=\"wp-element-caption\">m\u00e1quina enfardadeira de lixo<\/figcaption><\/figure> <\/div>   <p>Os compactadores de lixo podem lidar com res\u00edduos volumosos e que ocupam espa\u00e7o, reduzindo a pegada da sua empresa. Grandes peda\u00e7os de res\u00edduos podem ser convertidos em pequenos cubos ou blocos gerenci\u00e1veis, tornando os res\u00edduos mais f\u00e1ceis de manusear e ocupando menos espa\u00e7o.<\/p>    <h2 class=\"wp-block-heading\">F\u00e1cil de usar<\/h2>    <p>A instala\u00e7\u00e3o e o uso do compactador s\u00e3o simples, convenientes e eficientes. O usu\u00e1rio s\u00f3 precisa acionar o bot\u00e3o, e qualquer funcion\u00e1rio da empresa pode operar o compactador sob orienta\u00e7\u00e3o adequada.<\/p>    <h2 class=\"wp-block-heading\">Seguran\u00e7a da m\u00e1quina compactadora de lixo<\/h2>   <div class=\"wp-block-image\"> <figure class=\"aligncenter size-full\"><img loading=\"lazy\" decoding=\"async\" width=\"720\" height=\"540\" src=\"https:\/\/shuliybaler.com\/wp-content\/uploads\/2023\/01\/Trash-compactor-machine-6.webp\" alt=\"M\u00e1quina compactadora de lixo \" class=\"wp-image-3074\" title=\"\" srcset=\"https:\/\/shuliybaler.com\/wp-content\/uploads\/2023\/01\/Trash-compactor-machine-6.webp 720w, https:\/\/shuliybaler.com\/wp-content\/uploads\/2023\/01\/Trash-compactor-machine-6-360x270.webp 360w, https:\/\/shuliybaler.com\/wp-content\/uploads\/2023\/01\/Trash-compactor-machine-6-180x135.webp 180w\" sizes=\"auto, (max-width: 720px) 100vw, 720px\" \/><figcaption class=\"wp-element-caption\">M\u00e1quina compactadora de lixo <\/figcaption><\/figure> <\/div>   <p>O lixo acumulado por muito tempo ter\u00e1 propriedades nocivas. Quando o lixo \u00famido pode ser armazenado, ele apodrece e desenvolve um odor que pode ser prejudicial e potencialmente perigoso. Lixo e res\u00edduos podem ser facilmente descartados com um compactador de lixo que compacta o lixo carregado de odores e evita a produ\u00e7\u00e3o de grandes quantidades de produtos qu\u00edmicos t\u00f3xicos.<\/p>    <h2 class=\"wp-block-heading\">Par\u00e2metro da m\u00e1quina enfardadeira de lixo<\/h2>    <figure class=\"wp-block-table\"><table><tbody><tr><td>Modelo<\/td><td>For\u00e7a Nominal (kn)<\/td><td>c\u00e2mara de compress\u00e3o (mm)<\/td><td>Tamanho do bloco<br>(mil\u00edmetros)<\/td><td>Densidade do bloco (kg\/m 3 )<\/td><td>Capacidade (kg\/h)<\/td><td>pot\u00eancia (kW)<\/td><td>Opera\u00e7\u00e3o de descarga de fardos<\/td><\/tr><tr><td>Y81-1600<\/td><td>1600<\/td><td>1600\u00d71000\u00d7800<\/td><td>300\u00d7300\u00d7(400-800)<\/td><td>\u22652000<\/td><td>2.000 kg\/h-3.000 kg\/h<\/td><td>22<\/td><td>Rotatividade, opera\u00e7\u00e3o manual da v\u00e1lvula<\/td><\/tr><\/tbody><\/table><figcaption class=\"wp-element-caption\">Par\u00e2metro da m\u00e1quina enfardadeira de lixo<\/figcaption><\/figure>","protected":false},"excerpt":{"rendered":"<p>A m\u00e1quina compactadora de lixo tamb\u00e9m \u00e9 chamada de enfardadeira de lixo, que espreme ar, l\u00edquido e \u00e1gua por extrus\u00e3o e reduz o volume de lixo por meio de compress\u00e3o para reduzir o espa\u00e7o do aterro. Os compactadores de lixo tornaram-se importantes equipamentos de processamento para prote\u00e7\u00e3o ambiental.<\/p>","protected":false},"author":1,"featured_media":3066,"parent":0,"template":"","tags":[],"product-type":[41],"class_list":["post-3065","product","type-product","status-publish","has-post-thumbnail","hentry","product-type-metal-baler-machine"],"_links":{"self":[{"href":"https:\/\/shuliybaler.com\/pt\/wp-json\/wp\/v2\/product\/3065","targetHints":{"allow":["GET"]}}],"collection":[{"href":"https:\/\/shuliybaler.com\/pt\/wp-json\/wp\/v2\/product"}],"about":[{"href":"https:\/\/shuliybaler.com\/pt\/wp-json\/wp\/v2\/types\/product"}],"author":[{"embeddable":true,"href":"https:\/\/shuliybaler.com\/pt\/wp-json\/wp\/v2\/users\/1"}],"wp:featuredmedia":[{"embeddable":true,"href":"https:\/\/shuliybaler.com\/pt\/wp-json\/wp\/v2\/media\/3066"}],"wp:attachment":[{"href":"https:\/\/shuliybaler.com\/pt\/wp-json\/wp\/v2\/media?parent=3065"}],"wp:term":[{"taxonomy":"post_tag","embeddable":true,"href":"https:\/\/shuliybaler.com\/pt\/wp-json\/wp\/v2\/tags?post=3065"},{"taxonomy":"product-type","embeddable":true,"href":"https:\/\/shuliybaler.com\/pt\/wp-json\/wp\/v2\/product-type?post=3065"}],"curies":[{"name":"wp","href":"https:\/\/api.w.org\/{rel}","templated":true}]}}