{"id":3091,"date":"2023-01-17T16:45:15","date_gmt":"2023-01-17T08:45:15","guid":{"rendered":"https:\/\/shuliybaler.com\/?post_type=product&#038;p=3091"},"modified":"2023-01-18T09:01:05","modified_gmt":"2023-01-18T01:01:05","slug":"used-clothes-baling-machine","status":"publish","type":"product","link":"https:\/\/shuliybaler.com\/pt\/product\/used-clothes-baling-machine\/","title":{"rendered":"M\u00e1quina enfardadeira de roupas usadas para prensar"},"content":{"rendered":"<p>A enfardadeira de roupas \u00e9 usada para embalar e comprimir materiais soltos, como roupas velhas, algod\u00e3o, roupas, fios de algod\u00e3o, etc. As enfardadeiras de roupas geralmente s\u00e3o usadas para reciclar roupas e sapatos usados, o que pode economizar 80% de espa\u00e7o ap\u00f3s a compress\u00e3o. As enfardadeiras s\u00e3o m\u00e1quinas populares nas ind\u00fastrias ambientais e de reciclagem.<\/p>    <h2 class=\"wp-block-heading\">Dois tipos de m\u00e1quina de embalagem de roupas<\/h2>    <figure class=\"wp-block-gallery has-nested-images columns-default is-cropped wp-block-gallery-2 is-layout-flex wp-block-gallery-is-layout-flex\"> <figure class=\"wp-block-image size-large\"><img loading=\"lazy\" decoding=\"async\" width=\"720\" height=\"540\" data-id=\"3094\" src=\"https:\/\/shuliybaler.com\/wp-content\/uploads\/2023\/01\/Horizontal-clothes-baling-machine.webp\" alt=\"Enfardadeira horizontal de roupas\" class=\"wp-image-3094\" title=\"\" srcset=\"https:\/\/shuliybaler.com\/wp-content\/uploads\/2023\/01\/Horizontal-clothes-baling-machine.webp 720w, https:\/\/shuliybaler.com\/wp-content\/uploads\/2023\/01\/Horizontal-clothes-baling-machine-360x270.webp 360w, https:\/\/shuliybaler.com\/wp-content\/uploads\/2023\/01\/Horizontal-clothes-baling-machine-180x135.webp 180w\" sizes=\"auto, (max-width: 720px) 100vw, 720px\" \/><figcaption class=\"wp-element-caption\">M\u00e1quina enfardadeira horizontal de roupas<\/figcaption><\/figure>    <figure class=\"wp-block-image size-large\"><img loading=\"lazy\" decoding=\"async\" width=\"720\" height=\"540\" data-id=\"3093\" src=\"https:\/\/shuliybaler.com\/wp-content\/uploads\/2023\/01\/Vertical-clothes-baling-machine.webp\" alt=\"Enfardadeira vertical de roupas\" class=\"wp-image-3093\" title=\"\" srcset=\"https:\/\/shuliybaler.com\/wp-content\/uploads\/2023\/01\/Vertical-clothes-baling-machine.webp 720w, https:\/\/shuliybaler.com\/wp-content\/uploads\/2023\/01\/Vertical-clothes-baling-machine-360x270.webp 360w, https:\/\/shuliybaler.com\/wp-content\/uploads\/2023\/01\/Vertical-clothes-baling-machine-180x135.webp 180w\" sizes=\"auto, (max-width: 720px) 100vw, 720px\" \/><figcaption class=\"wp-element-caption\">M\u00e1quina enfardadeira vertical de roupas<\/figcaption><\/figure> <\/figure>    <h3 class=\"wp-block-heading\">Enfardadeira vertical de roupas<\/h3>    <p class=\"translation-block\">A <a href=\"https:\/\/shuliybaler.com\/pt\/product\/vertical-metal-baler\/\" data-type=\"URL\" data-id=\"https:\/\/shuliybaler.com\/product\/vertical-metal-baler\/\">enfardadeira vertical<\/a> \u00e9 uma pequena enfardadeira de roupas, que pode colocar roupas usadas no funil, e ent\u00e3o a enfardadeira hidr\u00e1ulica pode comprimir as roupas.<\/p>    <h4 class=\"wp-block-heading\">Par\u00e2metros da enfardadeira vertical<\/h4>   <div class=\"wp-block-image\"> <figure class=\"aligncenter size-full\"><img loading=\"lazy\" decoding=\"async\" width=\"720\" height=\"540\" src=\"https:\/\/shuliybaler.com\/wp-content\/uploads\/2023\/01\/Vertical-balers.webp\" alt=\"Enfardadeiras verticais\" class=\"wp-image-3095\" title=\"\" srcset=\"https:\/\/shuliybaler.com\/wp-content\/uploads\/2023\/01\/Vertical-balers.webp 720w, https:\/\/shuliybaler.com\/wp-content\/uploads\/2023\/01\/Vertical-balers-360x270.webp 360w, https:\/\/shuliybaler.com\/wp-content\/uploads\/2023\/01\/Vertical-balers-180x135.webp 180w\" sizes=\"auto, (max-width: 720px) 100vw, 720px\" \/><figcaption class=\"wp-element-caption\">Enfardadeiras verticais<\/figcaption><\/figure> <\/div>   <figure class=\"wp-block-table\"><table><tbody><tr><td>Modelo<\/td><td>SL-10T<\/td><td>SL-20T<\/td><td>SL-30T<\/td><td>SL-60T<\/td><td>SL-80T<\/td><\/tr><tr><td>Pot\u00eancia (kW)<\/td><td>5.5<\/td><td>7.5<\/td><td>11<\/td><td>15<\/td><td>17<\/td><\/tr><tr><td>pacote (mm)<\/td><td>800*400*800<\/td><td>800*400*800<\/td><td>800*400*600<\/td><td>1150*750*1000<\/td><td>1150*750*1000<\/td><\/tr><tr><td>press\u00e3o (mm)<\/td><td>1000<\/td><td>1000<\/td><td>1000<\/td><td>1100<\/td><td>1100<\/td><\/tr><tr><td>dimens\u00e3o (mm)<\/td><td>1400*700*2900<\/td><td>1400*700*2950<\/td><td>1450*800*2950<\/td><td>1700*1000*3200<\/td><td>1800*1000*3200<\/td><\/tr><tr><td>Cilindro de \u00f3leo<\/td><td>125<\/td><td>160<\/td><td>160<\/td><td>160<\/td><td>180<\/td><\/tr><tr><td>Velocidade de enfardamento (p\/min)<\/td><td>8-10<\/td><td>8-10<\/td><td>8-10<\/td><td>6-10<\/td><td>6-10<\/td><\/tr><tr><td>Peso (kg)<\/td><td>400<\/td><td>850<\/td><td>950<\/td><td>1600<\/td><td>2000<\/td><\/tr><\/tbody><\/table><figcaption class=\"wp-element-caption\">Par\u00e2metros da enfardadeira vertical<\/figcaption><\/figure>    <h3 class=\"wp-block-heading\">Enfardadeira horizontal de roupas<\/h3>    <figure class=\"wp-block-gallery has-nested-images columns-default is-cropped wp-block-gallery-3 is-layout-flex wp-block-gallery-is-layout-flex\"> <figure class=\"wp-block-image size-large\"><img loading=\"lazy\" decoding=\"async\" width=\"720\" height=\"540\" data-id=\"3097\" src=\"https:\/\/shuliybaler.com\/wp-content\/uploads\/2023\/01\/Automatic-horizontal-baler.webp\" alt=\"Enfardadeira horizontal autom\u00e1tica\" class=\"wp-image-3097\" title=\"\" srcset=\"https:\/\/shuliybaler.com\/wp-content\/uploads\/2023\/01\/Automatic-horizontal-baler.webp 720w, https:\/\/shuliybaler.com\/wp-content\/uploads\/2023\/01\/Automatic-horizontal-baler-360x270.webp 360w, https:\/\/shuliybaler.com\/wp-content\/uploads\/2023\/01\/Automatic-horizontal-baler-180x135.webp 180w\" sizes=\"auto, (max-width: 720px) 100vw, 720px\" \/><figcaption class=\"wp-element-caption\">Enfardadeira Horizontal Autom\u00e1tica<\/figcaption><\/figure>    <figure class=\"wp-block-image size-large\"><img loading=\"lazy\" decoding=\"async\" width=\"720\" height=\"540\" data-id=\"3096\" src=\"https:\/\/shuliybaler.com\/wp-content\/uploads\/2023\/01\/Automatic-horizontal-baler-conveyor-belt.webp\" alt=\"Correia transportadora enfardadeira horizontal autom\u00e1tica\" class=\"wp-image-3096\" title=\"\" srcset=\"https:\/\/shuliybaler.com\/wp-content\/uploads\/2023\/01\/Automatic-horizontal-baler-conveyor-belt.webp 720w, https:\/\/shuliybaler.com\/wp-content\/uploads\/2023\/01\/Automatic-horizontal-baler-conveyor-belt-360x270.webp 360w, https:\/\/shuliybaler.com\/wp-content\/uploads\/2023\/01\/Automatic-horizontal-baler-conveyor-belt-180x135.webp 180w\" sizes=\"auto, (max-width: 720px) 100vw, 720px\" \/><figcaption class=\"wp-element-caption\">Correia transportadora de enfardadeira horizontal autom\u00e1tica<\/figcaption><\/figure> <\/figure>    <p class=\"translation-block\">A <a href=\"https:\/\/shuliybaler.com\/pt\/product\/waste-paper-baler-machine\/\" data-type=\"URL\" data-id=\"https:\/\/shuliybaler.com\/product\/waste-paper-baler-machine\/\">enfardadeira horizontal<\/a> \u00e9 um tipo maior de enfardadeira, adequada para produ\u00e7\u00e3o totalmente autom\u00e1tica, e pode ser usada em conjunto com a esteira transportadora para colocar roupas de segunda m\u00e3o diretamente na esteira transportadora, e ent\u00e3o transport\u00e1-las para a enfardadeira horizontal de roupas para embalagem e compress\u00e3o.<\/p>    <h4 class=\"wp-block-heading\">Par\u00e2metros da enfardadeira horizontal<\/h4>    <figure class=\"wp-block-gallery has-nested-images columns-2 is-cropped wp-block-gallery-4 is-layout-flex wp-block-gallery-is-layout-flex\"> <figure class=\"wp-block-image size-large\"><img loading=\"lazy\" decoding=\"async\" width=\"720\" height=\"540\" data-id=\"3098\" src=\"https:\/\/shuliybaler.com\/wp-content\/uploads\/2023\/01\/Horizontal-baler-parameters.webp\" alt=\"Enfardadeira horizontal \" class=\"wp-image-3098\" title=\"\" srcset=\"https:\/\/shuliybaler.com\/wp-content\/uploads\/2023\/01\/Horizontal-baler-parameters.webp 720w, https:\/\/shuliybaler.com\/wp-content\/uploads\/2023\/01\/Horizontal-baler-parameters-360x270.webp 360w, https:\/\/shuliybaler.com\/wp-content\/uploads\/2023\/01\/Horizontal-baler-parameters-180x135.webp 180w\" sizes=\"auto, (max-width: 720px) 100vw, 720px\" \/><figcaption class=\"wp-element-caption\">Enfardadeira Horizontal <\/figcaption><\/figure>    <figure class=\"wp-block-image size-large\"><img loading=\"lazy\" decoding=\"async\" width=\"720\" height=\"540\" data-id=\"3099\" src=\"https:\/\/shuliybaler.com\/wp-content\/uploads\/2023\/01\/Horizontal-baler-parameters-1.webp\" alt=\"Enfardadeira horizontal \" class=\"wp-image-3099\" title=\"\" srcset=\"https:\/\/shuliybaler.com\/wp-content\/uploads\/2023\/01\/Horizontal-baler-parameters-1.webp 720w, https:\/\/shuliybaler.com\/wp-content\/uploads\/2023\/01\/Horizontal-baler-parameters-1-360x270.webp 360w, https:\/\/shuliybaler.com\/wp-content\/uploads\/2023\/01\/Horizontal-baler-parameters-1-180x135.webp 180w\" sizes=\"auto, (max-width: 720px) 100vw, 720px\" \/><figcaption class=\"wp-element-caption\">Enfardadeira Horizontal <\/figcaption><\/figure>    <figure class=\"wp-block-image size-large\"><img loading=\"lazy\" decoding=\"async\" width=\"720\" height=\"540\" data-id=\"3101\" src=\"https:\/\/shuliybaler.com\/wp-content\/uploads\/2023\/01\/Horizontal-baler-parameters-3.webp\" alt=\"Enfardadeira horizontal \" class=\"wp-image-3101\" title=\"\" srcset=\"https:\/\/shuliybaler.com\/wp-content\/uploads\/2023\/01\/Horizontal-baler-parameters-3.webp 720w, https:\/\/shuliybaler.com\/wp-content\/uploads\/2023\/01\/Horizontal-baler-parameters-3-360x270.webp 360w, https:\/\/shuliybaler.com\/wp-content\/uploads\/2023\/01\/Horizontal-baler-parameters-3-180x135.webp 180w\" sizes=\"auto, (max-width: 720px) 100vw, 720px\" \/><figcaption class=\"wp-element-caption\">Enfardadeira Horizontal <\/figcaption><\/figure>    <figure class=\"wp-block-image size-large\"><img loading=\"lazy\" decoding=\"async\" width=\"720\" height=\"540\" data-id=\"3100\" src=\"https:\/\/shuliybaler.com\/wp-content\/uploads\/2023\/01\/Horizontal-baler-parameters-2.webp\" alt=\"Enfardadeira horizontal \" class=\"wp-image-3100\" title=\"\" srcset=\"https:\/\/shuliybaler.com\/wp-content\/uploads\/2023\/01\/Horizontal-baler-parameters-2.webp 720w, https:\/\/shuliybaler.com\/wp-content\/uploads\/2023\/01\/Horizontal-baler-parameters-2-360x270.webp 360w, https:\/\/shuliybaler.com\/wp-content\/uploads\/2023\/01\/Horizontal-baler-parameters-2-180x135.webp 180w\" sizes=\"auto, (max-width: 720px) 100vw, 720px\" \/><figcaption class=\"wp-element-caption\">Enfardadeira Horizontal <\/figcaption><\/figure> <\/figure>    <figure class=\"wp-block-table\"><table><tbody><tr><td>MODELO<\/td><td>ZW-B<\/td><\/tr><tr><td>M\u00e1x. di\u00e2metro externo do pneu<\/td><td>750mm<\/td><\/tr><tr><td>O di\u00e2metro interno m\u00ednimo do pneu<\/td><td>300mm<\/td><\/tr><tr><td>Largura m\u00e1xima do pneu<\/td><td>280mm<\/td><\/tr><tr><td>Di\u00e2metro m\u00e1ximo da bolsa&nbsp;<\/td><td>200mm<\/td><\/tr><tr><td>Largura da fita de embalagem&nbsp;<\/td><td>40-70 mm<\/td><\/tr><tr><td>Tens\u00e3o de alimenta\u00e7\u00e3o&nbsp;<\/td><td>380v<\/td><\/tr><tr><td>Velocidade de trabalho&nbsp;<\/td><td>20-30seg\/tira<\/td><\/tr><tr><td>Modelo<\/td><td>LZW-3H<\/td><\/tr><tr><td>Faixa de di\u00e2metro interno do pneu de embalagem&nbsp;<\/td><td>305-510mm<\/td><\/tr><tr><td>Largura do pneu de embalagem&nbsp;<\/td><td>150-280mm<\/td><\/tr><tr><td>O di\u00e2metro externo da embalagem do pneu&nbsp;<\/td><td>750mm<\/td><\/tr><tr><td>Material de embalagem&nbsp;<\/td><td>Fita de embalagem, fita de papel composto, filme estir\u00e1vel<\/td><\/tr><tr><td>Largura da fita de embalagem&nbsp;<\/td><td>60-80mm<\/td><\/tr><tr><td>O di\u00e2metro externo da fita de embalagem&nbsp;<\/td><td>200 mm \uff08m\u00e1ximo\uff09<\/td><\/tr><tr><td>Altura do rolo&nbsp;<\/td><td>360 mm<\/td><\/tr><tr><td>Rolo de rolamento&nbsp;<\/td><td>200kg<\/td><\/tr><tr><td>Faixa de sobreposi\u00e7\u00e3o de fita de embalagem&nbsp;<\/td><td>30%-70%<\/td><\/tr><tr><td>Efici\u00eancia de produ\u00e7\u00e3o<\/td><td>750\/R20<\/td><\/tr><\/tbody><\/table><figcaption class=\"wp-element-caption\">Par\u00e2metros da enfardadeira horizontal<\/figcaption><\/figure>    <h2 class=\"wp-block-heading\">Quais materiais podem ser processados \u200b\u200bpela enfardadeira de roupas<\/h2>    <figure class=\"wp-block-gallery has-nested-images columns-default is-cropped wp-block-gallery-5 is-layout-flex wp-block-gallery-is-layout-flex\"> <figure class=\"wp-block-image size-large\"><img loading=\"lazy\" decoding=\"async\" width=\"720\" height=\"540\" data-id=\"3102\" src=\"https:\/\/shuliybaler.com\/wp-content\/uploads\/2023\/01\/clothes-baling-machine.webp\" alt=\"m\u00e1quina de enfardar roupas\" class=\"wp-image-3102\" title=\"\" srcset=\"https:\/\/shuliybaler.com\/wp-content\/uploads\/2023\/01\/clothes-baling-machine.webp 720w, https:\/\/shuliybaler.com\/wp-content\/uploads\/2023\/01\/clothes-baling-machine-360x270.webp 360w, https:\/\/shuliybaler.com\/wp-content\/uploads\/2023\/01\/clothes-baling-machine-180x135.webp 180w\" sizes=\"auto, (max-width: 720px) 100vw, 720px\" \/><figcaption class=\"wp-element-caption\">M\u00e1quina de enfardamento de roupas<\/figcaption><\/figure>    <figure class=\"wp-block-image size-large\"><img loading=\"lazy\" decoding=\"async\" width=\"720\" height=\"540\" data-id=\"3103\" src=\"https:\/\/shuliybaler.com\/wp-content\/uploads\/2023\/01\/clothes-baling-machine-1.webp\" alt=\"m\u00e1quina de enfardar roupas\" class=\"wp-image-3103\" title=\"\" srcset=\"https:\/\/shuliybaler.com\/wp-content\/uploads\/2023\/01\/clothes-baling-machine-1.webp 720w, https:\/\/shuliybaler.com\/wp-content\/uploads\/2023\/01\/clothes-baling-machine-1-360x270.webp 360w, https:\/\/shuliybaler.com\/wp-content\/uploads\/2023\/01\/clothes-baling-machine-1-180x135.webp 180w\" sizes=\"auto, (max-width: 720px) 100vw, 720px\" \/><figcaption class=\"wp-element-caption\">M\u00e1quina de enfardamento de roupas<\/figcaption><\/figure> <\/figure>    <p class=\"translation-block\">Os materiais que podem ser embalados pela enfardadeira incluem <a href=\"https:\/\/en.wikipedia.org\/wiki\/Cotton\" data-type=\"URL\" data-id=\"https:\/\/en.wikipedia.org\/wiki\/Cotton\" target=\"_blank\" rel=\"noopener\">algod\u00e3o<\/a>, lixo recicl\u00e1vel, papel usado, <a href=\"https:\/\/en.wikipedia.org\/wiki\/Scrap\" data-type=\"URL\" data-id=\"https:\/\/en.wikipedia.org\/wiki\/Scrap\" target=\"_blank\" rel=\"noopener\">sucata de metal<\/a>, garrafas pl\u00e1sticas, latas, sacos pl\u00e1sticos, etc., especialmente para alguns produtos com grandes v\u00e3os e grandes espa\u00e7os, o efeito ser\u00e1 mais significativo.<\/p>    <h2 class=\"wp-block-heading\">Por que usar uma enfardadeira de roupas?<\/h2>    <figure class=\"wp-block-gallery has-nested-images columns-default is-cropped wp-block-gallery-6 is-layout-flex wp-block-gallery-is-layout-flex\"> <figure class=\"wp-block-image size-large\"><img loading=\"lazy\" decoding=\"async\" width=\"720\" height=\"540\" data-id=\"3108\" src=\"https:\/\/shuliybaler.com\/wp-content\/uploads\/2023\/01\/clothes-baling-3.webp\" alt=\"enfardamento de roupas\" class=\"wp-image-3108\" title=\"\" srcset=\"https:\/\/shuliybaler.com\/wp-content\/uploads\/2023\/01\/clothes-baling-3.webp 720w, https:\/\/shuliybaler.com\/wp-content\/uploads\/2023\/01\/clothes-baling-3-360x270.webp 360w, https:\/\/shuliybaler.com\/wp-content\/uploads\/2023\/01\/clothes-baling-3-180x135.webp 180w\" sizes=\"auto, (max-width: 720px) 100vw, 720px\" \/><figcaption class=\"wp-element-caption\">Enfardamento de roupas<\/figcaption><\/figure>    <figure class=\"wp-block-image size-large\"><img loading=\"lazy\" decoding=\"async\" width=\"720\" height=\"540\" data-id=\"3104\" src=\"https:\/\/shuliybaler.com\/wp-content\/uploads\/2023\/01\/clothes-baling.webp\" alt=\"enfardamento de roupas\" class=\"wp-image-3104\" title=\"\" srcset=\"https:\/\/shuliybaler.com\/wp-content\/uploads\/2023\/01\/clothes-baling.webp 720w, https:\/\/shuliybaler.com\/wp-content\/uploads\/2023\/01\/clothes-baling-360x270.webp 360w, https:\/\/shuliybaler.com\/wp-content\/uploads\/2023\/01\/clothes-baling-180x135.webp 180w\" sizes=\"auto, (max-width: 720px) 100vw, 720px\" \/><figcaption class=\"wp-element-caption\">Enfardamento de roupas<\/figcaption><\/figure>    <figure class=\"wp-block-image size-large\"><img loading=\"lazy\" decoding=\"async\" width=\"720\" height=\"540\" data-id=\"3105\" src=\"https:\/\/shuliybaler.com\/wp-content\/uploads\/2023\/01\/clothes-baling-1.webp\" alt=\"enfardamento de roupas\" class=\"wp-image-3105\" title=\"\" srcset=\"https:\/\/shuliybaler.com\/wp-content\/uploads\/2023\/01\/clothes-baling-1.webp 720w, https:\/\/shuliybaler.com\/wp-content\/uploads\/2023\/01\/clothes-baling-1-360x270.webp 360w, https:\/\/shuliybaler.com\/wp-content\/uploads\/2023\/01\/clothes-baling-1-180x135.webp 180w\" sizes=\"auto, (max-width: 720px) 100vw, 720px\" \/><figcaption class=\"wp-element-caption\">Enfardamento de roupas<\/figcaption><\/figure> <\/figure>    <ol class=\"wp-block-list\"> <li>Reduza o volume de manuseio de materiais e melhore a efici\u00eancia do transporte<\/li>    <li>Economia ao evitar o descarte de material<\/li>    <li>Gerar receita com vendas de materiais de embalagem<\/li>    <li>Atenda ou exceda as normas do setor para maximizar o valor do produto<\/li> <\/ol>    <figure class=\"wp-block-embed is-type-video is-provider-youtube wp-block-embed-youtube wp-embed-aspect-16-9 wp-has-aspect-ratio\"><div class=\"wp-block-embed__wrapper\"> <iframe loading=\"lazy\" title=\"Dois tipos de enfardadeira de roupas usadas | enfardadeira vertical para roupa | enfardadeira de roupas horizontal\" width=\"500\" height=\"281\" src=\"https:\/\/www.youtube.com\/embed\/UJUC6do1EKU?feature=oembed\" frameborder=\"0\" allow=\"accelerometer; autoplay; clipboard-write; encrypted-media; gyroscope; picture-in-picture; web-share\" referrerpolicy=\"strict-origin-when-cross-origin\" allowfullscreen><\/iframe> <\/div><figcaption class=\"wp-element-caption\">m\u00e1quina de enfardar roupas<\/figcaption><\/figure>","protected":false},"excerpt":{"rendered":"<p>A enfardadeira de roupas \u00e9 usada para embalar e comprimir materiais soltos, como roupas velhas, algod\u00e3o, roupas, fios de algod\u00e3o, etc. As enfardadeiras de roupas geralmente s\u00e3o usadas para reciclar roupas e sapatos usados, o que pode economizar 80% de espa\u00e7o ap\u00f3s a compress\u00e3o. As enfardadeiras s\u00e3o m\u00e1quinas populares nas ind\u00fastrias ambientais e de reciclagem<\/p>","protected":false},"author":1,"featured_media":3092,"parent":0,"template":"","tags":[59],"product-type":[41],"class_list":["post-3091","product","type-product","status-publish","has-post-thumbnail","hentry","tag-used-clothes-baling-machine","product-type-metal-baler-machine"],"_links":{"self":[{"href":"https:\/\/shuliybaler.com\/pt\/wp-json\/wp\/v2\/product\/3091","targetHints":{"allow":["GET"]}}],"collection":[{"href":"https:\/\/shuliybaler.com\/pt\/wp-json\/wp\/v2\/product"}],"about":[{"href":"https:\/\/shuliybaler.com\/pt\/wp-json\/wp\/v2\/types\/product"}],"author":[{"embeddable":true,"href":"https:\/\/shuliybaler.com\/pt\/wp-json\/wp\/v2\/users\/1"}],"wp:featuredmedia":[{"embeddable":true,"href":"https:\/\/shuliybaler.com\/pt\/wp-json\/wp\/v2\/media\/3092"}],"wp:attachment":[{"href":"https:\/\/shuliybaler.com\/pt\/wp-json\/wp\/v2\/media?parent=3091"}],"wp:term":[{"taxonomy":"post_tag","embeddable":true,"href":"https:\/\/shuliybaler.com\/pt\/wp-json\/wp\/v2\/tags?post=3091"},{"taxonomy":"product-type","embeddable":true,"href":"https:\/\/shuliybaler.com\/pt\/wp-json\/wp\/v2\/product-type?post=3091"}],"curies":[{"name":"wp","href":"https:\/\/api.w.org\/{rel}","templated":true}]}}