{"id":3150,"date":"2023-03-22T16:47:23","date_gmt":"2023-03-22T08:47:23","guid":{"rendered":"https:\/\/shuliybaler.com\/?post_type=product&#038;p=3150"},"modified":"2024-01-18T17:44:05","modified_gmt":"2024-01-18T09:44:05","slug":"scrap-hydraulic-tyre-baling-machine","status":"publish","type":"product","link":"https:\/\/shuliybaler.com\/pt\/product\/scrap-hydraulic-tyre-baling-machine\/","title":{"rendered":"M\u00e1quina enfardadeira hidr\u00e1ulica de sucata para reciclagem de pneus"},"content":{"rendered":"<p class=\"translation-block\">A <strong>m\u00e1quina de prensagem de pneus<\/strong> utiliza um sistema hidr\u00e1ulico para comprimir pneus de caminh\u00e3o, pneus de carro, etc., em fardos, economizando espa\u00e7o de armazenamento e espa\u00e7o de transporte. <\/p>    <p class=\"translation-block\">Existem dois tipos de m\u00e1quinas de prensagem de pneus, <strong>m\u00e1quina de prensagem vertical<\/strong> e <strong>m\u00e1quina de prensagem horizontal<\/strong>, ambas podem ser usadas para embalar pneus. A produ\u00e7\u00e3o das duas \u00e9 diferente. As prensas de pneus t\u00eam sido amplamente utilizadas na ind\u00fastria de reciclagem. <\/p>    <p>Assim, se voc\u00ea deseja reciclar pneus, entre em contato conosco para obter mais detalhes e pre\u00e7os da m\u00e1quina!<\/p>    <figure class=\"wp-block-embed is-type-video is-provider-youtube wp-block-embed-youtube wp-embed-aspect-16-9 wp-has-aspect-ratio\"><div class=\"wp-block-embed__wrapper\"> <iframe loading=\"lazy\" title=\"Uma prensa enfardadeira de res\u00edduos de pneus \u00e9 exportada para a Indon\u00e9sia | m\u00e1quina de enfardamento de reciclagem de pneus de sucata\" width=\"500\" height=\"281\" src=\"https:\/\/www.youtube.com\/embed\/1_gq1TGwO4w?feature=oembed\" frameborder=\"0\" allow=\"accelerometer; autoplay; clipboard-write; encrypted-media; gyroscope; picture-in-picture; web-share\" referrerpolicy=\"strict-origin-when-cross-origin\" allowfullscreen><\/iframe> <\/div><figcaption class=\"wp-element-caption\">v\u00eddeo da enfardadeira horizontal de pneus<\/figcaption><\/figure>    <h2 class=\"wp-block-heading\"><strong>Tipos de enfardadeiras de pneus para venda<\/strong><\/h2>    <h3 class=\"wp-block-heading\"><strong>Introdu\u00e7\u00e3o da m\u00e1quina enfardadeira horizontal de pneus<\/strong><\/h3>    <div class=\"wp-block-media-text alignwide is-stacked-on-mobile\"><figure class=\"wp-block-media-text__media\"><img loading=\"lazy\" decoding=\"async\" width=\"750\" height=\"750\" src=\"https:\/\/shuliybaler.com\/wp-content\/uploads\/2023\/03\/horizontal-tyre-baling-machine.webp\" alt=\" m\u00e1quina de enfardamento de pneus horizontal\" class=\"wp-image-3152 size-full\" title=\"\" srcset=\"https:\/\/shuliybaler.com\/wp-content\/uploads\/2023\/03\/horizontal-tyre-baling-machine.webp 750w, https:\/\/shuliybaler.com\/wp-content\/uploads\/2023\/03\/horizontal-tyre-baling-machine-270x270.webp 270w, https:\/\/shuliybaler.com\/wp-content\/uploads\/2023\/03\/horizontal-tyre-baling-machine-540x540.webp 540w\" sizes=\"auto, (max-width: 750px) 100vw, 750px\" \/><\/figure><div class=\"wp-block-media-text__content\"> <p>Esta enfardadeira horizontal tem uma produ\u00e7\u00e3o relativamente grande. Existem quatro modelos no total. <\/p>    <p>Esta prensa enfardadeira horizontal pode embalar de 6 a 8 sacos por hora, em m\u00e9dia. O peso de cada saco de pneus \u00e9 diferente para cada modelo. <\/p>    <p>\u00c9 claro que quanto maior o modelo, mais pneus por mala e mais pesado ser\u00e1 o peso.<\/p> <\/div><\/div>    <figure class=\"wp-block-table\"><table><tbody><tr><td>Modelo<\/td><td>SL-DB-100<\/td><td>SL-DB-160<\/td><td>SL-DB-180<\/td><td>SL-DB-200<\/td><\/tr><tr><td>Press\u00e3o<\/td><td>1000KN<\/td><td>1600 KN<\/td><td>1.800 kN<\/td><td>2.000 coroas norueguesas<\/td><\/tr><tr><td>Alimenta\u00e7\u00e3o principal<\/td><td>22KW+1,5KW+4kw<\/td><td>37KW+1,5KW+4kw<\/td><td>45KW+3KW+5kw<\/td><td>55KW+13KW+5,5kw<\/td><\/tr><tr><td>Quantidade de fios de enfardamento<\/td><td>4\/5<\/td><td>4\/5<\/td><td>5<\/td><td>5<\/td><\/tr><tr><td>Tamanho dos fardos<\/td><td>L1150mm*<br>H1050mm<br>*L(ajust\u00e1vel)<\/td><td>L1150mm*<br>H1250 mm<br>*L(ajust\u00e1vel)<\/td><td>L1150mm*<br>H1350 mm<br>*L(ajust\u00e1vel)<\/td><td>L1150mm*<br>H1450 mm<br>*L(ajust\u00e1vel)<\/td><\/tr><tr><td>Arame<\/td><td>Fio recozido 3mm(12#)ou fio pl\u00e1stico<\/td><td>Fio recozido\u00a03 mm (12#) ou fio pl\u00e1stico<\/td><td>Fio recozido\u00a03 mm (12#) ou fio pl\u00e1stico<\/td><td>Fio recozido\u00a03 mm (12#) ou fio pl\u00e1stico<\/td><\/tr><tr><td>Tens\u00e3o<\/td><td>380 V\/50 Hz<\/td><td>380 V\/50 Hz<\/td><td>380 V\/50 Hz<\/td><td>380 V\/50 Hz<\/td><\/tr><tr><td>M\u00e9todo de empate<\/td><td>Manual\/autom\u00e1tico<\/td><td>Manual\/autom\u00e1tico<\/td><td>Manual\/autom\u00e1tico<\/td><td>Manual\/autom\u00e1tico<\/td><\/tr><tr><td>Capacidade<\/td><td>6-8 fardos\/h<\/td><td>6-8 fardos\/h<\/td><td>6-8 fardos\/h<\/td><td>6-8 fardos\/h<\/td><\/tr><tr><td>Peso do fardo<\/td><td>500-1000kg<\/td><td>1000-1300kg<\/td><td>1000-1300kg<\/td><td>1000-1300kg<\/td><\/tr><tr><td>Tamanho do transportador<\/td><td>6530*<em>1400<\/em>*3200mm<\/td><td>7113*<em>1555<\/em>*3360mm<\/td><td>7800*<em>1655<\/em>*3360mm<\/td><td>8200*<em>1700<\/em>*3360mm<\/td><\/tr><tr><td>M\u00e9todo de opera\u00e7\u00e3o<\/td><td>Manual\/CLP<\/td><td>Manual\/CLP<\/td><td>Manual\/CLP<\/td><td>Manual\/CLP<\/td><\/tr><\/tbody><\/table><figcaption class=\"wp-element-caption\">par\u00e2metros da enfardadeira de pneus horizontais<\/figcaption><\/figure>    <figure class=\"wp-block-gallery has-nested-images columns-default is-cropped wp-block-gallery-2 is-layout-flex wp-block-gallery-is-layout-flex\"> <figure class=\"wp-block-image size-large\"><img loading=\"lazy\" decoding=\"async\" width=\"720\" height=\"540\" data-id=\"3161\" src=\"https:\/\/shuliybaler.com\/wp-content\/uploads\/2023\/03\/horizontal-tyre-baling-machine-1.webp\" alt=\"M\u00e1quina enfardadeira horizontal de pneus para venda\" class=\"wp-image-3161\" title=\"\" srcset=\"https:\/\/shuliybaler.com\/wp-content\/uploads\/2023\/03\/horizontal-tyre-baling-machine-1.webp 720w, https:\/\/shuliybaler.com\/wp-content\/uploads\/2023\/03\/horizontal-tyre-baling-machine-1-360x270.webp 360w, https:\/\/shuliybaler.com\/wp-content\/uploads\/2023\/03\/horizontal-tyre-baling-machine-1-180x135.webp 180w\" sizes=\"auto, (max-width: 720px) 100vw, 720px\" \/><figcaption class=\"wp-element-caption\">M\u00e1quina enfardadeira horizontal de pneus para venda<\/figcaption><\/figure>    <figure class=\"wp-block-image size-large\"><img loading=\"lazy\" decoding=\"async\" width=\"720\" height=\"540\" data-id=\"3163\" src=\"https:\/\/shuliybaler.com\/wp-content\/uploads\/2023\/03\/horizontal-tyre-baling-machine-3.webp\" alt=\"m\u00e1quina de enfardamento de pneus horizontal\" class=\"wp-image-3163\" title=\"\" srcset=\"https:\/\/shuliybaler.com\/wp-content\/uploads\/2023\/03\/horizontal-tyre-baling-machine-3.webp 720w, https:\/\/shuliybaler.com\/wp-content\/uploads\/2023\/03\/horizontal-tyre-baling-machine-3-360x270.webp 360w, https:\/\/shuliybaler.com\/wp-content\/uploads\/2023\/03\/horizontal-tyre-baling-machine-3-180x135.webp 180w\" sizes=\"auto, (max-width: 720px) 100vw, 720px\" \/><figcaption class=\"wp-element-caption\">M\u00e1quina enfardadeira horizontal de pneus<\/figcaption><\/figure>    <figure class=\"wp-block-image size-large\"><img loading=\"lazy\" decoding=\"async\" width=\"720\" height=\"540\" data-id=\"3164\" src=\"https:\/\/shuliybaler.com\/wp-content\/uploads\/2023\/03\/horizontal-tyre-baler-machine.webp\" alt=\"m\u00e1quina enfardadeira de pneus horizontal\" class=\"wp-image-3164\" title=\"\" srcset=\"https:\/\/shuliybaler.com\/wp-content\/uploads\/2023\/03\/horizontal-tyre-baler-machine.webp 720w, https:\/\/shuliybaler.com\/wp-content\/uploads\/2023\/03\/horizontal-tyre-baler-machine-360x270.webp 360w, https:\/\/shuliybaler.com\/wp-content\/uploads\/2023\/03\/horizontal-tyre-baler-machine-180x135.webp 180w\" sizes=\"auto, (max-width: 720px) 100vw, 720px\" \/><figcaption class=\"wp-element-caption\">M\u00e1quina enfardadeira horizontal de pneus<\/figcaption><\/figure>    <figure class=\"wp-block-image size-large\"><img loading=\"lazy\" decoding=\"async\" width=\"720\" height=\"540\" data-id=\"3162\" src=\"https:\/\/shuliybaler.com\/wp-content\/uploads\/2023\/03\/horizontal-tyre-baling-machine-2.webp\" alt=\"prensa enfardadeira de pneus horizontal\" class=\"wp-image-3162\" title=\"\" srcset=\"https:\/\/shuliybaler.com\/wp-content\/uploads\/2023\/03\/horizontal-tyre-baling-machine-2.webp 720w, https:\/\/shuliybaler.com\/wp-content\/uploads\/2023\/03\/horizontal-tyre-baling-machine-2-360x270.webp 360w, https:\/\/shuliybaler.com\/wp-content\/uploads\/2023\/03\/horizontal-tyre-baling-machine-2-180x135.webp 180w\" sizes=\"auto, (max-width: 720px) 100vw, 720px\" \/><figcaption class=\"wp-element-caption\">Prensa enfardadeira horizontal para pneus<\/figcaption><\/figure>    <figure class=\"wp-block-image size-large\"><img loading=\"lazy\" decoding=\"async\" width=\"720\" height=\"540\" data-id=\"3165\" src=\"https:\/\/shuliybaler.com\/wp-content\/uploads\/2023\/03\/horizontal-tire-baling-machine.webp\" alt=\"m\u00e1quina de enfardamento de pneus horizontal\" class=\"wp-image-3165\" title=\"\" srcset=\"https:\/\/shuliybaler.com\/wp-content\/uploads\/2023\/03\/horizontal-tire-baling-machine.webp 720w, https:\/\/shuliybaler.com\/wp-content\/uploads\/2023\/03\/horizontal-tire-baling-machine-360x270.webp 360w, https:\/\/shuliybaler.com\/wp-content\/uploads\/2023\/03\/horizontal-tire-baling-machine-180x135.webp 180w\" sizes=\"auto, (max-width: 720px) 100vw, 720px\" \/><figcaption class=\"wp-element-caption\">M\u00e1quina enfardadeira horizontal de pneus<\/figcaption><\/figure> <\/figure>    <h3 class=\"wp-block-heading\"><strong>Introdu\u00e7\u00e3o da m\u00e1quina enfardadeira vertical de pneus<\/strong><br><\/h3>    <div class=\"wp-block-media-text alignwide has-media-on-the-right is-stacked-on-mobile\"><div class=\"wp-block-media-text__content\"> <p class=\"translation-block\">A <a href=\"https:\/\/shuliybaler.com\/pt\/product\/vertical-metal-baler\/\">prensa vertical<\/a> ocupa uma \u00e1rea pequena, e a taxa de compacta\u00e7\u00e3o \u00e9 de 5:1. <\/p>    <p>Existem cinco modelos de prensa enfardadeira vertical de pneus, que podem embalar de 6 a 10 fardos por hora, em m\u00e9dia. <\/p>    <p>Diferentes modelos t\u00eam pesos diferentes para cada saco de pneus. Cada embalagem do modelo 80 chega a 2.000kg.<\/p> <\/div><figure class=\"wp-block-media-text__media\"><img loading=\"lazy\" decoding=\"async\" width=\"720\" height=\"540\" src=\"https:\/\/shuliybaler.com\/wp-content\/uploads\/2023\/03\/vertical-tire-baling-machine.webp\" alt=\"m\u00e1quina de enfardamento vertical de pneus\" class=\"wp-image-3153 size-full\" title=\"\" srcset=\"https:\/\/shuliybaler.com\/wp-content\/uploads\/2023\/03\/vertical-tire-baling-machine.webp 720w, https:\/\/shuliybaler.com\/wp-content\/uploads\/2023\/03\/vertical-tire-baling-machine-360x270.webp 360w, https:\/\/shuliybaler.com\/wp-content\/uploads\/2023\/03\/vertical-tire-baling-machine-180x135.webp 180w\" sizes=\"auto, (max-width: 720px) 100vw, 720px\" \/><\/figure><\/div>    <figure class=\"wp-block-table\"><table><tbody><tr><td>Modelo<\/td><td>SL-10T<\/td><td>SL-20T<\/td><td>SL-30T<\/td><td>SL-60T<\/td><td>SL-80T<\/td><\/tr><tr><td>Pot\u00eancia (kw)<\/td><td>5.5<\/td><td>7.5<\/td><td>11<\/td><td>15<\/td><td>17<\/td><\/tr><tr><td>pacote(<br>mil\u00edmetros)<\/td><td>800*400*800<\/td><td>800*400*800<\/td><td>800*<em>400<\/em>*600<\/td><td>1150*<em>750<\/em>*1000<\/td><td>1150*<em>750<\/em>*1000<\/td><\/tr><tr><td>press\u00e3o(<br>mil\u00edmetros)<\/td><td>1000<\/td><td>1000<\/td><td>1000<\/td><td>1100<\/td><td>1100<\/td><\/tr><tr><td>dimens\u00e3o (mm)<\/td><td>1400*<em>700<\/em>*2900<\/td><td>1400*<em>700<\/em>*2950<\/td><td>1450*<em>700<\/em>*2950<\/td><td>1700*<em>1000<\/em>*3200<\/td><td>1800*<em>1000<\/em>*3200<\/td><\/tr><tr><td>Cilindro de \u00f3leo<\/td><td>125<\/td><td>160<\/td><td>160<\/td><td>160<\/td><td>180<\/td><\/tr><tr><td>Velocidade de enfardamento<br>(p\/min)<\/td><td>8-10<\/td><td>8-10<\/td><td>8-10<\/td><td>6-10<\/td><td>6-10<\/td><\/tr><tr><td>Peso (kg)<\/td><td>400<\/td><td>850<\/td><td>950<\/td><td>1600<\/td><td>2000<\/td><\/tr><\/tbody><\/table><figcaption class=\"wp-element-caption\">par\u00e2metros da enfardadeira vertical de pneus<\/figcaption><\/figure>    <figure class=\"wp-block-gallery has-nested-images columns-default is-cropped wp-block-gallery-3 is-layout-flex wp-block-gallery-is-layout-flex\"> <figure class=\"wp-block-image size-large\"><img loading=\"lazy\" decoding=\"async\" width=\"750\" height=\"750\" data-id=\"3160\" src=\"https:\/\/shuliybaler.com\/wp-content\/uploads\/2023\/03\/vertical-tire-baler-machine.webp\" alt=\"m\u00e1quina enfardadeira vertical de pneus\" class=\"wp-image-3160\" title=\"\" srcset=\"https:\/\/shuliybaler.com\/wp-content\/uploads\/2023\/03\/vertical-tire-baler-machine.webp 750w, https:\/\/shuliybaler.com\/wp-content\/uploads\/2023\/03\/vertical-tire-baler-machine-270x270.webp 270w, https:\/\/shuliybaler.com\/wp-content\/uploads\/2023\/03\/vertical-tire-baler-machine-540x540.webp 540w\" sizes=\"auto, (max-width: 750px) 100vw, 750px\" \/><figcaption class=\"wp-element-caption\">M\u00e1quina enfardadeira vertical de pneus<\/figcaption><\/figure>    <figure class=\"wp-block-image size-large\"><img loading=\"lazy\" decoding=\"async\" width=\"750\" height=\"750\" data-id=\"3159\" src=\"https:\/\/shuliybaler.com\/wp-content\/uploads\/2023\/03\/vertical-tire-baling-machine-1.webp\" alt=\"m\u00e1quina enfardadeira vertical de pneus\" class=\"wp-image-3159\" title=\"\" srcset=\"https:\/\/shuliybaler.com\/wp-content\/uploads\/2023\/03\/vertical-tire-baling-machine-1.webp 750w, https:\/\/shuliybaler.com\/wp-content\/uploads\/2023\/03\/vertical-tire-baling-machine-1-270x270.webp 270w, https:\/\/shuliybaler.com\/wp-content\/uploads\/2023\/03\/vertical-tire-baling-machine-1-540x540.webp 540w\" sizes=\"auto, (max-width: 750px) 100vw, 750px\" \/><figcaption class=\"wp-element-caption\">M\u00e1quina enfardadeira vertical de pneus<\/figcaption><\/figure> <\/figure>    <h2 class=\"wp-block-heading\"><strong>Aplica\u00e7\u00e3o de m\u00e1quina enfardadeira de pneus de caminh\u00e3o<\/strong><\/h2>    <p>A enfardadeira de res\u00edduos de pneus \u00e9 usada principalmente na ind\u00fastria de reciclagem de pneus. Se o pneu usado n\u00e3o for processado, \u00e9 f\u00e1cil causar polui\u00e7\u00e3o ambiental. <\/p>    <p>Ap\u00f3s ser processado em uma prensa enfardadeira de pneus, o pneu pode ser comprimido em um bloco s\u00f3lido, o que reduz o volume e reduz o custo de transporte e tratamento. , reduzindo ao mesmo tempo o risco de polui\u00e7\u00e3o ambiental.<\/p>    <figure class=\"wp-block-gallery has-nested-images columns-default is-cropped wp-block-gallery-4 is-layout-flex wp-block-gallery-is-layout-flex\"> <figure class=\"wp-block-image size-large\"><img loading=\"lazy\" decoding=\"async\" width=\"720\" height=\"540\" data-id=\"3157\" src=\"https:\/\/shuliybaler.com\/wp-content\/uploads\/2023\/03\/Scrap-tires.webp\" alt=\"\" class=\"wp-image-3157\" title=\"\" srcset=\"https:\/\/shuliybaler.com\/wp-content\/uploads\/2023\/03\/Scrap-tires.webp 720w, https:\/\/shuliybaler.com\/wp-content\/uploads\/2023\/03\/Scrap-tires-360x270.webp 360w, https:\/\/shuliybaler.com\/wp-content\/uploads\/2023\/03\/Scrap-tires-180x135.webp 180w\" sizes=\"auto, (max-width: 720px) 100vw, 720px\" \/><figcaption class=\"wp-element-caption\">Sucata de pneus<\/figcaption><\/figure>    <figure class=\"wp-block-image size-large\"><img loading=\"lazy\" decoding=\"async\" width=\"720\" height=\"540\" data-id=\"3158\" src=\"https:\/\/shuliybaler.com\/wp-content\/uploads\/2023\/03\/Scrap-tires-after-baling.webp\" alt=\"Sucata de pneus ap\u00f3s enfardamento\" class=\"wp-image-3158\" title=\"\" srcset=\"https:\/\/shuliybaler.com\/wp-content\/uploads\/2023\/03\/Scrap-tires-after-baling.webp 720w, https:\/\/shuliybaler.com\/wp-content\/uploads\/2023\/03\/Scrap-tires-after-baling-360x270.webp 360w, https:\/\/shuliybaler.com\/wp-content\/uploads\/2023\/03\/Scrap-tires-after-baling-180x135.webp 180w\" sizes=\"auto, (max-width: 720px) 100vw, 720px\" \/><figcaption class=\"wp-element-caption\">Sucata de pneus ap\u00f3s enfardamento<\/figcaption><\/figure> <\/figure>    <ul class=\"wp-block-list\"> <li><strong>Armazenamento de pneus<\/strong>: A enfardadeira pode comprimir os pneus em um volume menor para facilitar o armazenamento, especialmente quando o espa\u00e7o de armazenamento dos pneus \u00e9 limitado, a enfardadeira pode maximizar o uso do espa\u00e7o para obter um armazenamento eficiente dos pneus.<\/li>    <li><strong>Envio de pneus<\/strong>: Os pneus embalados s\u00e3o mais f\u00e1ceis de transportar e manusear do que os pneus n\u00e3o comprimidos, reduzindo os custos de envio e m\u00e3o de obra.<\/li> <\/ul>    <h2 class=\"wp-block-heading\"><strong>Que outras mat\u00e9rias-primas a enfardadeira de pneus pode suportar?<\/strong><\/h2>    <p class=\"translation-block\">As prensas de pneus tamb\u00e9m s\u00e3o comumente usadas para prensar <strong>roupas e sapatos velhos, prensagem de serragem, prensagem de palha<\/strong>, <strong>prensagem de papel desperd\u00edcio, prensagem de papel\u00e3o, prensagem de garrafas PET<\/strong>, etc. A m\u00e1quina de prensagem de pneus tem uma ampla gama de usos.<\/p>    <figure class=\"wp-block-gallery has-nested-images columns-default is-cropped wp-block-gallery-5 is-layout-flex wp-block-gallery-is-layout-flex\"> <figure class=\"wp-block-image size-large\"><img loading=\"lazy\" decoding=\"async\" width=\"720\" height=\"540\" data-id=\"3154\" src=\"https:\/\/shuliybaler.com\/wp-content\/uploads\/2023\/03\/waste-paper-baling.webp\" alt=\"enfardamento de res\u00edduos de papel\" class=\"wp-image-3154\" title=\"\" srcset=\"https:\/\/shuliybaler.com\/wp-content\/uploads\/2023\/03\/waste-paper-baling.webp 720w, https:\/\/shuliybaler.com\/wp-content\/uploads\/2023\/03\/waste-paper-baling-360x270.webp 360w, https:\/\/shuliybaler.com\/wp-content\/uploads\/2023\/03\/waste-paper-baling-180x135.webp 180w\" sizes=\"auto, (max-width: 720px) 100vw, 720px\" \/><figcaption class=\"wp-element-caption\">Enfardamento de res\u00edduos de papel<\/figcaption><\/figure>    <figure class=\"wp-block-image size-large\"><img loading=\"lazy\" decoding=\"async\" width=\"720\" height=\"540\" data-id=\"3155\" src=\"https:\/\/shuliybaler.com\/wp-content\/uploads\/2023\/03\/straw-baling.webp\" alt=\"enfardamento de palha\" class=\"wp-image-3155\" title=\"\" srcset=\"https:\/\/shuliybaler.com\/wp-content\/uploads\/2023\/03\/straw-baling.webp 720w, https:\/\/shuliybaler.com\/wp-content\/uploads\/2023\/03\/straw-baling-360x270.webp 360w, https:\/\/shuliybaler.com\/wp-content\/uploads\/2023\/03\/straw-baling-180x135.webp 180w\" sizes=\"auto, (max-width: 720px) 100vw, 720px\" \/><figcaption class=\"wp-element-caption\">Enfardamento de palha<\/figcaption><\/figure>    <figure class=\"wp-block-image size-large\"><img loading=\"lazy\" decoding=\"async\" width=\"720\" height=\"540\" data-id=\"3156\" src=\"https:\/\/shuliybaler.com\/wp-content\/uploads\/2023\/03\/Waste-cans-baling.webp\" alt=\"Enfardamento de latas de lixo\" class=\"wp-image-3156\" title=\"\" srcset=\"https:\/\/shuliybaler.com\/wp-content\/uploads\/2023\/03\/Waste-cans-baling.webp 720w, https:\/\/shuliybaler.com\/wp-content\/uploads\/2023\/03\/Waste-cans-baling-360x270.webp 360w, https:\/\/shuliybaler.com\/wp-content\/uploads\/2023\/03\/Waste-cans-baling-180x135.webp 180w\" sizes=\"auto, (max-width: 720px) 100vw, 720px\" \/><figcaption class=\"wp-element-caption\">Enfardamento de latas de lixo<\/figcaption><\/figure> <\/figure>    <h2 class=\"wp-block-heading\"><strong>Estrutura da enfardadeira de pneus de carro<\/strong><\/h2>    <p>Uma empacotadora de pneus \u00e9 um equipamento usado para comprimir pneus em embalagens compactas. O equipamento \u00e9 composto principalmente por estrutura, sistema hidr\u00e1ulico, sistema de controle e c\u00e2mara de compress\u00e3o.<\/p>    <h2 class=\"wp-block-heading\"><strong>Comece agora a sua reciclagem de pneus usados!<\/strong><\/h2>    <p class=\"translation-block\">Comece seu <a href=\"https:\/\/en.wikipedia.org\/wiki\/Tire_recycling\" target=\"_blank\" rel=\"noopener\">neg\u00f3cio de reciclagem de pneus<\/a> agora! Entre em contato conosco hoje para solu\u00e7\u00f5es profissionais de reciclagem de pneus para ajud\u00e1-lo a recuperar seus res\u00edduos. Desde a configura\u00e7\u00e3o do equipamento at\u00e9 o suporte t\u00e9cnico, estamos \u00e0 sua disposi\u00e7\u00e3o para criar uma economia circular verde. Aja agora e comece sua jornada de reciclagem de pneus juntos!<\/p>","protected":false},"excerpt":{"rendered":"<p>A enfardadeira de pneus utiliza um sistema hidr\u00e1ulico para comprimir os pneus, economizando espa\u00e7o de armazenamento e transporte. Existem dois tipos de enfardadeiras de pneus, enfardadeiras verticais e enfardadeiras horizontais, ambas as quais podem ser usadas para embalar pneus. Bem-vindo \u00e0 leitura para mais detalhes da m\u00e1quina!<\/p>","protected":false},"author":1,"featured_media":3151,"parent":0,"template":"","tags":[66],"product-type":[41],"class_list":["post-3150","product","type-product","status-publish","has-post-thumbnail","hentry","tag-tyre-baling-machine","product-type-metal-baler-machine"],"_links":{"self":[{"href":"https:\/\/shuliybaler.com\/pt\/wp-json\/wp\/v2\/product\/3150","targetHints":{"allow":["GET"]}}],"collection":[{"href":"https:\/\/shuliybaler.com\/pt\/wp-json\/wp\/v2\/product"}],"about":[{"href":"https:\/\/shuliybaler.com\/pt\/wp-json\/wp\/v2\/types\/product"}],"author":[{"embeddable":true,"href":"https:\/\/shuliybaler.com\/pt\/wp-json\/wp\/v2\/users\/1"}],"wp:featuredmedia":[{"embeddable":true,"href":"https:\/\/shuliybaler.com\/pt\/wp-json\/wp\/v2\/media\/3151"}],"wp:attachment":[{"href":"https:\/\/shuliybaler.com\/pt\/wp-json\/wp\/v2\/media?parent=3150"}],"wp:term":[{"taxonomy":"post_tag","embeddable":true,"href":"https:\/\/shuliybaler.com\/pt\/wp-json\/wp\/v2\/tags?post=3150"},{"taxonomy":"product-type","embeddable":true,"href":"https:\/\/shuliybaler.com\/pt\/wp-json\/wp\/v2\/product-type?post=3150"}],"curies":[{"name":"wp","href":"https:\/\/api.w.org\/{rel}","templated":true}]}}