{"id":3170,"date":"2023-03-23T14:23:07","date_gmt":"2023-03-23T06:23:07","guid":{"rendered":"https:\/\/shuliybaler.com\/?post_type=product&#038;p=3170"},"modified":"2023-03-23T14:23:09","modified_gmt":"2023-03-23T06:23:09","slug":"a-solution-to-waste-tire-management","status":"publish","type":"product","link":"https:\/\/shuliybaler.com\/pt\/product\/a-solution-to-waste-tire-management\/","title":{"rendered":"Uma solu\u00e7\u00e3o para a gest\u00e3o de res\u00edduos de pneus"},"content":{"rendered":"<p class=\"translation-block\">Os pneus em fim de vida s\u00e3o um dos materiais mais dif\u00edceis de descartar devido ao seu grande volume e durabilidade. Com mais de mil milh\u00f5es de pneus a serem descartados anualmente a n\u00edvel mundial, encontrar uma solu\u00e7\u00e3o sustent\u00e1vel para a gest\u00e3o de pneus em fim de vida \u00e9 crucial. Uma solu\u00e7\u00e3o inovadora para este problema \u00e9 a <a href=\"https:\/\/shuliybaler.com\/pt\/product\/scrap-hydraulic-tyre-baling-machine\/\" data-type=\"URL\" data-id=\"https:\/\/shuliybaler.com\/product\/scrap-hydraulic-tyre-baling-machine\/\">prensa de pneus<\/a>.<\/p>    <h2 class=\"wp-block-heading\">O que \u00e9 uma enfardadeira de pneus?<\/h2>    <figure class=\"wp-block-gallery has-nested-images columns-default is-cropped wp-block-gallery-2 is-layout-flex wp-block-gallery-is-layout-flex\"> <figure class=\"wp-block-image size-large\"><img loading=\"lazy\" decoding=\"async\" width=\"720\" height=\"540\" data-id=\"3172\" src=\"https:\/\/shuliybaler.com\/wp-content\/uploads\/2023\/03\/tire-baler.webp\" alt=\"enfardadeira de pneus\" class=\"wp-image-3172\" title=\"\" srcset=\"https:\/\/shuliybaler.com\/wp-content\/uploads\/2023\/03\/tire-baler.webp 720w, https:\/\/shuliybaler.com\/wp-content\/uploads\/2023\/03\/tire-baler-360x270.webp 360w, https:\/\/shuliybaler.com\/wp-content\/uploads\/2023\/03\/tire-baler-180x135.webp 180w\" sizes=\"auto, (max-width: 720px) 100vw, 720px\" \/><figcaption class=\"wp-element-caption\">Enfardadeira de pneus<\/figcaption><\/figure>    <figure class=\"wp-block-image size-large\"><img loading=\"lazy\" decoding=\"async\" width=\"720\" height=\"540\" data-id=\"3173\" src=\"https:\/\/shuliybaler.com\/wp-content\/uploads\/2023\/03\/baling-tire.webp\" alt=\"pneu de enfardamento\" class=\"wp-image-3173\" title=\"\" srcset=\"https:\/\/shuliybaler.com\/wp-content\/uploads\/2023\/03\/baling-tire.webp 720w, https:\/\/shuliybaler.com\/wp-content\/uploads\/2023\/03\/baling-tire-360x270.webp 360w, https:\/\/shuliybaler.com\/wp-content\/uploads\/2023\/03\/baling-tire-180x135.webp 180w\" sizes=\"auto, (max-width: 720px) 100vw, 720px\" \/><figcaption class=\"wp-element-caption\">Pneu de enfardamento<\/figcaption><\/figure> <\/figure>    <p class=\"translation-block\">Uma <a href=\"https:\/\/shuliybaler.com\/pt\/product\/vertical-metal-baler\/\" data-type=\"URL\" data-id=\"https:\/\/shuliybaler.com\/product\/vertical-metal-baler\/\">prensa de pneus<\/a> \u00e9 uma m\u00e1quina que comprime pneus em fim de vida num fardo denso e manej\u00e1vel. A m\u00e1quina utiliza press\u00e3o hidr\u00e1ulica para comprimir firmemente os pneus, reduzindo significativamente o seu volume. Uma vez enfardados, os pneus podem ser transportados de forma mais eficiente e armazenados mais facilmente, tornando-a uma solu\u00e7\u00e3o ideal para a gest\u00e3o de res\u00edduos de pneus.<\/p>    <h2 class=\"wp-block-heading\">Benef\u00edcios de usar uma enfardadeira de pneus<\/h2>    <p>Os benef\u00edcios de usar uma enfardadeira de pneus s\u00e3o significativos. Em primeiro lugar, os fardos comprimidos ocupam menos espa\u00e7o nas instala\u00e7\u00f5es de armazenamento e durante o transporte, reduzindo o n\u00famero de viagens necess\u00e1rias para os movimentar. Esta efici\u00eancia traduz-se na redu\u00e7\u00e3o dos custos de transporte e na redu\u00e7\u00e3o da pegada de carbono associada \u00e0 gest\u00e3o de res\u00edduos de pneus. Em segundo lugar, os fardos comprimidos s\u00e3o mais f\u00e1ceis de manusear, reduzindo o risco de les\u00f5es no local de trabalho e melhorando a seguran\u00e7a no local de trabalho. Finalmente, o uso de uma enfardadeira de pneus reduz a quantidade de espa\u00e7o necess\u00e1ria para armazenamento de pneus, liberando espa\u00e7o valioso para outros fins.<\/p>    <h2 class=\"wp-block-heading\">Quem precisa de uma enfardadeira de pneus?<\/h2>   <div class=\"wp-block-image\"> <figure class=\"aligncenter size-full\"><img loading=\"lazy\" decoding=\"async\" width=\"720\" height=\"540\" src=\"https:\/\/shuliybaler.com\/wp-content\/uploads\/2023\/03\/waste-tire-management-1.webp\" alt=\"gest\u00e3o de res\u00edduos de pneus\" class=\"wp-image-3177\" title=\"\" srcset=\"https:\/\/shuliybaler.com\/wp-content\/uploads\/2023\/03\/waste-tire-management-1.webp 720w, https:\/\/shuliybaler.com\/wp-content\/uploads\/2023\/03\/waste-tire-management-1-360x270.webp 360w, https:\/\/shuliybaler.com\/wp-content\/uploads\/2023\/03\/waste-tire-management-1-180x135.webp 180w\" sizes=\"auto, (max-width: 720px) 100vw, 720px\" \/><figcaption class=\"wp-element-caption\">gest\u00e3o de res\u00edduos de pneus<\/figcaption><\/figure> <\/div>   <p>Uma enfardadeira de pneus \u00e9 uma m\u00e1quina vers\u00e1til que pode ser usada em v\u00e1rios setores, incluindo automotivo, constru\u00e7\u00e3o e gerenciamento de res\u00edduos. Na ind\u00fastria automotiva, as enfardadeiras de pneus s\u00e3o usadas para compactar res\u00edduos de pneus gerados por fabricantes de pneus e oficinas de pneus. Na constru\u00e7\u00e3o civil, s\u00e3o utilizados para comprimir pneus utilizados em equipamentos pesados, como carregadeiras e escavadeiras. Na ind\u00fastria de gest\u00e3o de res\u00edduos, as enfardadeiras de pneus s\u00e3o usadas para comprimir pneus gerados por instala\u00e7\u00f5es de gest\u00e3o de res\u00edduos municipais.<\/p>    <h2 class=\"wp-block-heading\">A sa\u00edda da m\u00e1quina de prensagem de pneus usados<\/h2>    <figure class=\"wp-block-gallery has-nested-images columns-default is-cropped wp-block-gallery-3 is-layout-flex wp-block-gallery-is-layout-flex\"> <figure class=\"wp-block-image size-large\"><img loading=\"lazy\" decoding=\"async\" width=\"720\" height=\"540\" data-id=\"3178\" src=\"https:\/\/shuliybaler.com\/wp-content\/uploads\/2023\/03\/waste-tire-pressing-machine.webp\" alt=\"m\u00e1quina de prensagem de pneus usados\" class=\"wp-image-3178\" title=\"\" srcset=\"https:\/\/shuliybaler.com\/wp-content\/uploads\/2023\/03\/waste-tire-pressing-machine.webp 720w, https:\/\/shuliybaler.com\/wp-content\/uploads\/2023\/03\/waste-tire-pressing-machine-360x270.webp 360w, https:\/\/shuliybaler.com\/wp-content\/uploads\/2023\/03\/waste-tire-pressing-machine-180x135.webp 180w\" sizes=\"auto, (max-width: 720px) 100vw, 720px\" \/><figcaption class=\"wp-element-caption\">M\u00e1quina de prensagem de res\u00edduos de pneus<\/figcaption><\/figure>    <figure class=\"wp-block-image size-large\"><img loading=\"lazy\" decoding=\"async\" width=\"720\" height=\"540\" data-id=\"3179\" src=\"https:\/\/shuliybaler.com\/wp-content\/uploads\/2023\/03\/waste-tire-pressing-machine-1.webp\" alt=\"m\u00e1quina de prensagem de pneus usados\" class=\"wp-image-3179\" title=\"\" srcset=\"https:\/\/shuliybaler.com\/wp-content\/uploads\/2023\/03\/waste-tire-pressing-machine-1.webp 720w, https:\/\/shuliybaler.com\/wp-content\/uploads\/2023\/03\/waste-tire-pressing-machine-1-360x270.webp 360w, https:\/\/shuliybaler.com\/wp-content\/uploads\/2023\/03\/waste-tire-pressing-machine-1-180x135.webp 180w\" sizes=\"auto, (max-width: 720px) 100vw, 720px\" \/><figcaption class=\"wp-element-caption\">M\u00e1quina de prensagem de res\u00edduos de pneus<\/figcaption><\/figure>    <figure class=\"wp-block-image size-large\"><img loading=\"lazy\" decoding=\"async\" width=\"720\" height=\"540\" data-id=\"3180\" src=\"https:\/\/shuliybaler.com\/wp-content\/uploads\/2023\/03\/waste-tire-pressing-machine-2.webp\" alt=\"m\u00e1quina de prensagem de pneus usados\" class=\"wp-image-3180\" title=\"\" srcset=\"https:\/\/shuliybaler.com\/wp-content\/uploads\/2023\/03\/waste-tire-pressing-machine-2.webp 720w, https:\/\/shuliybaler.com\/wp-content\/uploads\/2023\/03\/waste-tire-pressing-machine-2-360x270.webp 360w, https:\/\/shuliybaler.com\/wp-content\/uploads\/2023\/03\/waste-tire-pressing-machine-2-180x135.webp 180w\" sizes=\"auto, (max-width: 720px) 100vw, 720px\" \/><figcaption class=\"wp-element-caption\">M\u00e1quina de prensagem de res\u00edduos de pneus<\/figcaption><\/figure> <\/figure>    <p>Existem diferentes tipos de enfardadeiras de pneus, desde pequenas m\u00e1quinas port\u00e1teis at\u00e9 grandes m\u00e1quinas industriais. O tamanho da m\u00e1quina depende do volume dos pneus a serem comprimidos e do espa\u00e7o dispon\u00edvel para o equipamento. As menores enfardadeiras de pneus podem comprimir at\u00e9 quatro pneus de autom\u00f3veis de passageiros de uma s\u00f3 vez, enquanto as maiores podem comprimir at\u00e9 100 pneus de caminh\u00e3o em um ciclo.<\/p>    <h2 class=\"wp-block-heading\">V\u00e1rias maneiras de desperdi\u00e7ar o gerenciamento de pneus<\/h2>    <figure class=\"wp-block-gallery has-nested-images columns-default is-cropped wp-block-gallery-4 is-layout-flex wp-block-gallery-is-layout-flex\"> <figure class=\"wp-block-image size-large\"><img loading=\"lazy\" decoding=\"async\" width=\"750\" height=\"750\" data-id=\"3175\" src=\"https:\/\/shuliybaler.com\/wp-content\/uploads\/2023\/03\/tyre-crushing-machine.webp\" alt=\"m\u00e1quina de esmagamento de pneus\" class=\"wp-image-3175\" title=\"\" srcset=\"https:\/\/shuliybaler.com\/wp-content\/uploads\/2023\/03\/tyre-crushing-machine.webp 750w, https:\/\/shuliybaler.com\/wp-content\/uploads\/2023\/03\/tyre-crushing-machine-270x270.webp 270w, https:\/\/shuliybaler.com\/wp-content\/uploads\/2023\/03\/tyre-crushing-machine-540x540.webp 540w\" sizes=\"auto, (max-width: 750px) 100vw, 750px\" \/><figcaption class=\"wp-element-caption\">M\u00e1quina trituradora de pneus<\/figcaption><\/figure>    <figure class=\"wp-block-image size-large\"><img loading=\"lazy\" decoding=\"async\" width=\"750\" height=\"750\" data-id=\"3176\" src=\"https:\/\/shuliybaler.com\/wp-content\/uploads\/2023\/03\/tire-shredder-machine.webp\" alt=\"m\u00e1quina trituradora de pneus\" class=\"wp-image-3176\" title=\"\" srcset=\"https:\/\/shuliybaler.com\/wp-content\/uploads\/2023\/03\/tire-shredder-machine.webp 750w, https:\/\/shuliybaler.com\/wp-content\/uploads\/2023\/03\/tire-shredder-machine-270x270.webp 270w, https:\/\/shuliybaler.com\/wp-content\/uploads\/2023\/03\/tire-shredder-machine-540x540.webp 540w\" sizes=\"auto, (max-width: 750px) 100vw, 750px\" \/><figcaption class=\"wp-element-caption\">M\u00e1quina trituradora de pneus<\/figcaption><\/figure> <\/figure>    <p class=\"translation-block\">Al\u00e9m das prensas de pneus, outras m\u00e1quinas podem ser utilizadas em conjunto para gerir eficazmente os res\u00edduos de pneus. As <a href=\"https:\/\/shuliybaler.com\/pt\/product\/scrap-metal-shredder-machine\/\" data-type=\"URL\" data-id=\"https:\/\/shuliybaler.com\/product\/scrap-metal-shredder-machine\/\">trituradoras de pneus<\/a>, por exemplo, s\u00e3o usadas para desintegrar os pneus em peda\u00e7os mais pequenos que podem ser alimentados na prensa de pneus para compacta\u00e7\u00e3o. As m\u00e1quinas de pir\u00f3lise de pneus podem ser usadas para converter pneus em fim de vida em subprodutos valiosos, como \u00f3leo e negro de fumo.<\/p>    <h2 class=\"wp-block-heading\">As enfardadeiras de pneus s\u00e3o uma solu\u00e7\u00e3o eficaz para a gest\u00e3o de res\u00edduos de pneus<\/h2>    <p>Concluindo, as enfardadeiras de pneus s\u00e3o uma solu\u00e7\u00e3o vi\u00e1vel para a gest\u00e3o de res\u00edduos de pneus, oferecendo benef\u00edcios significativos ao meio ambiente, \u00e0 seguran\u00e7a no local de trabalho e \u00e0 efici\u00eancia operacional. Ao comprimir pneus usados \u200b\u200bem fardos, as enfardadeiras reduzem o volume dos pneus, tornando mais f\u00e1cil e econ\u00f4mico transport\u00e1-los e armazen\u00e1-los. Com a crescente procura por pr\u00e1ticas sustent\u00e1veis \u200b\u200bde gest\u00e3o de res\u00edduos, as enfardadeiras de pneus oferecem uma solu\u00e7\u00e3o promissora para o problema dos res\u00edduos de pneus.<\/p>","protected":false},"excerpt":{"rendered":"<p>Os pneus usados \u200b\u200bs\u00e3o um dos materiais mais dif\u00edceis de descartar devido ao seu grande volume e durabilidade. Com mais de mil milh\u00f5es de pneus a serem descartados todos os anos em todo o mundo, \u00e9 fundamental encontrar uma solu\u00e7\u00e3o sustent\u00e1vel para a gest\u00e3o de res\u00edduos de pneus. Uma solu\u00e7\u00e3o inovadora para este problema \u00e9 a enfardadeira de pneus.<\/p>","protected":false},"author":1,"featured_media":3171,"parent":0,"template":"","tags":[67],"product-type":[48],"class_list":["post-3170","product","type-product","status-publish","has-post-thumbnail","hentry","tag-waste-tire-management","product-type-solution"],"_links":{"self":[{"href":"https:\/\/shuliybaler.com\/pt\/wp-json\/wp\/v2\/product\/3170","targetHints":{"allow":["GET"]}}],"collection":[{"href":"https:\/\/shuliybaler.com\/pt\/wp-json\/wp\/v2\/product"}],"about":[{"href":"https:\/\/shuliybaler.com\/pt\/wp-json\/wp\/v2\/types\/product"}],"author":[{"embeddable":true,"href":"https:\/\/shuliybaler.com\/pt\/wp-json\/wp\/v2\/users\/1"}],"wp:featuredmedia":[{"embeddable":true,"href":"https:\/\/shuliybaler.com\/pt\/wp-json\/wp\/v2\/media\/3171"}],"wp:attachment":[{"href":"https:\/\/shuliybaler.com\/pt\/wp-json\/wp\/v2\/media?parent=3170"}],"wp:term":[{"taxonomy":"post_tag","embeddable":true,"href":"https:\/\/shuliybaler.com\/pt\/wp-json\/wp\/v2\/tags?post=3170"},{"taxonomy":"product-type","embeddable":true,"href":"https:\/\/shuliybaler.com\/pt\/wp-json\/wp\/v2\/product-type?post=3170"}],"curies":[{"name":"wp","href":"https:\/\/api.w.org\/{rel}","templated":true}]}}