{"id":3407,"date":"2025-12-31T14:50:32","date_gmt":"2025-12-31T06:50:32","guid":{"rendered":"https:\/\/shuliybaler.com\/?post_type=product&#038;p=3407"},"modified":"2026-01-04T17:52:20","modified_gmt":"2026-01-04T09:52:20","slug":"ball-mill-grinder-for-metal-polishing","status":"publish","type":"product","link":"https:\/\/shuliybaler.com\/pt\/product\/ball-mill-grinder-for-metal-polishing\/","title":{"rendered":"Moinho de bolas para remo\u00e7\u00e3o de ferrugem e polimento de superf\u00edcies met\u00e1licas"},"content":{"rendered":"<p class=\"translation-block\">Um <strong>moinho de bolas<\/strong> industrial \u00e9 uma m\u00e1quina de moagem e polimento de tambor projetada para acabamento eficiente de superf\u00edcies de componentes met\u00e1licos e n\u00e3o met\u00e1licos. \u00c9 amplamente utilizado para desburring, remo\u00e7\u00e3o de ferrugem, arredondamento de bordas e polimento brilhante, especialmente para pe\u00e7as que s\u00e3o facilmente deform\u00e1veis.<\/p>    <p>Shuli Machinery&#8217;s ball mills feature a robust mechanical structure, stable operation, and high grinding efficiency, making them an ideal solution for processing medium to large workpieces in industries such as metal recycling, machining, and surface treatment.<\/p>    <figure class=\"wp-block-embed aligncenter is-type-video is-provider-youtube wp-block-embed-youtube wp-embed-aspect-16-9 wp-has-aspect-ratio\"><div class=\"wp-block-embed__wrapper\"> <iframe loading=\"lazy\" title=\"Heavy-Duty Dry Ball Mill for Metal &amp; Aluminum Scrap Contact:+8617703863868\" width=\"500\" height=\"281\" src=\"https:\/\/www.youtube.com\/embed\/knRo2Nmixj4?feature=oembed\" frameborder=\"0\" allow=\"accelerometer; autoplay; clipboard-write; encrypted-media; gyroscope; picture-in-picture; web-share\" referrerpolicy=\"strict-origin-when-cross-origin\" allowfullscreen><\/iframe> <\/div><figcaption class=\"wp-element-caption\">v\u00eddeo de funcionamento do moinho de bolas<\/figcaption><\/figure>    <h2 class=\"wp-block-heading\"><strong>O que \u00e9 uma m\u00e1quina de moagem de moinho de bolas?<\/strong><\/h2>    <p>Moinhos de bolas secos s\u00e3o usados principalmente para polimento e remo\u00e7\u00e3o de ferrugem de materiais de sucata de metal e alum\u00ednio com di\u00e2metro inferior a 400 mm. O motor el\u00e9trico aciona um redutor, fazendo o tambor cil\u00edndrico girar, enquanto o material e o min\u00e9rio s\u00e3o alimentados no tambor por uma correia transportadora.<\/p>    <p>O princ\u00edpio de funcionamento de um moinho de bolas \u00e9 girar um tambor cil\u00edndrico cheio de meios de moagem (como areia mineral ou bolas de a\u00e7o). \u00c0 medida que o tambor gira, os materiais dentro s\u00e3o continuamente tombados, arremessados, esfregados e misturados, removendo efetivamente \u00f3leo de superf\u00edcie, ferrugem e rebarbas.<\/p>    <p>As pe\u00e7as trabalhadas n\u00e3o s\u00f3 mant\u00eam a sua forma original e precis\u00e3o dimensional, como tamb\u00e9m alcan\u00e7am uma superf\u00edcie mais lisa, brilhante e limpa. A rugosidade da superf\u00edcie do produto final melhora-se em 1-2 graus. Portanto, os moinhos de bolas s\u00e3o particularmente adequados para acabamento de superf\u00edcies de pe\u00e7as facilmente deform\u00e1veis.<\/p>   <div class=\"wp-block-image\"> <figure class=\"aligncenter size-full\"><img loading=\"lazy\" decoding=\"async\" width=\"720\" height=\"540\" src=\"https:\/\/shuliybaler.com\/wp-content\/uploads\/2025\/12\/horizontal-dry-ball-mill.webp\" alt=\"Moinho de bolas horizontal seco\" class=\"wp-image-3419\" title=\"\" srcset=\"https:\/\/shuliybaler.com\/wp-content\/uploads\/2025\/12\/horizontal-dry-ball-mill.webp 720w, https:\/\/shuliybaler.com\/wp-content\/uploads\/2025\/12\/horizontal-dry-ball-mill-360x270.webp 360w, https:\/\/shuliybaler.com\/wp-content\/uploads\/2025\/12\/horizontal-dry-ball-mill-180x135.webp 180w, https:\/\/shuliybaler.com\/wp-content\/uploads\/2025\/12\/horizontal-dry-ball-mill-16x12.webp 16w\" sizes=\"auto, (max-width: 720px) 100vw, 720px\" \/><figcaption class=\"wp-element-caption\">Moinho de bolas horizontal seco<\/figcaption><\/figure> <\/div>   <h2 class=\"wp-block-heading\"><strong>Principais vantagens do moinho de bolas Shuliy<\/strong><\/h2>    <ol class=\"wp-block-list\"> <li>A engrenagem de abertura dos moinhos de moagem de min\u00e9rio de ferro utiliza um sistema de transmiss\u00e3o de engrenagem de alta resist\u00eancia e uma estrutura de fundi\u00e7\u00e3o integrada, resultando em maior estabilidade geral, transmiss\u00e3o mais precisa, maior durabilidade e opera\u00e7\u00e3o mais suave.<\/li>    <li>Nossos moinhos de moagem a seco s\u00e3o fabricados com placas de a\u00e7o extra espessas, usando soldagem de alta tecnologia e tratamentos de polimento de superf\u00edcie, proporcionando excelente resist\u00eancia ao desgaste e impacto, e s\u00e3o projetados para opera\u00e7\u00e3o industrial pesada.<\/li>    <li>Por meio de melhorias, aumentamos a capacidade do alimentador para evitar descarga irregular e sobrecarga, melhorando significativamente a efici\u00eancia geral de moagem e garantindo alimenta\u00e7\u00e3o uniforme do material e resultados de processamento consistentes.<\/li>    <li>In addition to strict manufacturing standards, we provide a comprehensive maintenance system and clear operating procedures after the customer purchases the machine, ensuring worry-free equipment delivery and operation, and earning customers&#8217; satisfaction and recognition.<\/li> <\/ol>    <figure class=\"wp-block-gallery has-nested-images columns-2 is-cropped wp-block-gallery-2 is-layout-flex wp-block-gallery-is-layout-flex\"> <figure class=\"wp-block-image size-large\"><img loading=\"lazy\" decoding=\"async\" width=\"720\" height=\"540\" data-id=\"3415\" src=\"https:\/\/shuliybaler.com\/wp-content\/uploads\/2025\/12\/Aperture-gear.webp\" alt=\"Engrenagem de abertura\" class=\"wp-image-3415\" title=\"\" srcset=\"https:\/\/shuliybaler.com\/wp-content\/uploads\/2025\/12\/Aperture-gear.webp 720w, https:\/\/shuliybaler.com\/wp-content\/uploads\/2025\/12\/Aperture-gear-360x270.webp 360w, https:\/\/shuliybaler.com\/wp-content\/uploads\/2025\/12\/Aperture-gear-180x135.webp 180w, https:\/\/shuliybaler.com\/wp-content\/uploads\/2025\/12\/Aperture-gear-16x12.webp 16w\" sizes=\"auto, (max-width: 720px) 100vw, 720px\" \/><figcaption class=\"wp-element-caption\">Engrenagem de abertura<\/figcaption><\/figure>    <figure class=\"wp-block-image size-large\"><img loading=\"lazy\" decoding=\"async\" width=\"720\" height=\"540\" data-id=\"3416\" src=\"https:\/\/shuliybaler.com\/wp-content\/uploads\/2025\/12\/Feeding-hopper.webp\" alt=\"Alimentador\" class=\"wp-image-3416\" title=\"\" srcset=\"https:\/\/shuliybaler.com\/wp-content\/uploads\/2025\/12\/Feeding-hopper.webp 720w, https:\/\/shuliybaler.com\/wp-content\/uploads\/2025\/12\/Feeding-hopper-360x270.webp 360w, https:\/\/shuliybaler.com\/wp-content\/uploads\/2025\/12\/Feeding-hopper-180x135.webp 180w, https:\/\/shuliybaler.com\/wp-content\/uploads\/2025\/12\/Feeding-hopper-16x12.webp 16w\" sizes=\"auto, (max-width: 720px) 100vw, 720px\" \/><figcaption class=\"wp-element-caption\">Alimentador<\/figcaption><\/figure>    <figure class=\"wp-block-image size-large\"><img loading=\"lazy\" decoding=\"async\" width=\"720\" height=\"540\" data-id=\"3418\" src=\"https:\/\/shuliybaler.com\/wp-content\/uploads\/2025\/12\/seive-plate-of-dry-ball-mill.webp\" alt=\"seive plate of dry ball mill\" class=\"wp-image-3418\" title=\"\" srcset=\"https:\/\/shuliybaler.com\/wp-content\/uploads\/2025\/12\/seive-plate-of-dry-ball-mill.webp 720w, https:\/\/shuliybaler.com\/wp-content\/uploads\/2025\/12\/seive-plate-of-dry-ball-mill-360x270.webp 360w, https:\/\/shuliybaler.com\/wp-content\/uploads\/2025\/12\/seive-plate-of-dry-ball-mill-180x135.webp 180w, https:\/\/shuliybaler.com\/wp-content\/uploads\/2025\/12\/seive-plate-of-dry-ball-mill-16x12.webp 16w\" sizes=\"auto, (max-width: 720px) 100vw, 720px\" \/><figcaption class=\"wp-element-caption\">Tela de peneira do moinho de bolas seco<\/figcaption><\/figure>    <figure class=\"wp-block-image size-large\"><img loading=\"lazy\" decoding=\"async\" width=\"720\" height=\"540\" data-id=\"3417\" src=\"https:\/\/shuliybaler.com\/wp-content\/uploads\/2025\/12\/metal-rust-remover-machine.webp\" alt=\"m\u00e1quina de remo\u00e7\u00e3o de ferrugem de metal\" class=\"wp-image-3417\" title=\"\" srcset=\"https:\/\/shuliybaler.com\/wp-content\/uploads\/2025\/12\/metal-rust-remover-machine.webp 720w, https:\/\/shuliybaler.com\/wp-content\/uploads\/2025\/12\/metal-rust-remover-machine-360x270.webp 360w, https:\/\/shuliybaler.com\/wp-content\/uploads\/2025\/12\/metal-rust-remover-machine-180x135.webp 180w, https:\/\/shuliybaler.com\/wp-content\/uploads\/2025\/12\/metal-rust-remover-machine-16x12.webp 16w\" sizes=\"auto, (max-width: 720px) 100vw, 720px\" \/><figcaption class=\"wp-element-caption\">M\u00e1quina de remo\u00e7\u00e3o de ferrugem de metal<\/figcaption><\/figure> <\/figure>    <h2 class=\"wp-block-heading\"><strong>Aplica\u00e7\u00f5es da m\u00e1quina de remo\u00e7\u00e3o de ferrugem de metal<\/strong><\/h2>    <p>Os moinhos de bolas s\u00e3o amplamente utilizados em v\u00e1rias ind\u00fastrias e podem processar uma vasta gama de materiais, incluindo:<\/p>    <ol class=\"wp-block-list\"> <li>Pe\u00e7as e componentes met\u00e1licos, ferro sinterizado e metais tratados termicamente, sucata de metal triturada, sucata de alum\u00ednio oleosa ou enferrujada, etc.<\/li>    <li>Eles tamb\u00e9m podem processar metais n\u00e3o ferrosos (cobre, ligas de alum\u00ednio, etc.) e pe\u00e7as n\u00e3o met\u00e1licas que requerem polimento de superf\u00edcie.<\/li> <\/ol>    <p>Suas excelentes caracter\u00edsticas o tornam particularmente adequado para pe\u00e7as de tamanho m\u00e9dio a grande que requerem tratamento de superf\u00edcie de alta qualidade. <\/p>    <p>A maioria dos nossos clientes utiliza-o para pr\u00e9-tratamento de reciclagem de metal, moagem e polimento ap\u00f3s a fabrica\u00e7\u00e3o de hardware e fixadores, pr\u00e9-tratamento de superf\u00edcie antes de revestimento ou eletrodeposi\u00e7\u00e3o, e mais.<\/p>    <h2 class=\"wp-block-heading\"><strong>Tipo de moinho de bolas industrial<\/strong><\/h2>    <p>Para atender \u00e0s diversas necessidades de processamento, a Shuli oferece uma variedade de modelos de moinhos de bolas com diferentes di\u00e2metros, comprimentos e capacidades de produ\u00e7\u00e3o.<\/p>    <figure class=\"wp-block-table\"><table class=\"has-fixed-layout\"><tbody><tr><td>Di\u00e2metro<\/td><td>Comprimento<\/td><td>Sa\u00edda<\/td><td>Pot\u00eancia do motor<\/td><\/tr><tr><td>1,2x3m<\/td><td>5,5m<\/td><td>2t\/h<\/td><td>15kw<\/td><\/tr><tr><td>1,5x6m<\/td><td>8m<\/td><td>4t\/h<\/td><td>30kw<\/td><\/tr><tr><td>1,8x6m<\/td><td>9m<\/td><td>6t\/h <\/td><td>45kw<\/td><\/tr><\/tbody><\/table><figcaption class=\"wp-element-caption\">Par\u00e2metros simples do moinho de bolas industrial<\/figcaption><\/figure>    <p>Desde modelos adequados para oficinas pequenas e m\u00e9dias com capacidade de produ\u00e7\u00e3o de 2 toneladas por hora, at\u00e9 modelos para produ\u00e7\u00e3o industrial em grande escala com capacidade de 6 toneladas por hora, os clientes podem escolher o modelo mais adequado com base no tipo de material, carga de trabalho e espa\u00e7o na f\u00e1brica.<\/p>    <p>Se n\u00e3o tiver certeza de qual modelo \u00e9 adequado para sua aplica\u00e7\u00e3o, nossos engenheiros podem recomendar ou personalizar uma solu\u00e7\u00e3o com base no seu tamanho de material, grau de corros\u00e3o e efeito de tratamento de superf\u00edcie desejado. Contacte-nos se tiver alguma d\u00favida sobre este moinho de bolas!<\/p>   <div class=\"wp-block-image\"> <figure class=\"aligncenter size-full\"><img loading=\"lazy\" decoding=\"async\" width=\"720\" height=\"540\" src=\"https:\/\/shuliybaler.com\/wp-content\/uploads\/2025\/12\/Drum-type-dry-metal-grinding-mill.webp\" alt=\"Moinho de metal seco do tipo tambor\" class=\"wp-image-3420\" title=\"\" srcset=\"https:\/\/shuliybaler.com\/wp-content\/uploads\/2025\/12\/Drum-type-dry-metal-grinding-mill.webp 720w, https:\/\/shuliybaler.com\/wp-content\/uploads\/2025\/12\/Drum-type-dry-metal-grinding-mill-360x270.webp 360w, https:\/\/shuliybaler.com\/wp-content\/uploads\/2025\/12\/Drum-type-dry-metal-grinding-mill-180x135.webp 180w, https:\/\/shuliybaler.com\/wp-content\/uploads\/2025\/12\/Drum-type-dry-metal-grinding-mill-16x12.webp 16w\" sizes=\"auto, (max-width: 720px) 100vw, 720px\" \/><figcaption class=\"wp-element-caption\">Moinho de metal seco do tipo tambor<\/figcaption><\/figure> <\/div>   <h2 class=\"wp-block-heading\"><strong>Por que escolher o moinho de bolas Shuliy?<\/strong><\/h2>    <ul class=\"wp-block-list\"> <li>A Shuliy \u00e9 uma fabricante profissional com 40 anos de experi\u00eancia na ind\u00fastria e mais de uma d\u00e9cada de experi\u00eancia em com\u00e9rcio internacional.<\/li>    <li>Nossas m\u00e1quinas s\u00e3o projetadas de forma flex\u00edvel e podem ser personalizadas para atender diferentes necessidades.<\/li>    <li>Oferecemos pre\u00e7os de f\u00e1brica altamente competitivos, pre\u00e7os transparentes, servi\u00e7o p\u00f3s-venda abrangente e suporte t\u00e9cnico completo durante todo o processo.<\/li>    <li>Temos uma excelente reputa\u00e7\u00e3o global e um sistema de exporta\u00e7\u00e3o e envio bem estabelecido, conquistando a confian\u00e7a de clientes em todo o mundo.<\/li>    <li>A Shuliy compromete-se a fornecer solu\u00e7\u00f5es de moagem pr\u00e1ticas, dur\u00e1veis e econ\u00f4micas para o seu neg\u00f3cio, com servi\u00e7o profissional.<\/li> <\/ul>    <figure class=\"wp-block-gallery has-nested-images columns-default is-cropped wp-block-gallery-3 is-layout-flex wp-block-gallery-is-layout-flex\"> <figure class=\"wp-block-image size-large\"><img loading=\"lazy\" decoding=\"async\" width=\"720\" height=\"540\" data-id=\"3421\" src=\"https:\/\/shuliybaler.com\/wp-content\/uploads\/2025\/12\/ball-mill-grinding-machine-production-process.webp\" alt=\"Processo de produ\u00e7\u00e3o do moinho de bolas\" class=\"wp-image-3421\" title=\"\" srcset=\"https:\/\/shuliybaler.com\/wp-content\/uploads\/2025\/12\/ball-mill-grinding-machine-production-process.webp 720w, https:\/\/shuliybaler.com\/wp-content\/uploads\/2025\/12\/ball-mill-grinding-machine-production-process-360x270.webp 360w, https:\/\/shuliybaler.com\/wp-content\/uploads\/2025\/12\/ball-mill-grinding-machine-production-process-180x135.webp 180w, https:\/\/shuliybaler.com\/wp-content\/uploads\/2025\/12\/ball-mill-grinding-machine-production-process-16x12.webp 16w\" sizes=\"auto, (max-width: 720px) 100vw, 720px\" \/><figcaption class=\"wp-element-caption\">Processo de produ\u00e7\u00e3o do moinho de bolas<\/figcaption><\/figure>    <figure class=\"wp-block-image size-large\"><img loading=\"lazy\" decoding=\"async\" width=\"720\" height=\"540\" data-id=\"3422\" src=\"https:\/\/shuliybaler.com\/wp-content\/uploads\/2025\/12\/Shuliy-factory.webp\" alt=\"F\u00e1brica Shuliy\" class=\"wp-image-3422\" title=\"\" srcset=\"https:\/\/shuliybaler.com\/wp-content\/uploads\/2025\/12\/Shuliy-factory.webp 720w, https:\/\/shuliybaler.com\/wp-content\/uploads\/2025\/12\/Shuliy-factory-360x270.webp 360w, https:\/\/shuliybaler.com\/wp-content\/uploads\/2025\/12\/Shuliy-factory-180x135.webp 180w, https:\/\/shuliybaler.com\/wp-content\/uploads\/2025\/12\/Shuliy-factory-16x12.webp 16w\" sizes=\"auto, (max-width: 720px) 100vw, 720px\" \/><figcaption class=\"wp-element-caption\">F\u00e1brica Shuliy<\/figcaption><\/figure> <\/figure>    <p>Se procura solu\u00e7\u00f5es confi\u00e1veis de reciclagem de metal de grau industrial, contacte imediatamente a Shuli Company para especifica\u00e7\u00f5es t\u00e9cnicas detalhadas, solu\u00e7\u00f5es personalizadas de moinho de bolas e uma lista de pre\u00e7os completa.<\/p>    <p class=\"translation-block\">Clique para ver outros produtos mais vendidos: <a href=\"https:\/\/shuliybaler.com\/pt\/product\/steel-drum-shredder\/\">Triturador de tambor de a\u00e7o<\/a>, <a href=\"https:\/\/shuliybaler.com\/pt\/product\/alligator-shear\/\">Tesoura de corte de metal<\/a>.<\/p>    <p><\/p>","protected":false},"excerpt":{"rendered":"<p>The ball mill is designed for efficient metal surface treatment, deburring, rust removal, and polishing. It is particularly suitable for processing easily deformable workpieces, ensuring improved surface quality without damaging the original shape and dimensional accuracy of the workpiece.<\/p>","protected":false},"author":1,"featured_media":3414,"parent":0,"template":"","tags":[15],"product-type":[87],"class_list":["post-3407","product","type-product","status-publish","has-post-thumbnail","hentry","tag-metal","product-type-metal-recycling-machine"],"_links":{"self":[{"href":"https:\/\/shuliybaler.com\/pt\/wp-json\/wp\/v2\/product\/3407","targetHints":{"allow":["GET"]}}],"collection":[{"href":"https:\/\/shuliybaler.com\/pt\/wp-json\/wp\/v2\/product"}],"about":[{"href":"https:\/\/shuliybaler.com\/pt\/wp-json\/wp\/v2\/types\/product"}],"author":[{"embeddable":true,"href":"https:\/\/shuliybaler.com\/pt\/wp-json\/wp\/v2\/users\/1"}],"wp:featuredmedia":[{"embeddable":true,"href":"https:\/\/shuliybaler.com\/pt\/wp-json\/wp\/v2\/media\/3414"}],"wp:attachment":[{"href":"https:\/\/shuliybaler.com\/pt\/wp-json\/wp\/v2\/media?parent=3407"}],"wp:term":[{"taxonomy":"post_tag","embeddable":true,"href":"https:\/\/shuliybaler.com\/pt\/wp-json\/wp\/v2\/tags?post=3407"},{"taxonomy":"product-type","embeddable":true,"href":"https:\/\/shuliybaler.com\/pt\/wp-json\/wp\/v2\/product-type?post=3407"}],"curies":[{"name":"wp","href":"https:\/\/api.w.org\/{rel}","templated":true}]}}