{"id":3448,"date":"2026-01-07T15:24:23","date_gmt":"2026-01-07T07:24:23","guid":{"rendered":"https:\/\/shuliybaler.com\/?post_type=product&#038;p=3448"},"modified":"2026-01-07T16:48:43","modified_gmt":"2026-01-07T08:48:43","slug":"metal-crusher-machine-metal-recycling","status":"publish","type":"product","link":"https:\/\/shuliybaler.com\/pt\/product\/metal-crusher-machine-metal-recycling\/","title":{"rendered":"M\u00e1quina de tritura\u00e7\u00e3o de metal para reciclagem eficiente de sucata"},"content":{"rendered":"<p class=\"translation-block\">A <strong>m\u00e1quina de tritura\u00e7\u00e3o de metal<\/strong> \u00e9 um dispositivo de reciclagem industrial usado para triturar, esmagar e reduzir o tamanho de materiais met\u00e1licos de sucata, como latas de alum\u00ednio e pe\u00e7as de ve\u00edculos descartados, transformando-os em part\u00edculas uniformes e facilmente manej\u00e1veis.<\/p>    <p>Dependendo da aplica\u00e7\u00e3o e dos materiais processados, tamb\u00e9m pode ser configurada como parte de uma linha de produ\u00e7\u00e3o de tritura\u00e7\u00e3o de metal completa, ajudando efetivamente as empresas a melhorar a efici\u00eancia de reciclagem e reduzir custos de transporte e armazenamento.<\/p>   <div class=\"wp-block-image\"> <figure class=\"aligncenter size-full\"><img loading=\"lazy\" decoding=\"async\" width=\"720\" height=\"540\" src=\"https:\/\/shuliybaler.com\/wp-content\/uploads\/2026\/01\/Shuliy-scrap-can-crusher-machine-installation-site.webp\" alt=\"Local de instala\u00e7\u00e3o da m\u00e1quina de tritura\u00e7\u00e3o de sucata da Shuliy\" class=\"wp-image-3471\" title=\"\" srcset=\"https:\/\/shuliybaler.com\/wp-content\/uploads\/2026\/01\/Shuliy-scrap-can-crusher-machine-installation-site.webp 720w, https:\/\/shuliybaler.com\/wp-content\/uploads\/2026\/01\/Shuliy-scrap-can-crusher-machine-installation-site-360x270.webp 360w, https:\/\/shuliybaler.com\/wp-content\/uploads\/2026\/01\/Shuliy-scrap-can-crusher-machine-installation-site-180x135.webp 180w, https:\/\/shuliybaler.com\/wp-content\/uploads\/2026\/01\/Shuliy-scrap-can-crusher-machine-installation-site-16x12.webp 16w\" sizes=\"auto, (max-width: 720px) 100vw, 720px\" \/><figcaption class=\"wp-element-caption\">Local de instala\u00e7\u00e3o da m\u00e1quina de tritura\u00e7\u00e3o de sucata da Shuliy<\/figcaption><\/figure> <\/div>   <h2 class=\"wp-block-heading\"><strong>Como funciona uma m\u00e1quina de tritura\u00e7\u00e3o de metal?<\/strong><\/h2>    <p>Durante a opera\u00e7\u00e3o, o triturador de metal cont\u00e9m martelos e l\u00e2minas de alta velocidade que rasgam, trituram e deformam v\u00e1rios res\u00edduos met\u00e1licos em peda\u00e7os menores.<\/p>    <p>Para controlar o tamanho do produto final, uma grelha \u00e9 instalada abaixo da c\u00e2mara de tritura\u00e7\u00e3o, permitindo apenas fragmentos de metal menores que o tamanho da grelha passarem. O tamanho da grelha pode ser ajustado de acordo com os requisitos de processamento, geralmente variando de 3-10 cm.<\/p>    <p>Este equipamento \u00e9 adequado para instala\u00e7\u00e3o fixa e processamento centralizado, sendo geralmente integrado numa linha de produ\u00e7\u00e3o completa para garantir uma opera\u00e7\u00e3o est\u00e1vel e alta produ\u00e7\u00e3o em opera\u00e7\u00f5es de reciclagem de metal em grande escala.<\/p>    <figure class=\"wp-block-embed aligncenter is-type-video is-provider-youtube wp-block-embed-youtube wp-embed-aspect-16-9 wp-has-aspect-ratio\"><div class=\"wp-block-embed__wrapper\"> <iframe loading=\"lazy\" title=\"M\u00e1quina de tritura\u00e7\u00e3o de metal para reciclagem de sucata | Teste de f\u00e1brica Contato: 8617703863868\" width=\"500\" height=\"281\" src=\"https:\/\/www.youtube.com\/embed\/TE5EZJ6OvB8?feature=oembed\" frameborder=\"0\" allow=\"accelerometer; autoplay; clipboard-write; encrypted-media; gyroscope; picture-in-picture; web-share\" referrerpolicy=\"strict-origin-when-cross-origin\" allowfullscreen><\/iframe> <\/div><figcaption class=\"wp-element-caption\">v\u00eddeo de funcionamento da m\u00e1quina de tritura\u00e7\u00e3o de metal<\/figcaption><\/figure>    <h2 class=\"wp-block-heading\"><strong>Principais caracter\u00edsticas da nossa m\u00e1quina de tritura\u00e7\u00e3o de metal<\/strong><\/h2>    <ul class=\"wp-block-list\"> <li>Este triturador de metal apresenta um design de rotor de alta resist\u00eancia feito de <strong>ferro fundido refor\u00e7ado<\/strong>, significativamente <strong>melhorando a resist\u00eancia radial<\/strong>. \u00c9 especialmente projetado para opera\u00e7\u00e3o cont\u00ednua sob cargas elevadas, garantindo desempenho confi\u00e1vel mesmo ao triturar materiais met\u00e1licos espessos ou de alta densidade.<\/li>    <li>Est\u00e1 equipada com cabe\u00e7as de martelo e grelhas feitas de <strong>fundi\u00e7\u00e3o de a\u00e7o liga<\/strong>, oferecendo excelente <strong>resist\u00eancia ao desgaste e impacto<\/strong>. A espessura e o n\u00famero de l\u00e2minas podem ser personalizadas de acordo com diferentes materiais met\u00e1licos, adaptando-se flexivelmente \u00e0s v\u00e1rias necessidades de reciclagem.<\/li>    <li>A m\u00e1quina de tritura\u00e7\u00e3o de metal suporta <strong>opera\u00e7\u00e3o totalmente automatizada<\/strong>, de modo que os processos de alimenta\u00e7\u00e3o e tritura\u00e7\u00e3o possam ser totalmente automatizados com correias transportadoras. Tamb\u00e9m facilita a integra\u00e7\u00e3o da m\u00e1quina numa linha de produ\u00e7\u00e3o de tritura\u00e7\u00e3o de metal completa.<\/li>    <li>O triturador de latas de metal Shuliy est\u00e1 equipado com um completo <strong>motor de n\u00facleo de cobre, garantindo um menor consumo de energia<\/strong>, maior vida \u00fatil e maior efici\u00eancia operacional. Isso garante uma tritura\u00e7\u00e3o eficiente enquanto reduz os custos operacionais a longo prazo.<\/li>    <li>O corpo de toda a m\u00e1quina \u00e9 feito de <strong>placas de a\u00e7o extra espessas, com t\u00e9cnicas de soldagem e polimento de alta tecnologia<\/strong> que garantem uma estrutura robusta e dur\u00e1vel. <\/li>    <li>Al\u00e9m disso, a m\u00e1quina est\u00e1 equipada com <strong>sistemas de prote\u00e7\u00e3o contra sobrecarga do motor e intertravamento de energia<\/strong>, protegendo efetivamente a seguran\u00e7a dos operadores e equipamentos.<\/li> <\/ul>    <figure class=\"wp-block-gallery has-nested-images columns-2 is-cropped wp-block-gallery-2 is-layout-flex wp-block-gallery-is-layout-flex\"> <figure class=\"wp-block-image size-large\"><img loading=\"lazy\" decoding=\"async\" width=\"720\" height=\"540\" data-id=\"3465\" src=\"https:\/\/shuliybaler.com\/wp-content\/uploads\/2026\/01\/heavy-duty-rotor-design.webp\" alt=\"design de rotor de alta resist\u00eancia\" class=\"wp-image-3465\" title=\"\" srcset=\"https:\/\/shuliybaler.com\/wp-content\/uploads\/2026\/01\/heavy-duty-rotor-design.webp 720w, https:\/\/shuliybaler.com\/wp-content\/uploads\/2026\/01\/heavy-duty-rotor-design-360x270.webp 360w, https:\/\/shuliybaler.com\/wp-content\/uploads\/2026\/01\/heavy-duty-rotor-design-180x135.webp 180w, https:\/\/shuliybaler.com\/wp-content\/uploads\/2026\/01\/heavy-duty-rotor-design-16x12.webp 16w\" sizes=\"auto, (max-width: 720px) 100vw, 720px\" \/><figcaption class=\"wp-element-caption\">Design de rotor de alta resist\u00eancia<\/figcaption><\/figure>    <figure class=\"wp-block-image size-large\"><img loading=\"lazy\" decoding=\"async\" width=\"720\" height=\"540\" data-id=\"3466\" src=\"https:\/\/shuliybaler.com\/wp-content\/uploads\/2026\/01\/Wear-resistant-hammer.webp\" alt=\"Martelo resistente ao desgaste\" class=\"wp-image-3466\" title=\"\" srcset=\"https:\/\/shuliybaler.com\/wp-content\/uploads\/2026\/01\/Wear-resistant-hammer.webp 720w, https:\/\/shuliybaler.com\/wp-content\/uploads\/2026\/01\/Wear-resistant-hammer-360x270.webp 360w, https:\/\/shuliybaler.com\/wp-content\/uploads\/2026\/01\/Wear-resistant-hammer-180x135.webp 180w, https:\/\/shuliybaler.com\/wp-content\/uploads\/2026\/01\/Wear-resistant-hammer-16x12.webp 16w\" sizes=\"auto, (max-width: 720px) 100vw, 720px\" \/><figcaption class=\"wp-element-caption\">Martelo resistente ao desgaste<\/figcaption><\/figure>    <figure class=\"wp-block-image size-large\"><img loading=\"lazy\" decoding=\"async\" width=\"720\" height=\"540\" data-id=\"3463\" src=\"https:\/\/shuliybaler.com\/wp-content\/uploads\/2026\/01\/copper-core-motor.webp\" alt=\"copper core motor\" class=\"wp-image-3463\" title=\"\" srcset=\"https:\/\/shuliybaler.com\/wp-content\/uploads\/2026\/01\/copper-core-motor.webp 720w, https:\/\/shuliybaler.com\/wp-content\/uploads\/2026\/01\/copper-core-motor-360x270.webp 360w, https:\/\/shuliybaler.com\/wp-content\/uploads\/2026\/01\/copper-core-motor-180x135.webp 180w, https:\/\/shuliybaler.com\/wp-content\/uploads\/2026\/01\/copper-core-motor-16x12.webp 16w\" sizes=\"auto, (max-width: 720px) 100vw, 720px\" \/><figcaption class=\"wp-element-caption\">Motor de n\u00facleo de cobre<\/figcaption><\/figure>    <figure class=\"wp-block-image size-large\"><img loading=\"lazy\" decoding=\"async\" width=\"720\" height=\"540\" data-id=\"3464\" src=\"https:\/\/shuliybaler.com\/wp-content\/uploads\/2026\/01\/extra-thick-steel-plates.webp\" alt=\"extra-thick steel plates\" class=\"wp-image-3464\" title=\"\" srcset=\"https:\/\/shuliybaler.com\/wp-content\/uploads\/2026\/01\/extra-thick-steel-plates.webp 720w, https:\/\/shuliybaler.com\/wp-content\/uploads\/2026\/01\/extra-thick-steel-plates-360x270.webp 360w, https:\/\/shuliybaler.com\/wp-content\/uploads\/2026\/01\/extra-thick-steel-plates-180x135.webp 180w, https:\/\/shuliybaler.com\/wp-content\/uploads\/2026\/01\/extra-thick-steel-plates-16x12.webp 16w\" sizes=\"auto, (max-width: 720px) 100vw, 720px\" \/><figcaption class=\"wp-element-caption\">Placas de a\u00e7o extra espessas<\/figcaption><\/figure> <\/figure>    <h2 class=\"wp-block-heading\"><strong>Par\u00e2metros t\u00e9cnicos da m\u00e1quina de tritura\u00e7\u00e3o de metal<\/strong><\/h2>    <figure class=\"wp-block-table\"><table><tbody><tr><td>Modelo<\/td><td class=\"has-text-align-center\" data-align=\"center\">Poder<\/td><td class=\"has-text-align-center\" data-align=\"center\">Velocidade<\/td><td class=\"has-text-align-center\" data-align=\"center\">Capacidade<\/td><td class=\"has-text-align-center\" data-align=\"center\">Dimens\u00f5es<\/td><\/tr><tr><td>BDL-600<\/td><td class=\"has-text-align-center\" data-align=\"center\">18,5\u201322 kW<\/td><td class=\"has-text-align-center\" data-align=\"center\">860 r\/min<\/td><td class=\"has-text-align-center\" data-align=\"center\">600\u2013800 kg\/h<\/td><td class=\"has-text-align-center\" data-align=\"center\">2000\u00d71200\u00d71900 mm<\/td><\/tr><tr><td>BDL-800<\/td><td class=\"has-text-align-center\" data-align=\"center\">30\u201337 kW<\/td><td class=\"has-text-align-center\" data-align=\"center\">860 r\/min<\/td><td class=\"has-text-align-center\" data-align=\"center\">800\u20131000 kg\/h<\/td><td class=\"has-text-align-center\" data-align=\"center\">2200\u00d71500\u00d72200 mm<\/td><\/tr><tr><td>BDL-1000<\/td><td class=\"has-text-align-center\" data-align=\"center\">55\u201375 kW<\/td><td class=\"has-text-align-center\" data-align=\"center\">860 r\/min<\/td><td class=\"has-text-align-center\" data-align=\"center\">2500\u20133500 kg\/h<\/td><td class=\"has-text-align-center\" data-align=\"center\">2800\u00d71900\u00d73100 mm<\/td><\/tr><tr><td>BDL-1300<\/td><td class=\"has-text-align-center\" data-align=\"center\">90\u2013110 kW<\/td><td class=\"has-text-align-center\" data-align=\"center\">750 r\/min<\/td><td class=\"has-text-align-center\" data-align=\"center\">3500\u20135000 kg\/h<\/td><td class=\"has-text-align-center\" data-align=\"center\">3500\u00d72100\u00d73800 mm<\/td><\/tr><tr><td>BDL-1600<\/td><td class=\"has-text-align-center\" data-align=\"center\">110\u00d72 kW<\/td><td class=\"has-text-align-center\" data-align=\"center\">750 r\/min<\/td><td class=\"has-text-align-center\" data-align=\"center\">4000\u20138000 kg\/h<\/td><td class=\"has-text-align-center\" data-align=\"center\">4400\u00d72500\u00d74200 mm<\/td><\/tr><tr><td>BDL-1800<\/td><td class=\"has-text-align-center\" data-align=\"center\">160\u00d72 kW<\/td><td class=\"has-text-align-center\" data-align=\"center\">650 r\/min<\/td><td class=\"has-text-align-center\" data-align=\"center\">8000\u201312000 kg\/h<\/td><td class=\"has-text-align-center\" data-align=\"center\">4700\u00d72900\u00d74500 mm<\/td><\/tr><tr><td>BDL-2000<\/td><td class=\"has-text-align-center\" data-align=\"center\">220\u00d72 kW<\/td><td class=\"has-text-align-center\" data-align=\"center\">650 r\/min<\/td><td class=\"has-text-align-center\" data-align=\"center\">10000\u201318000 kg\/h<\/td><td class=\"has-text-align-center\" data-align=\"center\">5000\u00d73200\u00d74600 mm<\/td><\/tr><\/tbody><\/table><figcaption class=\"wp-element-caption\">par\u00e2metros da m\u00e1quina de tritura\u00e7\u00e3o de metal<\/figcaption><\/figure>    <p>Escolher o modelo de m\u00e1quina adequado requer considerar fatores como tamanho do material, espessura e produ\u00e7\u00e3o di\u00e1ria necess\u00e1ria. Se a m\u00e1quina for integrada numa linha de produ\u00e7\u00e3o, a taxa de tritura\u00e7\u00e3o e a velocidade geral da linha de produ\u00e7\u00e3o tamb\u00e9m devem ser considerados para uma integra\u00e7\u00e3o adequada.<\/p>    <p>A Shuliy possui pessoal de vendas dedicado que pode fornecer recomenda\u00e7\u00f5es com base nas suas necessidades espec\u00edficas. Se tiver requisitos adicionais de personaliza\u00e7\u00e3o (cor, estrutura, etc.), entre em contacto connosco para receber uma cota\u00e7\u00e3o gratuita e um servi\u00e7o personalizado.<\/p>    <figure class=\"wp-block-gallery has-nested-images columns-default is-cropped wp-block-gallery-3 is-layout-flex wp-block-gallery-is-layout-flex\"> <figure class=\"wp-block-image size-large\"><img loading=\"lazy\" decoding=\"async\" width=\"720\" height=\"540\" data-id=\"3467\" src=\"https:\/\/shuliybaler.com\/wp-content\/uploads\/2026\/01\/blue-metal-scrap-crusher.webp\" alt=\"triturador de sucata de metal azul\" class=\"wp-image-3467\" title=\"\" srcset=\"https:\/\/shuliybaler.com\/wp-content\/uploads\/2026\/01\/blue-metal-scrap-crusher.webp 720w, https:\/\/shuliybaler.com\/wp-content\/uploads\/2026\/01\/blue-metal-scrap-crusher-360x270.webp 360w, https:\/\/shuliybaler.com\/wp-content\/uploads\/2026\/01\/blue-metal-scrap-crusher-180x135.webp 180w, https:\/\/shuliybaler.com\/wp-content\/uploads\/2026\/01\/blue-metal-scrap-crusher-16x12.webp 16w\" sizes=\"auto, (max-width: 720px) 100vw, 720px\" \/><figcaption class=\"wp-element-caption\">Triturador de sucata de metal azul<\/figcaption><\/figure>    <figure class=\"wp-block-image size-large\"><img loading=\"lazy\" decoding=\"async\" width=\"720\" height=\"540\" data-id=\"3468\" src=\"https:\/\/shuliybaler.com\/wp-content\/uploads\/2026\/01\/white-crusher-for-metal.webp\" alt=\"triturador branco para metal\" class=\"wp-image-3468\" title=\"\" srcset=\"https:\/\/shuliybaler.com\/wp-content\/uploads\/2026\/01\/white-crusher-for-metal.webp 720w, https:\/\/shuliybaler.com\/wp-content\/uploads\/2026\/01\/white-crusher-for-metal-360x270.webp 360w, https:\/\/shuliybaler.com\/wp-content\/uploads\/2026\/01\/white-crusher-for-metal-180x135.webp 180w, https:\/\/shuliybaler.com\/wp-content\/uploads\/2026\/01\/white-crusher-for-metal-16x12.webp 16w\" sizes=\"auto, (max-width: 720px) 100vw, 720px\" \/><figcaption class=\"wp-element-caption\">Triturador branco para metal<\/figcaption><\/figure> <\/figure>    <h2 class=\"wp-block-heading\"><strong>Que tipos de materiais recicl\u00e1veis podem ser processados por este triturador?<\/strong><\/h2>    <p>As m\u00e1quinas de tritura\u00e7\u00e3o de metal da Shuliy s\u00e3o adequadas para processar v\u00e1rios tipos de sucata met\u00e1lica, incluindo:<\/p>    <ul class=\"wp-block-list\"> <li>Carro\u00e7arias achatadas e pe\u00e7as de carro desmontadas<\/li>    <li>Materiais leves com densidade \u22641 T\/m\u00b3 ap\u00f3s corte ou empacotamento<\/li>    <li>M\u00e1quinas de lavar antigas, frigor\u00edficos, ar condicionado, telhas de a\u00e7o colorido e outros eletrodom\u00e9sticos<\/li>    <li>Motociclos, ve\u00edculos el\u00e9tricos, bicicletas e suas partes de carro de sucata<\/li>    <li>Latas de alum\u00ednio de lixo, latas de tinta, alum\u00ednio de sucata e portas e janelas de alum\u00ednio quebradas (l\u00edquidos e tinta devem ser removidos)<\/li>    <li>Chapa de metal de sucata, a\u00e7o de sucata, ferro de sucata e outros metais de sucata<\/li> <\/ul>    <figure class=\"wp-block-gallery has-nested-images columns-default is-cropped wp-block-gallery-4 is-layout-flex wp-block-gallery-is-layout-flex\"> <figure class=\"wp-block-image size-large\"><img loading=\"lazy\" decoding=\"async\" width=\"720\" height=\"540\" data-id=\"3462\" src=\"https:\/\/shuliybaler.com\/wp-content\/uploads\/2026\/01\/hammer-type-crushing-machine.webp\" alt=\"m\u00e1quina de tritura\u00e7\u00e3o do tipo martelo\" class=\"wp-image-3462\" title=\"\" srcset=\"https:\/\/shuliybaler.com\/wp-content\/uploads\/2026\/01\/hammer-type-crushing-machine.webp 720w, https:\/\/shuliybaler.com\/wp-content\/uploads\/2026\/01\/hammer-type-crushing-machine-360x270.webp 360w, https:\/\/shuliybaler.com\/wp-content\/uploads\/2026\/01\/hammer-type-crushing-machine-180x135.webp 180w, https:\/\/shuliybaler.com\/wp-content\/uploads\/2026\/01\/hammer-type-crushing-machine-16x12.webp 16w\" sizes=\"auto, (max-width: 720px) 100vw, 720px\" \/><figcaption class=\"wp-element-caption\">M\u00e1quina de tritura\u00e7\u00e3o do tipo martelo<\/figcaption><\/figure>    <figure class=\"wp-block-image size-large\"><img loading=\"lazy\" decoding=\"async\" width=\"720\" height=\"540\" data-id=\"3461\" src=\"https:\/\/shuliybaler.com\/wp-content\/uploads\/2026\/01\/final-products-after-crushing.webp\" alt=\"final products after crushing\" class=\"wp-image-3461\" title=\"\" srcset=\"https:\/\/shuliybaler.com\/wp-content\/uploads\/2026\/01\/final-products-after-crushing.webp 720w, https:\/\/shuliybaler.com\/wp-content\/uploads\/2026\/01\/final-products-after-crushing-360x270.webp 360w, https:\/\/shuliybaler.com\/wp-content\/uploads\/2026\/01\/final-products-after-crushing-180x135.webp 180w, https:\/\/shuliybaler.com\/wp-content\/uploads\/2026\/01\/final-products-after-crushing-16x12.webp 16w\" sizes=\"auto, (max-width: 720px) 100vw, 720px\" \/><figcaption class=\"wp-element-caption\">Produtos finais ap\u00f3s tritura\u00e7\u00e3o<\/figcaption><\/figure> <\/figure>    <h2 class=\"wp-block-heading\">Contacte-nos para a \u00faltima quota!<\/h2>    <p>A maioria dos nossos clientes instala a m\u00e1quina de tritura\u00e7\u00e3o de metal ou a sua linha de produ\u00e7\u00e3o relacionada nas suas f\u00e1bricas de reciclagem de sucata, sider\u00fargicas ou fundi\u00e7\u00f5es. Ao processar os materiais, reduzem o volume, facilitando o transporte ou melhorando a efici\u00eancia da fundi\u00e7\u00e3o, aumentando assim o valor da sucata reciclada.<\/p>    <figure class=\"wp-block-gallery has-nested-images columns-default is-cropped wp-block-gallery-5 is-layout-flex wp-block-gallery-is-layout-flex\"> <figure class=\"wp-block-image size-large\"><img loading=\"lazy\" decoding=\"async\" width=\"720\" height=\"540\" data-id=\"3469\" src=\"https:\/\/shuliybaler.com\/wp-content\/uploads\/2026\/01\/clients-feedback.webp\" alt=\"feedback dos clientes\" class=\"wp-image-3469\" title=\"\" srcset=\"https:\/\/shuliybaler.com\/wp-content\/uploads\/2026\/01\/clients-feedback.webp 720w, https:\/\/shuliybaler.com\/wp-content\/uploads\/2026\/01\/clients-feedback-360x270.webp 360w, https:\/\/shuliybaler.com\/wp-content\/uploads\/2026\/01\/clients-feedback-180x135.webp 180w, https:\/\/shuliybaler.com\/wp-content\/uploads\/2026\/01\/clients-feedback-16x12.webp 16w\" sizes=\"auto, (max-width: 720px) 100vw, 720px\" \/><figcaption class=\"wp-element-caption\">Feedback dos clientes<\/figcaption><\/figure>    <figure class=\"wp-block-image size-large\"><img loading=\"lazy\" decoding=\"async\" width=\"720\" height=\"540\" data-id=\"3470\" src=\"https:\/\/shuliybaler.com\/wp-content\/uploads\/2026\/01\/metal-shredder-installation-case.webp\" alt=\"metal shredder  installation case\" class=\"wp-image-3470\" title=\"\" srcset=\"https:\/\/shuliybaler.com\/wp-content\/uploads\/2026\/01\/metal-shredder-installation-case.webp 720w, https:\/\/shuliybaler.com\/wp-content\/uploads\/2026\/01\/metal-shredder-installation-case-360x270.webp 360w, https:\/\/shuliybaler.com\/wp-content\/uploads\/2026\/01\/metal-shredder-installation-case-180x135.webp 180w, https:\/\/shuliybaler.com\/wp-content\/uploads\/2026\/01\/metal-shredder-installation-case-16x12.webp 16w\" sizes=\"auto, (max-width: 720px) 100vw, 720px\" \/><figcaption class=\"wp-element-caption\">Caso de instala\u00e7\u00e3o do triturador de metal<\/figcaption><\/figure> <\/figure>    <p>Se estiver interessado na nossa m\u00e1quina, entre em contacto connosco para a \u00faltima lista de pre\u00e7os e descontos. Os seguintes produtos podem ser utilizados em conjunto com esta m\u00e1quina de tritura\u00e7\u00e3o de metal: <\/p>    <ul class=\"wp-block-list\"> <li><a href=\"https:\/\/shuliybaler.com\/pt\/product\/steel-drum-shredder\/\">Triturador de tambor de a\u00e7o<\/a><\/li>    <li><a href=\"https:\/\/shuliybaler.com\/pt\/product\/scrap-metal-baler\/\">Enfardadeira de sucata<\/a><\/li> <\/ul>","protected":false},"excerpt":{"rendered":"<p>This high-efficiency metal shredder can be used to shred scrap metal, aluminum cans, household appliances, and steel. The shredded material is in the form of 3-10 cm spheres or segments, which facilitates packaging and other metal recycling processes.<\/p>","protected":false},"author":1,"featured_media":3460,"parent":0,"template":"","tags":[15],"product-type":[87],"class_list":["post-3448","product","type-product","status-publish","has-post-thumbnail","hentry","tag-metal","product-type-metal-recycling-machine"],"_links":{"self":[{"href":"https:\/\/shuliybaler.com\/pt\/wp-json\/wp\/v2\/product\/3448","targetHints":{"allow":["GET"]}}],"collection":[{"href":"https:\/\/shuliybaler.com\/pt\/wp-json\/wp\/v2\/product"}],"about":[{"href":"https:\/\/shuliybaler.com\/pt\/wp-json\/wp\/v2\/types\/product"}],"author":[{"embeddable":true,"href":"https:\/\/shuliybaler.com\/pt\/wp-json\/wp\/v2\/users\/1"}],"wp:featuredmedia":[{"embeddable":true,"href":"https:\/\/shuliybaler.com\/pt\/wp-json\/wp\/v2\/media\/3460"}],"wp:attachment":[{"href":"https:\/\/shuliybaler.com\/pt\/wp-json\/wp\/v2\/media?parent=3448"}],"wp:term":[{"taxonomy":"post_tag","embeddable":true,"href":"https:\/\/shuliybaler.com\/pt\/wp-json\/wp\/v2\/tags?post=3448"},{"taxonomy":"product-type","embeddable":true,"href":"https:\/\/shuliybaler.com\/pt\/wp-json\/wp\/v2\/product-type?post=3448"}],"curies":[{"name":"wp","href":"https:\/\/api.w.org\/{rel}","templated":true}]}}