{"id":3476,"date":"2026-01-08T14:24:56","date_gmt":"2026-01-08T06:24:56","guid":{"rendered":"https:\/\/shuliybaler.com\/?post_type=product&#038;p=3476"},"modified":"2026-01-09T13:37:25","modified_gmt":"2026-01-09T05:37:25","slug":"small-metal-shredder-for-waste-recycling","status":"publish","type":"product","link":"https:\/\/shuliybaler.com\/pt\/product\/small-metal-shredder-for-waste-recycling\/","title":{"rendered":"M\u00e1quina de tritura\u00e7\u00e3o de cart\u00e3o"},"content":{"rendered":"<p class=\"translation-block\">A<strong> pequena trituradora de metal<\/strong> \u00e9 adequada para aplica\u00e7\u00f5es que requerem tritura\u00e7\u00e3o eficiente em espa\u00e7os limitados. Apesar do seu tamanho compacto, esta trituradora apresenta capacidades poderosas de corte de eixo duplo, e as suas l\u00e2minas s\u00e3o feitas de material altamente resistente ao desgaste 9CrSi, tornando-a adequada para opera\u00e7\u00e3o cont\u00ednua a longo prazo.<\/p>    <figure class=\"wp-block-embed aligncenter is-type-video is-provider-youtube wp-block-embed-youtube wp-embed-aspect-16-9 wp-has-aspect-ratio\"><div class=\"wp-block-embed__wrapper\"> <iframe loading=\"lazy\" title=\"Dentro da nossa f\u00e1brica: Teste de funcionamento da pequena trituradora de metal | Compacta mas poderosa Contacto\uff1a 8617703863868\" width=\"500\" height=\"281\" src=\"https:\/\/www.youtube.com\/embed\/7L99OCIJPJc?feature=oembed\" frameborder=\"0\" allow=\"accelerometer; autoplay; clipboard-write; encrypted-media; gyroscope; picture-in-picture; web-share\" referrerpolicy=\"strict-origin-when-cross-origin\" allowfullscreen><\/iframe> <\/div><figcaption class=\"wp-element-caption\">v\u00eddeo de funcionamento da pequena trituradora de metal<\/figcaption><\/figure>    <h2 class=\"wp-block-heading\"><strong>Principais vantagens desta pequena trituradora de metal<\/strong><\/h2>    <ul class=\"wp-block-list\"> <li>A trituradora compacta Shuliy possui uma <strong>Estrutura compacta com dimens\u00f5es gerais de 1600 \u00d7 1000 \u00d7 1300 mm<\/strong>, which is suitable for small recycling centers, factory corners, and startup recycling projects with limited space. It doesn&#8217;t need a complex installation, significantly reducing installation costs.<\/li>    <li>A trituradora comercial \u00e9 acionada por <strong>um motor de 11kW e uma caixa de engrenagens de tipo 400<\/strong>, com uma velocidade de eixo t\u00e3o baixa quanto 8-11 rota\u00e7\u00f5es por minuto, proporcionando um torque poderoso enquanto mant\u00e9m opera\u00e7\u00f5es de tritura\u00e7\u00e3o est\u00e1veis e cont\u00ednuas. <\/li>    <li>A nossa pequena trituradora de metal utiliza um <strong>Estrutura de tritura\u00e7\u00e3o de eixo duplo<\/strong>, proporcionando for\u00e7as de cisalhamento, rasgamento e esmagamento poderosas. Equipado com 13 l\u00e2minas rotativas e 15 l\u00e2minas fixas, pode facilmente lidar com perfis met\u00e1licos leves e sucata met\u00e1lica mista. <\/li>    <li>Devido ao <strong>Arranjo preciso de l\u00e2minas e velocidade de rota\u00e7\u00e3o control\u00e1vel<\/strong>, o material acabado tem um tamanho de part\u00edcula pequeno e uniforme, tornando-o ideal para processamento secund\u00e1rio, classifica\u00e7\u00e3o e separa\u00e7\u00e3o de metais, e permitindo uma reciclagem a jusante mais eficiente e lucrativa.<\/li> <\/ul>   <div class=\"wp-block-image\"> <figure class=\"aligncenter size-large\"><img loading=\"lazy\" decoding=\"async\" width=\"720\" height=\"540\" src=\"https:\/\/shuliybaler.com\/wp-content\/uploads\/2026\/01\/waste-shredder.webp\" alt=\"\" class=\"wp-image-3485\" title=\"\" srcset=\"https:\/\/shuliybaler.com\/wp-content\/uploads\/2026\/01\/waste-shredder.webp 720w, https:\/\/shuliybaler.com\/wp-content\/uploads\/2026\/01\/waste-shredder-360x270.webp 360w, https:\/\/shuliybaler.com\/wp-content\/uploads\/2026\/01\/waste-shredder-180x135.webp 180w, https:\/\/shuliybaler.com\/wp-content\/uploads\/2026\/01\/waste-shredder-16x12.webp 16w\" sizes=\"auto, (max-width: 720px) 100vw, 720px\" \/><\/figure> <\/div>   <h2 class=\"wp-block-heading\"><strong>Por que investir numa pequena trituradora de metal?<\/strong><\/h2>    <p>Para pequenas f\u00e1bricas de reciclagem que desejam entrar ou expandir-se no mercado de reciclagem de metal com risco e custo controlados, investir numa pequena trituradora de metal \u00e9 uma escolha inteligente.<\/p>    <ol class=\"wp-block-list\"> <li>Em compara\u00e7\u00e3o com linhas de tritura\u00e7\u00e3o grandes, tem um custo de investimento inicial mais baixo.<\/li>    <li>A trituradora compacta oferece desempenho est\u00e1vel, custos de manuten\u00e7\u00e3o baixos e um retorno r\u00e1pido do investimento.<\/li>    <li>A nossa m\u00e1quina \u00e9 vers\u00e1til e pode ser usada com uma variedade de materiais met\u00e1licos.<\/li>    <li>\u00c9 f\u00e1cil de operar e manter, tornando-o adequado para pequenas equipas.<\/li> <\/ol>    <p>Para recicladores de pequena escala, fabricantes e comerciantes de sucata, esta m\u00e1quina oferece um equil\u00edbrio ideal entre desempenho, custo e escalabilidade.<\/p>   <div class=\"wp-block-image\"> <figure class=\"aligncenter size-large\"><img loading=\"lazy\" decoding=\"async\" width=\"720\" height=\"540\" src=\"https:\/\/shuliybaler.com\/wp-content\/uploads\/2026\/01\/cardboard-shredding-machine-1.webp\" alt=\"\" class=\"wp-image-3484\" title=\"\" srcset=\"https:\/\/shuliybaler.com\/wp-content\/uploads\/2026\/01\/cardboard-shredding-machine-1.webp 720w, https:\/\/shuliybaler.com\/wp-content\/uploads\/2026\/01\/cardboard-shredding-machine-1-360x270.webp 360w, https:\/\/shuliybaler.com\/wp-content\/uploads\/2026\/01\/cardboard-shredding-machine-1-180x135.webp 180w, https:\/\/shuliybaler.com\/wp-content\/uploads\/2026\/01\/cardboard-shredding-machine-1-16x12.webp 16w\" sizes=\"auto, (max-width: 720px) 100vw, 720px\" \/><\/figure> <\/div>   <h2 class=\"wp-block-heading\"><strong>Ampla gama de aplica\u00e7\u00f5es da m\u00e1quina de tritura\u00e7\u00e3o de metal compacta<\/strong><\/h2>    <p>Em f\u00e1bricas de reciclagem de sucata de tamanho pequeno e m\u00e9dio, este tipo de pequena trituradora de metal \u00e9 comumente usado como equipamento prim\u00e1rio ou pr\u00e9-triturador. Tritura sucata met\u00e1lica volumosa em peda\u00e7os menores e mais gerenci\u00e1veis, melhorando a efici\u00eancia de separa\u00e7\u00e3o antes da separa\u00e7\u00e3o magn\u00e9tica ou de uma tritura\u00e7\u00e3o adicional.<\/p>    <p>Oficinas de processamento de metal geram uma grande quantidade de sucata, aparas e pe\u00e7as defeituosas durante a produ\u00e7\u00e3o di\u00e1ria. Esta trituradora pode ajudar as oficinas a triturar res\u00edduos met\u00e1licos no local, reduzindo o espa\u00e7o de armazenamento e mantendo um ambiente de trabalho mais limpo e seguro. <\/p>    <p>Em esta\u00e7\u00f5es de recolha e transfer\u00eancia de sucata, \u00e9 dif\u00edcil lidar com v\u00e1rios tamanhos de res\u00edduos. Esta trituradora \u00e9 amplamente utilizada para reduzir o volume do material antes do transporte, padronizar tamanhos de sucata para facilitar o processamento por f\u00e1bricas de reciclagem a jusante, e melhorar a efici\u00eancia de carregamento e gest\u00e3o log\u00edstica.<\/p>    <figure class=\"wp-block-gallery has-nested-images columns-default is-cropped wp-block-gallery-2 is-layout-flex wp-block-gallery-is-layout-flex\"> <figure class=\"wp-block-image size-large\"><img loading=\"lazy\" decoding=\"async\" width=\"720\" height=\"540\" data-id=\"3488\" src=\"https:\/\/shuliybaler.com\/wp-content\/uploads\/2026\/01\/waste-recycling.webp\" alt=\"Reciclagem de lixo\" class=\"wp-image-3488\" title=\"\" srcset=\"https:\/\/shuliybaler.com\/wp-content\/uploads\/2026\/01\/waste-recycling.webp 720w, https:\/\/shuliybaler.com\/wp-content\/uploads\/2026\/01\/waste-recycling-360x270.webp 360w, https:\/\/shuliybaler.com\/wp-content\/uploads\/2026\/01\/waste-recycling-180x135.webp 180w, https:\/\/shuliybaler.com\/wp-content\/uploads\/2026\/01\/waste-recycling-16x12.webp 16w\" sizes=\"auto, (max-width: 720px) 100vw, 720px\" \/><figcaption class=\"wp-element-caption\">Reciclagem de res\u00edduos<\/figcaption><\/figure>    <figure class=\"wp-block-image size-large\"><img loading=\"lazy\" decoding=\"async\" width=\"720\" height=\"540\" data-id=\"3487\" src=\"https:\/\/shuliybaler.com\/wp-content\/uploads\/2026\/01\/metal-factory-scraps.webp\" alt=\"metal factory scraps\" class=\"wp-image-3487\" title=\"\" srcset=\"https:\/\/shuliybaler.com\/wp-content\/uploads\/2026\/01\/metal-factory-scraps.webp 720w, https:\/\/shuliybaler.com\/wp-content\/uploads\/2026\/01\/metal-factory-scraps-360x270.webp 360w, https:\/\/shuliybaler.com\/wp-content\/uploads\/2026\/01\/metal-factory-scraps-180x135.webp 180w, https:\/\/shuliybaler.com\/wp-content\/uploads\/2026\/01\/metal-factory-scraps-16x12.webp 16w\" sizes=\"auto, (max-width: 720px) 100vw, 720px\" \/><figcaption class=\"wp-element-caption\">Sucatas de f\u00e1bricas de metal<\/figcaption><\/figure> <\/figure>    <h2 class=\"wp-block-heading\"><strong>Par\u00e2metros t\u00e9cnicos da pequena trituradora de metal<\/strong><\/h2>    <figure class=\"wp-block-table\"><table class=\"has-fixed-layout\"><tbody><tr><td>Pot\u00eancia do motor<\/td><td>11 kW<\/td><\/tr><tr><td>Redutor<\/td><td>Tipo 400<\/td><\/tr><tr><td>Controlo el\u00e9trico<\/td><td>Gabinete de controlo de avan\u00e7o e revers\u00e3o<\/td><\/tr><tr><td>Material da l\u00e2mina<\/td><td>A\u00e7o ferramenta de trabalho a frio<\/td><\/tr><tr><td>Di\u00e2metro da l\u00e2mina<\/td><td>200 mm<\/td><\/tr><tr><td>Espessura da l\u00e2mina<\/td><td>30 mm<\/td><\/tr><tr><td>L\u00e2minas rotativas<\/td><td>13 pcs<\/td><\/tr><tr><td>L\u00e2minas fixas<\/td><td>15 pcs<\/td><\/tr><tr><td>Material de espa\u00e7ador<\/td><td>A\u00e7o ferramenta de trabalho a frio<\/td><\/tr><tr><td>Eixo<\/td><td>Temperado e revenido<\/td><\/tr><tr><td>Estrutura de tubo quadrado<\/td><td>80 \u00d7 80 mm<\/td><\/tr><tr><td>Dimens\u00e3o total<\/td><td>1600 \u00d7 1000 \u00d7 1300 mm<\/td><\/tr><tr><td>Velocidade do eixo rotativo<\/td><td>8\u201311 r\/min<\/td><\/tr><tr><td>Fonte de alimenta\u00e7\u00e3o<\/td><td>380 V trif\u00e1sico 50 Hz<\/td><\/tr><\/tbody><\/table><figcaption class=\"wp-element-caption\">Par\u00e2metros da trituradora de eixo duplo<\/figcaption><\/figure>    <p>Tamb\u00e9m oferecemos servi\u00e7os adicionais de personaliza\u00e7\u00e3o, incluindo cor, voltagem do motor e design da porta de descarga. Contacte os nossos especialistas para informa\u00e7\u00f5es mais detalhadas.<\/p>    <figure class=\"wp-block-gallery has-nested-images columns-default is-cropped wp-block-gallery-3 is-layout-flex wp-block-gallery-is-layout-flex\"> <figure class=\"wp-block-image size-large\"><img loading=\"lazy\" decoding=\"async\" width=\"720\" height=\"540\" data-id=\"3482\" src=\"https:\/\/shuliybaler.com\/wp-content\/uploads\/2026\/01\/metal-shredding-machine-with-wire-mesh.webp\" alt=\"m\u00e1quina de tritura\u00e7\u00e3o de metal com malha de arame\" class=\"wp-image-3482\" title=\"\" srcset=\"https:\/\/shuliybaler.com\/wp-content\/uploads\/2026\/01\/metal-shredding-machine-with-wire-mesh.webp 720w, https:\/\/shuliybaler.com\/wp-content\/uploads\/2026\/01\/metal-shredding-machine-with-wire-mesh-360x270.webp 360w, https:\/\/shuliybaler.com\/wp-content\/uploads\/2026\/01\/metal-shredding-machine-with-wire-mesh-180x135.webp 180w, https:\/\/shuliybaler.com\/wp-content\/uploads\/2026\/01\/metal-shredding-machine-with-wire-mesh-16x12.webp 16w\" sizes=\"auto, (max-width: 720px) 100vw, 720px\" \/><figcaption class=\"wp-element-caption\">M\u00e1quina de Tritura\u00e7\u00e3o de Metal com Malha de Arame<\/figcaption><\/figure>    <figure class=\"wp-block-image size-large\"><img loading=\"lazy\" decoding=\"async\" width=\"720\" height=\"540\" data-id=\"3481\" src=\"https:\/\/shuliybaler.com\/wp-content\/uploads\/2026\/01\/metal-shredder-with-discharge-ramp.webp\" alt=\"Trituradora de metal com rampa de descarga\" class=\"wp-image-3481\" title=\"\" srcset=\"https:\/\/shuliybaler.com\/wp-content\/uploads\/2026\/01\/metal-shredder-with-discharge-ramp.webp 720w, https:\/\/shuliybaler.com\/wp-content\/uploads\/2026\/01\/metal-shredder-with-discharge-ramp-360x270.webp 360w, https:\/\/shuliybaler.com\/wp-content\/uploads\/2026\/01\/metal-shredder-with-discharge-ramp-180x135.webp 180w, https:\/\/shuliybaler.com\/wp-content\/uploads\/2026\/01\/metal-shredder-with-discharge-ramp-16x12.webp 16w\" sizes=\"auto, (max-width: 720px) 100vw, 720px\" \/><figcaption class=\"wp-element-caption\">Trituradora de Metal com Rampa de Descarga<\/figcaption><\/figure> <\/figure>    <div class=\"wp-block-buttons is-content-justification-center is-layout-flex wp-container-core-buttons-is-layout-16018d1d wp-block-buttons-is-layout-flex\"> <div class=\"wp-block-button is-style-fill\"><a class=\"wp-block-button__link wp-element-button\" href=\"https:\/\/shuliybaler.com\/pt\/contact-us\/\">Or\u00e7amentos e consultas gratuitos<\/a><\/div> <\/div>    <h2 class=\"wp-block-heading\">Perguntas frequentes sobre a m\u00e1quina de triturar cart\u00e3o da Shuliy<\/h2>   <div id=\"rank-math-faq\" class=\"rank-math-block\"> <div class=\"rank-math-list\"> <div id=\"faq-question-1767838623961\" class=\"rank-math-list-item\"> <h3 class=\"rank-math-question\"><strong>Que tipos de metal esta pequena trituradora pode processar?<\/strong><\/h3> <div class=\"rank-math-answer\">  <p>\u00c9 adequada para sucata met\u00e1lica leve, chapas de a\u00e7o finas, alum\u00ednio e pequenas pe\u00e7as met\u00e1licas.<\/p>  <\/div> <\/div> <div id=\"faq-question-1767838661033\" class=\"rank-math-list-item\"> <h3 class=\"rank-math-question\"><strong>Esta trituradora \u00e9 adequada para opera\u00e7\u00e3o cont\u00ednua?<\/strong><\/h3> <div class=\"rank-math-answer\">  <p>O design de baixa velocidade e alto torque garante que a m\u00e1quina possa operar continuamente por per\u00edodos prolongados.<\/p>  <\/div> <\/div> <div id=\"faq-question-1767838838592\" class=\"rank-math-list-item\"> <h3 class=\"rank-math-question\"><strong>Qual \u00e9 a espessura m\u00e1xima de metal que esta m\u00e1quina pode triturar?<\/strong><\/h3> <div class=\"rank-math-answer\">  <p>Esta m\u00e1quina \u00e9 adequada para processar materiais met\u00e1licos finos e de espessura m\u00e9dia. Para materiais mais espessos ou mais duros, geralmente recomendamos pr\u00e9-corte ou a escolha de um modelo de trituradora maior.<\/p>  <\/div> <\/div> <div id=\"faq-question-1767838937857\" class=\"rank-math-list-item\"> <h3 class=\"rank-math-question\"><strong>Como manter a trituradora?<\/strong><\/h3> <div class=\"rank-math-answer\">  <p>Inspecione regularmente os parafusos das l\u00e2minas e os componentes el\u00e9tricos, e lubrifique os rolamentos.<\/p>  <\/div> <\/div> <div id=\"faq-question-1767839135772\" class=\"rank-math-list-item\"> <h3 class=\"rank-math-question\"><strong>Que servi\u00e7os p\u00f3s-venda oferecem?<\/strong><\/h3> <div class=\"rank-math-answer\">  <p>Orienta\u00e7\u00e3o de instala\u00e7\u00e3o, fornecimento de pe\u00e7as de reposi\u00e7\u00e3o a longo prazo, e suporte t\u00e9cnico individualizado para quest\u00f5es relacionadas com a m\u00e1quina.<\/p>  <\/div> <\/div> <\/div> <\/div>   <p>Esta trituradora de metal compacta apresenta uma pegada pequena, alta efici\u00eancia e capacidades poderosas de tritura\u00e7\u00e3o de eixo duplo, produzindo um produto finamente granulado. Alcan\u00e7a um equil\u00edbrio perfeito entre desempenho e custo.<\/p>    <p>Para instala\u00e7\u00f5es de reciclagem de pequena escala ou f\u00e1bricas que desejam produzir produtos met\u00e1licos de valor acrescentado, investir nesta trituradora de metal compacta \u00e9 uma escolha inteligente e vision\u00e1ria.<\/p>   <div class=\"wp-block-image\"> <figure class=\"aligncenter size-full\"><img loading=\"lazy\" decoding=\"async\" width=\"720\" height=\"540\" src=\"https:\/\/shuliybaler.com\/wp-content\/uploads\/2026\/01\/double-shaft-shredder.webp\" alt=\"triturador de eixo duplo\" class=\"wp-image-3483\" title=\"\" srcset=\"https:\/\/shuliybaler.com\/wp-content\/uploads\/2026\/01\/double-shaft-shredder.webp 720w, https:\/\/shuliybaler.com\/wp-content\/uploads\/2026\/01\/double-shaft-shredder-360x270.webp 360w, https:\/\/shuliybaler.com\/wp-content\/uploads\/2026\/01\/double-shaft-shredder-180x135.webp 180w, https:\/\/shuliybaler.com\/wp-content\/uploads\/2026\/01\/double-shaft-shredder-16x12.webp 16w\" sizes=\"auto, (max-width: 720px) 100vw, 720px\" \/><figcaption class=\"wp-element-caption\">triturador de eixo duplo<\/figcaption><\/figure> <\/div>   <p>We also offer other models of shredders. If you find this model&#8217;s output not mmet your needs, you can check out these other options:<\/p>    <ul class=\"wp-block-list\"> <li><a href=\"https:\/\/shuliybaler.com\/pt\/product\/steel-drum-shredder\/\">Triturador de barris de a\u00e7o de 1400<\/a><\/li>    <li><a href=\"https:\/\/shuliybaler.com\/pt\/product\/scrap-copper-wire-shredder\/\">Triturador de fios de cobre de sucata de 600<\/a><\/li> <\/ul>","protected":false},"excerpt":{"rendered":"<p>This compact metal shredder has a compact size and can easily shred waste materials into small pieces, significantly reducing space and operating costs. It is ideal for recycling facilities with limited budgets or small workspaces.<\/p>","protected":false},"author":1,"featured_media":3496,"parent":0,"template":"","tags":[15],"product-type":[46],"class_list":["post-3476","product","type-product","status-publish","has-post-thumbnail","hentry","tag-metal","product-type-metal-shredder"],"_links":{"self":[{"href":"https:\/\/shuliybaler.com\/pt\/wp-json\/wp\/v2\/product\/3476","targetHints":{"allow":["GET"]}}],"collection":[{"href":"https:\/\/shuliybaler.com\/pt\/wp-json\/wp\/v2\/product"}],"about":[{"href":"https:\/\/shuliybaler.com\/pt\/wp-json\/wp\/v2\/types\/product"}],"author":[{"embeddable":true,"href":"https:\/\/shuliybaler.com\/pt\/wp-json\/wp\/v2\/users\/1"}],"wp:featuredmedia":[{"embeddable":true,"href":"https:\/\/shuliybaler.com\/pt\/wp-json\/wp\/v2\/media\/3496"}],"wp:attachment":[{"href":"https:\/\/shuliybaler.com\/pt\/wp-json\/wp\/v2\/media?parent=3476"}],"wp:term":[{"taxonomy":"post_tag","embeddable":true,"href":"https:\/\/shuliybaler.com\/pt\/wp-json\/wp\/v2\/tags?post=3476"},{"taxonomy":"product-type","embeddable":true,"href":"https:\/\/shuliybaler.com\/pt\/wp-json\/wp\/v2\/product-type?post=3476"}],"curies":[{"name":"wp","href":"https:\/\/api.w.org\/{rel}","templated":true}]}}