{"id":3515,"date":"2026-02-03T17:28:38","date_gmt":"2026-02-03T09:28:38","guid":{"rendered":"https:\/\/shuliybaler.com\/?post_type=product&#038;p=3515"},"modified":"2026-02-04T10:19:49","modified_gmt":"2026-02-04T02:19:49","slug":"copper-cable-granulator","status":"publish","type":"product","link":"https:\/\/shuliybaler.com\/pt\/product\/copper-cable-granulator\/","title":{"rendered":"Granulador de Cabos de Cobre | Solu\u00e7\u00e3o de Reciclagem de Fios de Cobre"},"content":{"rendered":"<p class=\"translation-block\">O <strong>granulador de cabos de cobre<\/strong> \u00e9 utilizado para processar cabos de cobre e fios de cobre de res\u00edduos. Separa eficientemente part\u00edculas de cobre puro da camada de isolamento pl\u00e1stico atrav\u00e9s de tritura\u00e7\u00e3o, separa\u00e7\u00e3o por ar e separa\u00e7\u00e3o por gravidade, transformando cabos de res\u00edduos em materiais recicl\u00e1veis de alto valor.<\/p>    <p>O produto final tem uma pureza de cobre de at\u00e9 99,5%, com uma produ\u00e7\u00e3o hor\u00e1ria variando entre 100 e 1000 kg. A Shuliy recomenda usar uma linha de produ\u00e7\u00e3o para processamento de alto volume, ou equip\u00e1-la com equipamento de sele\u00e7\u00e3o eletrost\u00e1tica para separar qualquer cobre residual do pl\u00e1stico.<\/p>    <figure class=\"wp-block-embed aligncenter is-type-video is-provider-youtube wp-block-embed-youtube wp-embed-aspect-16-9 wp-has-aspect-ratio\"><div class=\"wp-block-embed__wrapper\"> <iframe loading=\"lazy\" title=\"Processo completo de trabalho desde o fio de sucata at\u00e9 os gr\u00e2nulos de cobre Contacto:  8617703863868\" width=\"500\" height=\"281\" src=\"https:\/\/www.youtube.com\/embed\/2RHgzwLOTtU?feature=oembed\" frameborder=\"0\" allow=\"accelerometer; autoplay; clipboard-write; encrypted-media; gyroscope; picture-in-picture; web-share\" referrerpolicy=\"strict-origin-when-cross-origin\" allowfullscreen><\/iframe> <\/div><figcaption class=\"wp-element-caption\">v\u00eddeo de funcionamento do granulador de fios de cobre<\/figcaption><\/figure>    <h2 class=\"wp-block-heading\"><strong>Por que escolher o granulador de cabos de cobre Shuliy?<\/strong><\/h2>    <ol class=\"wp-block-list\"> <li>O granulador de reciclagem de cobre recupera cobre com uma pureza superior a 99,5%, podendo ser equipado com um dispositivo de separa\u00e7\u00e3o eletrost\u00e1tica para alcan\u00e7ar uma recupera\u00e7\u00e3o de 100% de cobre.<\/li>    <li>O granulador de cobre da Shuliy adota uma estrutura integrada, ocupando uma \u00e1rea pequena, f\u00e1cil de instalar e altamente m\u00f3vel.<\/li>    <li>Esta m\u00e1quina est\u00e1 equipada com um sistema de controlo PLC, permitindo que um operador gerencie todo o processo de produ\u00e7\u00e3o.<\/li>    <li>O nosso dispositivo de tritura\u00e7\u00e3o desta m\u00e1quina de separa\u00e7\u00e3o de fios de cobre usa l\u00e2minas de liga SKD-11 (dureza HR58) para garantir uma excelente resist\u00eancia ao desgaste e resist\u00eancia.<\/li>    <li>A m\u00e1quina inteira funciona de forma totalmente fechada, com um dispositivo de remo\u00e7\u00e3o de p\u00f3 por jato de pulso para evitar a polui\u00e7\u00e3o secund\u00e1ria.<\/li> <\/ol>   <div class=\"wp-block-image\"> <figure class=\"aligncenter size-full\"><img loading=\"lazy\" decoding=\"async\" width=\"720\" height=\"540\" src=\"https:\/\/shuliybaler.com\/wp-content\/uploads\/2026\/02\/copper-cable-granulator-machine.webp\" alt=\"M\u00e1quina de granulador de cabos de cobre\" class=\"wp-image-3529\" title=\"\" srcset=\"https:\/\/shuliybaler.com\/wp-content\/uploads\/2026\/02\/copper-cable-granulator-machine.webp 720w, https:\/\/shuliybaler.com\/wp-content\/uploads\/2026\/02\/copper-cable-granulator-machine-360x270.webp 360w, https:\/\/shuliybaler.com\/wp-content\/uploads\/2026\/02\/copper-cable-granulator-machine-180x135.webp 180w, https:\/\/shuliybaler.com\/wp-content\/uploads\/2026\/02\/copper-cable-granulator-machine-16x12.webp 16w\" sizes=\"auto, (max-width: 720px) 100vw, 720px\" \/><figcaption class=\"wp-element-caption\">M\u00e1quina de granulador de cabos de cobre<\/figcaption><\/figure> <\/div>   <h2 class=\"wp-block-heading\"><strong>Princ\u00edpio de funcionamento da m\u00e1quina industrial de granulador de fios de cobre<\/strong><\/h2>    <p class=\"translation-block\"><strong>Passo 1<\/strong>: Cabos e fios de cobre de res\u00edduos s\u00e3o alimentados na trituradora, onde as l\u00e2minas de liga SKD-11 quebram o material em part\u00edculas uniformes.<\/p>    <p class=\"translation-block\"><strong>Passo 2<\/strong>: Um sistema de classifica\u00e7\u00e3o por fluxo de ar e pneum\u00e1tico separa as part\u00edculas de pl\u00e1stico mais leves das part\u00edculas de cobre mais pesadas.<\/p>    <p class=\"translation-block\"><strong>Passo 3<\/strong>: A tecnologia de separa\u00e7\u00e3o por flota\u00e7\u00e3o de ar por gravidade separa precisamente o cobre e o pl\u00e1stico com base nas diferen\u00e7as de densidade.<\/p>    <p class=\"translation-block\"><strong>Passo 4<\/strong>: Um sistema totalmente fechado combinado com um coletor de p\u00f3 por pulso remove eficazmente o p\u00f3 gerado durante a opera\u00e7\u00e3o.<\/p>    <p class=\"translation-block\"><strong>Passo 5<\/strong>: Part\u00edculas de cobre e pl\u00e1stico s\u00e3o coletadas e descarregadas de duas sa\u00eddas diferentes.<\/p>    <h2 class=\"wp-block-heading\"><strong>Aplica\u00e7\u00f5es de granuladores de cabos de cobre<\/strong><\/h2>    <p>Granuladores de cabos de cobre s\u00e3o amplamente utilizados na ind\u00fastria de reciclagem e regenera\u00e7\u00e3o de metais, incluindo:<\/p>    <ul class=\"wp-block-list\"> <li>Reciclagem de fios e cabos de cobre de res\u00edduos<\/li>    <li>Reciclagem de fios de alum\u00ednio e cabos de metais mistos<\/li>    <li>Tritura\u00e7\u00e3o e classifica\u00e7\u00e3o de v\u00e1rios fios de res\u00edduos<\/li>    <li>Separa\u00e7\u00e3o de cobre, alum\u00ednio e ferro de radiadores de cobre-alum\u00ednio<\/li> <\/ul>    <p>Os gr\u00e2nulos de cobre puro e os gr\u00e2nulos de pl\u00e1stico produzidos podem ser reprocessados separadamente ou vendidos diretamente \u00e0 f\u00e1brica de tratamento de res\u00edduos.<\/p>    <figure class=\"wp-block-gallery has-nested-images columns-default is-cropped wp-block-gallery-2 is-layout-flex wp-block-gallery-is-layout-flex\"> <figure class=\"wp-block-image size-large\"><img loading=\"lazy\" decoding=\"async\" width=\"720\" height=\"540\" data-id=\"3520\" src=\"https:\/\/shuliybaler.com\/wp-content\/uploads\/2026\/02\/materials-can-be-processed.webp\" alt=\"materials can be processed\" class=\"wp-image-3520\" title=\"\" srcset=\"https:\/\/shuliybaler.com\/wp-content\/uploads\/2026\/02\/materials-can-be-processed.webp 720w, https:\/\/shuliybaler.com\/wp-content\/uploads\/2026\/02\/materials-can-be-processed-360x270.webp 360w, https:\/\/shuliybaler.com\/wp-content\/uploads\/2026\/02\/materials-can-be-processed-180x135.webp 180w, https:\/\/shuliybaler.com\/wp-content\/uploads\/2026\/02\/materials-can-be-processed-16x12.webp 16w\" sizes=\"auto, (max-width: 720px) 100vw, 720px\" \/><figcaption class=\"wp-element-caption\">Materiais podem ser processados<\/figcaption><\/figure>    <figure class=\"wp-block-image size-large\"><img loading=\"lazy\" decoding=\"async\" width=\"720\" height=\"540\" data-id=\"3519\" src=\"https:\/\/shuliybaler.com\/wp-content\/uploads\/2026\/02\/finished-product-of-copper-cable-granulator.webp\" alt=\"finished product of copper cable granulator\" class=\"wp-image-3519\" title=\"\" srcset=\"https:\/\/shuliybaler.com\/wp-content\/uploads\/2026\/02\/finished-product-of-copper-cable-granulator.webp 720w, https:\/\/shuliybaler.com\/wp-content\/uploads\/2026\/02\/finished-product-of-copper-cable-granulator-360x270.webp 360w, https:\/\/shuliybaler.com\/wp-content\/uploads\/2026\/02\/finished-product-of-copper-cable-granulator-180x135.webp 180w, https:\/\/shuliybaler.com\/wp-content\/uploads\/2026\/02\/finished-product-of-copper-cable-granulator-16x12.webp 16w\" sizes=\"auto, (max-width: 720px) 100vw, 720px\" \/><figcaption class=\"wp-element-caption\">Produto acabado do granulador de cabos de cobre<\/figcaption><\/figure> <\/figure>    <h2 class=\"wp-block-heading\"><strong>Par\u00e2metros t\u00e9cnicos do granulador de cabos de cobre<\/strong><\/h2>    <figure class=\"wp-block-table\"><table><tbody><tr><td>Modelo<\/td><td>Dimens\u00e3o<\/td><td>Triturador<\/td><td>Transporte de ar<\/td><td>Classifica\u00e7\u00e3o por vento<\/td><td>Coleta de p\u00f3<\/td><td>Sa\u00edda<\/td><td>Peso<\/td><\/tr><tr><td>SL-400<\/td><td>2000\u00d71850\u00d72600mm<\/td><td>15kw<\/td><td>N\/A<\/td><td>0,75   22kw<\/td><td>0,75kw<\/td><td>100\u2013150kg\/h<\/td><td>1800kg<\/td><\/tr><tr><td>SL-600<\/td><td>4200\u00d71900\u00d73800mm<\/td><td>37kw<\/td><td>3<\/td><td>3,75kw<\/td><td>2,2kw<\/td><td>300\u2013400kg\/h<\/td><td>3500kg<\/td><\/tr><tr><td>SL-1000<\/td><td>5180\u00d72100\u00d74200mm<\/td><td>45kw<\/td><td>4<\/td><td>3,75kw<\/td><td>3kw<\/td><td>800\u20131000kg\/h<\/td><td>4600kg<\/td><\/tr><\/tbody><\/table><figcaption class=\"wp-element-caption\">Especifica\u00e7\u00e3o do granulador de cabos de cobre<\/figcaption><\/figure>    <p>Escolher um modelo com base no volume de produ\u00e7\u00e3o real \u00e9 uma boa abordagem, mas se precisar de encontrar o mais adequado, recomenda-se aconselhamento profissional. Se tiver alguma d\u00favida sobre a m\u00e1quina, n\u00e3o hesite em contactar-nos para aconselhamento personalizado.<\/p>    <p>Se precisar de equipamento com maior rendimento ou maior automa\u00e7\u00e3o, tamb\u00e9m oferecemos solu\u00e7\u00f5es de projeto e fabrica\u00e7\u00e3o de linhas de m\u00e1quinas.<\/p>   <div class=\"wp-block-image\"> <figure class=\"aligncenter size-full\"><img loading=\"lazy\" decoding=\"async\" width=\"720\" height=\"540\" src=\"https:\/\/shuliybaler.com\/wp-content\/uploads\/2026\/02\/best-copper-wire-granulator.webp\" alt=\"melhor granulador de fios de cobre\" class=\"wp-image-3530\" title=\"\" srcset=\"https:\/\/shuliybaler.com\/wp-content\/uploads\/2026\/02\/best-copper-wire-granulator.webp 720w, https:\/\/shuliybaler.com\/wp-content\/uploads\/2026\/02\/best-copper-wire-granulator-360x270.webp 360w, https:\/\/shuliybaler.com\/wp-content\/uploads\/2026\/02\/best-copper-wire-granulator-180x135.webp 180w, https:\/\/shuliybaler.com\/wp-content\/uploads\/2026\/02\/best-copper-wire-granulator-16x12.webp 16w\" sizes=\"auto, (max-width: 720px) 100vw, 720px\" \/><figcaption class=\"wp-element-caption\">melhor granulador de fios de cobre<\/figcaption><\/figure> <\/div>   <h2 class=\"wp-block-heading\"><strong>Configura\u00e7\u00e3o da linha de produ\u00e7\u00e3o de granulador de fios de cobre<\/strong><\/h2>    <p>Dependendo dos diferentes requisitos de capacidade e condi\u00e7\u00f5es do local, os granuladores de fios de cobre podem ser configurados como solu\u00e7\u00f5es integradas de pequena capacidade ou linhas de produ\u00e7\u00e3o industriais de grande capacidade.<\/p>    <h3 class=\"wp-block-heading\"><strong>Granulador de fios de cobre integrado de 400kg\/h<\/strong><\/h3>    <p class=\"translation-block\"><strong>Processo de produ\u00e7\u00e3o:<\/strong><\/p>    <p>Tritura\u00e7\u00e3o   Separador por gravidade   Coletor de p\u00f3 de press\u00e3o negativa (Design integrado)<\/p>    <p class=\"translation-block\"><strong>Caracter\u00edsticas:<\/strong><\/p>    <ol class=\"wp-block-list\"> <li>Tritura\u00e7\u00e3o e separa\u00e7\u00e3o integradas<\/li>    <li>Pegada extremamente pequena<\/li>    <li>F\u00e1cil instala\u00e7\u00e3o, arranque r\u00e1pido<\/li>    <li>Adequado para oficinas, pequenos centros de reciclagem e startups<\/li> <\/ol>    <figure class=\"wp-block-gallery has-nested-images columns-default is-cropped wp-block-gallery-3 is-layout-flex wp-block-gallery-is-layout-flex\"> <figure class=\"wp-block-image size-large\"><img loading=\"lazy\" decoding=\"async\" width=\"720\" height=\"540\" data-id=\"3522\" src=\"https:\/\/shuliybaler.com\/wp-content\/uploads\/2026\/02\/400-type1-copper-wire-separator-machine.webp\" alt=\"M\u00e1quina separadora de fios de cobre tipo 1 de 400\" class=\"wp-image-3522\" title=\"\" srcset=\"https:\/\/shuliybaler.com\/wp-content\/uploads\/2026\/02\/400-type1-copper-wire-separator-machine.webp 720w, https:\/\/shuliybaler.com\/wp-content\/uploads\/2026\/02\/400-type1-copper-wire-separator-machine-360x270.webp 360w, https:\/\/shuliybaler.com\/wp-content\/uploads\/2026\/02\/400-type1-copper-wire-separator-machine-180x135.webp 180w, https:\/\/shuliybaler.com\/wp-content\/uploads\/2026\/02\/400-type1-copper-wire-separator-machine-16x12.webp 16w\" sizes=\"auto, (max-width: 720px) 100vw, 720px\" \/><figcaption class=\"wp-element-caption\">M\u00e1quina Separadora de Fios de Cobre Tipo 400<\/figcaption><\/figure>    <figure class=\"wp-block-image size-large\"><img loading=\"lazy\" decoding=\"async\" width=\"720\" height=\"540\" data-id=\"3523\" src=\"https:\/\/shuliybaler.com\/wp-content\/uploads\/2026\/02\/copper-wire-chopper-granulator.webp\" alt=\"Granulador de cortador de fios de cobre\" class=\"wp-image-3523\" title=\"\" srcset=\"https:\/\/shuliybaler.com\/wp-content\/uploads\/2026\/02\/copper-wire-chopper-granulator.webp 720w, https:\/\/shuliybaler.com\/wp-content\/uploads\/2026\/02\/copper-wire-chopper-granulator-360x270.webp 360w, https:\/\/shuliybaler.com\/wp-content\/uploads\/2026\/02\/copper-wire-chopper-granulator-180x135.webp 180w, https:\/\/shuliybaler.com\/wp-content\/uploads\/2026\/02\/copper-wire-chopper-granulator-16x12.webp 16w\" sizes=\"auto, (max-width: 720px) 100vw, 720px\" \/><figcaption class=\"wp-element-caption\">Granulador de cortador de fios de cobre<\/figcaption><\/figure> <\/figure>    <p>Tamb\u00e9m temos outro tipo de linha de produ\u00e7\u00e3o com capacidade de 400 kg\/h, que n\u00e3o \u00e9 integrada e \u00e9 adequada para recicladores com requisitos de maior precis\u00e3o.<\/p>   <div class=\"wp-block-image\"> <figure class=\"aligncenter size-full\"><img loading=\"lazy\" decoding=\"async\" width=\"720\" height=\"540\" src=\"https:\/\/shuliybaler.com\/wp-content\/uploads\/2026\/02\/400-type-2-small-copper-wire-granulating-line.webp\" alt=\"Linha de granulador de fios de cobre pequena tipo 2 de 400\" class=\"wp-image-3521\" title=\"\" srcset=\"https:\/\/shuliybaler.com\/wp-content\/uploads\/2026\/02\/400-type-2-small-copper-wire-granulating-line.webp 720w, https:\/\/shuliybaler.com\/wp-content\/uploads\/2026\/02\/400-type-2-small-copper-wire-granulating-line-360x270.webp 360w, https:\/\/shuliybaler.com\/wp-content\/uploads\/2026\/02\/400-type-2-small-copper-wire-granulating-line-180x135.webp 180w, https:\/\/shuliybaler.com\/wp-content\/uploads\/2026\/02\/400-type-2-small-copper-wire-granulating-line-16x12.webp 16w\" sizes=\"auto, (max-width: 720px) 100vw, 720px\" \/><figcaption class=\"wp-element-caption\">Linha de granulador de fios de cobre pequena tipo 2 de 400<\/figcaption><\/figure> <\/div>   <h3 class=\"wp-block-heading\"><strong>Linha de produ\u00e7\u00e3o de granulador de fios de cobre de 600kg\/h<\/strong><\/h3>    <p class=\"translation-block\"><strong>Processo de produ\u00e7\u00e3o:<\/strong><\/p>    <p>Tritura\u00e7\u00e3o \u2192 Alimenta\u00e7\u00e3o por tubo \u2192 Separador de gravidade \u2192 Coletor de p\u00f3 com ciclone \u2192 Coletor de p\u00f3 por jato de pulso<\/p>    <p class=\"translation-block\"><strong>Vantagens:<\/strong><\/p>    <ol class=\"wp-block-list\"> <li>Em compara\u00e7\u00e3o com dispositivos de uma s\u00f3 pe\u00e7a, oferece desempenho de separa\u00e7\u00e3o superior.<\/li>    <li>Estrutura modular, f\u00e1cil de atualizar.<\/li>    <li>Transporte por tubula\u00e7\u00e3o para melhor coleta de p\u00f3.<\/li> <\/ol>    <figure class=\"wp-block-gallery has-nested-images columns-default is-cropped wp-block-gallery-4 is-layout-flex wp-block-gallery-is-layout-flex\"> <figure class=\"wp-block-image size-large\"><img loading=\"lazy\" decoding=\"async\" width=\"720\" height=\"540\" data-id=\"3526\" src=\"https:\/\/shuliybaler.com\/wp-content\/uploads\/2026\/02\/600-type-granulator-for-copper-wire-recycling.webp\" alt=\"Granulador de cobre de tipo 600 para reciclagem de fios de cobre\" class=\"wp-image-3526\" title=\"\" srcset=\"https:\/\/shuliybaler.com\/wp-content\/uploads\/2026\/02\/600-type-granulator-for-copper-wire-recycling.webp 720w, https:\/\/shuliybaler.com\/wp-content\/uploads\/2026\/02\/600-type-granulator-for-copper-wire-recycling-360x270.webp 360w, https:\/\/shuliybaler.com\/wp-content\/uploads\/2026\/02\/600-type-granulator-for-copper-wire-recycling-180x135.webp 180w, https:\/\/shuliybaler.com\/wp-content\/uploads\/2026\/02\/600-type-granulator-for-copper-wire-recycling-16x12.webp 16w\" sizes=\"auto, (max-width: 720px) 100vw, 720px\" \/><figcaption class=\"wp-element-caption\">Granulador de Tipo 600 para Reciclagem de Fios de Cobre<\/figcaption><\/figure>    <figure class=\"wp-block-image size-large\"><img loading=\"lazy\" decoding=\"async\" width=\"720\" height=\"540\" data-id=\"3524\" src=\"https:\/\/shuliybaler.com\/wp-content\/uploads\/2026\/02\/copper-recycling-production-line.webp\" alt=\"linha de produ\u00e7\u00e3o de reciclagem de cobre\" class=\"wp-image-3524\" title=\"\" srcset=\"https:\/\/shuliybaler.com\/wp-content\/uploads\/2026\/02\/copper-recycling-production-line.webp 720w, https:\/\/shuliybaler.com\/wp-content\/uploads\/2026\/02\/copper-recycling-production-line-360x270.webp 360w, https:\/\/shuliybaler.com\/wp-content\/uploads\/2026\/02\/copper-recycling-production-line-180x135.webp 180w, https:\/\/shuliybaler.com\/wp-content\/uploads\/2026\/02\/copper-recycling-production-line-16x12.webp 16w\" sizes=\"auto, (max-width: 720px) 100vw, 720px\" \/><figcaption class=\"wp-element-caption\">Linha de produ\u00e7\u00e3o de reciclagem de cobre<\/figcaption><\/figure> <\/figure>    <h3 class=\"wp-block-heading\"><strong>Linha de produ\u00e7\u00e3o de granulador de cabos de cobre de 1000kg\/h<\/strong><\/h3>    <p>Esta configura\u00e7\u00e3o \u00e9 adequada para grandes plantas de reciclagem e projetos industriais de reciclagem de cabos de cobre.<\/p>    <p class=\"translation-block\"><strong>Processo de produ\u00e7\u00e3o:<\/strong><\/p>    <p>Transportador \u2192 Triturador \u2192 Transportador \u2192 Granulador de cabos de cobre \u2192 Separa\u00e7\u00e3o eletrost\u00e1tica \u2192 Coletor de p\u00f3 por pulso<\/p>    <figure class=\"wp-block-embed aligncenter is-type-video is-provider-youtube wp-block-embed-youtube wp-embed-aspect-16-9 wp-has-aspect-ratio\"><div class=\"wp-block-embed__wrapper\"> <iframe loading=\"lazy\" title=\"Processo Completo de Reciclagem desde sucata at\u00e9 cobre puro Contacto:\" width=\"500\" height=\"281\" src=\"https:\/\/www.youtube.com\/embed\/XWF21qKhQAI?feature=oembed\" frameborder=\"0\" allow=\"accelerometer; autoplay; clipboard-write; encrypted-media; gyroscope; picture-in-picture; web-share\" referrerpolicy=\"strict-origin-when-cross-origin\" allowfullscreen><\/iframe> <\/div><figcaption class=\"wp-element-caption\">Funcionamento da linha de produ\u00e7\u00e3o de granulagem de cabos de cobre <\/figcaption><\/figure>    <p class=\"translation-block\"><strong>Fluxo do processo:<\/strong><\/p>    <ol class=\"wp-block-list\"> <li>Pe\u00e7as grandes de cabos de cobre de res\u00edduos s\u00e3o primeiro trituradas em peda\u00e7os menores.<\/li>    <li>Estas pe\u00e7as s\u00e3o transportadas at\u00e9 ao granulador de cabos de cobre por uma correia transportadora, onde se tornam gr\u00e2nulos de cobre e pl\u00e1stico.<\/li>    <li>O material triturado \u00e9 ent\u00e3o transportado por tubula\u00e7\u00f5es para um sistema de separa\u00e7\u00e3o por gravidade.<\/li>    <li>Granulados de cobre e de pl\u00e1stico s\u00e3o separados com base nas suas diferen\u00e7as de densidade.<\/li>    <li>Um coletor de p\u00f3 por pulso captura o p\u00f3 fino, garantindo opera\u00e7\u00e3o limpa.<\/li>    <li>A unidade de separa\u00e7\u00e3o eletrost\u00e1tica recupera ainda mais o p\u00f3 residual de cobre do pl\u00e1stico, maximizando a pureza do cobre.<\/li> <\/ol>    <figure class=\"wp-block-gallery has-nested-images columns-default is-cropped wp-block-gallery-5 is-layout-flex wp-block-gallery-is-layout-flex\"> <figure class=\"wp-block-image size-large\"><img loading=\"lazy\" decoding=\"async\" width=\"720\" height=\"540\" data-id=\"3528\" src=\"https:\/\/shuliybaler.com\/wp-content\/uploads\/2026\/02\/1000-type-copper-wire-granulator-separator.webp\" alt=\"Separador de fios de cobre de tipo 1000\" class=\"wp-image-3528\" title=\"\" srcset=\"https:\/\/shuliybaler.com\/wp-content\/uploads\/2026\/02\/1000-type-copper-wire-granulator-separator.webp 720w, https:\/\/shuliybaler.com\/wp-content\/uploads\/2026\/02\/1000-type-copper-wire-granulator-separator-360x270.webp 360w, https:\/\/shuliybaler.com\/wp-content\/uploads\/2026\/02\/1000-type-copper-wire-granulator-separator-180x135.webp 180w, https:\/\/shuliybaler.com\/wp-content\/uploads\/2026\/02\/1000-type-copper-wire-granulator-separator-16x12.webp 16w\" sizes=\"auto, (max-width: 720px) 100vw, 720px\" \/><figcaption class=\"wp-element-caption\">Separador de granulador de fios de cobre de tipo 1000<\/figcaption><\/figure>    <figure class=\"wp-block-image size-large\"><img loading=\"lazy\" decoding=\"async\" width=\"720\" height=\"540\" data-id=\"3527\" src=\"https:\/\/shuliybaler.com\/wp-content\/uploads\/2026\/02\/copper-wire-separating-production-line.webp\" alt=\"linha de produ\u00e7\u00e3o de separa\u00e7\u00e3o de fios de cobre\" class=\"wp-image-3527\" title=\"\" srcset=\"https:\/\/shuliybaler.com\/wp-content\/uploads\/2026\/02\/copper-wire-separating-production-line.webp 720w, https:\/\/shuliybaler.com\/wp-content\/uploads\/2026\/02\/copper-wire-separating-production-line-360x270.webp 360w, https:\/\/shuliybaler.com\/wp-content\/uploads\/2026\/02\/copper-wire-separating-production-line-180x135.webp 180w, https:\/\/shuliybaler.com\/wp-content\/uploads\/2026\/02\/copper-wire-separating-production-line-16x12.webp 16w\" sizes=\"auto, (max-width: 720px) 100vw, 720px\" \/><figcaption class=\"wp-element-caption\">Linha de produ\u00e7\u00e3o de separa\u00e7\u00e3o de fios de cobre<\/figcaption><\/figure> <\/figure>    <p class=\"translation-block\"><strong>Vantagens:<\/strong><\/p>    <ul class=\"wp-block-list\"> <li>Alto rendimento e desempenho est\u00e1vel<\/li>    <li>A pureza de recupera\u00e7\u00e3o de cobre \u00e9 pr\u00f3xima de 100%<\/li>    <li>Perda m\u00ednima de cobre do pl\u00e1stico<\/li>    <li>Adequado para opera\u00e7\u00e3o cont\u00ednua e a longo prazo<\/li> <\/ul>    <h2 class=\"wp-block-heading\"><strong>Como escolher a linha de produ\u00e7\u00e3o de granulador de cabos de cobre adequada?<\/strong><\/h2>    <ul class=\"wp-block-list\"> <li>Para espa\u00e7o limitado e baixo investimento, escolha uma linha de produ\u00e7\u00e3o de granulador de cabos de cobre integrada.<\/li>    <li>Para volumes de produ\u00e7\u00e3o menores, mas com maior precis\u00e3o de separa\u00e7\u00e3o, escolha uma linha de produ\u00e7\u00e3o de pequena capacidade.<\/li>    <li>Para reciclagem de grande volume e maior pureza do produto, utilize uma linha de produ\u00e7\u00e3o de grande capacidade com separa\u00e7\u00e3o eletrost\u00e1tica.<\/li> <\/ul>    <p>A Shuliy pode fornecer solu\u00e7\u00f5es personalizadas de granulamento de cabos de cobre com base nas suas mat\u00e9rias-primas e requisitos de produ\u00e7\u00e3o, incluindo layout da linha de produ\u00e7\u00e3o, planeamento de capacidade e configura\u00e7\u00e3o de equipamentos. Contacte-nos para a \u00faltima lista de pre\u00e7os.<\/p>   <div class=\"wp-block-image\"> <figure class=\"aligncenter size-full\"><img loading=\"lazy\" decoding=\"async\" width=\"720\" height=\"374\" src=\"https:\/\/shuliybaler.com\/wp-content\/uploads\/2026\/02\/shuliy-cooperation-with-customer-around-the-world.webp\" alt=\"shuliy cooperation with customer around the world\" class=\"wp-image-3532\" title=\"\" srcset=\"https:\/\/shuliybaler.com\/wp-content\/uploads\/2026\/02\/shuliy-cooperation-with-customer-around-the-world.webp 720w, https:\/\/shuliybaler.com\/wp-content\/uploads\/2026\/02\/shuliy-cooperation-with-customer-around-the-world-360x187.webp 360w, https:\/\/shuliybaler.com\/wp-content\/uploads\/2026\/02\/shuliy-cooperation-with-customer-around-the-world-18x9.webp 18w\" sizes=\"auto, (max-width: 720px) 100vw, 720px\" \/><figcaption class=\"wp-element-caption\">coopera\u00e7\u00e3o da Shuliy com clientes em todo o mundo<\/figcaption><\/figure> <\/div>   <p>M\u00e1quinas relacionadas: <\/p>    <ul class=\"wp-block-list\"> <li><a href=\"https:\/\/shuliybaler.com\/pt\/product\/metal-briquetting-machine\/\">M\u00e1quina de prensagem de chips de metal de sucata<\/a><\/li>    <li><a href=\"https:\/\/shuliybaler.com\/pt\/product\/metal-crusher-machine-metal-recycling\/\">M\u00e1quina de triturador de metal<\/a><\/li>    <li><a href=\"https:\/\/shuliybaler.com\/pt\/product\/scrap-copper-wire-shredder\/\">Triturador de sucata de fio de cobre<\/a><\/li> <\/ul>","protected":false},"excerpt":{"rendered":"<p>This copper wire granulator is designed to recycle waste copper wire and produce high-purity copper granules (99.5%), achieving maximum recycling of copper wire. Its hourly output can reach 100-1000 kg.<\/p>","protected":false},"author":1,"featured_media":3531,"parent":0,"template":"","tags":[90,15],"product-type":[87],"class_list":["post-3515","product","type-product","status-publish","has-post-thumbnail","hentry","tag-copper","tag-metal","product-type-metal-recycling-machine"],"_links":{"self":[{"href":"https:\/\/shuliybaler.com\/pt\/wp-json\/wp\/v2\/product\/3515","targetHints":{"allow":["GET"]}}],"collection":[{"href":"https:\/\/shuliybaler.com\/pt\/wp-json\/wp\/v2\/product"}],"about":[{"href":"https:\/\/shuliybaler.com\/pt\/wp-json\/wp\/v2\/types\/product"}],"author":[{"embeddable":true,"href":"https:\/\/shuliybaler.com\/pt\/wp-json\/wp\/v2\/users\/1"}],"wp:featuredmedia":[{"embeddable":true,"href":"https:\/\/shuliybaler.com\/pt\/wp-json\/wp\/v2\/media\/3531"}],"wp:attachment":[{"href":"https:\/\/shuliybaler.com\/pt\/wp-json\/wp\/v2\/media?parent=3515"}],"wp:term":[{"taxonomy":"post_tag","embeddable":true,"href":"https:\/\/shuliybaler.com\/pt\/wp-json\/wp\/v2\/tags?post=3515"},{"taxonomy":"product-type","embeddable":true,"href":"https:\/\/shuliybaler.com\/pt\/wp-json\/wp\/v2\/product-type?post=3515"}],"curies":[{"name":"wp","href":"https:\/\/api.w.org\/{rel}","templated":true}]}}