{"id":3585,"date":"2026-03-09T14:25:53","date_gmt":"2026-03-09T06:25:53","guid":{"rendered":"https:\/\/shuliybaler.com\/?post_type=product&#038;p=3585"},"modified":"2026-03-09T14:59:19","modified_gmt":"2026-03-09T06:59:19","slug":"eddy-current-separator","status":"publish","type":"product","link":"https:\/\/shuliybaler.com\/pt\/product\/eddy-current-separator\/","title":{"rendered":"Separador de Corrente de Foucault para Reciclagem de Metais N\u00e3o Ferrosos"},"content":{"rendered":"<p class=\"translation-block\">Shuliy <strong>separador de correntes de Eddy<\/strong> foi projetado para separar metais n\u00e3o ferrosos como alum\u00ednio, cobre e a\u00e7o inoxid\u00e1vel de materiais n\u00e3o met\u00e1licos. Este equipamento utiliza o princ\u00edpio da indu\u00e7\u00e3o eletromagn\u00e9tica para separar eficientemente materiais de res\u00edduos mistos.<\/p>    <p>A sua capacidade \u00e9 de 4-15 toneladas por hora, podendo ser integrada de forma eficaz em linhas de reciclagem de autom\u00f3veis e desmontagem, bem como em linhas de processamento de res\u00edduos eletr\u00f3nicos, melhorando significativamente a efici\u00eancia da reciclagem.<\/p>    <h2 class=\"wp-block-heading\"><strong>Vantagens e precau\u00e7\u00f5es do separador de metais n\u00e3o ferrosos<\/strong><\/h2>    <p>Este separador de correntes de Eddy para metais n\u00e3o ferrosos pode separar eficientemente v\u00e1rios metais n\u00e3o ferrosos em opera\u00e7\u00f5es de reciclagem. A sua for\u00e7a repulsiva forte permite separar materiais de diferentes tamanhos de part\u00edculas, dependendo da dire\u00e7\u00e3o do rolo magn\u00e9tico, com as seguintes caracter\u00edsticas b\u00e1sicas.<\/p>    <ul class=\"wp-block-list\"> <li>Alta efici\u00eancia de separa\u00e7\u00e3o<\/li>    <li>Estrutura mec\u00e2nica fi\u00e1vel<\/li>    <li>Opera\u00e7\u00e3o e instala\u00e7\u00e3o f\u00e1ceis<\/li> <\/ul>    <p>Tem forte adaptabilidade a diferentes materiais reciclados, mas ao usar este equipamento, por favor, observe o seguinte:<\/p>    <ul class=\"wp-block-list\"> <li>N\u00e3o adequado para separar metais ferrosos como ferro.<\/li>    <li>N\u00e3o adequado para part\u00edculas de metais n\u00e3o ferrosos extremamente finas.<\/li>    <li>Para desempenho \u00f3timo, o tamanho e a forma do material devem ser relativamente uniformes.<\/li> <\/ul>    <figure class=\"wp-block-gallery has-nested-images columns-default is-cropped wp-block-gallery-2 is-layout-flex wp-block-gallery-is-layout-flex\"> <figure class=\"wp-block-image size-large\"><img loading=\"lazy\" decoding=\"async\" width=\"720\" height=\"540\" data-id=\"3590\" src=\"https:\/\/shuliybaler.com\/wp-content\/uploads\/2026\/03\/eddy-current-non-ferrous-metal-separator.webp\" alt=\"Separador de metais n\u00e3o ferrosos por correntes de Eddy\" class=\"wp-image-3590\" title=\"\" srcset=\"https:\/\/shuliybaler.com\/wp-content\/uploads\/2026\/03\/eddy-current-non-ferrous-metal-separator.webp 720w, https:\/\/shuliybaler.com\/wp-content\/uploads\/2026\/03\/eddy-current-non-ferrous-metal-separator-360x270.webp 360w, https:\/\/shuliybaler.com\/wp-content\/uploads\/2026\/03\/eddy-current-non-ferrous-metal-separator-180x135.webp 180w, https:\/\/shuliybaler.com\/wp-content\/uploads\/2026\/03\/eddy-current-non-ferrous-metal-separator-16x12.webp 16w\" sizes=\"auto, (max-width: 720px) 100vw, 720px\" \/><figcaption class=\"wp-element-caption\">Separador de metais n\u00e3o ferrosos por correntes de Eddy<\/figcaption><\/figure>    <figure class=\"wp-block-image size-large\"><img loading=\"lazy\" decoding=\"async\" width=\"720\" height=\"540\" data-id=\"3591\" src=\"https:\/\/shuliybaler.com\/wp-content\/uploads\/2026\/03\/eddy-current-separator-recycling.webp\" alt=\"Reciclagem com separador de correntes de Eddy\" class=\"wp-image-3591\" title=\"\" srcset=\"https:\/\/shuliybaler.com\/wp-content\/uploads\/2026\/03\/eddy-current-separator-recycling.webp 720w, https:\/\/shuliybaler.com\/wp-content\/uploads\/2026\/03\/eddy-current-separator-recycling-360x270.webp 360w, https:\/\/shuliybaler.com\/wp-content\/uploads\/2026\/03\/eddy-current-separator-recycling-180x135.webp 180w, https:\/\/shuliybaler.com\/wp-content\/uploads\/2026\/03\/eddy-current-separator-recycling-16x12.webp 16w\" sizes=\"auto, (max-width: 720px) 100vw, 720px\" \/><figcaption class=\"wp-element-caption\">Reciclagem com separador de correntes de Eddy<\/figcaption><\/figure> <\/figure>    <h2 class=\"wp-block-heading\"><strong>: Princ\u00edpio de funcionamento do separador de correntes de Eddy exc\u00eantrico<\/strong><\/h2>    <p>Os separadores de correntes de Eddy operam com base na indu\u00e7\u00e3o eletromagn\u00e9tica. Dentro da m\u00e1quina, um rotor magn\u00e9tico de alta velocidade gera um campo magn\u00e9tico que muda rapidamente. Quando metais condutores como alum\u00ednio ou cobre passam por este campo magn\u00e9tico, s\u00e3o geradas correntes de Eddy dentro do metal.<\/p>    <p>Estas correntes de Eddy geram um campo magn\u00e9tico reverso, criando uma for\u00e7a repulsiva forte. Assim, metais n\u00e3o ferromagn\u00e9ticos s\u00e3o lan\u00e7ados para frente e separados de outros materiais.<\/p>    <p>Simultaneamente, materiais n\u00e3o condutores como pl\u00e1sticos, borracha e vidro caem por gravidade, atingindo uma separa\u00e7\u00e3o eficiente de metais.<\/p>    <h2 class=\"wp-block-heading\"><strong>Design estrutural do separador de correntes de Eddy<\/strong><\/h2>    <p>: O separador de alum\u00ednio apresenta uma estrutura modular, permitindo f\u00e1cil integra\u00e7\u00e3o em novas f\u00e1bricas de reciclagem e linhas de processamento de metais existentes. Os principais componentes estruturais incluem:<\/p>    <ol class=\"wp-block-list\"> <li><strong>Alimentador vibrat\u00f3rio<\/strong>: Respons\u00e1vel por alimentar de forma uniforme o material no sistema de triagem, mantendo um fornecimento est\u00e1vel e cont\u00ednuo de material, melhorando assim a precis\u00e3o da separa\u00e7\u00e3o de metais.<\/li>    <li><strong>Sistema de correia transportadora<\/strong>: Transporta res\u00edduos mistos at\u00e9 ao rotor magn\u00e9tico a uma velocidade est\u00e1vel e control\u00e1vel.<\/li>    <li><strong>Rotor magn\u00e9tico de alta velocidade<\/strong>: O rotor magn\u00e9tico \u00e9 o componente central do separador de correntes de Eddy. Cont\u00e9m uma s\u00e9rie de \u00edm\u00e3s permanentes de alta velocidade, poderosos, dispostos em um padr\u00e3o especial.<\/li>    <li><strong>Divisores de separa\u00e7\u00e3o<\/strong>: Separar o material em diferentes \u00e1reas de recolha.<\/li>    <li>Estrutura do quadro: Constru\u00edda com a\u00e7o de alta resist\u00eancia para garantir boa durabilidade e resist\u00eancia \u00e0 vibra\u00e7\u00e3o.<\/li>    <li><strong>Arm\u00e1rio de controlo inteligente<\/strong>: O sistema de controlo central da m\u00e1quina.<\/li>    <li><strong>Prote\u00e7\u00e3o do sistema magn\u00e9tico<\/strong>: Impede que componentes magn\u00e9ticos se soltem ou caiam durante a rota\u00e7\u00e3o de alta velocidade.<\/li> <\/ol>    <figure class=\"wp-block-gallery has-nested-images columns-default is-cropped wp-block-gallery-3 is-layout-flex wp-block-gallery-is-layout-flex\"> <figure class=\"wp-block-image size-large\"><img loading=\"lazy\" decoding=\"async\" width=\"720\" height=\"540\" data-id=\"3593\" src=\"https:\/\/shuliybaler.com\/wp-content\/uploads\/2026\/03\/eccentric-eddy-current-separator.webp\" alt=\"Separador de correntes de Eddy exc\u00eantrico\" class=\"wp-image-3593\" title=\"\" srcset=\"https:\/\/shuliybaler.com\/wp-content\/uploads\/2026\/03\/eccentric-eddy-current-separator.webp 720w, https:\/\/shuliybaler.com\/wp-content\/uploads\/2026\/03\/eccentric-eddy-current-separator-360x270.webp 360w, https:\/\/shuliybaler.com\/wp-content\/uploads\/2026\/03\/eccentric-eddy-current-separator-180x135.webp 180w, https:\/\/shuliybaler.com\/wp-content\/uploads\/2026\/03\/eccentric-eddy-current-separator-16x12.webp 16w\" sizes=\"auto, (max-width: 720px) 100vw, 720px\" \/><figcaption class=\"wp-element-caption\">Separador de Correntes de Eddy exc\u00eantrico<\/figcaption><\/figure>    <figure class=\"wp-block-image size-large\"><img loading=\"lazy\" decoding=\"async\" width=\"720\" height=\"540\" data-id=\"3592\" src=\"https:\/\/shuliybaler.com\/wp-content\/uploads\/2026\/03\/eddy-current-aluminum-separation.webp\" alt=\"Separa\u00e7\u00e3o de alum\u00ednio por correntes de Eddy\" class=\"wp-image-3592\" title=\"\" srcset=\"https:\/\/shuliybaler.com\/wp-content\/uploads\/2026\/03\/eddy-current-aluminum-separation.webp 720w, https:\/\/shuliybaler.com\/wp-content\/uploads\/2026\/03\/eddy-current-aluminum-separation-360x270.webp 360w, https:\/\/shuliybaler.com\/wp-content\/uploads\/2026\/03\/eddy-current-aluminum-separation-180x135.webp 180w, https:\/\/shuliybaler.com\/wp-content\/uploads\/2026\/03\/eddy-current-aluminum-separation-16x12.webp 16w\" sizes=\"auto, (max-width: 720px) 100vw, 720px\" \/><figcaption class=\"wp-element-caption\">Separa\u00e7\u00e3o de alum\u00ednio por correntes de Eddy<\/figcaption><\/figure> <\/figure>    <h2 class=\"wp-block-heading\"><strong>Par\u00e2metros t\u00e9cnicos da m\u00e1quina de separa\u00e7\u00e3o de alum\u00ednio<\/strong><\/h2>    <figure class=\"wp-block-table\"><table><thead><tr><th>Modelo<\/th><th class=\"has-text-align-center\" data-align=\"center\">Velocidade de rota\u00e7\u00e3o <\/th><th class=\"has-text-align-center\" data-align=\"center\">Largura da correia <\/th><th class=\"has-text-align-center\" data-align=\"center\">Capacidade<\/th><th class=\"has-text-align-center\" data-align=\"center\">Poder<\/th><th class=\"has-text-align-center\" data-align=\"center\">Peso<\/th><th>Dimens\u00f5es<\/th><\/tr><\/thead><tbody><tr><td>600<\/td><td class=\"has-text-align-center\" data-align=\"center\">0\u20133000r\/min<\/td><td class=\"has-text-align-center\" data-align=\"center\">650mm<\/td><td class=\"has-text-align-center\" data-align=\"center\">4\u20136t\/h<\/td><td class=\"has-text-align-center\" data-align=\"center\">4.0 0.75kw<\/td><td class=\"has-text-align-center\" data-align=\"center\">1400kg<\/td><td>2980\u00d71883\u00d71210mm<\/td><\/tr><tr><td>800<\/td><td class=\"has-text-align-center\" data-align=\"center\">0\u20133000r\/min<\/td><td class=\"has-text-align-center\" data-align=\"center\">850mm<\/td><td class=\"has-text-align-center\" data-align=\"center\">6\u201310t\/h<\/td><td class=\"has-text-align-center\" data-align=\"center\">5.5 1.1kw<\/td><td class=\"has-text-align-center\" data-align=\"center\">1800kg<\/td><td>2980\u00d72033\u00d71210mm<\/td><\/tr><tr><td>1000<\/td><td class=\"has-text-align-center\" data-align=\"center\">0\u20133000r\/min<\/td><td class=\"has-text-align-center\" data-align=\"center\">1050mm<\/td><td class=\"has-text-align-center\" data-align=\"center\">10\u201312t\/h<\/td><td class=\"has-text-align-center\" data-align=\"center\">7.5 1.5kw<\/td><td class=\"has-text-align-center\" data-align=\"center\">2200kg<\/td><td>2980\u00d72233\u00d71210mm<\/td><\/tr><tr><td>1200<\/td><td class=\"has-text-align-center\" data-align=\"center\">0\u20133000r\/min<\/td><td class=\"has-text-align-center\" data-align=\"center\">1250mm<\/td><td class=\"has-text-align-center\" data-align=\"center\">12\u201315t\/h<\/td><td class=\"has-text-align-center\" data-align=\"center\">11 2.2kw<\/td><td class=\"has-text-align-center\" data-align=\"center\">2400kg<\/td><td>2980\u00d72433\u00d71210mm<\/td><\/tr><\/tbody><\/table><figcaption class=\"wp-element-caption\">par\u00e2metros do separador de correntes de Eddy da Shuliy<\/figcaption><\/figure>    <p>Modelos diferentes podem ser selecionados com base no tamanho do material, capacidade de processamento e requisitos da linha de produ\u00e7\u00e3o. <\/p>    <p>Alternativamente, pode fornecer-nos as mat\u00e9rias-primas que deseja processar ou os seus requisitos de capacidade de produ\u00e7\u00e3o, e a nossa equipa de vendas profissional recomendar\u00e1 a m\u00e1quina mais adequada \u00e0s suas necessidades espec\u00edficas.<\/p>   <div class=\"wp-block-image\"> <figure class=\"aligncenter size-full\"><img loading=\"lazy\" decoding=\"async\" width=\"720\" height=\"540\" src=\"https:\/\/shuliybaler.com\/wp-content\/uploads\/2026\/03\/eddy-current-metal-separator.webp\" alt=\"Separador de metais por correntes de Eddy\" class=\"wp-image-3594\" title=\"\" srcset=\"https:\/\/shuliybaler.com\/wp-content\/uploads\/2026\/03\/eddy-current-metal-separator.webp 720w, https:\/\/shuliybaler.com\/wp-content\/uploads\/2026\/03\/eddy-current-metal-separator-360x270.webp 360w, https:\/\/shuliybaler.com\/wp-content\/uploads\/2026\/03\/eddy-current-metal-separator-180x135.webp 180w, https:\/\/shuliybaler.com\/wp-content\/uploads\/2026\/03\/eddy-current-metal-separator-16x12.webp 16w\" sizes=\"auto, (max-width: 720px) 100vw, 720px\" \/><figcaption class=\"wp-element-caption\">Separador de metais por correntes de Eddy<\/figcaption><\/figure> <\/div>   <h2 class=\"wp-block-heading\"><strong>Aplica\u00e7\u00f5es do separador de metais n\u00e3o ferrosos por correntes de Eddy<\/strong><\/h2>    <p>Separadores de correntes de Eddy s\u00e3o amplamente utilizados em v\u00e1rias ind\u00fastrias, incluindo reciclagem de metais e recupera\u00e7\u00e3o de recursos de res\u00edduos.<\/p>    <ol class=\"wp-block-list\"> <li>Separadores de reciclagem de metais s\u00e3o comumente utilizados em plantas de tratamento de res\u00edduos s\u00f3lidos urbanos para recuperar alum\u00ednio e outros metais valiosos de res\u00edduos dom\u00e9sticos e industriais.<\/li>    <li>Em f\u00e1bricas de desmontagem de autom\u00f3veis, os separadores de correntes de Eddy podem recuperar cobre, alum\u00ednio e a\u00e7o inoxid\u00e1vel de materiais de ve\u00edculos triturados.<\/li>    <li>\u00c9 adequado para recuperar metais n\u00e3o ferrosos de res\u00edduos eletr\u00f3nicos, motores usados e equipamentos el\u00e9tricos.<\/li>    <li>Al\u00e9m disso, na ind\u00fastria de fundi\u00e7\u00e3o de metais, as m\u00e1quinas de separa\u00e7\u00e3o de alum\u00ednio podem recuperar alum\u00ednio e cobre de areia de fundi\u00e7\u00e3o de cobre e alum\u00ednio e cinzas de fus\u00e3o.<\/li>    <li>O separador de metais n\u00e3o ferrosos \u00e9 particularmente adequado para recuperar alum\u00ednio de portas e janelas de alum\u00ednio descartadas, com falhas t\u00e9rmicas.<\/li> <\/ol>   <div class=\"wp-block-image\"> <figure class=\"aligncenter size-full\"><img loading=\"lazy\" decoding=\"async\" width=\"720\" height=\"540\" src=\"https:\/\/shuliybaler.com\/wp-content\/uploads\/2026\/03\/refrigerator-recycling-production-line.webp\" alt=\"linha de reciclagem de frigor\u00edficos\" class=\"wp-image-3595\" title=\"\" srcset=\"https:\/\/shuliybaler.com\/wp-content\/uploads\/2026\/03\/refrigerator-recycling-production-line.webp 720w, https:\/\/shuliybaler.com\/wp-content\/uploads\/2026\/03\/refrigerator-recycling-production-line-360x270.webp 360w, https:\/\/shuliybaler.com\/wp-content\/uploads\/2026\/03\/refrigerator-recycling-production-line-180x135.webp 180w, https:\/\/shuliybaler.com\/wp-content\/uploads\/2026\/03\/refrigerator-recycling-production-line-16x12.webp 16w\" sizes=\"auto, (max-width: 720px) 100vw, 720px\" \/><figcaption class=\"wp-element-caption\">linha de reciclagem de frigor\u00edficos<\/figcaption><\/figure> <\/div>   <p>Al\u00e9m disso, na maioria das f\u00e1bricas de reciclagem, os separadores de alum\u00ednio s\u00e3o parte integrante de uma linha de produ\u00e7\u00e3o completa de reciclagem de metais. Uma configura\u00e7\u00e3o t\u00edpica inclui:<\/p>    <ul class=\"wp-block-list\"> <li><a href=\"https:\/\/shuliybaler.com\/pt\/product\/metal-crusher-machine-metal-recycling\/\">Triturador de metal<\/a> ou triturador<\/li>    <li>Separador magn\u00e9tico (para remo\u00e7\u00e3o de metais ferrosos)<\/li>    <li>Separador de Correntes de Eddy<\/li> <\/ul>    <figure class=\"wp-block-gallery has-nested-images columns-default is-cropped wp-block-gallery-4 is-layout-flex wp-block-gallery-is-layout-flex\"> <figure class=\"wp-block-image size-large\"><img loading=\"lazy\" decoding=\"async\" width=\"720\" height=\"540\" data-id=\"3597\" src=\"https:\/\/shuliybaler.com\/wp-content\/uploads\/2026\/03\/aluminum-window-frame-recycling.webp\" alt=\"aluminum window frame recycling\" class=\"wp-image-3597\" title=\"\" srcset=\"https:\/\/shuliybaler.com\/wp-content\/uploads\/2026\/03\/aluminum-window-frame-recycling.webp 720w, https:\/\/shuliybaler.com\/wp-content\/uploads\/2026\/03\/aluminum-window-frame-recycling-360x270.webp 360w, https:\/\/shuliybaler.com\/wp-content\/uploads\/2026\/03\/aluminum-window-frame-recycling-180x135.webp 180w, https:\/\/shuliybaler.com\/wp-content\/uploads\/2026\/03\/aluminum-window-frame-recycling-16x12.webp 16w\" sizes=\"auto, (max-width: 720px) 100vw, 720px\" \/><figcaption class=\"wp-element-caption\">Reciclagem de caixilhos de alum\u00ednio<\/figcaption><\/figure>    <figure class=\"wp-block-image size-large\"><img loading=\"lazy\" decoding=\"async\" width=\"720\" height=\"540\" data-id=\"3596\" src=\"https:\/\/shuliybaler.com\/wp-content\/uploads\/2026\/03\/thermal-break-aluminum-recycling-line.webp\" alt=\"m\u00e1quina de tritura\u00e7\u00e3o de metal scrap\" class=\"wp-image-3596\" title=\"\" srcset=\"https:\/\/shuliybaler.com\/wp-content\/uploads\/2026\/03\/thermal-break-aluminum-recycling-line.webp 720w, https:\/\/shuliybaler.com\/wp-content\/uploads\/2026\/03\/thermal-break-aluminum-recycling-line-360x270.webp 360w, https:\/\/shuliybaler.com\/wp-content\/uploads\/2026\/03\/thermal-break-aluminum-recycling-line-180x135.webp 180w, https:\/\/shuliybaler.com\/wp-content\/uploads\/2026\/03\/thermal-break-aluminum-recycling-line-16x12.webp 16w\" sizes=\"auto, (max-width: 720px) 100vw, 720px\" \/><figcaption class=\"wp-element-caption\">Linha de reciclagem de alum\u00ednio com falha t\u00e9rmica<\/figcaption><\/figure> <\/figure>    <p>Este sistema recupera eficientemente ferro, alum\u00ednio, cobre e outros metais valiosos de res\u00edduos mistos.<\/p>    <p>The specific production line configuration will be determined based on the raw materials to be processed and the customer&#8217;s requirements for the final product. If you need metal recycling for scrap materials, contact us to design a custom solution!<\/p>","protected":false},"excerpt":{"rendered":"<p>This eddy current separator is designed to efficiently separate non-ferrous metals such as aluminum and copper from mixed recycling materials. It is widely used in waste treatment plants, scrap vehicle recycling, electronic waste processing, and metal recovery industries. With intelligent control, strong magnetic repulsion, and high sorting efficiency, it helps improve metal recovery rates and production efficiency.<\/p>","protected":false},"author":1,"featured_media":3589,"parent":0,"template":"","tags":[15],"product-type":[87],"class_list":["post-3585","product","type-product","status-publish","has-post-thumbnail","hentry","tag-metal","product-type-metal-recycling-machine"],"_links":{"self":[{"href":"https:\/\/shuliybaler.com\/pt\/wp-json\/wp\/v2\/product\/3585","targetHints":{"allow":["GET"]}}],"collection":[{"href":"https:\/\/shuliybaler.com\/pt\/wp-json\/wp\/v2\/product"}],"about":[{"href":"https:\/\/shuliybaler.com\/pt\/wp-json\/wp\/v2\/types\/product"}],"author":[{"embeddable":true,"href":"https:\/\/shuliybaler.com\/pt\/wp-json\/wp\/v2\/users\/1"}],"wp:featuredmedia":[{"embeddable":true,"href":"https:\/\/shuliybaler.com\/pt\/wp-json\/wp\/v2\/media\/3589"}],"wp:attachment":[{"href":"https:\/\/shuliybaler.com\/pt\/wp-json\/wp\/v2\/media?parent=3585"}],"wp:term":[{"taxonomy":"post_tag","embeddable":true,"href":"https:\/\/shuliybaler.com\/pt\/wp-json\/wp\/v2\/tags?post=3585"},{"taxonomy":"product-type","embeddable":true,"href":"https:\/\/shuliybaler.com\/pt\/wp-json\/wp\/v2\/product-type?post=3585"}],"curies":[{"name":"wp","href":"https:\/\/api.w.org\/{rel}","templated":true}]}}