{"id":3641,"date":"2026-04-13T13:29:55","date_gmt":"2026-04-13T05:29:55","guid":{"rendered":"https:\/\/shuliybaler.com\/?post_type=product&#038;p=3641"},"modified":"2026-04-13T14:24:58","modified_gmt":"2026-04-13T06:24:58","slug":"plastic-rubber-separator-machine","status":"publish","type":"product","link":"https:\/\/shuliybaler.com\/pt\/product\/plastic-rubber-separator-machine\/","title":{"rendered":"M\u00e1quina Separadora de Borracha de Pl\u00e1stico"},"content":{"rendered":"<p class=\"translation-block\">A <strong>separadora de pl\u00e1stico e borracha<\/strong> foi projetada para separar borracha, silicone (gel de silicone) e pl\u00e1sticos de res\u00edduos pl\u00e1sticos mistos \u2014 como eletrodom\u00e9sticos descartados, componentes automotivos, res\u00edduos m\u00e9dicos e sucata eletr\u00f3nica com uma produ\u00e7\u00e3o de 600-1.200 kg\/h.<\/p>    <p>Utilizando uma tecnologia de separa\u00e7\u00e3o puramente f\u00edsica baseada no efeito de fric\u00e7\u00e3o espelho e diferen\u00e7as nas propriedades de rebote el\u00e1stico, \u00e9 capaz de separar os materiais com precis\u00e3o, aumentando significativamente a pureza dos materiais recuperados.<\/p>    <h2 class=\"wp-block-heading\"><strong>Principais vantagens da separadora de pl\u00e1stico e borracha<\/strong><\/h2>    <ol class=\"wp-block-list\"> <li>O equipamento alcan\u00e7a uma pureza de classifica\u00e7\u00e3o superior a 99%, removendo eficazmente impurezas de silicone e borracha.<\/li>    <li>Utilizando um processo de separa\u00e7\u00e3o puramente f\u00edsico, n\u00e3o requer reagentes qu\u00edmicos nem recursos h\u00eddricos, impondo uma carga ambiental zero.<\/li>    <li>We have optimized the machine&#8217;s structural design to minimize power consumption, resulting in low operating and maintenance costs.<\/li>    <li>Toda a separadora de pl\u00e1stico e borracha \u00e9 controlada por um sistema PLC automatizado, com uma interface HMI (Interface Homem-M\u00e1quina) de 11 polegadas, que requer forma\u00e7\u00e3o m\u00ednima para operar.<\/li>    <li>Todos os componentes em contacto com o material s\u00e3o feitos de a\u00e7o inoxid\u00e1vel e materiais cromados, oferecendo resist\u00eancia excecional \u00e0 abras\u00e3o e \u00e0 corros\u00e3o.<\/li>    <li>Atrav\u00e9s de um sistema integrado, alcan\u00e7a um alto grau de automa\u00e7\u00e3o, incluindo alimenta\u00e7\u00e3o autom\u00e1tica, transporte de material, classifica\u00e7\u00e3o, separa\u00e7\u00e3o, ciclo autom\u00e1tico e descarga, necessitando apenas de um operador para opera\u00e7\u00e3o independente.<\/li> <\/ol>   <div class=\"wp-block-image\"> <figure class=\"aligncenter size-full\"><img loading=\"lazy\" decoding=\"async\" width=\"720\" height=\"540\" src=\"https:\/\/shuliybaler.com\/wp-content\/uploads\/2026\/04\/commercialplastic-rubber-separator-equipment.webp\" alt=\"equipamento comercial de separa\u00e7\u00e3o de pl\u00e1stico e borracha\" class=\"wp-image-3646\" title=\"\" srcset=\"https:\/\/shuliybaler.com\/wp-content\/uploads\/2026\/04\/commercialplastic-rubber-separator-equipment.webp 720w, https:\/\/shuliybaler.com\/wp-content\/uploads\/2026\/04\/commercialplastic-rubber-separator-equipment-360x270.webp 360w, https:\/\/shuliybaler.com\/wp-content\/uploads\/2026\/04\/commercialplastic-rubber-separator-equipment-180x135.webp 180w, https:\/\/shuliybaler.com\/wp-content\/uploads\/2026\/04\/commercialplastic-rubber-separator-equipment-16x12.webp 16w\" sizes=\"auto, (max-width: 720px) 100vw, 720px\" \/><figcaption class=\"wp-element-caption\">equipamento comercial de separa\u00e7\u00e3o de pl\u00e1stico e borracha<\/figcaption><\/figure> <\/div>   <h2 class=\"wp-block-heading\"><strong>Par\u00e2metros t\u00e9cnicos da m\u00e1quina de separa\u00e7\u00e3o de pl\u00e1stico e borracha<\/strong><\/h2>    <p>Em compara\u00e7\u00e3o com equipamentos de separa\u00e7\u00e3o tradicionais, este dispositivo oferece opera\u00e7\u00e3o totalmente automatizada com uma pureza de classifica\u00e7\u00e3o superior (\u226599%) enquanto consome menos energia. As especifica\u00e7\u00f5es detalhadas para os seus dois modelos diferentes est\u00e3o abaixo.<\/p>    <figure class=\"wp-block-table\"><table class=\"has-fixed-layout\"><thead><tr><th class=\"has-text-align-center\" data-align=\"center\">Modelo<\/th><th class=\"has-text-align-center\" data-align=\"center\">Poder<\/th><th class=\"has-text-align-center\" data-align=\"center\">Capacidade<\/th><th class=\"has-text-align-center\" data-align=\"center\">Pureza de classifica\u00e7\u00e3o<\/th><th class=\"has-text-align-center\" data-align=\"center\">Dimens\u00e3o <\/th><th class=\"has-text-align-center\" data-align=\"center\">Peso<\/th><\/tr><\/thead><tbody><tr><td class=\"has-text-align-center\" data-align=\"center\">SL-1250<\/td><td class=\"has-text-align-center\" data-align=\"center\">9,5 kW<\/td><td class=\"has-text-align-center\" data-align=\"center\">600\u20131000 kg\/h<\/td><td class=\"has-text-align-center\" data-align=\"center\">\u226599%<\/td><td class=\"has-text-align-center\" data-align=\"center\">5580\u00d72280\u00d74250 mm<\/td><td class=\"has-text-align-center\" data-align=\"center\">3500 kg<\/td><\/tr><tr><td class=\"has-text-align-center\" data-align=\"center\">SL-1800<\/td><td class=\"has-text-align-center\" data-align=\"center\">12,5 kW<\/td><td class=\"has-text-align-center\" data-align=\"center\">800\u20131200 kg\/h<\/td><td class=\"has-text-align-center\" data-align=\"center\">\u226599%<\/td><td class=\"has-text-align-center\" data-align=\"center\">5580\u00d73150\u00d74250 mm<\/td><td class=\"has-text-align-center\" data-align=\"center\">4800 kg<\/td><\/tr><\/tbody><\/table><figcaption class=\"wp-element-caption\">Especifica\u00e7\u00e3o detalhada da separadora de pl\u00e1stico e borracha<\/figcaption><\/figure>    <p>Se n\u00e3o tiver certeza de qual modelo \u00e9 mais adequado para si, por favor, contacte-nos para orienta\u00e7\u00e3o especializada. A nossa equipa de vendas recomendar\u00e1 a m\u00e1quina adequada com base nos seus requisitos de material e produto acabado.<\/p>   <div class=\"wp-block-image\"> <figure class=\"aligncenter size-full\"><img loading=\"lazy\" decoding=\"async\" width=\"720\" height=\"540\" src=\"https:\/\/shuliybaler.com\/wp-content\/uploads\/2026\/04\/plastic-rubber-separating-machine.webp\" alt=\"m\u00e1quina de separa\u00e7\u00e3o de pl\u00e1stico e borracha\" class=\"wp-image-3647\" title=\"\" srcset=\"https:\/\/shuliybaler.com\/wp-content\/uploads\/2026\/04\/plastic-rubber-separating-machine.webp 720w, https:\/\/shuliybaler.com\/wp-content\/uploads\/2026\/04\/plastic-rubber-separating-machine-360x270.webp 360w, https:\/\/shuliybaler.com\/wp-content\/uploads\/2026\/04\/plastic-rubber-separating-machine-180x135.webp 180w, https:\/\/shuliybaler.com\/wp-content\/uploads\/2026\/04\/plastic-rubber-separating-machine-16x12.webp 16w\" sizes=\"auto, (max-width: 720px) 100vw, 720px\" \/><figcaption class=\"wp-element-caption\">m\u00e1quina de separa\u00e7\u00e3o de pl\u00e1stico e borracha<\/figcaption><\/figure> <\/div>   <h2 class=\"wp-block-heading\"><strong>Caracter\u00edsticas estruturais da separadora de borracha e pl\u00e1stico<\/strong><\/h2>    <p>Esta separadora de pl\u00e1stico e borracha compreende principalmente os seguintes sistemas e suas fun\u00e7\u00f5es principais:<\/p>    <ul class=\"wp-block-list\"> <li>Sistema de alimenta\u00e7\u00e3o: Apresenta um design de alimenta\u00e7\u00e3o autom\u00e1tica ajust\u00e1vel para garantir opera\u00e7\u00e3o cont\u00ednua.<\/li>    <li>Sistema de eleva\u00e7\u00e3o: Garante o transporte suave e est\u00e1vel dos materiais.<\/li>    <li>Sistema de classifica\u00e7\u00e3o: A unidade principal, que realiza a separa\u00e7\u00e3o com base nos princ\u00edpios de fric\u00e7\u00e3o e rebote.<\/li>    <li>Sistema de recircula\u00e7\u00e3o: Processa automaticamente materiais n\u00e3o conformes para retrabalho.<\/li>    <li>Sistema de descarga: fornece os materiais acabados de forma separada.<\/li> <\/ul>    <p>O design estrutural interno garante a estabilidade operacional do equipamento enquanto maximiza a precis\u00e3o da classifica\u00e7\u00e3o.<\/p>    <h2 class=\"wp-block-heading\"><strong>Como separar pl\u00e1sticos mistos com borracha e silicone?<\/strong><\/h2>    <p>Em cen\u00e1rios pr\u00e1ticos de reciclagem, os pl\u00e1sticos mistos frequentemente consistem em v\u00e1rios materiais \u2014 como ABS, PS, PP e PE \u2014 intercalados com borracha e silicone.<\/p>    <p>O fluxo de trabalho adequado geralmente envolve os seguintes passos:<\/p>    <ul class=\"wp-block-list\"> <li>Pr\u00e9-trituramento dos res\u00edduos (usando um <a href=\"https:\/\/shuliybaler.com\/pt\/product\/small-metal-shredder-for-waste-recycling\/\">Triturador de metal<\/a>)<\/li>    <li>Remo\u00e7\u00e3o de borracha e silicone usando uma separadora de pl\u00e1stico e borracha especializada<\/li>    <li>Classifica\u00e7\u00e3o adicional dos pl\u00e1sticos (por exemplo, usando separa\u00e7\u00e3o eletrost\u00e1tica ou m\u00e9todos de separa\u00e7\u00e3o por densidade)<\/li> <\/ul>    <p>Tomando como exemplo a reciclagem de frigor\u00edficos:<\/p>    <ul class=\"wp-block-list\"> <li>A mistura de pl\u00e1stico triturado cont\u00e9m ABS, PS, PP, PE e borracha.<\/li>    <li>Primeiro, os componentes de borracha e silicone s\u00e3o removidos usando uma separadora de pl\u00e1stico e borracha.<\/li>    <li>Subsequentemente, os restantes pl\u00e1sticos s\u00e3o separados usando m\u00e9todos de separa\u00e7\u00e3o eletrost\u00e1tica ou de flutua\u00e7\u00e3o.<\/li> <\/ul>    <p>Esta etapa garante um n\u00edvel mais elevado de pureza para o produto final, aumentando o seu valor global de reciclagem.<\/p>    <figure class=\"wp-block-gallery has-nested-images columns-default is-cropped wp-block-gallery-2 is-layout-flex wp-block-gallery-is-layout-flex\"> <figure class=\"wp-block-image size-large\"><img loading=\"lazy\" decoding=\"async\" width=\"720\" height=\"540\" data-id=\"3644\" src=\"https:\/\/shuliybaler.com\/wp-content\/uploads\/2026\/04\/plastic-separated-from-the-finished-products.webp\" alt=\"pl\u00e1stico separado dos produtos acabados\" class=\"wp-image-3644\" title=\"\" srcset=\"https:\/\/shuliybaler.com\/wp-content\/uploads\/2026\/04\/plastic-separated-from-the-finished-products.webp 720w, https:\/\/shuliybaler.com\/wp-content\/uploads\/2026\/04\/plastic-separated-from-the-finished-products-360x270.webp 360w, https:\/\/shuliybaler.com\/wp-content\/uploads\/2026\/04\/plastic-separated-from-the-finished-products-180x135.webp 180w, https:\/\/shuliybaler.com\/wp-content\/uploads\/2026\/04\/plastic-separated-from-the-finished-products-16x12.webp 16w\" sizes=\"auto, (max-width: 720px) 100vw, 720px\" \/><figcaption class=\"wp-element-caption\">Pl\u00e1stico separado dos produtos acabados<\/figcaption><\/figure>    <figure class=\"wp-block-image size-large\"><img loading=\"lazy\" decoding=\"async\" width=\"720\" height=\"540\" data-id=\"3645\" src=\"https:\/\/shuliybaler.com\/wp-content\/uploads\/2026\/04\/rubber-separated-from-finished-products.webp\" alt=\"borracha separada dos produtos acabados\" class=\"wp-image-3645\" title=\"\" srcset=\"https:\/\/shuliybaler.com\/wp-content\/uploads\/2026\/04\/rubber-separated-from-finished-products.webp 720w, https:\/\/shuliybaler.com\/wp-content\/uploads\/2026\/04\/rubber-separated-from-finished-products-360x270.webp 360w, https:\/\/shuliybaler.com\/wp-content\/uploads\/2026\/04\/rubber-separated-from-finished-products-180x135.webp 180w, https:\/\/shuliybaler.com\/wp-content\/uploads\/2026\/04\/rubber-separated-from-finished-products-16x12.webp 16w\" sizes=\"auto, (max-width: 720px) 100vw, 720px\" \/><figcaption class=\"wp-element-caption\">Borracha Separada dos Produtos Acabados<\/figcaption><\/figure> <\/figure>    <h2 class=\"wp-block-heading\"><strong>Princ\u00edpio de funcionamento da separadora de pl\u00e1stico e borracha<\/strong><\/h2>    <p>O princ\u00edpio de funcionamento da m\u00e1quina de separa\u00e7\u00e3o de pl\u00e1stico e borracha baseia-se nos seguintes dois fatores:<\/p>    <ul class=\"wp-block-list\"> <li>Diferen\u00e7as de fric\u00e7\u00e3o: Pl\u00e1sticos e borracha possuem coeficientes de fric\u00e7\u00e3o de superf\u00edcie distintos.<\/li>    <li>Diferen\u00e7as de elasticidade: Em compara\u00e7\u00e3o com os pl\u00e1sticos, a borracha e o silicone apresentam diferen\u00e7as significativas nas suas caracter\u00edsticas de rebote.<\/li> <\/ul>    <p>A trajet\u00f3ria de deslizamento dos pl\u00e1sticos difere da dos de borracha e silicone. Devido \u00e0 sua maior elasticidade, materiais \u00e0 base de borracha saltam e s\u00e3o desviados. Este mecanismo permite uma separa\u00e7\u00e3o precisa sem o uso de agentes qu\u00edmicos ou \u00e1gua.<\/p>    <h2 class=\"wp-block-heading\"><strong>Perguntas Frequentes Sobre Equipamento de Separa\u00e7\u00e3o de Pl\u00e1stico e Borracha<\/strong><\/h2>   <div id=\"rank-math-faq\" class=\"rank-math-block\"> <div class=\"rank-math-list\"> <div id=\"faq-question-1776048969535\" class=\"rank-math-list-item\"> <h3 class=\"rank-math-question\">Qual \u00e9 a pureza de separa\u00e7\u00e3o da separadora de pl\u00e1stico e borracha?<\/h3> <div class=\"rank-math-answer\">  <p>A separadora de pl\u00e1stico e borracha Shuliy atinge uma pureza de separa\u00e7\u00e3o de at\u00e9 99%.<\/p>  <\/div> <\/div> <div id=\"faq-question-1776048998667\" class=\"rank-math-list-item\"> <h3 class=\"rank-math-question\">De que materiais pode processar esta m\u00e1quina?<\/h3> <div class=\"rank-math-answer\">  <p>\u00c9 adequada para processar pl\u00e1sticos mistos provenientes de eletrodom\u00e9sticos descartados, frascos e sacos de infus\u00e3o m\u00e9dica (feito de PP e silicone), tampas de borracha de carca\u00e7as de baterias descartadas e res\u00edduos pl\u00e1sticos de fontes automotivas e eletr\u00f3nicas.<\/p>  <\/div> <\/div> <div id=\"faq-question-1776049103744\" class=\"rank-math-list-item\"> <h3 class=\"rank-math-question\">\u00c9 ecol\u00f3gica?<\/h3> <div class=\"rank-math-answer\">  <p>Este dispositivo emprega uma tecnologia de separa\u00e7\u00e3o puramente f\u00edsica baseada em diferen\u00e7as de fric\u00e7\u00e3o e rebote. N\u00e3o requer qu\u00edmicos nem \u00e1gua, e n\u00e3o gera polui\u00e7\u00e3o secund\u00e1ria, constituindo uma solu\u00e7\u00e3o de reciclagem totalmente ecol\u00f3gica.<\/p>  <\/div> <\/div> <div id=\"faq-question-1776049154929\" class=\"rank-math-list-item\"> <h3 class=\"rank-math-question\">Pode ser integrada numa linha de produ\u00e7\u00e3o de reciclagem completa?<\/h3> <div class=\"rank-math-answer\">  <p>Esta separadora de pl\u00e1stico e borracha \u00e9 tipicamente utilizada como parte de um sistema completo de reciclagem, trabalhando em conjunto com outras m\u00e1quinas, como trituradores, separadores eletrost\u00e1ticos e tanques de separa\u00e7\u00e3o por densidade.<\/p>  <\/div> <\/div> <\/div> <\/div>  <div class=\"wp-block-image\"> <figure class=\"aligncenter size-full\"><img loading=\"lazy\" decoding=\"async\" width=\"720\" height=\"540\" src=\"https:\/\/shuliybaler.com\/wp-content\/uploads\/2026\/04\/separate-rubber-from-plastic-machine.webp\" alt=\"m\u00e1quina de separa\u00e7\u00e3o de borracha de pl\u00e1stico\" class=\"wp-image-3648\" title=\"\" srcset=\"https:\/\/shuliybaler.com\/wp-content\/uploads\/2026\/04\/separate-rubber-from-plastic-machine.webp 720w, https:\/\/shuliybaler.com\/wp-content\/uploads\/2026\/04\/separate-rubber-from-plastic-machine-360x270.webp 360w, https:\/\/shuliybaler.com\/wp-content\/uploads\/2026\/04\/separate-rubber-from-plastic-machine-180x135.webp 180w, https:\/\/shuliybaler.com\/wp-content\/uploads\/2026\/04\/separate-rubber-from-plastic-machine-16x12.webp 16w\" sizes=\"auto, (max-width: 720px) 100vw, 720px\" \/><figcaption class=\"wp-element-caption\">m\u00e1quina de separa\u00e7\u00e3o de borracha de pl\u00e1stico<\/figcaption><\/figure> <\/div>   <p>A m\u00e1quina de separa\u00e7\u00e3o de pl\u00e1stico e borracha \u00e9 um componente cr\u00edtico em sistemas modernos de reciclagem, especialmente adequado para processar res\u00edduos pl\u00e1sticos complexos contendo borracha e silicone.<\/p>    <p>Aproveitando a sua alta precis\u00e3o, opera\u00e7\u00e3o ecol\u00f3gica e funcionalidades automatizadas, este equipamento aumenta significativamente o valor de recupera\u00e7\u00e3o dos materiais e apoia pr\u00e1ticas de reciclagem sustent\u00e1veis.<\/p>    <p>Se procura atualizar a sua linha de produ\u00e7\u00e3o de reciclagem ou melhorar a pureza do material, esta separadora de pl\u00e1stico e borracha representa uma solu\u00e7\u00e3o fi\u00e1vel e altamente rent\u00e1vel. Contacte-nos hoje para as \u00faltimas novidades e ofertas especiais!<\/p>","protected":false},"excerpt":{"rendered":"<p>Utilizing the principles of friction and bouncing, the plastic-rubber separator efficiently separates silicone, rubber, and plastics from mixed materials, achieving a purity level of up to 99%. It is an ideal solution for the recycling industries of electronic waste, medical plastics, and batteries.<\/p>","protected":false},"author":1,"featured_media":3643,"parent":0,"template":"","tags":[93,92],"product-type":[91],"class_list":["post-3641","product","type-product","status-publish","has-post-thumbnail","hentry","tag-plastic","tag-rubber","product-type-other-recycling-machine"],"_links":{"self":[{"href":"https:\/\/shuliybaler.com\/pt\/wp-json\/wp\/v2\/product\/3641","targetHints":{"allow":["GET"]}}],"collection":[{"href":"https:\/\/shuliybaler.com\/pt\/wp-json\/wp\/v2\/product"}],"about":[{"href":"https:\/\/shuliybaler.com\/pt\/wp-json\/wp\/v2\/types\/product"}],"author":[{"embeddable":true,"href":"https:\/\/shuliybaler.com\/pt\/wp-json\/wp\/v2\/users\/1"}],"wp:featuredmedia":[{"embeddable":true,"href":"https:\/\/shuliybaler.com\/pt\/wp-json\/wp\/v2\/media\/3643"}],"wp:attachment":[{"href":"https:\/\/shuliybaler.com\/pt\/wp-json\/wp\/v2\/media?parent=3641"}],"wp:term":[{"taxonomy":"post_tag","embeddable":true,"href":"https:\/\/shuliybaler.com\/pt\/wp-json\/wp\/v2\/tags?post=3641"},{"taxonomy":"product-type","embeddable":true,"href":"https:\/\/shuliybaler.com\/pt\/wp-json\/wp\/v2\/product-type?post=3641"}],"curies":[{"name":"wp","href":"https:\/\/api.w.org\/{rel}","templated":true}]}}