{"id":3658,"date":"2026-04-22T14:16:43","date_gmt":"2026-04-22T06:16:43","guid":{"rendered":"https:\/\/shuliybaler.com\/?post_type=product&#038;p=3658"},"modified":"2026-04-22T14:36:02","modified_gmt":"2026-04-22T06:36:02","slug":"plastic-pulverizer-machine","status":"publish","type":"product","link":"https:\/\/shuliybaler.com\/pt\/product\/plastic-pulverizer-machine\/","title":{"rendered":"M\u00e1quina de tritura\u00e7\u00e3o de pl\u00e1stico"},"content":{"rendered":"<p class=\"translation-block\">O <strong>pulverizador de pl\u00e1stico<\/strong> \u00e9 um equipamento de moagem especializado utilizado para transformar res\u00edduos pl\u00e1sticos em p\u00f3 fino. \u00c9 amplamente utilizado nas ind\u00fastrias de reciclagem de pl\u00e1stico para reduzir res\u00edduos pl\u00e1sticos duros a uma forma de p\u00f3 reutiliz\u00e1vel para reprocessamento e fabrico.<\/p>    <p>Esta m\u00e1quina de moagem de pl\u00e1stico \u00e9 especialmente eficaz para pl\u00e1sticos r\u00edgidos e semi r\u00edgidos, como canos de PVC, perfis pl\u00e1sticos, folhas de ABS, materiais PP e outros termopl\u00e1sticos.<\/p>    <h2 class=\"wp-block-heading\"><strong>Destaques da M\u00e1quina Pulverizadora de Pl\u00e1stico<\/strong><\/h2>    <ol class=\"wp-block-list\"> <li>Esta pulverizadora de pl\u00e1stico apresenta um design de estrutura de cortador inovador, proporcionando efeitos de impacto e cisalhamento\/pulveriza\u00e7\u00e3o potentes.<\/li>    <li>Tamb\u00e9m est\u00e1 equipada com um sistema de for\u00e7a centr\u00edfuga de alta velocidade, permitindo uma redu\u00e7\u00e3o altamente eficiente do tamanho das part\u00edculas.<\/li>    <li>Al\u00e9m disso, um sistema de refrigera\u00e7\u00e3o integrada de duplo circuito \u2014 combinando ar e \u00e1gua \u2014 evita eficazmente o sobreaquecimento do equipamento e a degrada\u00e7\u00e3o t\u00e9rmica do material a processar.<\/li>    <li>A Shuliy adotou especificamente um design de c\u00e2mara aberta para a unidade de moagem, facilitando a manuten\u00e7\u00e3o de rotina e a substitui\u00e7\u00e3o de l\u00e2minas.<\/li>    <li>Equipada com um sistema de peneiramento vibrat\u00f3rio, a m\u00e1quina assegura tamanho de part\u00edcula uniforme e consistente no produto final em p\u00f3.<\/li>    <li>Para garantir opera\u00e7\u00f5es de produ\u00e7\u00e3o limpas e eficientes, a m\u00e1quina tamb\u00e9m est\u00e1 equipada com um sistema de alimenta\u00e7\u00e3o de press\u00e3o negativa e um sistema de aspira\u00e7\u00e3o de p\u00f3.<\/li>    <li>Utiliza um sistema de controlo el\u00e9trico Star-Delta, que reduz efetivamente a corrente de arranque e prolonga a vida \u00fatil do motor.<\/li> <\/ol>    <h2 class=\"wp-block-heading\"><strong>Aplica\u00e7\u00f5es de Trituradores de Pl\u00e1stico<\/strong><\/h2>    <p>Os trituradores de pl\u00e1stico s\u00e3o amplamente utilizados em v\u00e1rios setores das ind\u00fastrias de reciclagem e processamento de pl\u00e1stico.<\/p>    <ul class=\"wp-block-list\"> <li>Materiais que podem ser processados incluem:<\/li>    <li>Tubos, perfis, folhas de PVC, e res\u00edduos de embalagem<\/li>    <li>PE, PP, ABS, PS, PA e PC pl\u00e1sticos<\/li>    <li>EVA, PET, PPS, EPS e materiais em espuma<\/li>    <li>Materiais de alum\u00ednio-pl\u00e1stico comp\u00f3sitos<\/li>    <li>Recortes, sobras e produtos defeituosos de pl\u00e1stico industrial<\/li> <\/ul>    <ol class=\"wp-block-list\"> <li>Aplica\u00e7\u00f5es t\u00edpicas encontram-se em:<\/li>    <li>F\u00e1bricas de reciclagem de pl\u00e1stico<\/li>    <li>Instala\u00e7\u00f5es de fabrica\u00e7\u00e3o de tubos e perfis de PVC<\/li>    <li>Ind\u00fastrias de extrus\u00e3o de pl\u00e1stico e moldagem por inje\u00e7\u00e3o<\/li>    <li>Centros de processamento de res\u00edduos pl\u00e1sticos<\/li>    <li>Setores de produ\u00e7\u00e3o de mat\u00e9ria-prima pl\u00e1stica<\/li> <\/ol>    <p>Este equipamento \u00e9 particularmente adequado para a reciclagem e processamento de PVC r\u00edgido, bem como para a moagem de pl\u00e1sticos de dureza m\u00e9dia e fratur\u00e1veis.<\/p>    <p class=\"translation-block\"><strong>Modelos e par\u00e2metros t\u00e9cnicos da M\u00e1quina Pulverizadora de Pl\u00e1stico<\/strong><\/p>    <figure class=\"wp-block-table\"><table><thead><tr><th>Modelo<\/th><th class=\"has-text-align-center\" data-align=\"center\">Di\u00e2metro do disco<\/th><th class=\"has-text-align-center\" data-align=\"center\">L\u00e2minas rotativas<\/th><th class=\"has-text-align-center\" data-align=\"center\">L\u00e2minas fixas<\/th><th class=\"has-text-align-center\" data-align=\"center\">Poder<\/th><th>Capacidade<\/th><th>Dimens\u00e3o<\/th><th>Peso<\/th><\/tr><\/thead><tbody><tr><td>500<\/td><td class=\"has-text-align-center\" data-align=\"center\">483\u00b11 mm<\/td><td class=\"has-text-align-center\" data-align=\"center\">24<\/td><td class=\"has-text-align-center\" data-align=\"center\">12<\/td><td class=\"has-text-align-center\" data-align=\"center\">44\/59 kW<\/td><td>120\u2013300 kg\/h<\/td><td>3000\u00d72800\u00d73900 mm<\/td><td>1680 kg<\/td><\/tr><tr><td>600<\/td><td class=\"has-text-align-center\" data-align=\"center\">583\u00b11 mm<\/td><td class=\"has-text-align-center\" data-align=\"center\">28<\/td><td class=\"has-text-align-center\" data-align=\"center\">14<\/td><td class=\"has-text-align-center\" data-align=\"center\">54\/72 kW<\/td><td>180\u2013480 kg\/h<\/td><td>3200\u00d73000\u00d74200 mm<\/td><td>2280 kg<\/td><\/tr><tr><td>800<\/td><td class=\"has-text-align-center\" data-align=\"center\">783\u00b11 mm<\/td><td class=\"has-text-align-center\" data-align=\"center\">36<\/td><td class=\"has-text-align-center\" data-align=\"center\">16<\/td><td class=\"has-text-align-center\" data-align=\"center\">88\/118 kW<\/td><td>350\u2013880 kg\/h<\/td><td>3500\u00d73200\u00d74500 mm<\/td><td>2880 kg<\/td><\/tr><\/tbody><\/table><figcaption class=\"wp-element-caption\">especifica\u00e7\u00e3o da m\u00e1quina de moagem de pl\u00e1stico<\/figcaption><\/figure>    <p class=\"translation-block\">O <strong>PE PP PVC pulverizador<\/strong> pertence \u00e0 s\u00e9rie de moedores de pedra de moinho, projetados para o processamento eficiente de materiais de dureza m\u00e9dia e fratur\u00e1veis. Se desejar saber outras informa\u00e7\u00f5es espec\u00edficas, por favor contacte-nos!<\/p>    <h2 class=\"wp-block-heading\"><strong>Princ\u00edpios e fluxos de processo dos Pulverizadores de Pl\u00e1stico<\/strong><\/h2>    <p>A opera\u00e7\u00e3o de um pulverizador de pl\u00e1stico baseia-se principalmente nos efeitos combinados do corte de alta velocidade e for\u00e7as de impacto.<\/p>    <ul class=\"wp-block-list\"> <li><strong>Etapa de alimenta\u00e7\u00e3o<\/strong>: Res\u00edduos pl\u00e1sticos brutos s\u00e3o introduzidos na c\u00e2mara de moagem atrav\u00e9s do sistema de alimenta\u00e7\u00e3o.<\/li>    <li><strong>Etapa de tritura\u00e7\u00e3o<\/strong>High-speed rotating blades geram for\u00e7as centr\u00edfugas poderosas, fazendo com que o material sofra colis\u00f5es m\u00fatuas e cisalhamento entre as l\u00e2minas estacion\u00e1rias e as l\u00e2minas em rota\u00e7\u00e3o.<\/li>    <li><strong>Processo de arrefecimento<\/strong>: Os sistemas de arrefecimento a ar e \u00e1gua trabalham em conjunto para regular a temperatura, evitando que pl\u00e1sticos sens\u00edveis derretam, se queimem ou deformem devido \u00e0 exposi\u00e7\u00e3o ao calor.<\/li>    <li><strong>Etapa de triagem<\/strong>: O material mo\u00eddo passa por uma tela vibrat\u00f3ria para assegurar a uniformidade do tamanho final das part\u00edculas.<\/li>    <li><strong>Recircula\u00e7\u00e3o<\/strong>: Part\u00edculas que excedem o tamanho desejado s\u00e3o automaticamente devolvidas \u00e0 c\u00e2mara de moagem para processamento secund\u00e1rio.<\/li>    <li><strong>Coleta de p\u00f3<\/strong>: Um sistema de press\u00e3o negativa \u00e9 respons\u00e1vel pela recolha de p\u00f3, assegurando um ambiente de produ\u00e7\u00e3o limpo e opera\u00e7\u00e3o eficiente.<\/li> <\/ul>    <h2 class=\"wp-block-heading\"><strong>Benef\u00edcios da Reciclagem Eficiente de Pl\u00e1sticos Usando Pulverizadores de Pl\u00e1stico<\/strong><\/h2>    <p>O uso de pulverizadores de pl\u00e1stico pode aumentar significativamente a efici\u00eancia e a sustentabilidade das opera\u00e7\u00f5es de reciclagem de pl\u00e1stico, reduzindo simultaneamente o desperd\u00edcio de pl\u00e1stico e a polui\u00e7\u00e3o ambiental.<\/p>    <p>Al\u00e9m disso, este equipamento transforma res\u00edduos de pl\u00e1sticos em mat\u00e9rias-primas em p\u00f3 reutiliz\u00e1veis, aumentando assim a efici\u00eancia da produ\u00e7\u00e3o nas instala\u00e7\u00f5es de reciclagem e, consequentemente, reduzindo os custos de m\u00e3o de obra.<\/p>    <p>Al\u00e9m disso, este sistema aumenta o valor dos materiais pl\u00e1sticos reciclados para reutiliza\u00e7\u00e3o no setor de fabrica\u00e7\u00e3o, contribuindo assim para o avan\u00e7o da economia circular e do desenvolvimento sustent\u00e1vel.<\/p>    <h2 class=\"wp-block-heading\"><strong>FAQ da M\u00e1quina Pulverizadora de Pl\u00e1stico<\/strong><\/h2>   <div id=\"rank-math-faq\" class=\"rank-math-block\"> <div class=\"rank-math-list\"> <div id=\"faq-question-1776827103979\" class=\"rank-math-list-item\"> <h3 class=\"rank-math-question\">Que materiais pode processar uma m\u00e1quina pulverizadora de pl\u00e1stico?<\/h3> <div class=\"rank-math-answer\">  <p>Pode processar PVC, PE, PP, ABS, PS, PC, PA, EVA, PET e pl\u00e1sticos em espuma.<\/p>  <\/div> <\/div> <div id=\"faq-question-1776827116634\" class=\"rank-math-list-item\"> <h3 class=\"rank-math-question\">A m\u00e1quina pulverizadora de pl\u00e1stico \u00e9 adequada para pl\u00e1sticos duros?<\/h3> <div class=\"rank-math-answer\">  <p>Sim, \u00e9 especialmente projetado para PVC r\u00edgido e pl\u00e1sticos fr\u00e1geis m\u00e9dios.<\/p>  <\/div> <\/div> <div id=\"faq-question-1776827129387\" class=\"rank-math-list-item\"> <h3 class=\"rank-math-question\">Como funciona o sistema de refrigera\u00e7\u00e3o?<\/h3> <div class=\"rank-math-answer\">  <p>Utiliza tanto ar como arrefecimento por \u00e1gua para evitar o superaquecimento e manter a qualidade do material.<\/p>  <\/div> <\/div> <div id=\"faq-question-1776827140283\" class=\"rank-math-list-item\"> <h3 class=\"rank-math-question\">Qual \u00e9 o tamanho de sa\u00edda do p\u00f3?<\/h3> <div class=\"rank-math-answer\">  <p>A m\u00e1quina produz p\u00f3 pl\u00e1stico fino, que pode ser ajustado de acordo com o tamanho da tela.<\/p>  <\/div> <\/div> <div id=\"faq-question-1776827156943\" class=\"rank-math-list-item\"> <h3 class=\"rank-math-question\">A m\u00e1quina pode operar de forma cont\u00ednua?<\/h3> <div class=\"rank-math-answer\">  <p>Sim, foi concebida para opera\u00e7\u00e3o est\u00e1vel e cont\u00ednua em linhas de produ\u00e7\u00e3o industriais de reciclagem.<\/p>  <\/div> <\/div> <\/div> <\/div>   <p>Esta s\u00e9rie de trituradores de pl\u00e1stico oferece uma ampla variedade de modelos e configura\u00e7\u00f5es de capacidade, proporcionando solu\u00e7\u00f5es flex\u00edveis e diversificadas para opera\u00e7\u00f5es de reciclagem em grande e pequena escala. Se desejar saber mais ou consultar pre\u00e7os detalhados, entre em contato connosco!<\/p>    <p class=\"translation-block\">Outra m\u00e1quina de processamento de pl\u00e1stico: <a href=\"https:\/\/shuliybaler.com\/pt\/product\/plastic-rubber-separator-machine\/\">Separadora de borracha de pl\u00e1stico<\/a><\/p>","protected":false},"excerpt":{"rendered":"<p>The plastic pulverizer machine is designed for grinding PE, PP, PVC and other plastic materials into fine powder for recycling. It features advanced cooling, high efficiency, and wide application in plastic recycling industries.<\/p>","protected":false},"author":1,"featured_media":3664,"parent":0,"template":"","meta":{"product_tpl_data":{"subtitle":"","param_summary":"","model_summary_title":"","model_summary":"","model_series":[],"finished_product_title":"","raw_materials_title":"","process_title":"","endsummary":""},"product_extra_property":[{"pname":"Model","pvalue":"500, 600, 800"},{"pname":"Rotating blades","pvalue":"24, 28, 36"},{"pname":"Power","pvalue":"44\/59 kW, 54\/72 kW, 88\/118 kW"},{"pname":"Capacity","pvalue":"120\u2013880 kg\/h"},{"pname":"Disc diameter","pvalue":"483\u00b11 mm, 583\u00b11 mm, 783\u00b11 mm"}],"product_extra_image":"3663,3665,3662"},"tags":[15],"product-type":[91],"class_list":["post-3658","product","type-product","status-publish","has-post-thumbnail","hentry","tag-metal","product-type-other-recycling-machine"],"light_meta":{"product_tpl_data":{"subtitle":"","param_summary":"","model_summary_title":"","model_summary":"","model_series":"","finished_product_title":"","raw_materials_title":"","process_title":"","endsummary":""},"rank_math_internal_links_processed":"1","rank_math_seo_score":"76","rank_math_title":"Plastic Pulverizer Machine for PE PP PVC Grinding&amp;Recycling","rank_math_focus_keyword":"plastic pulverizer machine","rank_math_description":"The plastic pulverizer machine is a high-performance grinding solution specifically designed for PE, PP, PVC, ABS, and various other types of plastics.","product_extra_property":{"1":{"pname":"Model","pvalue":"500, 600, 800"},"2":{"pname":"Rotating blades","pvalue":"24, 28, 36"},"3":{"pname":"Power","pvalue":"44\/59 kW, 54\/72 kW, 88\/118 kW"},"4":{"pname":"Capacity","pvalue":"120\u2013880 kg\/h"},"5":{"pname":"Disc diameter","pvalue":"483\u00b11 mm, 583\u00b11 mm, 783\u00b11 mm"}},"product_extra_image":"3663,3665,3662"},"seo_meta":{"title":"Plastic Pulverizer Machine for PE PP PVC Grinding&Recycling","description":"A m\u00e1quina pulverizadora de pl\u00e1stico \u00e9 uma solu\u00e7\u00e3o de moagem de alto desempenho especificamente concebida para PE, PP, PVC, ABS e v\u00e1rios outros tipos de pl\u00e1sticos.","focusKeyword":"plastic pulverizer machine","canonicalUrl":"https:\/\/shuliybaler.com\/pt\/product\/plastic-pulverizer-machine\/","robots":["index","follow"],"ogTitle":"Plastic Pulverizer Machine for PE PP PVC Grinding&Recycling","ogDescription":"The plastic pulverizer machine is a high-performance grinding solution specifically designed for PE, PP, PVC, ABS, and various other types of plastics.","ogImage":"https:\/\/shuliybaler.com\/wp-content\/uploads\/2026\/04\/plastic-pulverizer-machine.webp","twitterTitle":"Plastic Pulverizer Machine for PE PP PVC Grinding&Recycling","twitterDescription":"The plastic pulverizer machine is a high-performance grinding solution specifically designed for PE, PP, PVC, ABS, and various other types of plastics.","twitterImage":"https:\/\/shuliybaler.com\/wp-content\/uploads\/2026\/04\/plastic-pulverizer-machine.webp","primaryCategory":0,"seoScore":76,"schemas":[],"source":"rank_math"},"_links":{"self":[{"href":"https:\/\/shuliybaler.com\/pt\/wp-json\/wp\/v2\/product\/3658","targetHints":{"allow":["GET"]}}],"collection":[{"href":"https:\/\/shuliybaler.com\/pt\/wp-json\/wp\/v2\/product"}],"about":[{"href":"https:\/\/shuliybaler.com\/pt\/wp-json\/wp\/v2\/types\/product"}],"author":[{"embeddable":true,"href":"https:\/\/shuliybaler.com\/pt\/wp-json\/wp\/v2\/users\/1"}],"wp:featuredmedia":[{"embeddable":true,"href":"https:\/\/shuliybaler.com\/pt\/wp-json\/wp\/v2\/media\/3664"}],"wp:attachment":[{"href":"https:\/\/shuliybaler.com\/pt\/wp-json\/wp\/v2\/media?parent=3658"}],"wp:term":[{"taxonomy":"post_tag","embeddable":true,"href":"https:\/\/shuliybaler.com\/pt\/wp-json\/wp\/v2\/tags?post=3658"},{"taxonomy":"product-type","embeddable":true,"href":"https:\/\/shuliybaler.com\/pt\/wp-json\/wp\/v2\/product-type?post=3658"}],"curies":[{"name":"wp","href":"https:\/\/api.w.org\/{rel}","templated":true}]}}