{"id":3670,"date":"2026-04-27T16:48:58","date_gmt":"2026-04-27T08:48:58","guid":{"rendered":"https:\/\/shuliybaler.com\/?post_type=product&#038;p=3670"},"modified":"2026-04-27T16:55:17","modified_gmt":"2026-04-27T08:55:17","slug":"tire-block-cutting-machine","status":"publish","type":"product","link":"https:\/\/shuliybaler.com\/pt\/product\/tire-block-cutting-machine\/","title":{"rendered":"M\u00e1quina de Corte de Blocos de Pneu"},"content":{"rendered":"<p class=\"translation-block\">A <strong>m\u00e1quina de corte de blocos de pneus<\/strong> \u00e9 especificamente projetada para cortar pneus de descarte inteiros em blocos de borracha de tamanho uniforme (tipicamente 50\u201380 mm) para processamento subsequente. Como componente de linha de produ\u00e7\u00e3o de reciclagem de pneus, \u00e9 amplamente utilizada para fornecer mat\u00e9ria-prima para opera\u00e7\u00f5es de tritura\u00e7\u00e3o, moagem ou pir\u00f3lise a jusante.<\/p>    <p>Ao contr\u00e1rio de cortadores tradicionais que requerem que os pneus sejam pr\u00e9-cortados em tiras, esta m\u00e1quina da Shuliy \u00e9 capaz de processar diretamente pneus inteiros com di\u00e2metro \u22641200 mm, integrando assim o processo de corte em um \u00fanico sistema e aumentando significativamente a efici\u00eancia operacional.<\/p>    <figure class=\"wp-block-embed aligncenter is-type-video is-provider-youtube wp-block-embed-youtube wp-embed-aspect-16-9 wp-has-aspect-ratio\"><div class=\"wp-block-embed__wrapper\"> <iframe loading=\"lazy\" title=\"M\u00e1quina de Corte de Blocos de Pneus | Corte Pneus Inteiros em Blocos de Borracha de 50\u201380mm de Forma Eficiente\" width=\"500\" height=\"281\" src=\"https:\/\/www.youtube.com\/embed\/6nKF7r2HliQ?feature=oembed\" frameborder=\"0\" allow=\"accelerometer; autoplay; clipboard-write; encrypted-media; gyroscope; picture-in-picture; web-share\" referrerpolicy=\"strict-origin-when-cross-origin\" allowfullscreen><\/iframe> <\/div><figcaption class=\"wp-element-caption\">v\u00eddeo de trabalho da m\u00e1quina de corte de pneus<\/figcaption><\/figure>    <h2 class=\"wp-block-heading\"><strong>Vis\u00e3o geral da M\u00e1quina de Corte de Blocos de Pneus<\/strong><\/h2>    <p>Como ilustrado na imagem abaixo, a estrutura geral deste equipamento consiste nos seguintes componentes distintos:<\/p>    <ul class=\"wp-block-list\"> <li>C\u00e2mara de corte hidr\u00e1ulico: Projetada para executar opera\u00e7\u00f5es de cisalhamento de alta press\u00e3o.<\/li>    <li>Sistema de corte rotativo: Permite a produ\u00e7\u00e3o cont\u00ednua de materiais em forma de blocos.<\/li>    <li>Motor e esta\u00e7\u00e3o hidr\u00e1ulica: Garantem transmiss\u00e3o de energia est\u00e1vel e confi\u00e1vel.<\/li>    <li>Cuba de alimenta\u00e7\u00e3o: Facilita a entrada segura e eficiente de materiais.<\/li> <\/ul>    <p>Esta \u00e9 uma m\u00e1quina de corte de blocos de pneus totalmente automatizada, adequada para uso em instala\u00e7\u00f5es de reciclagem e processamento de m\u00e9dio porte.<\/p>   <div class=\"wp-block-image\"> <figure class=\"aligncenter size-full\"><img loading=\"lazy\" decoding=\"async\" width=\"720\" height=\"540\" src=\"https:\/\/shuliybaler.com\/wp-content\/uploads\/2026\/04\/tire-cutting-machine.webp\" alt=\"m\u00e1quina de corte de pneus\" class=\"wp-image-3672\" title=\"\" srcset=\"https:\/\/shuliybaler.com\/wp-content\/uploads\/2026\/04\/tire-cutting-machine.webp 720w, https:\/\/shuliybaler.com\/wp-content\/uploads\/2026\/04\/tire-cutting-machine-360x270.webp 360w, https:\/\/shuliybaler.com\/wp-content\/uploads\/2026\/04\/tire-cutting-machine-180x135.webp 180w, https:\/\/shuliybaler.com\/wp-content\/uploads\/2026\/04\/tire-cutting-machine-16x12.webp 16w\" sizes=\"auto, (max-width: 720px) 100vw, 720px\" \/><figcaption class=\"wp-element-caption\">m\u00e1quina de corte de pneus<\/figcaption><\/figure> <\/div>   <h2 class=\"wp-block-heading\"><strong>Vantagens de usar uma m\u00e1quina de corte de blocos de pneus<\/strong><\/h2>    <ol class=\"wp-block-list\"> <li>Pneus inteiros s\u00e3o volumosos e dif\u00edceis de manusear. Cort\u00e1-los em blocos reduz significativamente seu volume \u2014 alcan\u00e7ando uma redu\u00e7\u00e3o de tamanho eficiente \u2014 facilitando o transporte e armazenamento.<\/li>    <li>A m\u00e1quina de corte de blocos de pneus corta pneus em blocos uniformes de 50\u201380 mm; isso minimiza efetivamente o desgaste das l\u00e2minas, aumenta a efici\u00eancia da tritura\u00e7\u00e3o e otimiza os fluxos de trabalho de processamento a jusante.<\/li>    <li>By pre-processing tires into &#8220;shreddable&#8221; blocks, the machine reduces energy consumption during the shredding stage. This shortens the return-on-investment period for recycling facilities, making it an economically efficient recycling solution.<\/li> <\/ol>    <h2 class=\"wp-block-heading\"><strong>Par\u00e2metros da m\u00e1quina de corte de pneus<\/strong><\/h2>    <figure class=\"wp-block-table\"><table class=\"has-fixed-layout\"><thead><tr><th>Item<\/th><th>Especifica\u00e7\u00e3o<\/th><\/tr><\/thead><tbody><tr><td>Fun\u00e7\u00e3o<\/td><td>Cortar o pneu inteiro em blocos<\/td><\/tr><tr><td>Di\u00e2metro do pneu<\/td><td>\uff1c1200 mm<\/td><\/tr><tr><td>Capacidade<\/td><td>20\u201330 pe\u00e7as\/hora<\/td><\/tr><tr><td>Cortar o pneu inteiro em blocos<\/td><td>50\u201380 mm<\/td><\/tr><tr><td>Poder<\/td><td>40,5 kW, 380V, 50Hz<\/td><\/tr><tr><td>Dimens\u00e3o<\/td><td>2000 \u00d7 1800 \u00d7 1580 mm<\/td><\/tr><tr><td>Peso<\/td><td>1800 kg<\/td><\/tr><\/tbody><\/table><figcaption class=\"wp-element-caption\">par\u00e2metros t\u00e9cnicos principais da m\u00e1quina de corte de blocos de pneus<\/figcaption><\/figure>   <div class=\"wp-block-image\"> <figure class=\"aligncenter size-full\"><img loading=\"lazy\" decoding=\"async\" width=\"720\" height=\"540\" src=\"https:\/\/shuliybaler.com\/wp-content\/uploads\/2026\/04\/tire-cutter-machine.webp\" alt=\"m\u00e1quina de corte de pneus\" class=\"wp-image-3671\" title=\"\" srcset=\"https:\/\/shuliybaler.com\/wp-content\/uploads\/2026\/04\/tire-cutter-machine.webp 720w, https:\/\/shuliybaler.com\/wp-content\/uploads\/2026\/04\/tire-cutter-machine-360x270.webp 360w, https:\/\/shuliybaler.com\/wp-content\/uploads\/2026\/04\/tire-cutter-machine-180x135.webp 180w, https:\/\/shuliybaler.com\/wp-content\/uploads\/2026\/04\/tire-cutter-machine-16x12.webp 16w\" sizes=\"auto, (max-width: 720px) 100vw, 720px\" \/><figcaption class=\"wp-element-caption\">m\u00e1quina de corte de pneus<\/figcaption><\/figure> <\/div>   <h2 class=\"wp-block-heading\"><strong>Mat\u00e9rias-primas e produtos acabados<\/strong><\/h2>    <p>Este equipamento \u00e9 adequado para processamento de:<\/p>    <ul class=\"wp-block-list\"> <li>Pneus de autom\u00f3veis de passageiros<\/li>    <li>Pneus de caminh\u00e3o e autocarro<\/li>    <li>Pneus de borracha de descarte (di\u00e2metro \u2264 1200 mm)<\/li> <\/ul>    <p>Pr\u00e9-corta esses pneus de descarte \u2014 seja em tiras ou se\u00e7\u00f5es de banda de rodagem \u2014 para produzir blocos de borracha uniformes (50\u201380 mm) como produto final.<\/p>    <p>Esta m\u00e1quina de corte de blocos de pneus \u00e9 ideal para integra\u00e7\u00e3o com os seguintes equipamentos ou linhas de produ\u00e7\u00e3o:<\/p>    <ul class=\"wp-block-list\"> <li>Trituradores de pneus<\/li>    <li>Moinhos de borracha<\/li>    <li>Sistemas de pir\u00f3lise<\/li>    <li>Linhas de produ\u00e7\u00e3o de granulado de borracha<\/li> <\/ul>   <div class=\"wp-block-image\"> <figure class=\"aligncenter size-full\"><img loading=\"lazy\" decoding=\"async\" width=\"720\" height=\"540\" src=\"https:\/\/shuliybaler.com\/wp-content\/uploads\/2026\/04\/tire-blocks.webp\" alt=\"blocos de pneus\" class=\"wp-image-3673\" title=\"\" srcset=\"https:\/\/shuliybaler.com\/wp-content\/uploads\/2026\/04\/tire-blocks.webp 720w, https:\/\/shuliybaler.com\/wp-content\/uploads\/2026\/04\/tire-blocks-360x270.webp 360w, https:\/\/shuliybaler.com\/wp-content\/uploads\/2026\/04\/tire-blocks-180x135.webp 180w, https:\/\/shuliybaler.com\/wp-content\/uploads\/2026\/04\/tire-blocks-16x12.webp 16w\" sizes=\"auto, (max-width: 720px) 100vw, 720px\" \/><figcaption class=\"wp-element-caption\">blocos de pneus<\/figcaption><\/figure> <\/div>   <h2 class=\"wp-block-heading\"><strong>Princ\u00edpio de funcionamento da m\u00e1quina de corte de pneus<\/strong><\/h2>    <p>The tire block cutting machine operates using a &#8220;hydraulic + mechanical&#8221; cutting system:<\/p>    <p>Ap\u00f3s colocar um pneu inteiro na cuba de alimenta\u00e7\u00e3o, um cilindro hidr\u00e1ulico empurra o pneu em dire\u00e7\u00e3o \u00e0s l\u00e2minas de corte.<\/p>    <p>Por fim, l\u00e2minas de alta resist\u00eancia cortam o pneu em blocos de tamanho uniforme. Os blocos de borracha cortados caem atrav\u00e9s da porta de descarga para passar \u00e0 pr\u00f3xima etapa de processamento.<\/p>    <p>Este m\u00e9todo operacional \u2014 que combina for\u00e7a mec\u00e2nica com press\u00e3o hidr\u00e1ulica \u2014 permite que o equipamento corte materiais de borracha espessos de forma eficiente e segura.<\/p>    <h2 class=\"wp-block-heading\"><strong>Como escolher o cortador de blocos de pneus adequado?<\/strong><\/h2>    <p>Ao selecionar equipamentos, considere os seguintes fatores:<\/p>    <ol class=\"wp-block-list\"> <li><strong>Requisitos de capacidade de produ\u00e7\u00e3o:<\/strong> Se operar uma instala\u00e7\u00e3o de tamanho m\u00e9dio que requer uma produ\u00e7\u00e3o de 20\u201330 pneus por hora, esta m\u00e1quina de corte de blocos de pneus \u00e9 uma op\u00e7\u00e3o ideal. Para opera\u00e7\u00f5es de alta volume, a m\u00e1quina deve ser integrada em uma linha de produ\u00e7\u00e3o de reciclagem de pneus completa.<\/li>    <li><strong>N\u00edvel de automa\u00e7\u00e3o:<\/strong> Modelos semi-autom\u00e1ticos s\u00e3o de menor custo, enquanto modelos totalmente autom\u00e1ticos oferecem maior efici\u00eancia e reduzem custos de m\u00e3o-de-obra.<\/li>    <li><strong>Qualidade da l\u00e2mina:<\/strong> L\u00e2minas devem ser constru\u00eddas com materiais resistentes ao desgaste (por exemplo, a\u00e7o liga). Se tiver requisitos espec\u00edficos ou necessidades adicionais, sinta-se \u00e0 vontade para nos consultar diretamente.<\/li> <\/ol>   <div class=\"wp-block-image\"> <figure class=\"aligncenter size-full\"><img loading=\"lazy\" decoding=\"async\" width=\"720\" height=\"540\" src=\"https:\/\/shuliybaler.com\/wp-content\/uploads\/2026\/04\/tire-block-cutting-machine.webp\" alt=\"m\u00e1quina de corte de blocos de pneus\" class=\"wp-image-3674\" title=\"\" srcset=\"https:\/\/shuliybaler.com\/wp-content\/uploads\/2026\/04\/tire-block-cutting-machine.webp 720w, https:\/\/shuliybaler.com\/wp-content\/uploads\/2026\/04\/tire-block-cutting-machine-360x270.webp 360w, https:\/\/shuliybaler.com\/wp-content\/uploads\/2026\/04\/tire-block-cutting-machine-180x135.webp 180w, https:\/\/shuliybaler.com\/wp-content\/uploads\/2026\/04\/tire-block-cutting-machine-16x12.webp 16w\" sizes=\"auto, (max-width: 720px) 100vw, 720px\" \/><figcaption class=\"wp-element-caption\">m\u00e1quina de corte de blocos de pneus<\/figcaption><\/figure> <\/div>  <div id=\"rank-math-faq\" class=\"rank-math-block\"> <div class=\"rank-math-list\"> <div id=\"faq-question-1777256802472\" class=\"rank-math-list-item\"> <h3 class=\"rank-math-question\">Este equipamento pode cortar pneus inteiros diretamente?<\/h3> <div class=\"rank-math-answer\">  <p>Sim. Modelos avan\u00e7ados podem cortar pneus inteiros sem pr\u00e9-processamento, especialmente aqueles com di\u00e2metro inferior a 1200 mm.<\/p>  <\/div> <\/div> <div id=\"faq-question-1777256828159\" class=\"rank-math-list-item\"> <h3 class=\"rank-math-question\">Qual \u00e9 o tamanho de sa\u00edda ideal para reciclagem?<\/h3> <div class=\"rank-math-answer\">  <p>A maioria das linhas de reciclagem requer blocos de 50\u201380 mm, pois s\u00e3o ideais para trituradores e moinhos.<\/p>  <\/div> <\/div> <div id=\"faq-question-1777256841148\" class=\"rank-math-list-item\"> <h3 class=\"rank-math-question\">Por que n\u00e3o alimentar pneus inteiros em um triturador diretamente?<\/h3> <div class=\"rank-math-answer\">  <p>Fazer isso diretamente aceleraria o desgaste das l\u00e2minas e poderia causar bloqueios, reduzindo a efici\u00eancia. Pr\u00e9-cortar os pneus em peda\u00e7os melhora o desempenho geral de todo o sistema.<\/p>  <\/div> <\/div> <div id=\"faq-question-1777256910945\" class=\"rank-math-list-item\"> <h3 class=\"rank-math-question\">Quais ind\u00fastrias usam esta m\u00e1quina de corte de blocos de pneus?<\/h3> <div class=\"rank-math-answer\">  <p>Para plantas de reciclagem de pneus, f\u00e1bricas de p\u00f3 de borracha, plantas de pir\u00f3lise ou empresas de gest\u00e3o de res\u00edduos<\/p>  <\/div> <\/div> <\/div> <\/div>   <p>Transformando pneus de descarte volumosos em blocos de borracha uniformes e f\u00e1ceis de manusear, o cortador de blocos de pneus aumenta significativamente a efici\u00eancia operacional, reduz os custos operacionais e otimiza o desempenho do equipamento de processamento a jusante.<\/p>    <p>Para empresas que operam na ind\u00fastria de reciclagem de pneus, investir em um cortador de blocos de pneus altamente eficiente e totalmente automatizado \u00e9, sem d\u00favida, uma decis\u00e3o prudente com potencial substancial para expans\u00e3o futura. Se estiver interessado em nossos produtos, entre em contato conosco para informa\u00e7\u00f5es detalhadas de pre\u00e7os.<\/p>    <p>Outros equipamentos de processamento de pneus: <\/p>    <ul class=\"wp-block-list\"> <li><a href=\"https:\/\/shuliybaler.com\/pt\/product\/scrap-hydraulic-tyre-baling-machine\/\">M\u00e1quina enfardadeira hidr\u00e1ulica de sucata para reciclagem de pneus<\/a><\/li>    <li><a href=\"https:\/\/shuliybaler.com\/pt\/product\/scrap-metal-shredder-machine\/\">M\u00e1quina trituradora de pneus usados<\/a><\/li> <\/ul>","protected":false},"excerpt":{"rendered":"<p>The tire block cutter is capable of cutting whole waste tires into uniformly sized rubber blocks ranging from 50 to 80 millimeters. This enhances the efficiency of subsequent shredding processes, reduces labor costs, and ensures a consistent output suitable for recycling and pyrolysis applications.<\/p>","protected":false},"author":1,"featured_media":3675,"parent":0,"template":"","meta":{"product_tpl_data":{"subtitle":"","param_summary":"","model_summary_title":"","model_summary":"","model_series":[],"finished_product_title":"","raw_materials_title":"","process_title":"","endsummary":""},"product_extra_property":[{"pname":"Function","pvalue":"Cut the whole tire into blocks"},{"pname":"Tire diameter","pvalue":"\uff1c1200 mm"},{"pname":"Capacity","pvalue":"20\u201330 pcs\/hour"},{"pname":"Cut the whole tire into blocks","pvalue":"50\u201380 mm"},{"pname":"Power","pvalue":"40.5 kW, 380V, 50Hz"},{"pname":"Dimension","pvalue":"2000 \u00d7 1800 \u00d7 1580 mm"},{"pname":"Weight","pvalue":"1800 kg"}],"product_extra_image":"3671,3672,3674,3673"},"tags":[85],"product-type":[91],"class_list":["post-3670","product","type-product","status-publish","has-post-thumbnail","hentry","tag-tire","product-type-other-recycling-machine"],"light_meta":{"product_tpl_data":{"subtitle":"","param_summary":"","model_summary_title":"","model_summary":"","model_series":"","finished_product_title":"","raw_materials_title":"","process_title":"","endsummary":""},"rank_math_internal_links_processed":"1","rank_math_seo_score":"82","rank_math_focus_keyword":"tire block cutting machine","rank_math_title":"Tire Block Cutting Machine For Scrap Rubber Recycling","rank_math_description":"This tire block cutting machine cuts tires (with a diameter of \u22641200 mm) into rubber blocks ranging from 50-80 mm with an output of 20-30 tires per hour.","rank_math_og_content_image":{"check":"f4c4d6a8a46706b18fbc9a76c71e33e8","images":[3672]},"product_extra_property":{"1":{"pname":"Function","pvalue":"Cut the whole tire into blocks"},"2":{"pname":"Tire diameter","pvalue":"\uff1c1200 mm"},"3":{"pname":"Capacity","pvalue":"20\u201330 pcs\/hour"},"4":{"pname":"Cut the whole tire into blocks","pvalue":"50\u201380 mm"},"5":{"pname":"Power","pvalue":"40.5 kW, 380V, 50Hz"},"6":{"pname":"Dimension","pvalue":"2000 \u00d7 1800 \u00d7 1580 mm"},"7":{"pname":"Weight","pvalue":"1800 kg"}},"product_extra_image":"3671,3672,3674,3673","_oembed_b36e0d7498a27da9ec529da478442216":"<iframe title=\"Tire Block Cutting Machine | Cut Whole Tires into 50\u201380mm Rubber Blocks Efficiently\" width=\"500\" height=\"281\" src=\"https:\/\/www.youtube.com\/embed\/6nKF7r2HliQ?feature=oembed\" frameborder=\"0\" allow=\"accelerometer; autoplay; clipboard-write; encrypted-media; gyroscope; picture-in-picture; web-share\" referrerpolicy=\"strict-origin-when-cross-origin\" allowfullscreen><\/iframe>","_oembed_time_b36e0d7498a27da9ec529da478442216":"1777280116","rank_math_schema_VideoObject":{"@type":"VideoObject","metadata":{"title":"Video","type":"template","shortcode":"s-69ef247792592","isPrimary":true,"reviewLocationShortcode":"[rank_math_rich_snippet]","category":"%categories%","tags":"%tags%","isAutoGenerated":true},"name":"M\u00e1quina de Corte de Blocos de Pneus | Corte Pneus Inteiros em Blocos de Borracha de 50\u201380mm de Forma Eficiente","description":"WhatsApp: https:\/\/wa.me\/ 8617703863868 Email: info@shuliybaler.comWebsite:https:\/\/shuliybaler.com\/product\/tire-block-cutting-machine\/Descubra como o bl...","uploadDate":"2026-04-27T01:54:42-07:00","thumbnailUrl":"https:\/\/shuliybaler.com\/wp-content\/uploads\/2026\/04\/tire-block-cutting-machine-cut-w.jpg","embedUrl":"https:\/\/www.youtube.com\/embed\/6nKF7r2HliQ","contentUrl":"","duration":"PT3M0S","width":"1280","height":"720","isFamilyFriendly":true}},"seo_meta":{"title":"M\u00e1quina de Corte de Blocos de Pneus para Reciclagem de Borracha de Descarte","description":"Esta m\u00e1quina de corte de blocos de pneus corta pneus (com di\u00e2metro \u22641200 mm) em blocos de borracha de 50-80 mm, com uma produ\u00e7\u00e3o de 20-30 pneus por hora.","focusKeyword":"tire block cutting machine","canonicalUrl":"https:\/\/shuliybaler.com\/pt\/product\/tire-block-cutting-machine\/","robots":["index","follow"],"ogTitle":"Tire Block Cutting Machine For Scrap Rubber Recycling","ogDescription":"This tire block cutting machine cuts tires (with a diameter of \u22641200 mm) into rubber blocks ranging from 50-80 mm with an output of 20-30 tires per hour.","ogImage":"https:\/\/shuliybaler.com\/wp-content\/uploads\/2026\/04\/automatic-tire-block-cutting-machine.webp","twitterTitle":"Tire Block Cutting Machine For Scrap Rubber Recycling","twitterDescription":"This tire block cutting machine cuts tires (with a diameter of \u22641200 mm) into rubber blocks ranging from 50-80 mm with an output of 20-30 tires per hour.","twitterImage":"https:\/\/shuliybaler.com\/wp-content\/uploads\/2026\/04\/automatic-tire-block-cutting-machine.webp","primaryCategory":0,"seoScore":82,"schemas":{"VideoObject":{"type":"VideoObject","data":{"@type":"VideoObject","metadata":{"title":"Video","type":"template","shortcode":"s-69ef247792592","isPrimary":true,"reviewLocationShortcode":"[rank_math_rich_snippet]","category":"%categories%","tags":"%tags%","isAutoGenerated":true},"name":"M\u00e1quina de Corte de Blocos de Pneus | Corte Pneus Inteiros em Blocos de Borracha de 50\u201380mm de Forma Eficiente","description":"WhatsApp: https:\/\/wa.me\/ 8617703863868 Email: info@shuliybaler.comWebsite:https:\/\/shuliybaler.com\/product\/tire-block-cutting-machine\/Descubra como o bl...","uploadDate":"2026-04-27T01:54:42-07:00","thumbnailUrl":"https:\/\/shuliybaler.com\/wp-content\/uploads\/2026\/04\/tire-block-cutting-machine-cut-w.jpg","embedUrl":"https:\/\/www.youtube.com\/embed\/6nKF7r2HliQ","contentUrl":"","duration":"PT3M0S","width":"1280","height":"720","isFamilyFriendly":true}}},"source":"rank_math"},"_links":{"self":[{"href":"https:\/\/shuliybaler.com\/pt\/wp-json\/wp\/v2\/product\/3670","targetHints":{"allow":["GET"]}}],"collection":[{"href":"https:\/\/shuliybaler.com\/pt\/wp-json\/wp\/v2\/product"}],"about":[{"href":"https:\/\/shuliybaler.com\/pt\/wp-json\/wp\/v2\/types\/product"}],"author":[{"embeddable":true,"href":"https:\/\/shuliybaler.com\/pt\/wp-json\/wp\/v2\/users\/1"}],"wp:featuredmedia":[{"embeddable":true,"href":"https:\/\/shuliybaler.com\/pt\/wp-json\/wp\/v2\/media\/3675"}],"wp:attachment":[{"href":"https:\/\/shuliybaler.com\/pt\/wp-json\/wp\/v2\/media?parent=3670"}],"wp:term":[{"taxonomy":"post_tag","embeddable":true,"href":"https:\/\/shuliybaler.com\/pt\/wp-json\/wp\/v2\/tags?post=3670"},{"taxonomy":"product-type","embeddable":true,"href":"https:\/\/shuliybaler.com\/pt\/wp-json\/wp\/v2\/product-type?post=3670"}],"curies":[{"name":"wp","href":"https:\/\/api.w.org\/{rel}","templated":true}]}}