{"id":462,"date":"2019-12-10T14:17:29","date_gmt":"2019-12-10T06:17:29","guid":{"rendered":"https:\/\/shuliybaler.com\/?p=462"},"modified":"2022-12-29T16:05:20","modified_gmt":"2022-12-29T08:05:20","slug":"vertical-metal-baler","status":"publish","type":"product","link":"https:\/\/shuliybaler.com\/pt\/product\/vertical-metal-baler\/","title":{"rendered":"Enfardadeira vertical de metal | m\u00e1quina enfardadeira de reciclagem"},"content":{"rendered":"<p>A enfardadeira de metal vertical tamb\u00e9m \u00e9 chamada de enfardadeira de reciclagem, enfardadeira hidr\u00e1ulica vertical e assim por diante. Utiliza o princ\u00edpio hidr\u00e1ulico para comprimir os res\u00edduos de mat\u00e9rias-primas met\u00e1licas, de forma a economizar espa\u00e7o e facilitar o transporte. Como esta m\u00e1quina pode ser usada para lidar com uma variedade de materiais, adequada para comprimir palha, l\u00e3, casca de amendoim, l\u00fapulo, couro, materiais de vestu\u00e1rio, res\u00edduos de papel, res\u00edduos de pl\u00e1stico, res\u00edduos de metal, latas, etc., ela tamb\u00e9m \u00e9 chamada de enfardadeira hidr\u00e1ulica multifuncional.<\/p>   <div class=\"wp-block-image\"> <figure class=\"aligncenter size-large\"><img loading=\"lazy\" decoding=\"async\" width=\"720\" height=\"540\" src=\"https:\/\/shuliybaler.com\/wp-content\/uploads\/2019\/12\/vertical-metal-baler-1.jpg\" alt=\"enfardadeira vertical de metal\" class=\"wp-image-478\" title=\"\" srcset=\"https:\/\/shuliybaler.com\/wp-content\/uploads\/2019\/12\/vertical-metal-baler-1.jpg 720w, https:\/\/shuliybaler.com\/wp-content\/uploads\/2019\/12\/vertical-metal-baler-1-360x270.jpg 360w, https:\/\/shuliybaler.com\/wp-content\/uploads\/2019\/12\/vertical-metal-baler-1-180x135.jpg 180w\" sizes=\"auto, (max-width: 720px) 100vw, 720px\" \/><figcaption class=\"wp-element-caption\">enfardadeira vertical de metal<\/figcaption><\/figure> <\/div>   <h2 class=\"wp-block-heading\" id=\"h-structure-of-vertical-metal-baler\">Estrutura da enfardadeira vertical de metal<\/h2>   <div class=\"wp-block-image\"> <figure class=\"aligncenter size-full\"><img loading=\"lazy\" decoding=\"async\" width=\"720\" height=\"750\" src=\"https:\/\/shuliybaler.com\/wp-content\/uploads\/2019\/12\/1ca47c90.jpg\" alt=\"Enfardadeira de sucata de pneus\" class=\"wp-image-2454\" title=\"\"><figcaption class=\"wp-element-caption\">Enfardadeira de sucata de pneus<\/figcaption><\/figure> <\/div>   <ol class=\"wp-block-list\"> <li>Fuselagem. A fuselagem inclui uma placa de base e dois defletores laterais m\u00f3veis dianteiros e traseiros. De acordo com as diferentes capacidades de produ\u00e7\u00e3o da m\u00e1quina, o n\u00famero de ranhuras para cabos no piso da m\u00e1quina tamb\u00e9m \u00e9 diferente. <\/li>    <li>Defletor superior. O defletor de prensa superior fica diretamente acima do compartimento de alimenta\u00e7\u00e3o da m\u00e1quina. Quando a m\u00e1quina est\u00e1 funcionando, a placa defletora superior \u00e9 acionada pelo sistema hidr\u00e1ulico, que comprime continuamente o espa\u00e7o dentro do silo de alimenta\u00e7\u00e3o e comprime os materiais.<\/li>    <li>Sistema hidr\u00e1ulico. O sistema hidr\u00e1ulico \u00e9 o sistema central da m\u00e1quina, que \u00e9 composto por tubula\u00e7\u00e3o, tanque de \u00f3leo, bomba hidr\u00e1ulica, v\u00e1lvula, etc.<\/li> <\/ol>    <figure class=\"wp-block-embed is-type-video is-provider-youtube wp-block-embed-youtube wp-embed-aspect-16-9 wp-has-aspect-ratio\"><div class=\"wp-block-embed__wrapper\"> <iframe loading=\"lazy\" title=\"M\u00e1quina enfardadeira para res\u00edduos de papel | enfardadeira de algod\u00e3o | enfardadeira de latas | m\u00e1quina enfardadeira de reciclagem\" width=\"500\" height=\"281\" src=\"https:\/\/www.youtube.com\/embed\/QZtXuzoCVkA?feature=oembed\" frameborder=\"0\" allow=\"accelerometer; autoplay; clipboard-write; encrypted-media; gyroscope; picture-in-picture; web-share\" referrerpolicy=\"strict-origin-when-cross-origin\" allowfullscreen><\/iframe> <\/div><\/figure>    <h2 class=\"wp-block-heading\" id=\"h-how-does-a-recycling-baler-work\">Como funciona uma enfardadeira de reciclagem?<\/h2>   <div class=\"wp-block-image\"> <figure class=\"aligncenter size-full\"><img loading=\"lazy\" decoding=\"async\" width=\"720\" height=\"750\" src=\"https:\/\/shuliybaler.com\/wp-content\/uploads\/2019\/12\/1942c7a8.jpg\" alt=\"embalagem de garrafa de pl\u00e1stico\" class=\"wp-image-2453\" title=\"\"><figcaption class=\"wp-element-caption\">embalagem de garrafa de pl\u00e1stico<\/figcaption><\/figure> <\/div>   <p>Primeiro coloque todos os tipos de res\u00edduos (res\u00edduos de metal, garrafas pl\u00e1sticas, res\u00edduos de roupas, etc.) no recipiente de alimenta\u00e7\u00e3o. Ligue o interruptor da m\u00e1quina e o defletor superior ir\u00e1 abaixar gradualmente, comprimindo o material em um feixe c\u00fabico compacto. Depois que a m\u00e1quina terminar seu trabalho, abra os defletores dianteiro e traseiro e use arame de ferro, corda, tiras de tecido, etc. para agrupar o material comprimido com firmeza e garantir sua estrutura compacta.<\/p>    <h2 class=\"wp-block-heading\" id=\"h-what-s-the-difference-between-a-vertical-metal-baler-and-a-horizontal-one\">Qual \u00e9 a diferen\u00e7a entre uma enfardadeira de metal vertical e uma horizontal?<\/h2>    <p>De modo geral, a enfardadeira horizontal tem maior rendimento e os materiais processados \u200b\u200b\u200b\u200bn\u00e3o precisam ser amarrados com corda. Ao processar materiais de grande densidade e grande volume, geralmente s\u00e3o usadas enfardadeiras verticais de metal. No entanto, as enfardadeiras verticais s\u00e3o mais amplamente utilizadas. Al\u00e9m do mais, o espa\u00e7o da enfardadeira vertical de metal \u00e9 pequeno.<\/p>    <figure class=\"wp-block-gallery has-nested-images columns-default is-cropped wp-block-gallery-2 is-layout-flex wp-block-gallery-is-layout-flex\"> <figure class=\"wp-block-image size-large\"><img loading=\"lazy\" decoding=\"async\" width=\"720\" height=\"540\" data-id=\"480\" src=\"https:\/\/shuliybaler.com\/wp-content\/uploads\/2019\/12\/recycling-baler-1.jpg\" alt=\"enfardadeira de reciclagem\" class=\"wp-image-480\" title=\"\" srcset=\"https:\/\/shuliybaler.com\/wp-content\/uploads\/2019\/12\/recycling-baler-1.jpg 720w, https:\/\/shuliybaler.com\/wp-content\/uploads\/2019\/12\/recycling-baler-1-360x270.jpg 360w, https:\/\/shuliybaler.com\/wp-content\/uploads\/2019\/12\/recycling-baler-1-180x135.jpg 180w\" sizes=\"auto, (max-width: 720px) 100vw, 720px\" \/><figcaption class=\"wp-element-caption\">Enfardadeira de reciclagem<\/figcaption><\/figure>    <figure class=\"wp-block-image size-large\"><img loading=\"lazy\" decoding=\"async\" width=\"720\" height=\"540\" data-id=\"481\" src=\"https:\/\/shuliybaler.com\/wp-content\/uploads\/2019\/12\/application-range-of-the-hydraulic-baler-1.jpg\" alt=\"faixa de aplica\u00e7\u00e3o da enfardadeira hidr\u00e1ulica\" class=\"wp-image-481\" title=\"\" srcset=\"https:\/\/shuliybaler.com\/wp-content\/uploads\/2019\/12\/application-range-of-the-hydraulic-baler-1.jpg 720w, https:\/\/shuliybaler.com\/wp-content\/uploads\/2019\/12\/application-range-of-the-hydraulic-baler-1-360x270.jpg 360w, https:\/\/shuliybaler.com\/wp-content\/uploads\/2019\/12\/application-range-of-the-hydraulic-baler-1-180x135.jpg 180w\" sizes=\"auto, (max-width: 720px) 100vw, 720px\" \/><figcaption class=\"wp-element-caption\">Faixa de aplica\u00e7\u00e3o da enfardadeira hidr\u00e1ulica<\/figcaption><\/figure> <\/figure>    <h2 class=\"wp-block-heading\" id=\"h-features-of-recycling-baler\">Caracter\u00edsticas da m\u00e1quina enfardadeira de reciclagem<\/h2>    <p>1. Amplamente utilizado.<\/p>    <ul class=\"wp-block-list\"> <li>Pode ser utilizado para comprimir res\u00edduos agr\u00edcolas, como palha, casca de amendoim, algod\u00e3o, etc.<\/li>    <li>Pode ser usado para embalar materiais pecu\u00e1rios, como feno, l\u00e3, etc.<\/li>    <li>Embalagem de res\u00edduos industriais, como diversos produtos pl\u00e1sticos, garrafas pl\u00e1sticas, filmes pl\u00e1sticos, restos de metal, latas de alum\u00ednio, baldes de ferro, etc.<\/li> <\/ul>    <p>2. Economize espa\u00e7o. Por um lado, a m\u00e1quina ocupa pouco espa\u00e7o e n\u00e3o requer muito espa\u00e7o para us\u00e1-la. Por outro lado, os materiais comprimidos podem economizar espa\u00e7o de armazenamento.<br> 3. Ampla sele\u00e7\u00e3o. A faixa de press\u00e3o da m\u00e1quina est\u00e1 entre 10 toneladas e 200 toneladas. Durante esta gama, os clientes podem escolher de acordo com as suas necessidades.<br> 4. Resist\u00eancia \u00e0 corros\u00e3o. Alguns res\u00edduos podem conter l\u00edquidos e materiais corrosivos. A m\u00e1quina \u00e9 feita de material espessado e revestida com tinta anticorrosiva.<br> 5. Personaliza\u00e7\u00e3o de suporte. Os clientes podem personalizar o tamanho do bloco de sa\u00edda, o tamanho da m\u00e1quina, o tamanho da press\u00e3o, etc. para facilitar a fus\u00e3o do forno, o transporte, etc.<\/p>   <div class=\"wp-block-image\"> <figure class=\"aligncenter size-large\"><img loading=\"lazy\" decoding=\"async\" width=\"720\" height=\"540\" src=\"https:\/\/shuliybaler.com\/wp-content\/uploads\/2019\/12\/big-capacity-of-the-metal-baler-1.jpg\" alt=\"grande capacidade da enfardadeira de metal\" class=\"wp-image-483\" title=\"\" srcset=\"https:\/\/shuliybaler.com\/wp-content\/uploads\/2019\/12\/big-capacity-of-the-metal-baler-1.jpg 720w, https:\/\/shuliybaler.com\/wp-content\/uploads\/2019\/12\/big-capacity-of-the-metal-baler-1-360x270.jpg 360w, https:\/\/shuliybaler.com\/wp-content\/uploads\/2019\/12\/big-capacity-of-the-metal-baler-1-180x135.jpg 180w\" sizes=\"auto, (max-width: 720px) 100vw, 720px\" \/><figcaption class=\"wp-element-caption\">grande capacidade da enfardadeira de metal<\/figcaption><\/figure> <\/div>   <h2 class=\"wp-block-heading\" id=\"h-technical-parameters-of-vertical-metal-baler\"><strong>Par\u00e2metros t\u00e9cnicos da enfardadeira vertical de metal<\/strong><\/h2>   <div class=\"wp-block-image\"> <figure class=\"aligncenter size-full\"><img loading=\"lazy\" decoding=\"async\" width=\"720\" height=\"750\" src=\"https:\/\/shuliybaler.com\/wp-content\/uploads\/2019\/12\/wKh-1-2.jpg\" alt=\"m\u00e1quina enfardadeira de reciclagem\" class=\"wp-image-2452\" title=\"\"><figcaption class=\"wp-element-caption\">m\u00e1quina enfardadeira de reciclagem<\/figcaption><\/figure> <\/div>   <figure class=\"wp-block-table\"><table class=\"\"><tbody><tr><td><strong>&nbsp;<\/strong><\/td><td><strong>Tipo <\/strong><strong><\/strong><\/td><td><strong>di\u00e2metro do cilindro<\/strong><strong><\/strong><\/td><td><strong>Pot\u00eancia (Kw)<\/strong><strong><\/strong><\/td><td><strong>Tamanho do bloco<\/strong><strong><\/strong><\/td><td><strong>Tamanho da m\u00e1quina<\/strong><strong><\/strong><\/td><td><strong>Peso do bloco <\/strong><strong><\/strong><\/td><td><strong>Peso da m\u00e1quina <\/strong><strong><\/strong><\/td><\/tr><tr><td rowspan=\"6\"><strong>Alavanca hidr\u00e1ulica \u00fanica<\/strong><strong><\/strong><\/td><td><strong>10T<\/strong><strong><\/strong><\/td><td><strong>115<\/strong><strong><\/strong><\/td><td><strong>7.5<\/strong><strong><\/strong><\/td><td><strong>80*40*80<\/strong><strong><\/strong><\/td><td><strong>1.5*0.7*2.7<\/strong><strong><\/strong><\/td><td><strong>130<\/strong><strong><\/strong><\/td><td><strong>500<\/strong><strong><\/strong><\/td><\/tr><tr><td><strong>20T<\/strong><strong><\/strong><\/td><td><strong>140<\/strong><strong><\/strong><\/td><td><strong>7.5<\/strong><strong><\/strong><\/td><td><strong>80*40*80<\/strong><strong><\/strong><\/td><td><strong>1.5*0.7*2.8<\/strong><strong><\/strong><\/td><td><strong>150<\/strong><strong><\/strong><\/td><td><strong>550<\/strong><strong><\/strong><\/td><\/tr><tr><td><strong>30T<\/strong><strong><\/strong><\/td><td><strong>160<\/strong><strong><\/strong><\/td><td><strong>11<\/strong><strong><\/strong><\/td><td><strong>80*40*80<\/strong><strong><\/strong><\/td><td><strong>1.5*0.7*2.8<\/strong><strong><\/strong><\/td><td><strong>200<\/strong><strong><\/strong><\/td><td><strong>600<\/strong><strong><\/strong><\/td><\/tr><tr><td><strong>30T<\/strong><strong><\/strong><\/td><td><strong>160<\/strong><strong><\/strong><\/td><td><strong>11<\/strong><strong><\/strong><\/td><td><strong>80*60*80<\/strong><strong><\/strong><\/td><td><strong>1.5*0.85*2.8<\/strong><strong><\/strong><\/td><td><strong>260<\/strong><strong><\/strong><\/td><td><strong>650<\/strong><strong><\/strong><\/td><\/tr><tr><td><strong>30T<\/strong><strong><\/strong><\/td><td><strong>160<\/strong><strong><\/strong><\/td><td><strong>11<\/strong><strong><\/strong><\/td><td><strong>100*60*80<\/strong><strong><\/strong><\/td><td><strong>1.75*0.85*2.8<\/strong><strong><\/strong><\/td><td><strong>300<\/strong><strong><\/strong><\/td><td><strong>700<\/strong><strong><\/strong><\/td><\/tr><tr><td><strong>40T<\/strong><strong><\/strong><\/td><td><strong>180<\/strong><strong><\/strong><\/td><td><strong>11<\/strong><strong><\/strong><\/td><td><strong>100*60*80<\/strong><strong><\/strong><\/td><td><strong>1.75*0.85*2.8<\/strong><strong><\/strong><\/td><td><strong>350<\/strong><strong><\/strong><\/td><td><strong>750<\/strong><strong><\/strong><\/td><\/tr><tr><td rowspan=\"5\"><strong>Alavanca hidr\u00e1ulica dupla<\/strong><strong><\/strong><\/td><td><strong>30T<\/strong><strong><\/strong><\/td><td><strong>115<\/strong><strong><\/strong><\/td><td><strong>11<\/strong><strong><\/strong><\/td><td><strong>100*60*80<\/strong><strong><\/strong><\/td><td><strong>1.75*0.85*2.8<\/strong><strong><\/strong><\/td><td><strong>300<\/strong><strong><\/strong><\/td><td><strong>700<\/strong><strong><\/strong><\/td><\/tr><tr><td><strong>40T<\/strong><strong><\/strong><\/td><td><strong>140<\/strong><strong><\/strong><\/td><td><strong>11<\/strong><strong><\/strong><\/td><td><strong>100*60*80<\/strong><strong><\/strong><\/td><td><strong>1.75*0.85*2.8<\/strong><strong><\/strong><\/td><td><strong>400<\/strong><strong><\/strong><\/td><td><strong>800<\/strong><strong><\/strong><\/td><\/tr><tr><td><strong>60T<\/strong><strong><\/strong><\/td><td><strong>160<\/strong><strong><\/strong><\/td><td><strong>15<\/strong><strong><\/strong><\/td><td><strong>120*80*100<\/strong><strong><\/strong><\/td><td><strong>1.7*1*3.2<\/strong><strong><\/strong><\/td><td><strong>600<\/strong><strong><\/strong><\/td><td><strong>1300<\/strong><strong><\/strong><\/td><\/tr><tr><td><strong>80T<\/strong><strong><\/strong><\/td><td><strong>180<\/strong><strong><\/strong><\/td><td><strong>18.5<\/strong><strong><\/strong><\/td><td><strong>120*80*100<\/strong><strong><\/strong><\/td><td><strong>1.75*1.1*3.3<\/strong><strong><\/strong><\/td><td><strong>800<\/strong><strong><\/strong><\/td><td><strong>1450<\/strong><strong><\/strong><\/td><\/tr><tr><td><strong>100T<\/strong><strong><\/strong><\/td><td><strong>180<\/strong><strong><\/strong><\/td><td><strong>22<\/strong><strong><\/strong><\/td><td><strong>120*80*100<\/strong><strong><\/strong><\/td><td><strong>1.75*1.1*3.3<\/strong><strong><\/strong><\/td><td><strong>900<\/strong><strong><\/strong><\/td><td><strong>1600<\/strong><strong><\/strong><\/td><\/tr><\/tbody><\/table><\/figure>    <p><\/p>    <p class=\"translation-block\">De acordo com este quadro de par\u00e2metros, esta m\u00e1quina de balers de reciclagem possui uma variedade de modelos. Quando recomendamos aos clientes que escolham o modelo da compactadora, determinamos principalmente o modelo da m\u00e1quina de acordo com os itens embalados pelo cliente. Por exemplo, <a href=\"https:\/\/shuliybaler.com\/pt\/application-of-cotton-baler-machine\/\">se o cliente quiser embalar algod\u00e3o e papel\u00e3o residual, pode-se usar uma m\u00e1quina menor.<\/a> Se o cliente quiser embalar pneus ou tambores de ferro, \u00e9 necess\u00e1rio uma m\u00e1quina maior.<\/p>   <div class=\"vlp-link-container vlp-layout-basic wp-block-visual-link-preview-link\"><a href=\"https:\/\/shuliybaler.com\/pt\/application-of-cotton-baler-machine\/\" class=\"vlp-link\" title=\"Aplica\u00e7\u00e3o de m\u00e1quina enfardadeira de algod\u00e3o\" rel=\"nofollow\" target=\"_blank\"><\/a><div class=\"vlp-layout-zone-side\"><div class=\"vlp-block-2 vlp-link-image\"><img decoding=\"async\" src=\"https:\/\/shuliybaler.com\/wp-content\/uploads\/2022\/06\/%E7%99%BD%E5%BA%95%E5%9B%BE1.jpg\" style=\"max-width: 150px; max-height: 150px\" alt=\"\" title=\"\"><\/div><\/div><div class=\"vlp-layout-zone-main\"><div class=\"vlp-block-0 vlp-link-title\">Aplica\u00e7\u00e3o de m\u00e1quina enfardadeira de algod\u00e3o<\/div><div class=\"vlp-block-1 vlp-link-summary\">O algod\u00e3o \u00e9 a fibra da semente da planta Gossypium da fam\u00edlia Malvaceae, nativa das regi\u00f5es subtropicais. A planta \u00e9 arbustiva e cresce at\u00e9 6 metros de altura<\/div><\/div><\/div>   <h2 class=\"wp-block-heading\">V\u00eddeo da enfardadeira vertical de metal<\/h2>    <figure class=\"wp-block-embed is-type-video is-provider-youtube wp-block-embed-youtube wp-embed-aspect-16-9 wp-has-aspect-ratio\"><div class=\"wp-block-embed__wrapper\"> <iframe loading=\"lazy\" title=\"O que voc\u00ea deseja embalar com a enfardadeira multiuso? | Como embalar res\u00edduos de papel?#baler\" width=\"500\" height=\"281\" src=\"https:\/\/www.youtube.com\/embed\/utYKwdaiwy8?feature=oembed\" frameborder=\"0\" allow=\"accelerometer; autoplay; clipboard-write; encrypted-media; gyroscope; picture-in-picture; web-share\" referrerpolicy=\"strict-origin-when-cross-origin\" allowfullscreen><\/iframe> <\/div><\/figure>","protected":false},"excerpt":{"rendered":"<p>A enfardadeira de metal vertical tamb\u00e9m \u00e9 chamada de enfardadeira de reciclagem, enfardadeira hidr\u00e1ulica vertical e assim por diante. Utiliza o princ\u00edpio hidr\u00e1ulico para comprimir os res\u00edduos de mat\u00e9rias-primas met\u00e1licas, de forma a economizar espa\u00e7o e facilitar o transporte. Como esta m\u00e1quina pode ser usada para lidar com uma variedade de materiais, adequada para comprimir palha, l\u00e3, casca de amendoim, l\u00fapulo, couro, materiais de vestu\u00e1rio, res\u00edduos de papel, res\u00edduos de pl\u00e1stico, res\u00edduos de metal, latas, etc., ela tamb\u00e9m \u00e9 chamada de enfardadeira hidr\u00e1ulica multifuncional.<\/p>","protected":false},"author":1,"featured_media":2450,"parent":0,"template":"","tags":[50,6],"product-type":[41],"class_list":["post-462","product","type-product","status-publish","has-post-thumbnail","hentry","tag-metal-baling-machine","tag-vertical-metal-baler","product-type-metal-baler-machine"],"_links":{"self":[{"href":"https:\/\/shuliybaler.com\/pt\/wp-json\/wp\/v2\/product\/462","targetHints":{"allow":["GET"]}}],"collection":[{"href":"https:\/\/shuliybaler.com\/pt\/wp-json\/wp\/v2\/product"}],"about":[{"href":"https:\/\/shuliybaler.com\/pt\/wp-json\/wp\/v2\/types\/product"}],"author":[{"embeddable":true,"href":"https:\/\/shuliybaler.com\/pt\/wp-json\/wp\/v2\/users\/1"}],"wp:featuredmedia":[{"embeddable":true,"href":"https:\/\/shuliybaler.com\/pt\/wp-json\/wp\/v2\/media\/2450"}],"wp:attachment":[{"href":"https:\/\/shuliybaler.com\/pt\/wp-json\/wp\/v2\/media?parent=462"}],"wp:term":[{"taxonomy":"post_tag","embeddable":true,"href":"https:\/\/shuliybaler.com\/pt\/wp-json\/wp\/v2\/tags?post=462"},{"taxonomy":"product-type","embeddable":true,"href":"https:\/\/shuliybaler.com\/pt\/wp-json\/wp\/v2\/product-type?post=462"}],"curies":[{"name":"wp","href":"https:\/\/api.w.org\/{rel}","templated":true}]}}