{"id":489,"date":"2019-12-10T17:43:43","date_gmt":"2019-12-10T09:43:43","guid":{"rendered":"https:\/\/shuliybaler.com\/?p=489"},"modified":"2022-12-27T10:12:54","modified_gmt":"2022-12-27T02:12:54","slug":"aluminum-can-baler","status":"publish","type":"product","link":"https:\/\/shuliybaler.com\/pt\/product\/aluminum-can-baler\/","title":{"rendered":"M\u00e1quina enfardadeira de latas de alum\u00ednio"},"content":{"rendered":"<p class=\"translation-block\">Uma m\u00e1quina de compacta\u00e7\u00e3o de latas de alum\u00ednio \u00e9 uma m\u00e1quina adequada para compactar e embalar v\u00e1rias <a href=\"https:\/\/en.wikipedia.org\/wiki\/Aluminum_can\" data-type=\"URL\" data-id=\"https:\/\/en.wikipedia.org\/wiki\/Aluminum_can\" target=\"_blank\" rel=\"noopener\">latas de alum\u00ednio<\/a>. \u00c9 uma pe\u00e7a de equipamento ideal para reciclar v\u00e1rias latas de metal.<\/p>    <figure class=\"wp-block-image size-full\"><img loading=\"lazy\" decoding=\"async\" width=\"720\" height=\"540\" src=\"https:\/\/shuliybaler.com\/wp-content\/uploads\/2019\/12\/metal-briquett-press-machine.jpg\" alt=\"m\u00e1quina de briquetagem de metal\" class=\"wp-image-2848\" title=\"\" srcset=\"https:\/\/shuliybaler.com\/wp-content\/uploads\/2019\/12\/metal-briquett-press-machine.jpg 720w, https:\/\/shuliybaler.com\/wp-content\/uploads\/2019\/12\/metal-briquett-press-machine-360x270.jpg 360w, https:\/\/shuliybaler.com\/wp-content\/uploads\/2019\/12\/metal-briquett-press-machine-180x135.jpg 180w\" sizes=\"auto, (max-width: 720px) 100vw, 720px\" \/><figcaption class=\"wp-element-caption\">M\u00e1quina enfardadeira de metal<\/figcaption><\/figure>    <h2 class=\"wp-block-heading\"><strong>A estrutura da lata de alum\u00ednio <\/strong><strong>enfardadeira<\/strong> m\u00e1quina<\/h2>    <p class=\"translation-block\">A <a href=\"https:\/\/shuliybaler.com\/pt\/product\/scrap-metal-baler\/\" data-type=\"URL\" data-id=\"https:\/\/shuliybaler.com\/product\/scrap-metal-baler\/\">m\u00e1quina de compacta\u00e7\u00e3o horizontal de metal<\/a> \u00e9 constitu\u00edda principalmente por um sistema hidr\u00e1ulico, um sistema de controlo e um sistema de alimenta\u00e7\u00e3o. As principais partes s\u00e3o tanques de \u00f3leo, bra\u00e7o telesc\u00f3pico hidr\u00e1ulico, c\u00e2mara de alimenta\u00e7\u00e3o, haste hidr\u00e1ulica lateral, placa de press\u00e3o, painel de controlo, mecanismo de Bloqueio, <\/p>    <h2 class=\"wp-block-heading\">Perspectiva de aplica\u00e7\u00e3o de enfardadeira hidr\u00e1ulica de metal<\/h2>    <p>Nos \u00faltimos dois anos, \u00e0 medida que a consci\u00eancia das pessoas sobre o desenvolvimento sustent\u00e1vel foi continuamente fortalecida, cada vez mais pessoas come\u00e7aram a prestar aten\u00e7\u00e3o \u00e0 reciclagem de recursos. Como uma das principais m\u00e1quinas na ind\u00fastria de reciclagem de metal, as enfardadeiras de latas de alum\u00ednio podem comprimir metais leves em blocos de metal de alta densidade, o que economiza muito espa\u00e7o de armazenamento e transporte.<\/p>   <div class=\"wp-block-image\"> <figure class=\"aligncenter size-large\"><img loading=\"lazy\" decoding=\"async\" width=\"720\" height=\"540\" src=\"https:\/\/shuliybaler.com\/wp-content\/uploads\/2019\/12\/the-working-process-of-the-metal-baler.jpg\" alt=\"o processo de trabalho da enfardadeira de metal\" class=\"wp-image-498\" title=\"\" srcset=\"https:\/\/shuliybaler.com\/wp-content\/uploads\/2019\/12\/the-working-process-of-the-metal-baler.jpg 720w, https:\/\/shuliybaler.com\/wp-content\/uploads\/2019\/12\/the-working-process-of-the-metal-baler-360x270.jpg 360w, https:\/\/shuliybaler.com\/wp-content\/uploads\/2019\/12\/the-working-process-of-the-metal-baler-180x135.jpg 180w\" sizes=\"auto, (max-width: 720px) 100vw, 720px\" \/><figcaption class=\"wp-element-caption\">o processo de trabalho da enfardadeira de metal<\/figcaption><\/figure> <\/div>   <h2 class=\"wp-block-heading\">Par\u00e2metros da enfardadeira de latas de alum\u00ednio<\/h2>    <figure class=\"wp-block-table\"><table><tbody><tr><td>Tipo<\/td><td>Y81-2000B<\/td><td>A densidade dos blocos met\u00e1licos(kg\/m\u00b3)<\/td><td>\u22652000<\/td><\/tr><tr><td>Pot\u00eancia nominal de impulso (Kn)<\/td><td>2000<\/td><td>Capacidade (kg\/h)<\/td><td>3000-5000<\/td><\/tr><tr><td>Tamanho da c\u00e2mara de compress\u00e3o<br>(Comprimento * largura * altura)(mm)<\/td><td>1800*1400*900<\/td><td>Tempo(s) de ciclo \u00fanico<\/td><td>\u2264130<\/td><\/tr><tr><td>Tamanho do fardo (mm)<\/td><td>450*450<\/td><td>Pot\u00eancia correspondente (kW)<\/td><td>30 ou 37<\/td><\/tr><\/tbody><\/table><figcaption class=\"wp-element-caption\">m\u00e1quina enfardadeira de lata de alum\u00ednio<\/figcaption><\/figure>    <h2 class=\"wp-block-heading\">Como funciona uma enfardadeira de latas de alum\u00ednio?<\/h2>    <figure class=\"wp-block-embed is-type-video is-provider-youtube wp-block-embed-youtube wp-embed-aspect-16-9 wp-has-aspect-ratio\"><div class=\"wp-block-embed__wrapper\"> <iframe loading=\"lazy\" title=\"Tambor de ferro autom\u00e1tico e enfardadeira de latas | m\u00e1quina enfardadeira de reciclagem de latas de alum\u00ednio e enfardadeiras de metal\" width=\"500\" height=\"281\" src=\"https:\/\/www.youtube.com\/embed\/9JxkvEm4QMc?start=223&#038;feature=oembed\" frameborder=\"0\" allow=\"accelerometer; autoplay; clipboard-write; encrypted-media; gyroscope; picture-in-picture; web-share\" referrerpolicy=\"strict-origin-when-cross-origin\" allowfullscreen><\/iframe> <\/div><\/figure>    <p>O programa de movimento da m\u00e1quina briquetadeira de metal \u00e9 o seguinte:<\/p>    <ol class=\"wp-block-list\"> <li>A tampa superior \u00e9 fechada ap\u00f3s o enchimento e ser\u00e1 travada com um mecanismo de trava para evitar que a tampa superior seja aberta.<\/li>    <li>A cabe\u00e7a do cilindro mestre acelera para frente e avan\u00e7a lentamente ap\u00f3s atingir o curso definido. At\u00e9 que os res\u00edduos de metal sejam embalados em fardos e tenham o comprimento igual aos fardos, o cilindro mestre mant\u00e9m a press\u00e3o neste momento.<\/li>    <li>Quando o cilindro principal mant\u00e9m a press\u00e3o, o cilindro lateral avan\u00e7a rapidamente e, quando atinge uma determinada posi\u00e7\u00e3o, muda para avan\u00e7ar lentamente. Quando a sucata \u00e9 embalada em uma posi\u00e7\u00e3o de largura definida, o cilindro traseiro mant\u00e9m a press\u00e3o.<\/li>    <li> Ap\u00f3s a conclus\u00e3o da embalagem, o mecanismo de travamento retorna \u00e0 sua posi\u00e7\u00e3o original e a tampa superior \u00e9 aberta.  <\/li>    <li> O eixo hidr\u00e1ulico empurra o fardo para fora da sala de descarga da m\u00e1quina.<\/li>    <li> A porta frontal est\u00e1 fechada, entre imediatamente no pr\u00f3ximo ciclo e alimente. <\/li> <\/ol>    <figure class=\"wp-block-gallery has-nested-images columns-3 is-cropped wp-block-gallery-2 is-layout-flex wp-block-gallery-is-layout-flex\"> <figure class=\"wp-block-image size-large\"><img loading=\"lazy\" decoding=\"async\" width=\"720\" height=\"540\" data-id=\"501\" src=\"https:\/\/shuliybaler.com\/wp-content\/uploads\/2019\/12\/our-factory-of-the-metal-briquetting-machine.jpg\" alt=\"nossa f\u00e1brica de m\u00e1quina de briquetagem de metal\" class=\"wp-image-501\" title=\"\" srcset=\"https:\/\/shuliybaler.com\/wp-content\/uploads\/2019\/12\/our-factory-of-the-metal-briquetting-machine.jpg 720w, https:\/\/shuliybaler.com\/wp-content\/uploads\/2019\/12\/our-factory-of-the-metal-briquetting-machine-360x270.jpg 360w, https:\/\/shuliybaler.com\/wp-content\/uploads\/2019\/12\/our-factory-of-the-metal-briquetting-machine-180x135.jpg 180w\" sizes=\"auto, (max-width: 720px) 100vw, 720px\" \/><figcaption class=\"wp-element-caption\">Nossa f\u00e1brica de m\u00e1quina de briquetagem de metal<\/figcaption><\/figure>    <figure class=\"wp-block-image size-large\"><img loading=\"lazy\" decoding=\"async\" width=\"720\" height=\"540\" data-id=\"436\" src=\"https:\/\/shuliybaler.com\/wp-content\/uploads\/2019\/12\/metal-baler-1.jpg\" alt=\"enfardadeira de lata de alum\u00ednio\" class=\"wp-image-436\" title=\"\" srcset=\"https:\/\/shuliybaler.com\/wp-content\/uploads\/2019\/12\/metal-baler-1.jpg 720w, https:\/\/shuliybaler.com\/wp-content\/uploads\/2019\/12\/metal-baler-1-360x270.jpg 360w, https:\/\/shuliybaler.com\/wp-content\/uploads\/2019\/12\/metal-baler-1-180x135.jpg 180w\" sizes=\"auto, (max-width: 720px) 100vw, 720px\" \/><figcaption class=\"wp-element-caption\">Enfardadeira de latas de alum\u00ednio<\/figcaption><\/figure>    <figure class=\"wp-block-image size-large\"><img loading=\"lazy\" decoding=\"async\" width=\"720\" height=\"540\" data-id=\"670\" src=\"https:\/\/shuliybaler.com\/wp-content\/uploads\/2019\/12\/Aluminum-can.jpg\" alt=\"Lata de alum\u00ednio\" class=\"wp-image-670\" title=\"\" srcset=\"https:\/\/shuliybaler.com\/wp-content\/uploads\/2019\/12\/Aluminum-can.jpg 720w, https:\/\/shuliybaler.com\/wp-content\/uploads\/2019\/12\/Aluminum-can-360x270.jpg 360w, https:\/\/shuliybaler.com\/wp-content\/uploads\/2019\/12\/Aluminum-can-180x135.jpg 180w\" sizes=\"auto, (max-width: 720px) 100vw, 720px\" \/><figcaption class=\"wp-element-caption\">Lata de alum\u00ednio<\/figcaption><\/figure>    <figure class=\"wp-block-image size-large\"><img loading=\"lazy\" decoding=\"async\" width=\"720\" height=\"540\" data-id=\"671\" src=\"https:\/\/shuliybaler.com\/wp-content\/uploads\/2019\/12\/Packed-aluminum-cans-by-aluminum-can-baler.jpg\" alt=\"Latas de alum\u00ednio embaladas por enfardadeira de latas de alum\u00ednio\" class=\"wp-image-671\" title=\"\" srcset=\"https:\/\/shuliybaler.com\/wp-content\/uploads\/2019\/12\/Packed-aluminum-cans-by-aluminum-can-baler.jpg 720w, https:\/\/shuliybaler.com\/wp-content\/uploads\/2019\/12\/Packed-aluminum-cans-by-aluminum-can-baler-360x270.jpg 360w, https:\/\/shuliybaler.com\/wp-content\/uploads\/2019\/12\/Packed-aluminum-cans-by-aluminum-can-baler-180x135.jpg 180w\" sizes=\"auto, (max-width: 720px) 100vw, 720px\" \/><figcaption class=\"wp-element-caption\">Latas de alum\u00ednio embaladas por enfardadeira de latas de alum\u00ednio<\/figcaption><\/figure> <\/figure>","protected":false},"excerpt":{"rendered":"<p>Uma enfardadeira de latas de alum\u00ednio \u00e9 uma m\u00e1quina adequada para enfardar e embalar v\u00e1rias latas de alum\u00ednio. \u00c9 um equipamento ideal para a reciclagem de diversas latas met\u00e1licas.<\/p>","protected":false},"author":1,"featured_media":499,"parent":0,"template":"","tags":[55],"product-type":[41],"class_list":["post-489","product","type-product","status-publish","has-post-thumbnail","hentry","tag-aluminum-can-baler-machine","product-type-metal-baler-machine"],"_links":{"self":[{"href":"https:\/\/shuliybaler.com\/pt\/wp-json\/wp\/v2\/product\/489","targetHints":{"allow":["GET"]}}],"collection":[{"href":"https:\/\/shuliybaler.com\/pt\/wp-json\/wp\/v2\/product"}],"about":[{"href":"https:\/\/shuliybaler.com\/pt\/wp-json\/wp\/v2\/types\/product"}],"author":[{"embeddable":true,"href":"https:\/\/shuliybaler.com\/pt\/wp-json\/wp\/v2\/users\/1"}],"wp:featuredmedia":[{"embeddable":true,"href":"https:\/\/shuliybaler.com\/pt\/wp-json\/wp\/v2\/media\/499"}],"wp:attachment":[{"href":"https:\/\/shuliybaler.com\/pt\/wp-json\/wp\/v2\/media?parent=489"}],"wp:term":[{"taxonomy":"post_tag","embeddable":true,"href":"https:\/\/shuliybaler.com\/pt\/wp-json\/wp\/v2\/tags?post=489"},{"taxonomy":"product-type","embeddable":true,"href":"https:\/\/shuliybaler.com\/pt\/wp-json\/wp\/v2\/product-type?post=489"}],"curies":[{"name":"wp","href":"https:\/\/api.w.org\/{rel}","templated":true}]}}