{"id":511,"date":"2019-12-13T14:25:04","date_gmt":"2019-12-13T06:25:04","guid":{"rendered":"https:\/\/shuliybaler.com\/?p=511"},"modified":"2022-11-23T16:55:17","modified_gmt":"2022-11-23T08:55:17","slug":"metal-briquetting-machine","status":"publish","type":"product","link":"https:\/\/shuliybaler.com\/pt\/product\/metal-briquetting-machine\/","title":{"rendered":"M\u00e1quina de briquetagem de aparas de sucata | m\u00e1quina de briquetagem de migalhas de metal"},"content":{"rendered":"<p>A m\u00e1quina briquetadeira de cavacos de metal tamb\u00e9m \u00e9 chamada de m\u00e1quina vertical de reciclagem de sucata de metal, m\u00e1quina de fus\u00e3o de cavacos de metal, m\u00e1quina de prensagem de metal ou m\u00e1quina de briquetagem de cavacos de metal de alta densidade. O princ\u00edpio de funcionamento desta m\u00e1quina \u00e9 usar press\u00e3o hidr\u00e1ulica para pressionar o metal que pode produzir deforma\u00e7\u00e3o pl\u00e1stica em um bloco s\u00f3lido de alta densidade. <\/p>    <p class=\"translation-block\">As m\u00e1quinas de briquetagem de cavacos de metal podem pressionar cavacos de ferro, cavacos de cobre, cavacos de alum\u00ednio, p\u00f3 mineral, etc. em blocos para armazenamento, transporte e reciclagem no forno. A perda \u00e9 muito baixa ap\u00f3s pressionar em bloco e reciclar no forno. Todo o processo de produ\u00e7\u00e3o n\u00e3o necessita de aquecimento, aditivos, ou outros processos, moldagem direta por prensagem a frio, e moldagem ao mesmo tempo para assegurar que o material original permane\u00e7a inalterado. Mais conveniente para reciclagem, a<a href=\"https:\/\/shuliybaler.com\/pt\/product\/horizontal-metal-briquetting-machine\/\" data-type=\"URL\" data-id=\"https:\/\/shuliybaler.com\/product\/horizontal-metal-briquetting-machine\/\"> m\u00e1quina de briquetagem de cavacos de metal<\/a> \u00e9 amplamente utilizada na ind\u00fastria de reciclagem de metal.<\/p>    <figure class=\"wp-block-gallery has-nested-images columns-default is-cropped wp-block-gallery-2 is-layout-flex wp-block-gallery-is-layout-flex\"> <figure class=\"wp-block-image size-large\"><img loading=\"lazy\" decoding=\"async\" width=\"720\" height=\"540\" data-id=\"2152\" src=\"https:\/\/shuliybaler.com\/wp-content\/uploads\/2019\/12\/metal-briquetting-machine-\u526f\u672c.jpg\" alt=\"M\u00e1quina de briquetagem de cavacos de metal\" class=\"wp-image-2152\" title=\"\"><figcaption class=\"wp-element-caption\">M\u00e1quina de briquetagem de cavacos de metal<\/figcaption><\/figure>    <figure class=\"wp-block-image size-large\"><img loading=\"lazy\" decoding=\"async\" width=\"720\" height=\"540\" data-id=\"2159\" src=\"https:\/\/shuliybaler.com\/wp-content\/uploads\/2019\/12\/1496193284173444.jpg\" alt=\"Lascas de metal de cobre\" class=\"wp-image-2159\" title=\"\"><figcaption class=\"wp-element-caption\">Lascas de metal de cobre <\/figcaption><\/figure>    <figure class=\"wp-block-image size-large\"><img loading=\"lazy\" decoding=\"async\" width=\"720\" height=\"540\" data-id=\"2160\" src=\"https:\/\/shuliybaler.com\/wp-content\/uploads\/2019\/12\/u8922620002119963984fm199app68fJPEG.jpg\" alt=\"M\u00e1quina de briquetagem de chips de metal de cobre\" class=\"wp-image-2160\" title=\"\"><figcaption class=\"wp-element-caption\">M\u00e1quina de briquetagem de chips de metal de cobre<\/figcaption><\/figure> <\/figure>    <h2 class=\"wp-block-heading\">Aplica\u00e7\u00f5es de briquetadeiras com cavacos de metal<\/h2>    <p>O processo de processamento de metal deixar\u00e1 muitas aparas, e essas sobras de metal n\u00e3o s\u00e3o convenientes para armazenamento, ap\u00f3s a coleta de briquetes a densidade do bloco de metal aumenta, o processo de manuseio n\u00e3o \u00e9 f\u00e1cil de espalhar e o processo hidr\u00e1ulico n\u00e3o requer aditivos, ent\u00e3o novamente, a reciclagem n\u00e3o ter\u00e1 muitas impurezas, cavacos de metal, a briquetadeira \u00e9 usada principalmente para prensagem a frio de sucatas de cobre em p\u00f3, granulares, pequenos flocos, sucatas de ferro, sucatas de alum\u00ednio, p\u00f3 de liga, sucatas de a\u00e7o inoxid\u00e1vel, p\u00f3 de min\u00e9rio de ferro, p\u00f3 de magn\u00e9sio, p\u00f3 de cobre e outras sobras de metal em um bolo cil\u00edndrico de 3 a 5 kg. Tamb\u00e9m pode ser usado para prensagem de materiais n\u00e3o met\u00e1licos, como coque e p\u00f3 de esc\u00f3ria.<\/p>   <div class=\"wp-block-image\"> <figure class=\"aligncenter size-large is-resized\"><img loading=\"lazy\" decoding=\"async\" src=\"https:\/\/shuliybaler.com\/wp-content\/uploads\/2019\/12\/metal-chips-metal-briquetting.jpg\" alt=\"cavacos de metal - briquetagem de metal\" class=\"wp-image-513\" width=\"822\" height=\"186\" title=\"\" srcset=\"https:\/\/shuliybaler.com\/wp-content\/uploads\/2019\/12\/metal-chips-metal-briquetting.jpg 720w, https:\/\/shuliybaler.com\/wp-content\/uploads\/2019\/12\/metal-chips-metal-briquetting-360x82.jpg 360w\" sizes=\"auto, (max-width: 822px) 100vw, 822px\" \/><figcaption class=\"wp-element-caption\">m\u00e1quina de briquetagem de cavacos de metal<\/figcaption><\/figure> <\/div>   <h2 class=\"wp-block-heading\">A forma da prensa de metal pode ser personalizada<\/h2>    <div class=\"wp-block-group\"><div class=\"wp-block-group__inner-container is-layout-flow wp-block-group-is-layout-flow\"> <figure class=\"wp-block-gallery has-nested-images columns-default is-cropped wp-block-gallery-3 is-layout-flex wp-block-gallery-is-layout-flex\"> <figure class=\"wp-block-image size-full\"><img loading=\"lazy\" decoding=\"async\" width=\"720\" height=\"540\" data-id=\"2154\" src=\"https:\/\/shuliybaler.com\/wp-content\/uploads\/2019\/12\/1698-1.jpg\" alt=\"bloco de metal quadrado\" class=\"wp-image-2154\" title=\"\"><figcaption class=\"wp-element-caption\">Bloco met\u00e1lico quadrado<\/figcaption><\/figure>    <figure class=\"wp-block-image size-full\"><img loading=\"lazy\" decoding=\"async\" width=\"720\" height=\"540\" data-id=\"2153\" src=\"https:\/\/shuliybaler.com\/wp-content\/uploads\/2019\/12\/1698.jpg\" alt=\"Blocos de metal de diferentes formatos\" class=\"wp-image-2153\" title=\"\"><figcaption class=\"wp-element-caption\">Blocos de metal de diferentes formatos<\/figcaption><\/figure>    <figure class=\"wp-block-image size-full\"><img loading=\"lazy\" decoding=\"async\" width=\"259\" height=\"194\" data-id=\"2155\" src=\"https:\/\/shuliybaler.com\/wp-content\/uploads\/2019\/12\/images.jpg\" alt=\"bloco met\u00e1lico cil\u00edndrico\" class=\"wp-image-2155\" title=\"\"><figcaption class=\"wp-element-caption\">Bloco Met\u00e1lico Cil\u00edndrico<\/figcaption><\/figure> <\/figure> <\/div><\/div>    <p class=\"translation-block\">O scrap <a href=\"https:\/\/en.wikipedia.org\/wiki\/Metal_swarf\" data-type=\"URL\" data-id=\"https:\/\/en.wikipedia.org\/wiki\/Metal_swarf\" target=\"_blank\" rel=\"noopener\">cavacos de metal<\/a> briquetting press machine n\u00e3o apenas comprime o metal em forma cil\u00edndrica, mas tamb\u00e9m em forma quadrada, triangular e poligonal por press\u00e3o hidr\u00e1ulica, o que \u00e9 conveniente para reciclagem. Na verdade, a m\u00e1quina briquetadora de cavacos de metal pode ser processada em qualquer forma; basta personalizar o molde; a Shuliy pode personalizar a m\u00e1quina para os clientes.<\/p>    <h2 class=\"wp-block-heading\" id=\"h-introduction-of-metal-chips-briquetting-machine\">Introdu\u00e7\u00e3o da m\u00e1quina briquetadeira de aparas de metal<\/h2>    <figure class=\"wp-block-embed is-type-video is-provider-youtube wp-block-embed-youtube wp-embed-aspect-16-9 wp-has-aspect-ratio\"><div class=\"wp-block-embed__wrapper\"> <iframe loading=\"lazy\" title=\"M\u00e1quina de briquetagem de cavacos de sucata de cobre | m\u00e1quina de briquetagem de bolo de migalhas de metal\" width=\"500\" height=\"281\" src=\"https:\/\/www.youtube.com\/embed\/3TFchKykkyY?feature=oembed\" frameborder=\"0\" allow=\"accelerometer; autoplay; clipboard-write; encrypted-media; gyroscope; picture-in-picture; web-share\" referrerpolicy=\"strict-origin-when-cross-origin\" allowfullscreen><\/iframe> <\/div><figcaption class=\"wp-element-caption\">m\u00e1quina de briquetagem de cavacos de metal<\/figcaption><\/figure>    <p>Esta m\u00e1quina \u00e9 composta principalmente de hastes hidr\u00e1ulicas, cilindros de \u00f3leo, quatro colunas de suporte, colunas formadoras, moldes, placas de descarga e outras pe\u00e7as. O sistema hidr\u00e1ulico utiliza uma v\u00e1lvula de cartucho bidirecional, que possui caracter\u00edsticas de tamanho pequeno, pequena resist\u00eancia ao fluxo, bom desempenho de veda\u00e7\u00e3o, estrutura compacta, opera\u00e7\u00e3o est\u00e1vel e longa vida \u00fatil. A chave para a briquetadeira de cavacos de metal \u00e9 ter for\u00e7a externa suficiente, e este sistema hidr\u00e1ulico pode fornecer press\u00e3o suficiente. Comprimir aparas de metal soltas em blocos de metal com densidade superior a 5,5 kg por metro c\u00fabico.<\/p>    <figure class=\"wp-block-gallery has-nested-images columns-2 is-cropped wp-block-gallery-4 is-layout-flex wp-block-gallery-is-layout-flex\"> <figure class=\"wp-block-image size-large\"><img loading=\"lazy\" decoding=\"async\" width=\"720\" height=\"540\" data-id=\"515\" src=\"https:\/\/shuliybaler.com\/wp-content\/uploads\/2019\/12\/structure-of-the-metal-press-machine.jpg\" alt=\"estrutura da prensa de metal\" class=\"wp-image-515\" title=\"\" srcset=\"https:\/\/shuliybaler.com\/wp-content\/uploads\/2019\/12\/structure-of-the-metal-press-machine.jpg 720w, https:\/\/shuliybaler.com\/wp-content\/uploads\/2019\/12\/structure-of-the-metal-press-machine-360x270.jpg 360w, https:\/\/shuliybaler.com\/wp-content\/uploads\/2019\/12\/structure-of-the-metal-press-machine-180x135.jpg 180w\" sizes=\"auto, (max-width: 720px) 100vw, 720px\" \/><figcaption class=\"wp-element-caption\">Estrutura da prensa de metal<\/figcaption><\/figure>    <figure class=\"wp-block-image size-large\"><img loading=\"lazy\" decoding=\"async\" width=\"720\" height=\"540\" data-id=\"516\" src=\"https:\/\/shuliybaler.com\/wp-content\/uploads\/2019\/12\/structure-of-the-metal-chip-merging-machine.jpg\" alt=\"estrutura da m\u00e1quina de fus\u00e3o de cavacos de metal\" class=\"wp-image-516\" title=\"\" srcset=\"https:\/\/shuliybaler.com\/wp-content\/uploads\/2019\/12\/structure-of-the-metal-chip-merging-machine.jpg 720w, https:\/\/shuliybaler.com\/wp-content\/uploads\/2019\/12\/structure-of-the-metal-chip-merging-machine-360x270.jpg 360w, https:\/\/shuliybaler.com\/wp-content\/uploads\/2019\/12\/structure-of-the-metal-chip-merging-machine-180x135.jpg 180w\" sizes=\"auto, (max-width: 720px) 100vw, 720px\" \/><figcaption class=\"wp-element-caption\">Estrutura da m\u00e1quina de fus\u00e3o de cavacos de metal<\/figcaption><\/figure> <\/figure>    <h2 class=\"wp-block-heading\" id=\"h-how-does-a-metal-crumb-briquetting-machine-work\">Como funciona uma m\u00e1quina de briquetagem de fragmentos de metal?<\/h2>    <p>Primeiro, coloque o material solto na caixa de armazenamento na parte traseira da m\u00e1quina. O material na caixa de armazenamento entra no molde de forma\u00e7\u00e3o da m\u00e1quina. A haste hidr\u00e1ulica diretamente acima da m\u00e1quina continua caindo e o material solto \u00e9 comprimido em blocos compactos de material de alta densidade. A efici\u00eancia de trabalho desta m\u00e1quina \u00e9 muito alta, podendo produzir de 4 a 5 pe\u00e7as em um minuto. A m\u00e1quina adota um programa PLC para controle autom\u00e1tico, que pode realizar produ\u00e7\u00e3o cont\u00ednua totalmente autom\u00e1tica.<\/p>    <figure class=\"wp-block-gallery has-nested-images columns-default is-cropped wp-block-gallery-5 is-layout-flex wp-block-gallery-is-layout-flex\"> <figure class=\"wp-block-image size-large\"><img loading=\"lazy\" decoding=\"async\" width=\"720\" height=\"540\" data-id=\"520\" src=\"https:\/\/shuliybaler.com\/wp-content\/uploads\/2019\/12\/the-stock-of-the-metal-scrap-recycling-machine.jpg\" alt=\"o estoque da m\u00e1quina de reciclagem de sucata met\u00e1lica\" class=\"wp-image-520\" title=\"\" srcset=\"https:\/\/shuliybaler.com\/wp-content\/uploads\/2019\/12\/the-stock-of-the-metal-scrap-recycling-machine.jpg 720w, https:\/\/shuliybaler.com\/wp-content\/uploads\/2019\/12\/the-stock-of-the-metal-scrap-recycling-machine-360x270.jpg 360w, https:\/\/shuliybaler.com\/wp-content\/uploads\/2019\/12\/the-stock-of-the-metal-scrap-recycling-machine-180x135.jpg 180w\" sizes=\"auto, (max-width: 720px) 100vw, 720px\" \/><figcaption class=\"wp-element-caption\">O estoque da m\u00e1quina de reciclagem de sucata met\u00e1lica<\/figcaption><\/figure>    <figure class=\"wp-block-image size-large\"><img loading=\"lazy\" decoding=\"async\" width=\"720\" height=\"540\" data-id=\"519\" src=\"https:\/\/shuliybaler.com\/wp-content\/uploads\/2019\/12\/the-metal-scrap-press-machine.jpg\" alt=\"a m\u00e1quina de prensa de sucata de metal\" class=\"wp-image-519\" title=\"\" srcset=\"https:\/\/shuliybaler.com\/wp-content\/uploads\/2019\/12\/the-metal-scrap-press-machine.jpg 720w, https:\/\/shuliybaler.com\/wp-content\/uploads\/2019\/12\/the-metal-scrap-press-machine-360x270.jpg 360w, https:\/\/shuliybaler.com\/wp-content\/uploads\/2019\/12\/the-metal-scrap-press-machine-180x135.jpg 180w\" sizes=\"auto, (max-width: 720px) 100vw, 720px\" \/><figcaption class=\"wp-element-caption\">A prensa para sucata de metal<\/figcaption><\/figure> <\/figure>    <h2 class=\"wp-block-heading\">&nbsp;&nbsp;Par\u00e2metro da prensa de briquetagem de cavacos de sucata hidr\u00e1ulica<\/h2>    <figure class=\"wp-block-table is-style-regular\"><table><tbody><tr><td><\/td><td><strong>Unidade<\/strong><\/td><td>Cilindro mestre<\/td><td>Cilindro de acelera\u00e7\u00e3o<\/td><td>Empurre o cilindro do bloco<\/td><td>Cilindro de dosagem<\/td><\/tr><tr><td>Impulso nominal<\/td><td>KN<\/td><td>3500<\/td><td>237<\/td><td>229<\/td><td>80<\/td><\/tr><tr><td>Di\u00e2metro interno do cilindro<\/td><td>mil\u00edmetros<\/td><td>\u2205400<\/td><td>\u2205125<\/td><td>\u2205135<\/td><td>\u220580<\/td><\/tr><tr><td>Di\u00e2metro do pist\u00e3o<\/td><td>mil\u00edmetros<\/td><td>\u2205220<\/td><td>\u220570<\/td><td>\u220570<\/td><td>\u220545<\/td><\/tr><tr><td>Itiner\u00e1rio<\/td><td>mil\u00edmetros<\/td><td>500<\/td><td>500<\/td><td>160<\/td><td>300<\/td><\/tr><tr><td>Press\u00e3o m\u00e1xima<\/td><td>MPa<\/td><td>25<\/td><td>25<\/td><td>16<\/td><td>16<\/td><\/tr><\/tbody><\/table><\/figure>    <figure class=\"wp-block-image size-full\"><img loading=\"lazy\" decoding=\"async\" width=\"1000\" height=\"540\" src=\"https:\/\/shuliybaler.com\/wp-content\/uploads\/2019\/12\/1698-2.jpg\" alt=\"m\u00e1quina de briquetagem de migalhas de metal\" class=\"wp-image-2163\" title=\"\"><figcaption class=\"wp-element-caption\">M\u00e1quina de briquetagem de migalhas de metal<\/figcaption><\/figure>    <p>A efici\u00eancia de trabalho da m\u00e1quina de briquetagem de cavacos de metal \u00e9 de 4-5 pe\u00e7as\/min, e a m\u00e1quina \u00e9 controlada automaticamente pelo programa plc. A m\u00e1quina de briquetagem de metal possui um sistema de refrigera\u00e7\u00e3o, que pode controlar automaticamente a temperatura. Al\u00e9m disso, podemos personaliz\u00e1-lo de acordo com as necessidades do cliente, bem-vindo para consultar.<\/p>    <h2 class=\"wp-block-heading\">Recursos da prensa de briquetagem de cavacos de sucata hidr\u00e1ulica<\/h2>    <figure class=\"wp-block-gallery has-nested-images columns-default is-cropped wp-block-gallery-6 is-layout-flex wp-block-gallery-is-layout-flex\"> <figure class=\"wp-block-image size-large\"><img loading=\"lazy\" decoding=\"async\" width=\"720\" height=\"540\" data-id=\"2156\" src=\"https:\/\/shuliybaler.com\/wp-content\/uploads\/2019\/12\/0.369.jpg\" alt=\"prensa de briquetagem de cavacos de metal\" class=\"wp-image-2156\" title=\"\"><figcaption class=\"wp-element-caption\">M\u00e1quina de prensa de briquetagem de cavacos de metal<\/figcaption><\/figure>    <figure class=\"wp-block-image size-large\"><img loading=\"lazy\" decoding=\"async\" width=\"720\" height=\"540\" data-id=\"2157\" src=\"https:\/\/shuliybaler.com\/wp-content\/uploads\/2019\/12\/end-product-made-by-this-metal-briquetting-machine-\u526f\u672c-2.jpg\" alt=\"prensa de briquetagem de cavacos de metal\" class=\"wp-image-2157\" title=\"\"><figcaption class=\"wp-element-caption\">Lascas de metal Briquetagem <\/figcaption><\/figure> <\/figure>    <p>1. A briquetadeira hidr\u00e1ulica de cavacos de metal \u00e9 usada principalmente para uma variedade de cavacos de metal (lascas de ferro, lascas de cobre, lascas de alum\u00ednio, etc.), p\u00f3 de metal granular em p\u00f3 (p\u00f3 de ferro, p\u00f3 de alum\u00ednio, p\u00f3 de cobre, p\u00f3 de chumbo, etc.) , aditivos de fundi\u00e7\u00e3o, ferro esponja, etc. no caso de n\u00e3o adicionar nenhum aglutinante prensado em um bloco de bolo cil\u00edndrico de alta densidade (peso 2-8 kg), densidade de bloco de bolo at\u00e9 5T \/ M3 ou mais (diferentes mat\u00e9rias-primas, prensadas fora da densidade do bloco de bolo n\u00e3o \u00e9 o mesmo peso), os briquetes prensados \u200b\u200bpodem ser usados \u200b\u200bdiretamente no forno.<\/p>    <p>2. Tecnologia de transmiss\u00e3o hidr\u00e1ulica adotada, uso de retentores de \u00f3leo e conjunto de processamento de cilindro de \u00f3leo, de modo a garantir opera\u00e7\u00e3o cont\u00ednua sem enfraquecer a press\u00e3o do cilindro, opera\u00e7\u00e3o suave; controle de computador, alto grau de automa\u00e7\u00e3o, baixa taxa de falhas, f\u00e1cil manuten\u00e7\u00e3o, etc.<\/p>    <p>3. Sistema de refrigera\u00e7\u00e3o opcional Recomendamos o sistema de refrigera\u00e7\u00e3o correto de acordo com o ambiente de trabalho da m\u00e1quina, refrigerado a ar ou a \u00e1gua para que a m\u00e1quina n\u00e3o bata.<\/p>    <p>4. Alta densidade do bloco de bolo High pode pressionar a densidade de mais de 5,5t\/m3, e o bloco de bolo n\u00e3o ser\u00e1 quebrado quando cair.<\/p>    <h2 class=\"wp-block-heading\" id=\"h-maintenance-of-metal-crumbs-forming-machine\">Manuten\u00e7\u00e3o de m\u00e1quina formadora de migalhas de metal<\/h2>    <figure class=\"wp-block-image size-full\"><img loading=\"lazy\" decoding=\"async\" width=\"720\" height=\"540\" src=\"https:\/\/shuliybaler.com\/wp-content\/uploads\/2019\/12\/u17418466782499754491fm199app68fJPEG.jpg\" alt=\"M\u00e1quina de briquetagem de chips de metal de cobre\" class=\"wp-image-2158\" title=\"\"><figcaption class=\"wp-element-caption\">M\u00e1quina de briquetagem de chips de metal de cobre<\/figcaption><\/figure>    <p>1. Limpe regularmente o tanque de \u00f3leo e o tubo de \u00f3leo da m\u00e1quina para evitar que limalhas de ferro e poeira entrem no sistema hidr\u00e1ulico e afetem o desempenho do equipamento.<\/p>    <p>2. Evite sobrecarregar a m\u00e1quina. Se houver um som anormal, pare de trabalhar imediatamente.<\/p>    <p>3. Adicione \u00f3leo hidr\u00e1ulico regularmente, o n\u00edvel do l\u00edquido n\u00e3o deve ser inferior ao n\u00edvel de \u00f3leo do tanque de \u00f3leo.<\/p>    <p>4. Coloque a m\u00e1quina em local seco e verifique regularmente se os parafusos da m\u00e1quina est\u00e3o soltos e se a lubrifica\u00e7\u00e3o est\u00e1 boa.<\/p>    <h2 class=\"wp-block-heading\">V\u00eddeo da m\u00e1quina de briquetagem de migalhas de metal<\/h2>    <figure class=\"wp-block-embed is-type-video is-provider-youtube wp-block-embed-youtube wp-embed-aspect-16-9 wp-has-aspect-ratio\"><div class=\"wp-block-embed__wrapper\"> <iframe loading=\"lazy\" title=\"Como ganhar dinheiro com sucata | prensa de briquetagem de cavacos de sucata hidr\u00e1ulica#metal\" width=\"500\" height=\"281\" src=\"https:\/\/www.youtube.com\/embed\/j-AbIm0QYLA?feature=oembed\" frameborder=\"0\" allow=\"accelerometer; autoplay; clipboard-write; encrypted-media; gyroscope; picture-in-picture; web-share\" referrerpolicy=\"strict-origin-when-cross-origin\" allowfullscreen><\/iframe> <\/div><figcaption class=\"wp-element-caption\">m\u00e1quina de briquetagem de cavacos de metal<\/figcaption><\/figure>","protected":false},"excerpt":{"rendered":"<p>Metal chips\u00a0briquette machine is also called vertical metal scrap recycling machine, metal chip merging machine,\u00a0metal pressing machine, or high-density metal chip briquetting machine. The working principle of this machine is to use hydraulic pressure to press the metal which can produce plastic deformation into a solid block with high density. Metal chips\u00a0briquette machines can press [&hellip;]<\/p>\n","protected":false},"author":1,"featured_media":2167,"parent":0,"template":"","tags":[],"product-type":[42],"class_list":["post-511","product","type-product","status-publish","has-post-thumbnail","hentry","product-type-metal-briquetting-machine"],"_links":{"self":[{"href":"https:\/\/shuliybaler.com\/pt\/wp-json\/wp\/v2\/product\/511","targetHints":{"allow":["GET"]}}],"collection":[{"href":"https:\/\/shuliybaler.com\/pt\/wp-json\/wp\/v2\/product"}],"about":[{"href":"https:\/\/shuliybaler.com\/pt\/wp-json\/wp\/v2\/types\/product"}],"author":[{"embeddable":true,"href":"https:\/\/shuliybaler.com\/pt\/wp-json\/wp\/v2\/users\/1"}],"wp:featuredmedia":[{"embeddable":true,"href":"https:\/\/shuliybaler.com\/pt\/wp-json\/wp\/v2\/media\/2167"}],"wp:attachment":[{"href":"https:\/\/shuliybaler.com\/pt\/wp-json\/wp\/v2\/media?parent=511"}],"wp:term":[{"taxonomy":"post_tag","embeddable":true,"href":"https:\/\/shuliybaler.com\/pt\/wp-json\/wp\/v2\/tags?post=511"},{"taxonomy":"product-type","embeddable":true,"href":"https:\/\/shuliybaler.com\/pt\/wp-json\/wp\/v2\/product-type?post=511"}],"curies":[{"name":"wp","href":"https:\/\/api.w.org\/{rel}","templated":true}]}}