{"id":523,"date":"2019-12-13T15:01:34","date_gmt":"2019-12-13T07:01:34","guid":{"rendered":"https:\/\/shuliybaler.com\/?p=523"},"modified":"2022-09-27T10:17:35","modified_gmt":"2022-09-27T02:17:35","slug":"scrap-steel-shearing-machine","status":"publish","type":"product","link":"https:\/\/shuliybaler.com\/pt\/product\/scrap-steel-shearing-machine\/","title":{"rendered":"M\u00e1quina de corte de sucata de a\u00e7o | m\u00e1quina de corte de carroceria"},"content":{"rendered":"<p class=\"translation-block\">A m\u00e1quina de corte de sucata de a\u00e7o tamb\u00e9m \u00e9 chamada de cisalha de p\u00f3rtico de alta resist\u00eancia, <a href=\"https:\/\/shuliybaler.com\/pt\/alligator-shear\/\">m\u00e1quina de corte hidr\u00e1ulica de a\u00e7o<\/a>, m\u00e1quina de corte de carro\u00e7aria. \u00c9 adequada para cortar metais grandes e longos, a fim de facilitar o processamento secund\u00e1rio. O comprimento de corte pode ser ajustado em tiras. \u00c9 amplamente utilizada em f\u00e1bricas de desmantelamento de sucata de autom\u00f3veis, f\u00e1bricas de reciclagem de metais, ind\u00fastrias de fundi\u00e7\u00e3o e fabrico de metais e ind\u00fastrias de com\u00e9rcio de metais. <\/p>   <div class=\"wp-block-image\"> <figure class=\"aligncenter size-full\"><img loading=\"lazy\" decoding=\"async\" width=\"720\" height=\"540\" src=\"https:\/\/shuliybaler.com\/wp-content\/uploads\/2019\/12\/0.2.jpg\" alt=\"M\u00e1quina de corte de sucata de a\u00e7o\" class=\"wp-image-2367\" title=\"\"><figcaption>M\u00e1quina de corte de sucata de a\u00e7o<\/figcaption><\/figure> <\/div>   <h2 class=\"wp-block-heading\" id=\"h-the-prospect-of-the-waste-metal-recycling-industry\">O<strong> perspectiva da ind\u00fastria de reciclagem de res\u00edduos met\u00e1licos<\/strong><\/h2>   <div class=\"wp-block-image\"> <figure class=\"aligncenter size-full\"><img loading=\"lazy\" decoding=\"async\" width=\"720\" height=\"540\" src=\"https:\/\/shuliybaler.com\/wp-content\/uploads\/2019\/12\/u32927398893292153908fm199app68fJPEG.jpg\" alt=\"M\u00e1quina de corte de sucata de a\u00e7o\" class=\"wp-image-2368\" title=\"\"><figcaption>Corte de sucata de a\u00e7o <\/figcaption><\/figure> <\/div>   <p>Devido \u00e0 cont\u00ednua explora\u00e7\u00e3o e utiliza\u00e7\u00e3o dos recursos minerais, os recursos mineiros tornaram-se cada vez mais escassos. Portanto, a recupera\u00e7\u00e3o e aproveitamento de res\u00edduos met\u00e1licos s\u00e3o uma das principais formas de economizar recursos minerais. O n\u00edvel m\u00e9dio de recupera\u00e7\u00e3o de sucata de a\u00e7o no mundo \u00e9 de 48%. Ent\u00e3o, ainda existem recursos 52% n\u00e3o reciclados, o que \u00e9 um desperd\u00edcio de recursos muito s\u00e9rio. A ind\u00fastria de reciclagem de metal tem uma ampla perspectiva de mercado, n\u00e3o s\u00f3 pode economizar recursos, mas tamb\u00e9m tem um enorme lucro e espa\u00e7o de valor. Com o desenvolvimento da economia, os autom\u00f3veis, eletrodom\u00e9sticos, minera\u00e7\u00e3o e outros equipamentos de muitos pa\u00edses quase entraram no per\u00edodo de reforma. Tomemos como exemplo a reciclagem de carros em fim de vida. 82% dos materiais de um carro s\u00e3o metais, dos quais 90% podem ser reciclados. Os benef\u00edcios s\u00e3o consider\u00e1veis. O surgimento da m\u00e1quina enfardadeira de metal, m\u00e1quina de briquetagem, tesoura de p\u00f3rtico, tesoura de crocodilo, trituradora de eixo duplo e outros equipamentos profissionais para reciclagem de metal trouxe grande conveni\u00eancia para a ind\u00fastria de reciclagem de metal.<\/p>   <div class=\"vlp-link-container vlp-layout-basic wp-block-visual-link-preview-link\"><a href=\"https:\/\/shuliybaler.com\/pt\/alligator-shear\/\" class=\"vlp-link\" title=\"Tesoura para corte de sucata | m\u00e1quina de tesoura de a\u00e7o jacar\u00e9\" rel=\"nofollow\" target=\"_blank\"><\/a><div class=\"vlp-layout-zone-side\"><div class=\"vlp-block-2 vlp-link-image\"><img decoding=\"async\" src=\"https:\/\/shuliybaler.com\/wp-content\/uploads\/2019\/12\/lQDPJxZbRD8EtkvNAhzNAtCwMSUSbS6LiGcClpj0uoDTAA_720_540.jpg_720x720q90g.jpg\" style=\"max-width: 150px; max-height: 150px\" alt=\"\" title=\"\"><\/div><\/div><div class=\"vlp-layout-zone-main\"><div class=\"vlp-block-0 vlp-link-title\">Tesoura para corte de sucata | m\u00e1quina de tesoura de a\u00e7o jacar\u00e9<\/div><div class=\"vlp-block-1 vlp-link-summary\">A tesoura de corte de sucata, tamb\u00e9m chamada de m\u00e1quina de cisalhamento de a\u00e7o jacar\u00e9, \u00e9 muito adequada para cortar metais longos. Comparado com outros equipamentos de corte,<\/div><\/div><\/div>   <h2 class=\"wp-block-heading\" id=\"h-brief-introduction-of-scrap-steel-shearing-machine\">Breve introdu\u00e7\u00e3o da m\u00e1quina de corte de sucata de a\u00e7o<\/h2>    <p>No processo de recupera\u00e7\u00e3o e fundi\u00e7\u00e3o de metal, o metal mais longo n\u00e3o \u00e9 prop\u00edcio para ser colocado no forno para reformula\u00e7\u00e3o, e o cortador hidr\u00e1ulico de sucata pode cortar rapidamente esses metais. Comparado com corte a g\u00e1s, corte a chama e outros m\u00e9todos, este m\u00e9todo utiliza corte a frio e n\u00e3o necessita de equipamento auxiliar adicional. \u00c9 um m\u00e9todo simples que economiza tempo e trabalho.<\/p>   <div class=\"wp-block-image\"> <figure class=\"aligncenter size-large\"><img loading=\"lazy\" decoding=\"async\" width=\"720\" height=\"540\" src=\"https:\/\/shuliybaler.com\/wp-content\/uploads\/2019\/12\/hydraulic-gantry-shear.jpg\" alt=\"M\u00e1quina de corte de sucata de a\u00e7o\" class=\"wp-image-526\" title=\"\" srcset=\"https:\/\/shuliybaler.com\/wp-content\/uploads\/2019\/12\/hydraulic-gantry-shear.jpg 720w, https:\/\/shuliybaler.com\/wp-content\/uploads\/2019\/12\/hydraulic-gantry-shear-360x270.jpg 360w, https:\/\/shuliybaler.com\/wp-content\/uploads\/2019\/12\/hydraulic-gantry-shear-180x135.jpg 180w\" sizes=\"auto, (max-width: 720px) 100vw, 720px\" \/><figcaption>tesoura hidr\u00e1ulica do p\u00f3rtico<\/figcaption><\/figure> <\/div>   <p>mat\u00e9rias-primas que podem ser processadas pela m\u00e1quina de corte de sucata de a\u00e7o<\/p>    <p>A m\u00e1quina de corte de metal \u00e9 adequada para chapas de ferro, a\u00e7o, barras de a\u00e7o, telhas de a\u00e7o coloridas, ligas de alum\u00ednio, placas de cobre, placas de alum\u00ednio e placas de ferro. \u00c9 adequado para ind\u00fastrias de reciclagem e processamento de metais, fundi\u00e7\u00e3o e f\u00e1bricas de desmontagem de autom\u00f3veis. Depois de ser cortado pela m\u00e1quina de corte de metal, o material pode ter comprimento uniforme, o que \u00e9 conveniente para transporte e fundi\u00e7\u00e3o. E o tamanho do metal cortado pode ser ajustado. For\u00e7a de cisalhamento de 100 toneladas a 250 toneladas. Corte principalmente o tamanho do material (12 ~ 20 mm) * 250 mm. O n\u00famero de cortes \u00e9 de 8 a 12 vezes por minuto.<\/p>   <div class=\"vlp-link-container vlp-layout-basic wp-block-visual-link-preview-link\"><a href=\"https:\/\/shuliybaler.com\/pt\/5-metal-shears-successfully-sold-to-indonesia\/\" class=\"vlp-link\" title=\"5 tesouras de metal vendidas com sucesso para a Indon\u00e9sia\" rel=\"nofollow\" target=\"_blank\"><\/a><div class=\"vlp-layout-zone-side\"><div class=\"vlp-block-2 vlp-link-image\"><img decoding=\"async\" src=\"https:\/\/shuliybaler.com\/wp-content\/uploads\/2020\/01\/metal-cutting-machine.jpg\" style=\"max-width: 150px; max-height: 150px\" alt=\"\" title=\"\"><\/div><\/div><div class=\"vlp-layout-zone-main\"><div class=\"vlp-block-0 vlp-link-title\">5 tesouras de metal vendidas com sucesso para a Indon\u00e9sia<\/div><div class=\"vlp-block-1 vlp-link-summary\">A tesoura para metal, tamb\u00e9m chamada de tesoura jacar\u00e9, \u00e9 um tipo de equipamento pequeno. Possui as caracter\u00edsticas\u00a0de\u00a0tamanho pequeno, f\u00e1cil de mover, opera\u00e7\u00e3o simples e assim<\/div><\/div><\/div>   <h2 class=\"wp-block-heading\">Mat\u00e9rias-primas que podem ser processadas por m\u00e1quina de corte de sucata de a\u00e7o<\/h2>    <figure class=\"wp-block-gallery has-nested-images columns-2 is-cropped wp-block-gallery-2 is-layout-flex wp-block-gallery-is-layout-flex\"> <figure class=\"wp-block-image size-large\"><img loading=\"lazy\" decoding=\"async\" width=\"720\" height=\"540\" data-id=\"2369\" src=\"https:\/\/shuliybaler.com\/wp-content\/uploads\/2019\/12\/u30316147773776703245fm199app68fJPEG.jpg\" alt=\"m\u00e1quina de corte de carroceria\" class=\"wp-image-2369\" title=\"\"><figcaption>M\u00e1quina de corte de carroceria<\/figcaption><\/figure>    <figure class=\"wp-block-image size-large\"><img loading=\"lazy\" decoding=\"async\" width=\"720\" height=\"540\" data-id=\"2370\" src=\"https:\/\/shuliybaler.com\/wp-content\/uploads\/2019\/12\/u31622210103071795580fm199app68fJPEG.jpg\" alt=\"m\u00e1quina de corte de carroceria\" class=\"wp-image-2370\" title=\"\"><figcaption>M\u00e1quina de corte de carroceria<\/figcaption><\/figure>    <figure class=\"wp-block-image size-large\"><img loading=\"lazy\" decoding=\"async\" width=\"720\" height=\"540\" data-id=\"2371\" src=\"https:\/\/shuliybaler.com\/wp-content\/uploads\/2019\/12\/u32151374751516385207fm199app68fJPEG.jpg\" alt=\"m\u00e1quina de corte de carroceria\" class=\"wp-image-2371\" title=\"\"><figcaption>M\u00e1quina de corte de carroceria<\/figcaption><\/figure>    <figure class=\"wp-block-image size-large\"><img loading=\"lazy\" decoding=\"async\" width=\"720\" height=\"540\" data-id=\"2373\" src=\"https:\/\/shuliybaler.com\/wp-content\/uploads\/2019\/12\/u37799490573405378457fm199app68fJPEG.jpg\" alt=\"m\u00e1quina de corte de carroceria\" class=\"wp-image-2373\" title=\"\"><figcaption>M\u00e1quina de corte de carroceria<\/figcaption><\/figure> <\/figure>    <p>A m\u00e1quina de corte de sucata de a\u00e7o \u00e9 adequada para chapas de ferro, a\u00e7o, barras de a\u00e7o, telhas de a\u00e7o coloridas, ligas de alum\u00ednio, placas de cobre, placas de alum\u00ednio e placas de ferro. \u00c9 adequado para ind\u00fastrias de reciclagem e processamento de metais, fundi\u00e7\u00e3o e f\u00e1bricas de desmontagem de autom\u00f3veis. Depois de ser cortado pela m\u00e1quina de corte de metal, o material pode ter comprimento uniforme, o que \u00e9 conveniente para transporte e fundi\u00e7\u00e3o. E o tamanho do metal cortado pode ser ajustado. For\u00e7a de cisalhamento de 100 toneladas a 250 toneladas. Corte principalmente o tamanho do material (12 ~ 20 mm) * 250 mm. O n\u00famero de cortes \u00e9 de 8 a 12 vezes por minuto.<\/p>    <h2 class=\"wp-block-heading\" id=\"h-how-does-the-gantry-shear-work\">Como funciona a tesoura de p\u00f3rtico?<\/h2>    <figure class=\"wp-block-embed is-type-video is-provider-youtube wp-block-embed-youtube wp-embed-aspect-16-9 wp-has-aspect-ratio\"><div class=\"wp-block-embed__wrapper\"> <iframe loading=\"lazy\" title=\"M\u00e1quina de corte de sucata de a\u00e7o | m\u00e1quina de corte para chapa | m\u00e1quina de corte de chapa met\u00e1lica\" width=\"500\" height=\"281\" src=\"https:\/\/www.youtube.com\/embed\/JpCLiP-V-l0?feature=oembed\" frameborder=\"0\" allow=\"accelerometer; autoplay; clipboard-write; encrypted-media; gyroscope; picture-in-picture; web-share\" referrerpolicy=\"strict-origin-when-cross-origin\" allowfullscreen><\/iframe> <\/div><\/figure>    <p>A tesoura de p\u00f3rtico \u00e9 composta principalmente de fuselagem, sistema de alimenta\u00e7\u00e3o, sistema hidr\u00e1ulico, sistema de controle el\u00e9trico, etc. A for\u00e7a total da m\u00e1quina \u00e9 de 50t a 1200t. A fuselagem \u00e9 soldada com chapa de a\u00e7o espessada e refor\u00e7ada externamente, que pode suportar forte for\u00e7a de cisalhamento. Durante o trabalho, a garra ou outro equipamento colocar\u00e1 o material no sistema de alimenta\u00e7\u00e3o, e o material avan\u00e7ar\u00e1 com a correia transportadora. O sistema hidr\u00e1ulico come\u00e7a a funcionar e a fresa cai para cortar o material. A velocidade de alimenta\u00e7\u00e3o do transportador pode ser ajustada infinitamente. Existem dispositivos de press\u00e3o lateral em ambos os lados da m\u00e1quina para fixar os materiais e acelerar o processo de corte.<\/p>    <figure class=\"wp-block-gallery has-nested-images columns-default is-cropped wp-block-gallery-3 is-layout-flex wp-block-gallery-is-layout-flex\"> <figure class=\"wp-block-image size-large\"><img loading=\"lazy\" decoding=\"async\" width=\"720\" height=\"540\" data-id=\"528\" src=\"https:\/\/shuliybaler.com\/wp-content\/uploads\/2019\/12\/heavy-duty-metal-cutting-machine.jpg\" alt=\"M\u00e1quina de corte de sucata de a\u00e7o\" class=\"wp-image-528\" title=\"\" srcset=\"https:\/\/shuliybaler.com\/wp-content\/uploads\/2019\/12\/heavy-duty-metal-cutting-machine.jpg 720w, https:\/\/shuliybaler.com\/wp-content\/uploads\/2019\/12\/heavy-duty-metal-cutting-machine-360x270.jpg 360w, https:\/\/shuliybaler.com\/wp-content\/uploads\/2019\/12\/heavy-duty-metal-cutting-machine-180x135.jpg 180w\" sizes=\"auto, (max-width: 720px) 100vw, 720px\" \/><figcaption>M\u00e1quina de corte de metal para servi\u00e7os pesados<\/figcaption><\/figure>    <figure class=\"wp-block-image size-large\"><img loading=\"lazy\" decoding=\"async\" width=\"720\" height=\"540\" data-id=\"527\" src=\"https:\/\/shuliybaler.com\/wp-content\/uploads\/2019\/12\/Guillotine-Shear-1.jpg\" alt=\"Tesoura Guilhotina\" class=\"wp-image-527\" title=\"\" srcset=\"https:\/\/shuliybaler.com\/wp-content\/uploads\/2019\/12\/Guillotine-Shear-1.jpg 720w, https:\/\/shuliybaler.com\/wp-content\/uploads\/2019\/12\/Guillotine-Shear-1-360x270.jpg 360w, https:\/\/shuliybaler.com\/wp-content\/uploads\/2019\/12\/Guillotine-Shear-1-180x135.jpg 180w\" sizes=\"auto, (max-width: 720px) 100vw, 720px\" \/><figcaption>Tesoura Guilhotina<\/figcaption><\/figure> <\/figure>    <h2 class=\"wp-block-heading\" id=\"h-features-of-the-car-body-cutting-machine\"><strong>Caracter\u00edsticas da m\u00e1quina de corte de carroceria de carro<\/strong><strong><\/strong><\/h2>    <p>1. A m\u00e1quina de corte de sucata de a\u00e7o adota transmiss\u00e3o hidr\u00e1ulica, que tem as caracter\u00edsticas de pequeno ru\u00eddo, opera\u00e7\u00e3o est\u00e1vel, pequena in\u00e9rcia e grande superf\u00edcie de cisalhamento, e \u00e9 f\u00e1cil de obter prote\u00e7\u00e3o contra sobrecarga.<\/p>    <p>2. O tamanho e o comprimento do bloco de corte podem ser ajustados e o m\u00e9todo de ajuste \u00e9 conveniente.<\/p>    <p>3. A parte el\u00e9trica adota uma marca internacionalmente famosa, Schneider Electric, para garantir a vida \u00fatil da m\u00e1quina.<\/p>    <p>4. O sistema hidr\u00e1ulico tradicional possui baixo ru\u00eddo da m\u00e1quina e alta efici\u00eancia de corte de metal.<\/p>    <p>5. Sistema operacional totalmente autom\u00e1tico Plc, alto grau de automa\u00e7\u00e3o da m\u00e1quina.<\/p>   <div class=\"wp-block-image\"> <figure class=\"aligncenter size-large\"><img loading=\"lazy\" decoding=\"async\" width=\"720\" height=\"540\" src=\"https:\/\/shuliybaler.com\/wp-content\/uploads\/2019\/12\/our-customers-metal-scrap-factory-gantry-shear.jpg\" alt=\"M\u00e1quina de corte de sucata de a\u00e7o\" class=\"wp-image-530\" title=\"\" srcset=\"https:\/\/shuliybaler.com\/wp-content\/uploads\/2019\/12\/our-customers-metal-scrap-factory-gantry-shear.jpg 720w, https:\/\/shuliybaler.com\/wp-content\/uploads\/2019\/12\/our-customers-metal-scrap-factory-gantry-shear-360x270.jpg 360w, https:\/\/shuliybaler.com\/wp-content\/uploads\/2019\/12\/our-customers-metal-scrap-factory-gantry-shear-180x135.jpg 180w\" sizes=\"auto, (max-width: 720px) 100vw, 720px\" \/><figcaption>tesoura de p\u00f3rtico de f\u00e1brica de sucata de metal do nosso cliente<\/figcaption><\/figure> <\/div>  <div class=\"vlp-link-container vlp-layout-basic wp-block-visual-link-preview-link\"><a href=\"https:\/\/shuliybaler.com\/pt\/maintenance-tips-of-hydraulic-alligator-shears\/\" class=\"vlp-link\" title=\"Dicas de manuten\u00e7\u00e3o da tesoura jacar\u00e9 hidr\u00e1ulica\" rel=\"nofollow\" target=\"_blank\"><\/a><div class=\"vlp-layout-zone-side\"><div class=\"vlp-block-2 vlp-link-image\"><img decoding=\"async\" src=\"https:\/\/shuliybaler.com\/wp-content\/uploads\/2019\/12\/alligator-shear.jpg\" style=\"max-width: 150px; max-height: 150px\" alt=\"\" title=\"\"><\/div><\/div><div class=\"vlp-layout-zone-main\"><div class=\"vlp-block-0 vlp-link-title\">Dicas de manuten\u00e7\u00e3o da tesoura jacar\u00e9 hidr\u00e1ulica<\/div><div class=\"vlp-block-1 vlp-link-summary\">A Tesoura Jacar\u00e9 (m\u00e1quina de corte de metal hidr\u00e1ulico) \u00e9 um equipamento de corte de a\u00e7o muito utilizado, especialmente na \u00e1rea de reciclagem de sucata. A aplica\u00e7\u00e3o desta tesoura hidr\u00e1ulica para metal pode efetivamente melhorar a efici\u00eancia da reciclagem de sucatas met\u00e1licas e criar maiores benef\u00edcios econ\u00f4micos para\u2026<\/div><\/div><\/div>","protected":false},"excerpt":{"rendered":"<p>A m\u00e1quina de corte de sucata de a\u00e7o tamb\u00e9m \u00e9 chamada de tesoura de p\u00f3rtico para servi\u00e7o pesado, m\u00e1quina de corte hidr\u00e1ulica de res\u00edduos de a\u00e7o, m\u00e1quina de corte de carroceria de carro. \u00c9 adequado para cortar metais grandes e longos, a fim de facilitar o processamento secund\u00e1rio. O comprimento de corte pode ser ajustado em tiras. \u00c9 amplamente utilizado em f\u00e1bricas de desmantelamento de sucata de autom\u00f3veis, f\u00e1bricas de reciclagem de metal, ind\u00fastrias de fundi\u00e7\u00e3o e manufatura de metal e ind\u00fastrias de com\u00e9rcio de metal. <\/p>","protected":false},"author":1,"featured_media":2366,"parent":0,"template":"","tags":[35],"product-type":[43],"class_list":["post-523","product","type-product","status-publish","has-post-thumbnail","hentry","tag-scrap-steel-shearing-machine","product-type-metal-shear"],"_links":{"self":[{"href":"https:\/\/shuliybaler.com\/pt\/wp-json\/wp\/v2\/product\/523","targetHints":{"allow":["GET"]}}],"collection":[{"href":"https:\/\/shuliybaler.com\/pt\/wp-json\/wp\/v2\/product"}],"about":[{"href":"https:\/\/shuliybaler.com\/pt\/wp-json\/wp\/v2\/types\/product"}],"author":[{"embeddable":true,"href":"https:\/\/shuliybaler.com\/pt\/wp-json\/wp\/v2\/users\/1"}],"wp:featuredmedia":[{"embeddable":true,"href":"https:\/\/shuliybaler.com\/pt\/wp-json\/wp\/v2\/media\/2366"}],"wp:attachment":[{"href":"https:\/\/shuliybaler.com\/pt\/wp-json\/wp\/v2\/media?parent=523"}],"wp:term":[{"taxonomy":"post_tag","embeddable":true,"href":"https:\/\/shuliybaler.com\/pt\/wp-json\/wp\/v2\/tags?post=523"},{"taxonomy":"product-type","embeddable":true,"href":"https:\/\/shuliybaler.com\/pt\/wp-json\/wp\/v2\/product-type?post=523"}],"curies":[{"name":"wp","href":"https:\/\/api.w.org\/{rel}","templated":true}]}}