{"id":540,"date":"2019-12-14T09:21:04","date_gmt":"2019-12-14T01:21:04","guid":{"rendered":"https:\/\/shuliybaler.com\/?p=540"},"modified":"2022-09-27T10:15:58","modified_gmt":"2022-09-27T02:15:58","slug":"horizontal-metal-briquetting-machine","status":"publish","type":"product","link":"https:\/\/shuliybaler.com\/pt\/product\/horizontal-metal-briquetting-machine\/","title":{"rendered":"M\u00e1quina de briquetagem e raspagem de metal | m\u00e1quina de briquetagem de chips de alum\u00ednio"},"content":{"rendered":"<p class=\"translation-block\">Uma m\u00e1quina de briquetagem de aparas de metal <strong> <\/strong>(compactador horizontal de aparas de metal, <a href=\"https:\/\/shuliybaler.com\/pt\/metal-briquetting-machine\/\">m\u00e1quina de reciclagem de briquetagem de aparas de metal\/sucata de a\u00e7o<\/a>) \u00e9 o equipamento ideal para processar aparas de cobre, aparas de ferro e aparas de alum\u00ednio. Em compara\u00e7\u00e3o com a m\u00e1quina de briquetagem de metal vertical, embora esta m\u00e1quina ocupe um grande espa\u00e7o, ela tem uma press\u00e3o maior, que pode prensar as aparas de metal num bloco de alta densidade sob a a\u00e7\u00e3o de um pun\u00e7\u00e3o hidr\u00e1ulico. Uma m\u00e1quina indispens\u00e1vel para a ind\u00fastria metal\u00fargica.<\/p>    <figure class=\"wp-block-image size-full is-resized\"><img loading=\"lazy\" decoding=\"async\" src=\"https:\/\/shuliybaler.com\/wp-content\/uploads\/2019\/12\/0.256.png\" alt=\"Briquetagem de barbear met\u00e1lico\u00a0\" class=\"wp-image-2275\" width=\"1150\" height=\"305\" title=\"\"><figcaption>Briquetagem de barbear de metal&amp;Nbsp;<\/figcaption><\/figure>    <h2 class=\"wp-block-heading\" id=\"h-brief-introduction-of-metal-shaving-briquetting-machine\">Breve introdu\u00e7\u00e3o \u00e0 m\u00e1quina de briquetagem de raspagem de metal <\/h2>    <figure class=\"wp-block-image size-full\"><img loading=\"lazy\" decoding=\"async\" width=\"720\" height=\"540\" src=\"https:\/\/shuliybaler.com\/wp-content\/uploads\/2019\/12\/xintu-.jpg\" alt=\"M\u00e1quina de briquetagem e raspagem de metal\" class=\"wp-image-2276\" title=\"\"><figcaption>M\u00e1quina de briquetagem de barbear de metal<\/figcaption><\/figure>    <p>A m\u00e1quina de reciclagem de briquetes de sucata de ferro \u00e9 adequada para prensar v\u00e1rios metais n\u00e3o ferrosos, como aparas de metal de a\u00e7o inoxid\u00e1vel, aparas de cobre, aparas de ferro, aparas de liga, zinco, bronze e tit\u00e2nio, magn\u00e9sio, etc. equipamentos de forjamento para a ind\u00fastria de reciclagem de metais. Ele pode compactar cavacos de metal em briquetes de alta densidade em um curto espa\u00e7o de tempo e depois envi\u00e1-los para o forno para melhorar a taxa de utiliza\u00e7\u00e3o do forno. Ao mesmo tempo, tamb\u00e9m \u00e9 conveniente para o armazenamento e transporte de sucatas met\u00e1licas.<\/p>   <div class=\"vlp-link-container vlp-layout-basic wp-block-visual-link-preview-link\"><a href=\"https:\/\/shuliybaler.com\/pt\/metal-briquetting-machine\/\" class=\"vlp-link\" title=\"Prensa de briquetagem de cavacos de sucata | m\u00e1quina de briquetagem de migalhas de metal\" rel=\"nofollow\" target=\"_blank\"><\/a><div class=\"vlp-layout-zone-side\"><div class=\"vlp-block-2 vlp-link-image\"><img decoding=\"async\" src=\"https:\/\/shuliybaler.com\/wp-content\/uploads\/2019\/12\/1698-3.jpg\" style=\"max-width: 150px; max-height: 150px\" alt=\"\" title=\"\"><\/div><\/div><div class=\"vlp-layout-zone-main\"><div class=\"vlp-block-0 vlp-link-title\">Prensa de briquetagem de cavacos de sucata | m\u00e1quina de briquetagem de migalhas de metal<\/div><div class=\"vlp-block-1 vlp-link-summary\">A m\u00e1quina de briquetagem de cavacos de metal tamb\u00e9m \u00e9 chamada de m\u00e1quina vertical de reciclagem de sucata de metal, m\u00e1quina de fus\u00e3o de cavacos de metal, m\u00e1quina de prensagem de metal ou alta densidade<\/div><\/div><\/div>   <h2 class=\"wp-block-heading\" id=\"h-working-principle-of-aluminum-chips-briquetting-machine\">Princ\u00edpio de funcionamento da m\u00e1quina de briquetagem de chips de alum\u00ednio<\/h2>    <figure class=\"wp-block-image size-full\"><img loading=\"lazy\" decoding=\"async\" width=\"720\" height=\"540\" src=\"https:\/\/shuliybaler.com\/wp-content\/uploads\/2019\/12\/\u672a\u547d\u540d\u56fe\u7247-7.jpg\" alt=\"m\u00e1quina de briquetagem de chips de alum\u00ednio\" class=\"wp-image-2280\" title=\"\"><figcaption>M\u00e1quina de briquetagem de chips de alum\u00ednio<\/figcaption><\/figure>    <p>Coloque as limalhas, limalhas de processamento de torno, aparas, limalhas de ferro, limalhas de lat\u00e3o, lascas de alum\u00ednio e outras mat\u00e9rias-primas met\u00e1licas no funil de alimenta\u00e7\u00e3o da m\u00e1quina. As mat\u00e9rias-primas entram no molde de forma\u00e7\u00e3o da m\u00e1quina atrav\u00e9s da tremonha e s\u00e3o prensadas pelo pun\u00e7\u00e3o hidr\u00e1ulico para formar blocos de metal s\u00f3lido. Em seguida, ele \u00e9 empurrado para fora pela haste e entra na correia transportadora de descarga. Esta m\u00e1quina pode ser usada com elevador de canecas, trituradores de metal, etc.<\/p>   <div class=\"vlp-link-container vlp-layout-basic wp-block-visual-link-preview-link\"><a href=\"https:\/\/shuliybaler.com\/pt\/improve-the-briquetting-strength\/\" class=\"vlp-link\" title=\"Como melhorar a resist\u00eancia \u00e0 briquetagem das m\u00e1quinas de briquetagem de cavacos de sucata?\" rel=\"nofollow\" target=\"_blank\"><\/a><div class=\"vlp-layout-zone-side\"><div class=\"vlp-block-2 vlp-link-image\"><img decoding=\"async\" src=\"https:\/\/shuliybaler.com\/wp-content\/uploads\/2022\/06\/metal-briquetting-machine.jpg\" style=\"max-width: 150px; max-height: 150px\" alt=\"\" title=\"\"><\/div><\/div><div class=\"vlp-layout-zone-main\"><div class=\"vlp-block-0 vlp-link-title\">Como melhorar a resist\u00eancia \u00e0 briquetagem das m\u00e1quinas de briquetagem de cavacos de sucata?<\/div><div class=\"vlp-block-1 vlp-link-summary\">Durante a produ\u00e7\u00e3o de m\u00e1quinas de briquetagem de sucata de ferro, muitos clientes relatam que a resist\u00eancia da torta formada n\u00e3o \u00e9 alta e ela quebra durante o processo de empilhamento ou sinteriza\u00e7\u00e3o. Ap\u00f3s solucionar problemas do equipamento, recomendamos diversas maneiras de melhorar a resist\u00eancia dos briquetes de p\u00f3 de ferro, com\u2026<\/div><\/div><\/div>   <h2 class=\"wp-block-heading\" id=\"h-what-are-the-dangers-of-recycling-metal-scrap-directly\">Quais s\u00e3o os perigos da reciclagem direta de sucata met\u00e1lica?<\/h2>    <figure class=\"wp-block-image size-full\"><img loading=\"lazy\" decoding=\"async\" width=\"720\" height=\"540\" src=\"https:\/\/shuliybaler.com\/wp-content\/uploads\/2019\/12\/0.1.jpg\" alt=\"\" class=\"wp-image-2278\" title=\"\"><figcaption>M\u00e1quina de briquetagem de chips de alum\u00ednio<\/figcaption><\/figure>    <ol class=\"wp-block-list\"><li>A limalha de ferro \u00e9 pequena em volume e alta densidade. Colocar diretamente no forno para fundi\u00e7\u00e3o bloquear\u00e1 o canal ascendente do ar do forno e afetar\u00e1 diretamente o efeito de fus\u00e3o.<\/li><li>Quando o fluxo de ar no forno \u00e9 grande, as limalhas de ferro ser\u00e3o expelidas, resultando em uma baixa taxa de descarga.<\/li><li>A limalha de ferro pode ser facilmente fixada \u00e0 parede do forno sem tratamento de briquete, tornando a parede do forno mais espessa e mais corrosiva para o forno.<\/li><li>Sucata de ferro, sil\u00edcio, mangan\u00eas e outros materiais n\u00e3o s\u00e3o f\u00e1ceis de armazenar. O seu contacto com a \u00e1gua e o ar causar\u00e1 deteriora\u00e7\u00e3o oxidativa. No entanto, o ponto de fus\u00e3o do \u00f3xido de ferro \u00e9 superior ao do ferro, o que resulta num longo tempo de fus\u00e3o e num aumento no custo de combust\u00e3o.<\/li><li>Lascas de ferro\u00a0s\u00e3o f\u00e1ceis de serem embaladas pela esc\u00f3ria, resultando na baixa taxa de utiliza\u00e7\u00e3o de mat\u00e9rias-primas.<\/li><\/ol>   <div class=\"vlp-link-container vlp-layout-basic wp-block-visual-link-preview-link\"><a href=\"https:\/\/shuliybaler.com\/pt\/how-to-maintain-the-bearings-of-a-metal-briquette-machine\/\" class=\"vlp-link\" title=\"Como fazer a manuten\u00e7\u00e3o dos rolamentos de uma briquetadeira de metal\" rel=\"nofollow\" target=\"_blank\"><\/a><div class=\"vlp-layout-zone-side\"><div class=\"vlp-block-2 vlp-link-image\"><img decoding=\"async\" src=\"https:\/\/shuliybaler.com\/wp-content\/uploads\/2020\/01\/scrap-metal-chips-briquetting-machine.jpg\" style=\"max-width: 150px; max-height: 150px\" alt=\"\" title=\"\"><\/div><\/div><div class=\"vlp-layout-zone-main\"><div class=\"vlp-block-0 vlp-link-title\">Como fazer a manuten\u00e7\u00e3o dos rolamentos de uma briquetadeira de metal<\/div><div class=\"vlp-block-1 vlp-link-summary\">A m\u00e1quina de briquetagem de cavacos de metal \u00e9 principalmente adequada para compactar v\u00e1rios cavacos de metal de pequeno volume em blocos de metal de alta densidade. Por exemplo, ferro<\/div><\/div><\/div>   <h2 class=\"wp-block-heading\" id=\"h-aluminum-chips-briquetting-machine-structure\">Estrutura da m\u00e1quina de briquetagem de cavacos de alum\u00ednio<\/h2>    <figure class=\"wp-block-image size-full\"><img loading=\"lazy\" decoding=\"async\" width=\"720\" height=\"540\" src=\"https:\/\/shuliybaler.com\/wp-content\/uploads\/2019\/12\/58.jpg\" alt=\"Estrutura da m\u00e1quina de briquetagem de barbear met\u00e1lico\" class=\"wp-image-2277\" title=\"\"><figcaption>Estrutura da m\u00e1quina de briquetagem de barbear de metal<\/figcaption><\/figure>    <p>O pre\u00e7o de uma m\u00e1quina \u00e9 muitas vezes diretamente proporcional \u00e0 sua qualidade. Esta m\u00e1quina \u00e9 composta principalmente por um cilindro hidr\u00e1ulico de placa de base, formando um cilindro hidr\u00e1ulico, empurrando o cilindro hidr\u00e1ulico, suportando a estrutura do molde e o molde, cabe\u00e7a de prensa, motor, tanque de \u00f3leo hidr\u00e1ulico, dispositivo de prote\u00e7\u00e3o contra sobrepress\u00e3o e sobrecorrente, dispositivo de prote\u00e7\u00e3o de parada de emerg\u00eancia , painel de controle, etc. A parte el\u00e9trica adota marcas internacionalmente famosas para garantir que a m\u00e1quina possa funcionar continuamente por um longo tempo. O sistema hidr\u00e1ulico adota tecnologia avan\u00e7ada para garantir uma conex\u00e3o firme e sem vazamento de \u00f3leo.<\/p>    <h2 class=\"wp-block-heading\">Quanto custa uma m\u00e1quina de briquetagem e raspagem de metal?<\/h2>    <figure class=\"wp-block-gallery has-nested-images columns-2 is-cropped wp-block-gallery-2 is-layout-flex wp-block-gallery-is-layout-flex\"> <figure class=\"wp-block-image size-large\"><img loading=\"lazy\" decoding=\"async\" width=\"720\" height=\"540\" data-id=\"2281\" src=\"https:\/\/shuliybaler.com\/wp-content\/uploads\/2019\/12\/u2868808451582290434fm199app68fJPEG.jpg\" alt=\"M\u00e1quina de briquetagem e raspagem de metal \" class=\"wp-image-2281\" title=\"\"><figcaption>M\u00e1quina de briquetagem de chips de alum\u00ednio<\/figcaption><\/figure>    <figure class=\"wp-block-image size-large\"><img loading=\"lazy\" decoding=\"async\" width=\"720\" height=\"540\" data-id=\"2282\" src=\"https:\/\/shuliybaler.com\/wp-content\/uploads\/2019\/12\/1641298199.jpg\" alt=\"M\u00e1quina de briquetagem e raspagem de metal \" class=\"wp-image-2282\" title=\"\"><figcaption>M\u00e1quina de briquetagem de barbear de metal <\/figcaption><\/figure>    <figure class=\"wp-block-image size-large\"><img loading=\"lazy\" decoding=\"async\" width=\"720\" height=\"540\" data-id=\"2283\" src=\"https:\/\/shuliybaler.com\/wp-content\/uploads\/2019\/12\/new-designed-metal-scraps-press-machine.png.webp.jpg\" alt=\"M\u00e1quina de briquetagem e raspagem de metal \" class=\"wp-image-2283\" title=\"\"><figcaption>M\u00e1quina de briquetagem de barbear de metal <\/figcaption><\/figure>    <figure class=\"wp-block-image size-large\"><img loading=\"lazy\" decoding=\"async\" width=\"720\" height=\"540\" data-id=\"2284\" src=\"https:\/\/shuliybaler.com\/wp-content\/uploads\/2019\/12\/u25173659733467872037fm199app68fJPEG.jpg\" alt=\"M\u00e1quina de briquetagem e raspagem de metal \" class=\"wp-image-2284\" title=\"\"><figcaption>M\u00e1quina de briquetagem de barbear de metal <\/figcaption><\/figure> <\/figure>    <p>&nbsp;Muitas m\u00e1quinas n\u00e3o parecem muito diferentes umas das outras na apar\u00eancia. Ainda assim, ap\u00f3s compara\u00e7\u00e3o, pode-se concluir que o pre\u00e7o est\u00e1 relacionado \u00e0 qualidade, e o pre\u00e7o ser\u00e1 diferente para os diferentes modelos. O material utilizado, a espessura do material das m\u00e1quinas, a qualidade do motor e o processo de fabrica\u00e7\u00e3o s\u00e3o fatores que causam os diferentes pre\u00e7os da m\u00e1quina. Shuliy projetar\u00e1 o plano de produ\u00e7\u00e3o mais adequado para os clientes e recomendar\u00e1 m\u00e1quinas adequadas.<\/p>    <p>Exibi\u00e7\u00e3o de efeito de m\u00e1quina de briquetagem de metal<\/p>    <figure class=\"wp-block-gallery has-nested-images columns-2 is-cropped wp-block-gallery-3 is-layout-flex wp-block-gallery-is-layout-flex\"> <figure class=\"wp-block-image size-large\"><img loading=\"lazy\" decoding=\"async\" width=\"720\" height=\"540\" data-id=\"2285\" src=\"https:\/\/shuliybaler.com\/wp-content\/uploads\/2019\/12\/u27771247752629997818fm199app68fJPEG.jpg\" alt=\"display de efeito de m\u00e1quina de briquetagem de chips de alum\u00ednio\" class=\"wp-image-2285\" title=\"\"><figcaption>Exibi\u00e7\u00e3o de efeito de m\u00e1quina de briquetagem de chips de alum\u00ednio<\/figcaption><\/figure>    <figure class=\"wp-block-image size-large\"><img loading=\"lazy\" decoding=\"async\" width=\"720\" height=\"540\" data-id=\"2286\" src=\"https:\/\/shuliybaler.com\/wp-content\/uploads\/2019\/12\/1728148099784019586.jpg\" alt=\"display de efeito de m\u00e1quina de briquetagem de chips de alum\u00ednio\" class=\"wp-image-2286\" title=\"\"><figcaption>Exibi\u00e7\u00e3o de efeito de m\u00e1quina de briquetagem de chips de alum\u00ednio<\/figcaption><\/figure>    <figure class=\"wp-block-image size-large\"><img loading=\"lazy\" decoding=\"async\" width=\"720\" height=\"540\" data-id=\"2287\" src=\"https:\/\/shuliybaler.com\/wp-content\/uploads\/2019\/12\/csm_RUF-Briketts-aus-verschiedenen-Metallen_56f3292710.jpg\" alt=\"display de efeito de m\u00e1quina de briquetagem de chips de alum\u00ednio\" class=\"wp-image-2287\" title=\"\"><figcaption>Exibi\u00e7\u00e3o de efeito de m\u00e1quina de briquetagem de chips de alum\u00ednio<\/figcaption><\/figure>    <figure class=\"wp-block-image size-large\"><img loading=\"lazy\" decoding=\"async\" width=\"720\" height=\"540\" data-id=\"2288\" src=\"https:\/\/shuliybaler.com\/wp-content\/uploads\/2019\/12\/12.jpg\" alt=\"display de efeito de m\u00e1quina de briquetagem de chips de alum\u00ednio\" class=\"wp-image-2288\" title=\"\"><figcaption>Exibi\u00e7\u00e3o de efeito de m\u00e1quina de briquetagem de chips de alum\u00ednio<\/figcaption><\/figure> <figcaption class=\"blocks-gallery-caption\">display de efeito de m\u00e1quina de briquetagem de chips de alum\u00ednio<\/figcaption><\/figure>    <h2 class=\"wp-block-heading\">V\u00eddeo da m\u00e1quina de briquetagem e raspagem de metal<\/h2>    <figure class=\"wp-block-embed is-type-video is-provider-youtube wp-block-embed-youtube wp-embed-aspect-16-9 wp-has-aspect-ratio\"><div class=\"wp-block-embed__wrapper\"> <iframe loading=\"lazy\" title=\"Para que s\u00e3o utilizadas as aparas de alum\u00ednio da f\u00e1brica? As aparas de metal podem ser rebriquetadas em blocos?\" width=\"500\" height=\"281\" src=\"https:\/\/www.youtube.com\/embed\/I3TqlAc0_4w?start=13&#038;feature=oembed\" frameborder=\"0\" allow=\"accelerometer; autoplay; clipboard-write; encrypted-media; gyroscope; picture-in-picture; web-share\" referrerpolicy=\"strict-origin-when-cross-origin\" allowfullscreen><\/iframe> <\/div><figcaption>m\u00e1quina de briquetagem de chips de alum\u00ednio<\/figcaption><\/figure>","protected":false},"excerpt":{"rendered":"<p>Uma m\u00e1quina de briquetagem de raspagem de metal (m\u00e1quina de compacta\u00e7\u00e3o horizontal de cavacos de metal, m\u00e1quina de reciclagem de briquetagem de cavacos de metal\/res\u00edduos de a\u00e7o) \u00e9 o equipamento ideal para processar cavacos de cobre, cavacos de ferro e cavacos de alum\u00ednio. Em compara\u00e7\u00e3o com a m\u00e1quina vertical de briquetagem de metal, embora esta m\u00e1quina tenha uma \u00e1rea grande, ela tem uma press\u00e3o maior, que pode pressionar os cavacos de metal em um bloco de alta densidade sob a a\u00e7\u00e3o de um pun\u00e7\u00e3o hidr\u00e1ulico. Uma m\u00e1quina indispens\u00e1vel para a ind\u00fastria metal\u00fargica.<\/p>","protected":false},"author":1,"featured_media":2311,"parent":0,"template":"","tags":[],"product-type":[42],"class_list":["post-540","product","type-product","status-publish","has-post-thumbnail","hentry","product-type-metal-briquetting-machine"],"_links":{"self":[{"href":"https:\/\/shuliybaler.com\/pt\/wp-json\/wp\/v2\/product\/540","targetHints":{"allow":["GET"]}}],"collection":[{"href":"https:\/\/shuliybaler.com\/pt\/wp-json\/wp\/v2\/product"}],"about":[{"href":"https:\/\/shuliybaler.com\/pt\/wp-json\/wp\/v2\/types\/product"}],"author":[{"embeddable":true,"href":"https:\/\/shuliybaler.com\/pt\/wp-json\/wp\/v2\/users\/1"}],"wp:featuredmedia":[{"embeddable":true,"href":"https:\/\/shuliybaler.com\/pt\/wp-json\/wp\/v2\/media\/2311"}],"wp:attachment":[{"href":"https:\/\/shuliybaler.com\/pt\/wp-json\/wp\/v2\/media?parent=540"}],"wp:term":[{"taxonomy":"post_tag","embeddable":true,"href":"https:\/\/shuliybaler.com\/pt\/wp-json\/wp\/v2\/tags?post=540"},{"taxonomy":"product-type","embeddable":true,"href":"https:\/\/shuliybaler.com\/pt\/wp-json\/wp\/v2\/product-type?post=540"}],"curies":[{"name":"wp","href":"https:\/\/api.w.org\/{rel}","templated":true}]}}