{"id":572,"date":"2019-12-14T16:54:38","date_gmt":"2019-12-14T08:54:38","guid":{"rendered":"https:\/\/shuliybaler.com\/?p=572"},"modified":"2022-09-27T10:17:08","modified_gmt":"2022-09-27T02:17:08","slug":"alligator-shear","status":"publish","type":"product","link":"https:\/\/shuliybaler.com\/pt\/product\/alligator-shear\/","title":{"rendered":"Tesoura para corte de sucata | m\u00e1quina de tesoura de a\u00e7o jacar\u00e9"},"content":{"rendered":"<p class=\"translation-block\"><strong>Cortador de metal para sucata<\/strong> tamb\u00e9m chamado de m\u00e1quina de corte de a\u00e7o tipo jacar\u00e9, \u00e9 muito adequado para cortar metais longos. Comparado a outros<a href=\"https:\/\/shuliybaler.com\/pt\/gantry-shear\/\"> equipamentos de corte<\/a>, possui as caracter\u00edsticas de ser leve, ocupar pouco espa\u00e7o e ter alta efici\u00eancia. Portanto, esta m\u00e1quina \u00e9 frequentemente utilizada em usinas de lamina\u00e7\u00e3o, plantas de reciclagem de metais, plantas de desmantelamento de carros sucateados, plantas de reciclagem el\u00e9trica, etc. \u00c9 muito adequada para cortar a\u00e7o redondo, a\u00e7o em \u00e2ngulo, vergalh\u00e3o, fio, chapa de ferro, telha de a\u00e7o colorido, liga de alum\u00ednio, a\u00e7o canal, chapa de cobre, chapa de ferro, sucata de metal, etc. para processamento subsequente.<\/p>    <figure class=\"wp-block-image size-full\"><img loading=\"lazy\" decoding=\"async\" width=\"720\" height=\"540\" src=\"https:\/\/shuliybaler.com\/wp-content\/uploads\/2019\/12\/u7513068303196564925fm199app68fJPEG.jpg\" alt=\"tesoura de corte de metal\" class=\"wp-image-2059\" title=\"\"><figcaption>Tesoura de corte de metal<\/figcaption><\/figure>    <h2 class=\"wp-block-heading\" id=\"h-how-does-the-alligator-steel-shear-machine-work\">Como funciona a m\u00e1quina de cisalhamento de a\u00e7o jacar\u00e9\uff1f<\/h2>    <p>As tesouras jacar\u00e9 s\u00e3o compostas principalmente por cilindros de \u00f3leo de corte, facas de corte, facas de prensagem, cilindros de \u00f3leo de prensagem, bombas hidr\u00e1ulicas, pain\u00e9is de controle, dispositivos de seguran\u00e7a e assim por diante. Quando a tesoura de corte de sucata de a\u00e7o est\u00e1 funcionando, a bomba hidr\u00e1ulica fornece energia para a faca de press\u00e3o, e a faca de press\u00e3o \u00e9 abaixada para segurar o material com firmeza. Em seguida, a bomba de \u00f3leo hidr\u00e1ulico enche o cilindro de corte com \u00f3leo e o cortador desce gradualmente para cortar o material.<\/p>    <figure class=\"wp-block-image size-full\"><img loading=\"lazy\" decoding=\"async\" width=\"720\" height=\"540\" src=\"https:\/\/shuliybaler.com\/wp-content\/uploads\/2019\/12\/u35814314264196434871fm199app68fJPEG.jpg\" alt=\"exibi\u00e7\u00e3o de efeito de trabalho de m\u00e1quina de cisalhamento de a\u00e7o jacar\u00e9\" class=\"wp-image-2060\" title=\"\"><figcaption>Exibi\u00e7\u00e3o de efeito de trabalho de m\u00e1quina de cisalhamento de a\u00e7o jacar\u00e9<\/figcaption><\/figure>    <h2 class=\"wp-block-heading\">\u00c1reas de aplica\u00e7\u00e3o de tesoura para corte de sucata<\/h2>    <p>Esta tesoura de sucata pode ser usada na ind\u00fastria de reciclagem de metal, ind\u00fastria de processamento de metal, ind\u00fastria de processamento de sucata de autom\u00f3veis, etc. Ela pode cortar rapidamente algumas longas tiras de metal em determinados p\u00e9s de armazenamento. As mat\u00e9rias-primas que podem ser processadas s\u00e3o metal, ferro, a\u00e7o, telha de a\u00e7o colorida, liga de alum\u00ednio, sucata de a\u00e7o e chapa de ferro.<\/p>    <figure class=\"wp-block-gallery has-nested-images columns-default is-cropped wp-block-gallery-2 is-layout-flex wp-block-gallery-is-layout-flex\"> <figure class=\"wp-block-image size-large\"><img loading=\"lazy\" decoding=\"async\" width=\"720\" height=\"540\" data-id=\"2061\" src=\"https:\/\/shuliybaler.com\/wp-content\/uploads\/2019\/12\/0.5.jpg\" alt=\"Aplica\u00e7\u00e3o de tesoura para corte de sucata \" class=\"wp-image-2061\" title=\"\"><figcaption>Aplica\u00e7\u00e3o de tesoura para corte de sucata <\/figcaption><\/figure>    <figure class=\"wp-block-image size-large\"><img loading=\"lazy\" decoding=\"async\" width=\"720\" height=\"540\" data-id=\"2062\" src=\"https:\/\/shuliybaler.com\/wp-content\/uploads\/2019\/12\/14.jpg\" alt=\"Aplica\u00e7\u00e3o de tesoura para corte de sucata \" class=\"wp-image-2062\" title=\"\"><figcaption>Aplica\u00e7\u00e3o de tesoura para corte de sucata <\/figcaption><\/figure> <\/figure>    <h2 class=\"wp-block-heading\">Detalhes da tesoura de corte de sucata<\/h2>    <div class=\"wp-block-media-text alignwide is-stacked-on-mobile\"><figure class=\"wp-block-media-text__media\"><img loading=\"lazy\" decoding=\"async\" width=\"720\" height=\"540\" src=\"https:\/\/shuliybaler.com\/wp-content\/uploads\/2019\/12\/25b9061356dd0a69822e0f61b844f99.jpg\" alt=\"m\u00e1quina de tesoura de a\u00e7o jacar\u00e9\" class=\"wp-image-2066 size-full\" title=\"\"><\/figure><div class=\"wp-block-media-text__content\"> <p class=\"has-large-font-size\">A press\u00e3o n\u00e3o diminuir\u00e1 ap\u00f3s anos de uso, o material do anel de veda\u00e7\u00e3o n\u00e3o vaza \u00f3leo e a m\u00e1quina \u00e9 dur\u00e1vel.<\/p> <\/div><\/div>    <div class=\"wp-block-media-text alignwide has-media-on-the-right is-stacked-on-mobile\"><figure class=\"wp-block-media-text__media\"><img loading=\"lazy\" decoding=\"async\" width=\"720\" height=\"540\" src=\"https:\/\/shuliybaler.com\/wp-content\/uploads\/2019\/12\/454424f9dd2b4051916fcccd18f56f8.jpg\" alt=\"tesoura de corte de metal\" class=\"wp-image-2058 size-full\" title=\"\"><\/figure><div class=\"wp-block-media-text__content\"> <p class=\"has-large-font-size\">Painel de opera\u00e7\u00e3o com fun\u00e7\u00f5es autom\u00e1ticas, controle de mudan\u00e7a quadrada e ajuste<\/p> <\/div><\/div>    <div class=\"wp-block-media-text alignwide is-stacked-on-mobile\"><figure class=\"wp-block-media-text__media\"><img loading=\"lazy\" decoding=\"async\" width=\"749\" height=\"495\" src=\"https:\/\/shuliybaler.com\/wp-content\/uploads\/2019\/12\/adc8ee69798d0581d143eb885f18d5d.jpg\" alt=\"Tesoura de corte de sucata\" class=\"wp-image-2068 size-full\" title=\"\"><\/figure><div class=\"wp-block-media-text__content\"> <p class=\"has-large-font-size\"> Cilindro hidr\u00e1ulico, sem vazamento de \u00f3leo, sem ferrugem, para garantir cisalhamento suave do metal<\/p> <\/div><\/div>    <div class=\"wp-block-media-text alignwide has-media-on-the-right is-stacked-on-mobile\"><figure class=\"wp-block-media-text__media\"><img loading=\"lazy\" decoding=\"async\" width=\"720\" height=\"540\" src=\"https:\/\/shuliybaler.com\/wp-content\/uploads\/2019\/12\/u954169839773959795fm199app68fJPEG.jpg\" alt=\" m\u00e1quina de tesoura de a\u00e7o jacar\u00e9\" class=\"wp-image-2070 size-full\" title=\"\"><\/figure><div class=\"wp-block-media-text__content\"> <p class=\"has-large-font-size\">Faca de cisalhamento, adequada para v\u00e1rios formatos de bordas de a\u00e7o ou metal<\/p> <\/div><\/div>    <h2 class=\"wp-block-heading\">Princ\u00edpio de funcionamento da tesoura de corte de sucata<\/h2>    <figure class=\"wp-block-image size-full\"><img loading=\"lazy\" decoding=\"async\" width=\"720\" height=\"540\" src=\"https:\/\/shuliybaler.com\/wp-content\/uploads\/2019\/12\/lQDPJxZbRD8Et-HNAhzNAtCwXBwOvkc-vW0Clpj01AC9AA_720_540.jpg_720x720q90g.jpg\" alt=\"Tesoura de corte de sucata\" class=\"wp-image-2056\" title=\"\"><figcaption>Estrutura de cisalhamento para corte de sucata<\/figcaption><\/figure>    <p>Princ\u00edpio da estrutura de cisalhamento de crocodilo: tesoura de crocodilo para a estrutura de cisalhamento de crocodilo superior e inferior, atrav\u00e9s do acionamento da bomba hidr\u00e1ulica, para formar press\u00e3o, na v\u00e1lvula de revers\u00e3o eletromagn\u00e9tica e no controle do circuito de \u00f3leo para conseguir a eleva\u00e7\u00e3o e contra\u00e7\u00e3o do cilindro, atrav\u00e9s do princ\u00edpio de alavancagem no cilindro sob a press\u00e3o de empurrar para cima o crocodilo sob press\u00e3o o cilindro de travamento auxiliar ser\u00e1 material de travamento de pr\u00e9-press\u00e3o no cilindro principal ap\u00f3s o papel de empurrar continuamente a faca de crocodilo e a faca de crocodilo inferior para obter cisalhamento interativo entrar, o material que entra no cortador \u00e9 cortado.<\/p>    <figure class=\"wp-block-embed is-type-video is-provider-youtube wp-block-embed-youtube wp-embed-aspect-16-9 wp-has-aspect-ratio\"><div class=\"wp-block-embed__wrapper\"> <iframe loading=\"lazy\" title=\"O que \u00e9 cisalhamento de sucata? | m\u00e1quina de cisalhamento para corte de sucata | Venda tesouras jacar\u00e9 hidr\u00e1ulicas\" width=\"500\" height=\"281\" src=\"https:\/\/www.youtube.com\/embed\/GNmdIftq4X8?start=11&#038;feature=oembed\" frameborder=\"0\" allow=\"accelerometer; autoplay; clipboard-write; encrypted-media; gyroscope; picture-in-picture; web-share\" referrerpolicy=\"strict-origin-when-cross-origin\" allowfullscreen><\/iframe> <\/div><\/figure>    <h2 class=\"wp-block-heading\" id=\"h-features-of-the-scrap-steel-cutting-shear\">Caracter\u00edsticas da tesoura para corte de sucata de a\u00e7o:<\/h2>    <figure class=\"wp-block-image size-full\"><img loading=\"lazy\" decoding=\"async\" width=\"720\" height=\"540\" src=\"https:\/\/shuliybaler.com\/wp-content\/uploads\/2019\/12\/\u5fae\u4fe1\u622a\u56fe_20220530145403.jpg\" alt=\"tesoura de corte de metal\" class=\"wp-image-2063\" title=\"\"><figcaption>Tesoura de corte de metal<\/figcaption><\/figure>    <ol class=\"wp-block-list\"><li>Baixo custo. Comparado com a tesoura de p\u00f3rtico, o pre\u00e7o \u00e9 muito menor. Grandes sucatas de metal raramente s\u00e3o encontradas em usinas de reciclagem de metais em geral. Restos convencionais podem ser cortados com esta m\u00e1quina.<\/li><li>Pequena \u00e1rea \u00fatil. Devido ao seu pequeno tamanho, esta m\u00e1quina pode ser usada em muitos lugares.<\/li><li>Alta efici\u00eancia de trabalho. Esta m\u00e1quina pode cortar de 8 a 12 vezes em um minuto e a efici\u00eancia do trabalho \u00e9 muito alta.<\/li><li>A ado\u00e7\u00e3o do modo de transmiss\u00e3o hidr\u00e1ulica tem as vantagens de opera\u00e7\u00e3o est\u00e1vel, baixo ru\u00eddo e altos fatores de seguran\u00e7a.<\/li><li>Instala\u00e7\u00e3o f\u00e1cil. Esta m\u00e1quina n\u00e3o precisa instalar parafusos na sola, \u00e9 simples e flex\u00edvel de operar e a superf\u00edcie de corte pode ser ajustada \u00e0 vontade.<\/li><\/ol>    <h2 class=\"wp-block-heading\" id=\"h-operating-instructions-for-alligator-steel-shear-machine\">Instru\u00e7\u00f5es de opera\u00e7\u00e3o para m\u00e1quina de corte de a\u00e7o jacar\u00e9<\/h2>    <figure class=\"wp-block-image size-full\"><img loading=\"lazy\" decoding=\"async\" width=\"720\" height=\"540\" src=\"https:\/\/shuliybaler.com\/wp-content\/uploads\/2019\/12\/u196941569234101685fm199app68fJPEG.jpg\" alt=\"m\u00e1quina de tesoura de a\u00e7o jacar\u00e9\" class=\"wp-image-2064\" title=\"\"><figcaption>M\u00e1quina de cisalhamento de a\u00e7o jacar\u00e9<\/figcaption><\/figure>    <p>1. A faixa de press\u00e3o desta m\u00e1quina \u00e9 de 100 a 300 toneladas.<\/p>    <p>2. O comprimento do cortador \u00e9 de 25 a 120 cm.<\/p>    <p>3. Tanto a for\u00e7a de cisalhamento da m\u00e1quina quanto o comprimento da l\u00e2mina podem ser personalizados de acordo com as necessidades do cliente.<\/p>    <p>4. Verifique regularmente o filtro de \u00f3leo no tanque de combust\u00edvel e remova os corpos estranhos a tempo de evitar que o tubo de \u00f3leo seja bloqueado e afete a efici\u00eancia de funcionamento da m\u00e1quina.<\/p>    <p>5. Verifique se os parafusos da m\u00e1quina est\u00e3o apertados e funcionando perfeitamente a cada dois meses.<\/p>    <p>6. Ao usar a tesoura, preste aten\u00e7\u00e3o \u00e0 seguran\u00e7a das pessoas ao seu redor. Ao cortar materiais curtos, use pin\u00e7as em vez de m\u00e3os.<\/p>    <h2 class=\"wp-block-heading\">Equipamento auxiliar para tesoura de corte de sucata<\/h2>    <figure class=\"wp-block-image size-full\"><img loading=\"lazy\" decoding=\"async\" width=\"720\" height=\"540\" src=\"https:\/\/shuliybaler.com\/wp-content\/uploads\/2019\/12\/1a79d9871a0582dce90735cff14238a.jpg\" alt=\"correia transportadora de tesoura de corte de sucata\" class=\"wp-image-2057\" title=\"\"><figcaption>Correia transportadora de cisalhamento para corte de sucata<\/figcaption><\/figure>    <p>Uma correia transportadora pode ser adicionada \u00e0 frente desta tesoura de metal, o que permite uma alimenta\u00e7\u00e3o totalmente autom\u00e1tica e tamb\u00e9m pode desempenhar um papel na alimenta\u00e7\u00e3o uniforme. Esta correia transportadora de cisalhamento de metal \u00e9 um dispositivo opcional, voc\u00ea pode escolher se deseja compr\u00e1-la de acordo com as condi\u00e7\u00f5es de processamento necess\u00e1rias.<\/p>    <figure class=\"wp-block-image size-full\"><img loading=\"lazy\" decoding=\"async\" width=\"720\" height=\"540\" src=\"https:\/\/shuliybaler.com\/wp-content\/uploads\/2019\/12\/\u5fae\u4fe1\u622a\u56fe_20211019111839.jpg\" alt=\"Tesoura de corte de sucata\" class=\"wp-image-2065\" title=\"\"><figcaption>Tesoura de corte de sucata<\/figcaption><\/figure>    <h2 class=\"wp-block-heading\">V\u00eddeo de tesoura de corte de sucata<\/h2>    <figure class=\"wp-block-embed is-type-video is-provider-youtube wp-block-embed-youtube wp-embed-aspect-16-9 wp-has-aspect-ratio\"><div class=\"wp-block-embed__wrapper\"> <iframe loading=\"lazy\" title=\"Qual a espessura do metal que uma tesoura pode cortar? | O que uma tesoura de metal pode ser usada para cortar? | corte de sucata\" width=\"500\" height=\"281\" src=\"https:\/\/www.youtube.com\/embed\/v9FmaOvp3nc?feature=oembed\" frameborder=\"0\" allow=\"accelerometer; autoplay; clipboard-write; encrypted-media; gyroscope; picture-in-picture; web-share\" referrerpolicy=\"strict-origin-when-cross-origin\" allowfullscreen><\/iframe> <\/div><figcaption>m\u00e1quina de corte de sucata<\/figcaption><\/figure>","protected":false},"excerpt":{"rendered":"<p>Scrap metal cutting shear also called alligator steel shear machine, is very suitable for cutting long metals. Compared with other cutting equipment, it has the characteristics of a lightweight, small footprint, and high efficiency. Therefore, this machine is often used in rolling mills, metal recycling plants, scrap car dismantling plants, electrical recycling plants, etc. It [&hellip;]<\/p>\n","protected":false},"author":1,"featured_media":2055,"parent":0,"template":"","tags":[30],"product-type":[43],"class_list":["post-572","product","type-product","status-publish","has-post-thumbnail","hentry","tag-scrap-metal-cutting-shear","product-type-metal-shear"],"_links":{"self":[{"href":"https:\/\/shuliybaler.com\/pt\/wp-json\/wp\/v2\/product\/572","targetHints":{"allow":["GET"]}}],"collection":[{"href":"https:\/\/shuliybaler.com\/pt\/wp-json\/wp\/v2\/product"}],"about":[{"href":"https:\/\/shuliybaler.com\/pt\/wp-json\/wp\/v2\/types\/product"}],"author":[{"embeddable":true,"href":"https:\/\/shuliybaler.com\/pt\/wp-json\/wp\/v2\/users\/1"}],"wp:featuredmedia":[{"embeddable":true,"href":"https:\/\/shuliybaler.com\/pt\/wp-json\/wp\/v2\/media\/2055"}],"wp:attachment":[{"href":"https:\/\/shuliybaler.com\/pt\/wp-json\/wp\/v2\/media?parent=572"}],"wp:term":[{"taxonomy":"post_tag","embeddable":true,"href":"https:\/\/shuliybaler.com\/pt\/wp-json\/wp\/v2\/tags?post=572"},{"taxonomy":"product-type","embeddable":true,"href":"https:\/\/shuliybaler.com\/pt\/wp-json\/wp\/v2\/product-type?post=572"}],"curies":[{"name":"wp","href":"https:\/\/api.w.org\/{rel}","templated":true}]}}