{"id":654,"date":"2019-12-26T11:08:05","date_gmt":"2019-12-26T03:08:05","guid":{"rendered":"https:\/\/shuliybaler.com\/?p=654"},"modified":"2022-12-27T09:01:48","modified_gmt":"2022-12-27T01:01:48","slug":"scrap-metal-baler","status":"publish","type":"product","link":"https:\/\/shuliybaler.com\/pt\/product\/scrap-metal-baler\/","title":{"rendered":"Enfardadeira de sucata | m\u00e1quina de enfardamento de metal de alum\u00ednio"},"content":{"rendered":"<p class=\"translation-block\">A prensa de sucata de metal \u00e9 usada para a ind\u00fastria de reciclagem de metal, uma m\u00e1quina de compress\u00e3o de metal, atrav\u00e9s do processamento da m\u00e1quina pode ser feita a compress\u00e3o de metal irregular em um tamanho espec\u00edfico de quadrado, f\u00e1cil de transportar e armazenar, a <a href=\"https:\/\/shuliybaler.com\/pt\/aluminum-can-baler\/\">m\u00e1quina de prensagem de metal<\/a> pode ser usada para a ind\u00fastria de reciclagem de metal, tamb\u00e9m pode ser usada para a ind\u00fastria de reciclagem de carros sucateados, prensagem de papel, etc. A m\u00e1quina \u00e9 simples e conveniente de operar.<\/p>    <figure class=\"wp-block-image size-full\"><img loading=\"lazy\" decoding=\"async\" width=\"720\" height=\"540\" src=\"https:\/\/shuliybaler.com\/wp-content\/uploads\/2019\/12\/QQ\u622a\u56fe20180930110637.jpg\" alt=\"Enfardadeira de sucata\" class=\"wp-image-2024\" title=\"\"><figcaption class=\"wp-element-caption\">Enfardadeira de sucata<\/figcaption><\/figure>    <h2 class=\"wp-block-heading\" id=\"h-application-range-of-metal-baling-machine\">Faixa de aplica\u00e7\u00e3o da enfardadeira de metal<\/h2>    <p>A enfardadeira de sucata pode extrudar bordas de metal, aparas de a\u00e7o, alum\u00ednio, cobre e outros metais em v\u00e1rios formatos, como retangular, cil\u00edndrico, hexagonal, octogonal, etc., como materiais de forno qualificados e reduzir o custo de transporte. Tamb\u00e9m pode ser realizado para embalar latas, garrafas pl\u00e1sticas, res\u00edduos de papel e outros produtos. A enfardadeira de sucata \u00e9 amplamente utilizada na ind\u00fastria de reciclagem de metal, ind\u00fastria metal\u00fargica, ind\u00fastria sider\u00fargica e ind\u00fastria de reciclagem de sucata.<\/p>    <figure class=\"wp-block-image size-full\"><img loading=\"lazy\" decoding=\"async\" width=\"720\" height=\"540\" src=\"https:\/\/shuliybaler.com\/wp-content\/uploads\/2019\/12\/\u5fae\u4fe1\u622a\u56fe_20220526143405.jpg\" alt=\"aplica\u00e7\u00e3o de enfardadeira de sucata\" class=\"wp-image-2025\" title=\"\"><figcaption class=\"wp-element-caption\">Aplica\u00e7\u00e3o de enfardadeira de sucata<\/figcaption><\/figure>    <h2 class=\"wp-block-heading\" id=\"h-why-need-to-use-a-metal-baler\">Por que usar uma enfardadeira de sucata?<\/h2>    <figure class=\"wp-block-image size-full\"><img loading=\"lazy\" decoding=\"async\" width=\"720\" height=\"540\" src=\"https:\/\/shuliybaler.com\/wp-content\/uploads\/2019\/12\/\u672a\u547d\u540d\u56fe\u7247-5.jpg\" alt=\"enfardadeira met\u00e1lica\" class=\"wp-image-2028\" title=\"\"><figcaption class=\"wp-element-caption\">Enfardadeira met\u00e1lica<\/figcaption><\/figure>    <p>Algumas sucatas s\u00e3o desmontadas de diversos produtos com formatos diversos, o que traz transtornos ao armazenamento e transporte. Depois de comprimido e enfardado, o metal pode ser unificado em tamanho e listado, economizando espa\u00e7o de armazenamento no armaz\u00e9m. No transporte, pode-se utilizar o guindaste e levant\u00e1-lo diretamente, o que economiza a efici\u00eancia do trabalho no transporte. Tamb\u00e9m reduz os custos de transporte.<\/p>    <h2 class=\"wp-block-heading\">Por que a perspectiva de sucata \u00e9 boa?<\/h2>    <figure class=\"wp-block-image size-full\"><img loading=\"lazy\" decoding=\"async\" width=\"720\" height=\"540\" src=\"https:\/\/shuliybaler.com\/wp-content\/uploads\/2019\/12\/\u5fae\u4fe1\u622a\u56fe_20220526143548.jpg\" alt=\"bloco met\u00e1lico\" class=\"wp-image-2026\" title=\"\"><figcaption class=\"wp-element-caption\">Bloco met\u00e1lico<\/figcaption><\/figure>    <p>Os recursos minerais met\u00e1licos n\u00e3o s\u00e3o renov\u00e1veis \u200b\u200be ser\u00e3o cada vez menos utilizados. A fim de garantir a plena utiliza\u00e7\u00e3o dos recursos met\u00e1licos, muitos pa\u00edses introduziram muitas pol\u00edticas preferenciais para a ind\u00fastria de reciclagem de metais. Al\u00e9m disso, o estado pro\u00edbe estritamente a exporta\u00e7\u00e3o de grandes quantidades de metais sem permiss\u00e3o. Portanto, a ind\u00fastria de reciclagem de metais come\u00e7ou a se desenvolver continuamente. A reciclagem de sucata n\u00e3o \u00e9 apenas altamente lucrativa, mas tamb\u00e9m contribui para a economia de recursos e a prote\u00e7\u00e3o do meio ambiente.<\/p>    <h2 class=\"wp-block-heading\">A opera\u00e7\u00e3o da enfardadeira de sucata<\/h2>    <figure class=\"wp-block-image size-full\"><img loading=\"lazy\" decoding=\"async\" width=\"720\" height=\"540\" src=\"https:\/\/shuliybaler.com\/wp-content\/uploads\/2019\/12\/6.jpg\" alt=\"opera\u00e7\u00e3o da enfardadeira de metal\" class=\"wp-image-2027\" title=\"\"><figcaption class=\"wp-element-caption\">Opera\u00e7\u00e3o da enfardadeira de metal<\/figcaption><\/figure>    <p>Coloque na calha a sucata de alum\u00ednio ou outros metais que precisam ser enfardados, empurre a alavanca, e ent\u00e3o voc\u00ea pode realizar o enfardamento, espere at\u00e9 que o enfardamento por compress\u00e3o da m\u00e1quina seja enfardado ap\u00f3s a eje\u00e7\u00e3o do bloco met\u00e1lico. Existem quatro formas de descarregar a m\u00e1quina: empurrando para frente, girando lateralmente, empurrando lateralmente ou escolhendo a m\u00e1quina sem descarga autom\u00e1tica de fardos.<\/p>    <h2 class=\"wp-block-heading\">Estrutura da enfardadeira de sucata<\/h2>    <figure class=\"wp-block-image size-full\"><img loading=\"lazy\" decoding=\"async\" width=\"720\" height=\"540\" src=\"https:\/\/shuliybaler.com\/wp-content\/uploads\/2019\/12\/timg-5.jpg\" alt=\"estrutura de enfardadeira met\u00e1lica\" class=\"wp-image-2029\" title=\"\"><figcaption class=\"wp-element-caption\">Estrutura da enfardadeira met\u00e1lica<\/figcaption><\/figure>    <p>A enfardadeira de metal \u00e9 composta por corpo, cilindro principal, cilindro lateral, cilindro de tampa, cilindro de trava, bomba de \u00f3leo de alta press\u00e3o, grupo de v\u00e1lvula hidr\u00e1ulica, sistema el\u00e9trico e sistema de tubula\u00e7\u00e3o. M\u00e1quina enfardadeira de metal adota um sistema de transmiss\u00e3o hidr\u00e1ulica, estrutura compacta e opera\u00e7\u00e3o simples.<\/p>    <h2 class=\"wp-block-heading\" id=\"h-characteristics-of-scrap-metal-baler\">Caracter\u00edsticas da enfardadeira de sucata<\/h2>    <figure class=\"wp-block-gallery has-nested-images columns-default is-cropped wp-block-gallery-2 is-layout-flex wp-block-gallery-is-layout-flex\"> <figure class=\"wp-block-image size-full\"><img loading=\"lazy\" decoding=\"async\" width=\"720\" height=\"540\" data-id=\"2031\" src=\"https:\/\/shuliybaler.com\/wp-content\/uploads\/2019\/12\/QQ\u622a\u56fe20180930110342.jpg\" alt=\"enfardadeira de sucata\" class=\"wp-image-2031\" title=\"\"><figcaption class=\"wp-element-caption\">Enfardadeira de sucata<\/figcaption><\/figure>    <figure class=\"wp-block-image size-full\"><img loading=\"lazy\" decoding=\"async\" width=\"720\" height=\"540\" data-id=\"2030\" src=\"https:\/\/shuliybaler.com\/wp-content\/uploads\/2019\/12\/QQ\u622a\u56fe20180930110421.jpg\" alt=\"enfardadeira de sucata\" class=\"wp-image-2030\" title=\"\"><figcaption class=\"wp-element-caption\">Enfardadeira de sucata<\/figcaption><\/figure> <\/figure>    <p class=\"translation-block\"><strong>1. Utilize o sistema de transmiss\u00e3o hidr\u00e1ulica.<\/strong> A m\u00e1quina funciona suavemente e tem baixo ru\u00eddo durante o trabalho para garantir um bom ambiente de produ\u00e7\u00e3o.<\/p>    <p class=\"translation-block\"><strong>2. Ampla aplica\u00e7\u00e3o.<\/strong> Pode ser usada para processar m\u00faltiplos materiais e comprimir v\u00e1rios materiais em blocos de metal de diferentes formas.<\/p>    <p class=\"translation-block\"><strong>3. Ampla sele\u00e7\u00e3o.<\/strong> A faixa de press\u00e3o da m\u00e1quina \u00e9 entre 80-400 toneladas, sempre h\u00e1 uma m\u00e1quina para atender \u00e0s suas necessidades de produ\u00e7\u00e3o. Claro, tamb\u00e9m fornecemos m\u00e1quinas com press\u00e3o acima de 400 toneladas, se voc\u00ea precisar, pode personaliz\u00e1-las.<\/p>    <p class=\"translation-block\"><strong>4. Economiza espa\u00e7o.<\/strong> Comprimir um grande peda\u00e7o de metal em um peda\u00e7o de metal mais denso pode economizar espa\u00e7o e, de certa forma, tamb\u00e9m economizar custos.<\/p>    <p class=\"translation-block\"><strong>5. F\u00e1cil instala\u00e7\u00e3o.<\/strong> Ap\u00f3s a montagem da m\u00e1quina, ela s\u00f3 precisa ser colocada em um piso plano, e nenhuma outra instala\u00e7\u00e3o \u00e9 necess\u00e1ria.<\/p>    <figure class=\"wp-block-gallery has-nested-images columns-2 is-cropped wp-block-gallery-3 is-layout-flex wp-block-gallery-is-layout-flex\"> <figure class=\"wp-block-image size-large\"><img loading=\"lazy\" decoding=\"async\" width=\"720\" height=\"540\" data-id=\"656\" src=\"https:\/\/shuliybaler.com\/wp-content\/uploads\/2019\/12\/Aluminum-sheet-baler.jpg\" alt=\"Enfardadeira de folhas de alum\u00ednio\" class=\"wp-image-656\" title=\"\" srcset=\"https:\/\/shuliybaler.com\/wp-content\/uploads\/2019\/12\/Aluminum-sheet-baler.jpg 720w, https:\/\/shuliybaler.com\/wp-content\/uploads\/2019\/12\/Aluminum-sheet-baler-360x270.jpg 360w, https:\/\/shuliybaler.com\/wp-content\/uploads\/2019\/12\/Aluminum-sheet-baler-180x135.jpg 180w\" sizes=\"auto, (max-width: 720px) 100vw, 720px\" \/><figcaption class=\"wp-element-caption\">Enfardadeira de folhas de alum\u00ednio<\/figcaption><\/figure>    <figure class=\"wp-block-image size-large\"><img loading=\"lazy\" decoding=\"async\" width=\"720\" height=\"540\" data-id=\"659\" src=\"https:\/\/shuliybaler.com\/wp-content\/uploads\/2019\/12\/Scrap-iron-baler.jpg\" alt=\"Enfardadeira de sucata\" class=\"wp-image-659\" title=\"\" srcset=\"https:\/\/shuliybaler.com\/wp-content\/uploads\/2019\/12\/Scrap-iron-baler.jpg 720w, https:\/\/shuliybaler.com\/wp-content\/uploads\/2019\/12\/Scrap-iron-baler-360x270.jpg 360w, https:\/\/shuliybaler.com\/wp-content\/uploads\/2019\/12\/Scrap-iron-baler-180x135.jpg 180w\" sizes=\"auto, (max-width: 720px) 100vw, 720px\" \/><figcaption class=\"wp-element-caption\">Enfardadeira de sucata<\/figcaption><\/figure> <\/figure>    <h2 class=\"wp-block-heading\" id=\"h-scrap-metal-baler-parameters\">Par\u00e2metros da enfardadeira de sucata<\/h2>    <figure class=\"wp-block-table\"><table><tbody><tr><td>Modelo<\/td><td>Empurre o poder<\/td><td>Armaz\u00e9m comprimido (mm)<\/td><td>Tamanho da enfardadeira<br>(mil\u00edmetros)<\/td><td>Densidade do bloco (kg\/h)<\/td><td>&nbsp;Efici\u00eancia (kg\/h)<\/td><td>Tempo(s) de ciclo \u00fanico<\/td><td>Pot\u00eancia (kW)<\/td><\/tr><tr><td>Y81-1250A<\/td><td>1250<\/td><td>1200*700*600<\/td><td>300*300<\/td><td>\u22652000<\/td><td>1200-1800<\/td><td>\u2264120<\/td><td>15<\/td><\/tr><tr><td>Y81-1250B<\/td><td>1250<\/td><td>1400*800*700<\/td><td>300*300<\/td><td>\u22652000<\/td><td>1600-2300<\/td><td>\u2264140<\/td><td>15<\/td><\/tr><tr><td>Y81-1350<\/td><td>1350<\/td><td>1400*600*600<\/td><td>600*240<\/td><td>\u22652000<\/td><td>1600-2500<\/td><td>\u2264100<\/td><td>18.5<\/td><\/tr><tr><td>Y81-1600A<\/td><td>1600<\/td><td>1600*1000*800<\/td><td>400*400<\/td><td>\u22652000<\/td><td>2000-3500<\/td><td>\u2264120<\/td><td>22<\/td><\/tr><tr><td>Y81-1600B<\/td><td>1600<\/td><td>1600*1200*800<\/td><td>400*400<\/td><td>\u22652000<\/td><td>2000-4000<\/td><td>\u2264130<\/td><td>30<\/td><\/tr><tr><td>Y81-2000A<\/td><td>2000<\/td><td>1600*1200*800<\/td><td>400*400<\/td><td>\u22652000<\/td><td>2500-4500<\/td><td>\u2264130<\/td><td>22\/15<\/td><\/tr><tr><td>Y81-2000B<\/td><td>2000<\/td><td>1800*1400*900<\/td><td>450*450<\/td><td>\u22652000<\/td><td>3000-5000<\/td><td>\u2264130<\/td><td>30\/37<\/td><\/tr><tr><td>Y81-2500A<\/td><td>2500<\/td><td>2000*1400*900<\/td><td>500*500<\/td><td>\u22652000<\/td><td>4000-6300<\/td><td>\u2264130<\/td><td>44\/60<\/td><\/tr><tr><td>Y81-2500B<\/td><td>2500<\/td><td>2000*1750*1000<\/td><td>500*500<\/td><td>\u22652000<\/td><td>5000-6300<\/td><td>\u2264150<\/td><td>44<\/td><\/tr><tr><td>Y81-2500C<\/td><td>2500<\/td><td>2000*1750*1200<\/td><td>600*600<\/td><td>\u22652000<\/td><td>5500-6500<\/td><td>\u2264150<\/td><td>60<\/td><\/tr><tr><td>Y81-2500D<\/td><td>2500<\/td><td>2500*2000*1200<\/td><td>600*600<\/td><td>\u22652000<\/td><td>5500-6500<\/td><td>\u2264150<\/td><td>60<\/td><\/tr><tr><td>Y81-3150A<\/td><td>3150<\/td><td>2000*1750*1000<\/td><td>500*500<\/td><td>\u22652000<\/td><td>4000-6500<\/td><td>\u2264150<\/td><td>60<\/td><\/tr><tr><td>Y81-3150B<\/td><td>3150<\/td><td>2000*1750*1200<\/td><td>600*600<\/td><td>\u22652000<\/td><td>5000-7000<\/td><td>\u2264150<\/td><td>60<\/td><\/tr><tr><td>Y81-3150C<\/td><td>3150<\/td><td>2500*2000*1200<\/td><td>600*600<\/td><td>\u22652000<\/td><td>6000-8000<\/td><td>\u2264150<\/td><td>90<\/td><\/tr><tr><td>Y81-3150D<\/td><td>3150<\/td><td>3000*2500*1200<\/td><td>600*600<\/td><td>\u22652000<\/td><td>6000-8000<\/td><td>\u2264160<\/td><td>90<\/td><\/tr><tr><td>Y81-4000A<\/td><td>4000<\/td><td>2500*2000*1200<\/td><td>600*600<\/td><td>\u22652000<\/td><td>5000-7500<\/td><td>\u2264160<\/td><td>90<\/td><\/tr><tr><td>Y81-4000B<\/td><td>4000<\/td><td>3000*2500*1200<\/td><td>600*600<\/td><td>\u22652000<\/td><td>8500-13000<\/td><td>\u2264160<\/td><td>90<\/td><\/tr><tr><td>Y81-4000C<\/td><td>4000<\/td><td>3500*3000*1200<\/td><td>600*600<\/td><td>\u22652000<\/td><td>9500-14000<\/td><td>\u2264160<\/td><td>90<\/td><\/tr><\/tbody><\/table><figcaption class=\"wp-element-caption\">par\u00e2metros da enfardadeira de metal<\/figcaption><\/figure>    <figure class=\"wp-block-image size-full\"><img loading=\"lazy\" decoding=\"async\" width=\"720\" height=\"540\" src=\"https:\/\/shuliybaler.com\/wp-content\/uploads\/2019\/12\/3.jpg\" alt=\"enfardadeira met\u00e1lica \" class=\"wp-image-2037\" title=\"\"><figcaption class=\"wp-element-caption\">Enfardadeira met\u00e1lica <\/figcaption><\/figure>    <p class=\"translation-block\">O modelo de par\u00e2metro da <a href=\"https:\/\/shuliybaler.com\/pt\/vertical-metal-baler\/\">prensa de metal<\/a> representa a for\u00e7a da m\u00e1quina. Quanto maior o modelo, maior a for\u00e7a da m\u00e1quina, o que significa que uma maior quantidade de metal pode ser processada. E pode ser visto que cada tipo de m\u00e1quina pode produzir blocos de metal da mesma especifica\u00e7\u00e3o. Ao comprar, voc\u00ea pode adquirir a m\u00e1quina de prensagem de metal de acordo com o tamanho do metal que deseja processar e o tamanho que deseja comprimir.<\/p>    <h2 class=\"wp-block-heading\">Que fatores afetam a qualidade da enfardadeira de sucata?<\/h2>    <figure class=\"wp-block-gallery has-nested-images columns-2 is-cropped wp-block-gallery-4 is-layout-flex wp-block-gallery-is-layout-flex\"> <figure class=\"wp-block-image size-large\"><img loading=\"lazy\" decoding=\"async\" width=\"720\" height=\"540\" data-id=\"2036\" src=\"https:\/\/shuliybaler.com\/wp-content\/uploads\/2019\/12\/11.jpg\" alt=\"fardo de sucata de alum\u00ednio\" class=\"wp-image-2036\" title=\"\"><figcaption class=\"wp-element-caption\">Fardo de sucata de alum\u00ednio<\/figcaption><\/figure>    <figure class=\"wp-block-image size-large\"><img loading=\"lazy\" decoding=\"async\" width=\"720\" height=\"540\" data-id=\"2034\" src=\"https:\/\/shuliybaler.com\/wp-content\/uploads\/2019\/12\/10.jpg\" alt=\"fardo de sucata de alum\u00ednio\" class=\"wp-image-2034\" title=\"\"><figcaption class=\"wp-element-caption\">Fardo de sucata de alum\u00ednio<\/figcaption><\/figure>    <figure class=\"wp-block-image size-large\"><img loading=\"lazy\" decoding=\"async\" width=\"720\" height=\"540\" data-id=\"2033\" src=\"https:\/\/shuliybaler.com\/wp-content\/uploads\/2019\/12\/timg-18.jpg\" alt=\"fardo de sucata de alum\u00ednio\" class=\"wp-image-2033\" title=\"\"><figcaption class=\"wp-element-caption\">Fardo de sucata de alum\u00ednio<\/figcaption><\/figure>    <figure class=\"wp-block-image size-large\"><img loading=\"lazy\" decoding=\"async\" width=\"720\" height=\"540\" data-id=\"2032\" src=\"https:\/\/shuliybaler.com\/wp-content\/uploads\/2019\/12\/10602767033_1781001424.jpg\" alt=\"fardo de sucata de alum\u00ednio\" class=\"wp-image-2032\" title=\"\"><figcaption class=\"wp-element-caption\">Fardo de sucata de alum\u00ednio<\/figcaption><\/figure> <\/figure>    <p class=\"translation-block\"><a href=\"https:\/\/shuliybaler.com\/pt\/what-factors-affect-the-quality-of-the-metal-baler\/\">Quais aspectos devemos avaliar para a qualidade da prensa de metal?<\/a> A m\u00e1quina pode ser selecionada a partir do material, sistema hidr\u00e1ulico, press\u00e3o m\u00e1xima, etc. A temperatura aumentar\u00e1 quando a m\u00e1quina estiver trabalhando. O aumento da temperatura do \u00f3leo hidr\u00e1ulico \u00e9 afetado por v\u00e1rias raz\u00f5es. Verificou-se que, quando a temperatura do \u00f3leo da maquinaria hidr\u00e1ulica aumenta, os usu\u00e1rios podem encontrar as seguintes raz\u00f5es. Como a dissipa\u00e7\u00e3o de calor da prensa de metal \u00e9 ruim. Com o desenvolvimento da ind\u00fastria.<\/p>    <h2 class=\"wp-block-heading\">V\u00eddeo da enfardadeira de metal<\/h2>    <figure class=\"wp-block-embed is-type-video is-provider-youtube wp-block-embed-youtube wp-embed-aspect-16-9 wp-has-aspect-ratio\"><div class=\"wp-block-embed__wrapper\"> <iframe loading=\"lazy\" title=\"O que pressionou metal de alum\u00ednio na f\u00e1brica de reciclagem? | enfardadeira de metal | enfardadeira de sucata\" width=\"500\" height=\"281\" src=\"https:\/\/www.youtube.com\/embed\/XzuHDaIrrcI?feature=oembed\" frameborder=\"0\" allow=\"accelerometer; autoplay; clipboard-write; encrypted-media; gyroscope; picture-in-picture; web-share\" referrerpolicy=\"strict-origin-when-cross-origin\" allowfullscreen><\/iframe> <\/div><figcaption class=\"wp-element-caption\">m\u00e1quina de enfardamento de metal<\/figcaption><\/figure>","protected":false},"excerpt":{"rendered":"<p>Scrap metal baler&nbsp;is used for metal recycling industry metal compression machine, through the processing of the machine can be irregular metal compression into a specific size of the square, easy to transport and storage, the metal baling machine can be used for the metal recycling industry, can also be used for scrap car recycling industry, [&hellip;]<\/p>\n","protected":false},"author":1,"featured_media":2023,"parent":0,"template":"","tags":[],"product-type":[41],"class_list":["post-654","product","type-product","status-publish","has-post-thumbnail","hentry","product-type-metal-baler-machine"],"_links":{"self":[{"href":"https:\/\/shuliybaler.com\/pt\/wp-json\/wp\/v2\/product\/654","targetHints":{"allow":["GET"]}}],"collection":[{"href":"https:\/\/shuliybaler.com\/pt\/wp-json\/wp\/v2\/product"}],"about":[{"href":"https:\/\/shuliybaler.com\/pt\/wp-json\/wp\/v2\/types\/product"}],"author":[{"embeddable":true,"href":"https:\/\/shuliybaler.com\/pt\/wp-json\/wp\/v2\/users\/1"}],"wp:featuredmedia":[{"embeddable":true,"href":"https:\/\/shuliybaler.com\/pt\/wp-json\/wp\/v2\/media\/2023"}],"wp:attachment":[{"href":"https:\/\/shuliybaler.com\/pt\/wp-json\/wp\/v2\/media?parent=654"}],"wp:term":[{"taxonomy":"post_tag","embeddable":true,"href":"https:\/\/shuliybaler.com\/pt\/wp-json\/wp\/v2\/tags?post=654"},{"taxonomy":"product-type","embeddable":true,"href":"https:\/\/shuliybaler.com\/pt\/wp-json\/wp\/v2\/product-type?post=654"}],"curies":[{"name":"wp","href":"https:\/\/api.w.org\/{rel}","templated":true}]}}