{"id":2686,"date":"2022-07-26T16:12:20","date_gmt":"2022-07-26T08:12:20","guid":{"rendered":"https:\/\/shuliybaler.com\/?p=2686"},"modified":"2025-02-08T15:24:58","modified_gmt":"2025-02-08T07:24:58","slug":"scrap-metal-shredder-machine","status":"publish","type":"product","link":"https:\/\/shuliybaler.com\/sw\/product\/scrap-metal-shredder-machine\/","title":{"rendered":"Mashine ya kukata chuma cha taka | mashine ya kusaga matairi ya taka"},"content":{"rendered":"<p>Mashine ya kukata chuma taka inatumika kwa kukata chuma. Inaweza kutumika kwa malighafi zenye vipande vya chuma, pamoja na vipande vya magari, taka za nyumbani, na bidhaa nyingine. Kuna vipande vya malighafi za kukata chuma. Kukata malighafi kubwa ya chuma kwa urahisi wa kuchakata na kurudisha. Inatumika kwa tasnia ya urejeshaji, usindikaji wa vifaa vya nyumbani, na kukata chuma cha fanicha taka.<\/p>    <figure class=\"wp-block-embed is-type-video is-provider-youtube wp-block-embed-youtube wp-embed-aspect-16-9 wp-has-aspect-ratio\"><div class=\"wp-block-embed__wrapper\"> <iframe loading=\"lazy\" title=\"Ni mashine gani ya kukata chuma inaweza kukata chochote? | mashine ya kukata chuma taka | kukata taka\" width=\"500\" height=\"281\" src=\"https:\/\/www.youtube.com\/embed\/Vk_1d0oict8?feature=oembed\" frameborder=\"0\" allow=\"accelerometer; autoplay; clipboard-write; encrypted-media; gyroscope; picture-in-picture; web-share\" referrerpolicy=\"strict-origin-when-cross-origin\" allowfullscreen><\/iframe> <\/div><\/figure>    <h2 class=\"wp-block-heading\">Malighafi ya mashine ya kukata chuma taka<\/h2>   <div class=\"wp-block-image\"> <figure class=\"aligncenter size-full\"><img loading=\"lazy\" decoding=\"async\" width=\"720\" height=\"540\" src=\"https:\/\/shuliybaler.com\/wp-content\/uploads\/2022\/07\/3DScrap-metal-shredder-machine.webp\" alt=\"3D Skrotmetall krossmaskin\" class=\"wp-image-2697\" title=\"\"><figcaption class=\"wp-element-caption\">Mashine ya Kukata Chuma Taka 3D<\/figcaption><\/figure> <\/div>   <p>Den multifunktionella krossmaskinen \u00e4r l\u00e4mplig f\u00f6r krossning av alla typer av avfallsmaterial, tr\u00e4, plast, rammaterial, avfalls transportband, j\u00e4rnsk\u00e5p, avfall TV, kylsk\u00e5p, luftkonditionering, tv\u00e4ttmaskin, datorer, mobiltelefoner, frysar, etc., avfall hush\u00e5llsapparater och skal av hush\u00e5llsapparater, glasull, glas, avfall kontorsmaterial, motorh\u00f6ljen, avfall elektriska apparater, batterih\u00f6ljen, st\u00e5lm\u00f6bler, etc. Utmatningsstorleken p\u00e5 skrotmetall krossmaskin kan justeras enligt anv\u00e4ndarens krav. Utrustningen f\u00f6r skrotmetallkrossning antar automatisk kontroll och har funktioner f\u00f6r start, stopp, backning och \u00f6verbelastnings automatisk \u00e5terkopplingskontroll, s\u00e5 att anv\u00e4ndaren kan minska skadorna p\u00e5 utrustningen p\u00e5 grund av driftsfel. Enligt kundens krav p\u00e5 f\u00e4rdig produkt byts olika verktygskonfigurationer ut, och krossaxeln antar v\u00e4rmebehandlingsprocessen, s\u00e5 att slitdelarna i hela maskinen \u00e4r slitstarka och h\u00e5llbara, och anv\u00e4ndningen f\u00f6rb\u00e4ttras avsev\u00e4rt. <\/p>    <figure class=\"wp-block-gallery has-nested-images columns-2 is-cropped wp-block-gallery-2 is-layout-flex wp-block-gallery-is-layout-flex\"> <figure class=\"wp-block-image size-large\"><img loading=\"lazy\" decoding=\"async\" width=\"720\" height=\"540\" data-id=\"2698\" src=\"https:\/\/shuliybaler.com\/wp-content\/uploads\/2022\/07\/waste-tires.webp\" alt=\"avfall d\u00e4ck\" class=\"wp-image-2698\" title=\"\"><figcaption class=\"wp-element-caption\">Matairi Taka<\/figcaption><\/figure>    <figure class=\"wp-block-image size-large\"><img loading=\"lazy\" decoding=\"async\" width=\"720\" height=\"540\" data-id=\"2699\" src=\"https:\/\/shuliybaler.com\/wp-content\/uploads\/2022\/07\/scrap-car.webp\" alt=\"skrotbil\" class=\"wp-image-2699\" title=\"\"><figcaption class=\"wp-element-caption\">Gari la Taka<\/figcaption><\/figure>    <figure class=\"wp-block-image size-large\"><img loading=\"lazy\" decoding=\"async\" width=\"720\" height=\"540\" data-id=\"2700\" src=\"https:\/\/shuliybaler.com\/wp-content\/uploads\/2022\/07\/wooden-pallet.webp\" alt=\"tr\u00e4palett\" class=\"wp-image-2700\" title=\"\"><figcaption class=\"wp-element-caption\">Paleti la mbao<\/figcaption><\/figure>    <figure class=\"wp-block-image size-large\"><img loading=\"lazy\" decoding=\"async\" width=\"720\" height=\"540\" data-id=\"2701\" src=\"https:\/\/shuliybaler.com\/wp-content\/uploads\/2022\/07\/Waste-household-appliances.webp\" alt=\"Vifaa vya nyumbani vya taka\" class=\"wp-image-2701\" title=\"\"><figcaption class=\"wp-element-caption\">Vifaa vya nyumbani vya taka<\/figcaption><\/figure> <\/figure>    <h2 class=\"wp-block-heading\">Muundo wa mashine ya kukata chuma taka<\/h2>   <div class=\"wp-block-image\"> <figure class=\"aligncenter size-full\"><img loading=\"lazy\" decoding=\"async\" width=\"720\" height=\"540\" src=\"https:\/\/shuliybaler.com\/wp-content\/uploads\/2022\/07\/waste-tire-crushing-machine.webp\" alt=\"Mashine ya kukata matairi taka\" class=\"wp-image-2703\" title=\"\"><figcaption class=\"wp-element-caption\">Mashine ya kukata matairi taka<\/figcaption><\/figure> <\/div>   <p>Muundo wa mashine ya kukata chuma unajumuisha kwa kuuza, lango la kutoa, kiungo, injini, msingi wa mashine, reducer, n.k. Mashine inazunguka kwa kulingana na kila mmoja kupitia kwa kiungo, kisha inazidi chuma taka, kisha inatumia kiungo kukata chuma, kwa kawaida kubwa. Baada ya kipande cha chuma kuingizwa kwenye mashine ya kukata chuma taka, mashine itajiendesha yenyewe kuikata.<\/p>    <h2 class=\"wp-block-heading\">Njia ya kuingiza na kutoa chuma cha matairi taka<\/h2>   <div class=\"wp-block-image\"> <figure class=\"aligncenter size-full\"><img loading=\"lazy\" decoding=\"async\" width=\"720\" height=\"540\" src=\"https:\/\/shuliybaler.com\/wp-content\/uploads\/2022\/07\/waste-tire-crushing-machine-1.webp\" alt=\"Mashine ya kukata matairi taka\" class=\"wp-image-2704\" title=\"\"><figcaption class=\"wp-element-caption\">Mashine ya kukata matairi taka<\/figcaption><\/figure> <\/div>   <p>Kwa ujumla, bidhaa zinazohitaji kuingizwa kwenye crusher hii ya chuma ni kubwa, kama vile magari ya taka, ndoo za chuma, vifaa vya nyumbani vya zamani, n.k. Ikiwa bidhaa zinazohitaji kukatwa ni ndogo sana, vifaa kama vile crane za mnara vinahitajika kuziweka kwenye mashine. Bila shaka, unaweza kukata bidhaa ndogo kama baiskeli na kuirusha moja kwa moja kwenye mashine. Baada ya chuma kukatwa, kitatoka kutoka chini ya mashine. Mabenki ya conveyor yanaweza kuwekwa chini ya mashine kwa uzalishaji wa maua kiotomatiki.<\/p>    <h2 class=\"wp-block-heading\">Kisu cha kukata matairi taka<\/h2>    <figure class=\"wp-block-gallery has-nested-images columns-2 is-cropped wp-block-gallery-3 is-layout-flex wp-block-gallery-is-layout-flex\"> <figure class=\"wp-block-image size-large\"><img loading=\"lazy\" decoding=\"async\" width=\"720\" height=\"540\" data-id=\"2705\" src=\"https:\/\/shuliybaler.com\/wp-content\/uploads\/2022\/07\/knife-of-metal-shredder.webp\" alt=\"kniv f\u00f6r metallkrossare\" class=\"wp-image-2705\" title=\"\"><figcaption class=\"wp-element-caption\">Kisu cha Mashine ya Kukata Chuma<\/figcaption><\/figure>    <figure class=\"wp-block-image size-large\"><img loading=\"lazy\" decoding=\"async\" width=\"720\" height=\"540\" data-id=\"2706\" src=\"https:\/\/shuliybaler.com\/wp-content\/uploads\/2022\/07\/knife-of-metal-shredder-1.webp\" alt=\"kniv f\u00f6r metallkrossare\" class=\"wp-image-2706\" title=\"\"><figcaption class=\"wp-element-caption\">Kisu cha Mashine ya Kukata Chuma<\/figcaption><\/figure>    <figure class=\"wp-block-image size-large\"><img loading=\"lazy\" decoding=\"async\" width=\"720\" height=\"540\" data-id=\"2707\" src=\"https:\/\/shuliybaler.com\/wp-content\/uploads\/2022\/07\/knife-of-metal-shredder-2.webp\" alt=\"kniv f\u00f6r metallkrossare\" class=\"wp-image-2707\" title=\"\"><figcaption class=\"wp-element-caption\">Kisu cha Mashine ya Kukata Chuma<\/figcaption><\/figure>    <figure class=\"wp-block-image size-large\"><img loading=\"lazy\" decoding=\"async\" width=\"720\" height=\"540\" data-id=\"2708\" src=\"https:\/\/shuliybaler.com\/wp-content\/uploads\/2022\/07\/knife-of-metal-shredder-3.webp\" alt=\"kniv f\u00f6r metallkrossare\" class=\"wp-image-2708\" title=\"\"><figcaption class=\"wp-element-caption\">Kisu cha Mashine ya Kukata Chuma<\/figcaption><\/figure> <\/figure>    <p>Vikisu vya kukata vinapangwa kulingana na modeli ya mashine. Kwa ujumla, vikisu vya mashine kubwa ni nene zaidi. Kwa ujumla bei itakuwa ya juu. Pia, inahusiana na bidhaa iliyomalizika. Vikisu pia vinahusiana na unene wa meno ya mashine. Kuna vifaa tofauti. Ikiwa unataka kukata matairi, unaweza kutumia vikisu vya 55SiCr. Ikiwa unataka kukata chuma nyepesi na nyembamba, unahitaji vikisu vya 9CrSi, lakini ikiwa unataka kukata chuma chenye unene na ugumu zaidi, unahitaji kisu chenye nguvu zaidi, vifaa vya H13. Hii inamaanisha, zana za vifaa vya H13 zinatumika kwa nyenzo zozote za nguvu. Lakini vikisu vya 55SiCr havitumiwi kukata chuma chenye unene. Tahadhari unaponunua mashine ya kukata chuma.<\/p>    <figure class=\"wp-block-table\"><table><tbody><tr><td>nyenzo<\/td><td>Vifaa kuu vya matumizi<\/td><\/tr><tr><td>55SiCr (Chuma cha silicon cha tano au tano)<\/td><td>mbao, plastiki<\/td><\/tr><tr><td>9CrSi (Silicon ya 9 soldered)<\/td><td>mpira, chuma<\/td><\/tr><tr><td>H13<\/td><td>chuma<\/td><\/tr><\/tbody><\/table><\/figure>    <h2 class=\"wp-block-heading\" id=\"h-the-advantages-of-the-metal-shredder-machine\">Manufaa ya mashine ya kukata chuma<\/h2>   <div class=\"wp-block-image\"> <figure class=\"aligncenter size-full\"><img loading=\"lazy\" decoding=\"async\" width=\"720\" height=\"540\" src=\"https:\/\/shuliybaler.com\/wp-content\/uploads\/2022\/07\/metal-shredder.webp\" alt=\"mashine ya kukata chuma\" class=\"wp-image-2709\" title=\"\" srcset=\"https:\/\/shuliybaler.com\/wp-content\/uploads\/2022\/07\/metal-shredder.webp 720w, https:\/\/shuliybaler.com\/wp-content\/uploads\/2022\/07\/metal-shredder-360x270.webp 360w, https:\/\/shuliybaler.com\/wp-content\/uploads\/2022\/07\/metal-shredder-180x135.webp 180w\" sizes=\"auto, (max-width: 720px) 100vw, 720px\" \/><figcaption class=\"wp-element-caption\">mashine ya kukata chuma<\/figcaption><\/figure> <\/div>   <ul class=\"wp-block-list\"> <li>Ukubwa wa tole unaweza kubadilishwa<\/li>    <li>Kivumilifu na sugu, mashine ina maisha marefu ya huduma<\/li>    <li>Kiwango cha kelele cha chini na ufanisi wa juu wakati mashine ya kukata chuma taka inafanya kazi<\/li>    <li>Mashine ya kukata chuma taka ina muhuri mkali na inalinda operator<\/li> <\/ul>    <h2 class=\"wp-block-heading\">Vigezo vya mashine ya kukata chuma<\/h2>    <figure class=\"wp-block-gallery has-nested-images columns-default is-cropped wp-block-gallery-4 is-layout-flex wp-block-gallery-is-layout-flex\"> <figure class=\"wp-block-image size-large\"><img loading=\"lazy\" decoding=\"async\" width=\"720\" height=\"540\" data-id=\"2712\" src=\"https:\/\/shuliybaler.com\/wp-content\/uploads\/2022\/07\/SL-400-metal-shredder.webp\" alt=\"SL-400 metallkrossare\" class=\"wp-image-2712\" title=\"\" srcset=\"https:\/\/shuliybaler.com\/wp-content\/uploads\/2022\/07\/SL-400-metal-shredder.webp 720w, https:\/\/shuliybaler.com\/wp-content\/uploads\/2022\/07\/SL-400-metal-shredder-360x270.webp 360w, https:\/\/shuliybaler.com\/wp-content\/uploads\/2022\/07\/SL-400-metal-shredder-180x135.webp 180w\" sizes=\"auto, (max-width: 720px) 100vw, 720px\" \/><figcaption class=\"wp-element-caption\">Sl-400 Metal Shredder<\/figcaption><\/figure>    <figure class=\"wp-block-image size-large\"><img loading=\"lazy\" decoding=\"async\" width=\"720\" height=\"540\" data-id=\"2714\" src=\"https:\/\/shuliybaler.com\/wp-content\/uploads\/2022\/07\/Sl-1000-metal-shredder.webp\" alt=\"Sl-1000 mashine ya kukata chuma\" class=\"wp-image-2714\" title=\"\" srcset=\"https:\/\/shuliybaler.com\/wp-content\/uploads\/2022\/07\/Sl-1000-metal-shredder.webp 720w, https:\/\/shuliybaler.com\/wp-content\/uploads\/2022\/07\/Sl-1000-metal-shredder-360x270.webp 360w, https:\/\/shuliybaler.com\/wp-content\/uploads\/2022\/07\/Sl-1000-metal-shredder-180x135.webp 180w\" sizes=\"auto, (max-width: 720px) 100vw, 720px\" \/><figcaption class=\"wp-element-caption\">Sl-800 Metal Shredder<\/figcaption><\/figure>    <figure class=\"wp-block-image size-large\"><img loading=\"lazy\" decoding=\"async\" width=\"720\" height=\"540\" data-id=\"2713\" src=\"https:\/\/shuliybaler.com\/wp-content\/uploads\/2022\/07\/SL-800-metal-shredder.webp\" alt=\"SL-800 metallkrossare\" class=\"wp-image-2713\" title=\"\" srcset=\"https:\/\/shuliybaler.com\/wp-content\/uploads\/2022\/07\/SL-800-metal-shredder.webp 720w, https:\/\/shuliybaler.com\/wp-content\/uploads\/2022\/07\/SL-800-metal-shredder-360x270.webp 360w, https:\/\/shuliybaler.com\/wp-content\/uploads\/2022\/07\/SL-800-metal-shredder-180x135.webp 180w\" sizes=\"auto, (max-width: 720px) 100vw, 720px\" \/><figcaption class=\"wp-element-caption\">Sl-1000Mashine ya Kukata Chuma<\/figcaption><\/figure> <\/figure>    <figure class=\"wp-block-table\"><table><tbody><tr><td>Mfano<\/td><td>SL-400<\/td><td>SL-800<\/td><td>Sl-1000<\/td><\/tr><tr><td>Nguvu<\/td><td>7.5KW*2<\/td><td>18.5KW*2<\/td><td>45KW*2<\/td><\/tr><tr><td>Kali ya blade<\/td><td>20mm<\/td><td>20mm<\/td><td>50mm<\/td><\/tr><tr><td>Idadi ya blade<\/td><td>20<\/td><td>20<\/td><td>20<\/td><\/tr><tr><td>Vipimo<\/td><td>2000*1100*1620mm<\/td><td>3800x1500x1900mm<\/td><td>4500*1900*220mm<\/td><\/tr><tr><td>Uzito<\/td><td>1.1T<\/td><td>3.5T<\/td><td>KG 1100<\/td><\/tr><\/tbody><\/table><figcaption class=\"wp-element-caption\">Vigezo vya mashine ya kukata chuma<\/figcaption><\/figure>    <p class=\"translation-block\">Kuna modeli nyingi za mashine, modeli ndogo ni SL-400, na modeli kubwa ni SL-2000. Tutapendekeza modeli zinazofaa kulingana na bidhaa zinazohitaji kukatwa. pia tuna   mashine ya kukata chuma ya kukata chuma   kwa kuuza na nyingine   mashine ya kubana karatasi  .<\/p>","protected":false},"excerpt":{"rendered":"<p>Mashine ya kukata chuma taka inatumika kwa kukata chuma. Inaweza kutumika kwa malighafi zenye vipande vya chuma, pamoja na vipande vya magari, taka za nyumbani, na bidhaa nyingine. Kuna vipande vya malighafi za kukata chuma. Kukata malighafi kubwa ya chuma kwa urahisi wa kuchakata na kurudisha. Inatumika kwa tasnia ya urejeshaji, usindikaji wa vifaa vya nyumbani, na kukata chuma cha fanicha taka.<\/p>","protected":false},"author":1,"featured_media":2695,"parent":0,"template":"","tags":[38,84],"product-type":[46],"class_list":["post-2686","product","type-product","status-publish","has-post-thumbnail","hentry","tag-scrap-metal-shredder-machine","tag-shredder","product-type-metal-shredder"],"_links":{"self":[{"href":"https:\/\/shuliybaler.com\/sw\/wp-json\/wp\/v2\/product\/2686","targetHints":{"allow":["GET"]}}],"collection":[{"href":"https:\/\/shuliybaler.com\/sw\/wp-json\/wp\/v2\/product"}],"about":[{"href":"https:\/\/shuliybaler.com\/sw\/wp-json\/wp\/v2\/types\/product"}],"author":[{"embeddable":true,"href":"https:\/\/shuliybaler.com\/sw\/wp-json\/wp\/v2\/users\/1"}],"wp:featuredmedia":[{"embeddable":true,"href":"https:\/\/shuliybaler.com\/sw\/wp-json\/wp\/v2\/media\/2695"}],"wp:attachment":[{"href":"https:\/\/shuliybaler.com\/sw\/wp-json\/wp\/v2\/media?parent=2686"}],"wp:term":[{"taxonomy":"post_tag","embeddable":true,"href":"https:\/\/shuliybaler.com\/sw\/wp-json\/wp\/v2\/tags?post=2686"},{"taxonomy":"product-type","embeddable":true,"href":"https:\/\/shuliybaler.com\/sw\/wp-json\/wp\/v2\/product-type?post=2686"}],"curies":[{"name":"wp","href":"https:\/\/api.w.org\/{rel}","templated":true}]}}