{"id":2808,"date":"2022-09-29T15:05:42","date_gmt":"2022-09-29T07:05:42","guid":{"rendered":"https:\/\/shuliybaler.com\/?post_type=product&#038;p=2808"},"modified":"2022-10-10T13:53:38","modified_gmt":"2022-10-10T05:53:38","slug":"cotton-baling-machine","status":"publish","type":"product","link":"https:\/\/shuliybaler.com\/sw\/product\/cotton-baling-machine\/","title":{"rendered":"Mashine ya kubana pamba | mashine ya kubana pamba"},"content":{"rendered":"<p class=\"translation-block\">En bomullsbalarmaskin anv\u00e4nds f\u00f6r bomullspressning. Maskinen balar den expanderade bomullen genom kompression, vilket \u00e4r bekv\u00e4mt f\u00f6r transport och lagring. Bomullsbalarmaskinen anv\u00e4nder hydraulisk kompression f\u00f6r att pressa gapet mellan bomullen. <a href=\"https:\/\/shuliybaler.com\/sw\/product\/vertical-metal-baler\/\" data-type=\"URL\" data-id=\"https:\/\/shuliybaler.com\/product\/vertical-metal-baler\/\">Bomullsbalar<\/a> kan anv\u00e4ndas p\u00e5 bomullsodlingsg\u00e5rdar och quiltbearbetningsfabriker, etc. V\u00e5r bomullspressmaskin har s\u00e5lts till Indonesien, Pakistan, Egypten, Sudan, Mexiko, Saudiarabien.<\/p>    <figure class=\"wp-block-gallery has-nested-images columns-default is-cropped wp-block-gallery-2 is-layout-flex wp-block-gallery-is-layout-flex\"> <figure class=\"wp-block-image size-large\"><img loading=\"lazy\" decoding=\"async\" width=\"720\" height=\"540\" data-id=\"2812\" src=\"https:\/\/shuliybaler.com\/wp-content\/uploads\/2022\/09\/cotton-baling-machine.webp\" alt=\"Mashine ya kubana pamba \" class=\"wp-image-2812\" title=\"\" srcset=\"https:\/\/shuliybaler.com\/wp-content\/uploads\/2022\/09\/cotton-baling-machine.webp 720w, https:\/\/shuliybaler.com\/wp-content\/uploads\/2022\/09\/cotton-baling-machine-360x270.webp 360w, https:\/\/shuliybaler.com\/wp-content\/uploads\/2022\/09\/cotton-baling-machine-180x135.webp 180w\" sizes=\"auto, (max-width: 720px) 100vw, 720px\" \/><figcaption>Bomullsbalarmaskin <\/figcaption><\/figure>    <figure class=\"wp-block-image size-large\"><img loading=\"lazy\" decoding=\"async\" width=\"720\" height=\"540\" data-id=\"2813\" src=\"https:\/\/shuliybaler.com\/wp-content\/uploads\/2022\/09\/cotton-baling-machine-1.webp\" alt=\"Mashine ya kubana pamba \" class=\"wp-image-2813\" title=\"\" srcset=\"https:\/\/shuliybaler.com\/wp-content\/uploads\/2022\/09\/cotton-baling-machine-1.webp 720w, https:\/\/shuliybaler.com\/wp-content\/uploads\/2022\/09\/cotton-baling-machine-1-360x270.webp 360w, https:\/\/shuliybaler.com\/wp-content\/uploads\/2022\/09\/cotton-baling-machine-1-180x135.webp 180w\" sizes=\"auto, (max-width: 720px) 100vw, 720px\" \/><figcaption>Bomullsbalarmaskin <\/figcaption><\/figure> <\/figure>    <h2 class=\"wp-block-heading\">Till\u00e4mpningsomr\u00e5de f\u00f6r bomullsbalarmaskin <\/h2>    <figure class=\"wp-block-gallery has-nested-images columns-2 is-cropped wp-block-gallery-3 is-layout-flex wp-block-gallery-is-layout-flex\"> <figure class=\"wp-block-image size-large\"><img loading=\"lazy\" decoding=\"async\" width=\"720\" height=\"540\" data-id=\"2815\" src=\"https:\/\/shuliybaler.com\/wp-content\/uploads\/2022\/09\/cotton-baling-1.webp\" alt=\"kubeba pamba\" class=\"wp-image-2815\" title=\"\" srcset=\"https:\/\/shuliybaler.com\/wp-content\/uploads\/2022\/09\/cotton-baling-1.webp 720w, https:\/\/shuliybaler.com\/wp-content\/uploads\/2022\/09\/cotton-baling-1-360x270.webp 360w, https:\/\/shuliybaler.com\/wp-content\/uploads\/2022\/09\/cotton-baling-1-180x135.webp 180w\" sizes=\"auto, (max-width: 720px) 100vw, 720px\" \/><figcaption>Bomullsbalar<\/figcaption><\/figure>    <figure class=\"wp-block-image size-large\"><img loading=\"lazy\" decoding=\"async\" width=\"720\" height=\"540\" data-id=\"2814\" src=\"https:\/\/shuliybaler.com\/wp-content\/uploads\/2022\/09\/cotton-baling.webp\" alt=\"\" class=\"wp-image-2814\" title=\"\" srcset=\"https:\/\/shuliybaler.com\/wp-content\/uploads\/2022\/09\/cotton-baling.webp 720w, https:\/\/shuliybaler.com\/wp-content\/uploads\/2022\/09\/cotton-baling-360x270.webp 360w, https:\/\/shuliybaler.com\/wp-content\/uploads\/2022\/09\/cotton-baling-180x135.webp 180w\" sizes=\"auto, (max-width: 720px) 100vw, 720px\" \/><figcaption>Bomullsbalar<\/figcaption><\/figure>    <figure class=\"wp-block-image size-large\"><img loading=\"lazy\" decoding=\"async\" width=\"720\" height=\"540\" data-id=\"2816\" src=\"https:\/\/shuliybaler.com\/wp-content\/uploads\/2022\/09\/Recycling-and-packaging.webp\" alt=\"\u00c5tervinning och f\u00f6rpackning\" class=\"wp-image-2816\" title=\"\" srcset=\"https:\/\/shuliybaler.com\/wp-content\/uploads\/2022\/09\/Recycling-and-packaging.webp 720w, https:\/\/shuliybaler.com\/wp-content\/uploads\/2022\/09\/Recycling-and-packaging-360x270.webp 360w, https:\/\/shuliybaler.com\/wp-content\/uploads\/2022\/09\/Recycling-and-packaging-180x135.webp 180w\" sizes=\"auto, (max-width: 720px) 100vw, 720px\" \/><figcaption>\u00c5tervinning och f\u00f6rpackning<\/figcaption><\/figure>    <figure class=\"wp-block-image size-large\"><img loading=\"lazy\" decoding=\"async\" width=\"720\" height=\"540\" data-id=\"2817\" src=\"https:\/\/shuliybaler.com\/wp-content\/uploads\/2022\/09\/Recycling-and-packaging-1.webp\" alt=\"\u00c5tervinning och f\u00f6rpackning\" class=\"wp-image-2817\" title=\"\" srcset=\"https:\/\/shuliybaler.com\/wp-content\/uploads\/2022\/09\/Recycling-and-packaging-1.webp 720w, https:\/\/shuliybaler.com\/wp-content\/uploads\/2022\/09\/Recycling-and-packaging-1-360x270.webp 360w, https:\/\/shuliybaler.com\/wp-content\/uploads\/2022\/09\/Recycling-and-packaging-1-180x135.webp 180w\" sizes=\"auto, (max-width: 720px) 100vw, 720px\" \/><figcaption>\u00c5tervinning och f\u00f6rpackning<\/figcaption><\/figure> <\/figure>    <p class=\"translation-block\">Bomullsbalarmaskinen \u00e4r huvudsakligen l\u00e4mplig f\u00f6r avfallspapper, plast, <a href=\"https:\/\/en.wikipedia.org\/wiki\/Iron_filings\" data-type=\"URL\" data-id=\"https:\/\/en.wikipedia.org\/wiki\/Iron_filings\" target=\"_blank\" rel=\"noopener\">j\u00e4rnfil<\/a>, bomull, ull, avfallspapper, avfallspappersl\u00e5dor, avfallskartong, garn, tobaksblad, plast, tyg, v\u00e4vda p\u00e5sar, stickad ull, hampa, s\u00e4ckar, toppar, kompression av l\u00f6sa material som bollar, kokonger, silke, humle, vete, br\u00e4nsle, gr\u00e4s, skr\u00e4p, etc., minskar volymen, underl\u00e4ttar f\u00f6rpackning, transport och minskar lagringsutrymme. Den har en kompakt struktur och \u00e4r stark och h\u00e5llbar.<\/p>    <h2 class=\"wp-block-heading\">Tv\u00e5 typer av balare<\/h2>    <figure class=\"wp-block-gallery has-nested-images columns-default is-cropped wp-block-gallery-4 is-layout-flex wp-block-gallery-is-layout-flex\"> <figure class=\"wp-block-image size-large\"><img loading=\"lazy\" decoding=\"async\" width=\"720\" height=\"540\" data-id=\"2818\" src=\"https:\/\/shuliybaler.com\/wp-content\/uploads\/2022\/09\/horizontal-baler.webp\" alt=\"Mashine ya kubana ya mwelekeo\" class=\"wp-image-2818\" title=\"\" srcset=\"https:\/\/shuliybaler.com\/wp-content\/uploads\/2022\/09\/horizontal-baler.webp 720w, https:\/\/shuliybaler.com\/wp-content\/uploads\/2022\/09\/horizontal-baler-360x270.webp 360w, https:\/\/shuliybaler.com\/wp-content\/uploads\/2022\/09\/horizontal-baler-180x135.webp 180w\" sizes=\"auto, (max-width: 720px) 100vw, 720px\" \/><figcaption>Horisontell press<\/figcaption><\/figure>    <figure class=\"wp-block-image size-large\"><img loading=\"lazy\" decoding=\"async\" width=\"720\" height=\"540\" data-id=\"2819\" src=\"https:\/\/shuliybaler.com\/wp-content\/uploads\/2022\/09\/vertical-baler-machine.webp\" alt=\"Mashine ya baler ya mlalo\" class=\"wp-image-2819\" title=\"\" srcset=\"https:\/\/shuliybaler.com\/wp-content\/uploads\/2022\/09\/vertical-baler-machine.webp 720w, https:\/\/shuliybaler.com\/wp-content\/uploads\/2022\/09\/vertical-baler-machine-360x270.webp 360w, https:\/\/shuliybaler.com\/wp-content\/uploads\/2022\/09\/vertical-baler-machine-180x135.webp 180w\" sizes=\"auto, (max-width: 720px) 100vw, 720px\" \/><figcaption>Mashine ya Baler Wima<\/figcaption><\/figure> <\/figure>    <p>F\u00f6rutom denna vertikala balare finns det ocks\u00e5 en horisontell balare, som \u00e4r mer bekv\u00e4m f\u00f6r lastning och st\u00f6rre i storlek. Vertikala balare anv\u00e4nds vanligtvis f\u00f6r att packa l\u00e4ttare f\u00f6rem\u00e5l som avfall, bomull, burkar och flaskor. Typbalare anv\u00e4nds f\u00f6r att balera r\u00e5material med st\u00f6rre h\u00e5rdhet som skrotmetall.<\/p>    <h2 class=\"wp-block-heading\">Struktur av bomullsbalarmaskin<\/h2>    <figure class=\"wp-block-gallery has-nested-images columns-default is-cropped wp-block-gallery-5 is-layout-flex wp-block-gallery-is-layout-flex\"> <figure class=\"wp-block-image size-large\"><img loading=\"lazy\" decoding=\"async\" width=\"720\" height=\"540\" data-id=\"2820\" src=\"https:\/\/shuliybaler.com\/wp-content\/uploads\/2022\/09\/Cotton-baling-machine-structure.webp\" alt=\"Struktur av bomullsbalarmaskin\" class=\"wp-image-2820\" title=\"\" srcset=\"https:\/\/shuliybaler.com\/wp-content\/uploads\/2022\/09\/Cotton-baling-machine-structure.webp 720w, https:\/\/shuliybaler.com\/wp-content\/uploads\/2022\/09\/Cotton-baling-machine-structure-360x270.webp 360w, https:\/\/shuliybaler.com\/wp-content\/uploads\/2022\/09\/Cotton-baling-machine-structure-180x135.webp 180w\" sizes=\"auto, (max-width: 720px) 100vw, 720px\" \/><figcaption>Struktur av bomullsbalarmaskin<\/figcaption><\/figure> <\/figure>    <p>Bomullsbalarmaskinen inkluderar en hydraulisk cylinder, hydraulisk ventil, hydraulisk postl\u00e5da, driftshandtag, f\u00f6rtjockad tryckplatta, driftshandtag, ren kopparmotor, U-formad d\u00f6rrl\u00e5s och kompressionsbeh\u00e5llare med stor kapacitet.<\/p>    <p>F\u00f6rdelar med bomullsbalarmaskin<\/p>    <div class=\"wp-block-media-text alignwide is-stacked-on-mobile\"><figure class=\"wp-block-media-text__media\"><img loading=\"lazy\" decoding=\"async\" width=\"720\" height=\"540\" src=\"https:\/\/shuliybaler.com\/wp-content\/uploads\/2022\/09\/cotton-pressing-machine.webp\" alt=\"Mashine ya kusukuma pamba\" class=\"wp-image-2821 size-full\" title=\"\" srcset=\"https:\/\/shuliybaler.com\/wp-content\/uploads\/2022\/09\/cotton-pressing-machine.webp 720w, https:\/\/shuliybaler.com\/wp-content\/uploads\/2022\/09\/cotton-pressing-machine-360x270.webp 360w, https:\/\/shuliybaler.com\/wp-content\/uploads\/2022\/09\/cotton-pressing-machine-180x135.webp 180w\" sizes=\"auto, (max-width: 720px) 100vw, 720px\" \/><\/figure><div class=\"wp-block-media-text__content\"> <h3 class=\"wp-block-heading\">H\u00f6gtryck kromcylinder<\/h3>    <p>H\u00f6gtryck krompl\u00e4terad oljecylinder, h\u00f6g temperaturbest\u00e4ndighet, l\u00e5ng livsl\u00e4ngd, ingen tryckavlastning och inget oljel\u00e4ckage<\/p> <\/div><\/div>    <div class=\"wp-block-media-text alignwide has-media-on-the-right is-stacked-on-mobile\"><figure class=\"wp-block-media-text__media\"><img loading=\"lazy\" decoding=\"async\" width=\"720\" height=\"540\" src=\"https:\/\/shuliybaler.com\/wp-content\/uploads\/2022\/09\/cotton-pressing-machine-platen.webp\" alt=\"Platen ya mashine ya kusukuma pamba\" class=\"wp-image-2822 size-full\" title=\"\" srcset=\"https:\/\/shuliybaler.com\/wp-content\/uploads\/2022\/09\/cotton-pressing-machine-platen.webp 720w, https:\/\/shuliybaler.com\/wp-content\/uploads\/2022\/09\/cotton-pressing-machine-platen-360x270.webp 360w, https:\/\/shuliybaler.com\/wp-content\/uploads\/2022\/09\/cotton-pressing-machine-platen-180x135.webp 180w\" sizes=\"auto, (max-width: 720px) 100vw, 720px\" \/><\/figure><div class=\"wp-block-media-text__content\"> <h3 class=\"wp-block-heading\">F\u00f6rtjockad och uppgraderad tryckplatta<\/h3>    <p>Balkonstruktionen av bomullsbalaren \u00e4r f\u00f6rtjockad f\u00f6r h\u00e5llbarhet<\/p> <\/div><\/div>    <div class=\"wp-block-media-text alignwide is-stacked-on-mobile\"><figure class=\"wp-block-media-text__media\"><img loading=\"lazy\" decoding=\"async\" width=\"720\" height=\"540\" src=\"https:\/\/shuliybaler.com\/wp-content\/uploads\/2022\/09\/cotton-pressing-machine-details.webp\" alt=\"Maelezo ya mashine ya kusukuma pamba\" class=\"wp-image-2823 size-full\" title=\"\" srcset=\"https:\/\/shuliybaler.com\/wp-content\/uploads\/2022\/09\/cotton-pressing-machine-details.webp 720w, https:\/\/shuliybaler.com\/wp-content\/uploads\/2022\/09\/cotton-pressing-machine-details-360x270.webp 360w, https:\/\/shuliybaler.com\/wp-content\/uploads\/2022\/09\/cotton-pressing-machine-details-180x135.webp 180w\" sizes=\"auto, (max-width: 720px) 100vw, 720px\" \/><\/figure><div class=\"wp-block-media-text__content\"> <h2 class=\"wp-block-heading\">H\u00f6gkvalitativ motor<\/h2>    <p>All kopparmotor, snabb v\u00e4rmeavledning, tillr\u00e4cklig kraft och l\u00e5ng livsl\u00e4ngd<\/p> <\/div><\/div>    <div class=\"wp-block-media-text alignwide has-media-on-the-right is-stacked-on-mobile\"><figure class=\"wp-block-media-text__media\"><img loading=\"lazy\" decoding=\"async\" width=\"720\" height=\"540\" src=\"https:\/\/shuliybaler.com\/wp-content\/uploads\/2022\/09\/cotton-pressing-machine-details-1.webp\" alt=\"Maelezo ya mashine ya kusukuma pamba\" class=\"wp-image-2824 size-full\" title=\"\" srcset=\"https:\/\/shuliybaler.com\/wp-content\/uploads\/2022\/09\/cotton-pressing-machine-details-1.webp 720w, https:\/\/shuliybaler.com\/wp-content\/uploads\/2022\/09\/cotton-pressing-machine-details-1-360x270.webp 360w, https:\/\/shuliybaler.com\/wp-content\/uploads\/2022\/09\/cotton-pressing-machine-details-1-180x135.webp 180w\" sizes=\"auto, (max-width: 720px) 100vw, 720px\" \/><\/figure><div class=\"wp-block-media-text__content\"> <h2 class=\"wp-block-heading\">S\u00e4kerhetsd\u00f6rr<\/h2>    <p>Bomullsbalaren har en ny designad switchd\u00f6rr, som \u00e4r robust och h\u00e5llbar.<\/p> <\/div><\/div>    <h2 class=\"wp-block-heading\">F\u00f6rsiktighets\u00e5tg\u00e4rder vid anv\u00e4ndning av bomullsbalarare<\/h2>    <figure class=\"wp-block-gallery has-nested-images columns-default is-cropped wp-block-gallery-6 is-layout-flex wp-block-gallery-is-layout-flex\"> <figure class=\"wp-block-image size-large\"><img loading=\"lazy\" decoding=\"async\" width=\"720\" height=\"540\" data-id=\"2826\" src=\"https:\/\/shuliybaler.com\/wp-content\/uploads\/2022\/09\/cotton-pressing-machine-details-2.webp\" alt=\"Maelezo ya mashine ya kusukuma pamba\" class=\"wp-image-2826\" title=\"\" srcset=\"https:\/\/shuliybaler.com\/wp-content\/uploads\/2022\/09\/cotton-pressing-machine-details-2.webp 720w, https:\/\/shuliybaler.com\/wp-content\/uploads\/2022\/09\/cotton-pressing-machine-details-2-360x270.webp 360w, https:\/\/shuliybaler.com\/wp-content\/uploads\/2022\/09\/cotton-pressing-machine-details-2-180x135.webp 180w\" sizes=\"auto, (max-width: 720px) 100vw, 720px\" \/><figcaption>Detaljer om bomullspressmaskin<\/figcaption><\/figure>    <figure class=\"wp-block-image size-large\"><img loading=\"lazy\" decoding=\"async\" width=\"720\" height=\"540\" data-id=\"2825\" src=\"https:\/\/shuliybaler.com\/wp-content\/uploads\/2022\/09\/cotton-pressing-machine-shipping.webp\" alt=\"Usafirishaji wa mashine ya kusukuma pamba\" class=\"wp-image-2825\" title=\"\" srcset=\"https:\/\/shuliybaler.com\/wp-content\/uploads\/2022\/09\/cotton-pressing-machine-shipping.webp 720w, https:\/\/shuliybaler.com\/wp-content\/uploads\/2022\/09\/cotton-pressing-machine-shipping-360x270.webp 360w, https:\/\/shuliybaler.com\/wp-content\/uploads\/2022\/09\/cotton-pressing-machine-shipping-180x135.webp 180w\" sizes=\"auto, (max-width: 720px) 100vw, 720px\" \/><figcaption>Frakt av bomullspressmaskin<\/figcaption><\/figure>    <figure class=\"wp-block-image size-large\"><img loading=\"lazy\" decoding=\"async\" width=\"720\" height=\"540\" data-id=\"2827\" src=\"https:\/\/shuliybaler.com\/wp-content\/uploads\/2022\/09\/cotton-pressing-machine-details-3.webp\" alt=\"Maelezo ya mashine ya kusukuma pamba\" class=\"wp-image-2827\" title=\"\" srcset=\"https:\/\/shuliybaler.com\/wp-content\/uploads\/2022\/09\/cotton-pressing-machine-details-3.webp 720w, https:\/\/shuliybaler.com\/wp-content\/uploads\/2022\/09\/cotton-pressing-machine-details-3-360x270.webp 360w, https:\/\/shuliybaler.com\/wp-content\/uploads\/2022\/09\/cotton-pressing-machine-details-3-180x135.webp 180w\" sizes=\"auto, (max-width: 720px) 100vw, 720px\" \/><figcaption>Detaljer om bomullspressmaskin<\/figcaption><\/figure> <\/figure>    <p>(1) H\u00f6gkvalitativt slitagebest\u00e4ndigt hydraulolja ska strikt anv\u00e4ndas f\u00f6r den hydraulolja som tills\u00e4tts tanken, som m\u00e5ste filtreras noggrant, och en tillr\u00e4cklig m\u00e4ngd olja ska alltid uppr\u00e4tth\u00e5llas.<\/p>    <p> (2) Oljetanken ska reng\u00f6ras och bytas ut med ny olja var sj\u00e4tte m\u00e5nad, men oljan f\u00e5r inte reng\u00f6ras och filtreras i mer \u00e4n en m\u00e5nad. Ny olja som har anv\u00e4nts en g\u00e5ng f\u00e5r anv\u00e4ndas igen efter noggrann filtrering.<\/p>    <p> (3) Varje sm\u00f6rjdel av maskinen ska fyllas med sm\u00f6rjolja minst en g\u00e5ng per skift enligt krav. <\/p>    <figure class=\"wp-block-gallery has-nested-images columns-default is-cropped wp-block-gallery-7 is-layout-flex wp-block-gallery-is-layout-flex\"> <figure class=\"wp-block-image size-large\"><img loading=\"lazy\" decoding=\"async\" width=\"720\" height=\"540\" data-id=\"2828\" src=\"https:\/\/shuliybaler.com\/wp-content\/uploads\/2022\/09\/cotton-pressing-machine-1.webp\" alt=\"Bomullsbalaringsmaskin \" class=\"wp-image-2828\" title=\"\" srcset=\"https:\/\/shuliybaler.com\/wp-content\/uploads\/2022\/09\/cotton-pressing-machine-1.webp 720w, https:\/\/shuliybaler.com\/wp-content\/uploads\/2022\/09\/cotton-pressing-machine-1-360x270.webp 360w, https:\/\/shuliybaler.com\/wp-content\/uploads\/2022\/09\/cotton-pressing-machine-1-180x135.webp 180w\" sizes=\"auto, (max-width: 720px) 100vw, 720px\" \/><figcaption>Bomullsbalarmaskin <\/figcaption><\/figure>    <figure class=\"wp-block-image size-large\"><img loading=\"lazy\" decoding=\"async\" width=\"720\" height=\"540\" data-id=\"2829\" src=\"https:\/\/shuliybaler.com\/wp-content\/uploads\/2022\/09\/Cotton-baling-machine.webp\" alt=\"Bomullsbalaringsmaskin \" class=\"wp-image-2829\" title=\"\" srcset=\"https:\/\/shuliybaler.com\/wp-content\/uploads\/2022\/09\/Cotton-baling-machine.webp 720w, https:\/\/shuliybaler.com\/wp-content\/uploads\/2022\/09\/Cotton-baling-machine-360x270.webp 360w, https:\/\/shuliybaler.com\/wp-content\/uploads\/2022\/09\/Cotton-baling-machine-180x135.webp 180w\" sizes=\"auto, (max-width: 720px) 100vw, 720px\" \/><figcaption>Bomullsbalarmaskin <\/figcaption><\/figure>    <figure class=\"wp-block-image size-large\"><img loading=\"lazy\" decoding=\"async\" width=\"720\" height=\"540\" data-id=\"2830\" src=\"https:\/\/shuliybaler.com\/wp-content\/uploads\/2022\/09\/Cotton-baling-machine-1.webp\" alt=\"Bomullsbalaringsmaskin \" class=\"wp-image-2830\" title=\"\" srcset=\"https:\/\/shuliybaler.com\/wp-content\/uploads\/2022\/09\/Cotton-baling-machine-1.webp 720w, https:\/\/shuliybaler.com\/wp-content\/uploads\/2022\/09\/Cotton-baling-machine-1-360x270.webp 360w, https:\/\/shuliybaler.com\/wp-content\/uploads\/2022\/09\/Cotton-baling-machine-1-180x135.webp 180w\" sizes=\"auto, (max-width: 720px) 100vw, 720px\" \/><figcaption>Bomullsbalarmaskin <\/figcaption><\/figure> <\/figure>    <p>(4) Skr\u00e4pet i materiall\u00e5dan ska st\u00e4das upp i tid.<\/p>    <p> (5) De som inte f\u00f6rst\u00e5r maskinens struktur, prestanda och driftsprocedurer f\u00e5r inte starta maskinen utan tillst\u00e5nd. <\/p>    <p>(6) N\u00e4r maskinen har allvarligt oljel\u00e4ckage eller onormala fenomen under arbete, ska den omedelbart stoppas f\u00f6r att analysera orsaken och eliminera felet, och f\u00e5r inte tvingas att k\u00f6ra medan den \u00e4r sjuk. <\/p>    <figure class=\"wp-block-gallery has-nested-images columns-default is-cropped wp-block-gallery-8 is-layout-flex wp-block-gallery-is-layout-flex\"> <figure class=\"wp-block-image size-large\"><img loading=\"lazy\" decoding=\"async\" width=\"720\" height=\"540\" data-id=\"2831\" src=\"https:\/\/shuliybaler.com\/wp-content\/uploads\/2022\/09\/baling-machine.webp\" alt=\"Mashine ya kubana\" class=\"wp-image-2831\" title=\"\" srcset=\"https:\/\/shuliybaler.com\/wp-content\/uploads\/2022\/09\/baling-machine.webp 720w, https:\/\/shuliybaler.com\/wp-content\/uploads\/2022\/09\/baling-machine-360x270.webp 360w, https:\/\/shuliybaler.com\/wp-content\/uploads\/2022\/09\/baling-machine-180x135.webp 180w\" sizes=\"auto, (max-width: 720px) 100vw, 720px\" \/><figcaption>Balarmaskin<\/figcaption><\/figure>    <figure class=\"wp-block-image size-large\"><img loading=\"lazy\" decoding=\"async\" width=\"720\" height=\"540\" data-id=\"2832\" src=\"https:\/\/shuliybaler.com\/wp-content\/uploads\/2022\/09\/can-packer.webp\" alt=\"Kifungashaji cha makopo\" class=\"wp-image-2832\" title=\"\" srcset=\"https:\/\/shuliybaler.com\/wp-content\/uploads\/2022\/09\/can-packer.webp 720w, https:\/\/shuliybaler.com\/wp-content\/uploads\/2022\/09\/can-packer-360x270.webp 360w, https:\/\/shuliybaler.com\/wp-content\/uploads\/2022\/09\/can-packer-180x135.webp 180w\" sizes=\"auto, (max-width: 720px) 100vw, 720px\" \/><figcaption>Kanpackare<\/figcaption><\/figure>    <figure class=\"wp-block-image size-large\"><img loading=\"lazy\" decoding=\"async\" width=\"720\" height=\"540\" data-id=\"2833\" src=\"https:\/\/shuliybaler.com\/wp-content\/uploads\/2022\/09\/baling.webp\" alt=\"kubeba\" class=\"wp-image-2833\" title=\"\" srcset=\"https:\/\/shuliybaler.com\/wp-content\/uploads\/2022\/09\/baling.webp 720w, https:\/\/shuliybaler.com\/wp-content\/uploads\/2022\/09\/baling-360x270.webp 360w, https:\/\/shuliybaler.com\/wp-content\/uploads\/2022\/09\/baling-180x135.webp 180w\" sizes=\"auto, (max-width: 720px) 100vw, 720px\" \/><figcaption>Balar<\/figcaption><\/figure> <\/figure>    <p>(7) Under maskinens drift \u00e4r det inte till\u00e5tet att reparera eller r\u00f6ra de r\u00f6rliga delarna, och det \u00e4r str\u00e4ngt f\u00f6rbjudet att trycka p\u00e5 materialet i materiall\u00e5dan med h\u00e4nder eller f\u00f6tter. <\/p>    <p>(8) N\u00e4r pumpen, ventilen och tryckm\u00e4taren justeras, m\u00e5ste det g\u00f6ras av erfarna tekniska arbetare. Om tryckm\u00e4taren visar sig vara defekt, ska m\u00e4taren kontrolleras eller uppdateras omedelbart.<\/p>    <h2 class=\"wp-block-heading\">Hur fungerar bomullsbalaren?<\/h2>    <figure class=\"wp-block-embed is-type-video is-provider-youtube wp-block-embed-youtube wp-embed-aspect-16-9 wp-has-aspect-ratio\"><div class=\"wp-block-embed__wrapper\"> <iframe loading=\"lazy\" title=\"Mashine ya kubana karatasi chafu | mashine ya kubana pamba | mashine ya kubana makopo | mashine ya kubana tena\" width=\"500\" height=\"281\" src=\"https:\/\/www.youtube.com\/embed\/QZtXuzoCVkA?feature=oembed\" frameborder=\"0\" allow=\"accelerometer; autoplay; clipboard-write; encrypted-media; gyroscope; picture-in-picture; web-share\" referrerpolicy=\"strict-origin-when-cross-origin\" allowfullscreen><\/iframe> <\/div><figcaption>Bomullsbalarens arbete<\/figcaption><\/figure>","protected":false},"excerpt":{"rendered":"<p>Mashine ya kubana pamba hutumika kwa kusukuma pamba. Mashine huweka pamba iliyopanuliwa kwa shinikizo, inayoifanya iwe rahisi kusafirisha na kuhifadhi. Mashine ya kubana pamba hutumia majimaji ya majimaji ya shinikizo kubwa kuondoa nafasi kati ya pamba. Mashine za kubana pamba zinaweza kutumika kwenye shamba la kilimo cha pamba na viwanda vya kusindika blanketi, nk. Mashine yetu ya kusukuma pamba imesafirishwa hadi Indonesia, Pakistan, Misri, Sudan, Mexico, Saudi Arabia.<\/p>","protected":false},"author":1,"featured_media":2811,"parent":0,"template":"","tags":[50],"product-type":[48],"class_list":["post-2808","product","type-product","status-publish","has-post-thumbnail","hentry","tag-metal-baling-machine","product-type-solution"],"_links":{"self":[{"href":"https:\/\/shuliybaler.com\/sw\/wp-json\/wp\/v2\/product\/2808","targetHints":{"allow":["GET"]}}],"collection":[{"href":"https:\/\/shuliybaler.com\/sw\/wp-json\/wp\/v2\/product"}],"about":[{"href":"https:\/\/shuliybaler.com\/sw\/wp-json\/wp\/v2\/types\/product"}],"author":[{"embeddable":true,"href":"https:\/\/shuliybaler.com\/sw\/wp-json\/wp\/v2\/users\/1"}],"wp:featuredmedia":[{"embeddable":true,"href":"https:\/\/shuliybaler.com\/sw\/wp-json\/wp\/v2\/media\/2811"}],"wp:attachment":[{"href":"https:\/\/shuliybaler.com\/sw\/wp-json\/wp\/v2\/media?parent=2808"}],"wp:term":[{"taxonomy":"post_tag","embeddable":true,"href":"https:\/\/shuliybaler.com\/sw\/wp-json\/wp\/v2\/tags?post=2808"},{"taxonomy":"product-type","embeddable":true,"href":"https:\/\/shuliybaler.com\/sw\/wp-json\/wp\/v2\/product-type?post=2808"}],"curies":[{"name":"wp","href":"https:\/\/api.w.org\/{rel}","templated":true}]}}