{"id":2904,"date":"2022-10-19T16:35:05","date_gmt":"2022-10-19T08:35:05","guid":{"rendered":"https:\/\/shuliybaler.com\/?post_type=product&#038;p=2904"},"modified":"2023-02-28T16:04:04","modified_gmt":"2023-02-28T08:04:04","slug":"plastic-bottle-baler-machine","status":"publish","type":"product","link":"https:\/\/shuliybaler.com\/sw\/product\/plastic-bottle-baler-machine-plastic-bottle-packing-machine\/","title":{"rendered":"Mashine ya baler ya chupa za plastiki | Mashine ya kufunga chupa za plastiki"},"content":{"rendered":"<p class=\"translation-block\">Mashine ya baler ya chupa za plastiki ni kifaa maalum kwa chupa za plastiki. Kwa kukandamiza <a href=\"https:\/\/www.google.com\/search?q=waste plastic bottle&amp;sxsrf=ALiCzsZDD9uj538vXpp1bTkcyeTWwADRLg:1669878238699&amp;source=lnms&amp;tbm=isch&amp;sa=X&amp;ved=2ahUKEwi5kPGZ7df7AhVZNEQIHehCDb0Q_AUoAXoECAEQAw&amp;biw=1745&amp;bih=852&amp;dpr=1.1\" data-type=\"URL\" data-id=\"https:\/\/www.google.com\/search?q=waste plastic bottle&amp;sxsrf=ALiCzsZDD9uj538vXpp1bTkcyeTWwADRLg:1669878238699&amp;source=lnms&amp;tbm=isch&amp;sa=X&amp;ved=2ahUKEwi5kPGZ7df7AhVZNEQIHehCDb0Q_AUoAXoECAEQAw&amp;biw=1745&amp;bih=852&amp;dpr=1.1\" target=\"_blank\" rel=\"noopener\">plastikanz <\/a> na kuchomoa pengo kati ya chupa za plastiki, nafasi ya kuhifadhi chupa za plastiki inaweza kufinyangwa, na sifa za chupa za plastiki hazina rahisi kusafirisha.<\/p>    <figure class=\"wp-block-image size-full\"><img loading=\"lazy\" decoding=\"async\" width=\"720\" height=\"540\" src=\"https:\/\/shuliybaler.com\/wp-content\/uploads\/2022\/10\/Plastic-bottle-baler-machine-1.webp\" alt=\"Plastrflaskbalingsmaskin\" class=\"wp-image-2965\" title=\"\" srcset=\"https:\/\/shuliybaler.com\/wp-content\/uploads\/2022\/10\/Plastic-bottle-baler-machine-1.webp 720w, https:\/\/shuliybaler.com\/wp-content\/uploads\/2022\/10\/Plastic-bottle-baler-machine-1-360x270.webp 360w, https:\/\/shuliybaler.com\/wp-content\/uploads\/2022\/10\/Plastic-bottle-baler-machine-1-180x135.webp 180w\" sizes=\"auto, (max-width: 720px) 100vw, 720px\" \/><figcaption class=\"wp-element-caption\">Mashine ya Baler ya Chupa za Plastiki<\/figcaption><\/figure>    <h2 class=\"wp-block-heading\">Utambulisho wa mashine ya kufunga chupa za plastiki ya upande wa mraba<\/h2>    <figure class=\"wp-block-image size-full\"><img loading=\"lazy\" decoding=\"async\" width=\"720\" height=\"540\" src=\"https:\/\/shuliybaler.com\/wp-content\/uploads\/2022\/10\/Plastic-bottle-packing-machine.webp\" alt=\"Mashine ya Kufunga Chupa za Plastiki\" class=\"wp-image-2966\" title=\"\" srcset=\"https:\/\/shuliybaler.com\/wp-content\/uploads\/2022\/10\/Plastic-bottle-packing-machine.webp 720w, https:\/\/shuliybaler.com\/wp-content\/uploads\/2022\/10\/Plastic-bottle-packing-machine-360x270.webp 360w, https:\/\/shuliybaler.com\/wp-content\/uploads\/2022\/10\/Plastic-bottle-packing-machine-180x135.webp 180w\" sizes=\"auto, (max-width: 720px) 100vw, 720px\" \/><figcaption class=\"wp-element-caption\">Mashine ya Kufunga Chupa za Plastiki<\/figcaption><\/figure>    <p class=\"translation-block\">&nbsp;<a href=\"https:\/\/shuliybaler.com\/sw\/product\/scrap-metal-baler\/\" data-type=\"URL\" data-id=\"https:\/\/shuliybaler.com\/product\/scrap-metal-baler\/\">Baler ya chupa ya uhalisia wa vinywaji ya wima<\/a> ni sahihi kwa baler za kubana zenye chupa za cola, makopo, filamu za plastiki, karatasi zilizotupwa, visuru, nyuzi za kemikali, na nyenzo zilizotupwa. Inayo mpakato wa usafirishaji. Inafaa kufanyiwa kazi takriban tani 1-5 kwa saa. Inaweza pia kutumika kama mashine pekee, na mwanya mdogo, kasi ya ufungaji ya haraka, uendeshaji rahisi, utendaji thabiti, na kiwango cha hitilafu chini.<\/p>    <h2 class=\"wp-block-heading\">Kwa nini chupa za plastiki zinahitaji baler?<\/h2>    <figure class=\"wp-block-gallery has-nested-images columns-default is-cropped wp-block-gallery-2 is-layout-flex wp-block-gallery-is-layout-flex\"> <figure class=\"wp-block-image size-full\"><img loading=\"lazy\" decoding=\"async\" width=\"720\" height=\"540\" data-id=\"2967\" src=\"https:\/\/shuliybaler.com\/wp-content\/uploads\/2022\/10\/Plastic-bottle-packing-machine-1.webp\" alt=\"Mashine ya Kufunga Chupa za Plastiki\" class=\"wp-image-2967\" title=\"\" srcset=\"https:\/\/shuliybaler.com\/wp-content\/uploads\/2022\/10\/Plastic-bottle-packing-machine-1.webp 720w, https:\/\/shuliybaler.com\/wp-content\/uploads\/2022\/10\/Plastic-bottle-packing-machine-1-360x270.webp 360w, https:\/\/shuliybaler.com\/wp-content\/uploads\/2022\/10\/Plastic-bottle-packing-machine-1-180x135.webp 180w\" sizes=\"auto, (max-width: 720px) 100vw, 720px\" \/><figcaption class=\"wp-element-caption\">Mashine ya Kufunga Chupa za Plastiki<\/figcaption><\/figure>    <figure class=\"wp-block-image size-full\"><img loading=\"lazy\" decoding=\"async\" width=\"720\" height=\"540\" data-id=\"2971\" src=\"https:\/\/shuliybaler.com\/wp-content\/uploads\/2022\/10\/plastic-bottle-baling.webp\" alt=\"plastflaskpressning\" class=\"wp-image-2971\" title=\"\" srcset=\"https:\/\/shuliybaler.com\/wp-content\/uploads\/2022\/10\/plastic-bottle-baling.webp 720w, https:\/\/shuliybaler.com\/wp-content\/uploads\/2022\/10\/plastic-bottle-baling-360x270.webp 360w, https:\/\/shuliybaler.com\/wp-content\/uploads\/2022\/10\/plastic-bottle-baling-180x135.webp 180w\" sizes=\"auto, (max-width: 720px) 100vw, 720px\" \/><figcaption class=\"wp-element-caption\">Kuenka kwa Plastiki za Chupa<\/figcaption><\/figure> <\/figure>    <p>Chupa za plastiki zinaweza kusahishwa, na chembe za plastiki zinaweza kutengenezwa. Wakati wa kusafisha chupa za plastiki, chupa za plastiki hufunikwa kuwa utupu, kuna nafasi nyingi kati ya chupa, na chupa za plastiki ni nyembamba na ngumu kushughulikia, hivyo mashine za baler za chupa za plastiki zinaweza kuheshimiwa. Vidonge vinashinikizwa na kuundwa kuwa mabomba ya chupa za plastiki ya ukubwa mmoja, ambayo inaweza kusafirishwa na kuhifadhiwa.<\/p>    <h2 class=\"wp-block-heading\">Aina mbili za mashine ya baler ya chupa za plastiki<\/h2>    <figure class=\"wp-block-image size-full\"><img loading=\"lazy\" decoding=\"async\" width=\"720\" height=\"540\" src=\"https:\/\/shuliybaler.com\/wp-content\/uploads\/2022\/10\/plastic-bottle-baler-machine.webp\" alt=\"M\u00e1quina de compactaci\u00f3n de botellas de pl\u00e1stico\" class=\"wp-image-2968\" title=\"\" srcset=\"https:\/\/shuliybaler.com\/wp-content\/uploads\/2022\/10\/plastic-bottle-baler-machine.webp 720w, https:\/\/shuliybaler.com\/wp-content\/uploads\/2022\/10\/plastic-bottle-baler-machine-360x270.webp 360w, https:\/\/shuliybaler.com\/wp-content\/uploads\/2022\/10\/plastic-bottle-baler-machine-180x135.webp 180w\" sizes=\"auto, (max-width: 720px) 100vw, 720px\" \/><figcaption class=\"wp-element-caption\">Mashine ya Baler ya Chupa za Plastiki<\/figcaption><\/figure>    <p class=\"translation-block\">Sasa, balers za chupa za plastiki zilizopo sokoni zinahifadhiwa katika aina mbili: <a href=\"https:\/\/shuliybaler.com\/sw\/product\/vertical-metal-baler\/\" data-type=\"URL\" data-id=\"https:\/\/shuliybaler.com\/product\/vertical-metal-baler\/\">balers ya wima<\/a> na <a href=\"https:\/\/shuliybaler.com\/sw\/product\/scrap-metal-baler\/\" data-type=\"URL\" data-id=\"https:\/\/shuliybaler.com\/product\/scrap-metal-baler\/\">balers ya usawa<\/a>. Aina zote za balers zinaweza kutumika kufunga chupa za plastiki zilizorundishwa. Tofauti iko katika utoaji wa ufungaji, kiwango cha automatisim, na ukubwa wa kifungi. Kwa mahitaji tofauti ya kampuni, aina za ununuzi pia ni tofauti. Ifuatayo tutazungumzia utumiaji wa aina mbili za mashine za baler za chupa za plastiki.<\/p>    <h2 class=\"wp-block-heading\">Jinsi ya kutumia mashine ya baler ya chupa za plastiki ya juu?<\/h2>    <figure class=\"wp-block-image size-full\"><img loading=\"lazy\" decoding=\"async\" width=\"720\" height=\"540\" src=\"https:\/\/shuliybaler.com\/wp-content\/uploads\/2022\/10\/plastic-bottle-baler-machine-1.webp\" alt=\"M\u00e1quina de compactaci\u00f3n de botellas de pl\u00e1stico\" class=\"wp-image-2969\" title=\"\" srcset=\"https:\/\/shuliybaler.com\/wp-content\/uploads\/2022\/10\/plastic-bottle-baler-machine-1.webp 720w, https:\/\/shuliybaler.com\/wp-content\/uploads\/2022\/10\/plastic-bottle-baler-machine-1-360x270.webp 360w, https:\/\/shuliybaler.com\/wp-content\/uploads\/2022\/10\/plastic-bottle-baler-machine-1-180x135.webp 180w\" sizes=\"auto, (max-width: 720px) 100vw, 720px\" \/><figcaption class=\"wp-element-caption\">Mashine ya Baler ya Chupa za Plastiki<\/figcaption><\/figure>    <p>Mchakato wa uendeshaji ni ngumu. Kwanza, fungua mlango wa kutoa wa kifaa kwa kutumia kifunguo cha mkono, osi chumba cha kuweka, na wweke kitambaa cha kufunga au karatasi ya plastiki juu yake. Funga mlango wa chumba cha shinikizo, funga mlango wa kujaza kwa wakati huo, na ujaze nyenzo kupitia mlango wa kujaza. Baada ya nyenzo kujaza, funga mlango wa kujaza, kiotomatiki shinikiza kwa mfumo wa umeme wa PLC, endelea kujaza baada ya shinikizo na kupunguza ujazo, na rudia operesheni zilizo hapo juu hadi nyenzo ziwe zimejaa. Baada ya kuunda kwa shinikizo, fungua mlango wa chumba cha shinikizo na mlango wa kujaza, na kaza na kaza chupa ya plastiki iliyoshinikizwa. Baada ya kukamilisha, fanya operesheni ya kujaza ili kukamilisha utoaji.<\/p>    <figure class=\"wp-block-image size-full\"><img loading=\"lazy\" decoding=\"async\" width=\"720\" height=\"540\" src=\"https:\/\/shuliybaler.com\/wp-content\/uploads\/2022\/10\/Plastic-bottle-baler-conveyor-belt.webp\" alt=\"Mkanda wa usafirishaji wa baler ya chupa za plastiki\" class=\"wp-image-2972\" title=\"\" srcset=\"https:\/\/shuliybaler.com\/wp-content\/uploads\/2022\/10\/Plastic-bottle-baler-conveyor-belt.webp 720w, https:\/\/shuliybaler.com\/wp-content\/uploads\/2022\/10\/Plastic-bottle-baler-conveyor-belt-360x270.webp 360w, https:\/\/shuliybaler.com\/wp-content\/uploads\/2022\/10\/Plastic-bottle-baler-conveyor-belt-180x135.webp 180w\" sizes=\"auto, (max-width: 720px) 100vw, 720px\" \/><figcaption class=\"wp-element-caption\">Mkanda wa Kubeba Chupa za Plastiki ya Chupa<\/figcaption><\/figure>    <h2 class=\"wp-block-heading\">Jinsi ya kutumia baler ya chupa za plastiki ya upande wa mraba?<\/h2>    <figure class=\"wp-block-image size-full\"><img loading=\"lazy\" decoding=\"async\" width=\"720\" height=\"540\" src=\"https:\/\/shuliybaler.com\/wp-content\/uploads\/2022\/10\/horizontal-plastic-bottle-baler.webp\" alt=\"Compactadora de botellas de pl\u00e1stico horizontal\" class=\"wp-image-2970\" title=\"\" srcset=\"https:\/\/shuliybaler.com\/wp-content\/uploads\/2022\/10\/horizontal-plastic-bottle-baler.webp 720w, https:\/\/shuliybaler.com\/wp-content\/uploads\/2022\/10\/horizontal-plastic-bottle-baler-360x270.webp 360w, https:\/\/shuliybaler.com\/wp-content\/uploads\/2022\/10\/horizontal-plastic-bottle-baler-180x135.webp 180w\" sizes=\"auto, (max-width: 720px) 100vw, 720px\" \/><figcaption class=\"wp-element-caption\">Baler ya Chupa za Plastiki ya Kando<\/figcaption><\/figure>    <p>Mashine ya baler ya chupa za plastiki ya upande wa mraba ya kushughulikia ni rahisi sana kuendesha. Baada ya kuhakikisha Hakuna tatizo katika kufungua kifaa, inaweza kujazwa moja kwa moja au kwa conveyor kuingizwa ndani ya chumba cha ushawishi. Baada ya chupa za plastiki kufikia nafasi yake, bonyeza kitufe cha shinikizo ili kusukuma mahali. Itarudi kiotomatiki na kuacha. Rudia ufungaji na operesheni ya shinikizo hadi ufungaji unaohitajika ufikie urefu, bonyeza kitufe cha ufungaji, na baada ya kufika mahali pa ufungaji, bonyeza kitufe cha uzi, uzi utakatwa kiotomatiki na ufunguo wa uzi utakamilika.<\/p>    <figure class=\"wp-block-embed is-type-video is-provider-youtube wp-block-embed-youtube wp-embed-aspect-16-9 wp-has-aspect-ratio\"><div class=\"wp-block-embed__wrapper\"> <iframe loading=\"lazy\" title=\"Baler ya chuma bora iliyouzwa Gabon mara mbili | Mashine ya kukandamiza barafu ya bara ya mafuta chupa baler machine\" width=\"500\" height=\"281\" src=\"https:\/\/www.youtube.com\/embed\/1WCZwz3QRbs?feature=oembed\" frameborder=\"0\" allow=\"accelerometer; autoplay; clipboard-write; encrypted-media; gyroscope; picture-in-picture; web-share\" referrerpolicy=\"strict-origin-when-cross-origin\" allowfullscreen><\/iframe> <\/div><figcaption class=\"wp-element-caption\">Plastrflaskbalingsmaskin<\/figcaption><\/figure>","protected":false},"excerpt":{"rendered":"<p>La m\u00e1quina de compactaci\u00f3n de botellas de pl\u00e1stico es un equipo especial para botellas de pl\u00e1stico. Al comprimir las botellas y extruir los espacios entre ellas, se puede reducir el espacio de almacenamiento, y las caracter\u00edsticas de las botellas no dificultan su transporte.<\/p>","protected":false},"author":1,"featured_media":2963,"parent":0,"template":"","tags":[],"product-type":[41],"class_list":["post-2904","product","type-product","status-publish","has-post-thumbnail","hentry","product-type-metal-baler-machine"],"_links":{"self":[{"href":"https:\/\/shuliybaler.com\/sw\/wp-json\/wp\/v2\/product\/2904","targetHints":{"allow":["GET"]}}],"collection":[{"href":"https:\/\/shuliybaler.com\/sw\/wp-json\/wp\/v2\/product"}],"about":[{"href":"https:\/\/shuliybaler.com\/sw\/wp-json\/wp\/v2\/types\/product"}],"author":[{"embeddable":true,"href":"https:\/\/shuliybaler.com\/sw\/wp-json\/wp\/v2\/users\/1"}],"wp:featuredmedia":[{"embeddable":true,"href":"https:\/\/shuliybaler.com\/sw\/wp-json\/wp\/v2\/media\/2963"}],"wp:attachment":[{"href":"https:\/\/shuliybaler.com\/sw\/wp-json\/wp\/v2\/media?parent=2904"}],"wp:term":[{"taxonomy":"post_tag","embeddable":true,"href":"https:\/\/shuliybaler.com\/sw\/wp-json\/wp\/v2\/tags?post=2904"},{"taxonomy":"product-type","embeddable":true,"href":"https:\/\/shuliybaler.com\/sw\/wp-json\/wp\/v2\/product-type?post=2904"}],"curies":[{"name":"wp","href":"https:\/\/api.w.org\/{rel}","templated":true}]}}