{"id":2905,"date":"2022-11-10T14:55:46","date_gmt":"2022-11-10T06:55:46","guid":{"rendered":"https:\/\/shuliybaler.com\/?post_type=product&#038;p=2905"},"modified":"2022-11-17T16:33:36","modified_gmt":"2022-11-17T08:33:36","slug":"scrap-plate-shearing-machine","status":"publish","type":"product","link":"https:\/\/shuliybaler.com\/sw\/product\/scrap-plate-shearing-machine\/","title":{"rendered":"Mashine ya kukata bati za chuma za zamani | mashine ya kukata chuma cha zamani"},"content":{"rendered":"<p class=\"translation-block\">Mashine ya kukata sahani ya taka ni aina ya vifaa vya kukata chuma vya hydraulic. Muonekano wake ni kama kichwa cha simba, kwa hivyo pia inaitwa kukata kichwa cha simba. Makata ya kichwa cha simba yana kazi sawa na <a href=\"https:\/\/shuliybaler.com\/sw\/product\/alligator-shear\/\" data-type=\"URL\" data-id=\"https:\/\/shuliybaler.com\/product\/alligator-shear\/\"> mashine za kukata chuma za alligator <\/a> na yanafaa kwa viwanda vya urejeshaji wa chuma, maeneo ya kuondoa magari yaliyoharibika, viwanda vya kuyeyusha na kuchora, na kukata baridi kwa aina mbalimbali za chuma na nyenzo za chuma.<\/p>    <figure class=\"wp-block-image size-full\"><img loading=\"lazy\" decoding=\"async\" width=\"720\" height=\"540\" src=\"https:\/\/shuliybaler.com\/wp-content\/uploads\/2022\/11\/iron-scrap-cutting-machine.webp\" alt=\"j\u00e4rnskrot sk\u00e4romaskin\" class=\"wp-image-2908\" title=\"\" srcset=\"https:\/\/shuliybaler.com\/wp-content\/uploads\/2022\/11\/iron-scrap-cutting-machine.webp 720w, https:\/\/shuliybaler.com\/wp-content\/uploads\/2022\/11\/iron-scrap-cutting-machine-360x270.webp 360w, https:\/\/shuliybaler.com\/wp-content\/uploads\/2022\/11\/iron-scrap-cutting-machine-180x135.webp 180w\" sizes=\"auto, (max-width: 720px) 100vw, 720px\" \/><figcaption class=\"wp-element-caption\">Mashine ya Kukata Chuma cha Taka<\/figcaption><\/figure>    <h2 class=\"wp-block-heading\">Uwanja wa maombi wa mashine ya kukata sahani ya taka<\/h2>    <p class=\"translation-block\">Mashine za kukata sahani ya taka zinafaa kwa maeneo ya urejeshaji wa chuma kwa kukata chuma, ambayo ni rahisi kwa urejeshaji na matumizi tena; <a href=\"https:\/\/www.youtube.com\/watch?v=GNmdIftq4X8&amp;t=13s\" data-type=\"URL\" data-id=\"https:\/\/www.youtube.com\/watch?v=GNmdIftq4X8&amp;t=13s\" target=\"_blank\" rel=\"noopener\"> mashine za kukata sahani ya taka <\/a> pia zinaweza kutumika katika viwanda vya urejeshaji wa magari kwa kuondoa magari yaliyoharibika. Mashine za kukata chuma pia zinaweza kutumika kwenye maeneo ya ujenzi kwa kukata rebar na chuma. Kwa hivyo makata ya kichwa cha simba yanaweza kutumika kukata aina zote za chuma kigumu.<\/p>    <h2 class=\"wp-block-heading\">Manufaa ya mashine ya kukata sahani ya taka<\/h2>    <figure class=\"wp-block-gallery has-nested-images columns-default is-cropped wp-block-gallery-2 is-layout-flex wp-block-gallery-is-layout-flex\"> <figure class=\"wp-block-image size-large\"><img loading=\"lazy\" decoding=\"async\" width=\"720\" height=\"540\" data-id=\"2909\" src=\"https:\/\/shuliybaler.com\/wp-content\/uploads\/2022\/11\/scrap-plate-shearing-machine.webp\" alt=\"skrotpl\u00e5tsk\u00e4rmaskin\" class=\"wp-image-2909\" title=\"\" srcset=\"https:\/\/shuliybaler.com\/wp-content\/uploads\/2022\/11\/scrap-plate-shearing-machine.webp 720w, https:\/\/shuliybaler.com\/wp-content\/uploads\/2022\/11\/scrap-plate-shearing-machine-360x270.webp 360w, https:\/\/shuliybaler.com\/wp-content\/uploads\/2022\/11\/scrap-plate-shearing-machine-180x135.webp 180w\" sizes=\"auto, (max-width: 720px) 100vw, 720px\" \/><figcaption class=\"wp-element-caption\">Mashine ya Kukata Sahani ya Taka<\/figcaption><\/figure>    <figure class=\"wp-block-image size-large\"><img loading=\"lazy\" decoding=\"async\" width=\"720\" height=\"540\" data-id=\"2910\" src=\"https:\/\/shuliybaler.com\/wp-content\/uploads\/2022\/11\/scrap-plate-shearing-machine-1.webp\" alt=\"skrotpl\u00e5tsk\u00e4rmaskin\" class=\"wp-image-2910\" title=\"\" srcset=\"https:\/\/shuliybaler.com\/wp-content\/uploads\/2022\/11\/scrap-plate-shearing-machine-1.webp 720w, https:\/\/shuliybaler.com\/wp-content\/uploads\/2022\/11\/scrap-plate-shearing-machine-1-360x270.webp 360w, https:\/\/shuliybaler.com\/wp-content\/uploads\/2022\/11\/scrap-plate-shearing-machine-1-180x135.webp 180w\" sizes=\"auto, (max-width: 720px) 100vw, 720px\" \/><figcaption class=\"wp-element-caption\">Mashine ya Kukata Sahani ya Taka<\/figcaption><\/figure> <\/figure>    <p>1. Hii mashine ya kukata chuma cha kutupa inatumiwa hasa katika tasnia ya urejeshaji na usindikaji wa vifaa vya taka. Viwanda vidogo na vya kati vya chuma vya baridi vinakata chuma cha taka chenye maumbo mbalimbali kama vile chuma cha mduara, chuma cha mraba, chuma cha mnyororo, chuma cha pembe, I-beam, sahani ya chuma, bomba la chuma, na kadhalika.<\/p>    <p>2. Hii mashine ya kukata chuma cha kutupa ina kazi za mikono na za kiotomatiki. Udhibiti wa uendeshaji ni rahisi na rahisi, na makata yanaweza kukatwa na kusimama katika nafasi yoyote wakati wa mchakato wa kazi. na kulingana na<\/p>    <p>3. Inatumia uendeshaji wa hydraulic, ambayo ni rahisi kuendesha na kutunza.<\/p>    <p>4. Ikilinganishwa na mashine ya kukata kwa transmission ya mitambo, ina faida za ukubwa mdogo, uzito mwepesi, inertia ya chini, kelele ya chini, hatua thabiti, uendeshaji rahisi, kubadilika, sehemu kubwa ya kukata, na marekebisho rahisi ya makata. Ni salama kuendesha na rahisi kutekeleza. Ulinzi wa kupakia kupita kiasi ni rahisi.<\/p>    <figure class=\"wp-block-embed is-type-video is-provider-youtube wp-block-embed-youtube wp-embed-aspect-16-9 wp-has-aspect-ratio\"><div class=\"wp-block-embed__wrapper\"> <iframe loading=\"lazy\" title=\"Mashine ya kukata sahani ya taka ya Hydraulics | mashine ya kukata chuma cha taka | mashine ya kukata chuma cha kutupa\" width=\"500\" height=\"281\" src=\"https:\/\/www.youtube.com\/embed\/B3-xPveJGvw?feature=oembed\" frameborder=\"0\" allow=\"accelerometer; autoplay; clipboard-write; encrypted-media; gyroscope; picture-in-picture; web-share\" referrerpolicy=\"strict-origin-when-cross-origin\" allowfullscreen><\/iframe> <\/div><\/figure>    <h2 class=\"wp-block-heading\">Vigezo vya mashine ya kukata sahani ya taka<\/h2>    <figure class=\"wp-block-image size-full\"><img loading=\"lazy\" decoding=\"async\" width=\"720\" height=\"540\" src=\"https:\/\/shuliybaler.com\/wp-content\/uploads\/2022\/11\/hydraulic-metal-shearing-equipment.webp\" alt=\"hydraulisk metallsk\u00e4romaskin\" class=\"wp-image-2911\" title=\"\" srcset=\"https:\/\/shuliybaler.com\/wp-content\/uploads\/2022\/11\/hydraulic-metal-shearing-equipment.webp 720w, https:\/\/shuliybaler.com\/wp-content\/uploads\/2022\/11\/hydraulic-metal-shearing-equipment-360x270.webp 360w, https:\/\/shuliybaler.com\/wp-content\/uploads\/2022\/11\/hydraulic-metal-shearing-equipment-180x135.webp 180w\" sizes=\"auto, (max-width: 720px) 100vw, 720px\" \/><figcaption class=\"wp-element-caption\">Vifaa vya Kukata Chuma vya Hydraulic<\/figcaption><\/figure>    <figure class=\"wp-block-table\"><table><tbody><tr><td>Shinikizo la Vifaa<\/td><td>2500kn<\/td><\/tr><tr><td>Shinikizo la mfumo<\/td><td>25mpa<\/td><\/tr><tr><td>Ukubwa wa blade<\/td><td>1000mm<\/td><\/tr><tr><td>Nguvu ya injini<\/td><td>22kv<\/td><\/tr><tr><td>Uwezo wa sanduku la barua<\/td><td>360L<\/td><\/tr><tr><td>Muda wa kukata <\/td><td>4-8<\/td><\/tr><tr><td>Ukubwa wa mashine ya kukata<\/td><td>2000*1200*2100<\/td><\/tr><\/tbody><\/table><figcaption class=\"wp-element-caption\">Mashine ya kukata sahani za metali<\/figcaption><\/figure>    <h2 class=\"wp-block-heading\">Mashine ya kukata sahani ya taka inafanya kazi vipi?<\/h2>    <figure class=\"wp-block-gallery has-nested-images columns-default is-cropped wp-block-gallery-3 is-layout-flex wp-block-gallery-is-layout-flex\"> <figure class=\"wp-block-image size-large\"><img loading=\"lazy\" decoding=\"async\" width=\"720\" height=\"540\" data-id=\"2913\" src=\"https:\/\/shuliybaler.com\/wp-content\/uploads\/2022\/11\/hydraulic-metal-shearing-equipment-2.webp\" alt=\"hydraulisk metallsk\u00e4romaskin\" class=\"wp-image-2913\" title=\"\" srcset=\"https:\/\/shuliybaler.com\/wp-content\/uploads\/2022\/11\/hydraulic-metal-shearing-equipment-2.webp 720w, https:\/\/shuliybaler.com\/wp-content\/uploads\/2022\/11\/hydraulic-metal-shearing-equipment-2-360x270.webp 360w, https:\/\/shuliybaler.com\/wp-content\/uploads\/2022\/11\/hydraulic-metal-shearing-equipment-2-180x135.webp 180w\" sizes=\"auto, (max-width: 720px) 100vw, 720px\" \/><figcaption class=\"wp-element-caption\">Vifaa vya Kukata Chuma vya Hydraulic<\/figcaption><\/figure>    <figure class=\"wp-block-image size-large\"><img loading=\"lazy\" decoding=\"async\" width=\"720\" height=\"540\" data-id=\"2914\" src=\"https:\/\/shuliybaler.com\/wp-content\/uploads\/2022\/11\/hydraulic-metal-shearing-equipment-3.webp\" alt=\"hydraulisk metallsk\u00e4romaskin\" class=\"wp-image-2914\" title=\"\" srcset=\"https:\/\/shuliybaler.com\/wp-content\/uploads\/2022\/11\/hydraulic-metal-shearing-equipment-3.webp 720w, https:\/\/shuliybaler.com\/wp-content\/uploads\/2022\/11\/hydraulic-metal-shearing-equipment-3-360x270.webp 360w, https:\/\/shuliybaler.com\/wp-content\/uploads\/2022\/11\/hydraulic-metal-shearing-equipment-3-180x135.webp 180w\" sizes=\"auto, (max-width: 720px) 100vw, 720px\" \/><figcaption class=\"wp-element-caption\">Vifaa vya Kukata Chuma vya Hydraulic<\/figcaption><\/figure>    <figure class=\"wp-block-image size-large\"><img loading=\"lazy\" decoding=\"async\" width=\"720\" height=\"540\" data-id=\"2915\" src=\"https:\/\/shuliybaler.com\/wp-content\/uploads\/2022\/11\/metal-shearing-equipment.webp\" alt=\"hydraulisk metallsk\u00e4romaskin\" class=\"wp-image-2915\" title=\"\" srcset=\"https:\/\/shuliybaler.com\/wp-content\/uploads\/2022\/11\/metal-shearing-equipment.webp 720w, https:\/\/shuliybaler.com\/wp-content\/uploads\/2022\/11\/metal-shearing-equipment-360x270.webp 360w, https:\/\/shuliybaler.com\/wp-content\/uploads\/2022\/11\/metal-shearing-equipment-180x135.webp 180w\" sizes=\"auto, (max-width: 720px) 100vw, 720px\" \/><figcaption class=\"wp-element-caption\">Vifaa vya Kukata Chuma vya Hydraulic<\/figcaption><\/figure>    <figure class=\"wp-block-image size-large\"><img loading=\"lazy\" decoding=\"async\" width=\"720\" height=\"540\" data-id=\"2912\" src=\"https:\/\/shuliybaler.com\/wp-content\/uploads\/2022\/11\/hydraulic-metal-shearing-equipment-1.webp\" alt=\"hydraulisk metallsk\u00e4romaskin\" class=\"wp-image-2912\" title=\"\" srcset=\"https:\/\/shuliybaler.com\/wp-content\/uploads\/2022\/11\/hydraulic-metal-shearing-equipment-1.webp 720w, https:\/\/shuliybaler.com\/wp-content\/uploads\/2022\/11\/hydraulic-metal-shearing-equipment-1-360x270.webp 360w, https:\/\/shuliybaler.com\/wp-content\/uploads\/2022\/11\/hydraulic-metal-shearing-equipment-1-180x135.webp 180w\" sizes=\"auto, (max-width: 720px) 100vw, 720px\" \/><figcaption class=\"wp-element-caption\">Vifaa vya Kukata Chuma vya Hydraulic<\/figcaption><\/figure> <\/figure>    <p>Ikilinganishwa na mashine ya kukata ya transmission ya mitambo, ina faida za ukubwa mdogo, uzito mwepesi, inertia ya chini, kelele ya chini, hatua thabiti, uendeshaji rahisi, kubadilika, sehemu kubwa ya kukata, na marekebisho rahisi ya makata. Ni salama kuendesha na kutumia, na rahisi kufanikisha ulinzi wa kupakia kupita kiasi.<\/p>","protected":false},"excerpt":{"rendered":"<p>Skrotpl\u00e5tsk\u00e4rmaskinen \u00e4r en typ av hydraulisk metallsk\u00e4romaskin. Utseendet liknar tigernas huvudet, s\u00e5 den kallas \u00e4ven tigerhuvudsk\u00e4rare. Tigerhuvudsk\u00e4rare har samma funktion som alligator-st\u00e5l sk\u00e4rare och \u00e4r l\u00e4mpliga f\u00f6r metall\u00e5tervinnings- och bearbetningsanl\u00e4ggningar, skrotbilaravvecklingsg\u00e5rdar, sm\u00e4lt- och gjutningsindustrier, samt kallsk\u00e4rning och sk\u00e4rning av olika former av st\u00e5l och olika metallmaterial.<\/p>","protected":false},"author":1,"featured_media":2907,"parent":0,"template":"","tags":[37],"product-type":[43],"class_list":["post-2905","product","type-product","status-publish","has-post-thumbnail","hentry","tag-scrap-metal-shear-machine","product-type-metal-shear"],"_links":{"self":[{"href":"https:\/\/shuliybaler.com\/sw\/wp-json\/wp\/v2\/product\/2905","targetHints":{"allow":["GET"]}}],"collection":[{"href":"https:\/\/shuliybaler.com\/sw\/wp-json\/wp\/v2\/product"}],"about":[{"href":"https:\/\/shuliybaler.com\/sw\/wp-json\/wp\/v2\/types\/product"}],"author":[{"embeddable":true,"href":"https:\/\/shuliybaler.com\/sw\/wp-json\/wp\/v2\/users\/1"}],"wp:featuredmedia":[{"embeddable":true,"href":"https:\/\/shuliybaler.com\/sw\/wp-json\/wp\/v2\/media\/2907"}],"wp:attachment":[{"href":"https:\/\/shuliybaler.com\/sw\/wp-json\/wp\/v2\/media?parent=2905"}],"wp:term":[{"taxonomy":"post_tag","embeddable":true,"href":"https:\/\/shuliybaler.com\/sw\/wp-json\/wp\/v2\/tags?post=2905"},{"taxonomy":"product-type","embeddable":true,"href":"https:\/\/shuliybaler.com\/sw\/wp-json\/wp\/v2\/product-type?post=2905"}],"curies":[{"name":"wp","href":"https:\/\/api.w.org\/{rel}","templated":true}]}}