{"id":3051,"date":"2023-01-06T11:14:47","date_gmt":"2023-01-06T03:14:47","guid":{"rendered":"https:\/\/shuliybaler.com\/?post_type=product&#038;p=3051"},"modified":"2025-02-08T15:25:15","modified_gmt":"2025-02-08T07:25:15","slug":"animal-bone-shredding-crusher-machine","status":"publish","type":"product","link":"https:\/\/shuliybaler.com\/sw\/product\/animal-bone-shredding-crusher-machine\/","title":{"rendered":"Mashine ya Kukata mifupa ya wanyama"},"content":{"rendered":"<p>Mashine ya kukata mifupa ya wanyama ni kifaa cha kukata mifupa magumu ya wanyama. Mashine inaweza kutumika katika maghala ya kuuza nyama na viwanda vya usindikaji wa vyakula. Kivunja mifupa ya wanyama kina ufanisi mkubwa wa kazi.<\/p>    <figure class=\"wp-block-gallery has-nested-images columns-default is-cropped wp-block-gallery-2 is-layout-flex wp-block-gallery-is-layout-flex\"> <figure class=\"wp-block-image size-large\"><img loading=\"lazy\" decoding=\"async\" width=\"720\" height=\"540\" data-id=\"3062\" src=\"https:\/\/shuliybaler.com\/wp-content\/uploads\/2023\/01\/bone-shredding-crusher.jpg\" alt=\"Kisaga cha mifupa\" class=\"wp-image-3062\" title=\"\" srcset=\"https:\/\/shuliybaler.com\/wp-content\/uploads\/2023\/01\/bone-shredding-crusher.jpg 720w, https:\/\/shuliybaler.com\/wp-content\/uploads\/2023\/01\/bone-shredding-crusher-360x270.jpg 360w, https:\/\/shuliybaler.com\/wp-content\/uploads\/2023\/01\/bone-shredding-crusher-180x135.jpg 180w\" sizes=\"auto, (max-width: 720px) 100vw, 720px\" \/><figcaption class=\"wp-element-caption\">Kivunja mifupa<\/figcaption><\/figure>    <figure class=\"wp-block-image size-large\"><img loading=\"lazy\" decoding=\"async\" width=\"720\" height=\"540\" data-id=\"3063\" src=\"https:\/\/shuliybaler.com\/wp-content\/uploads\/2023\/01\/bone-shredding-crusher-1.jpg\" alt=\"Kisaga cha mifupa\" class=\"wp-image-3063\" title=\"\" srcset=\"https:\/\/shuliybaler.com\/wp-content\/uploads\/2023\/01\/bone-shredding-crusher-1.jpg 720w, https:\/\/shuliybaler.com\/wp-content\/uploads\/2023\/01\/bone-shredding-crusher-1-360x270.jpg 360w, https:\/\/shuliybaler.com\/wp-content\/uploads\/2023\/01\/bone-shredding-crusher-1-180x135.jpg 180w\" sizes=\"auto, (max-width: 720px) 100vw, 720px\" \/><figcaption class=\"wp-element-caption\">Kivunja mifupa<\/figcaption><\/figure> <\/figure>    <h2 class=\"wp-block-heading\">Ni bidhaa gani zinazoweza kusindika na kivunja mifupa?  <\/h2>    <h3 class=\"wp-block-heading\">Kivunja mifupa huchakata mifupa na nyama<\/h3>    <figure class=\"wp-block-gallery has-nested-images columns-default is-cropped wp-block-gallery-3 is-layout-flex wp-block-gallery-is-layout-flex\"> <figure class=\"wp-block-image size-large\"><img loading=\"lazy\" decoding=\"async\" width=\"720\" height=\"540\" data-id=\"3053\" src=\"https:\/\/shuliybaler.com\/wp-content\/uploads\/2023\/01\/bones.jpg\" alt=\"mifupa \" class=\"wp-image-3053\" title=\"\" srcset=\"https:\/\/shuliybaler.com\/wp-content\/uploads\/2023\/01\/bones.jpg 720w, https:\/\/shuliybaler.com\/wp-content\/uploads\/2023\/01\/bones-360x270.jpg 360w, https:\/\/shuliybaler.com\/wp-content\/uploads\/2023\/01\/bones-180x135.jpg 180w\" sizes=\"auto, (max-width: 720px) 100vw, 720px\" \/><figcaption class=\"wp-element-caption\">Mifupa <\/figcaption><\/figure>    <figure class=\"wp-block-image size-large\"><img loading=\"lazy\" decoding=\"async\" width=\"720\" height=\"540\" data-id=\"3054\" src=\"https:\/\/shuliybaler.com\/wp-content\/uploads\/2023\/01\/beef-bone.jpg\" alt=\"Mifupa ya ng&#039;ombe\" class=\"wp-image-3054\" title=\"\" srcset=\"https:\/\/shuliybaler.com\/wp-content\/uploads\/2023\/01\/beef-bone.jpg 720w, https:\/\/shuliybaler.com\/wp-content\/uploads\/2023\/01\/beef-bone-360x270.jpg 360w, https:\/\/shuliybaler.com\/wp-content\/uploads\/2023\/01\/beef-bone-180x135.jpg 180w\" sizes=\"auto, (max-width: 720px) 100vw, 720px\" \/><figcaption class=\"wp-element-caption\">Kebo la nyama ya ng'ombe<\/figcaption><\/figure> <\/figure>    <p>Kivunja mifupa ya wanyama hawezi tu kukata mifupa bali pia kukata nyama iliyoganda na mbichi. Kivunja mifupa ya wanyama kinaweza kutumika kusindika chakula cha wanyama wa kipenzi. Aidha, kivunja mifupa ya wanyama pia kinaweza kutumika kutupa mifupa ya wanyama waliokufa, kwa mfano, wakati wa kuchoma, inachangia kuwasha na kuboresha ufanisi wa kuchoma.<\/p>    <h3 class=\"wp-block-heading\">Kivunja cha chuma<\/h3>    <p class=\"translation-block\">Kivunja hiki pia<a href=\"https:\/\/shuliybaler.com\/sw\/product\/scrap-metal-shredder-machine\/\" data-type=\"URL\" data-id=\"https:\/\/shuliybaler.com\/product\/scrap-metal-shredder-machine\/\"> kinaweza kukata bidhaa za chuma<\/a>, kama vile injini, baiskeli, mabomba ya chuma, n.k.<\/p>    <h2 class=\"wp-block-heading\">Ni matatizo gani yatakayojitokeza wakati mifupa ikivunjwa?<\/h2>   <div class=\"wp-block-image\"> <figure class=\"aligncenter size-full\"><img loading=\"lazy\" decoding=\"async\" width=\"720\" height=\"540\" src=\"https:\/\/shuliybaler.com\/wp-content\/uploads\/2023\/01\/bone-crusher.jpg\" alt=\"kivunja mifupa\" class=\"wp-image-3061\" title=\"\" srcset=\"https:\/\/shuliybaler.com\/wp-content\/uploads\/2023\/01\/bone-crusher.jpg 720w, https:\/\/shuliybaler.com\/wp-content\/uploads\/2023\/01\/bone-crusher-360x270.jpg 360w, https:\/\/shuliybaler.com\/wp-content\/uploads\/2023\/01\/bone-crusher-180x135.jpg 180w\" sizes=\"auto, (max-width: 720px) 100vw, 720px\" \/><figcaption class=\"wp-element-caption\">kivunja mifupa<\/figcaption><\/figure> <\/div>   <p class=\"translation-block\">Wakati mifupa ikivunjwa, inaweza kuwa kubwa sana kwa sababu ya ukubwa, kwa hivyo <a href=\"https:\/\/www.meatprocessingmachine.org\/products\/meat-cutting-machine\/\" data-type=\"URL\" data-id=\"https:\/\/www.meatprocessingmachine.org\/products\/meat-cutting-machine\/\" target=\"_blank\" rel=\"noopener\">mashine ya usindikaji wa nyama ya jumla<\/a> hawezi kuikata wakati inakatwa, au ikiwa inatumika, itasababisha uharibifu mkubwa kwa mashine na kupunguza maisha yake. Hata hivyo, kisu cha kivunja mifupa hiki kinatumia nyenzo sawa ya H13, kinachoweza kukata kazi za chuma na mifupa mikubwa kwa urahisi.<\/p>    <h2 class=\"wp-block-heading\">Faida ya mashine ya kukata mifupa ya wanyama<\/h2>    <figure class=\"wp-block-gallery has-nested-images columns-default is-cropped wp-block-gallery-4 is-layout-flex wp-block-gallery-is-layout-flex\"> <figure class=\"wp-block-image size-large\"><img loading=\"lazy\" decoding=\"async\" width=\"720\" height=\"540\" data-id=\"3055\" src=\"https:\/\/shuliybaler.com\/wp-content\/uploads\/2023\/01\/bone-shredding-crusher-machine.jpg\" alt=\"Kisaga cha mifupa\" class=\"wp-image-3055\" title=\"\" srcset=\"https:\/\/shuliybaler.com\/wp-content\/uploads\/2023\/01\/bone-shredding-crusher-machine.jpg 720w, https:\/\/shuliybaler.com\/wp-content\/uploads\/2023\/01\/bone-shredding-crusher-machine-360x270.jpg 360w, https:\/\/shuliybaler.com\/wp-content\/uploads\/2023\/01\/bone-shredding-crusher-machine-180x135.jpg 180w\" sizes=\"auto, (max-width: 720px) 100vw, 720px\" \/><figcaption class=\"wp-element-caption\">Kivunja Mifupa Mashine<\/figcaption><\/figure>    <figure class=\"wp-block-image size-large\"><img loading=\"lazy\" decoding=\"async\" width=\"720\" height=\"540\" data-id=\"3056\" src=\"https:\/\/shuliybaler.com\/wp-content\/uploads\/2023\/01\/bone-shredding-crusher-machine-knife.jpg\" alt=\"Kisu cha kusaga mifupa\" class=\"wp-image-3056\" title=\"\" srcset=\"https:\/\/shuliybaler.com\/wp-content\/uploads\/2023\/01\/bone-shredding-crusher-machine-knife.jpg 720w, https:\/\/shuliybaler.com\/wp-content\/uploads\/2023\/01\/bone-shredding-crusher-machine-knife-360x270.jpg 360w, https:\/\/shuliybaler.com\/wp-content\/uploads\/2023\/01\/bone-shredding-crusher-machine-knife-180x135.jpg 180w\" sizes=\"auto, (max-width: 720px) 100vw, 720px\" \/><figcaption class=\"wp-element-caption\">Kivunja Mifupa Mashine ya visu<\/figcaption><\/figure> <\/figure>    <p>Kasi ya chini na kelele ya chini<\/p>    <p>Uwezo mkubwa wa usindikaji na ukubwa wa pato vinaweza kudhibitiwa<\/p>    <p>Uwezo wa kufungia wa mashine ni mzuri, na nyenzo ya chuma cha pua ina upinzani mzuri wa kutu<\/p>    <p>Maelezo kamili yanasaidia kubina<\/p>    <h2 class=\"wp-block-heading\">Kipimo cha mashine ya kukata mifupa ya wanyama<\/h2>    <figure class=\"wp-block-gallery has-nested-images columns-2 is-cropped wp-block-gallery-5 is-layout-flex wp-block-gallery-is-layout-flex\"> <figure class=\"wp-block-image size-large\"><img loading=\"lazy\" decoding=\"async\" width=\"720\" height=\"540\" data-id=\"3057\" src=\"https:\/\/shuliybaler.com\/wp-content\/uploads\/2023\/01\/Animal-bone-shredding-crusher-machine-1.jpg\" alt=\"Mashine ya Kukata mifupa ya wanyama\" class=\"wp-image-3057\" title=\"\" srcset=\"https:\/\/shuliybaler.com\/wp-content\/uploads\/2023\/01\/Animal-bone-shredding-crusher-machine-1.jpg 720w, https:\/\/shuliybaler.com\/wp-content\/uploads\/2023\/01\/Animal-bone-shredding-crusher-machine-1-360x270.jpg 360w, https:\/\/shuliybaler.com\/wp-content\/uploads\/2023\/01\/Animal-bone-shredding-crusher-machine-1-180x135.jpg 180w\" sizes=\"auto, (max-width: 720px) 100vw, 720px\" \/><figcaption class=\"wp-element-caption\">Mashine ya kukata mifupa ya wanyama<\/figcaption><\/figure>    <figure class=\"wp-block-image size-large\"><img loading=\"lazy\" decoding=\"async\" width=\"720\" height=\"540\" data-id=\"3058\" src=\"https:\/\/shuliybaler.com\/wp-content\/uploads\/2023\/01\/Animal-bone-shredding-crusher-machine-2.jpg\" alt=\"Mashine ya Kukata mifupa ya wanyama\" class=\"wp-image-3058\" title=\"\" srcset=\"https:\/\/shuliybaler.com\/wp-content\/uploads\/2023\/01\/Animal-bone-shredding-crusher-machine-2.jpg 720w, https:\/\/shuliybaler.com\/wp-content\/uploads\/2023\/01\/Animal-bone-shredding-crusher-machine-2-360x270.jpg 360w, https:\/\/shuliybaler.com\/wp-content\/uploads\/2023\/01\/Animal-bone-shredding-crusher-machine-2-180x135.jpg 180w\" sizes=\"auto, (max-width: 720px) 100vw, 720px\" \/><figcaption class=\"wp-element-caption\">Mashine ya kukata mifupa ya wanyama <\/figcaption><\/figure>    <figure class=\"wp-block-image size-large\"><img loading=\"lazy\" decoding=\"async\" width=\"720\" height=\"540\" data-id=\"3059\" src=\"https:\/\/shuliybaler.com\/wp-content\/uploads\/2023\/01\/Animal-bone-shredding-crusher-machine-3.jpg\" alt=\"Mashine ya Kukata mifupa ya wanyama\" class=\"wp-image-3059\" title=\"\" srcset=\"https:\/\/shuliybaler.com\/wp-content\/uploads\/2023\/01\/Animal-bone-shredding-crusher-machine-3.jpg 720w, https:\/\/shuliybaler.com\/wp-content\/uploads\/2023\/01\/Animal-bone-shredding-crusher-machine-3-360x270.jpg 360w, https:\/\/shuliybaler.com\/wp-content\/uploads\/2023\/01\/Animal-bone-shredding-crusher-machine-3-180x135.jpg 180w\" sizes=\"auto, (max-width: 720px) 100vw, 720px\" \/><figcaption class=\"wp-element-caption\">Mashine ya kukata mifupa ya wanyama<\/figcaption><\/figure>    <figure class=\"wp-block-image size-large\"><img loading=\"lazy\" decoding=\"async\" width=\"720\" height=\"540\" data-id=\"3060\" src=\"https:\/\/shuliybaler.com\/wp-content\/uploads\/2023\/01\/Animal-bone-shredding-crusher-machine-4.jpg\" alt=\"Mashine ya Kukata mifupa ya wanyama\" class=\"wp-image-3060\" title=\"\" srcset=\"https:\/\/shuliybaler.com\/wp-content\/uploads\/2023\/01\/Animal-bone-shredding-crusher-machine-4.jpg 720w, https:\/\/shuliybaler.com\/wp-content\/uploads\/2023\/01\/Animal-bone-shredding-crusher-machine-4-360x270.jpg 360w, https:\/\/shuliybaler.com\/wp-content\/uploads\/2023\/01\/Animal-bone-shredding-crusher-machine-4-180x135.jpg 180w\" sizes=\"auto, (max-width: 720px) 100vw, 720px\" \/><figcaption class=\"wp-element-caption\">Mashine ya kukata mifupa ya wanyama<\/figcaption><\/figure> <\/figure>    <figure class=\"wp-block-table\"><table><tbody><tr><td>Jina<\/td><td>parameta<\/td><\/tr><tr><td>Kivunja<\/td><td>1200 nzito<\/td><\/tr><tr><td>Aina ya kukata<\/td><td>500mm<\/td><\/tr><tr><td>Unene wa kukata<\/td><td>60mm<\/td><\/tr><tr><td>Nambari ya meno ya kukata<\/td><td>7 meno<\/td><\/tr><tr><td>Urefu wa meno ya kukata<\/td><td>40-45mm<\/td><\/tr><tr><td>Kiwango cha gia<\/td><td>90:1<\/td><\/tr><tr><td>Mfano wa reducer<\/td><td>Aina ya Zsy450\u00d72 (nyuso ngumu za meno)<\/td><\/tr><tr><td>Nguvu ya injini<\/td><td>55kw\u00d72 (Kiwango cha 6)<\/td><\/tr><tr><td>Fremu<\/td><td>Mita 160\u00d7160 ya bomba la mraba<\/td><\/tr><tr><td>Kabati ya usambazaji<\/td><td>Kingo automatic ya kuzuia mzigo kupita na kurudi nyuma<\/td><\/tr><tr><td>Vipimo<\/td><td>3500\u00d71800\u00d71950<\/td><\/tr><tr><td>Msimbo wa kuingiza<\/td><td>Aina ya 600 \u00d7 6 mita<\/td><\/tr><tr><td>Separator ya sumaku ya kusimamishwa<\/td><td>Aina ya 600<\/td><\/tr><\/tbody><\/table><\/figure>","protected":false},"excerpt":{"rendered":"<p>N\u00e4r benet krossas kan det vara f\u00f6r stort p\u00e5 grund av storleken, s\u00e5 den allm\u00e4nna k\u00f6ttbearbetningsmaskinen kan inte hantera det n\u00e4r det krossas, eller om det anv\u00e4nds, kommer det att orsaka stora skador p\u00e5 maskinen och minska livsl\u00e4ngden. Men sk\u00e4raren av denna benkrossare anv\u00e4nder samma H13-material, kapabel att krossa metallarbete och stora ben med l\u00e4tthet.<\/p>","protected":false},"author":1,"featured_media":3052,"parent":0,"template":"","tags":[84,57],"product-type":[46],"class_list":["post-3051","product","type-product","status-publish","has-post-thumbnail","hentry","tag-shredder","tag-shredding-crusher-machine","product-type-metal-shredder"],"_links":{"self":[{"href":"https:\/\/shuliybaler.com\/sw\/wp-json\/wp\/v2\/product\/3051","targetHints":{"allow":["GET"]}}],"collection":[{"href":"https:\/\/shuliybaler.com\/sw\/wp-json\/wp\/v2\/product"}],"about":[{"href":"https:\/\/shuliybaler.com\/sw\/wp-json\/wp\/v2\/types\/product"}],"author":[{"embeddable":true,"href":"https:\/\/shuliybaler.com\/sw\/wp-json\/wp\/v2\/users\/1"}],"wp:featuredmedia":[{"embeddable":true,"href":"https:\/\/shuliybaler.com\/sw\/wp-json\/wp\/v2\/media\/3052"}],"wp:attachment":[{"href":"https:\/\/shuliybaler.com\/sw\/wp-json\/wp\/v2\/media?parent=3051"}],"wp:term":[{"taxonomy":"post_tag","embeddable":true,"href":"https:\/\/shuliybaler.com\/sw\/wp-json\/wp\/v2\/tags?post=3051"},{"taxonomy":"product-type","embeddable":true,"href":"https:\/\/shuliybaler.com\/sw\/wp-json\/wp\/v2\/product-type?post=3051"}],"curies":[{"name":"wp","href":"https:\/\/api.w.org\/{rel}","templated":true}]}}