{"id":3065,"date":"2023-01-09T16:51:01","date_gmt":"2023-01-09T08:51:01","guid":{"rendered":"https:\/\/shuliybaler.com\/?post_type=product&#038;p=3065"},"modified":"2023-01-09T17:10:55","modified_gmt":"2023-01-09T09:10:55","slug":"trash-compactor-machine","status":"publish","type":"product","link":"https:\/\/shuliybaler.com\/sw\/product\/trash-compactor-machine\/","title":{"rendered":"Mashine ya kusawazisha taka | mashine ya kusawazisha taka"},"content":{"rendered":"<p class=\"translation-block\">Avfallskompressormaskinen kallas ocks\u00e5 <a href=\"https:\/\/shuliybaler.com\/sw\/product\/scrap-metal-baler\/\" data-type=\"URL\" data-id=\"https:\/\/shuliybaler.com\/product\/scrap-metal-baler\/\">avfallspressen<\/a>, som pressar ut luft, v\u00e4tska och vatten genom extrudering, och minskar volymen av avfall genom kompression f\u00f6r att minska deponiutrymmet. <a href=\"https:\/\/shuliybaler.com\/sw\/product\/vertical-metal-baler\/\" data-type=\"URL\" data-id=\"https:\/\/shuliybaler.com\/product\/vertical-metal-baler\/\">Avfallskompressorer<\/a> har blivit viktiga bearbetningsutrustningar f\u00f6r milj\u00f6skydd.<\/p>   <div class=\"wp-block-image\"> <figure class=\"aligncenter size-full\"><img loading=\"lazy\" decoding=\"async\" width=\"720\" height=\"540\" src=\"https:\/\/shuliybaler.com\/wp-content\/uploads\/2023\/01\/Trash-compactor-machine-1.webp\" alt=\"Mashine ya kukandamiza taka\" class=\"wp-image-3067\" title=\"\" srcset=\"https:\/\/shuliybaler.com\/wp-content\/uploads\/2023\/01\/Trash-compactor-machine-1.webp 720w, https:\/\/shuliybaler.com\/wp-content\/uploads\/2023\/01\/Trash-compactor-machine-1-360x270.webp 360w, https:\/\/shuliybaler.com\/wp-content\/uploads\/2023\/01\/Trash-compactor-machine-1-180x135.webp 180w\" sizes=\"auto, (max-width: 720px) 100vw, 720px\" \/><figcaption class=\"wp-element-caption\">Mashine ya kukandamiza taka<\/figcaption><\/figure> <\/div>   <h2 class=\"wp-block-heading\">Vilka industrier anv\u00e4nds avfallskompressormaskiner i?<\/h2>    <p>Varje typ av f\u00f6retag genererar n\u00e5gon form av avfall som m\u00e5ste tas bort och dumpas. Storleken och arbetsbelastningen av ett f\u00f6retag \u00f6kar behovet av att anv\u00e4nda kompressorer.<\/p>    <figure class=\"wp-block-gallery has-nested-images columns-4 is-cropped wp-block-gallery-2 is-layout-flex wp-block-gallery-is-layout-flex\"> <figure class=\"wp-block-image size-large\"><img loading=\"lazy\" decoding=\"async\" width=\"720\" height=\"540\" data-id=\"3075\" src=\"https:\/\/shuliybaler.com\/wp-content\/uploads\/2023\/01\/waste-paper-packaging.webp\" alt=\"\" class=\"wp-image-3075\" title=\"\" srcset=\"https:\/\/shuliybaler.com\/wp-content\/uploads\/2023\/01\/waste-paper-packaging.webp 720w, https:\/\/shuliybaler.com\/wp-content\/uploads\/2023\/01\/waste-paper-packaging-360x270.webp 360w, https:\/\/shuliybaler.com\/wp-content\/uploads\/2023\/01\/waste-paper-packaging-180x135.webp 180w\" sizes=\"auto, (max-width: 720px) 100vw, 720px\" \/><figcaption class=\"wp-element-caption\">Kulaza majani<\/figcaption><\/figure>    <figure class=\"wp-block-image size-large\"><img loading=\"lazy\" decoding=\"async\" width=\"720\" height=\"540\" data-id=\"3076\" src=\"https:\/\/shuliybaler.com\/wp-content\/uploads\/2023\/01\/straw-baling.webp\" alt=\"halmpressning\" class=\"wp-image-3076\" title=\"\" srcset=\"https:\/\/shuliybaler.com\/wp-content\/uploads\/2023\/01\/straw-baling.webp 720w, https:\/\/shuliybaler.com\/wp-content\/uploads\/2023\/01\/straw-baling-360x270.webp 360w, https:\/\/shuliybaler.com\/wp-content\/uploads\/2023\/01\/straw-baling-180x135.webp 180w\" sizes=\"auto, (max-width: 720px) 100vw, 720px\" \/><figcaption class=\"wp-element-caption\">Kulaza majani<\/figcaption><\/figure>    <figure class=\"wp-block-image size-large\"><img loading=\"lazy\" decoding=\"async\" width=\"720\" height=\"540\" data-id=\"3077\" src=\"https:\/\/shuliybaler.com\/wp-content\/uploads\/2023\/01\/Corrugated-box-packaging.webp\" alt=\"F\u00f6rpackning av wellpapp\" class=\"wp-image-3077\" title=\"\" srcset=\"https:\/\/shuliybaler.com\/wp-content\/uploads\/2023\/01\/Corrugated-box-packaging.webp 720w, https:\/\/shuliybaler.com\/wp-content\/uploads\/2023\/01\/Corrugated-box-packaging-360x270.webp 360w, https:\/\/shuliybaler.com\/wp-content\/uploads\/2023\/01\/Corrugated-box-packaging-180x135.webp 180w\" sizes=\"auto, (max-width: 720px) 100vw, 720px\" \/><figcaption class=\"wp-element-caption\">F\u00f6rpackning av wellpapp<\/figcaption><\/figure>    <figure class=\"wp-block-image size-large\"><img loading=\"lazy\" decoding=\"async\" width=\"720\" height=\"540\" data-id=\"3078\" src=\"https:\/\/shuliybaler.com\/wp-content\/uploads\/2023\/01\/plastic-bottle-baling.webp\" alt=\"plastflaskpressning\" class=\"wp-image-3078\" title=\"\" srcset=\"https:\/\/shuliybaler.com\/wp-content\/uploads\/2023\/01\/plastic-bottle-baling.webp 720w, https:\/\/shuliybaler.com\/wp-content\/uploads\/2023\/01\/plastic-bottle-baling-360x270.webp 360w, https:\/\/shuliybaler.com\/wp-content\/uploads\/2023\/01\/plastic-bottle-baling-180x135.webp 180w\" sizes=\"auto, (max-width: 720px) 100vw, 720px\" \/><figcaption class=\"wp-element-caption\">Kuenka kwa Plastiki za Chupa<\/figcaption><\/figure> <\/figure>    <h3 class=\"wp-block-heading\">Restauranger och hotell<\/h3>    <p>Den mest utbredda anv\u00e4ndningen av kompressorer finns i en m\u00e4ngd olika detaljhandels-, restaurang- och hotellverksamheter som genererar avfall som str\u00e4cker sig fr\u00e5n f\u00f6rpackningsmaterial och l\u00e5dor till \u00f6verbliven mat. Det bl\u00f6ta avfallet lastas in i kompressorn, d\u00e4r huvudet krossar materialet till 75% mindre \u00e4n dess ursprungliga volym.<\/p>    <h3 class=\"wp-block-heading\">Medicinsk hygien<\/h3>    <p class=\"translation-block\">Det finns mycket avfall i <a href=\"https:\/\/en.wikipedia.org\/wiki\/Health_system\" data-type=\"URL\" data-id=\"https:\/\/en.wikipedia.org\/wiki\/Health_system\" target=\"_blank\" rel=\"noopener\">h\u00e4lso- och sjukv\u00e5rdssystemet<\/a>, men mycket av det kan inte bortskaffas ovarsamt, och medicinska avfallskompressorer \u00e4r utformade f\u00f6r att inkludera inneslutning, lagring och transport f\u00f6r att f\u00f6rhindra att avfall exponeras f\u00f6r allm\u00e4nheten. Avfallskompressorn kan samla dessa medicinska avfall, komprimera dem och paketera dem f\u00f6r enhetlig behandling.<\/p>    <h3 class=\"wp-block-heading\">Skola<\/h3>    <figure class=\"wp-block-gallery has-nested-images columns-default is-cropped wp-block-gallery-3 is-layout-flex wp-block-gallery-is-layout-flex\"> <figure class=\"wp-block-image size-large\"><img loading=\"lazy\" decoding=\"async\" width=\"720\" height=\"540\" data-id=\"3079\" src=\"https:\/\/shuliybaler.com\/wp-content\/uploads\/2023\/01\/after-baling.webp\" alt=\"efter pressning\" class=\"wp-image-3079\" title=\"\" srcset=\"https:\/\/shuliybaler.com\/wp-content\/uploads\/2023\/01\/after-baling.webp 720w, https:\/\/shuliybaler.com\/wp-content\/uploads\/2023\/01\/after-baling-360x270.webp 360w, https:\/\/shuliybaler.com\/wp-content\/uploads\/2023\/01\/after-baling-180x135.webp 180w\" sizes=\"auto, (max-width: 720px) 100vw, 720px\" \/><figcaption class=\"wp-element-caption\">Efter pressning<\/figcaption><\/figure>    <figure class=\"wp-block-image size-large\"><img loading=\"lazy\" decoding=\"async\" width=\"720\" height=\"540\" data-id=\"3082\" src=\"https:\/\/shuliybaler.com\/wp-content\/uploads\/2023\/01\/after-baling-3.webp\" alt=\"efter pressning\" class=\"wp-image-3082\" title=\"\" srcset=\"https:\/\/shuliybaler.com\/wp-content\/uploads\/2023\/01\/after-baling-3.webp 720w, https:\/\/shuliybaler.com\/wp-content\/uploads\/2023\/01\/after-baling-3-360x270.webp 360w, https:\/\/shuliybaler.com\/wp-content\/uploads\/2023\/01\/after-baling-3-180x135.webp 180w\" sizes=\"auto, (max-width: 720px) 100vw, 720px\" \/><figcaption class=\"wp-element-caption\">Efter pressning<\/figcaption><\/figure>    <figure class=\"wp-block-image size-large\"><img loading=\"lazy\" decoding=\"async\" width=\"720\" height=\"540\" data-id=\"3080\" src=\"https:\/\/shuliybaler.com\/wp-content\/uploads\/2023\/01\/after-baling-1.webp\" alt=\"efter pressning\" class=\"wp-image-3080\" title=\"\" srcset=\"https:\/\/shuliybaler.com\/wp-content\/uploads\/2023\/01\/after-baling-1.webp 720w, https:\/\/shuliybaler.com\/wp-content\/uploads\/2023\/01\/after-baling-1-360x270.webp 360w, https:\/\/shuliybaler.com\/wp-content\/uploads\/2023\/01\/after-baling-1-180x135.webp 180w\" sizes=\"auto, (max-width: 720px) 100vw, 720px\" \/><figcaption class=\"wp-element-caption\">Efter pressning<\/figcaption><\/figure>    <figure class=\"wp-block-image size-large\"><img loading=\"lazy\" decoding=\"async\" width=\"720\" height=\"540\" data-id=\"3081\" src=\"https:\/\/shuliybaler.com\/wp-content\/uploads\/2023\/01\/after-baling-2.webp\" alt=\"efter pressning\" class=\"wp-image-3081\" title=\"\" srcset=\"https:\/\/shuliybaler.com\/wp-content\/uploads\/2023\/01\/after-baling-2.webp 720w, https:\/\/shuliybaler.com\/wp-content\/uploads\/2023\/01\/after-baling-2-360x270.webp 360w, https:\/\/shuliybaler.com\/wp-content\/uploads\/2023\/01\/after-baling-2-180x135.webp 180w\" sizes=\"auto, (max-width: 720px) 100vw, 720px\" \/><figcaption class=\"wp-element-caption\">Efter pressning<\/figcaption><\/figure> <\/figure>    <p>Skolan har mycket avfallspapper, gamla bord, stolar, etc. som beh\u00f6ver \u00e5tervinnas och f\u00f6rpackas. Anv\u00e4ndningen av avfallspressar i skolor kan vara mycket anv\u00e4ndbar. S\u00e4rskilt kan en del papper \u00e5tervinnas, vilket \u00e4r f\u00f6rdelaktigt f\u00f6r milj\u00f6skydd.<\/p>    <h2 class=\"wp-block-heading\">F\u00f6rdelar med att anv\u00e4nda en avfallskompressormaskin<\/h2>    <figure class=\"wp-block-gallery has-nested-images columns-2 is-cropped wp-block-gallery-4 is-layout-flex wp-block-gallery-is-layout-flex\"> <figure class=\"wp-block-image size-large\"><img loading=\"lazy\" decoding=\"async\" width=\"720\" height=\"540\" data-id=\"3070\" src=\"https:\/\/shuliybaler.com\/wp-content\/uploads\/2023\/01\/Trash-compactor-machine-2.webp\" alt=\"Avfallskompressormaskin\" class=\"wp-image-3070\" title=\"\" srcset=\"https:\/\/shuliybaler.com\/wp-content\/uploads\/2023\/01\/Trash-compactor-machine-2.webp 720w, https:\/\/shuliybaler.com\/wp-content\/uploads\/2023\/01\/Trash-compactor-machine-2-360x270.webp 360w, https:\/\/shuliybaler.com\/wp-content\/uploads\/2023\/01\/Trash-compactor-machine-2-180x135.webp 180w\" sizes=\"auto, (max-width: 720px) 100vw, 720px\" \/><figcaption class=\"wp-element-caption\">Avfallskompressormaskin<\/figcaption><\/figure>    <figure class=\"wp-block-image size-large\"><img loading=\"lazy\" decoding=\"async\" width=\"720\" height=\"540\" data-id=\"3071\" src=\"https:\/\/shuliybaler.com\/wp-content\/uploads\/2023\/01\/Trash-compactor-machine-3.webp\" alt=\"Avfallskompressormaskin\" class=\"wp-image-3071\" title=\"\" srcset=\"https:\/\/shuliybaler.com\/wp-content\/uploads\/2023\/01\/Trash-compactor-machine-3.webp 720w, https:\/\/shuliybaler.com\/wp-content\/uploads\/2023\/01\/Trash-compactor-machine-3-360x270.webp 360w, https:\/\/shuliybaler.com\/wp-content\/uploads\/2023\/01\/Trash-compactor-machine-3-180x135.webp 180w\" sizes=\"auto, (max-width: 720px) 100vw, 720px\" \/><figcaption class=\"wp-element-caption\">Avfallskompressormaskin<\/figcaption><\/figure>    <figure class=\"wp-block-image size-large\"><img loading=\"lazy\" decoding=\"async\" width=\"720\" height=\"540\" data-id=\"3073\" src=\"https:\/\/shuliybaler.com\/wp-content\/uploads\/2023\/01\/Trash-compactor-machine-5.webp\" alt=\"Avfallskompressormaskin \" class=\"wp-image-3073\" title=\"\" srcset=\"https:\/\/shuliybaler.com\/wp-content\/uploads\/2023\/01\/Trash-compactor-machine-5.webp 720w, https:\/\/shuliybaler.com\/wp-content\/uploads\/2023\/01\/Trash-compactor-machine-5-360x270.webp 360w, https:\/\/shuliybaler.com\/wp-content\/uploads\/2023\/01\/Trash-compactor-machine-5-180x135.webp 180w\" sizes=\"auto, (max-width: 720px) 100vw, 720px\" \/><figcaption class=\"wp-element-caption\">Avfallskompressormaskin <\/figcaption><\/figure>    <figure class=\"wp-block-image size-large\"><img loading=\"lazy\" decoding=\"async\" width=\"720\" height=\"540\" data-id=\"3072\" src=\"https:\/\/shuliybaler.com\/wp-content\/uploads\/2023\/01\/Trash-compactor-machine-4.webp\" alt=\"Avfallskompressormaskinfabrik \" class=\"wp-image-3072\" title=\"\" srcset=\"https:\/\/shuliybaler.com\/wp-content\/uploads\/2023\/01\/Trash-compactor-machine-4.webp 720w, https:\/\/shuliybaler.com\/wp-content\/uploads\/2023\/01\/Trash-compactor-machine-4-360x270.webp 360w, https:\/\/shuliybaler.com\/wp-content\/uploads\/2023\/01\/Trash-compactor-machine-4-180x135.webp 180w\" sizes=\"auto, (max-width: 720px) 100vw, 720px\" \/><figcaption class=\"wp-element-caption\">Avfallskompressormaskinfabrik <\/figcaption><\/figure> <\/figure>    <h2 class=\"wp-block-heading\">Minska driftskostnaderna<\/h2>    <p>Korrekt hantering och kontroll av avfall kan minska driftskostnaderna. Komprimering av avfall, skr\u00e4p och skr\u00e4p minskar behovet av att samla skr\u00e4p, liksom behovet av beh\u00e5llare och k\u00e4rl f\u00f6r avfall.<\/p>    <h2 class=\"wp-block-heading\">F\u00f6rb\u00e4ttra avfallshanteringseffektiviteten<\/h2>    <p>Avfallshantering \u00e4r ett mycket stort projekt, och det tar l\u00e5ng tid att bortskaffa avfall. Efter att ha komprimerat volymen av avfall, kommer det att spara tid i hantering och transport.<\/p>    <h2 class=\"wp-block-heading\">\u00d6ka utrymmet<\/h2>   <div class=\"wp-block-image\"> <figure class=\"aligncenter size-full\"><img loading=\"lazy\" decoding=\"async\" width=\"720\" height=\"540\" src=\"https:\/\/shuliybaler.com\/wp-content\/uploads\/2023\/01\/garbage-baler-machine.webp\" alt=\"avfallspressmaskinavfallspressmaskin\" class=\"wp-image-3083\" title=\"\" srcset=\"https:\/\/shuliybaler.com\/wp-content\/uploads\/2023\/01\/garbage-baler-machine.webp 720w, https:\/\/shuliybaler.com\/wp-content\/uploads\/2023\/01\/garbage-baler-machine-360x270.webp 360w, https:\/\/shuliybaler.com\/wp-content\/uploads\/2023\/01\/garbage-baler-machine-180x135.webp 180w\" sizes=\"auto, (max-width: 720px) 100vw, 720px\" \/><figcaption class=\"wp-element-caption\">avfallspressmaskin<\/figcaption><\/figure> <\/div>   <p>Avfallskompressorer kan hantera skrymmande och utrymmeskr\u00e4vande avfall, vilket minskar f\u00f6retagets fotavtryck. Stora avfallstycken kan omvandlas till hanterbara sm\u00e5 kuber eller block, vilket g\u00f6r avfall l\u00e4ttare att hantera och tar upp mindre utrymme.<\/p>    <h2 class=\"wp-block-heading\">L\u00e4tt att anv\u00e4nda<\/h2>    <p>Installation och anv\u00e4ndning av kompressorn \u00e4r enkel, bekv\u00e4m och effektiv. Anv\u00e4ndaren beh\u00f6ver bara betj\u00e4na knappen, och vilken medlem av f\u00f6retagets personal som helst kan betj\u00e4na kompressorn under korrekt v\u00e4gledning.<\/p>    <h2 class=\"wp-block-heading\">Avfallskompressormaskin s\u00e4kerhet<\/h2>   <div class=\"wp-block-image\"> <figure class=\"aligncenter size-full\"><img loading=\"lazy\" decoding=\"async\" width=\"720\" height=\"540\" src=\"https:\/\/shuliybaler.com\/wp-content\/uploads\/2023\/01\/Trash-compactor-machine-6.webp\" alt=\"Avfallskompressormaskin \" class=\"wp-image-3074\" title=\"\" srcset=\"https:\/\/shuliybaler.com\/wp-content\/uploads\/2023\/01\/Trash-compactor-machine-6.webp 720w, https:\/\/shuliybaler.com\/wp-content\/uploads\/2023\/01\/Trash-compactor-machine-6-360x270.webp 360w, https:\/\/shuliybaler.com\/wp-content\/uploads\/2023\/01\/Trash-compactor-machine-6-180x135.webp 180w\" sizes=\"auto, (max-width: 720px) 100vw, 720px\" \/><figcaption class=\"wp-element-caption\">Avfallskompressormaskin <\/figcaption><\/figure> <\/div>   <p>Det avfall som har legat l\u00e4nge kommer att ha skadliga egenskaper. N\u00e4r bl\u00f6tt avfall till\u00e5ts lagras, ruttnar det och utvecklar en lukt, vilket kan vara skadligt och potentiellt farligt. Avfall och skr\u00e4p kan enkelt bortskaffas med en avfallskompressor som komprimerar luktande skr\u00e4p och f\u00f6rhindrar produktionen av stora m\u00e4ngder giftiga kemikalier.<\/p>    <h2 class=\"wp-block-heading\">Parametrar f\u00f6r avfallspressmaskin<\/h2>    <figure class=\"wp-block-table\"><table><tbody><tr><td>Mfano<\/td><td>Nominell kraft(kn)<\/td><td>kompressionskammare(mm)<\/td><td>Ukubwa wa block<br>(mm)<\/td><td>Blockdensitet(kg\/m 3 )<\/td><td>Kapacitet (kg\/h)<\/td><td>kraft(kW)<\/td><td>Bale Utsl\u00e4ppningsoperation<\/td><\/tr><tr><td>Y81-1600<\/td><td>1600<\/td><td>1600\u00d7 1000\u00d7800<\/td><td>300\u00d7300\u00d7(400-800)<\/td><td>\u22652000<\/td><td>2000KG\/H-3000KG\/H<\/td><td>22<\/td><td>Omst\u00e4llning, manuell ventiloperation<\/td><\/tr><\/tbody><\/table><figcaption class=\"wp-element-caption\">Parametrar f\u00f6r avfallspressmaskin<\/figcaption><\/figure>","protected":false},"excerpt":{"rendered":"<p>Avfallskompressormaskinen kallas ocks\u00e5 avfallspressen, som pressar ut luft, v\u00e4tska och vatten genom extrudering, och minskar volymen av avfall genom kompression f\u00f6r att minska deponiutrymmet. Avfallskompressorer har blivit viktiga bearbetningsutrustningar f\u00f6r milj\u00f6skydd.<\/p>","protected":false},"author":1,"featured_media":3066,"parent":0,"template":"","tags":[],"product-type":[41],"class_list":["post-3065","product","type-product","status-publish","has-post-thumbnail","hentry","product-type-metal-baler-machine"],"_links":{"self":[{"href":"https:\/\/shuliybaler.com\/sw\/wp-json\/wp\/v2\/product\/3065","targetHints":{"allow":["GET"]}}],"collection":[{"href":"https:\/\/shuliybaler.com\/sw\/wp-json\/wp\/v2\/product"}],"about":[{"href":"https:\/\/shuliybaler.com\/sw\/wp-json\/wp\/v2\/types\/product"}],"author":[{"embeddable":true,"href":"https:\/\/shuliybaler.com\/sw\/wp-json\/wp\/v2\/users\/1"}],"wp:featuredmedia":[{"embeddable":true,"href":"https:\/\/shuliybaler.com\/sw\/wp-json\/wp\/v2\/media\/3066"}],"wp:attachment":[{"href":"https:\/\/shuliybaler.com\/sw\/wp-json\/wp\/v2\/media?parent=3065"}],"wp:term":[{"taxonomy":"post_tag","embeddable":true,"href":"https:\/\/shuliybaler.com\/sw\/wp-json\/wp\/v2\/tags?post=3065"},{"taxonomy":"product-type","embeddable":true,"href":"https:\/\/shuliybaler.com\/sw\/wp-json\/wp\/v2\/product-type?post=3065"}],"curies":[{"name":"wp","href":"https:\/\/api.w.org\/{rel}","templated":true}]}}