{"id":3091,"date":"2023-01-17T16:45:15","date_gmt":"2023-01-17T08:45:15","guid":{"rendered":"https:\/\/shuliybaler.com\/?post_type=product&#038;p=3091"},"modified":"2023-01-18T09:01:05","modified_gmt":"2023-01-18T01:01:05","slug":"used-clothes-baling-machine","status":"publish","type":"product","link":"https:\/\/shuliybaler.com\/sw\/product\/used-clothes-baling-machine\/","title":{"rendered":"Mashine ya kubana nguo zilizotumika"},"content":{"rendered":"<p>Kl\u00e4despressmaskinen anv\u00e4nds f\u00f6r att packa och komprimera l\u00f6sa material som gamla kl\u00e4der, bomull, kl\u00e4der, bomullstr\u00e5dar, etc. Pressen pressar ut luckorna i kl\u00e4derna f\u00f6r att minska det omr\u00e5de som kl\u00e4derna upptar. Kl\u00e4despressar anv\u00e4nds vanligtvis f\u00f6r att \u00e5tervinna anv\u00e4nda kl\u00e4der och skor, vilket kan spara 80% av utrymmet efter komprimering. Pressar \u00e4r popul\u00e4ra maskiner inom milj\u00f6- och \u00e5tervinningsindustrin.<\/p>    <h2 class=\"wp-block-heading\">Tv\u00e5 typer av kl\u00e4despackningsmaskin<\/h2>    <figure class=\"wp-block-gallery has-nested-images columns-default is-cropped wp-block-gallery-2 is-layout-flex wp-block-gallery-is-layout-flex\"> <figure class=\"wp-block-image size-large\"><img loading=\"lazy\" decoding=\"async\" width=\"720\" height=\"540\" data-id=\"3094\" src=\"https:\/\/shuliybaler.com\/wp-content\/uploads\/2023\/01\/Horizontal-clothes-baling-machine.webp\" alt=\"Horisontell kl\u00e4despressmaskin\" class=\"wp-image-3094\" title=\"\" srcset=\"https:\/\/shuliybaler.com\/wp-content\/uploads\/2023\/01\/Horizontal-clothes-baling-machine.webp 720w, https:\/\/shuliybaler.com\/wp-content\/uploads\/2023\/01\/Horizontal-clothes-baling-machine-360x270.webp 360w, https:\/\/shuliybaler.com\/wp-content\/uploads\/2023\/01\/Horizontal-clothes-baling-machine-180x135.webp 180w\" sizes=\"auto, (max-width: 720px) 100vw, 720px\" \/><figcaption class=\"wp-element-caption\">Horisontell kl\u00e4despressmaskin<\/figcaption><\/figure>    <figure class=\"wp-block-image size-large\"><img loading=\"lazy\" decoding=\"async\" width=\"720\" height=\"540\" data-id=\"3093\" src=\"https:\/\/shuliybaler.com\/wp-content\/uploads\/2023\/01\/Vertical-clothes-baling-machine.webp\" alt=\"Vertikal kl\u00e4despressmaskin\" class=\"wp-image-3093\" title=\"\" srcset=\"https:\/\/shuliybaler.com\/wp-content\/uploads\/2023\/01\/Vertical-clothes-baling-machine.webp 720w, https:\/\/shuliybaler.com\/wp-content\/uploads\/2023\/01\/Vertical-clothes-baling-machine-360x270.webp 360w, https:\/\/shuliybaler.com\/wp-content\/uploads\/2023\/01\/Vertical-clothes-baling-machine-180x135.webp 180w\" sizes=\"auto, (max-width: 720px) 100vw, 720px\" \/><figcaption class=\"wp-element-caption\">Vertikal kl\u00e4despressmaskin<\/figcaption><\/figure> <\/figure>    <h3 class=\"wp-block-heading\">Vertikal kl\u00e4despressmaskin<\/h3>    <p class=\"translation-block\">Den <a href=\"https:\/\/shuliybaler.com\/sw\/product\/vertical-metal-baler\/\" data-type=\"URL\" data-id=\"https:\/\/shuliybaler.com\/product\/vertical-metal-baler\/\">vertikala pressen<\/a> \u00e4r en liten kl\u00e4despress, som kan l\u00e4gga avfallskl\u00e4der i tr\u00e5get, och sedan kan den hydrauliska pressen komprimera kl\u00e4derna.<\/p>    <h4 class=\"wp-block-heading\">Parametrar f\u00f6r vertikal press<\/h4>   <div class=\"wp-block-image\"> <figure class=\"aligncenter size-full\"><img loading=\"lazy\" decoding=\"async\" width=\"720\" height=\"540\" src=\"https:\/\/shuliybaler.com\/wp-content\/uploads\/2023\/01\/Vertical-balers.webp\" alt=\"Vertikala pressar\" class=\"wp-image-3095\" title=\"\" srcset=\"https:\/\/shuliybaler.com\/wp-content\/uploads\/2023\/01\/Vertical-balers.webp 720w, https:\/\/shuliybaler.com\/wp-content\/uploads\/2023\/01\/Vertical-balers-360x270.webp 360w, https:\/\/shuliybaler.com\/wp-content\/uploads\/2023\/01\/Vertical-balers-180x135.webp 180w\" sizes=\"auto, (max-width: 720px) 100vw, 720px\" \/><figcaption class=\"wp-element-caption\">Vertikala pressar<\/figcaption><\/figure> <\/div>   <figure class=\"wp-block-table\"><table><tbody><tr><td>Mfano<\/td><td>SL-10T<\/td><td>SL-20T<\/td><td>SL-30T<\/td><td>SL-60T<\/td><td>SL-80T<\/td><\/tr><tr><td>Effekt (kW)<\/td><td>5.5<\/td><td>7.5<\/td><td>11<\/td><td>15<\/td><td>17<\/td><\/tr><tr><td>paket\uff08mm\uff09<\/td><td>800*400*800<\/td><td>800*400*800<\/td><td>800*400*600<\/td><td>1150*750*1000<\/td><td>1150*750*1000<\/td><\/tr><tr><td>tryck\uff08mm\uff09<\/td><td>1000<\/td><td>1000<\/td><td>1000<\/td><td>1100<\/td><td>1100<\/td><\/tr><tr><td>Urefu\uff08mm\uff09<\/td><td>1400*700*2900<\/td><td>1400*700*2950<\/td><td>1450*800*2950<\/td><td>1700*1000*3200<\/td><td>1800*1000*3200<\/td><\/tr><tr><td>Silinda ya Mafuta<\/td><td>125<\/td><td>160<\/td><td>160<\/td><td>160<\/td><td>180<\/td><\/tr><tr><td>Pressningshastighet(p\/min)<\/td><td>8-10<\/td><td>8-10<\/td><td>8-10<\/td><td>6-10<\/td><td>6-10<\/td><\/tr><tr><td>Uzito\uff08kg\uff09<\/td><td>400<\/td><td>850<\/td><td>950<\/td><td>1600<\/td><td>2000<\/td><\/tr><\/tbody><\/table><figcaption class=\"wp-element-caption\">Parametrar f\u00f6r vertikal press<\/figcaption><\/figure>    <h3 class=\"wp-block-heading\">Horisontell kl\u00e4despressmaskin<\/h3>    <figure class=\"wp-block-gallery has-nested-images columns-default is-cropped wp-block-gallery-3 is-layout-flex wp-block-gallery-is-layout-flex\"> <figure class=\"wp-block-image size-large\"><img loading=\"lazy\" decoding=\"async\" width=\"720\" height=\"540\" data-id=\"3097\" src=\"https:\/\/shuliybaler.com\/wp-content\/uploads\/2023\/01\/Automatic-horizontal-baler.webp\" alt=\"Automatisk horisontell press\" class=\"wp-image-3097\" title=\"\" srcset=\"https:\/\/shuliybaler.com\/wp-content\/uploads\/2023\/01\/Automatic-horizontal-baler.webp 720w, https:\/\/shuliybaler.com\/wp-content\/uploads\/2023\/01\/Automatic-horizontal-baler-360x270.webp 360w, https:\/\/shuliybaler.com\/wp-content\/uploads\/2023\/01\/Automatic-horizontal-baler-180x135.webp 180w\" sizes=\"auto, (max-width: 720px) 100vw, 720px\" \/><figcaption class=\"wp-element-caption\">Automatisk horisontell press<\/figcaption><\/figure>    <figure class=\"wp-block-image size-large\"><img loading=\"lazy\" decoding=\"async\" width=\"720\" height=\"540\" data-id=\"3096\" src=\"https:\/\/shuliybaler.com\/wp-content\/uploads\/2023\/01\/Automatic-horizontal-baler-conveyor-belt.webp\" alt=\"Automatisk horisontell press transportband\" class=\"wp-image-3096\" title=\"\" srcset=\"https:\/\/shuliybaler.com\/wp-content\/uploads\/2023\/01\/Automatic-horizontal-baler-conveyor-belt.webp 720w, https:\/\/shuliybaler.com\/wp-content\/uploads\/2023\/01\/Automatic-horizontal-baler-conveyor-belt-360x270.webp 360w, https:\/\/shuliybaler.com\/wp-content\/uploads\/2023\/01\/Automatic-horizontal-baler-conveyor-belt-180x135.webp 180w\" sizes=\"auto, (max-width: 720px) 100vw, 720px\" \/><figcaption class=\"wp-element-caption\">Automatisk horisontell press transportband<\/figcaption><\/figure> <\/figure>    <p class=\"translation-block\">Den <a href=\"https:\/\/shuliybaler.com\/sw\/product\/waste-paper-baler-machine\/\" data-type=\"URL\" data-id=\"https:\/\/shuliybaler.com\/product\/waste-paper-baler-machine\/\">horisontella pressen<\/a> \u00e4r en st\u00f6rre typ av press, l\u00e4mplig f\u00f6r helt automatisk produktion, och kan anv\u00e4ndas i samband med transportbandet f\u00f6r att direkt l\u00e4gga begagnade kl\u00e4der p\u00e5 transportbandet, och sedan transportera dem till den horisontella kl\u00e4despressen f\u00f6r f\u00f6rpackning och komprimering.<\/p>    <h4 class=\"wp-block-heading\">Parametrar f\u00f6r horisontell press<\/h4>    <figure class=\"wp-block-gallery has-nested-images columns-2 is-cropped wp-block-gallery-4 is-layout-flex wp-block-gallery-is-layout-flex\"> <figure class=\"wp-block-image size-large\"><img loading=\"lazy\" decoding=\"async\" width=\"720\" height=\"540\" data-id=\"3098\" src=\"https:\/\/shuliybaler.com\/wp-content\/uploads\/2023\/01\/Horizontal-baler-parameters.webp\" alt=\"Baler ya mwelekeo wa mlalo \" class=\"wp-image-3098\" title=\"\" srcset=\"https:\/\/shuliybaler.com\/wp-content\/uploads\/2023\/01\/Horizontal-baler-parameters.webp 720w, https:\/\/shuliybaler.com\/wp-content\/uploads\/2023\/01\/Horizontal-baler-parameters-360x270.webp 360w, https:\/\/shuliybaler.com\/wp-content\/uploads\/2023\/01\/Horizontal-baler-parameters-180x135.webp 180w\" sizes=\"auto, (max-width: 720px) 100vw, 720px\" \/><figcaption class=\"wp-element-caption\">Horisontell press <\/figcaption><\/figure>    <figure class=\"wp-block-image size-large\"><img loading=\"lazy\" decoding=\"async\" width=\"720\" height=\"540\" data-id=\"3099\" src=\"https:\/\/shuliybaler.com\/wp-content\/uploads\/2023\/01\/Horizontal-baler-parameters-1.webp\" alt=\"Baler ya mwelekeo wa mlalo \" class=\"wp-image-3099\" title=\"\" srcset=\"https:\/\/shuliybaler.com\/wp-content\/uploads\/2023\/01\/Horizontal-baler-parameters-1.webp 720w, https:\/\/shuliybaler.com\/wp-content\/uploads\/2023\/01\/Horizontal-baler-parameters-1-360x270.webp 360w, https:\/\/shuliybaler.com\/wp-content\/uploads\/2023\/01\/Horizontal-baler-parameters-1-180x135.webp 180w\" sizes=\"auto, (max-width: 720px) 100vw, 720px\" \/><figcaption class=\"wp-element-caption\">Horisontell press <\/figcaption><\/figure>    <figure class=\"wp-block-image size-large\"><img loading=\"lazy\" decoding=\"async\" width=\"720\" height=\"540\" data-id=\"3101\" src=\"https:\/\/shuliybaler.com\/wp-content\/uploads\/2023\/01\/Horizontal-baler-parameters-3.webp\" alt=\"Baler ya mwelekeo wa mlalo \" class=\"wp-image-3101\" title=\"\" srcset=\"https:\/\/shuliybaler.com\/wp-content\/uploads\/2023\/01\/Horizontal-baler-parameters-3.webp 720w, https:\/\/shuliybaler.com\/wp-content\/uploads\/2023\/01\/Horizontal-baler-parameters-3-360x270.webp 360w, https:\/\/shuliybaler.com\/wp-content\/uploads\/2023\/01\/Horizontal-baler-parameters-3-180x135.webp 180w\" sizes=\"auto, (max-width: 720px) 100vw, 720px\" \/><figcaption class=\"wp-element-caption\">Horisontell press <\/figcaption><\/figure>    <figure class=\"wp-block-image size-large\"><img loading=\"lazy\" decoding=\"async\" width=\"720\" height=\"540\" data-id=\"3100\" src=\"https:\/\/shuliybaler.com\/wp-content\/uploads\/2023\/01\/Horizontal-baler-parameters-2.webp\" alt=\"Baler ya mwelekeo wa mlalo \" class=\"wp-image-3100\" title=\"\" srcset=\"https:\/\/shuliybaler.com\/wp-content\/uploads\/2023\/01\/Horizontal-baler-parameters-2.webp 720w, https:\/\/shuliybaler.com\/wp-content\/uploads\/2023\/01\/Horizontal-baler-parameters-2-360x270.webp 360w, https:\/\/shuliybaler.com\/wp-content\/uploads\/2023\/01\/Horizontal-baler-parameters-2-180x135.webp 180w\" sizes=\"auto, (max-width: 720px) 100vw, 720px\" \/><figcaption class=\"wp-element-caption\">Horisontell press <\/figcaption><\/figure> <\/figure>    <figure class=\"wp-block-table\"><table><tbody><tr><td>MODELL<\/td><td>ZW-B<\/td><\/tr><tr><td>Max. yttre diameter av d\u00e4cket<\/td><td>750mm<\/td><\/tr><tr><td>Den minimi inre diametern av d\u00e4cket<\/td><td>300mm<\/td><\/tr><tr><td>Maximal d\u00e4ckbredd<\/td><td>280mm<\/td><\/tr><tr><td>Maximal diameter av p\u00e5sen&nbsp;<\/td><td>200mm<\/td><\/tr><tr><td>Packtejpens bredd&nbsp;<\/td><td>40-70mm<\/td><\/tr><tr><td>Str\u00f6mf\u00f6rs\u00f6rjningens sp\u00e4nning&nbsp;<\/td><td>380v<\/td><\/tr><tr><td>Arbetshastighet&nbsp;<\/td><td>20-30sek\/strip<\/td><\/tr><tr><td>Mfano<\/td><td>LZW-3H<\/td><\/tr><tr><td>Packning av d\u00e4ck inre diameteromr\u00e5de&nbsp;<\/td><td>305-510mm<\/td><\/tr><tr><td>Packning av d\u00e4ckbredd&nbsp;<\/td><td>150-280mm<\/td><\/tr><tr><td>Packning av d\u00e4ckens yttre diameter&nbsp;<\/td><td>750mm<\/td><\/tr><tr><td>F\u00f6rpackningsmaterial&nbsp;<\/td><td>Packtejp, kompositpapperstejp, str\u00e4ckt film<\/td><\/tr><tr><td>Packtejpens bredd&nbsp;<\/td><td>60-80mm<\/td><\/tr><tr><td>Packtejpens yttre diameter&nbsp;<\/td><td>200mm\uff08maximalt\uff09<\/td><\/tr><tr><td>Rullh\u00f6jd&nbsp;<\/td><td>360mm<\/td><\/tr><tr><td>Lager rulle&nbsp;<\/td><td>200kg<\/td><\/tr><tr><td>\u00d6verlappar av f\u00f6rpackningstejp&nbsp;<\/td><td>30%-70%<\/td><\/tr><tr><td>Produktivitet<\/td><td>750\/R20<\/td><\/tr><\/tbody><\/table><figcaption class=\"wp-element-caption\">Parametrar f\u00f6r horisontell press<\/figcaption><\/figure>    <h2 class=\"wp-block-heading\">Vilka material kan bearbetas av kl\u00e4despressmaskinen<\/h2>    <figure class=\"wp-block-gallery has-nested-images columns-default is-cropped wp-block-gallery-5 is-layout-flex wp-block-gallery-is-layout-flex\"> <figure class=\"wp-block-image size-large\"><img loading=\"lazy\" decoding=\"async\" width=\"720\" height=\"540\" data-id=\"3102\" src=\"https:\/\/shuliybaler.com\/wp-content\/uploads\/2023\/01\/clothes-baling-machine.webp\" alt=\"kl\u00e4despressmaskin\" class=\"wp-image-3102\" title=\"\" srcset=\"https:\/\/shuliybaler.com\/wp-content\/uploads\/2023\/01\/clothes-baling-machine.webp 720w, https:\/\/shuliybaler.com\/wp-content\/uploads\/2023\/01\/clothes-baling-machine-360x270.webp 360w, https:\/\/shuliybaler.com\/wp-content\/uploads\/2023\/01\/clothes-baling-machine-180x135.webp 180w\" sizes=\"auto, (max-width: 720px) 100vw, 720px\" \/><figcaption class=\"wp-element-caption\">Kl\u00e4despressmaskin<\/figcaption><\/figure>    <figure class=\"wp-block-image size-large\"><img loading=\"lazy\" decoding=\"async\" width=\"720\" height=\"540\" data-id=\"3103\" src=\"https:\/\/shuliybaler.com\/wp-content\/uploads\/2023\/01\/clothes-baling-machine-1.webp\" alt=\"kl\u00e4despressmaskin\" class=\"wp-image-3103\" title=\"\" srcset=\"https:\/\/shuliybaler.com\/wp-content\/uploads\/2023\/01\/clothes-baling-machine-1.webp 720w, https:\/\/shuliybaler.com\/wp-content\/uploads\/2023\/01\/clothes-baling-machine-1-360x270.webp 360w, https:\/\/shuliybaler.com\/wp-content\/uploads\/2023\/01\/clothes-baling-machine-1-180x135.webp 180w\" sizes=\"auto, (max-width: 720px) 100vw, 720px\" \/><figcaption class=\"wp-element-caption\">Kl\u00e4despressmaskin<\/figcaption><\/figure> <\/figure>    <p class=\"translation-block\">De material som kan packas av pressen inkluderar <a href=\"https:\/\/en.wikipedia.org\/wiki\/Cotton\" data-type=\"URL\" data-id=\"https:\/\/en.wikipedia.org\/wiki\/Cotton\" target=\"_blank\" rel=\"noopener\">bomull<\/a>, \u00e5tervinningsbart skr\u00e4p, avfallspapper, <a href=\"https:\/\/en.wikipedia.org\/wiki\/Scrap\" data-type=\"URL\" data-id=\"https:\/\/en.wikipedia.org\/wiki\/Scrap\" target=\"_blank\" rel=\"noopener\">skrotmetall<\/a>, plastflaskor, burkar, plastp\u00e5sar, etc., s\u00e4rskilt f\u00f6r vissa produkter med stora luckor och stora utrymmen, kommer effekten att vara mer betydande.<\/p>    <h2 class=\"wp-block-heading\">Varf\u00f6r anv\u00e4nda en kl\u00e4despressmaskin?<\/h2>    <figure class=\"wp-block-gallery has-nested-images columns-default is-cropped wp-block-gallery-6 is-layout-flex wp-block-gallery-is-layout-flex\"> <figure class=\"wp-block-image size-large\"><img loading=\"lazy\" decoding=\"async\" width=\"720\" height=\"540\" data-id=\"3108\" src=\"https:\/\/shuliybaler.com\/wp-content\/uploads\/2023\/01\/clothes-baling-3.webp\" alt=\"kl\u00e4despressning\" class=\"wp-image-3108\" title=\"\" srcset=\"https:\/\/shuliybaler.com\/wp-content\/uploads\/2023\/01\/clothes-baling-3.webp 720w, https:\/\/shuliybaler.com\/wp-content\/uploads\/2023\/01\/clothes-baling-3-360x270.webp 360w, https:\/\/shuliybaler.com\/wp-content\/uploads\/2023\/01\/clothes-baling-3-180x135.webp 180w\" sizes=\"auto, (max-width: 720px) 100vw, 720px\" \/><figcaption class=\"wp-element-caption\">Kl\u00e4despressning<\/figcaption><\/figure>    <figure class=\"wp-block-image size-large\"><img loading=\"lazy\" decoding=\"async\" width=\"720\" height=\"540\" data-id=\"3104\" src=\"https:\/\/shuliybaler.com\/wp-content\/uploads\/2023\/01\/clothes-baling.webp\" alt=\"kl\u00e4despressning\" class=\"wp-image-3104\" title=\"\" srcset=\"https:\/\/shuliybaler.com\/wp-content\/uploads\/2023\/01\/clothes-baling.webp 720w, https:\/\/shuliybaler.com\/wp-content\/uploads\/2023\/01\/clothes-baling-360x270.webp 360w, https:\/\/shuliybaler.com\/wp-content\/uploads\/2023\/01\/clothes-baling-180x135.webp 180w\" sizes=\"auto, (max-width: 720px) 100vw, 720px\" \/><figcaption class=\"wp-element-caption\">Kl\u00e4despressning<\/figcaption><\/figure>    <figure class=\"wp-block-image size-large\"><img loading=\"lazy\" decoding=\"async\" width=\"720\" height=\"540\" data-id=\"3105\" src=\"https:\/\/shuliybaler.com\/wp-content\/uploads\/2023\/01\/clothes-baling-1.webp\" alt=\"kl\u00e4despressning\" class=\"wp-image-3105\" title=\"\" srcset=\"https:\/\/shuliybaler.com\/wp-content\/uploads\/2023\/01\/clothes-baling-1.webp 720w, https:\/\/shuliybaler.com\/wp-content\/uploads\/2023\/01\/clothes-baling-1-360x270.webp 360w, https:\/\/shuliybaler.com\/wp-content\/uploads\/2023\/01\/clothes-baling-1-180x135.webp 180w\" sizes=\"auto, (max-width: 720px) 100vw, 720px\" \/><figcaption class=\"wp-element-caption\">Kl\u00e4despressning<\/figcaption><\/figure> <\/figure>    <ol class=\"wp-block-list\"> <li>Minska materialhanteringsvolymen och f\u00f6rb\u00e4ttra transporteffektiviteten<\/li>    <li>Besparingar fr\u00e5n att undvika materialbortskaffande<\/li>    <li>Generera int\u00e4kter fr\u00e5n f\u00f6rs\u00e4ljning av f\u00f6rpackningsmaterial<\/li>    <li>M\u00f6ta eller \u00f6vertr\u00e4ffa branschnormer f\u00f6r att maximera produktv\u00e4rdet<\/li> <\/ol>    <figure class=\"wp-block-embed is-type-video is-provider-youtube wp-block-embed-youtube wp-embed-aspect-16-9 wp-has-aspect-ratio\"><div class=\"wp-block-embed__wrapper\"> <iframe loading=\"lazy\" title=\"Tv\u00e5 typer av begagnade kl\u00e4despressmaskiner | vertikal kl\u00e4despress | horisontell kl\u00e4despress\" width=\"500\" height=\"281\" src=\"https:\/\/www.youtube.com\/embed\/UJUC6do1EKU?feature=oembed\" frameborder=\"0\" allow=\"accelerometer; autoplay; clipboard-write; encrypted-media; gyroscope; picture-in-picture; web-share\" referrerpolicy=\"strict-origin-when-cross-origin\" allowfullscreen><\/iframe> <\/div><figcaption class=\"wp-element-caption\">kl\u00e4despressmaskin<\/figcaption><\/figure>","protected":false},"excerpt":{"rendered":"<p>Kl\u00e4despressmaskinen anv\u00e4nds f\u00f6r att packa och komprimera l\u00f6sa material som gamla kl\u00e4der, bomull, kl\u00e4der, bomullstr\u00e5dar, etc. Pressen pressar ut luckorna i kl\u00e4derna f\u00f6r att minska det omr\u00e5de som kl\u00e4derna upptar. Kl\u00e4despressar anv\u00e4nds vanligtvis f\u00f6r att \u00e5tervinna anv\u00e4nda kl\u00e4der och skor, vilket kan spara 80% av utrymmet efter komprimering. Pressar \u00e4r popul\u00e4ra maskiner inom milj\u00f6- och \u00e5tervinningsindustrin.<\/p>","protected":false},"author":1,"featured_media":3092,"parent":0,"template":"","tags":[59],"product-type":[41],"class_list":["post-3091","product","type-product","status-publish","has-post-thumbnail","hentry","tag-used-clothes-baling-machine","product-type-metal-baler-machine"],"_links":{"self":[{"href":"https:\/\/shuliybaler.com\/sw\/wp-json\/wp\/v2\/product\/3091","targetHints":{"allow":["GET"]}}],"collection":[{"href":"https:\/\/shuliybaler.com\/sw\/wp-json\/wp\/v2\/product"}],"about":[{"href":"https:\/\/shuliybaler.com\/sw\/wp-json\/wp\/v2\/types\/product"}],"author":[{"embeddable":true,"href":"https:\/\/shuliybaler.com\/sw\/wp-json\/wp\/v2\/users\/1"}],"wp:featuredmedia":[{"embeddable":true,"href":"https:\/\/shuliybaler.com\/sw\/wp-json\/wp\/v2\/media\/3092"}],"wp:attachment":[{"href":"https:\/\/shuliybaler.com\/sw\/wp-json\/wp\/v2\/media?parent=3091"}],"wp:term":[{"taxonomy":"post_tag","embeddable":true,"href":"https:\/\/shuliybaler.com\/sw\/wp-json\/wp\/v2\/tags?post=3091"},{"taxonomy":"product-type","embeddable":true,"href":"https:\/\/shuliybaler.com\/sw\/wp-json\/wp\/v2\/product-type?post=3091"}],"curies":[{"name":"wp","href":"https:\/\/api.w.org\/{rel}","templated":true}]}}