{"id":3150,"date":"2023-03-22T16:47:23","date_gmt":"2023-03-22T08:47:23","guid":{"rendered":"https:\/\/shuliybaler.com\/?post_type=product&#038;p=3150"},"modified":"2024-01-18T17:44:05","modified_gmt":"2024-01-18T09:44:05","slug":"scrap-hydraulic-tyre-baling-machine","status":"publish","type":"product","link":"https:\/\/shuliybaler.com\/sw\/product\/scrap-hydraulic-tyre-baling-machine\/","title":{"rendered":"Mashine ya kulaza tairi ya majimaji kwa urejelezaji wa tairi"},"content":{"rendered":"<p class=\"translation-block\"><strong>Mashine ya kulaza tairi<\/strong> hutumia mfumo wa majimaji kubana tairi za lori, tairi za gari, n.k. kuwa bales, ikihifadhi nafasi ya kuhifadhi na usafirishaji. <\/p>    <p class=\"translation-block\">Kuna aina mbili za mashine za kulaza tairi, <strong>baler ya wima<\/strong> na <strong>baler ya mviringo<\/strong>, zote zinaweza kutumika kufunga tairi. Matokeo ya mbili ni tofauti. Mashine za kulaza tairi zimeenea sana katika tasnia ya urejelezaji. <\/p>    <p>Kwa hivyo, ikiwa unataka urejelezaji wa tairi, karibu wasiliana nasi kwa maelezo zaidi ya mashine na bei!<\/p>    <figure class=\"wp-block-embed is-type-video is-provider-youtube wp-block-embed-youtube wp-embed-aspect-16-9 wp-has-aspect-ratio\"><div class=\"wp-block-embed__wrapper\"> <iframe loading=\"lazy\" title=\"Mashine ya kulaza tairi ya taka inasafirishwa kwenda Indonesia | mashine ya kuchakata tairi za taka\" width=\"500\" height=\"281\" src=\"https:\/\/www.youtube.com\/embed\/1_gq1TGwO4w?feature=oembed\" frameborder=\"0\" allow=\"accelerometer; autoplay; clipboard-write; encrypted-media; gyroscope; picture-in-picture; web-share\" referrerpolicy=\"strict-origin-when-cross-origin\" allowfullscreen><\/iframe> <\/div><figcaption class=\"wp-element-caption\">Video ya mashine ya kulaza tairi ya mviringo<\/figcaption><\/figure>    <h2 class=\"wp-block-heading\"><strong>Aina za mashine za kulaza tairi zinazouzwa<\/strong><\/h2>    <h3 class=\"wp-block-heading\"><strong>Utangulizi wa mashine ya kulaza tairi ya mviringo<\/strong><\/h3>    <div class=\"wp-block-media-text alignwide is-stacked-on-mobile\"><figure class=\"wp-block-media-text__media\"><img loading=\"lazy\" decoding=\"async\" width=\"750\" height=\"750\" src=\"https:\/\/shuliybaler.com\/wp-content\/uploads\/2023\/03\/horizontal-tyre-baling-machine.webp\" alt=\" Mashine ya kulaza tairi ya mviringo\" class=\"wp-image-3152 size-full\" title=\"\" srcset=\"https:\/\/shuliybaler.com\/wp-content\/uploads\/2023\/03\/horizontal-tyre-baling-machine.webp 750w, https:\/\/shuliybaler.com\/wp-content\/uploads\/2023\/03\/horizontal-tyre-baling-machine-270x270.webp 270w, https:\/\/shuliybaler.com\/wp-content\/uploads\/2023\/03\/horizontal-tyre-baling-machine-540x540.webp 540w\" sizes=\"auto, (max-width: 750px) 100vw, 750px\" \/><\/figure><div class=\"wp-block-media-text__content\"> <p>Hii mashine ya kulaza tairi ya mviringo ina pato kubwa zaidi. Kuna modeli nne kwa jumla. <\/p>    <p>Hii mashine ya kulaza tairi ya mviringo inaweza kufunga bales 6-8 kwa saa kwa wastani. Uzito wa kila mfuko wa tairi ni tofauti kwa modeli tofauti. <\/p>    <p>Kwa kweli, modeli kubwa zaidi, ndivyo tairi zaidi kwa kila mfuko na uzito mkubwa zaidi.<\/p> <\/div><\/div>    <figure class=\"wp-block-table\"><table><tbody><tr><td>Mfano<\/td><td>SL-DB-100<\/td><td>SL-DB-160<\/td><td>SL-DB-180<\/td><td>SL-DB-200<\/td><\/tr><tr><td>Shinikizo<\/td><td>1000KN<\/td><td>1600 KN<\/td><td>1800 KN<\/td><td>2000 KN<\/td><\/tr><tr><td>Nguvu kuu<\/td><td>22KW 1.5KW 4kw<\/td><td>37KW 1.5KW 4kw<\/td><td>45KW 3KW 5kw<\/td><td>55KW 13KW 5.5kw<\/td><\/tr><tr><td>Idadi ya waya za kufunga<\/td><td>4\/5<\/td><td>4\/5<\/td><td>5<\/td><td>5<\/td><\/tr><tr><td>Ukubwa wa bales<\/td><td>W1150mm*<br>H1050mm<br>*L(inadhibitiwa)<\/td><td>W1150mm*<br>H1250mm<br>*L(inadhibitiwa)<\/td><td>W1150mm*<br>H1350mm<br>*L(inadhibitiwa)<\/td><td>W1150mm*<br>H1450mm<br>*L(inadhibitiwa)<\/td><\/tr><tr><td>waya<\/td><td>Mshale wa waya uliowashwa 3mm(12#) au waya wa plastiki<\/td><td>Mshale wa waya uliowashwa 3mm(12#) au waya wa plastiki<\/td><td>Mshale wa waya uliowashwa 3mm(12#) au waya wa plastiki<\/td><td>Mshale wa waya uliowashwa 3mm(12#) au waya wa plastiki<\/td><\/tr><tr><td>Voltage<\/td><td>380V\/50HZ<\/td><td>380V\/50HZ<\/td><td>380V\/50HZ<\/td><td>380V\/50HZ<\/td><\/tr><tr><td>Njia ya kufunga<\/td><td>Mwongozo\/kiotomatiki<\/td><td>Mwongozo\/kiotomatiki<\/td><td>Mwongozo\/kiotomatiki<\/td><td>Mwongozo\/kiotomatiki<\/td><\/tr><tr><td>Uwezo<\/td><td>6-8 bales\/h<\/td><td>6-8 bales\/h<\/td><td>6-8 bales\/h<\/td><td>6-8 bales\/h<\/td><\/tr><tr><td>Uzito wa bale<\/td><td>500-1000kg<\/td><td>1000-1300kg<\/td><td>1000-1300kg<\/td><td>1000-1300kg<\/td><\/tr><tr><td>Ukubwa wa conveyor<\/td><td>6530*<em>1400<\/em>*3200mm<\/td><td>7113*<em>1555<\/em>*3360mm<\/td><td>7800*<em>1655<\/em>*3360mm<\/td><td>8200*<em>1700<\/em>*3360mm<\/td><\/tr><tr><td>Njia ya uendeshaji<\/td><td>Mwongozo wa mikono\/PLC<\/td><td>Mwongozo wa mikono\/PLC<\/td><td>Mwongozo wa mikono\/PLC<\/td><td>Mwongozo wa mikono\/PLC<\/td><\/tr><\/tbody><\/table><figcaption class=\"wp-element-caption\">Vigezo vya mashine ya kulaza tairi ya mviringo<\/figcaption><\/figure>    <figure class=\"wp-block-gallery has-nested-images columns-default is-cropped wp-block-gallery-2 is-layout-flex wp-block-gallery-is-layout-flex\"> <figure class=\"wp-block-image size-large\"><img loading=\"lazy\" decoding=\"async\" width=\"720\" height=\"540\" data-id=\"3161\" src=\"https:\/\/shuliybaler.com\/wp-content\/uploads\/2023\/03\/horizontal-tyre-baling-machine-1.webp\" alt=\"horisontell d\u00e4ckpressmaskin till salu\" class=\"wp-image-3161\" title=\"\" srcset=\"https:\/\/shuliybaler.com\/wp-content\/uploads\/2023\/03\/horizontal-tyre-baling-machine-1.webp 720w, https:\/\/shuliybaler.com\/wp-content\/uploads\/2023\/03\/horizontal-tyre-baling-machine-1-360x270.webp 360w, https:\/\/shuliybaler.com\/wp-content\/uploads\/2023\/03\/horizontal-tyre-baling-machine-1-180x135.webp 180w\" sizes=\"auto, (max-width: 720px) 100vw, 720px\" \/><figcaption class=\"wp-element-caption\">Mashine ya kulaza tairi ya mviringo kwa kuuza<\/figcaption><\/figure>    <figure class=\"wp-block-image size-large\"><img loading=\"lazy\" decoding=\"async\" width=\"720\" height=\"540\" data-id=\"3163\" src=\"https:\/\/shuliybaler.com\/wp-content\/uploads\/2023\/03\/horizontal-tyre-baling-machine-3.webp\" alt=\"Mashine ya kulaza tairi ya mviringo\" class=\"wp-image-3163\" title=\"\" srcset=\"https:\/\/shuliybaler.com\/wp-content\/uploads\/2023\/03\/horizontal-tyre-baling-machine-3.webp 720w, https:\/\/shuliybaler.com\/wp-content\/uploads\/2023\/03\/horizontal-tyre-baling-machine-3-360x270.webp 360w, https:\/\/shuliybaler.com\/wp-content\/uploads\/2023\/03\/horizontal-tyre-baling-machine-3-180x135.webp 180w\" sizes=\"auto, (max-width: 720px) 100vw, 720px\" \/><figcaption class=\"wp-element-caption\">Mashine ya kulaza tairi ya mviringo<\/figcaption><\/figure>    <figure class=\"wp-block-image size-large\"><img loading=\"lazy\" decoding=\"async\" width=\"720\" height=\"540\" data-id=\"3164\" src=\"https:\/\/shuliybaler.com\/wp-content\/uploads\/2023\/03\/horizontal-tyre-baler-machine.webp\" alt=\"horisontell d\u00e4ckpressmaskin\" class=\"wp-image-3164\" title=\"\" srcset=\"https:\/\/shuliybaler.com\/wp-content\/uploads\/2023\/03\/horizontal-tyre-baler-machine.webp 720w, https:\/\/shuliybaler.com\/wp-content\/uploads\/2023\/03\/horizontal-tyre-baler-machine-360x270.webp 360w, https:\/\/shuliybaler.com\/wp-content\/uploads\/2023\/03\/horizontal-tyre-baler-machine-180x135.webp 180w\" sizes=\"auto, (max-width: 720px) 100vw, 720px\" \/><figcaption class=\"wp-element-caption\">Mashine ya kulaza tairi ya mviringo ya mviringo<\/figcaption><\/figure>    <figure class=\"wp-block-image size-large\"><img loading=\"lazy\" decoding=\"async\" width=\"720\" height=\"540\" data-id=\"3162\" src=\"https:\/\/shuliybaler.com\/wp-content\/uploads\/2023\/03\/horizontal-tyre-baling-machine-2.webp\" alt=\"mchakato wa tairi wa mviringo wa baling\" class=\"wp-image-3162\" title=\"\" srcset=\"https:\/\/shuliybaler.com\/wp-content\/uploads\/2023\/03\/horizontal-tyre-baling-machine-2.webp 720w, https:\/\/shuliybaler.com\/wp-content\/uploads\/2023\/03\/horizontal-tyre-baling-machine-2-360x270.webp 360w, https:\/\/shuliybaler.com\/wp-content\/uploads\/2023\/03\/horizontal-tyre-baling-machine-2-180x135.webp 180w\" sizes=\"auto, (max-width: 720px) 100vw, 720px\" \/><figcaption class=\"wp-element-caption\">Mashine ya kulaza tairi ya mviringo ya mviringo<\/figcaption><\/figure>    <figure class=\"wp-block-image size-large\"><img loading=\"lazy\" decoding=\"async\" width=\"720\" height=\"540\" data-id=\"3165\" src=\"https:\/\/shuliybaler.com\/wp-content\/uploads\/2023\/03\/horizontal-tire-baling-machine.webp\" alt=\"horisontell d\u00e4ckpressmaskin\" class=\"wp-image-3165\" title=\"\" srcset=\"https:\/\/shuliybaler.com\/wp-content\/uploads\/2023\/03\/horizontal-tire-baling-machine.webp 720w, https:\/\/shuliybaler.com\/wp-content\/uploads\/2023\/03\/horizontal-tire-baling-machine-360x270.webp 360w, https:\/\/shuliybaler.com\/wp-content\/uploads\/2023\/03\/horizontal-tire-baling-machine-180x135.webp 180w\" sizes=\"auto, (max-width: 720px) 100vw, 720px\" \/><figcaption class=\"wp-element-caption\">Mashine ya kulaza tairi ya mviringo<\/figcaption><\/figure> <\/figure>    <h3 class=\"wp-block-heading\"><strong>Utangulizi wa mashine ya kulaza tairi ya wima<\/strong><br><\/h3>    <div class=\"wp-block-media-text alignwide has-media-on-the-right is-stacked-on-mobile\"><div class=\"wp-block-media-text__content\"> <p class=\"translation-block\"><a href=\"https:\/\/shuliybaler.com\/sw\/product\/vertical-metal-baler\/\">baler ya wima<\/a> inachukua eneo dogo, na kiwango cha kubana ni 5:1. <\/p>    <p>Kuna modeli tano za mashine ya kulaza tairi ya wima, ambazo zinaweza kufunga bales 6-10 kwa saa kwa wastani. <\/p>    <p>Modeli tofauti zina uzito tofauti kwa kila mfuko wa tairi. Kila kifurushi cha modeli ya 80 kinafikia kilo 2000.<\/p> <\/div><figure class=\"wp-block-media-text__media\"><img loading=\"lazy\" decoding=\"async\" width=\"720\" height=\"540\" src=\"https:\/\/shuliybaler.com\/wp-content\/uploads\/2023\/03\/vertical-tire-baling-machine.webp\" alt=\"Mashine ya kulaza tairi ya wima\" class=\"wp-image-3153 size-full\" title=\"\" srcset=\"https:\/\/shuliybaler.com\/wp-content\/uploads\/2023\/03\/vertical-tire-baling-machine.webp 720w, https:\/\/shuliybaler.com\/wp-content\/uploads\/2023\/03\/vertical-tire-baling-machine-360x270.webp 360w, https:\/\/shuliybaler.com\/wp-content\/uploads\/2023\/03\/vertical-tire-baling-machine-180x135.webp 180w\" sizes=\"auto, (max-width: 720px) 100vw, 720px\" \/><\/figure><\/div>    <figure class=\"wp-block-table\"><table><tbody><tr><td>Mfano<\/td><td>SL-10T<\/td><td>SL-20T<\/td><td>SL-30T<\/td><td>SL-60T<\/td><td>SL-80T<\/td><\/tr><tr><td>Nguvu\uff08kw\uff09<\/td><td>5.5<\/td><td>7.5<\/td><td>11<\/td><td>15<\/td><td>17<\/td><\/tr><tr><td>kifungashio\uff08<br>mm\uff09<\/td><td>800*400*800<\/td><td>800*400*800<\/td><td>800*<em>400<\/em>*600<\/td><td>1150*<em>750<\/em>*1000<\/td><td>1150*<em>750<\/em>*1000<\/td><\/tr><tr><td>Shinikizo\uff08<br>mm\uff09<\/td><td>1000<\/td><td>1000<\/td><td>1000<\/td><td>1100<\/td><td>1100<\/td><\/tr><tr><td>Urefu\uff08mm\uff09<\/td><td>1400*<em>700<\/em>*2900<\/td><td>1400*<em>700<\/em>*2950<\/td><td>1450*<em>700<\/em>*2950<\/td><td>1700*<em>1000<\/em>*3200<\/td><td>1800*<em>1000<\/em>*3200<\/td><\/tr><tr><td>Silinda ya Mafuta<\/td><td>125<\/td><td>160<\/td><td>160<\/td><td>160<\/td><td>180<\/td><\/tr><tr><td>Kasi ya kubana<br>(p\/min)<\/td><td>8-10<\/td><td>8-10<\/td><td>8-10<\/td><td>6-10<\/td><td>6-10<\/td><\/tr><tr><td>Uzito\uff08kg\uff09<\/td><td>400<\/td><td>850<\/td><td>950<\/td><td>1600<\/td><td>2000<\/td><\/tr><\/tbody><\/table><figcaption class=\"wp-element-caption\">Vigezo vya mashine ya kulaza tairi ya wima<\/figcaption><\/figure>    <figure class=\"wp-block-gallery has-nested-images columns-default is-cropped wp-block-gallery-3 is-layout-flex wp-block-gallery-is-layout-flex\"> <figure class=\"wp-block-image size-large\"><img loading=\"lazy\" decoding=\"async\" width=\"750\" height=\"750\" data-id=\"3160\" src=\"https:\/\/shuliybaler.com\/wp-content\/uploads\/2023\/03\/vertical-tire-baler-machine.webp\" alt=\"Mashine ya baling ya matairi ya wima\" class=\"wp-image-3160\" title=\"\" srcset=\"https:\/\/shuliybaler.com\/wp-content\/uploads\/2023\/03\/vertical-tire-baler-machine.webp 750w, https:\/\/shuliybaler.com\/wp-content\/uploads\/2023\/03\/vertical-tire-baler-machine-270x270.webp 270w, https:\/\/shuliybaler.com\/wp-content\/uploads\/2023\/03\/vertical-tire-baler-machine-540x540.webp 540w\" sizes=\"auto, (max-width: 750px) 100vw, 750px\" \/><figcaption class=\"wp-element-caption\">Mashine ya kulaza tairi ya wima<\/figcaption><\/figure>    <figure class=\"wp-block-image size-large\"><img loading=\"lazy\" decoding=\"async\" width=\"750\" height=\"750\" data-id=\"3159\" src=\"https:\/\/shuliybaler.com\/wp-content\/uploads\/2023\/03\/vertical-tire-baling-machine-1.webp\" alt=\"Mashine ya baling ya matairi ya wima\" class=\"wp-image-3159\" title=\"\" srcset=\"https:\/\/shuliybaler.com\/wp-content\/uploads\/2023\/03\/vertical-tire-baling-machine-1.webp 750w, https:\/\/shuliybaler.com\/wp-content\/uploads\/2023\/03\/vertical-tire-baling-machine-1-270x270.webp 270w, https:\/\/shuliybaler.com\/wp-content\/uploads\/2023\/03\/vertical-tire-baling-machine-1-540x540.webp 540w\" sizes=\"auto, (max-width: 750px) 100vw, 750px\" \/><figcaption class=\"wp-element-caption\">Mashine ya kulaza tairi ya wima<\/figcaption><\/figure> <\/figure>    <h2 class=\"wp-block-heading\"><strong>Maombi ya mashine ya kulaza tairi la lori<\/strong><\/h2>    <p>Bale ya tairi la taka hutumika hasa katika tasnia ya urejelezaji wa tairi. Ikiwa tairi la taka halijatibiwa, ni rahisi kusababisha uchafuzi wa mazingira. <\/p>    <p>Baada ya kusindika na mashine ya kulaza tairi, tairi inaweza kubanwa kuwa block imara, ikipunguza ujazo na gharama za usafirishaji na matibabu, na pia kupunguza hatari ya uchafuzi wa mazingira.<\/p>    <figure class=\"wp-block-gallery has-nested-images columns-default is-cropped wp-block-gallery-4 is-layout-flex wp-block-gallery-is-layout-flex\"> <figure class=\"wp-block-image size-large\"><img loading=\"lazy\" decoding=\"async\" width=\"720\" height=\"540\" data-id=\"3157\" src=\"https:\/\/shuliybaler.com\/wp-content\/uploads\/2023\/03\/Scrap-tires.webp\" alt=\"\" class=\"wp-image-3157\" title=\"\" srcset=\"https:\/\/shuliybaler.com\/wp-content\/uploads\/2023\/03\/Scrap-tires.webp 720w, https:\/\/shuliybaler.com\/wp-content\/uploads\/2023\/03\/Scrap-tires-360x270.webp 360w, https:\/\/shuliybaler.com\/wp-content\/uploads\/2023\/03\/Scrap-tires-180x135.webp 180w\" sizes=\"auto, (max-width: 720px) 100vw, 720px\" \/><figcaption class=\"wp-element-caption\">Gumu la Taka<\/figcaption><\/figure>    <figure class=\"wp-block-image size-large\"><img loading=\"lazy\" decoding=\"async\" width=\"720\" height=\"540\" data-id=\"3158\" src=\"https:\/\/shuliybaler.com\/wp-content\/uploads\/2023\/03\/Scrap-tires-after-baling.webp\" alt=\"Gumu la taka baada ya kubeba\" class=\"wp-image-3158\" title=\"\" srcset=\"https:\/\/shuliybaler.com\/wp-content\/uploads\/2023\/03\/Scrap-tires-after-baling.webp 720w, https:\/\/shuliybaler.com\/wp-content\/uploads\/2023\/03\/Scrap-tires-after-baling-360x270.webp 360w, https:\/\/shuliybaler.com\/wp-content\/uploads\/2023\/03\/Scrap-tires-after-baling-180x135.webp 180w\" sizes=\"auto, (max-width: 720px) 100vw, 720px\" \/><figcaption class=\"wp-element-caption\">Gumu la Taka Baada ya Kubeba<\/figcaption><\/figure> <\/figure>    <ul class=\"wp-block-list\"> <li><strong>Hifadhi ya tairi<\/strong>: Baler inaweza kubana tairi kuwa na ukubwa mdogo kwa urahisi wa kuhifadhi, hasa wakati nafasi ya kuhifadhi tairi ni mdogo, baler inaweza kutumia nafasi kwa ufanisi ili kufanikisha uhifadhi wa tairi.<\/li>    <li><strong>Usafirishaji wa tairi<\/strong>: Tairi zilizopakiwa ni rahisi kusafirisha na kushughulikia kuliko tairi zisizobandikwa, kupunguza gharama za usafirishaji na kazi.<\/li> <\/ul>    <h2 class=\"wp-block-heading\"><strong>Ni malighafi gani nyingine za malighafi zinazoweza kushughulikiwa na mashine ya kulaza tairi?<\/strong><\/h2>    <p class=\"translation-block\">Mashine za kulaza tairi pia hutumika kwa kawaida kwa kulaza nguo na viatu vya zamani, kulaza sawdust, kulaza majani, n.k.  ,  kuchakata karatasi za taka, katoni, PET bottles, n.k. Mashine ya kulaza tairi ina matumizi mengi.<\/p>    <figure class=\"wp-block-gallery has-nested-images columns-default is-cropped wp-block-gallery-5 is-layout-flex wp-block-gallery-is-layout-flex\"> <figure class=\"wp-block-image size-large\"><img loading=\"lazy\" decoding=\"async\" width=\"720\" height=\"540\" data-id=\"3154\" src=\"https:\/\/shuliybaler.com\/wp-content\/uploads\/2023\/03\/waste-paper-baling.webp\" alt=\"avfallspapperspressning\" class=\"wp-image-3154\" title=\"\" srcset=\"https:\/\/shuliybaler.com\/wp-content\/uploads\/2023\/03\/waste-paper-baling.webp 720w, https:\/\/shuliybaler.com\/wp-content\/uploads\/2023\/03\/waste-paper-baling-360x270.webp 360w, https:\/\/shuliybaler.com\/wp-content\/uploads\/2023\/03\/waste-paper-baling-180x135.webp 180w\" sizes=\"auto, (max-width: 720px) 100vw, 720px\" \/><figcaption class=\"wp-element-caption\">Baling ya Karatasi za Taka<\/figcaption><\/figure>    <figure class=\"wp-block-image size-large\"><img loading=\"lazy\" decoding=\"async\" width=\"720\" height=\"540\" data-id=\"3155\" src=\"https:\/\/shuliybaler.com\/wp-content\/uploads\/2023\/03\/straw-baling.webp\" alt=\"halmpressning\" class=\"wp-image-3155\" title=\"\" srcset=\"https:\/\/shuliybaler.com\/wp-content\/uploads\/2023\/03\/straw-baling.webp 720w, https:\/\/shuliybaler.com\/wp-content\/uploads\/2023\/03\/straw-baling-360x270.webp 360w, https:\/\/shuliybaler.com\/wp-content\/uploads\/2023\/03\/straw-baling-180x135.webp 180w\" sizes=\"auto, (max-width: 720px) 100vw, 720px\" \/><figcaption class=\"wp-element-caption\">Kulaza majani<\/figcaption><\/figure>    <figure class=\"wp-block-image size-large\"><img loading=\"lazy\" decoding=\"async\" width=\"720\" height=\"540\" data-id=\"3156\" src=\"https:\/\/shuliybaler.com\/wp-content\/uploads\/2023\/03\/Waste-cans-baling.webp\" alt=\"Baling ya maboksi ya taka\" class=\"wp-image-3156\" title=\"\" srcset=\"https:\/\/shuliybaler.com\/wp-content\/uploads\/2023\/03\/Waste-cans-baling.webp 720w, https:\/\/shuliybaler.com\/wp-content\/uploads\/2023\/03\/Waste-cans-baling-360x270.webp 360w, https:\/\/shuliybaler.com\/wp-content\/uploads\/2023\/03\/Waste-cans-baling-180x135.webp 180w\" sizes=\"auto, (max-width: 720px) 100vw, 720px\" \/><figcaption class=\"wp-element-caption\">Baling ya Maboksi ya Taka<\/figcaption><\/figure> <\/figure>    <h2 class=\"wp-block-heading\"><strong>Muundo wa mashine ya kulaza tairi ya gari<\/strong><\/h2>    <p>Kifaa cha kufunga tairi ni kifaa kinachotumika kubana tairi kuwa kifurushi cha kompakt. Kifaa hiki kinajumuisha fremu, mfumo wa majimaji, mfumo wa kudhibiti, na chumba cha kubana.<\/p>    <h2 class=\"wp-block-heading\"><strong>Anza urejelezaji wa tairi lako la taka sasa!<\/strong><\/h2>    <p class=\"translation-block\">Anza biashara yako ya urejelezaji wa tairi la taka sasa! Wasiliana nasi leo kwa suluhisho za kitaalamu za urejelezaji wa tairi kukusaidia kutumia rasilimali za taka zako. Kutoka kwa usanidi wa vifaa hadi msaada wa kiufundi, tuko huduma yako kuunda uchumi wa mzunguko wa kijani. Fanya hatua sasa na anza safari yako ya urejelezaji wa tairi la taka pamoja nasi!<\/p>","protected":false},"excerpt":{"rendered":"<p>D\u00e4ckpressmaskinen anv\u00e4nder ett hydrauliskt system f\u00f6r att komprimera d\u00e4cken, vilket sparar lagringsutrymme och transportutrymme. Det finns tv\u00e5 typer av d\u00e4ckpressmaskiner, vertikala pressmaskiner och horisontella pressmaskiner, som b\u00e5da kan anv\u00e4ndas f\u00f6r att packa d\u00e4ck. V\u00e4lkommen att l\u00e4sa mer om maskindetaljer!<\/p>","protected":false},"author":1,"featured_media":3151,"parent":0,"template":"","tags":[66],"product-type":[41],"class_list":["post-3150","product","type-product","status-publish","has-post-thumbnail","hentry","tag-tyre-baling-machine","product-type-metal-baler-machine"],"_links":{"self":[{"href":"https:\/\/shuliybaler.com\/sw\/wp-json\/wp\/v2\/product\/3150","targetHints":{"allow":["GET"]}}],"collection":[{"href":"https:\/\/shuliybaler.com\/sw\/wp-json\/wp\/v2\/product"}],"about":[{"href":"https:\/\/shuliybaler.com\/sw\/wp-json\/wp\/v2\/types\/product"}],"author":[{"embeddable":true,"href":"https:\/\/shuliybaler.com\/sw\/wp-json\/wp\/v2\/users\/1"}],"wp:featuredmedia":[{"embeddable":true,"href":"https:\/\/shuliybaler.com\/sw\/wp-json\/wp\/v2\/media\/3151"}],"wp:attachment":[{"href":"https:\/\/shuliybaler.com\/sw\/wp-json\/wp\/v2\/media?parent=3150"}],"wp:term":[{"taxonomy":"post_tag","embeddable":true,"href":"https:\/\/shuliybaler.com\/sw\/wp-json\/wp\/v2\/tags?post=3150"},{"taxonomy":"product-type","embeddable":true,"href":"https:\/\/shuliybaler.com\/sw\/wp-json\/wp\/v2\/product-type?post=3150"}],"curies":[{"name":"wp","href":"https:\/\/api.w.org\/{rel}","templated":true}]}}