{"id":3170,"date":"2023-03-23T14:23:07","date_gmt":"2023-03-23T06:23:07","guid":{"rendered":"https:\/\/shuliybaler.com\/?post_type=product&#038;p=3170"},"modified":"2023-03-23T14:23:09","modified_gmt":"2023-03-23T06:23:09","slug":"a-solution-to-waste-tire-management","status":"publish","type":"product","link":"https:\/\/shuliybaler.com\/sw\/product\/a-solution-to-waste-tire-management\/","title":{"rendered":"Suluhisho la usimamizi wa matairi ya taka"},"content":{"rendered":"<p class=\"translation-block\">Avfall d\u00e4ck \u00e4r en av de mest utmanande materialen att ta hand om p\u00e5 grund av deras stora volym och h\u00e5llbarhet. Med \u00f6ver en miljard d\u00e4ck som kassas varje \u00e5r globalt \u00e4r det avg\u00f6rande att hitta en h\u00e5llbar l\u00f6sning f\u00f6r hantering av avfall d\u00e4ck. En innovativ l\u00f6sning p\u00e5 detta problem \u00e4r <a href=\"https:\/\/shuliybaler.com\/sw\/product\/scrap-hydraulic-tyre-baling-machine\/\" data-type=\"URL\" data-id=\"https:\/\/shuliybaler.com\/product\/scrap-hydraulic-tyre-baling-machine\/\">d\u00e4ckbalaren<\/a>.<\/p>    <h2 class=\"wp-block-heading\">Vad \u00e4r en d\u00e4ckbalare?<\/h2>    <figure class=\"wp-block-gallery has-nested-images columns-default is-cropped wp-block-gallery-2 is-layout-flex wp-block-gallery-is-layout-flex\"> <figure class=\"wp-block-image size-large\"><img loading=\"lazy\" decoding=\"async\" width=\"720\" height=\"540\" data-id=\"3172\" src=\"https:\/\/shuliybaler.com\/wp-content\/uploads\/2023\/03\/tire-baler.webp\" alt=\"d\u00e4ckpress\" class=\"wp-image-3172\" title=\"\" srcset=\"https:\/\/shuliybaler.com\/wp-content\/uploads\/2023\/03\/tire-baler.webp 720w, https:\/\/shuliybaler.com\/wp-content\/uploads\/2023\/03\/tire-baler-360x270.webp 360w, https:\/\/shuliybaler.com\/wp-content\/uploads\/2023\/03\/tire-baler-180x135.webp 180w\" sizes=\"auto, (max-width: 720px) 100vw, 720px\" \/><figcaption class=\"wp-element-caption\">D\u00e4ckbalare<\/figcaption><\/figure>    <figure class=\"wp-block-image size-large\"><img loading=\"lazy\" decoding=\"async\" width=\"720\" height=\"540\" data-id=\"3173\" src=\"https:\/\/shuliybaler.com\/wp-content\/uploads\/2023\/03\/baling-tire.webp\" alt=\"kubeba matairi\" class=\"wp-image-3173\" title=\"\" srcset=\"https:\/\/shuliybaler.com\/wp-content\/uploads\/2023\/03\/baling-tire.webp 720w, https:\/\/shuliybaler.com\/wp-content\/uploads\/2023\/03\/baling-tire-360x270.webp 360w, https:\/\/shuliybaler.com\/wp-content\/uploads\/2023\/03\/baling-tire-180x135.webp 180w\" sizes=\"auto, (max-width: 720px) 100vw, 720px\" \/><figcaption class=\"wp-element-caption\">D\u00e4ckpressning<\/figcaption><\/figure> <\/figure>    <p class=\"translation-block\">En <a href=\"https:\/\/shuliybaler.com\/sw\/product\/vertical-metal-baler\/\" data-type=\"URL\" data-id=\"https:\/\/shuliybaler.com\/product\/vertical-metal-baler\/\">d\u00e4ckbalare<\/a> \u00e4r en maskin som pressar avfall d\u00e4ck till en t\u00e4t, hanterbar bal. Maskinen anv\u00e4nder hydraulisk tryck f\u00f6r att pressa d\u00e4cken t\u00e4tt samman, vilket avsev\u00e4rt minskar deras volym. N\u00e4r de \u00e4r pressade kan de balade d\u00e4cken transporteras mer effektivt och lagras l\u00e4ttare, vilket g\u00f6r det till en idealisk l\u00f6sning f\u00f6r d\u00e4ckavfallshantering.<\/p>    <h2 class=\"wp-block-heading\">F\u00f6rdelar med att anv\u00e4nda en d\u00e4ckkompressor<\/h2>    <p>F\u00f6rdelarna med att anv\u00e4nda en d\u00e4ckbalare \u00e4r betydande. F\u00f6r det f\u00f6rsta tar de komprimerade balarna upp mindre plats i lagringsanl\u00e4ggningar och under transport, vilket minskar antalet resor som kr\u00e4vs f\u00f6r att flytta dem. Denna effektivitet \u00f6vers\u00e4tts till l\u00e4gre transportkostnader och minskar koldioxidavtrycket i samband med hantering av avfall d\u00e4ck. F\u00f6r det andra \u00e4r komprimerade balar enklare att hantera, vilket minskar risken f\u00f6r arbetsplatsolyckor och f\u00f6rb\u00e4ttrar arbetss\u00e4kerheten. Slutligen minskar anv\u00e4ndningen av en d\u00e4ckbalare m\u00e4ngden utrymme som kr\u00e4vs f\u00f6r d\u00e4ckf\u00f6rvaring, och frig\u00f6r v\u00e4rdefullt utrymme f\u00f6r andra \u00e4ndam\u00e5l.<\/p>    <h2 class=\"wp-block-heading\">Vem beh\u00f6ver en d\u00e4ckbalare?<\/h2>   <div class=\"wp-block-image\"> <figure class=\"aligncenter size-full\"><img loading=\"lazy\" decoding=\"async\" width=\"720\" height=\"540\" src=\"https:\/\/shuliybaler.com\/wp-content\/uploads\/2023\/03\/waste-tire-management-1.webp\" alt=\"avfall d\u00e4ckhantering\" class=\"wp-image-3177\" title=\"\" srcset=\"https:\/\/shuliybaler.com\/wp-content\/uploads\/2023\/03\/waste-tire-management-1.webp 720w, https:\/\/shuliybaler.com\/wp-content\/uploads\/2023\/03\/waste-tire-management-1-360x270.webp 360w, https:\/\/shuliybaler.com\/wp-content\/uploads\/2023\/03\/waste-tire-management-1-180x135.webp 180w\" sizes=\"auto, (max-width: 720px) 100vw, 720px\" \/><figcaption class=\"wp-element-caption\">avfall d\u00e4ckhantering<\/figcaption><\/figure> <\/div>   <p>En d\u00e4ckkompressor \u00e4r en m\u00e5ngsidig maskin som kan anv\u00e4ndas i olika industrier, inklusive bil- och byggbranschen samt avfallshantering. Inom bilbranschen anv\u00e4nds d\u00e4ckkompressorer f\u00f6r att komprimerad avfall d\u00e4ck som tillverkas av d\u00e4ckproducenter och d\u00e4ckreparationsverkst\u00e4der. Inom byggbranschen anv\u00e4nds de f\u00f6r att komprimera d\u00e4ck som anv\u00e4nds i tung utrustning, som hjullastare och bulldosare. Inom avfallshanteringsbranschen anv\u00e4nds d\u00e4ckkompressorer f\u00f6r att komprimera d\u00e4ck som genereras av kommunala avfallshanteringsanl\u00e4ggningar.<\/p>    <h2 class=\"wp-block-heading\">Outputen av avfall d\u00e4ckpressmaskinen<\/h2>    <figure class=\"wp-block-gallery has-nested-images columns-default is-cropped wp-block-gallery-3 is-layout-flex wp-block-gallery-is-layout-flex\"> <figure class=\"wp-block-image size-large\"><img loading=\"lazy\" decoding=\"async\" width=\"720\" height=\"540\" data-id=\"3178\" src=\"https:\/\/shuliybaler.com\/wp-content\/uploads\/2023\/03\/waste-tire-pressing-machine.webp\" alt=\"avfall d\u00e4ck pressmaskin\" class=\"wp-image-3178\" title=\"\" srcset=\"https:\/\/shuliybaler.com\/wp-content\/uploads\/2023\/03\/waste-tire-pressing-machine.webp 720w, https:\/\/shuliybaler.com\/wp-content\/uploads\/2023\/03\/waste-tire-pressing-machine-360x270.webp 360w, https:\/\/shuliybaler.com\/wp-content\/uploads\/2023\/03\/waste-tire-pressing-machine-180x135.webp 180w\" sizes=\"auto, (max-width: 720px) 100vw, 720px\" \/><figcaption class=\"wp-element-caption\">Avfall d\u00e4ckpressmaskin<\/figcaption><\/figure>    <figure class=\"wp-block-image size-large\"><img loading=\"lazy\" decoding=\"async\" width=\"720\" height=\"540\" data-id=\"3179\" src=\"https:\/\/shuliybaler.com\/wp-content\/uploads\/2023\/03\/waste-tire-pressing-machine-1.webp\" alt=\"avfall d\u00e4ck pressmaskin\" class=\"wp-image-3179\" title=\"\" srcset=\"https:\/\/shuliybaler.com\/wp-content\/uploads\/2023\/03\/waste-tire-pressing-machine-1.webp 720w, https:\/\/shuliybaler.com\/wp-content\/uploads\/2023\/03\/waste-tire-pressing-machine-1-360x270.webp 360w, https:\/\/shuliybaler.com\/wp-content\/uploads\/2023\/03\/waste-tire-pressing-machine-1-180x135.webp 180w\" sizes=\"auto, (max-width: 720px) 100vw, 720px\" \/><figcaption class=\"wp-element-caption\">Avfall d\u00e4ckpressmaskin<\/figcaption><\/figure>    <figure class=\"wp-block-image size-large\"><img loading=\"lazy\" decoding=\"async\" width=\"720\" height=\"540\" data-id=\"3180\" src=\"https:\/\/shuliybaler.com\/wp-content\/uploads\/2023\/03\/waste-tire-pressing-machine-2.webp\" alt=\"avfall d\u00e4ck pressmaskin\" class=\"wp-image-3180\" title=\"\" srcset=\"https:\/\/shuliybaler.com\/wp-content\/uploads\/2023\/03\/waste-tire-pressing-machine-2.webp 720w, https:\/\/shuliybaler.com\/wp-content\/uploads\/2023\/03\/waste-tire-pressing-machine-2-360x270.webp 360w, https:\/\/shuliybaler.com\/wp-content\/uploads\/2023\/03\/waste-tire-pressing-machine-2-180x135.webp 180w\" sizes=\"auto, (max-width: 720px) 100vw, 720px\" \/><figcaption class=\"wp-element-caption\">Avfall d\u00e4ckpressmaskin<\/figcaption><\/figure> <\/figure>    <p>Det finns olika typer av d\u00e4ckbalare, fr\u00e5n sm\u00e5 portabla maskiner till stora industriella maskiner. Maskinens storlek beror p\u00e5 m\u00e4ngden d\u00e4ck som ska pressas och tillg\u00e4ngligt utrymme f\u00f6r utrustningen. De minsta d\u00e4ckbalarna kan pressa upp till fyra personbilsd\u00e4ck samtidigt, medan de st\u00f6rsta kan pressa upp till 100 lastbil d\u00e4cken i ett cykel.<\/p>    <h2 class=\"wp-block-heading\">Flera s\u00e4tt att hantera avfall d\u00e4ck<\/h2>    <figure class=\"wp-block-gallery has-nested-images columns-default is-cropped wp-block-gallery-4 is-layout-flex wp-block-gallery-is-layout-flex\"> <figure class=\"wp-block-image size-large\"><img loading=\"lazy\" decoding=\"async\" width=\"750\" height=\"750\" data-id=\"3175\" src=\"https:\/\/shuliybaler.com\/wp-content\/uploads\/2023\/03\/tyre-crushing-machine.webp\" alt=\"d\u00e4ckkrossmaskin\" class=\"wp-image-3175\" title=\"\" srcset=\"https:\/\/shuliybaler.com\/wp-content\/uploads\/2023\/03\/tyre-crushing-machine.webp 750w, https:\/\/shuliybaler.com\/wp-content\/uploads\/2023\/03\/tyre-crushing-machine-270x270.webp 270w, https:\/\/shuliybaler.com\/wp-content\/uploads\/2023\/03\/tyre-crushing-machine-540x540.webp 540w\" sizes=\"auto, (max-width: 750px) 100vw, 750px\" \/><figcaption class=\"wp-element-caption\">Tyre Crushing Machine<\/figcaption><\/figure>    <figure class=\"wp-block-image size-large\"><img loading=\"lazy\" decoding=\"async\" width=\"750\" height=\"750\" data-id=\"3176\" src=\"https:\/\/shuliybaler.com\/wp-content\/uploads\/2023\/03\/tire-shredder-machine.webp\" alt=\"d\u00e4cksk\u00e4rare maskin\" class=\"wp-image-3176\" title=\"\" srcset=\"https:\/\/shuliybaler.com\/wp-content\/uploads\/2023\/03\/tire-shredder-machine.webp 750w, https:\/\/shuliybaler.com\/wp-content\/uploads\/2023\/03\/tire-shredder-machine-270x270.webp 270w, https:\/\/shuliybaler.com\/wp-content\/uploads\/2023\/03\/tire-shredder-machine-540x540.webp 540w\" sizes=\"auto, (max-width: 750px) 100vw, 750px\" \/><figcaption class=\"wp-element-caption\">D\u00e4ckkrossmaskin<\/figcaption><\/figure> <\/figure>    <p class=\"translation-block\">F\u00f6rutom d\u00e4ckbalare kan andra maskiner anv\u00e4ndas i kombination f\u00f6r att effektivt hantera d\u00e4ckavfall. <a href=\"https:\/\/shuliybaler.com\/sw\/product\/scrap-metal-shredder-machine\/\" data-type=\"URL\" data-id=\"https:\/\/shuliybaler.com\/product\/scrap-metal-shredder-machine\/\">D\u00e4ckkrossare<\/a>, till exempel, anv\u00e4nds f\u00f6r att bryta ner d\u00e4ck i mindre bitar som kan matas in i d\u00e4ckbalaren f\u00f6r kompression. D\u00e4ckpyrolys maskiner kan anv\u00e4ndas f\u00f6r att omvandla avfall d\u00e4ck till v\u00e4rdefulla biprodukter som olja och kol svart.<\/p>    <h2 class=\"wp-block-heading\">D\u00e4ckkompressorer \u00e4r en effektiv l\u00f6sning f\u00f6r hantering av avfall d\u00e4ck<\/h2>    <p>Sammanfattningsvis \u00e4r d\u00e4ckkompressorer en livskraftig l\u00f6sning f\u00f6r hantering av avfall d\u00e4ck, som erbjuder betydande f\u00f6rdelar f\u00f6r milj\u00f6n, arbetss\u00e4kerheten och operativ effektivitet. Genom att komprimera avfall d\u00e4ck till balar minskar d\u00e4ckens volym, vilket g\u00f6r det l\u00e4ttare och mer kostnadseffektivt att transportera och lagra dem. Med den \u00f6kande efterfr\u00e5gan p\u00e5 h\u00e5llbara avfallshanteringsmetoder erbjuder d\u00e4ckkompressorer ett lovande svar p\u00e5 d\u00e4ckavfallproblemet.<\/p>","protected":false},"excerpt":{"rendered":"<p>Avfall d\u00e4ck \u00e4r ett av de mest utmanande materialen att bortskaffa p\u00e5 grund av deras stora volym och h\u00e5llbarhet. Med \u00f6ver en miljard d\u00e4ck som kasseras varje \u00e5r globalt, \u00e4r det avg\u00f6rande att hitta en h\u00e5llbar l\u00f6sning f\u00f6r d\u00e4ckavfallshantering. En innovativ l\u00f6sning p\u00e5 detta problem \u00e4r d\u00e4ckpressen.<\/p>","protected":false},"author":1,"featured_media":3171,"parent":0,"template":"","tags":[67],"product-type":[48],"class_list":["post-3170","product","type-product","status-publish","has-post-thumbnail","hentry","tag-waste-tire-management","product-type-solution"],"_links":{"self":[{"href":"https:\/\/shuliybaler.com\/sw\/wp-json\/wp\/v2\/product\/3170","targetHints":{"allow":["GET"]}}],"collection":[{"href":"https:\/\/shuliybaler.com\/sw\/wp-json\/wp\/v2\/product"}],"about":[{"href":"https:\/\/shuliybaler.com\/sw\/wp-json\/wp\/v2\/types\/product"}],"author":[{"embeddable":true,"href":"https:\/\/shuliybaler.com\/sw\/wp-json\/wp\/v2\/users\/1"}],"wp:featuredmedia":[{"embeddable":true,"href":"https:\/\/shuliybaler.com\/sw\/wp-json\/wp\/v2\/media\/3171"}],"wp:attachment":[{"href":"https:\/\/shuliybaler.com\/sw\/wp-json\/wp\/v2\/media?parent=3170"}],"wp:term":[{"taxonomy":"post_tag","embeddable":true,"href":"https:\/\/shuliybaler.com\/sw\/wp-json\/wp\/v2\/tags?post=3170"},{"taxonomy":"product-type","embeddable":true,"href":"https:\/\/shuliybaler.com\/sw\/wp-json\/wp\/v2\/product-type?post=3170"}],"curies":[{"name":"wp","href":"https:\/\/api.w.org\/{rel}","templated":true}]}}