{"id":407,"date":"2019-12-05T11:19:36","date_gmt":"2019-12-05T03:19:36","guid":{"rendered":"https:\/\/shuliybaler.com\/?p=407"},"modified":"2024-01-10T17:39:46","modified_gmt":"2024-01-10T09:39:46","slug":"metal-baler","status":"publish","type":"product","link":"https:\/\/shuliybaler.com\/sw\/product\/metal-baler\/","title":{"rendered":"Baler ya metali ya kiwanda kwa ajili ya taka za metali"},"content":{"rendered":"<p class=\"translation-block\"><strong>Mashine ya kubana chuma <\/strong> pia inaitwa mashine ya kubana chuma cha taka, mashine ya kubana chuma ya mwelekeo, mashine ya kubana chuma kwa majimaji, na kadhalika. Kusudi lake kuu ni kusukuma taka za chuma kuwa umbo maalum ili kupunguza ujazo, kurahisisha kuhifadhi, usafiri, na urejelezaji.<\/p>    <figure class=\"wp-block-embed is-type-video is-provider-youtube wp-block-embed-youtube wp-embed-aspect-16-9 wp-has-aspect-ratio\"><div class=\"wp-block-embed__wrapper\"> <iframe loading=\"lazy\" title=\"Onyesho la ufanisi wa mashine ya kubana chuma: Kubana kwa ufanisi wa juu wa taka za chuma! Presha ya kubana kwa majimaji kwa chuma cha taka\" width=\"500\" height=\"281\" src=\"https:\/\/www.youtube.com\/embed\/bypm63IX3u0?start=8&#038;feature=oembed\" frameborder=\"0\" allow=\"accelerometer; autoplay; clipboard-write; encrypted-media; gyroscope; picture-in-picture; web-share\" referrerpolicy=\"strict-origin-when-cross-origin\" allowfullscreen><\/iframe> <\/div><figcaption class=\"wp-element-caption\">Video ya kazi ya mashine ya kubana chuma ya mwelekeo<\/figcaption><\/figure>    <h2 class=\"wp-block-heading\" id=\"h-parameters-of-the-metal-press-machine\"><strong>Vigezo vya mashine ya kubana chuma cha taka inayouzwa<\/strong><\/h2>    <figure class=\"wp-block-table\"><table><tbody><tr><td>Aina <strong>&nbsp;<\/strong><strong><\/strong><\/td><td>Nguvu ya kusukuma ya jina (Kn)<\/td><td>Ukubwa wa chumba cha shinikizo<br>(Urefu * upana * urefu)(mm)<strong><\/strong><\/td><td>Ukubwa wa balesi (mm)<strong><\/strong><\/td><td>Mafanikio ya makopo ya chuma (kg\/m\u00b3)<\/td><td>Uwezo (kg\/h)<strong><\/strong><\/td><td>Muda wa mzunguko mmoja (sekunde)<\/td><td>Nguvu ya kuendeshwa (kW)<\/td><\/tr><tr><td>Y81-1250A<strong><\/strong><\/td><td>1250<strong><\/strong><\/td><td>1200*700*600<strong><\/strong><\/td><td>300*300<strong><\/strong><\/td><td>\u22652000<strong><\/strong><\/td><td>1200-1800<strong><\/strong><\/td><td>\u2264120<strong><\/strong><\/td><td>15<strong><\/strong><\/td><\/tr><tr><td>Y81-1250B<strong><\/strong><\/td><td>1250<strong><\/strong><\/td><td>1400*800*700<strong><\/strong><\/td><td>300*300<strong><\/strong><\/td><td>\u22652000<strong><\/strong><\/td><td>1600-2300<strong><\/strong><\/td><td>\u2264140<strong><\/strong><\/td><td>15<strong><\/strong><\/td><\/tr><tr><td>Y81-1350<strong><\/strong><\/td><td>1350<strong><\/strong><\/td><td>1400*600*600<strong><\/strong><\/td><td>600*240<strong><\/strong><\/td><td>\u22652000<strong><\/strong><\/td><td>1600-2500<strong><\/strong><\/td><td>\u2264100<strong><\/strong><\/td><td>18.5<strong><\/strong><\/td><\/tr><tr><td>Y81-1600A<strong><\/strong><\/td><td>1600<strong><\/strong><\/td><td>1600*1000*800<strong><\/strong><\/td><td>400*400<strong><\/strong><\/td><td>\u22652000<strong><\/strong><\/td><td>2000-3500<strong><\/strong><\/td><td>\u2264120<strong><\/strong><\/td><td>22<strong><\/strong><\/td><\/tr><tr><td>Y81-1600B<strong><\/strong><\/td><td>1600<strong><\/strong><\/td><td>1600*1200*800<strong><\/strong><\/td><td>400*400<strong><\/strong><\/td><td>\u22652000<strong><\/strong><\/td><td>2000-4000<strong><\/strong><\/td><td>\u2264130<strong><\/strong><\/td><td>30<strong><\/strong><\/td><\/tr><tr><td>Y81-2000A<strong><\/strong><\/td><td>2000<strong><\/strong><\/td><td>1600*1200*800<strong><\/strong><\/td><td>400*400<strong><\/strong><\/td><td>\u22652000<strong><\/strong><\/td><td>2500-4500<strong><\/strong><\/td><td>\u2264130<strong><\/strong><\/td><td>22\/15<\/td><\/tr><tr><td>Y81-2000B<strong><\/strong><\/td><td>2000<strong><\/strong><\/td><td>1800*1400*900<strong><\/strong><\/td><td>450*450<strong><\/strong><\/td><td>\u22652000<strong><\/strong><\/td><td>3000-5000<strong><\/strong><\/td><td>\u2264130<strong><\/strong><\/td><td>30\/37<\/td><\/tr><tr><td>Y81-2500A<strong><\/strong><\/td><td>2500<strong><\/strong><\/td><td>2000*1400*900<strong><\/strong><\/td><td>500*500<strong><\/strong><\/td><td>\u22652000<strong><\/strong><\/td><td>4000-6300<strong><\/strong><\/td><td>\u2264130<strong><\/strong><\/td><td>44\/60<\/td><\/tr><tr><td>Y81-2500B<strong><\/strong><\/td><td>2500<strong><\/strong><\/td><td>2000*1750*1000<strong><\/strong><\/td><td>500*500<strong><\/strong><\/td><td>\u22652000<strong><\/strong><\/td><td>5000-6300<strong><\/strong><\/td><td>\u2264150<strong><\/strong><\/td><td>44<strong><\/strong><\/td><\/tr><tr><td>Y81-2500C<strong><\/strong><\/td><td>2500<strong><\/strong><\/td><td>2000*1750*1200<strong><\/strong><\/td><td>600*600<strong><\/strong><\/td><td>\u22652000<strong><\/strong><\/td><td>5500-6500<strong><\/strong><\/td><td>\u2264150<strong><\/strong><\/td><td>60<strong><\/strong><\/td><\/tr><tr><td>Y81-2500D<strong><\/strong><\/td><td>2500<strong><\/strong><\/td><td>2500*2000*1200<strong><\/strong><\/td><td>600*600<strong><\/strong><\/td><td>\u22652000<strong><\/strong><\/td><td>5500-6500<strong><\/strong><\/td><td>\u2264150<strong><\/strong><\/td><td>60<strong><\/strong><\/td><\/tr><tr><td>Y81-3150A<strong><\/strong><\/td><td>3150<strong><\/strong><\/td><td>2000*1750*1000<strong><\/strong><\/td><td>500*500<strong><\/strong><\/td><td>\u22652000<strong><\/strong><\/td><td>4000-6500<strong><\/strong><\/td><td>\u2264150<strong><\/strong><\/td><td>60<strong><\/strong><\/td><\/tr><tr><td>Y81-3150B<strong><\/strong><\/td><td>3150<strong><\/strong><\/td><td>2000*1750*1200<strong><\/strong><\/td><td>600*600<strong><\/strong><\/td><td>\u22652000<strong><\/strong><\/td><td>5000-7000<strong><\/strong><\/td><td>\u2264150<strong><\/strong><\/td><td>60<strong><\/strong><\/td><\/tr><tr><td>Y81-3150C<strong><\/strong><\/td><td>3150<strong><\/strong><\/td><td>2500*2000*1200<strong><\/strong><\/td><td>600*600<strong><\/strong><\/td><td>\u22652000<strong><\/strong><\/td><td>6000-8000<strong><\/strong><\/td><td>\u2264150<strong><\/strong><\/td><td>90<strong><\/strong><\/td><\/tr><tr><td>Y81-3150D<strong><\/strong><\/td><td>3150<strong><\/strong><\/td><td>3000*2500*1200<strong><\/strong><\/td><td>600*600<strong><\/strong><\/td><td>\u22652000<strong><\/strong><\/td><td>6000-8000<strong><\/strong><\/td><td>\u2264160<strong><\/strong><\/td><td>90<strong><\/strong><\/td><\/tr><tr><td>Y81-4000A<strong><\/strong><\/td><td>4000<strong><\/strong><\/td><td>2500*2000*1200<strong><\/strong><\/td><td>600*600<strong><\/strong><\/td><td>\u22652000<strong><\/strong><\/td><td>5000-7500<strong><\/strong><\/td><td>\u2264160<strong><\/strong><\/td><td>90<strong><\/strong><\/td><\/tr><tr><td>Y81-4000B<strong><\/strong><\/td><td>4000<strong><\/strong><\/td><td>3000*2500*1200<strong><\/strong><\/td><td>600*600<strong><\/strong><\/td><td>\u22652000<strong><\/strong><\/td><td>8500-13000<strong><\/strong><\/td><td>\u2264160<strong><\/strong><\/td><td>90<strong><\/strong><\/td><\/tr><tr><td>Y81-4000C<strong><\/strong><\/td><td>4000<strong><\/strong><\/td><td>3500*3000*1200<strong><\/strong><\/td><td>600*600<strong><\/strong><\/td><td>\u22652000<strong><\/strong><\/td><td>9500-14000<strong><\/strong><\/td><td>\u2264160<strong><\/strong><\/td><td>90<strong><\/strong><\/td><\/tr><\/tbody><\/table><figcaption class=\"wp-element-caption\">Mashine ya kubana chuma cha taka<\/figcaption><\/figure>    <h2 class=\"wp-block-heading\" id=\"h-application-of-metal-baler\"><strong>Matumizi ya mashine ya kubana chuma ya mwelekeo<\/strong><\/h2>    <p class=\"translation-block\">Mashine ya kubana chuma inafaa kwa kusukuma aina zote za chuma cha taka kama <strong>chuma cha taka, chuma cha kutupwa, shaba, chuma cha aluminium,<\/strong> <strong> chips za aluminium, karatasi za chuma, nywele za chuma, nywele za aluminium, ndoo za mafuta taka, matangi ya rangi na matangi mengine ya chuma na makopo<\/strong>, <strong>mifuko ya gari la taka<\/strong>,<strong> nyenzo za mafuta taka, makopo, makopo ya chakula,<\/strong> <strong> nyenzo za gari zilizovunjika, ikiwa ni pamoja na mwili, mlango, block ya injini, nyundo za breki, sehemu za injini, sehemu za kusimamisha, taka za chuma mbalimbali, chips za kukata, chips za kusaga, nk. zinazozalishwa wakati wa uzalishaji wa viwanda<\/strong>,<strong> nk<\/strong>. <\/p>   <div class=\"wp-block-image\"> <figure class=\"aligncenter size-large\"><img loading=\"lazy\" decoding=\"async\" width=\"720\" height=\"695\" src=\"https:\/\/shuliybaler.com\/wp-content\/uploads\/2019\/12\/application-of-the-metal-press-machine.jpg\" alt=\"Aplicaci\u00f3n de la m\u00e1quina de prensa de metal\" class=\"wp-image-424\" title=\"\" srcset=\"https:\/\/shuliybaler.com\/wp-content\/uploads\/2019\/12\/application-of-the-metal-press-machine.jpg 720w, https:\/\/shuliybaler.com\/wp-content\/uploads\/2019\/12\/application-of-the-metal-press-machine-280x270.jpg 280w, https:\/\/shuliybaler.com\/wp-content\/uploads\/2019\/12\/application-of-the-metal-press-machine-559x540.jpg 559w\" sizes=\"auto, (max-width: 720px) 100vw, 720px\" \/><figcaption class=\"wp-element-caption\">matumizi ya mashine ya kubana chuma<\/figcaption><\/figure> <\/div>   <p class=\"translation-block\">Inaweza kutumika kutengeneza maumbo mbalimbali ya balesi (saizi ya balesi inaweza kubadilishwa) kama vile <strong>bale refu, silinda, balesi<\/strong>, nk., ambayo ni rahisi kuyeyusha na kuyatumia tena. Zaidi ya hayo, inaweza pia kutumika kwa kusukuma <strong>karatasi za katoni, chupa za plastiki<\/strong>, na vitu vingine.<\/p>    <h2 class=\"wp-block-heading\" id=\"h-structural-composition-of-metal-briquette-machine\"><strong>Muundo wa mashine ya kubana chuma cha taka ya mwelekeo<\/strong><\/h2>    <p>Mashine ya kubana chuma cha taka inaundwa kwa sehemu za majimaji, chumba cha kuingiza, kifuniko cha mlango, mkono wa telescopic, jopo la kudhibiti, shina la majimaji la upande, shina kuu la majimaji, injini, reducer, kifaa cha usalama, nk.<\/p>   <div class=\"wp-block-image\"> <figure class=\"aligncenter size-large\"><img loading=\"lazy\" decoding=\"async\" width=\"720\" height=\"540\" src=\"https:\/\/shuliybaler.com\/wp-content\/uploads\/2019\/12\/structure-of-the-metal-baler.jpg\" alt=\"Muundo wa mashine ya kubana chuma\" class=\"wp-image-426\" title=\"\" srcset=\"https:\/\/shuliybaler.com\/wp-content\/uploads\/2019\/12\/structure-of-the-metal-baler.jpg 720w, https:\/\/shuliybaler.com\/wp-content\/uploads\/2019\/12\/structure-of-the-metal-baler-360x270.jpg 360w, https:\/\/shuliybaler.com\/wp-content\/uploads\/2019\/12\/structure-of-the-metal-baler-180x135.jpg 180w\" sizes=\"auto, (max-width: 720px) 100vw, 720px\" \/><figcaption class=\"wp-element-caption\">Muundo wa mashine ya kubana chuma<\/figcaption><\/figure> <\/div>   <ul class=\"wp-block-list\"> <li>La parte hidr\u00e1ulica es el \u201ccoraz\u00f3n\u201d de la compactadora de metal y la fuente de energ\u00eda de la m\u00e1quina. El rango de presi\u00f3n de esta m\u00e1quina est\u00e1 entre 1250kn y 4000kn.<\/li>    <li>La c\u00e1mara de alimentaci\u00f3n determina el tama\u00f1o de los materiales que se pueden introducir. El rango de tama\u00f1o de la c\u00e1mara de alimentaci\u00f3n es 1200 * 700 * 600mm \u2013 3500 * 3000 * 1200mm.<\/li>    <li>Kuna silinda nne za majimaji kwenye mashine, moja kwenye kifuniko cha mlango, moja kwenye mshipa mkuu wa kusukuma, moja kwenye mshipa wa upande, na moja kwenye sehemu ya kutoka.<\/li>    <li>Weka kifaa cha kusimamisha dharura na vifaa vya kulinda dhidi ya umeme kupita kiasi ili kuzuia ajali.<\/li> <\/ul>    <h2 class=\"wp-block-heading\" id=\"h-how-does-a-metal-baler-work\"><strong>Jinsi mashine ya kubana chuma inavyofanya kazi?<\/strong><\/h2>    <figure class=\"wp-block-embed is-type-video is-provider-youtube wp-block-embed-youtube wp-embed-aspect-16-9 wp-has-aspect-ratio\"><div class=\"wp-block-embed__wrapper\"> <iframe loading=\"lazy\" title=\"Mashine ya kubana mabaki ya chuma na mashine ya kubana makopo ya alumini | mashine ya kubana chuma na makopo ya alumini kwa kuchakata\" width=\"500\" height=\"281\" src=\"https:\/\/www.youtube.com\/embed\/9JxkvEm4QMc?feature=oembed\" frameborder=\"0\" allow=\"accelerometer; autoplay; clipboard-write; encrypted-media; gyroscope; picture-in-picture; web-share\" referrerpolicy=\"strict-origin-when-cross-origin\" allowfullscreen><\/iframe> <\/div><figcaption class=\"wp-element-caption\">Video ya kazi ya mashine ya kubana chuma cha taka, chuma cha kutupwa, shaba <\/figcaption><\/figure>   <div id=\"rank-math-howto\" class=\"rank-math-block\" > <div class=\"rank-math-howto-description\">  <\/div>  <div class=\"rank-math-steps\"> <div id=\"howto-step-1704877907192\" class=\"rank-math-step\"> <h3 class=\"rank-math-step-title\"><strong>Kupakia taka <\/strong><\/h3> <div class=\"rank-math-step-content\"><p>Kwanza, weka nyenzo kwenye chumba cha kuingiza cha mashine ya kusukuma chuma. Kumbuka: Nyenzo zilizowekwa haziwezi kuzidi kiwango cha juu cha mashine, kwa sababu injini itaharibika kwa urahisi wakati wa kazi kwa mzigo mwingi.<\/p> <\/div> <\/div> <div id=\"howto-step-1704877937503\" class=\"rank-math-step\"> <h3 class=\"rank-math-step-title\"><strong>Anza mashine ya kubana chuma cha taka<\/strong><\/h3> <div class=\"rank-math-step-content\"><p>Washa umeme wa mashine na tumia lever ya operesheni kudhibiti kifuniko cha mlango kusukuma chini. Baada ya kusukuma kumalizika, kifuniko cha mlango na sanduku la kuingiza huunda nafasi iliyofungwa.<\/p> <\/div> <\/div> <div id=\"howto-step-1704878010159\" class=\"rank-math-step\"> <h3 class=\"rank-math-step-title\"><strong>Kushinikiza kwa pointi nyingi za majimaji<\/strong><\/h3> <div class=\"rank-math-step-content\"><p>Mshipa wa majimaji nyuma na pande za mashine ya kubana chuma cha taka huendesha nyenzo mbele na kuendelea kusukuma, hatimaye kuunda blocki ya chuma yenye msongamano mkubwa.<\/p> <\/div> <\/div> <div id=\"howto-step-1704878082347\" class=\"rank-math-step\"> <h3 class=\"rank-math-step-title\"><strong>Mchakato wa kuunda na kutoa<\/strong><\/h3> <div class=\"rank-math-step-content\"><p>Mshipa wa majimaji wa push ya kubana huendesha nyenzo kwa umbo thabiti, na msongamano unaweza kufikia 2000 kg \/ m3. Hatimaye, huendesha balesi za chuma zilizobana kwa urahisi kutoka kwa mashine. Hii inakamilisha operesheni kamili ya kubana taka za chuma.<\/p> <\/div> <\/div> <\/div> <\/div>       <h2 class=\"wp-block-heading\" id=\"h-advantages-of-hydraulic-scrap-metal-briquette-machine\"><strong>Faida za mashine ya kubana chuma cha taka kwa majimaji ya maji<\/strong><\/h2>    <ol class=\"wp-block-list\"> <li>Mashine inaendeshwa kwa majimaji, yenye kelele ya chini, kazi thabiti, na viwango vya usalama vya juu.<\/li>    <li>Kuna njia mbalimbali za kutoa, ambazo zinaweza kugawanywa kati ya utoaji wa mashine na utoaji wa mikono. Wateja wanaweza kuchagua kulingana na mahitaji yao.<\/li>    <li>Kwa ujumla, voltage ya mashine ni 380v, lakini pia inaweza kubadilishwa kulingana na mahitaji ya mteja. Katika hali ya kuwa na vyanzo vya umeme visivyo rahisi, injini za dizeli zinaweza kutumika kutoa nguvu.<\/li>    <li>Mashine ni rahisi kusakinisha, hakuna screws za mguu zinazohitajika kusakinishwa.<\/li>    <li>Kuna njia mbalimbali za uendeshaji wa mashine, hivyo unaweza kuchagua uendeshaji wa mikono au wa PLC.<\/li>    <li>Las piezas de la m\u00e1quina de briquetas de chatarra met\u00e1lica son procesadas con precisi\u00f3n por un torno de control num\u00e9rico por computadora. La acci\u00f3n de la m\u00e1quina es suave y duradera.<\/li>    <li>Mashine imetengenezwa kwa chuma cha kaboni kilichoimarishwa na muonekano mzuri. Uso wa mashine umefunikwa na rangi ya kinga ya maji na kuzuia kutu ili kuongeza maisha ya huduma ya mashine.<\/li> <\/ol>    <figure class=\"wp-block-gallery has-nested-images columns-default is-cropped wp-block-gallery-2 is-layout-flex wp-block-gallery-is-layout-flex\"> <figure class=\"wp-block-image size-large\"><img loading=\"lazy\" decoding=\"async\" width=\"720\" height=\"540\" data-id=\"428\" src=\"https:\/\/shuliybaler.com\/wp-content\/uploads\/2019\/12\/the-motor-of-this-metal-briquetting-machine.jpg\" alt=\"El motor de esta m\u00e1quina de briquetado de metal\" class=\"wp-image-428\" title=\"\" srcset=\"https:\/\/shuliybaler.com\/wp-content\/uploads\/2019\/12\/the-motor-of-this-metal-briquetting-machine.jpg 720w, https:\/\/shuliybaler.com\/wp-content\/uploads\/2019\/12\/the-motor-of-this-metal-briquetting-machine-360x270.jpg 360w, https:\/\/shuliybaler.com\/wp-content\/uploads\/2019\/12\/the-motor-of-this-metal-briquetting-machine-180x135.jpg 180w\" sizes=\"auto, (max-width: 720px) 100vw, 720px\" \/><figcaption class=\"wp-element-caption\">Kielelezo cha motor cha mashine hii ya kubana chuma<\/figcaption><\/figure>    <figure class=\"wp-block-image size-large\"><img loading=\"lazy\" decoding=\"async\" width=\"720\" height=\"540\" data-id=\"427\" src=\"https:\/\/shuliybaler.com\/wp-content\/uploads\/2019\/12\/the-detail-part-of-this-baler-machine.jpg\" alt=\"La parte detallada de esta m\u00e1quina compactadora\" class=\"wp-image-427\" title=\"\" srcset=\"https:\/\/shuliybaler.com\/wp-content\/uploads\/2019\/12\/the-detail-part-of-this-baler-machine.jpg 720w, https:\/\/shuliybaler.com\/wp-content\/uploads\/2019\/12\/the-detail-part-of-this-baler-machine-360x270.jpg 360w, https:\/\/shuliybaler.com\/wp-content\/uploads\/2019\/12\/the-detail-part-of-this-baler-machine-180x135.jpg 180w\" sizes=\"auto, (max-width: 720px) 100vw, 720px\" \/><figcaption class=\"wp-element-caption\">Sehemu ya Kina ya Mashine Hii ya Kubana<\/figcaption><\/figure>    <figure class=\"wp-block-image size-large\"><img loading=\"lazy\" decoding=\"async\" width=\"720\" height=\"540\" data-id=\"425\" src=\"https:\/\/shuliybaler.com\/wp-content\/uploads\/2019\/12\/Hydraulic-shaft-of-metal-briquetting-machine.jpg\" alt=\"Shina la majimaji la mashine ya kubana chuma\" class=\"wp-image-425\" title=\"\" srcset=\"https:\/\/shuliybaler.com\/wp-content\/uploads\/2019\/12\/Hydraulic-shaft-of-metal-briquetting-machine.jpg 720w, https:\/\/shuliybaler.com\/wp-content\/uploads\/2019\/12\/Hydraulic-shaft-of-metal-briquetting-machine-360x270.jpg 360w, https:\/\/shuliybaler.com\/wp-content\/uploads\/2019\/12\/Hydraulic-shaft-of-metal-briquetting-machine-180x135.jpg 180w\" sizes=\"auto, (max-width: 720px) 100vw, 720px\" \/><figcaption class=\"wp-element-caption\">Shina la majimaji la mashine ya kubana chuma<\/figcaption><\/figure>    <figure class=\"wp-block-image size-large\"><img loading=\"lazy\" decoding=\"async\" width=\"720\" height=\"540\" data-id=\"490\" src=\"https:\/\/shuliybaler.com\/wp-content\/uploads\/2019\/12\/aluminum-can-baler.jpg\" alt=\"baler ya chuma\" class=\"wp-image-490\" title=\"\" srcset=\"https:\/\/shuliybaler.com\/wp-content\/uploads\/2019\/12\/aluminum-can-baler.jpg 720w, https:\/\/shuliybaler.com\/wp-content\/uploads\/2019\/12\/aluminum-can-baler-360x270.jpg 360w, https:\/\/shuliybaler.com\/wp-content\/uploads\/2019\/12\/aluminum-can-baler-180x135.jpg 180w\" sizes=\"auto, (max-width: 720px) 100vw, 720px\" \/><figcaption class=\"wp-element-caption\">Mashine ya Kubana Chuma cha Taka<\/figcaption><\/figure> <\/figure>    <h2 class=\"wp-block-heading\"><strong>Kwa nini uchague Shuliy kama mtoa huduma wa mashine ya kubana chuma cha taka?<\/strong><\/h2>    <p>Shuliy ilichaguliwa kama mtoa huduma wa mashine za kubana chuma cha taka kwa sababu ya faida zake za ushindani katika sekta kwa utendaji wa vifaa, uhakika wa ubora na huduma kwa wateja.<\/p>    <ul class=\"wp-block-list\"> <li><strong>Bei ya busara<\/strong>: Shuliy hutoa baler za chuma za taka zinazoboresha gharama, kuhakikisha kuwa wateja wanaweza kupata vifaa vya uzalishaji vya ubora wa juu huku wakidhibiti gharama.<\/li>    <li><strong>Huduma iliyobinafsishwa<\/strong>: Kupitia majibu kwa mahitaji tofauti ya wateja, Schulich anaweza kutoa suluhisho za kibinafsi za kubinafsisha ili kubuni na kuboresha baler kwa hali maalum za usindikaji taka.<\/li>    <li><strong>Huduma kamilifu<\/strong>: Kutoka kwa ushauri wa kabla ya mauzo hadi usakinishaji na matengenezo baada ya mauzo, tunatoa huduma kamili ya sehemu moja kuhakikisha kuwa wateja hawana wasiwasi.<\/li>    <li><strong>Aina mbalimbali za mifano<\/strong>: Tuna aina mbalimbali za vipimo vya mfululizo wa baler za chuma, ili kukidhi mahitaji tofauti ya uzalishaji na aina za nyenzo za kubana, ili kuendana na mwelekeo wa soko la utofauti.<\/li> <\/ul>    <h2 class=\"wp-block-heading\"><strong>Jinsi ya kupata maelezo zaidi kuhusu <a href=\"https:\/\/shuliybaler.com\/sw\/product\/scrap-metal-baler\/\">Mashine ya kubana chuma cha taka<\/a>?<\/strong><\/h2>    <p class=\"translation-block\">Kwa maelezo zaidi au kuagiza Mashine ya Kubana Chuma cha Mwelekeo wa Shuliy, tafadhali tembelea tovuti rasmi. Wakati huo huo, unaweza pia kutuma barua pepe, kutumia chombo cha mazungumzo mtandaoni kwa uchunguzi na mawasiliano, tutakupa huduma za ushauri za kitaalamu kuhusu <a href=\"https:\/\/en.wikipedia.org\/wiki\/Aluminium_recycling\" target=\"_blank\" rel=\"noopener\">urejelezaji wa chuma<\/a> kwa wakati.<\/p>","protected":false},"excerpt":{"rendered":"<p>La m\u00e1quina de briquetas de chatarra met\u00e1lica tambi\u00e9n se llama compactadora de metal para compactar chatarra met\u00e1lica, acero, hierro, cobre, etc., en fardos con forma para reciclar y obtener beneficios. Este art\u00edculo describe los tipos de compactadoras que se pueden compactar y los materiales que se pueden compactar para su referencia al elegir.<\/p>","protected":false},"author":1,"featured_media":2719,"parent":0,"template":"","tags":[39],"product-type":[41],"class_list":["post-407","product","type-product","status-publish","has-post-thumbnail","hentry","tag-metal-baler","product-type-metal-baler-machine"],"_links":{"self":[{"href":"https:\/\/shuliybaler.com\/sw\/wp-json\/wp\/v2\/product\/407","targetHints":{"allow":["GET"]}}],"collection":[{"href":"https:\/\/shuliybaler.com\/sw\/wp-json\/wp\/v2\/product"}],"about":[{"href":"https:\/\/shuliybaler.com\/sw\/wp-json\/wp\/v2\/types\/product"}],"author":[{"embeddable":true,"href":"https:\/\/shuliybaler.com\/sw\/wp-json\/wp\/v2\/users\/1"}],"wp:featuredmedia":[{"embeddable":true,"href":"https:\/\/shuliybaler.com\/sw\/wp-json\/wp\/v2\/media\/2719"}],"wp:attachment":[{"href":"https:\/\/shuliybaler.com\/sw\/wp-json\/wp\/v2\/media?parent=407"}],"wp:term":[{"taxonomy":"post_tag","embeddable":true,"href":"https:\/\/shuliybaler.com\/sw\/wp-json\/wp\/v2\/tags?post=407"},{"taxonomy":"product-type","embeddable":true,"href":"https:\/\/shuliybaler.com\/sw\/wp-json\/wp\/v2\/product-type?post=407"}],"curies":[{"name":"wp","href":"https:\/\/api.w.org\/{rel}","templated":true}]}}