{"id":462,"date":"2019-12-10T14:17:29","date_gmt":"2019-12-10T06:17:29","guid":{"rendered":"https:\/\/shuliybaler.com\/?p=462"},"modified":"2022-12-29T16:05:20","modified_gmt":"2022-12-29T08:05:20","slug":"vertical-metal-baler","status":"publish","type":"product","link":"https:\/\/shuliybaler.com\/sw\/product\/vertical-metal-baler\/","title":{"rendered":"Ghala la Chuma la Mstari wa Mshikamano wa Chuma | Mashine ya Kukusanya Rubbish"},"content":{"rendered":"<p>Baler ya chuma wima pia inaitwa baler ya urejelezaji, baler ya majimaji ya wima, n.k. Inatumia kanuni ya majimaji kubana nyenzo za chuma chafu, ili kuokoa nafasi na kurahisisha usafirishaji. Kwa sababu mashine hii inaweza kutumika kushughulikia nyenzo mbalimbali, inafaa kwa kubana majani, sufu, maganda ya karanga, hops, ngozi, nyenzo za nguo, karatasi chafu, plastiki chafu, chuma chafu, makopo, n.k., pia inaitwa baler ya majukumu mengi ya majimaji.<\/p>   <div class=\"wp-block-image\"> <figure class=\"aligncenter size-large\"><img loading=\"lazy\" decoding=\"async\" width=\"720\" height=\"540\" src=\"https:\/\/shuliybaler.com\/wp-content\/uploads\/2019\/12\/vertical-metal-baler-1.jpg\" alt=\"Baler ya chuma ya mlalo\" class=\"wp-image-478\" title=\"\" srcset=\"https:\/\/shuliybaler.com\/wp-content\/uploads\/2019\/12\/vertical-metal-baler-1.jpg 720w, https:\/\/shuliybaler.com\/wp-content\/uploads\/2019\/12\/vertical-metal-baler-1-360x270.jpg 360w, https:\/\/shuliybaler.com\/wp-content\/uploads\/2019\/12\/vertical-metal-baler-1-180x135.jpg 180w\" sizes=\"auto, (max-width: 720px) 100vw, 720px\" \/><figcaption class=\"wp-element-caption\">Baler ya chuma ya mlalo<\/figcaption><\/figure> <\/div>   <h2 class=\"wp-block-heading\" id=\"h-structure-of-vertical-metal-baler\">Muundo wa baler ya chuma wima<\/h2>   <div class=\"wp-block-image\"> <figure class=\"aligncenter size-full\"><img loading=\"lazy\" decoding=\"async\" width=\"720\" height=\"750\" src=\"https:\/\/shuliybaler.com\/wp-content\/uploads\/2019\/12\/1ca47c90.jpg\" alt=\"Baler ya matairi ya chuma chafu\" class=\"wp-image-2454\" title=\"\"><figcaption class=\"wp-element-caption\">Baler ya matairi ya chuma chafu<\/figcaption><\/figure> <\/div>   <ol class=\"wp-block-list\"> <li>Mwili wa mashine. Mwili wa mashine unajumuisha sahani ya msingi na baffles mbili za mbele na za nyuma zinazohamishika. Kulingana na uwezo tofauti wa uzalishaji wa mashine, idadi ya nyufa za kamba kwenye sakafu ya mashine pia ni tofauti. <\/li>    <li>Baffle ya juu. Baffle ya juu iko moja kwa moja juu ya sanduku la kuingiza mashine. Wakati mashine inafanya kazi, baffle ya juu huendeshwa chini na mfumo wa majimaji, ikibana nafasi ndani ya sanduku la kuingiza na kubana nyenzo.<\/li>    <li>Mfumo wa majimaji. Mfumo wa majimaji ni mfumo kuu wa mashine, unaoundwa na bomba la majimaji, tanki la mafuta, pampu ya majimaji, valve, n.k. kutoa nguvu kwa kazi ya mashine.<\/li> <\/ol>    <figure class=\"wp-block-embed is-type-video is-provider-youtube wp-block-embed-youtube wp-embed-aspect-16-9 wp-has-aspect-ratio\"><div class=\"wp-block-embed__wrapper\"> <iframe loading=\"lazy\" title=\"Mashine ya kubana karatasi chafu | mashine ya kubana pamba | mashine ya kubana makopo | mashine ya kubana tena\" width=\"500\" height=\"281\" src=\"https:\/\/www.youtube.com\/embed\/QZtXuzoCVkA?feature=oembed\" frameborder=\"0\" allow=\"accelerometer; autoplay; clipboard-write; encrypted-media; gyroscope; picture-in-picture; web-share\" referrerpolicy=\"strict-origin-when-cross-origin\" allowfullscreen><\/iframe> <\/div><\/figure>    <h2 class=\"wp-block-heading\" id=\"h-how-does-a-recycling-baler-work\">Mashine ya kubana tena inafanya kazi vipi?<\/h2>   <div class=\"wp-block-image\"> <figure class=\"aligncenter size-full\"><img loading=\"lazy\" decoding=\"async\" width=\"720\" height=\"750\" src=\"https:\/\/shuliybaler.com\/wp-content\/uploads\/2019\/12\/1942c7a8.jpg\" alt=\"Ufungaji wa chupa za plastiki\" class=\"wp-image-2453\" title=\"\"><figcaption class=\"wp-element-caption\">Ufungaji wa chupa za plastiki<\/figcaption><\/figure> <\/div>   <p>Kwanza weka aina zote za taka (chuma chafu, chupa za plastiki, nguo chafu, n.k.) kwenye sanduku la kuingiza. Washa swichi ya mashine, na baffle ya juu itashuka polepole, ikibana nyenzo kuwa fuo la mraba thabiti. Baada ya mashine kumaliza kazi, fungua baffles za mbele na nyuma, na tumia waya za chuma, kamba, nyuzi za kitambaa, n.k. kuunganisha nyenzo zilizobandikwa kwa nguvu ili kuhakikisha muundo wake wa kompakt.<\/p>    <h2 class=\"wp-block-heading\" id=\"h-what-s-the-difference-between-a-vertical-metal-baler-and-a-horizontal-one\">Je, kuna tofauti gani kati ya baler ya chuma wima na ile ya mwelekeo wa usawa?<\/h2>    <p>Kwa ujumla, baler ya mwelekeo wa usawa ina pato kubwa zaidi, na nyenzo zilizoshughulikiwa hazihitaji kufungwa kwa kamba. Wakati wa kushughulikia nyenzo zenye unene mkubwa na ukubwa mkubwa, baler za chuma wima zinatumiwa kwa ujumla. Hata hivyo, baler za chuma wima zinatumika zaidi. Zaidi ya hayo, nafasi ya sakafu ya baler ya chuma wima ni ndogo.<\/p>    <figure class=\"wp-block-gallery has-nested-images columns-default is-cropped wp-block-gallery-2 is-layout-flex wp-block-gallery-is-layout-flex\"> <figure class=\"wp-block-image size-large\"><img loading=\"lazy\" decoding=\"async\" width=\"720\" height=\"540\" data-id=\"480\" src=\"https:\/\/shuliybaler.com\/wp-content\/uploads\/2019\/12\/recycling-baler-1.jpg\" alt=\"Compactadora de reciclaje\" class=\"wp-image-480\" title=\"\" srcset=\"https:\/\/shuliybaler.com\/wp-content\/uploads\/2019\/12\/recycling-baler-1.jpg 720w, https:\/\/shuliybaler.com\/wp-content\/uploads\/2019\/12\/recycling-baler-1-360x270.jpg 360w, https:\/\/shuliybaler.com\/wp-content\/uploads\/2019\/12\/recycling-baler-1-180x135.jpg 180w\" sizes=\"auto, (max-width: 720px) 100vw, 720px\" \/><figcaption class=\"wp-element-caption\">Baler ya urejelezaji<\/figcaption><\/figure>    <figure class=\"wp-block-image size-large\"><img loading=\"lazy\" decoding=\"async\" width=\"720\" height=\"540\" data-id=\"481\" src=\"https:\/\/shuliybaler.com\/wp-content\/uploads\/2019\/12\/application-range-of-the-hydraulic-baler-1.jpg\" alt=\"Rango de aplicaci\u00f3n de la compactadora hidr\u00e1ulica\" class=\"wp-image-481\" title=\"\" srcset=\"https:\/\/shuliybaler.com\/wp-content\/uploads\/2019\/12\/application-range-of-the-hydraulic-baler-1.jpg 720w, https:\/\/shuliybaler.com\/wp-content\/uploads\/2019\/12\/application-range-of-the-hydraulic-baler-1-360x270.jpg 360w, https:\/\/shuliybaler.com\/wp-content\/uploads\/2019\/12\/application-range-of-the-hydraulic-baler-1-180x135.jpg 180w\" sizes=\"auto, (max-width: 720px) 100vw, 720px\" \/><figcaption class=\"wp-element-caption\">Uwanja wa matumizi wa baler ya majimaji<\/figcaption><\/figure> <\/figure>    <h2 class=\"wp-block-heading\" id=\"h-features-of-recycling-baler\">Vipengele vya mashine ya kubana tena<\/h2>    <p>1. Kutumika sana.<\/p>    <ul class=\"wp-block-list\"> <li>Inaweza kutumika kubana taka za kilimo, kama majani, maganda ya karanga, pamba, n.k.<\/li>    <li>Inaweza kutumika kwa kufunga nyenzo za mifugo, kama hay, sufu, n.k.<\/li>    <li>Ufungaji wa taka za viwandani, kama bidhaa za plastiki mbalimbali, chupa za plastiki, filamu za plastiki, vumbi vya chuma, makopo ya alumini, ndoo za chuma, n.k.<\/li> <\/ul>    <p>2. Spara plats. \u00c5 ena sidan har maskinen ett litet fotavtryck och kr\u00e4ver inte mycket plats f\u00f6r att anv\u00e4nda maskinen. \u00c5 andra sidan kan komprimerade material spara lagringsutrymme.<br> 3. Bredt urval. Maskinens tryckomr\u00e5de ligger mellan 10 tons och 200 tons. Inom detta intervall kan kunderna v\u00e4lja efter sina behov.<br> 4. Korrosionsbest\u00e4ndighet. Vissa avfall kan inneh\u00e5lla fr\u00e4tande v\u00e4tskor och material. Maskinen \u00e4r tillverkad av f\u00f6rtjockat material och belagd med anti-korrosionsf\u00e4rg.<br> 5. St\u00f6d f\u00f6r anpassning. Kunder kan anpassa utmatningsblockets storlek, maskinens storlek, tryckstorlek osv. f\u00f6r att underl\u00e4tta sm\u00e4ltning i ugnen, transport etc.<\/p>   <div class=\"wp-block-image\"> <figure class=\"aligncenter size-large\"><img loading=\"lazy\" decoding=\"async\" width=\"720\" height=\"540\" src=\"https:\/\/shuliybaler.com\/wp-content\/uploads\/2019\/12\/big-capacity-of-the-metal-baler-1.jpg\" alt=\"Uwezo mkubwa wa baler ya chuma\" class=\"wp-image-483\" title=\"\" srcset=\"https:\/\/shuliybaler.com\/wp-content\/uploads\/2019\/12\/big-capacity-of-the-metal-baler-1.jpg 720w, https:\/\/shuliybaler.com\/wp-content\/uploads\/2019\/12\/big-capacity-of-the-metal-baler-1-360x270.jpg 360w, https:\/\/shuliybaler.com\/wp-content\/uploads\/2019\/12\/big-capacity-of-the-metal-baler-1-180x135.jpg 180w\" sizes=\"auto, (max-width: 720px) 100vw, 720px\" \/><figcaption class=\"wp-element-caption\">Uwezo mkubwa wa baler ya chuma<\/figcaption><\/figure> <\/div>   <h2 class=\"wp-block-heading\" id=\"h-technical-parameters-of-vertical-metal-baler\"><strong>Vigezo vya kiufundi vya baler ya chuma wima<\/strong><\/h2>   <div class=\"wp-block-image\"> <figure class=\"aligncenter size-full\"><img loading=\"lazy\" decoding=\"async\" width=\"720\" height=\"750\" src=\"https:\/\/shuliybaler.com\/wp-content\/uploads\/2019\/12\/wKh-1-2.jpg\" alt=\"Mashine ya kubana tena\" class=\"wp-image-2452\" title=\"\"><figcaption class=\"wp-element-caption\">Mashine ya kubana tena<\/figcaption><\/figure> <\/div>   <figure class=\"wp-block-table\"><table class=\"\"><tbody><tr><td><strong>&nbsp;<\/strong><\/td><td><strong>Aina <\/strong><strong><\/strong><\/td><td><strong>Kipenyo cha silinda<\/strong><strong><\/strong><\/td><td><strong>Nguvu (Kw)<\/strong><strong><\/strong><\/td><td><strong>Ukubwa wa block<\/strong><strong><\/strong><\/td><td><strong>Ukubwa wa mashine<\/strong><strong><\/strong><\/td><td><strong>Uzito wa block <\/strong><strong><\/strong><\/td><td><strong>Uzito wa mashine <\/strong><strong><\/strong><\/td><\/tr><tr><td rowspan=\"6\"><strong>Lever ya majimaji moja<\/strong><strong><\/strong><\/td><td><strong>10T<\/strong><strong><\/strong><\/td><td><strong>115<\/strong><strong><\/strong><\/td><td><strong>7.5<\/strong><strong><\/strong><\/td><td><strong>80*40*80<\/strong><strong><\/strong><\/td><td><strong>1.5*0.7*2.7<\/strong><strong><\/strong><\/td><td><strong>130<\/strong><strong><\/strong><\/td><td><strong>500<\/strong><strong><\/strong><\/td><\/tr><tr><td><strong>20T<\/strong><strong><\/strong><\/td><td><strong>140<\/strong><strong><\/strong><\/td><td><strong>7.5<\/strong><strong><\/strong><\/td><td><strong>80*40*80<\/strong><strong><\/strong><\/td><td><strong>1.5*0.7*2.8<\/strong><strong><\/strong><\/td><td><strong>150<\/strong><strong><\/strong><\/td><td><strong>550<\/strong><strong><\/strong><\/td><\/tr><tr><td><strong>30T<\/strong><strong><\/strong><\/td><td><strong>160<\/strong><strong><\/strong><\/td><td><strong>11<\/strong><strong><\/strong><\/td><td><strong>80*40*80<\/strong><strong><\/strong><\/td><td><strong>1.5*0.7*2.8<\/strong><strong><\/strong><\/td><td><strong>200<\/strong><strong><\/strong><\/td><td><strong>600<\/strong><strong><\/strong><\/td><\/tr><tr><td><strong>30T<\/strong><strong><\/strong><\/td><td><strong>160<\/strong><strong><\/strong><\/td><td><strong>11<\/strong><strong><\/strong><\/td><td><strong>80*60*80<\/strong><strong><\/strong><\/td><td><strong>1.5*0.85*2.8<\/strong><strong><\/strong><\/td><td><strong>260<\/strong><strong><\/strong><\/td><td><strong>650<\/strong><strong><\/strong><\/td><\/tr><tr><td><strong>30T<\/strong><strong><\/strong><\/td><td><strong>160<\/strong><strong><\/strong><\/td><td><strong>11<\/strong><strong><\/strong><\/td><td><strong>100*60*80<\/strong><strong><\/strong><\/td><td><strong>1.75*0.85*2.8<\/strong><strong><\/strong><\/td><td><strong>300<\/strong><strong><\/strong><\/td><td><strong>700<\/strong><strong><\/strong><\/td><\/tr><tr><td><strong>40T<\/strong><strong><\/strong><\/td><td><strong>180<\/strong><strong><\/strong><\/td><td><strong>11<\/strong><strong><\/strong><\/td><td><strong>100*60*80<\/strong><strong><\/strong><\/td><td><strong>1.75*0.85*2.8<\/strong><strong><\/strong><\/td><td><strong>350<\/strong><strong><\/strong><\/td><td><strong>750<\/strong><strong><\/strong><\/td><\/tr><tr><td rowspan=\"5\"><strong>Lever ya majimaji mara mbili<\/strong><strong><\/strong><\/td><td><strong>30T<\/strong><strong><\/strong><\/td><td><strong>115<\/strong><strong><\/strong><\/td><td><strong>11<\/strong><strong><\/strong><\/td><td><strong>100*60*80<\/strong><strong><\/strong><\/td><td><strong>1.75*0.85*2.8<\/strong><strong><\/strong><\/td><td><strong>300<\/strong><strong><\/strong><\/td><td><strong>700<\/strong><strong><\/strong><\/td><\/tr><tr><td><strong>40T<\/strong><strong><\/strong><\/td><td><strong>140<\/strong><strong><\/strong><\/td><td><strong>11<\/strong><strong><\/strong><\/td><td><strong>100*60*80<\/strong><strong><\/strong><\/td><td><strong>1.75*0.85*2.8<\/strong><strong><\/strong><\/td><td><strong>400<\/strong><strong><\/strong><\/td><td><strong>800<\/strong><strong><\/strong><\/td><\/tr><tr><td><strong>60T<\/strong><strong><\/strong><\/td><td><strong>160<\/strong><strong><\/strong><\/td><td><strong>15<\/strong><strong><\/strong><\/td><td><strong>120*80*100<\/strong><strong><\/strong><\/td><td><strong>1.7*1*3.2<\/strong><strong><\/strong><\/td><td><strong>600<\/strong><strong><\/strong><\/td><td><strong>1300<\/strong><strong><\/strong><\/td><\/tr><tr><td><strong>80T<\/strong><strong><\/strong><\/td><td><strong>180<\/strong><strong><\/strong><\/td><td><strong>18.5<\/strong><strong><\/strong><\/td><td><strong>120*80*100<\/strong><strong><\/strong><\/td><td><strong>1.75*1.1*3.3<\/strong><strong><\/strong><\/td><td><strong>800<\/strong><strong><\/strong><\/td><td><strong>1450<\/strong><strong><\/strong><\/td><\/tr><tr><td><strong>100T<\/strong><strong><\/strong><\/td><td><strong>180<\/strong><strong><\/strong><\/td><td><strong>22<\/strong><strong><\/strong><\/td><td><strong>120*80*100<\/strong><strong><\/strong><\/td><td><strong>1.75*1.1*3.3<\/strong><strong><\/strong><\/td><td><strong>900<\/strong><strong><\/strong><\/td><td><strong>1600<\/strong><strong><\/strong><\/td><\/tr><\/tbody><\/table><\/figure>    <p><\/p>    <p class=\"translation-block\">Kulingana na jedwali hili la vigezo, mashine hii ya kubana tena ina modeli mbalimbali. Wakati tunapendekeza wateja kuchagua modeli ya baler, tunatambua modeli ya mashine kulingana na vitu vinavyobandikwa na mteja. Kwa mfano, <a href=\"https:\/\/shuliybaler.com\/sw\/application-of-cotton-baler-machine\/\">ikiwa mteja anataka kufunga pamba na karatasi chafu, mashine ndogo inaweza kutumika.<\/a> Ikiwa mteja anataka kufunga matairi au ndoo za chuma, mashine kubwa inahitajika.<\/p>   <div class=\"vlp-link-container vlp-layout-basic wp-block-visual-link-preview-link\"><a href=\"https:\/\/shuliybaler.com\/sw\/application-of-cotton-baler-machine\/\" class=\"vlp-link\" title=\"Matumizi ya mashine ya kubana pamba\" rel=\"nofollow\" target=\"_blank\"><\/a><div class=\"vlp-layout-zone-side\"><div class=\"vlp-block-2 vlp-link-image\"><img decoding=\"async\" src=\"https:\/\/shuliybaler.com\/wp-content\/uploads\/2022\/06\/%E7%99%BD%E5%BA%95%E5%9B%BE1.jpg\" style=\"max-width: 150px; max-height: 150px\" alt=\"\" title=\"\"><\/div><\/div><div class=\"vlp-layout-zone-main\"><div class=\"vlp-block-0 vlp-link-title\">Matumizi ya mashine ya kubana pamba<\/div><div class=\"vlp-block-1 vlp-link-summary\">Pamba ni nyuzi za mbegu za mmea wa Gossypium wa familia ya Malvaceae, asili ya maeneo ya joto. Mmea huu ni wa kichaka na huweza kukua hadi urefu wa mita 6.<\/div><\/div><\/div>   <h2 class=\"wp-block-heading\">Video ya baler ya chuma wima<\/h2>    <figure class=\"wp-block-embed is-type-video is-provider-youtube wp-block-embed-youtube wp-embed-aspect-16-9 wp-has-aspect-ratio\"><div class=\"wp-block-embed__wrapper\"> <iframe loading=\"lazy\" title=\"Unataka kufunga nini na mashine ya kubana ya matumizi mengi? | Jinsi ya kufunga karatasi chafu?#baler\" width=\"500\" height=\"281\" src=\"https:\/\/www.youtube.com\/embed\/utYKwdaiwy8?feature=oembed\" frameborder=\"0\" allow=\"accelerometer; autoplay; clipboard-write; encrypted-media; gyroscope; picture-in-picture; web-share\" referrerpolicy=\"strict-origin-when-cross-origin\" allowfullscreen><\/iframe> <\/div><\/figure>","protected":false},"excerpt":{"rendered":"<p>Baler ya chuma wima pia inaitwa baler ya urejelezaji, baler ya majimaji ya wima, n.k. Inatumia kanuni ya majimaji kubana nyenzo za chuma chafu, ili kuokoa nafasi na kurahisisha usafirishaji. Kwa sababu mashine hii inaweza kutumika kushughulikia nyenzo mbalimbali, inafaa kwa kubana majani, sufu, maganda ya karanga, hops, ngozi, nyenzo za nguo, karatasi chafu, plastiki chafu, chuma chafu, makopo, n.k., pia inaitwa baler ya majukumu mengi ya majimaji.<\/p>","protected":false},"author":1,"featured_media":2450,"parent":0,"template":"","tags":[50,6],"product-type":[41],"class_list":["post-462","product","type-product","status-publish","has-post-thumbnail","hentry","tag-metal-baling-machine","tag-vertical-metal-baler","product-type-metal-baler-machine"],"_links":{"self":[{"href":"https:\/\/shuliybaler.com\/sw\/wp-json\/wp\/v2\/product\/462","targetHints":{"allow":["GET"]}}],"collection":[{"href":"https:\/\/shuliybaler.com\/sw\/wp-json\/wp\/v2\/product"}],"about":[{"href":"https:\/\/shuliybaler.com\/sw\/wp-json\/wp\/v2\/types\/product"}],"author":[{"embeddable":true,"href":"https:\/\/shuliybaler.com\/sw\/wp-json\/wp\/v2\/users\/1"}],"wp:featuredmedia":[{"embeddable":true,"href":"https:\/\/shuliybaler.com\/sw\/wp-json\/wp\/v2\/media\/2450"}],"wp:attachment":[{"href":"https:\/\/shuliybaler.com\/sw\/wp-json\/wp\/v2\/media?parent=462"}],"wp:term":[{"taxonomy":"post_tag","embeddable":true,"href":"https:\/\/shuliybaler.com\/sw\/wp-json\/wp\/v2\/tags?post=462"},{"taxonomy":"product-type","embeddable":true,"href":"https:\/\/shuliybaler.com\/sw\/wp-json\/wp\/v2\/product-type?post=462"}],"curies":[{"name":"wp","href":"https:\/\/api.w.org\/{rel}","templated":true}]}}