{"id":489,"date":"2019-12-10T17:43:43","date_gmt":"2019-12-10T09:43:43","guid":{"rendered":"https:\/\/shuliybaler.com\/?p=489"},"modified":"2022-12-27T10:12:54","modified_gmt":"2022-12-27T02:12:54","slug":"aluminum-can-baler","status":"publish","type":"product","link":"https:\/\/shuliybaler.com\/sw\/product\/aluminum-can-baler\/","title":{"rendered":"Mashine ya kubalisha makopo ya alumini"},"content":{"rendered":"<p class=\"translation-block\">Mashine ya kubalisha makopo ya alumini ni mashine inayofaa kwa kubalisha na kufunga <a href=\"https:\/\/en.wikipedia.org\/wiki\/Aluminum_can\" data-type=\"URL\" data-id=\"https:\/\/en.wikipedia.org\/wiki\/Aluminum_can\" target=\"_blank\" rel=\"noopener\">makopo ya alumini<\/a>. Ni kifaa bora kwa kuchakata makopo ya chuma tofauti.<\/p>    <figure class=\"wp-block-image size-full\"><img loading=\"lazy\" decoding=\"async\" width=\"720\" height=\"540\" src=\"https:\/\/shuliybaler.com\/wp-content\/uploads\/2019\/12\/metal-briquett-press-machine.jpg\" alt=\"Prensa de briquetas de metal\" class=\"wp-image-2848\" title=\"\" srcset=\"https:\/\/shuliybaler.com\/wp-content\/uploads\/2019\/12\/metal-briquett-press-machine.jpg 720w, https:\/\/shuliybaler.com\/wp-content\/uploads\/2019\/12\/metal-briquett-press-machine-360x270.jpg 360w, https:\/\/shuliybaler.com\/wp-content\/uploads\/2019\/12\/metal-briquett-press-machine-180x135.jpg 180w\" sizes=\"auto, (max-width: 720px) 100vw, 720px\" \/><figcaption class=\"wp-element-caption\">Mashine ya kubana chuma<\/figcaption><\/figure>    <h2 class=\"wp-block-heading\"><strong>Muundo wa kopo la aluminiamu <\/strong><strong>baler<\/strong> mashine<\/h2>    <p class=\"translation-block\"><a href=\"https:\/\/shuliybaler.com\/sw\/product\/scrap-metal-baler\/\" data-type=\"URL\" data-id=\"https:\/\/shuliybaler.com\/product\/scrap-metal-baler\/\">Baler ya chuma ya mwelekeo wa mbele<\/a> inaundwa hasa na mfumo wa hydraulic, mfumo wa udhibiti, na mfumo wa kuingiza. Sehemu kuu ni tanki za mafuta, mshipa wa hydraulic wa telescopic, chumba cha kuingiza, mshipa wa hydraulic wa upande, sahani ya shinikizo, paneli ya udhibiti, mfumo wa kufunga, <\/p>    <h2 class=\"wp-block-heading\">Uwezo wa matumizi wa mashine ya hydraulic ya chuma<\/h2>    <p>En los \u00faltimos dos a\u00f1os, a medida que la conciencia sobre el desarrollo sostenible ha aumentado, cada vez m\u00e1s personas han comenzado a prestar atenci\u00f3n al reciclaje de recursos. Como una de las principales m\u00e1quinas en la industria del reciclaje de metales, las m\u00e1quinas compactadoras de latas de aluminio pueden comprimir metales ligeros en bloques de alta densidad, ahorrando mucho espacio de almacenamiento y transporte.<\/p>   <div class=\"wp-block-image\"> <figure class=\"aligncenter size-large\"><img loading=\"lazy\" decoding=\"async\" width=\"720\" height=\"540\" src=\"https:\/\/shuliybaler.com\/wp-content\/uploads\/2019\/12\/the-working-process-of-the-metal-baler.jpg\" alt=\"mchakato wa kazi wa mashine ya chuma\" class=\"wp-image-498\" title=\"\" srcset=\"https:\/\/shuliybaler.com\/wp-content\/uploads\/2019\/12\/the-working-process-of-the-metal-baler.jpg 720w, https:\/\/shuliybaler.com\/wp-content\/uploads\/2019\/12\/the-working-process-of-the-metal-baler-360x270.jpg 360w, https:\/\/shuliybaler.com\/wp-content\/uploads\/2019\/12\/the-working-process-of-the-metal-baler-180x135.jpg 180w\" sizes=\"auto, (max-width: 720px) 100vw, 720px\" \/><figcaption class=\"wp-element-caption\">mchakato wa kazi wa mashine ya chuma<\/figcaption><\/figure> <\/div>   <h2 class=\"wp-block-heading\">Vigezo vya mashine ya kubalisha makopo ya alumini<\/h2>    <figure class=\"wp-block-table\"><table><tbody><tr><td>Aina<\/td><td>Y81-2000B<\/td><td>Mafanikio ya makopo ya chuma (kg\/m\u00b3)<\/td><td>\u22652000<\/td><\/tr><tr><td>Nguvu ya kusukuma ya jina (Kn)<\/td><td>2000<\/td><td>Uwezo (kg\/h)<\/td><td>3000-5000<\/td><\/tr><tr><td>Ukubwa wa chumba cha shinikizo<br>(Urefu * upana * urefu)(mm)<\/td><td>1800*1400*900<\/td><td>Muda wa mzunguko mmoja (s)<\/td><td>\u2264130<\/td><\/tr><tr><td>Ukubwa wa balesi (mm)<\/td><td>450*450<\/td><td>Nguvu ya kuendeshwa (kW)<\/td><td>30 au 37<\/td><\/tr><\/tbody><\/table><figcaption class=\"wp-element-caption\">Mashine ya kubalisha makopo ya alumini<\/figcaption><\/figure>    <h2 class=\"wp-block-heading\">Mashine ya kubalisha makopo ya alumini inafanya kazi vipi?<\/h2>    <figure class=\"wp-block-embed is-type-video is-provider-youtube wp-block-embed-youtube wp-embed-aspect-16-9 wp-has-aspect-ratio\"><div class=\"wp-block-embed__wrapper\"> <iframe loading=\"lazy\" title=\"Mashine ya kubana mabaki ya chuma na mashine ya kubana makopo ya alumini | mashine ya kubana chuma na makopo ya alumini kwa kuchakata\" width=\"500\" height=\"281\" src=\"https:\/\/www.youtube.com\/embed\/9JxkvEm4QMc?start=223&#038;feature=oembed\" frameborder=\"0\" allow=\"accelerometer; autoplay; clipboard-write; encrypted-media; gyroscope; picture-in-picture; web-share\" referrerpolicy=\"strict-origin-when-cross-origin\" allowfullscreen><\/iframe> <\/div><\/figure>    <p>Mpango wa harakati wa mashine ya briketi ya chuma ni kama ifuatavyo:<\/p>    <ol class=\"wp-block-list\"> <li>Kifuniko cha juu kinafungwa baada ya kujazwa, na kitafungwa na mfumo wa kufunga ili kuzuia kifuniko cha juu kisifunguliwe.<\/li>    <li>Kichwa cha silinda kuu kinachochea mbele na kusonga polepole baada ya kufikia urefu uliowekwa. Hadi chuma cha taka kimepakwa kwenye balesi na kinalingana na urefu wa balesi, silinda kuu inashikilia shinikizo kwa wakati huu.<\/li>    <li>Wakati silinda kuu inashikilia shinikizo, silinda ya upande inasonga kwa kasi, na inafikia nafasi fulani, inabadilishwa kuwa polepole. Wakati chuma cha taka kimepakwa kwenye nafasi ya upana wa seti, silinda ya nyuma inashikilia shinikizo.<\/li>    <li> Baada ya kufunga, mfumo wa kufunga unarudi kwenye nafasi yake ya awali, na kifuniko cha juu kinafunguliwa.  <\/li>    <li> El eje hidr\u00e1ulico de empuje empuja el fardo fuera de la sala de descarga de la m\u00e1quina.<\/li>    <li> Mlango wa mbele unafungwa, mara moja ingia kwenye mzunguko unaofuata na ulishe. <\/li> <\/ol>    <figure class=\"wp-block-gallery has-nested-images columns-3 is-cropped wp-block-gallery-2 is-layout-flex wp-block-gallery-is-layout-flex\"> <figure class=\"wp-block-image size-large\"><img loading=\"lazy\" decoding=\"async\" width=\"720\" height=\"540\" data-id=\"501\" src=\"https:\/\/shuliybaler.com\/wp-content\/uploads\/2019\/12\/our-factory-of-the-metal-briquetting-machine.jpg\" alt=\"Nuestra f\u00e1brica de m\u00e1quinas de briquetado de metal\" class=\"wp-image-501\" title=\"\" srcset=\"https:\/\/shuliybaler.com\/wp-content\/uploads\/2019\/12\/our-factory-of-the-metal-briquetting-machine.jpg 720w, https:\/\/shuliybaler.com\/wp-content\/uploads\/2019\/12\/our-factory-of-the-metal-briquetting-machine-360x270.jpg 360w, https:\/\/shuliybaler.com\/wp-content\/uploads\/2019\/12\/our-factory-of-the-metal-briquetting-machine-180x135.jpg 180w\" sizes=\"auto, (max-width: 720px) 100vw, 720px\" \/><figcaption class=\"wp-element-caption\">Kiwanda chetu cha mashine ya kubana chuma<\/figcaption><\/figure>    <figure class=\"wp-block-image size-large\"><img loading=\"lazy\" decoding=\"async\" width=\"720\" height=\"540\" data-id=\"436\" src=\"https:\/\/shuliybaler.com\/wp-content\/uploads\/2019\/12\/metal-baler-1.jpg\" alt=\"Compactadora de latas de aluminio\" class=\"wp-image-436\" title=\"\" srcset=\"https:\/\/shuliybaler.com\/wp-content\/uploads\/2019\/12\/metal-baler-1.jpg 720w, https:\/\/shuliybaler.com\/wp-content\/uploads\/2019\/12\/metal-baler-1-360x270.jpg 360w, https:\/\/shuliybaler.com\/wp-content\/uploads\/2019\/12\/metal-baler-1-180x135.jpg 180w\" sizes=\"auto, (max-width: 720px) 100vw, 720px\" \/><figcaption class=\"wp-element-caption\">Baler ya Makopo ya Alumini<\/figcaption><\/figure>    <figure class=\"wp-block-image size-large\"><img loading=\"lazy\" decoding=\"async\" width=\"720\" height=\"540\" data-id=\"670\" src=\"https:\/\/shuliybaler.com\/wp-content\/uploads\/2019\/12\/Aluminum-can.jpg\" alt=\"Aluminiumkan\" class=\"wp-image-670\" title=\"\" srcset=\"https:\/\/shuliybaler.com\/wp-content\/uploads\/2019\/12\/Aluminum-can.jpg 720w, https:\/\/shuliybaler.com\/wp-content\/uploads\/2019\/12\/Aluminum-can-360x270.jpg 360w, https:\/\/shuliybaler.com\/wp-content\/uploads\/2019\/12\/Aluminum-can-180x135.jpg 180w\" sizes=\"auto, (max-width: 720px) 100vw, 720px\" \/><figcaption class=\"wp-element-caption\">Aluminiumkan<\/figcaption><\/figure>    <figure class=\"wp-block-image size-large\"><img loading=\"lazy\" decoding=\"async\" width=\"720\" height=\"540\" data-id=\"671\" src=\"https:\/\/shuliybaler.com\/wp-content\/uploads\/2019\/12\/Packed-aluminum-cans-by-aluminum-can-baler.jpg\" alt=\"Packade aluminiumkan av aluminiumkanbalerare\" class=\"wp-image-671\" title=\"\" srcset=\"https:\/\/shuliybaler.com\/wp-content\/uploads\/2019\/12\/Packed-aluminum-cans-by-aluminum-can-baler.jpg 720w, https:\/\/shuliybaler.com\/wp-content\/uploads\/2019\/12\/Packed-aluminum-cans-by-aluminum-can-baler-360x270.jpg 360w, https:\/\/shuliybaler.com\/wp-content\/uploads\/2019\/12\/Packed-aluminum-cans-by-aluminum-can-baler-180x135.jpg 180w\" sizes=\"auto, (max-width: 720px) 100vw, 720px\" \/><figcaption class=\"wp-element-caption\">Packade Aluminiumkaner av Aluminiumkanbalare<\/figcaption><\/figure> <\/figure>","protected":false},"excerpt":{"rendered":"<p>Una m\u00e1quina compactadora de latas de aluminio es adecuada para compactar y empacar varias latas de aluminio. Es un equipo ideal para el reciclaje de diferentes latas met\u00e1licas.<\/p>","protected":false},"author":1,"featured_media":499,"parent":0,"template":"","tags":[55],"product-type":[41],"class_list":["post-489","product","type-product","status-publish","has-post-thumbnail","hentry","tag-aluminum-can-baler-machine","product-type-metal-baler-machine"],"_links":{"self":[{"href":"https:\/\/shuliybaler.com\/sw\/wp-json\/wp\/v2\/product\/489","targetHints":{"allow":["GET"]}}],"collection":[{"href":"https:\/\/shuliybaler.com\/sw\/wp-json\/wp\/v2\/product"}],"about":[{"href":"https:\/\/shuliybaler.com\/sw\/wp-json\/wp\/v2\/types\/product"}],"author":[{"embeddable":true,"href":"https:\/\/shuliybaler.com\/sw\/wp-json\/wp\/v2\/users\/1"}],"wp:featuredmedia":[{"embeddable":true,"href":"https:\/\/shuliybaler.com\/sw\/wp-json\/wp\/v2\/media\/499"}],"wp:attachment":[{"href":"https:\/\/shuliybaler.com\/sw\/wp-json\/wp\/v2\/media?parent=489"}],"wp:term":[{"taxonomy":"post_tag","embeddable":true,"href":"https:\/\/shuliybaler.com\/sw\/wp-json\/wp\/v2\/tags?post=489"},{"taxonomy":"product-type","embeddable":true,"href":"https:\/\/shuliybaler.com\/sw\/wp-json\/wp\/v2\/product-type?post=489"}],"curies":[{"name":"wp","href":"https:\/\/api.w.org\/{rel}","templated":true}]}}