{"id":523,"date":"2019-12-13T15:01:34","date_gmt":"2019-12-13T07:01:34","guid":{"rendered":"https:\/\/shuliybaler.com\/?p=523"},"modified":"2022-09-27T10:17:35","modified_gmt":"2022-09-27T02:17:35","slug":"scrap-steel-shearing-machine","status":"publish","type":"product","link":"https:\/\/shuliybaler.com\/sw\/product\/scrap-steel-shearing-machine\/","title":{"rendered":"Mashine ya kukata chuma | mashine ya kukata mwili wa gari"},"content":{"rendered":"<p class=\"translation-block\">Skrotst\u00e5lsskjutmaskin kallas ocks\u00e5 tungt gantry-skjut, <a href=\"https:\/\/shuliybaler.com\/sw\/alligator-shear\/\">hydraulisk wase st\u00e5lsk\u00e4rmaskin<\/a>, bilkroppssk\u00e4rmaskin. Den \u00e4r l\u00e4mplig f\u00f6r sk\u00e4rning av stora och l\u00e5nga metaller, f\u00f6r att underl\u00e4tta sekund\u00e4r bearbetning. Sk\u00e4rl\u00e4ngden kan justeras i remsform. Den anv\u00e4nds ofta i skrotbilavvecklingsanl\u00e4ggningar, metall\u00e5tervinningsanl\u00e4ggningar, metallsm\u00e4ltning och tillverkning av industrier samt metallhandelsindustrier. <\/p>   <div class=\"wp-block-image\"> <figure class=\"aligncenter size-full\"><img loading=\"lazy\" decoding=\"async\" width=\"720\" height=\"540\" src=\"https:\/\/shuliybaler.com\/wp-content\/uploads\/2019\/12\/0.2.jpg\" alt=\"Mashine ya Kukata Chuma cha Taka\" class=\"wp-image-2367\" title=\"\"><figcaption>Mashine ya Kukata Chuma cha Taka<\/figcaption><\/figure> <\/div>   <h2 class=\"wp-block-heading\" id=\"h-the-prospect-of-the-waste-metal-recycling-industry\">The<strong> mtazamo wa tasnia ya urejelezaji wa metali taka<\/strong><\/h2>   <div class=\"wp-block-image\"> <figure class=\"aligncenter size-full\"><img loading=\"lazy\" decoding=\"async\" width=\"720\" height=\"540\" src=\"https:\/\/shuliybaler.com\/wp-content\/uploads\/2019\/12\/u32927398893292153908fm199app68fJPEG.jpg\" alt=\"Mashine ya Kukata Chuma cha Taka\" class=\"wp-image-2368\" title=\"\"><figcaption>Skrotst\u00e5lsskjut <\/figcaption><\/figure> <\/div>   <p>P\u00e5 grund av den kontinuerliga utvinningen och anv\u00e4ndningen av mineralresurser har gruvresurser blivit allt mer knapp. D\u00e4rf\u00f6r \u00e4r \u00e5tervinning och anv\u00e4ndning av avfallsmaterial en av de fr\u00e4msta s\u00e4tten att spara mineralresurser. Det globala genomsnittet f\u00f6r \u00e5tervinning av skrotj\u00e4rn ligger p\u00e5 48%. Det finns allts\u00e5 fortfarande 52% o\u00e5tervunna resurser kvar, vilket \u00e4r ett mycket allvarligt sl\u00f6seri med resurser. Metall\u00e5tervinningsindustrin har en bred marknadspotential, inte bara kan spara resurser utan ocks\u00e5 har en stor vinst- och v\u00e4rdeutrymme. Med ekonomins utveckling har bilar, hush\u00e5llsapparater, gruvutrustning och annan utrustning i m\u00e5nga l\u00e4nder n\u00e4stan n\u00e5tt retirementperioden. Ta \u00e5tervinningen av bilar i livscykeln som exempel. 82% av materialet i en bil \u00e4r metaller, varav 90% kan \u00e5tervinnas. F\u00f6rdelarna \u00e4r betydande. Framv\u00e4xten av professionell utrustning som metallbalarare, pressmaskiner, portalramsv\u00e4ssar, krokodill\u00e4ngdsk\u00e4rare, dubbla axlar shredder och annan utrustning f\u00f6r metall\u00e5tervinning har medf\u00f6rt stor bekv\u00e4mlighet f\u00f6r metall\u00e5tervinningsindustrin.<\/p>   <div class=\"vlp-link-container vlp-layout-basic wp-block-visual-link-preview-link\"><a href=\"https:\/\/shuliybaler.com\/sw\/alligator-shear\/\" class=\"vlp-link\" title=\"Skrotmetallklippare | alligatorst\u00e5lklippmaskin\" rel=\"nofollow\" target=\"_blank\"><\/a><div class=\"vlp-layout-zone-side\"><div class=\"vlp-block-2 vlp-link-image\"><img decoding=\"async\" src=\"https:\/\/shuliybaler.com\/wp-content\/uploads\/2019\/12\/lQDPJxZbRD8EtkvNAhzNAtCwMSUSbS6LiGcClpj0uoDTAA_720_540.jpg_720x720q90g.jpg\" style=\"max-width: 150px; max-height: 150px\" alt=\"\" title=\"\"><\/div><\/div><div class=\"vlp-layout-zone-main\"><div class=\"vlp-block-0 vlp-link-title\">Skrotmetallklippare | alligatorst\u00e5lklippmaskin<\/div><div class=\"vlp-block-1 vlp-link-summary\">Skrotmetallsk\u00e4rmaskin, \u00e4ven kallad alligator-st\u00e5lssk\u00e4rare, \u00e4r mycket l\u00e4mplig f\u00f6r sk\u00e4rning av l\u00e5nga metaller. J\u00e4mf\u00f6rt med andra sk\u00e4kortillverkningar,<\/div><\/div><\/div>   <h2 class=\"wp-block-heading\" id=\"h-brief-introduction-of-scrap-steel-shearing-machine\">Kort introduktion av skrotst\u00e5lsskjutmaskin<\/h2>    <p>I processen f\u00f6r metall\u00e5tervinning och sm\u00e4ltning gynnar l\u00e4ngre metall inte satsning i ugnen f\u00f6r omsmidning, och den hydrauliska skrotremsk\u00e4raren kan snabbt sk\u00e4ra av dessa metaller. J\u00e4mf\u00f6rt med gasgjutning, l\u00e5ga det h\u00e4r metoden med kallsk\u00e4rning och kr\u00e4ver ingen ytterligare hj\u00e4lputrustning. Det \u00e4r en enkel och tidsbesparande och arbetsbesparande metod.<\/p>   <div class=\"wp-block-image\"> <figure class=\"aligncenter size-large\"><img loading=\"lazy\" decoding=\"async\" width=\"720\" height=\"540\" src=\"https:\/\/shuliybaler.com\/wp-content\/uploads\/2019\/12\/hydraulic-gantry-shear.jpg\" alt=\"Mashine ya Kukata Chuma cha Taka\" class=\"wp-image-526\" title=\"\" srcset=\"https:\/\/shuliybaler.com\/wp-content\/uploads\/2019\/12\/hydraulic-gantry-shear.jpg 720w, https:\/\/shuliybaler.com\/wp-content\/uploads\/2019\/12\/hydraulic-gantry-shear-360x270.jpg 360w, https:\/\/shuliybaler.com\/wp-content\/uploads\/2019\/12\/hydraulic-gantry-shear-180x135.jpg 180w\" sizes=\"auto, (max-width: 720px) 100vw, 720px\" \/><figcaption>hydraulisk gantry-skjut<\/figcaption><\/figure> <\/div>   <p>r\u00e5material som kan bearbetas av Skrotst\u00e5lsskjutmaskin<\/p>    <p>Metallsk\u00e4rare \u00e4r l\u00e4mplig f\u00f6r j\u00e4rnpl\u00e5tar, st\u00e5l, st\u00e5ngst\u00e5l, f\u00e4rgad st\u00e5lpl\u00e5t, aluminiumlegeringar, kopparpl\u00e5tar, aluminiumplattor och j\u00e4rnplattor. Den \u00e4r l\u00e4mplig f\u00f6r metall\u00e5tervinnings- och bearbetningsindustrier, sm\u00e4ltning och bilavmontering. Efter att ha skurats av metallsk\u00e4rare kan materialet f\u00e5 enhetlig l\u00e4ngd, vilket underl\u00e4ttar transport och sm\u00e4ltning. Och metallstorleken p\u00e5 det skurna materialet kan justeras. Sk\u00e4rkraft 100 ton till 250 ton. Huvudsakligt sk\u00e4romr\u00e5de (12~20 mm)*250 mm. Antalet sk\u00e4rningar \u00e4r 8 till 12 g\u00e5nger per minut.<\/p>   <div class=\"vlp-link-container vlp-layout-basic wp-block-visual-link-preview-link\"><a href=\"https:\/\/shuliybaler.com\/sw\/5-metal-shears-successfully-sold-to-indonesia\/\" class=\"vlp-link\" title=\"5 Waya za Chuma Zilizouzwa Mafanikio kwa Indonesia\" rel=\"nofollow\" target=\"_blank\"><\/a><div class=\"vlp-layout-zone-side\"><div class=\"vlp-block-2 vlp-link-image\"><img decoding=\"async\" src=\"https:\/\/shuliybaler.com\/wp-content\/uploads\/2020\/01\/metal-cutting-machine.jpg\" style=\"max-width: 150px; max-height: 150px\" alt=\"\" title=\"\"><\/div><\/div><div class=\"vlp-layout-zone-main\"><div class=\"vlp-block-0 vlp-link-title\">5 Waya za Chuma Zilizouzwa Mafanikio kwa Indonesia<\/div><div class=\"vlp-block-1 vlp-link-summary\">Metallsk\u00e4rare, \u00e4ven kallad alligator-sk\u00e4rare, \u00e4r en liten utrustning. Den k\u00e4nnetecknas av liten storlek, l\u00e4tt att flytta, enkel operation och s\u00e5 vidare.<\/div><\/div><\/div>   <h2 class=\"wp-block-heading\">R\u00e5varor som kan bearbetas av skrotst\u00e5lsskjutmaskin<\/h2>    <figure class=\"wp-block-gallery has-nested-images columns-2 is-cropped wp-block-gallery-2 is-layout-flex wp-block-gallery-is-layout-flex\"> <figure class=\"wp-block-image size-large\"><img loading=\"lazy\" decoding=\"async\" width=\"720\" height=\"540\" data-id=\"2369\" src=\"https:\/\/shuliybaler.com\/wp-content\/uploads\/2019\/12\/u30316147773776703245fm199app68fJPEG.jpg\" alt=\"karossk\u00e4rmaskin\" class=\"wp-image-2369\" title=\"\"><figcaption>Mashine ya Kukata Mwili wa Gari<\/figcaption><\/figure>    <figure class=\"wp-block-image size-large\"><img loading=\"lazy\" decoding=\"async\" width=\"720\" height=\"540\" data-id=\"2370\" src=\"https:\/\/shuliybaler.com\/wp-content\/uploads\/2019\/12\/u31622210103071795580fm199app68fJPEG.jpg\" alt=\"karossk\u00e4rmaskin\" class=\"wp-image-2370\" title=\"\"><figcaption>Mashine ya Kukata Mwili wa Gari<\/figcaption><\/figure>    <figure class=\"wp-block-image size-large\"><img loading=\"lazy\" decoding=\"async\" width=\"720\" height=\"540\" data-id=\"2371\" src=\"https:\/\/shuliybaler.com\/wp-content\/uploads\/2019\/12\/u32151374751516385207fm199app68fJPEG.jpg\" alt=\"karossk\u00e4rmaskin\" class=\"wp-image-2371\" title=\"\"><figcaption>Mashine ya Kukata Mwili wa Gari<\/figcaption><\/figure>    <figure class=\"wp-block-image size-large\"><img loading=\"lazy\" decoding=\"async\" width=\"720\" height=\"540\" data-id=\"2373\" src=\"https:\/\/shuliybaler.com\/wp-content\/uploads\/2019\/12\/u37799490573405378457fm199app68fJPEG.jpg\" alt=\"karossk\u00e4rmaskin\" class=\"wp-image-2373\" title=\"\"><figcaption>Mashine ya Kukata Mwili wa Gari<\/figcaption><\/figure> <\/figure>    <p>Skrotst\u00e5lsskjutmaskinen \u00e4r l\u00e4mplig f\u00f6r j\u00e4rnpl\u00e5tar, st\u00e5l, st\u00e5ngst\u00e5l, f\u00e4rgade st\u00e5lplattor, aluminiumlegeringar, kopparpl\u00e5tar, aluminiumplattor och j\u00e4rnplattor. Den \u00e4r l\u00e4mplig f\u00f6r metall\u00e5tervinnings- och bearbetningsindustrier, sm\u00e4ltning och bilavmontering. Efter att ha skurats av metallsk\u00e4rare kan materialet f\u00e5 enhetlig l\u00e4ngd, vilket underl\u00e4ttar transport och sm\u00e4ltning. Och metallstorleken p\u00e5 det skurna materialet kan justeras. Sk\u00e4rkraft 100 till 250 ton. Huvudsakligt sk\u00e4romr\u00e5de (12~20 mm)*250 mm. Antalet sk\u00e4rningar \u00e4r 8 till 12 g\u00e5nger per minut.<\/p>    <h2 class=\"wp-block-heading\" id=\"h-how-does-the-gantry-shear-work\">Hur fungerar gantry-skjutaren?<\/h2>    <figure class=\"wp-block-embed is-type-video is-provider-youtube wp-block-embed-youtube wp-embed-aspect-16-9 wp-has-aspect-ratio\"><div class=\"wp-block-embed__wrapper\"> <iframe loading=\"lazy\" title=\"Skrotst\u00e5lsskjutmaskin | pl\u00e5tsk\u00e4rmaskin | metallpl\u00e5tsk\u00e4rmaskin\" width=\"500\" height=\"281\" src=\"https:\/\/www.youtube.com\/embed\/JpCLiP-V-l0?feature=oembed\" frameborder=\"0\" allow=\"accelerometer; autoplay; clipboard-write; encrypted-media; gyroscope; picture-in-picture; web-share\" referrerpolicy=\"strict-origin-when-cross-origin\" allowfullscreen><\/iframe> <\/div><\/figure>    <p>Gantry-skjut \u00e4r huvudsakligen sammansatt av chassi, matarsystem, hydraulsystem, elektriskt kontrollsystem, etc. Sk\u00e4reffekten hos maskinen \u00e4r fr\u00e5n 50 t till 1200 t. Chassit svetsas av tjockt st\u00e5lpl\u00e5t och f\u00f6rst\u00e4rks externt, vilket t\u00e5l stark sk\u00e4rkraft. Vid arbete kommer gripdon eller annat utrustning att mata materialet i matningssystemet, och materialet kommer att r\u00f6ra sig fram\u00e5t med transportbandet. Hydrauliksystemet startar och sk\u00e4reggenen faller f\u00f6r att sk\u00e4ra av materialet. Transportbandets matningshastighet kan justeras o\u00e4ndligt. Det finns sidapresseringsenheter p\u00e5 b\u00e5da sidor av maskinen f\u00f6r att fixera materialen och p\u00e5skynda sk\u00e4ruppgiften.<\/p>    <figure class=\"wp-block-gallery has-nested-images columns-default is-cropped wp-block-gallery-3 is-layout-flex wp-block-gallery-is-layout-flex\"> <figure class=\"wp-block-image size-large\"><img loading=\"lazy\" decoding=\"async\" width=\"720\" height=\"540\" data-id=\"528\" src=\"https:\/\/shuliybaler.com\/wp-content\/uploads\/2019\/12\/heavy-duty-metal-cutting-machine.jpg\" alt=\"Mashine ya Kukata Chuma cha Taka\" class=\"wp-image-528\" title=\"\" srcset=\"https:\/\/shuliybaler.com\/wp-content\/uploads\/2019\/12\/heavy-duty-metal-cutting-machine.jpg 720w, https:\/\/shuliybaler.com\/wp-content\/uploads\/2019\/12\/heavy-duty-metal-cutting-machine-360x270.jpg 360w, https:\/\/shuliybaler.com\/wp-content\/uploads\/2019\/12\/heavy-duty-metal-cutting-machine-180x135.jpg 180w\" sizes=\"auto, (max-width: 720px) 100vw, 720px\" \/><figcaption>Tungt metallsk\u00e4rmaskin<\/figcaption><\/figure>    <figure class=\"wp-block-image size-large\"><img loading=\"lazy\" decoding=\"async\" width=\"720\" height=\"540\" data-id=\"527\" src=\"https:\/\/shuliybaler.com\/wp-content\/uploads\/2019\/12\/Guillotine-Shear-1.jpg\" alt=\"G\u00e4rlk\u00e5gsk\u00e4rmare\" class=\"wp-image-527\" title=\"\" srcset=\"https:\/\/shuliybaler.com\/wp-content\/uploads\/2019\/12\/Guillotine-Shear-1.jpg 720w, https:\/\/shuliybaler.com\/wp-content\/uploads\/2019\/12\/Guillotine-Shear-1-360x270.jpg 360w, https:\/\/shuliybaler.com\/wp-content\/uploads\/2019\/12\/Guillotine-Shear-1-180x135.jpg 180w\" sizes=\"auto, (max-width: 720px) 100vw, 720px\" \/><figcaption>G\u00e4rlk\u00e5gsk\u00e4rmare<\/figcaption><\/figure> <\/figure>    <h2 class=\"wp-block-heading\" id=\"h-features-of-the-car-body-cutting-machine\"><strong>Funktioner hos bilkroppssk\u00e4rmaskinen<\/strong><strong><\/strong><\/h2>    <p>1. Skrotst\u00e5lsskjutmaskinen anv\u00e4nder hydraultransmission, som har egenskaperna l\u00e5gt ljud, stabil drift, liten tr\u00f6ghet och stor sk\u00e4ryta, och det \u00e4r l\u00e4tt att uppn\u00e5 \u00f6verlastskydd.<\/p>    <p>2. Storlek och l\u00e4ngd p\u00e5 sk\u00e4ret block kan justeras, och justeringsmetoden \u00e4r bekv\u00e4m.<\/p>    <p>3. Den elektriska delen anv\u00e4nder ett internationellt v\u00e4lk\u00e4nt varum\u00e4rke, Schneider Electric, f\u00f6r att garantera maskinens livsl\u00e4ngd.<\/p>    <p>4. Det hydrauliska traditionella systemet har l\u00e5g maskinljudniv\u00e5 och h\u00f6g metallsk\u00e4regenskaper.<\/p>    <p>5. PLC helt automatiskt anv\u00e4ndargr\u00e4nssnitt, h\u00f6g grad av maskinautomation.<\/p>   <div class=\"wp-block-image\"> <figure class=\"aligncenter size-large\"><img loading=\"lazy\" decoding=\"async\" width=\"720\" height=\"540\" src=\"https:\/\/shuliybaler.com\/wp-content\/uploads\/2019\/12\/our-customers-metal-scrap-factory-gantry-shear.jpg\" alt=\"Mashine ya Kukata Chuma cha Taka\" class=\"wp-image-530\" title=\"\" srcset=\"https:\/\/shuliybaler.com\/wp-content\/uploads\/2019\/12\/our-customers-metal-scrap-factory-gantry-shear.jpg 720w, https:\/\/shuliybaler.com\/wp-content\/uploads\/2019\/12\/our-customers-metal-scrap-factory-gantry-shear-360x270.jpg 360w, https:\/\/shuliybaler.com\/wp-content\/uploads\/2019\/12\/our-customers-metal-scrap-factory-gantry-shear-180x135.jpg 180w\" sizes=\"auto, (max-width: 720px) 100vw, 720px\" \/><figcaption>v\u00e5rt kunders metallskrotningsfabrik - portalramssk\u00e4rare<\/figcaption><\/figure> <\/div>  <div class=\"vlp-link-container vlp-layout-basic wp-block-visual-link-preview-link\"><a href=\"https:\/\/shuliybaler.com\/sw\/maintenance-tips-of-hydraulic-alligator-shears\/\" class=\"vlp-link\" title=\"Vidokezo vya matengenezo ya shears za alligator za hydraulic\" rel=\"nofollow\" target=\"_blank\"><\/a><div class=\"vlp-layout-zone-side\"><div class=\"vlp-block-2 vlp-link-image\"><img decoding=\"async\" src=\"https:\/\/shuliybaler.com\/wp-content\/uploads\/2019\/12\/alligator-shear.jpg\" style=\"max-width: 150px; max-height: 150px\" alt=\"\" title=\"\"><\/div><\/div><div class=\"vlp-layout-zone-main\"><div class=\"vlp-block-0 vlp-link-title\">Vidokezo vya matengenezo ya shears za alligator za hydraulic<\/div><div class=\"vlp-block-1 vlp-link-summary\">Alligator-skjutaren (hydraulisk metallsk\u00e4rare) \u00e4r en mycket anv\u00e4nda st\u00e5lsk\u00e4rringsutrustning, s\u00e4rskilt inom skrotmetall\u00e5tervinningen. Till\u00e4mpningen av denna hydrauliska metallsk\u00e4rare kan effektivt f\u00f6rb\u00e4ttra \u00e5tervinningsfarten av metallskrot och skapa h\u00f6gre ekonomiska f\u00f6rdelar fo\u2026<\/div><\/div><\/div>","protected":false},"excerpt":{"rendered":"<p>Skrotst\u00e5ls sk\u00e4romat \u00e4r ocks\u00e5 k\u00e4nt som tungmaskin gaffelr\u00e4ls sk\u00e4rare, hydraulisk sk\u00e4rmaskin f\u00f6r st\u00e5lgods, karossk\u00e4rmaskin. Den passar f\u00f6r att sk\u00e4ra stora och l\u00e5nga metaller, f\u00f6r att underl\u00e4tta sekund\u00e4r bearbetning. Sk\u00e4rl\u00e4ngden kan justeras i remsor. Den anv\u00e4nds flitigt i skrotbilavvecklingsanl\u00e4ggningar, metall\u00e5tervinningsanl\u00e4ggningar, metallsm\u00e4ltverk och tillverkningsindustrier samt metallhandeln. <\/p>","protected":false},"author":1,"featured_media":2366,"parent":0,"template":"","tags":[35],"product-type":[43],"class_list":["post-523","product","type-product","status-publish","has-post-thumbnail","hentry","tag-scrap-steel-shearing-machine","product-type-metal-shear"],"_links":{"self":[{"href":"https:\/\/shuliybaler.com\/sw\/wp-json\/wp\/v2\/product\/523","targetHints":{"allow":["GET"]}}],"collection":[{"href":"https:\/\/shuliybaler.com\/sw\/wp-json\/wp\/v2\/product"}],"about":[{"href":"https:\/\/shuliybaler.com\/sw\/wp-json\/wp\/v2\/types\/product"}],"author":[{"embeddable":true,"href":"https:\/\/shuliybaler.com\/sw\/wp-json\/wp\/v2\/users\/1"}],"wp:featuredmedia":[{"embeddable":true,"href":"https:\/\/shuliybaler.com\/sw\/wp-json\/wp\/v2\/media\/2366"}],"wp:attachment":[{"href":"https:\/\/shuliybaler.com\/sw\/wp-json\/wp\/v2\/media?parent=523"}],"wp:term":[{"taxonomy":"post_tag","embeddable":true,"href":"https:\/\/shuliybaler.com\/sw\/wp-json\/wp\/v2\/tags?post=523"},{"taxonomy":"product-type","embeddable":true,"href":"https:\/\/shuliybaler.com\/sw\/wp-json\/wp\/v2\/product-type?post=523"}],"curies":[{"name":"wp","href":"https:\/\/api.w.org\/{rel}","templated":true}]}}