{"id":540,"date":"2019-12-14T09:21:04","date_gmt":"2019-12-14T01:21:04","guid":{"rendered":"https:\/\/shuliybaler.com\/?p=540"},"modified":"2022-09-27T10:15:58","modified_gmt":"2022-09-27T02:15:58","slug":"horizontal-metal-briquetting-machine","status":"publish","type":"product","link":"https:\/\/shuliybaler.com\/sw\/product\/horizontal-metal-briquetting-machine\/","title":{"rendered":"Mashine ya Kubana Shaving za Chuma | Mashine ya Kubana Chips za Alumini"},"content":{"rendered":"<p class=\"translation-block\">Mashine ya kuchomeka vumbi vya chuma<strong> <\/strong>(Mashine ya kusongesha chipu za chuma, <a href=\"https:\/\/shuliybaler.com\/sw\/metal-briquetting-machine\/\">Mashine ya kuchomeka chipu za chuma \/ taka za chuma <\/a>) ni vifaa bora kwa usindikaji wa chips za shaba, chips za chuma, na chips za alumini. Ikilinganishwa na mashine ya briquette ya wima, ingawa mashine hii ina nafasi kubwa, ina shinikizo kubwa, ambayo inaweza kushinikiza chips za chuma kuwa blocki yenye unene wa juu chini ya piga hydraulic. Ni mashine muhimu kwa tasnia ya usindikaji wa chuma.<\/p>    <figure class=\"wp-block-image size-full is-resized\"><img loading=\"lazy\" decoding=\"async\" src=\"https:\/\/shuliybaler.com\/wp-content\/uploads\/2019\/12\/0.256.png\" alt=\"Kuchomeka kwa Chuma\u00a0\" class=\"wp-image-2275\" width=\"1150\" height=\"305\" title=\"\"><figcaption>Mashine ya Briquette ya Nywele za Chuma\u00a0<\/figcaption><\/figure>    <h2 class=\"wp-block-heading\" id=\"h-brief-introduction-of-metal-shaving-briquetting-machine\">Utangulizi mfupi wa mashine ya briquette ya nywele za chuma <\/h2>    <figure class=\"wp-block-image size-full\"><img loading=\"lazy\" decoding=\"async\" width=\"720\" height=\"540\" src=\"https:\/\/shuliybaler.com\/wp-content\/uploads\/2019\/12\/xintu-.jpg\" alt=\"Mashine ya Kubana Chips za Chuma\" class=\"wp-image-2276\" title=\"\"><figcaption>Mashine ya Briquette ya Nywele za Chuma\u00a0<\/figcaption><\/figure>    <p>Mashine ya kuchomeka chuma ya taka ni nzuri kwa kusukuma chuma kisicho na feri, kama vile vumbi vya chuma vya stainless steel, shaba, chuma, alloy, zinki, bronzi, na titani, magnesiamu, n.k. Mashine ya kuchomeka chips za chuma ni vifaa maalum vya ujenzi kwa tasnia ya urejelezaji wa chuma. Inaweza kusukuma chips za chuma kuwa briquettes zenye unene wa juu kwa muda mfupi na kuzipeleka kwenye tanuru ili kuboresha matumizi ya tanuru. Pia ni rahisi kwa kuhifadhi na kusafirisha taka za chuma.<\/p>   <div class=\"vlp-link-container vlp-layout-basic wp-block-visual-link-preview-link\"><a href=\"https:\/\/shuliybaler.com\/sw\/metal-briquetting-machine\/\" class=\"vlp-link\" title=\"Mashine ya kuchomeka chips za chuma | mashine ya kuchomeka vumbi vya chuma\" rel=\"nofollow\" target=\"_blank\"><\/a><div class=\"vlp-layout-zone-side\"><div class=\"vlp-block-2 vlp-link-image\"><img decoding=\"async\" src=\"https:\/\/shuliybaler.com\/wp-content\/uploads\/2019\/12\/1698-3.jpg\" style=\"max-width: 150px; max-height: 150px\" alt=\"\" title=\"\"><\/div><\/div><div class=\"vlp-layout-zone-main\"><div class=\"vlp-block-0 vlp-link-title\">Mashine ya kuchomeka chips za chuma | mashine ya kuchomeka vumbi vya chuma<\/div><div class=\"vlp-block-1 vlp-link-summary\">Mashine ya kuchomeka chips za chuma pia inaitwa mashine ya kusanyia taka za chuma ya wima, mashine ya kuunganisha chipu za chuma, mashine ya kusukuma chuma, au mashine ya unene wa juu.<\/div><\/div><\/div>   <h2 class=\"wp-block-heading\" id=\"h-working-principle-of-aluminum-chips-briquetting-machine\">Kanuni ya kazi ya mashine ya briquette ya mabaki ya alumini<\/h2>    <figure class=\"wp-block-image size-full\"><img loading=\"lazy\" decoding=\"async\" width=\"720\" height=\"540\" src=\"https:\/\/shuliybaler.com\/wp-content\/uploads\/2019\/12\/\u672a\u547d\u540d\u56fe\u7247-7.jpg\" alt=\"aluminum chips\u00a0briquetting machine\" class=\"wp-image-2280\" title=\"\"><figcaption>Mashine ya Briquette ya Alumini\u00a0<\/figcaption><\/figure>    <p>Weka vumbi, vumbi vya usindikaji wa lathe, vumbi, vumbi vya chuma, vumbi vya shaba, chips za alumini, na vifaa vingine vya chuma kwenye hopper ya kuingiza ya mashine. Vifaa vya raw vinapita kwenye mold ya mashine kupitia hopper na vinashinikizwa na piga hydraulic kuunda blocki imara za chuma. Kisha, inasukumwa nje na pushrod na kuingia kwenye mkanda wa conveyor wa kutoa. Mashine hii inaweza kutumika na eleveta ya ndoo, mashine za kukata chuma, n.k.<\/p>   <div class=\"vlp-link-container vlp-layout-basic wp-block-visual-link-preview-link\"><a href=\"https:\/\/shuliybaler.com\/sw\/improve-the-briquetting-strength\/\" class=\"vlp-link\" title=\"Hur man f\u00f6rb\u00e4ttrar briquetteringstyrkan hos skrotj\u00e4rnchipsbriquetteringsmaskiner?\" rel=\"nofollow\" target=\"_blank\"><\/a><div class=\"vlp-layout-zone-side\"><div class=\"vlp-block-2 vlp-link-image\"><img decoding=\"async\" src=\"https:\/\/shuliybaler.com\/wp-content\/uploads\/2022\/06\/metal-briquetting-machine.jpg\" style=\"max-width: 150px; max-height: 150px\" alt=\"\" title=\"\"><\/div><\/div><div class=\"vlp-layout-zone-main\"><div class=\"vlp-block-0 vlp-link-title\">Hur man f\u00f6rb\u00e4ttrar briquetteringstyrkan hos skrotj\u00e4rnchipsbriquetteringsmaskiner?<\/div><div class=\"vlp-block-1 vlp-link-summary\">Wakati wa uzalishaji wa mashine za kuchomeka chuma, wateja wengi wanaripoti kuwa nguvu ya keki iliyoundwa si kubwa na inavunjika wakati wa kuweka au mchakato wa sintering. Baada ya kutatua matatizo ya mashine, tunapendekeza njia kadhaa za kuboresha nguvu ya briquettes za vumbi vya chuma, w\u2026<\/div><\/div><\/div>   <h2 class=\"wp-block-heading\" id=\"h-what-are-the-dangers-of-recycling-metal-scrap-directly\">Ni hatari gani za kuchakata taka za chuma moja kwa moja?<\/h2>    <figure class=\"wp-block-image size-full\"><img loading=\"lazy\" decoding=\"async\" width=\"720\" height=\"540\" src=\"https:\/\/shuliybaler.com\/wp-content\/uploads\/2019\/12\/0.1.jpg\" alt=\"\" class=\"wp-image-2278\" title=\"\"><figcaption>Mashine ya Briquette ya Alumini\u00a0<\/figcaption><\/figure>    <ol class=\"wp-block-list\"><li>Vumbi vya chuma ni vidogo kwa ujazo na vina uzito mkubwa. Kuweka moja kwa moja kwenye tanuru kwa kuyeyusha kutazuia njia ya kupaa ya hewa ya tanuru na moja kwa moja kuathiri ufanisi wa kuyeyuka.<\/li><li>Wakati hewa ya tanuru ni kubwa, vumbi vya chuma vitapulizwa mbali, na kusababisha kiwango cha kutoa kuwa chini.<\/li><li>Vumbi vya chuma vinaweza kuambatana kwa urahisi na ukuta wa tanuru bila matibabu ya briquette, na kufanya ukuta wa tanuru kuwa mnene zaidi na kuleta uharibifu zaidi kwa tanuru.<\/li><li>Chuma cha taka, silicon, manganese, na vifaa vingine si rahisi kuhifadhi. Mawasiliano yao na maji na hewa kutasababisha uharibifu wa oksidi. Hata hivyo, kiwango cha kuyeyuka kwa oksidi ya chuma ni juu kuliko cha chuma, kinachosababisha muda mrefu wa kuyeyuka na kuongezeka kwa gharama za moto<\/li><li>Chips za chuma ni rahisi kufunikwa na slag, na kusababisha matumizi duni ya malighafi.<\/li><\/ol>   <div class=\"vlp-link-container vlp-layout-basic wp-block-visual-link-preview-link\"><a href=\"https:\/\/shuliybaler.com\/sw\/how-to-maintain-the-bearings-of-a-metal-briquette-machine\/\" class=\"vlp-link\" title=\"Jinsi ya kutunza kuzaa za mashine ya kubana chuma\" rel=\"nofollow\" target=\"_blank\"><\/a><div class=\"vlp-layout-zone-side\"><div class=\"vlp-block-2 vlp-link-image\"><img decoding=\"async\" src=\"https:\/\/shuliybaler.com\/wp-content\/uploads\/2020\/01\/scrap-metal-chips-briquetting-machine.jpg\" style=\"max-width: 150px; max-height: 150px\" alt=\"\" title=\"\"><\/div><\/div><div class=\"vlp-layout-zone-main\"><div class=\"vlp-block-0 vlp-link-title\">Jinsi ya kutunza kuzaa za mashine ya kubana chuma<\/div><div class=\"vlp-block-1 vlp-link-summary\">Mashine ya kuchomeka chips za chuma inafaa zaidi kwa kusukuma chips za chuma ndogo ndogo kuwa blocki za chuma zenye unene wa juu. Kwa mfano, chuma.<\/div><\/div><\/div>   <h2 class=\"wp-block-heading\" id=\"h-aluminum-chips-briquetting-machine-structure\">Muundo wa mashine ya briquette ya mabaki ya alumini<\/h2>    <figure class=\"wp-block-image size-full\"><img loading=\"lazy\" decoding=\"async\" width=\"720\" height=\"540\" src=\"https:\/\/shuliybaler.com\/wp-content\/uploads\/2019\/12\/58.jpg\" alt=\"Muundo wa mashine ya kuchomeka chuma\" class=\"wp-image-2277\" title=\"\"><figcaption>Muundo wa Mashine ya Briquette ya Nywele za Chuma<\/figcaption><\/figure>    <p>Gharama ya mashine mara nyingi huendana moja kwa moja na ubora wake. Mashine hii inaundwa hasa na msingi wa chuma, silinda ya hydraulic, silinda ya kusukuma, fremu ya mold na mold, kichwa cha shinikizo, injini, tanki la mafuta ya hydraulic, kifaa cha kulinda dhidi ya shinikizo kupita kiasi na mkondo wa umeme, kifaa cha kuzuia kusimama ghafla, paneli ya kudhibiti, n.k. Sehemu ya umeme inachaguliwa kutoka kwa chapa maarufu duniani kuhakikisha mashine inaweza kufanya kazi kwa muda mrefu bila kuvunjika. Mfumo wa hydraulic unatumia teknolojia ya kisasa kuhakikisha muunganisho mkali na bila kuvuja mafuta.<\/p>    <h2 class=\"wp-block-heading\">Ni bei gani ya mashine ya briquette ya nywele za chuma?<\/h2>    <figure class=\"wp-block-gallery has-nested-images columns-2 is-cropped wp-block-gallery-2 is-layout-flex wp-block-gallery-is-layout-flex\"> <figure class=\"wp-block-image size-large\"><img loading=\"lazy\" decoding=\"async\" width=\"720\" height=\"540\" data-id=\"2281\" src=\"https:\/\/shuliybaler.com\/wp-content\/uploads\/2019\/12\/u2868808451582290434fm199app68fJPEG.jpg\" alt=\"Mashine ya Kubana Chips za Chuma \" class=\"wp-image-2281\" title=\"\"><figcaption>Mashine ya Briquette ya Alumini\u00a0<\/figcaption><\/figure>    <figure class=\"wp-block-image size-large\"><img loading=\"lazy\" decoding=\"async\" width=\"720\" height=\"540\" data-id=\"2282\" src=\"https:\/\/shuliybaler.com\/wp-content\/uploads\/2019\/12\/1641298199.jpg\" alt=\"Mashine ya Kubana Chips za Chuma \" class=\"wp-image-2282\" title=\"\"><figcaption>Mashine ya Briquette ya Nywele za Chuma\u00a0 <\/figcaption><\/figure>    <figure class=\"wp-block-image size-large\"><img loading=\"lazy\" decoding=\"async\" width=\"720\" height=\"540\" data-id=\"2283\" src=\"https:\/\/shuliybaler.com\/wp-content\/uploads\/2019\/12\/new-designed-metal-scraps-press-machine.png.webp.jpg\" alt=\"Mashine ya Kubana Chips za Chuma \" class=\"wp-image-2283\" title=\"\"><figcaption>Mashine ya Briquette ya Nywele za Chuma\u00a0 <\/figcaption><\/figure>    <figure class=\"wp-block-image size-large\"><img loading=\"lazy\" decoding=\"async\" width=\"720\" height=\"540\" data-id=\"2284\" src=\"https:\/\/shuliybaler.com\/wp-content\/uploads\/2019\/12\/u25173659733467872037fm199app68fJPEG.jpg\" alt=\"Mashine ya Kubana Chips za Chuma \" class=\"wp-image-2284\" title=\"\"><figcaption>Mashine ya Briquette ya Nywele za Chuma\u00a0 <\/figcaption><\/figure> <\/figure>    <p>&nbsp;Mashine nyingi hazionekani tofauti sana kwa muonekano. Hata hivyo, baada ya kulinganisha, inaweza kuhitimishwa kuwa bei inahusiana na ubora, na bei itatofautiana kwa modeli tofauti. Vifaa vinavyotumika, unene wa vifaa vya mashine, ubora wa injini, na mchakato wa utengenezaji ni mambo yote yanayosababisha bei tofauti za mashine. Shuliy itabuni mpango wa uzalishaji unaofaa zaidi kwa wateja na kupendekeza mashine zinazofaa.<\/p>    <p>Maonyesho ya athari ya mashine ya kuchomeka chuma<\/p>    <figure class=\"wp-block-gallery has-nested-images columns-2 is-cropped wp-block-gallery-3 is-layout-flex wp-block-gallery-is-layout-flex\"> <figure class=\"wp-block-image size-large\"><img loading=\"lazy\" decoding=\"async\" width=\"720\" height=\"540\" data-id=\"2285\" src=\"https:\/\/shuliybaler.com\/wp-content\/uploads\/2019\/12\/u27771247752629997818fm199app68fJPEG.jpg\" alt=\"aluminiumchips briquettering maskin effektvisning\" class=\"wp-image-2285\" title=\"\"><figcaption>Maonyesho ya Athari ya Mashine ya Briquette ya Alumini<\/figcaption><\/figure>    <figure class=\"wp-block-image size-large\"><img loading=\"lazy\" decoding=\"async\" width=\"720\" height=\"540\" data-id=\"2286\" src=\"https:\/\/shuliybaler.com\/wp-content\/uploads\/2019\/12\/1728148099784019586.jpg\" alt=\"aluminiumchips briquettering maskin effektvisning\" class=\"wp-image-2286\" title=\"\"><figcaption>Maonyesho ya Athari ya Mashine ya Briquette ya Alumini<\/figcaption><\/figure>    <figure class=\"wp-block-image size-large\"><img loading=\"lazy\" decoding=\"async\" width=\"720\" height=\"540\" data-id=\"2287\" src=\"https:\/\/shuliybaler.com\/wp-content\/uploads\/2019\/12\/csm_RUF-Briketts-aus-verschiedenen-Metallen_56f3292710.jpg\" alt=\"aluminiumchips briquettering maskin effektvisning\" class=\"wp-image-2287\" title=\"\"><figcaption>Maonyesho ya Athari ya Mashine ya Briquette ya Alumini<\/figcaption><\/figure>    <figure class=\"wp-block-image size-large\"><img loading=\"lazy\" decoding=\"async\" width=\"720\" height=\"540\" data-id=\"2288\" src=\"https:\/\/shuliybaler.com\/wp-content\/uploads\/2019\/12\/12.jpg\" alt=\"aluminiumchips briquettering maskin effektvisning\" class=\"wp-image-2288\" title=\"\"><figcaption>Maonyesho ya Athari ya Mashine ya Briquette ya Alumini<\/figcaption><\/figure> <figcaption class=\"blocks-gallery-caption\">Maonyesho ya athari ya mashine ya kuchomeka chips za alumini<\/figcaption><\/figure>    <h2 class=\"wp-block-heading\">Video ya mashine ya briquette ya nywele za chuma<\/h2>    <figure class=\"wp-block-embed is-type-video is-provider-youtube wp-block-embed-youtube wp-embed-aspect-16-9 wp-has-aspect-ratio\"><div class=\"wp-block-embed__wrapper\"> <iframe loading=\"lazy\" title=\"Chips za alumini kutoka kiwandani hutumika kwa nini? | Je, vumbi vya chuma vinaweza kuibuliwa tena kuwa blocki?\" width=\"500\" height=\"281\" src=\"https:\/\/www.youtube.com\/embed\/I3TqlAc0_4w?start=13&#038;feature=oembed\" frameborder=\"0\" allow=\"accelerometer; autoplay; clipboard-write; encrypted-media; gyroscope; picture-in-picture; web-share\" referrerpolicy=\"strict-origin-when-cross-origin\" allowfullscreen><\/iframe> <\/div><figcaption>Mashine ya kuchomeka chips za alumini<\/figcaption><\/figure>","protected":false},"excerpt":{"rendered":"<p>Mashine ya briquette ya nywele za chuma ( mashine ya kusukuma chuma ya mwelekeo, mashine ya kusukuma mabaki ya chuma\/ chuma cha taka) ni vifaa bora vya kusindika nywele za shaba, nywele za chuma, na nywele za alumini. Ikilinganishwa na mashine ya briquette ya wima, ingawa mashine hii ina nafasi kubwa, ina shinikizo kubwa, ambayo inaweza kusukuma nywele za chuma kuwa block yenye msongamano wa juu chini ya shinikizo la majimaji. Mashine muhimu kwa tasnia ya usindikaji chuma.<\/p>","protected":false},"author":1,"featured_media":2311,"parent":0,"template":"","tags":[],"product-type":[42],"class_list":["post-540","product","type-product","status-publish","has-post-thumbnail","hentry","product-type-metal-briquetting-machine"],"_links":{"self":[{"href":"https:\/\/shuliybaler.com\/sw\/wp-json\/wp\/v2\/product\/540","targetHints":{"allow":["GET"]}}],"collection":[{"href":"https:\/\/shuliybaler.com\/sw\/wp-json\/wp\/v2\/product"}],"about":[{"href":"https:\/\/shuliybaler.com\/sw\/wp-json\/wp\/v2\/types\/product"}],"author":[{"embeddable":true,"href":"https:\/\/shuliybaler.com\/sw\/wp-json\/wp\/v2\/users\/1"}],"wp:featuredmedia":[{"embeddable":true,"href":"https:\/\/shuliybaler.com\/sw\/wp-json\/wp\/v2\/media\/2311"}],"wp:attachment":[{"href":"https:\/\/shuliybaler.com\/sw\/wp-json\/wp\/v2\/media?parent=540"}],"wp:term":[{"taxonomy":"post_tag","embeddable":true,"href":"https:\/\/shuliybaler.com\/sw\/wp-json\/wp\/v2\/tags?post=540"},{"taxonomy":"product-type","embeddable":true,"href":"https:\/\/shuliybaler.com\/sw\/wp-json\/wp\/v2\/product-type?post=540"}],"curies":[{"name":"wp","href":"https:\/\/api.w.org\/{rel}","templated":true}]}}